{"id":172213,"date":"2025-02-18T19:10:45","date_gmt":"2025-02-18T18:10:45","guid":{"rendered":"https:\/\/revolutionpadelstore.com\/bullpadel-xplo-vibram-25v-lima\/"},"modified":"2026-04-08T07:24:22","modified_gmt":"2026-04-08T05:24:22","slug":"bullpadel-xplo-vibram-25v-lima","status":"publish","type":"product","link":"https:\/\/revolutionpadelstore.com\/en\/bullpadel-xplo-vibram-25v-lima\/","title":{"rendered":"BULLPADEL XPLO VIBRAM 25V LIMA"},"content":{"rendered":"<h2> Bullpadel Xplo Vibram 25V Lima &#8211; Maximum speed and grip on the track<br \/>\n<strong> dominates each point with the Bullpadel Xplo Vibram 25V Lima Shoes <\/strong>, the model chosen by <strong> Mart\u00edn Di Nenno <\/strong>. Designed for fast and dynamic players, its advanced technology allows you to move agility without losing stability.<br \/>\n<H2> <strong> Vibram technology for a top grip <\/strong> <\/ h2><br \/>\nThanks to their <strong> vibram hybrid sole <\/strong>, these shoes offer the perfect balance between <strong> traction and sliding <\/strong>, allowing instant reactions on the track. In addition, the double spike height guarantees a <strong> safe and stable movement <\/strong> in each displacement.<br \/>\n<H2> <strong> maximum comfort and breathability <\/strong> <\/ h2><br \/>\nThe <strong> upper with Breathmesh <\/strong> technology favors air circulation, maintaining your fresh and comfortable feet during the most demanding matches. In addition, its ergonomic and <strong> high performance damping <\/strong> offer a safe setting for long game sessions.<br \/>\n<H2> <strong> prominent characteristics <\/strong> <\/ h2><br \/>\n-Mid Stab: TPU stabilizer that improves the balance in each step.<br \/>\n-TookToe: Reinforcement in the front zone for greater wear resistance.<br \/>\n-The Movement: channel in the sole that enhances the damping.<br \/>\n-Thermo Seaed: Light and elastic material for greater comfort.<br \/>\n-Hybrid 360\u00ba: Hybrid sole design for an unbeatable grip on any surface.<br \/>\n<H2> <strong> play as a professional <\/strong> <\/ h2><br \/>\nIf you are looking for <strong> Paddle Sneakers for Men <\/strong> with the best technology, the <strong> bullpadel xplo vibram 25v Lima <\/strong> are the perfect choice. Use them to enhance your speed and control on the track, as does Mart\u00edn Di Nenno.<\/p>\n<p><strong> now buy them in our online store <a href=\"https:\/\/www.revolutionpadelstore.com\/\"> www.revolutionpadelstore.com <\/a>, probably at the best market price.<\/p>\n<h2>Bullpadel XPLO Vibram 25V Lima \u2013 M\u00e1xima velocidad y agarre en la pista<\/h2>\n","protected":false},"excerpt":{"rendered":"<p>The <strong> bullpadel Xplo Vibram 25V Lima <\/strong>, the official <strong> Mart\u00edn Di Nenno <\/strong>, is designed to offer a perfect combination of <strong> speed, traction and stability <\/strong>. Designed for dynamic players, it incorporates a <strong> hybrid vibram sole <\/strong> and avant -garde technology that ensure <strong> fast and safe movements <\/strong> on the track.<strong>Bullpadel XPLO Vibram 25V Lima<\/strong><\/p>\n","protected":false},"featured_media":172180,"comment_status":"open","ping_status":"closed","template":"","meta":{"_acf_changed":false,"_joinchat":[]},"acabado":[],"balance":[],"dureza":[],"forma":[],"jugador":[1193],"marca":[1258],"nivel-de-juego":[],"superficie":[],"tipo-de-juego":[],"product_brand":[],"product_cat":[829],"product_tag":[],"class_list":{"0":"post-172213","1":"product","2":"type-product","3":"status-publish","4":"has-post-thumbnail","6":"jugador-hombre-en","7":"marca-bullpadel-en","8":"product_cat-sneakers","10":"first","11":"outofstock","12":"sale","13":"taxable","14":"shipping-taxable","15":"purchasable","16":"product-type-variable"},"acf":[],"yoast_head":"<!-- This site is optimized with the Yoast SEO plugin v27.4 - https:\/\/yoast.com\/product\/yoast-seo-wordpress\/ -->\n<title>BULLPADEL XPLO VIBRAM 25V LIMA - Revolution Padel Store<\/title>\n<meta name=\"description\" content=\"Si buscas\u00a0zapatillas de p\u00e1del para hombre\u00a0con la mejor tecnolog\u00eda, las\u00a0Bullpadel XPLO Vibram 25V Lima\u00a0son la elecci\u00f3n perfecta. \u00dasalas para potenciar tu velocidad y control en la pista, al igual que lo hace Mart\u00edn Di Nenno.\" \/>\n<meta name=\"robots\" content=\"index, follow, max-snippet:-1, max-image-preview:large, max-video-preview:-1\" \/>\n<link rel=\"canonical\" href=\"https:\/\/revolutionpadelstore.com\/en\/bullpadel-xplo-vibram-25v-lima\/\" \/>\n<meta property=\"og:locale\" content=\"en_US\" \/>\n<meta property=\"og:type\" content=\"article\" \/>\n<meta property=\"og:title\" content=\"BULLPADEL XPLO VIBRAM 25V LIMA - Revolution Padel Store\" \/>\n<meta property=\"og:description\" content=\"Si buscas\u00a0zapatillas de p\u00e1del para hombre\u00a0con la mejor tecnolog\u00eda, las\u00a0Bullpadel XPLO Vibram 25V Lima\u00a0son la elecci\u00f3n perfecta. \u00dasalas para potenciar tu velocidad y control en la pista, al igual que lo hace Mart\u00edn Di Nenno.\" \/>\n<meta property=\"og:url\" content=\"https:\/\/revolutionpadelstore.com\/en\/bullpadel-xplo-vibram-25v-lima\/\" \/>\n<meta property=\"og:site_name\" content=\"Revolution Padel Store\" \/>\n<meta property=\"article:modified_time\" content=\"2026-04-08T05:24:22+00:00\" \/>\n<meta property=\"og:image\" content=\"https:\/\/revolutionpadelstore.com\/wp-content\/uploads\/2025\/02\/114355-zapatillas-bullpadel-xplo-vibram-25v-cm53420000-lima-1200x1200-1.webp\" \/>\n\t<meta property=\"og:image:width\" content=\"1200\" \/>\n\t<meta property=\"og:image:height\" content=\"1200\" \/>\n\t<meta property=\"og:image:type\" content=\"image\/webp\" \/>\n<meta name=\"twitter:card\" content=\"summary_large_image\" \/>\n<meta name=\"twitter:label1\" content=\"Est. reading time\" \/>\n\t<meta name=\"twitter:data1\" content=\"2 minutes\" \/>\n<script type=\"application\/ld+json\" class=\"yoast-schema-graph\">{\"@context\":\"https:\\\/\\\/schema.org\",\"@graph\":[{\"@type\":\"WebPage\",\"@id\":\"https:\\\/\\\/revolutionpadelstore.com\\\/en\\\/bullpadel-xplo-vibram-25v-lima\\\/\",\"url\":\"https:\\\/\\\/revolutionpadelstore.com\\\/en\\\/bullpadel-xplo-vibram-25v-lima\\\/\",\"name\":\"BULLPADEL XPLO VIBRAM 25V LIMA - Revolution Padel Store\",\"isPartOf\":{\"@id\":\"https:\\\/\\\/revolutionpadelstore.com\\\/en\\\/#website\"},\"primaryImageOfPage\":{\"@id\":\"https:\\\/\\\/revolutionpadelstore.com\\\/en\\\/bullpadel-xplo-vibram-25v-lima\\\/#primaryimage\"},\"image\":{\"@id\":\"https:\\\/\\\/revolutionpadelstore.com\\\/en\\\/bullpadel-xplo-vibram-25v-lima\\\/#primaryimage\"},\"thumbnailUrl\":\"https:\\\/\\\/revolutionpadelstore.com\\\/wp-content\\\/uploads\\\/2025\\\/02\\\/114355-zapatillas-bullpadel-xplo-vibram-25v-cm53420000-lima-1200x1200-1.webp\",\"datePublished\":\"2025-02-18T18:10:45+00:00\",\"dateModified\":\"2026-04-08T05:24:22+00:00\",\"description\":\"Si buscas\u00a0zapatillas de p\u00e1del para hombre\u00a0con la mejor tecnolog\u00eda, las\u00a0Bullpadel XPLO Vibram 25V Lima\u00a0son la elecci\u00f3n perfecta. \u00dasalas para potenciar tu velocidad y control en la pista, al igual que lo hace Mart\u00edn Di Nenno.\",\"breadcrumb\":{\"@id\":\"https:\\\/\\\/revolutionpadelstore.com\\\/en\\\/bullpadel-xplo-vibram-25v-lima\\\/#breadcrumb\"},\"inLanguage\":\"en-US\",\"potentialAction\":[{\"@type\":\"ReadAction\",\"target\":[\"https:\\\/\\\/revolutionpadelstore.com\\\/en\\\/bullpadel-xplo-vibram-25v-lima\\\/\"]}]},{\"@type\":\"ImageObject\",\"inLanguage\":\"en-US\",\"@id\":\"https:\\\/\\\/revolutionpadelstore.com\\\/en\\\/bullpadel-xplo-vibram-25v-lima\\\/#primaryimage\",\"url\":\"https:\\\/\\\/revolutionpadelstore.com\\\/wp-content\\\/uploads\\\/2025\\\/02\\\/114355-zapatillas-bullpadel-xplo-vibram-25v-cm53420000-lima-1200x1200-1.webp\",\"contentUrl\":\"https:\\\/\\\/revolutionpadelstore.com\\\/wp-content\\\/uploads\\\/2025\\\/02\\\/114355-zapatillas-bullpadel-xplo-vibram-25v-cm53420000-lima-1200x1200-1.webp\",\"width\":1200,\"height\":1200},{\"@type\":\"BreadcrumbList\",\"@id\":\"https:\\\/\\\/revolutionpadelstore.com\\\/en\\\/bullpadel-xplo-vibram-25v-lima\\\/#breadcrumb\",\"itemListElement\":[{\"@type\":\"ListItem\",\"position\":1,\"name\":\"Portada\",\"item\":\"https:\\\/\\\/revolutionpadelstore.com\\\/en\\\/\"},{\"@type\":\"ListItem\",\"position\":2,\"name\":\"Shop\",\"item\":\"https:\\\/\\\/revolutionpadelstore.com\\\/en\\\/shop\\\/\"},{\"@type\":\"ListItem\",\"position\":3,\"name\":\"BULLPADEL XPLO VIBRAM 25V LIMA\"}]},{\"@type\":\"WebSite\",\"@id\":\"https:\\\/\\\/revolutionpadelstore.com\\\/en\\\/#website\",\"url\":\"https:\\\/\\\/revolutionpadelstore.com\\\/en\\\/\",\"name\":\"Revolution Padel Store\",\"description\":\"\",\"publisher\":{\"@id\":\"https:\\\/\\\/revolutionpadelstore.com\\\/en\\\/#organization\"},\"potentialAction\":[{\"@type\":\"SearchAction\",\"target\":{\"@type\":\"EntryPoint\",\"urlTemplate\":\"https:\\\/\\\/revolutionpadelstore.com\\\/en\\\/?s={search_term_string}\"},\"query-input\":{\"@type\":\"PropertyValueSpecification\",\"valueRequired\":true,\"valueName\":\"search_term_string\"}}],\"inLanguage\":\"en-US\"},{\"@type\":\"Organization\",\"@id\":\"https:\\\/\\\/revolutionpadelstore.com\\\/en\\\/#organization\",\"name\":\"Revolution Padel Store\",\"url\":\"https:\\\/\\\/revolutionpadelstore.com\\\/en\\\/\",\"logo\":{\"@type\":\"ImageObject\",\"inLanguage\":\"en-US\",\"@id\":\"https:\\\/\\\/revolutionpadelstore.com\\\/en\\\/#\\\/schema\\\/logo\\\/image\\\/\",\"url\":\"https:\\\/\\\/revolutionpadelstore.com\\\/wp-content\\\/uploads\\\/2026\\\/02\\\/revolution-padel-store.jpg\",\"contentUrl\":\"https:\\\/\\\/revolutionpadelstore.com\\\/wp-content\\\/uploads\\\/2026\\\/02\\\/revolution-padel-store.jpg\",\"width\":2000,\"height\":2000,\"caption\":\"Revolution Padel Store\"},\"image\":{\"@id\":\"https:\\\/\\\/revolutionpadelstore.com\\\/en\\\/#\\\/schema\\\/logo\\\/image\\\/\"},\"sameAs\":[\"https:\\\/\\\/www.instagram.com\\\/revolutionpadelstore\\\/\"]}]}<\/script>\n<!-- \/ Yoast SEO plugin. -->","yoast_head_json":{"title":"BULLPADEL XPLO VIBRAM 25V LIMA - Revolution Padel Store","description":"Si buscas\u00a0zapatillas de p\u00e1del para hombre\u00a0con la mejor tecnolog\u00eda, las\u00a0Bullpadel XPLO Vibram 25V Lima\u00a0son la elecci\u00f3n perfecta. \u00dasalas para potenciar tu velocidad y control en la pista, al igual que lo hace Mart\u00edn Di Nenno.","robots":{"index":"index","follow":"follow","max-snippet":"max-snippet:-1","max-image-preview":"max-image-preview:large","max-video-preview":"max-video-preview:-1"},"canonical":"https:\/\/revolutionpadelstore.com\/en\/bullpadel-xplo-vibram-25v-lima\/","og_locale":"en_US","og_type":"article","og_title":"BULLPADEL XPLO VIBRAM 25V LIMA - Revolution Padel Store","og_description":"Si buscas\u00a0zapatillas de p\u00e1del para hombre\u00a0con la mejor tecnolog\u00eda, las\u00a0Bullpadel XPLO Vibram 25V Lima\u00a0son la elecci\u00f3n perfecta. \u00dasalas para potenciar tu velocidad y control en la pista, al igual que lo hace Mart\u00edn Di Nenno.","og_url":"https:\/\/revolutionpadelstore.com\/en\/bullpadel-xplo-vibram-25v-lima\/","og_site_name":"Revolution Padel Store","article_modified_time":"2026-04-08T05:24:22+00:00","og_image":[{"width":1200,"height":1200,"url":"https:\/\/revolutionpadelstore.com\/wp-content\/uploads\/2025\/02\/114355-zapatillas-bullpadel-xplo-vibram-25v-cm53420000-lima-1200x1200-1.webp","type":"image\/webp"}],"twitter_card":"summary_large_image","twitter_misc":{"Est. reading time":"2 minutes"},"schema":{"@context":"https:\/\/schema.org","@graph":[{"@type":"WebPage","@id":"https:\/\/revolutionpadelstore.com\/en\/bullpadel-xplo-vibram-25v-lima\/","url":"https:\/\/revolutionpadelstore.com\/en\/bullpadel-xplo-vibram-25v-lima\/","name":"BULLPADEL XPLO VIBRAM 25V LIMA - Revolution Padel Store","isPartOf":{"@id":"https:\/\/revolutionpadelstore.com\/en\/#website"},"primaryImageOfPage":{"@id":"https:\/\/revolutionpadelstore.com\/en\/bullpadel-xplo-vibram-25v-lima\/#primaryimage"},"image":{"@id":"https:\/\/revolutionpadelstore.com\/en\/bullpadel-xplo-vibram-25v-lima\/#primaryimage"},"thumbnailUrl":"https:\/\/revolutionpadelstore.com\/wp-content\/uploads\/2025\/02\/114355-zapatillas-bullpadel-xplo-vibram-25v-cm53420000-lima-1200x1200-1.webp","datePublished":"2025-02-18T18:10:45+00:00","dateModified":"2026-04-08T05:24:22+00:00","description":"Si buscas\u00a0zapatillas de p\u00e1del para hombre\u00a0con la mejor tecnolog\u00eda, las\u00a0Bullpadel XPLO Vibram 25V Lima\u00a0son la elecci\u00f3n perfecta. \u00dasalas para potenciar tu velocidad y control en la pista, al igual que lo hace Mart\u00edn Di Nenno.","breadcrumb":{"@id":"https:\/\/revolutionpadelstore.com\/en\/bullpadel-xplo-vibram-25v-lima\/#breadcrumb"},"inLanguage":"en-US","potentialAction":[{"@type":"ReadAction","target":["https:\/\/revolutionpadelstore.com\/en\/bullpadel-xplo-vibram-25v-lima\/"]}]},{"@type":"ImageObject","inLanguage":"en-US","@id":"https:\/\/revolutionpadelstore.com\/en\/bullpadel-xplo-vibram-25v-lima\/#primaryimage","url":"https:\/\/revolutionpadelstore.com\/wp-content\/uploads\/2025\/02\/114355-zapatillas-bullpadel-xplo-vibram-25v-cm53420000-lima-1200x1200-1.webp","contentUrl":"https:\/\/revolutionpadelstore.com\/wp-content\/uploads\/2025\/02\/114355-zapatillas-bullpadel-xplo-vibram-25v-cm53420000-lima-1200x1200-1.webp","width":1200,"height":1200},{"@type":"BreadcrumbList","@id":"https:\/\/revolutionpadelstore.com\/en\/bullpadel-xplo-vibram-25v-lima\/#breadcrumb","itemListElement":[{"@type":"ListItem","position":1,"name":"Portada","item":"https:\/\/revolutionpadelstore.com\/en\/"},{"@type":"ListItem","position":2,"name":"Shop","item":"https:\/\/revolutionpadelstore.com\/en\/shop\/"},{"@type":"ListItem","position":3,"name":"BULLPADEL XPLO VIBRAM 25V LIMA"}]},{"@type":"WebSite","@id":"https:\/\/revolutionpadelstore.com\/en\/#website","url":"https:\/\/revolutionpadelstore.com\/en\/","name":"Revolution Padel Store","description":"","publisher":{"@id":"https:\/\/revolutionpadelstore.com\/en\/#organization"},"potentialAction":[{"@type":"SearchAction","target":{"@type":"EntryPoint","urlTemplate":"https:\/\/revolutionpadelstore.com\/en\/?s={search_term_string}"},"query-input":{"@type":"PropertyValueSpecification","valueRequired":true,"valueName":"search_term_string"}}],"inLanguage":"en-US"},{"@type":"Organization","@id":"https:\/\/revolutionpadelstore.com\/en\/#organization","name":"Revolution Padel Store","url":"https:\/\/revolutionpadelstore.com\/en\/","logo":{"@type":"ImageObject","inLanguage":"en-US","@id":"https:\/\/revolutionpadelstore.com\/en\/#\/schema\/logo\/image\/","url":"https:\/\/revolutionpadelstore.com\/wp-content\/uploads\/2026\/02\/revolution-padel-store.jpg","contentUrl":"https:\/\/revolutionpadelstore.com\/wp-content\/uploads\/2026\/02\/revolution-padel-store.jpg","width":2000,"height":2000,"caption":"Revolution Padel Store"},"image":{"@id":"https:\/\/revolutionpadelstore.com\/en\/#\/schema\/logo\/image\/"},"sameAs":["https:\/\/www.instagram.com\/revolutionpadelstore\/"]}]}},"_links":{"self":[{"href":"https:\/\/revolutionpadelstore.com\/en\/wp-json\/wp\/v2\/product\/172213","targetHints":{"allow":["GET"]}}],"collection":[{"href":"https:\/\/revolutionpadelstore.com\/en\/wp-json\/wp\/v2\/product"}],"about":[{"href":"https:\/\/revolutionpadelstore.com\/en\/wp-json\/wp\/v2\/types\/product"}],"replies":[{"embeddable":true,"href":"https:\/\/revolutionpadelstore.com\/en\/wp-json\/wp\/v2\/comments?post=172213"}],"wp:featuredmedia":[{"embeddable":true,"href":"https:\/\/revolutionpadelstore.com\/en\/wp-json\/wp\/v2\/media\/172180"}],"wp:attachment":[{"href":"https:\/\/revolutionpadelstore.com\/en\/wp-json\/wp\/v2\/media?parent=172213"}],"wp:term":[{"taxonomy":"acabado","embeddable":true,"href":"https:\/\/revolutionpadelstore.com\/en\/wp-json\/wp\/v2\/acabado?post=172213"},{"taxonomy":"balance","embeddable":true,"href":"https:\/\/revolutionpadelstore.com\/en\/wp-json\/wp\/v2\/balance?post=172213"},{"taxonomy":"dureza","embeddable":true,"href":"https:\/\/revolutionpadelstore.com\/en\/wp-json\/wp\/v2\/dureza?post=172213"},{"taxonomy":"forma","embeddable":true,"href":"https:\/\/revolutionpadelstore.com\/en\/wp-json\/wp\/v2\/forma?post=172213"},{"taxonomy":"jugador","embeddable":true,"href":"https:\/\/revolutionpadelstore.com\/en\/wp-json\/wp\/v2\/jugador?post=172213"},{"taxonomy":"marca","embeddable":true,"href":"https:\/\/revolutionpadelstore.com\/en\/wp-json\/wp\/v2\/marca?post=172213"},{"taxonomy":"nivel-de-juego","embeddable":true,"href":"https:\/\/revolutionpadelstore.com\/en\/wp-json\/wp\/v2\/nivel-de-juego?post=172213"},{"taxonomy":"superficie","embeddable":true,"href":"https:\/\/revolutionpadelstore.com\/en\/wp-json\/wp\/v2\/superficie?post=172213"},{"taxonomy":"tipo-de-juego","embeddable":true,"href":"https:\/\/revolutionpadelstore.com\/en\/wp-json\/wp\/v2\/tipo-de-juego?post=172213"},{"taxonomy":"product_brand","embeddable":true,"href":"https:\/\/revolutionpadelstore.com\/en\/wp-json\/wp\/v2\/product_brand?post=172213"},{"taxonomy":"product_cat","embeddable":true,"href":"https:\/\/revolutionpadelstore.com\/en\/wp-json\/wp\/v2\/product_cat?post=172213"},{"taxonomy":"product_tag","embeddable":true,"href":"https:\/\/revolutionpadelstore.com\/en\/wp-json\/wp\/v2\/product_tag?post=172213"}],"curies":[{"name":"wp","href":"https:\/\/api.w.org\/{rel}","templated":true}]}}