{"id":172044,"date":"2025-02-18T18:38:16","date_gmt":"2025-02-18T17:38:16","guid":{"rendered":"https:\/\/revolutionpadelstore.com\/bullpadel-ionic-25v-gris-oscuro\/"},"modified":"2026-04-08T07:27:54","modified_gmt":"2026-04-08T05:27:54","slug":"bullpadel-ionic-25v-gris-oscuro-2","status":"publish","type":"product","link":"https:\/\/revolutionpadelstore.com\/en\/bullpadel-ionic-25v-gris-oscuro-2\/","title":{"rendered":"BULLPADEL IONIC 25V GRIS OSCURO"},"content":{"rendered":"<p><H2> <strong> bullpadel ionic 25v dark gray &#8211; grip, mobility and comfort on the track<br \/>\nThe <strong> bullpadel ionic 25v dark gray <\/strong> are the perfect shoes for players looking for balance between grip and mobility on the paddle track. Its modern design and advanced technology guarantee a higher performance in each party. Thanks to their <strong> 360\u00ba hybrid sole <\/strong>, these shoes offer optimal traction on any surface, allowing you to move quickly and safety.<\/p>\n<p>Made with <strong> Mesh Jacquard <\/strong>, a high quality breathable fabric, provide freshness and comfort during long game sessions. In addition, its advanced damping reduces impacts, providing greater comfort and protection at your feet.<br \/>\n<H2> <strong> maximum performance for players in progress <\/strong> <\/ h2><br \/>\nDesigned for constantly evolving players, such as <strong> Pablo Cardona, Javier Leal and \u00c1lex Arroyo <\/strong>, the white ionic 25v offer the ideal combination of <strong> support, stability and style <\/strong>. If you are looking to improve your technique and master the track, these shoes will help you reach your best level.<\/p>\n<h2> <strong> features and prominent technologies <\/strong> <\/ h2><br \/>\n-H\u00edbrida 360\u00ba -combines grip and mobility on any paddle surface.<br \/>\n-Flex Rift -improves the natural flexion of the foot for more fluid mobility.<br \/>\n-MEH JACQUARD -Breathable fabric that keeps your feet fresh and comfortable.<br \/>\n-Advanced reconnection -reduces impacts for greater protection and comfort.<br \/>\n-Lovement&#8217;s lateral -Heel reinforcement for stability and damping in lateral displacements.<br \/>\n-BPS System -Stabilizer that holds the foot to prevent crooks.<br \/>\n-Ergonomic design -allows rapid and precise movements in each play.<br \/>\n&lt;Il<br \/>\nYou are already a player in progress or a demanding competitor, the <strong> bullpadel ion 25V dark gray <\/strong> are the ideal choice to enhance your performance on the track. Enjoy the best combination of <strong> style, comfort and high -level technology <\/strong> with these shoes designed for maximum demand in the paddle.<\/p>\n<p><strong> now consign in our online store &lt;a href = &quot;https:\/\/chatgpt.com\/g\/g-675432e02688191B6ee6d6f2fdbb15e-optimization-textos\/c\/www.revolutionpadelstore.com&quot; Market. <\/strong><\/p>\n","protected":false},"excerpt":{"rendered":"<p>Bullpadel ionic 25V Bullpadel Sneakers in black, designed with advanced technology to optimize performance, including a 360\u00ba sole with flex rift and movement lateral for greater flexibility and stability.<\/p>\n","protected":false},"featured_media":171853,"comment_status":"open","ping_status":"closed","template":"","meta":{"_acf_changed":false,"_joinchat":[]},"acabado":[],"balance":[],"dureza":[],"forma":[],"jugador":[1193],"marca":[1258],"nivel-de-juego":[],"superficie":[],"tipo-de-juego":[],"product_brand":[],"product_cat":[829],"product_tag":[],"class_list":{"0":"post-172044","1":"product","2":"type-product","3":"status-publish","4":"has-post-thumbnail","6":"jugador-hombre-en","7":"marca-bullpadel-en","8":"product_cat-sneakers","10":"first","11":"outofstock","12":"sale","13":"taxable","14":"shipping-taxable","15":"purchasable","16":"product-type-variable"},"acf":[],"yoast_head":"<!-- This site is optimized with the Yoast SEO plugin v27.4 - https:\/\/yoast.com\/product\/yoast-seo-wordpress\/ -->\n<title>BULLPADEL IONIC 25V GRIS OSCURO - Revolution Padel Store<\/title>\n<meta name=\"description\" content=\"Ya seas un jugador en progreso o un competidor exigente, las\u00a0Bullpadel Ionic 25V Gris Oscuro\u00a0son la elecci\u00f3n ideal para potenciar tu rendimiento en la pista. Disfruta de la mejor combinaci\u00f3n de\u00a0estilo, comodidad y tecnolog\u00eda de alto nivel\u00a0con estas zapatillas dise\u00f1adas para la m\u00e1xima exigencia en el p\u00e1del.\" \/>\n<meta name=\"robots\" content=\"index, follow, max-snippet:-1, max-image-preview:large, max-video-preview:-1\" \/>\n<link rel=\"canonical\" href=\"https:\/\/revolutionpadelstore.com\/en\/bullpadel-ionic-25v-gris-oscuro-2\/\" \/>\n<meta property=\"og:locale\" content=\"en_US\" \/>\n<meta property=\"og:type\" content=\"article\" \/>\n<meta property=\"og:title\" content=\"BULLPADEL IONIC 25V GRIS OSCURO - Revolution Padel Store\" \/>\n<meta property=\"og:description\" content=\"Ya seas un jugador en progreso o un competidor exigente, las\u00a0Bullpadel Ionic 25V Gris Oscuro\u00a0son la elecci\u00f3n ideal para potenciar tu rendimiento en la pista. Disfruta de la mejor combinaci\u00f3n de\u00a0estilo, comodidad y tecnolog\u00eda de alto nivel\u00a0con estas zapatillas dise\u00f1adas para la m\u00e1xima exigencia en el p\u00e1del.\" \/>\n<meta property=\"og:url\" content=\"https:\/\/revolutionpadelstore.com\/en\/bullpadel-ionic-25v-gris-oscuro-2\/\" \/>\n<meta property=\"og:site_name\" content=\"Revolution Padel Store\" \/>\n<meta property=\"article:modified_time\" content=\"2026-04-08T05:27:54+00:00\" \/>\n<meta property=\"og:image\" content=\"https:\/\/revolutionpadelstore.com\/wp-content\/uploads\/2025\/02\/imagen-1-114332-cfda1b57.webp\" \/>\n\t<meta property=\"og:image:width\" content=\"1200\" \/>\n\t<meta property=\"og:image:height\" content=\"1200\" \/>\n\t<meta property=\"og:image:type\" content=\"image\/webp\" \/>\n<meta name=\"twitter:card\" content=\"summary_large_image\" \/>\n<meta name=\"twitter:label1\" content=\"Est. reading time\" \/>\n\t<meta name=\"twitter:data1\" content=\"2 minutes\" \/>\n<script type=\"application\/ld+json\" class=\"yoast-schema-graph\">{\"@context\":\"https:\\\/\\\/schema.org\",\"@graph\":[{\"@type\":\"WebPage\",\"@id\":\"https:\\\/\\\/revolutionpadelstore.com\\\/en\\\/bullpadel-ionic-25v-gris-oscuro-2\\\/\",\"url\":\"https:\\\/\\\/revolutionpadelstore.com\\\/en\\\/bullpadel-ionic-25v-gris-oscuro-2\\\/\",\"name\":\"BULLPADEL IONIC 25V GRIS OSCURO - Revolution Padel Store\",\"isPartOf\":{\"@id\":\"https:\\\/\\\/revolutionpadelstore.com\\\/en\\\/#website\"},\"primaryImageOfPage\":{\"@id\":\"https:\\\/\\\/revolutionpadelstore.com\\\/en\\\/bullpadel-ionic-25v-gris-oscuro-2\\\/#primaryimage\"},\"image\":{\"@id\":\"https:\\\/\\\/revolutionpadelstore.com\\\/en\\\/bullpadel-ionic-25v-gris-oscuro-2\\\/#primaryimage\"},\"thumbnailUrl\":\"https:\\\/\\\/revolutionpadelstore.com\\\/wp-content\\\/uploads\\\/2025\\\/02\\\/imagen-1-114332-cfda1b57.webp\",\"datePublished\":\"2025-02-18T17:38:16+00:00\",\"dateModified\":\"2026-04-08T05:27:54+00:00\",\"description\":\"Ya seas un jugador en progreso o un competidor exigente, las\u00a0Bullpadel Ionic 25V Gris Oscuro\u00a0son la elecci\u00f3n ideal para potenciar tu rendimiento en la pista. Disfruta de la mejor combinaci\u00f3n de\u00a0estilo, comodidad y tecnolog\u00eda de alto nivel\u00a0con estas zapatillas dise\u00f1adas para la m\u00e1xima exigencia en el p\u00e1del.\",\"breadcrumb\":{\"@id\":\"https:\\\/\\\/revolutionpadelstore.com\\\/en\\\/bullpadel-ionic-25v-gris-oscuro-2\\\/#breadcrumb\"},\"inLanguage\":\"en-US\",\"potentialAction\":[{\"@type\":\"ReadAction\",\"target\":[\"https:\\\/\\\/revolutionpadelstore.com\\\/en\\\/bullpadel-ionic-25v-gris-oscuro-2\\\/\"]}]},{\"@type\":\"ImageObject\",\"inLanguage\":\"en-US\",\"@id\":\"https:\\\/\\\/revolutionpadelstore.com\\\/en\\\/bullpadel-ionic-25v-gris-oscuro-2\\\/#primaryimage\",\"url\":\"https:\\\/\\\/revolutionpadelstore.com\\\/wp-content\\\/uploads\\\/2025\\\/02\\\/imagen-1-114332-cfda1b57.webp\",\"contentUrl\":\"https:\\\/\\\/revolutionpadelstore.com\\\/wp-content\\\/uploads\\\/2025\\\/02\\\/imagen-1-114332-cfda1b57.webp\",\"width\":1200,\"height\":1200},{\"@type\":\"BreadcrumbList\",\"@id\":\"https:\\\/\\\/revolutionpadelstore.com\\\/en\\\/bullpadel-ionic-25v-gris-oscuro-2\\\/#breadcrumb\",\"itemListElement\":[{\"@type\":\"ListItem\",\"position\":1,\"name\":\"Portada\",\"item\":\"https:\\\/\\\/revolutionpadelstore.com\\\/en\\\/\"},{\"@type\":\"ListItem\",\"position\":2,\"name\":\"Shop\",\"item\":\"https:\\\/\\\/revolutionpadelstore.com\\\/en\\\/shop\\\/\"},{\"@type\":\"ListItem\",\"position\":3,\"name\":\"BULLPADEL IONIC 25V GRIS OSCURO\"}]},{\"@type\":\"WebSite\",\"@id\":\"https:\\\/\\\/revolutionpadelstore.com\\\/en\\\/#website\",\"url\":\"https:\\\/\\\/revolutionpadelstore.com\\\/en\\\/\",\"name\":\"Revolution Padel Store\",\"description\":\"\",\"publisher\":{\"@id\":\"https:\\\/\\\/revolutionpadelstore.com\\\/en\\\/#organization\"},\"potentialAction\":[{\"@type\":\"SearchAction\",\"target\":{\"@type\":\"EntryPoint\",\"urlTemplate\":\"https:\\\/\\\/revolutionpadelstore.com\\\/en\\\/?s={search_term_string}\"},\"query-input\":{\"@type\":\"PropertyValueSpecification\",\"valueRequired\":true,\"valueName\":\"search_term_string\"}}],\"inLanguage\":\"en-US\"},{\"@type\":\"Organization\",\"@id\":\"https:\\\/\\\/revolutionpadelstore.com\\\/en\\\/#organization\",\"name\":\"Revolution Padel Store\",\"url\":\"https:\\\/\\\/revolutionpadelstore.com\\\/en\\\/\",\"logo\":{\"@type\":\"ImageObject\",\"inLanguage\":\"en-US\",\"@id\":\"https:\\\/\\\/revolutionpadelstore.com\\\/en\\\/#\\\/schema\\\/logo\\\/image\\\/\",\"url\":\"https:\\\/\\\/revolutionpadelstore.com\\\/wp-content\\\/uploads\\\/2026\\\/02\\\/revolution-padel-store.jpg\",\"contentUrl\":\"https:\\\/\\\/revolutionpadelstore.com\\\/wp-content\\\/uploads\\\/2026\\\/02\\\/revolution-padel-store.jpg\",\"width\":2000,\"height\":2000,\"caption\":\"Revolution Padel Store\"},\"image\":{\"@id\":\"https:\\\/\\\/revolutionpadelstore.com\\\/en\\\/#\\\/schema\\\/logo\\\/image\\\/\"},\"sameAs\":[\"https:\\\/\\\/www.instagram.com\\\/revolutionpadelstore\\\/\"]}]}<\/script>\n<!-- \/ Yoast SEO plugin. -->","yoast_head_json":{"title":"BULLPADEL IONIC 25V GRIS OSCURO - Revolution Padel Store","description":"Ya seas un jugador en progreso o un competidor exigente, las\u00a0Bullpadel Ionic 25V Gris Oscuro\u00a0son la elecci\u00f3n ideal para potenciar tu rendimiento en la pista. Disfruta de la mejor combinaci\u00f3n de\u00a0estilo, comodidad y tecnolog\u00eda de alto nivel\u00a0con estas zapatillas dise\u00f1adas para la m\u00e1xima exigencia en el p\u00e1del.","robots":{"index":"index","follow":"follow","max-snippet":"max-snippet:-1","max-image-preview":"max-image-preview:large","max-video-preview":"max-video-preview:-1"},"canonical":"https:\/\/revolutionpadelstore.com\/en\/bullpadel-ionic-25v-gris-oscuro-2\/","og_locale":"en_US","og_type":"article","og_title":"BULLPADEL IONIC 25V GRIS OSCURO - Revolution Padel Store","og_description":"Ya seas un jugador en progreso o un competidor exigente, las\u00a0Bullpadel Ionic 25V Gris Oscuro\u00a0son la elecci\u00f3n ideal para potenciar tu rendimiento en la pista. Disfruta de la mejor combinaci\u00f3n de\u00a0estilo, comodidad y tecnolog\u00eda de alto nivel\u00a0con estas zapatillas dise\u00f1adas para la m\u00e1xima exigencia en el p\u00e1del.","og_url":"https:\/\/revolutionpadelstore.com\/en\/bullpadel-ionic-25v-gris-oscuro-2\/","og_site_name":"Revolution Padel Store","article_modified_time":"2026-04-08T05:27:54+00:00","og_image":[{"width":1200,"height":1200,"url":"https:\/\/revolutionpadelstore.com\/wp-content\/uploads\/2025\/02\/imagen-1-114332-cfda1b57.webp","type":"image\/webp"}],"twitter_card":"summary_large_image","twitter_misc":{"Est. reading time":"2 minutes"},"schema":{"@context":"https:\/\/schema.org","@graph":[{"@type":"WebPage","@id":"https:\/\/revolutionpadelstore.com\/en\/bullpadel-ionic-25v-gris-oscuro-2\/","url":"https:\/\/revolutionpadelstore.com\/en\/bullpadel-ionic-25v-gris-oscuro-2\/","name":"BULLPADEL IONIC 25V GRIS OSCURO - Revolution Padel Store","isPartOf":{"@id":"https:\/\/revolutionpadelstore.com\/en\/#website"},"primaryImageOfPage":{"@id":"https:\/\/revolutionpadelstore.com\/en\/bullpadel-ionic-25v-gris-oscuro-2\/#primaryimage"},"image":{"@id":"https:\/\/revolutionpadelstore.com\/en\/bullpadel-ionic-25v-gris-oscuro-2\/#primaryimage"},"thumbnailUrl":"https:\/\/revolutionpadelstore.com\/wp-content\/uploads\/2025\/02\/imagen-1-114332-cfda1b57.webp","datePublished":"2025-02-18T17:38:16+00:00","dateModified":"2026-04-08T05:27:54+00:00","description":"Ya seas un jugador en progreso o un competidor exigente, las\u00a0Bullpadel Ionic 25V Gris Oscuro\u00a0son la elecci\u00f3n ideal para potenciar tu rendimiento en la pista. Disfruta de la mejor combinaci\u00f3n de\u00a0estilo, comodidad y tecnolog\u00eda de alto nivel\u00a0con estas zapatillas dise\u00f1adas para la m\u00e1xima exigencia en el p\u00e1del.","breadcrumb":{"@id":"https:\/\/revolutionpadelstore.com\/en\/bullpadel-ionic-25v-gris-oscuro-2\/#breadcrumb"},"inLanguage":"en-US","potentialAction":[{"@type":"ReadAction","target":["https:\/\/revolutionpadelstore.com\/en\/bullpadel-ionic-25v-gris-oscuro-2\/"]}]},{"@type":"ImageObject","inLanguage":"en-US","@id":"https:\/\/revolutionpadelstore.com\/en\/bullpadel-ionic-25v-gris-oscuro-2\/#primaryimage","url":"https:\/\/revolutionpadelstore.com\/wp-content\/uploads\/2025\/02\/imagen-1-114332-cfda1b57.webp","contentUrl":"https:\/\/revolutionpadelstore.com\/wp-content\/uploads\/2025\/02\/imagen-1-114332-cfda1b57.webp","width":1200,"height":1200},{"@type":"BreadcrumbList","@id":"https:\/\/revolutionpadelstore.com\/en\/bullpadel-ionic-25v-gris-oscuro-2\/#breadcrumb","itemListElement":[{"@type":"ListItem","position":1,"name":"Portada","item":"https:\/\/revolutionpadelstore.com\/en\/"},{"@type":"ListItem","position":2,"name":"Shop","item":"https:\/\/revolutionpadelstore.com\/en\/shop\/"},{"@type":"ListItem","position":3,"name":"BULLPADEL IONIC 25V GRIS OSCURO"}]},{"@type":"WebSite","@id":"https:\/\/revolutionpadelstore.com\/en\/#website","url":"https:\/\/revolutionpadelstore.com\/en\/","name":"Revolution Padel Store","description":"","publisher":{"@id":"https:\/\/revolutionpadelstore.com\/en\/#organization"},"potentialAction":[{"@type":"SearchAction","target":{"@type":"EntryPoint","urlTemplate":"https:\/\/revolutionpadelstore.com\/en\/?s={search_term_string}"},"query-input":{"@type":"PropertyValueSpecification","valueRequired":true,"valueName":"search_term_string"}}],"inLanguage":"en-US"},{"@type":"Organization","@id":"https:\/\/revolutionpadelstore.com\/en\/#organization","name":"Revolution Padel Store","url":"https:\/\/revolutionpadelstore.com\/en\/","logo":{"@type":"ImageObject","inLanguage":"en-US","@id":"https:\/\/revolutionpadelstore.com\/en\/#\/schema\/logo\/image\/","url":"https:\/\/revolutionpadelstore.com\/wp-content\/uploads\/2026\/02\/revolution-padel-store.jpg","contentUrl":"https:\/\/revolutionpadelstore.com\/wp-content\/uploads\/2026\/02\/revolution-padel-store.jpg","width":2000,"height":2000,"caption":"Revolution Padel Store"},"image":{"@id":"https:\/\/revolutionpadelstore.com\/en\/#\/schema\/logo\/image\/"},"sameAs":["https:\/\/www.instagram.com\/revolutionpadelstore\/"]}]}},"_links":{"self":[{"href":"https:\/\/revolutionpadelstore.com\/en\/wp-json\/wp\/v2\/product\/172044","targetHints":{"allow":["GET"]}}],"collection":[{"href":"https:\/\/revolutionpadelstore.com\/en\/wp-json\/wp\/v2\/product"}],"about":[{"href":"https:\/\/revolutionpadelstore.com\/en\/wp-json\/wp\/v2\/types\/product"}],"replies":[{"embeddable":true,"href":"https:\/\/revolutionpadelstore.com\/en\/wp-json\/wp\/v2\/comments?post=172044"}],"wp:featuredmedia":[{"embeddable":true,"href":"https:\/\/revolutionpadelstore.com\/en\/wp-json\/wp\/v2\/media\/171853"}],"wp:attachment":[{"href":"https:\/\/revolutionpadelstore.com\/en\/wp-json\/wp\/v2\/media?parent=172044"}],"wp:term":[{"taxonomy":"acabado","embeddable":true,"href":"https:\/\/revolutionpadelstore.com\/en\/wp-json\/wp\/v2\/acabado?post=172044"},{"taxonomy":"balance","embeddable":true,"href":"https:\/\/revolutionpadelstore.com\/en\/wp-json\/wp\/v2\/balance?post=172044"},{"taxonomy":"dureza","embeddable":true,"href":"https:\/\/revolutionpadelstore.com\/en\/wp-json\/wp\/v2\/dureza?post=172044"},{"taxonomy":"forma","embeddable":true,"href":"https:\/\/revolutionpadelstore.com\/en\/wp-json\/wp\/v2\/forma?post=172044"},{"taxonomy":"jugador","embeddable":true,"href":"https:\/\/revolutionpadelstore.com\/en\/wp-json\/wp\/v2\/jugador?post=172044"},{"taxonomy":"marca","embeddable":true,"href":"https:\/\/revolutionpadelstore.com\/en\/wp-json\/wp\/v2\/marca?post=172044"},{"taxonomy":"nivel-de-juego","embeddable":true,"href":"https:\/\/revolutionpadelstore.com\/en\/wp-json\/wp\/v2\/nivel-de-juego?post=172044"},{"taxonomy":"superficie","embeddable":true,"href":"https:\/\/revolutionpadelstore.com\/en\/wp-json\/wp\/v2\/superficie?post=172044"},{"taxonomy":"tipo-de-juego","embeddable":true,"href":"https:\/\/revolutionpadelstore.com\/en\/wp-json\/wp\/v2\/tipo-de-juego?post=172044"},{"taxonomy":"product_brand","embeddable":true,"href":"https:\/\/revolutionpadelstore.com\/en\/wp-json\/wp\/v2\/product_brand?post=172044"},{"taxonomy":"product_cat","embeddable":true,"href":"https:\/\/revolutionpadelstore.com\/en\/wp-json\/wp\/v2\/product_cat?post=172044"},{"taxonomy":"product_tag","embeddable":true,"href":"https:\/\/revolutionpadelstore.com\/en\/wp-json\/wp\/v2\/product_tag?post=172044"}],"curies":[{"name":"wp","href":"https:\/\/api.w.org\/{rel}","templated":true}]}}