{"id":162157,"date":"2025-01-15T20:51:10","date_gmt":"2025-01-15T19:51:10","guid":{"rendered":"https:\/\/revolutionpadelstore.com\/munequeras-blister-nox-x2-rosa\/"},"modified":"2026-04-08T08:31:40","modified_gmt":"2026-04-08T06:31:40","slug":"munequeras-blister-nox-x2-rosa-2","status":"publish","type":"product","link":"https:\/\/revolutionpadelstore.com\/en\/munequeras-blister-nox-x2-rosa-2\/","title":{"rendered":"MU\u00d1EQUERAS BLISTER NOX X2 ROSA"},"content":{"rendered":"<p>Protect your dolls on each blow with the NOX paddle dolls, available in pink with an elegant white logo.<\/p>\n<p>Enjoy the maximum comfort thanks to its cotton fabric combined with nylon and polyester fibers. They incorporate Nox&#8217;s &#8220;Balance Fresh&#8221; technology, which keeps sweat under control to prevent the shovel from sliding.<\/p>\n<p>The package includes 2 units.<\/p>\n","protected":false},"excerpt":{"rendered":"<p>Enjoy a more comfortable game with these dolls, designed with an absorbent material that guarantees maximum comfort during the game.<\/p>\n","protected":false},"featured_media":159269,"comment_status":"open","ping_status":"closed","template":"","meta":{"_acf_changed":false,"_joinchat":[]},"acabado":[],"balance":[],"dureza":[],"forma":[],"jugador":[],"marca":[1263],"nivel-de-juego":[],"superficie":[],"tipo-de-juego":[],"product_brand":[],"product_cat":[562],"product_tag":[],"class_list":{"0":"post-162157","1":"product","2":"type-product","3":"status-publish","4":"has-post-thumbnail","6":"marca-nox-en","7":"product_cat-accessories","9":"first","10":"instock","11":"sale","12":"taxable","13":"shipping-taxable","14":"purchasable","15":"product-type-simple"},"acf":[],"yoast_head":"<!-- This site is optimized with the Yoast SEO plugin v27.4 - https:\/\/yoast.com\/product\/yoast-seo-wordpress\/ -->\n<title>MU\u00d1EQUERAS BLISTER NOX X2 ROSA - Revolution Padel Store<\/title>\n<meta name=\"description\" content=\"Disfruta del m\u00e1ximo confort gracias a su tejido de algod\u00f3n combinado con fibras de nylon y poli\u00e9ster. Incorporan la tecnolog\u00eda &quot;Balance Fresh&quot; de Nox, que mantiene el sudor bajo control para evitar que la pala se deslice.\" \/>\n<meta name=\"robots\" content=\"index, follow, max-snippet:-1, max-image-preview:large, max-video-preview:-1\" \/>\n<link rel=\"canonical\" href=\"https:\/\/revolutionpadelstore.com\/en\/munequeras-blister-nox-x2-rosa-2\/\" \/>\n<meta property=\"og:locale\" content=\"en_US\" \/>\n<meta property=\"og:type\" content=\"article\" \/>\n<meta property=\"og:title\" content=\"MU\u00d1EQUERAS BLISTER NOX X2 ROSA - Revolution Padel Store\" \/>\n<meta property=\"og:description\" content=\"Disfruta del m\u00e1ximo confort gracias a su tejido de algod\u00f3n combinado con fibras de nylon y poli\u00e9ster. Incorporan la tecnolog\u00eda &quot;Balance Fresh&quot; de Nox, que mantiene el sudor bajo control para evitar que la pala se deslice.\" \/>\n<meta property=\"og:url\" content=\"https:\/\/revolutionpadelstore.com\/en\/munequeras-blister-nox-x2-rosa-2\/\" \/>\n<meta property=\"og:site_name\" content=\"Revolution Padel Store\" \/>\n<meta property=\"article:modified_time\" content=\"2026-04-08T06:31:40+00:00\" \/>\n<meta property=\"og:image\" content=\"https:\/\/revolutionpadelstore.com\/wp-content\/uploads\/2025\/01\/106413_blister_2_uds_munequera_nox_rosa_logo_blanco_murosbl2ud_1500x1500_988f.webp\" \/>\n\t<meta property=\"og:image:width\" content=\"1500\" \/>\n\t<meta property=\"og:image:height\" content=\"1500\" \/>\n\t<meta property=\"og:image:type\" content=\"image\/webp\" \/>\n<meta name=\"twitter:card\" content=\"summary_large_image\" \/>\n<script type=\"application\/ld+json\" class=\"yoast-schema-graph\">{\"@context\":\"https:\\\/\\\/schema.org\",\"@graph\":[{\"@type\":\"WebPage\",\"@id\":\"https:\\\/\\\/revolutionpadelstore.com\\\/en\\\/munequeras-blister-nox-x2-rosa-2\\\/\",\"url\":\"https:\\\/\\\/revolutionpadelstore.com\\\/en\\\/munequeras-blister-nox-x2-rosa-2\\\/\",\"name\":\"MU\u00d1EQUERAS BLISTER NOX X2 ROSA - Revolution Padel Store\",\"isPartOf\":{\"@id\":\"https:\\\/\\\/revolutionpadelstore.com\\\/en\\\/#website\"},\"primaryImageOfPage\":{\"@id\":\"https:\\\/\\\/revolutionpadelstore.com\\\/en\\\/munequeras-blister-nox-x2-rosa-2\\\/#primaryimage\"},\"image\":{\"@id\":\"https:\\\/\\\/revolutionpadelstore.com\\\/en\\\/munequeras-blister-nox-x2-rosa-2\\\/#primaryimage\"},\"thumbnailUrl\":\"https:\\\/\\\/revolutionpadelstore.com\\\/wp-content\\\/uploads\\\/2025\\\/01\\\/106413_blister_2_uds_munequera_nox_rosa_logo_blanco_murosbl2ud_1500x1500_988f.webp\",\"datePublished\":\"2025-01-15T19:51:10+00:00\",\"dateModified\":\"2026-04-08T06:31:40+00:00\",\"description\":\"Disfruta del m\u00e1ximo confort gracias a su tejido de algod\u00f3n combinado con fibras de nylon y poli\u00e9ster. Incorporan la tecnolog\u00eda \\\"Balance Fresh\\\" de Nox, que mantiene el sudor bajo control para evitar que la pala se deslice.\",\"breadcrumb\":{\"@id\":\"https:\\\/\\\/revolutionpadelstore.com\\\/en\\\/munequeras-blister-nox-x2-rosa-2\\\/#breadcrumb\"},\"inLanguage\":\"en-US\",\"potentialAction\":[{\"@type\":\"ReadAction\",\"target\":[\"https:\\\/\\\/revolutionpadelstore.com\\\/en\\\/munequeras-blister-nox-x2-rosa-2\\\/\"]}]},{\"@type\":\"ImageObject\",\"inLanguage\":\"en-US\",\"@id\":\"https:\\\/\\\/revolutionpadelstore.com\\\/en\\\/munequeras-blister-nox-x2-rosa-2\\\/#primaryimage\",\"url\":\"https:\\\/\\\/revolutionpadelstore.com\\\/wp-content\\\/uploads\\\/2025\\\/01\\\/106413_blister_2_uds_munequera_nox_rosa_logo_blanco_murosbl2ud_1500x1500_988f.webp\",\"contentUrl\":\"https:\\\/\\\/revolutionpadelstore.com\\\/wp-content\\\/uploads\\\/2025\\\/01\\\/106413_blister_2_uds_munequera_nox_rosa_logo_blanco_murosbl2ud_1500x1500_988f.webp\",\"width\":1500,\"height\":1500},{\"@type\":\"BreadcrumbList\",\"@id\":\"https:\\\/\\\/revolutionpadelstore.com\\\/en\\\/munequeras-blister-nox-x2-rosa-2\\\/#breadcrumb\",\"itemListElement\":[{\"@type\":\"ListItem\",\"position\":1,\"name\":\"Portada\",\"item\":\"https:\\\/\\\/revolutionpadelstore.com\\\/en\\\/\"},{\"@type\":\"ListItem\",\"position\":2,\"name\":\"Shop\",\"item\":\"https:\\\/\\\/revolutionpadelstore.com\\\/en\\\/shop\\\/\"},{\"@type\":\"ListItem\",\"position\":3,\"name\":\"MU\u00d1EQUERAS BLISTER NOX X2 ROSA\"}]},{\"@type\":\"WebSite\",\"@id\":\"https:\\\/\\\/revolutionpadelstore.com\\\/en\\\/#website\",\"url\":\"https:\\\/\\\/revolutionpadelstore.com\\\/en\\\/\",\"name\":\"Revolution Padel Store\",\"description\":\"\",\"publisher\":{\"@id\":\"https:\\\/\\\/revolutionpadelstore.com\\\/en\\\/#organization\"},\"potentialAction\":[{\"@type\":\"SearchAction\",\"target\":{\"@type\":\"EntryPoint\",\"urlTemplate\":\"https:\\\/\\\/revolutionpadelstore.com\\\/en\\\/?s={search_term_string}\"},\"query-input\":{\"@type\":\"PropertyValueSpecification\",\"valueRequired\":true,\"valueName\":\"search_term_string\"}}],\"inLanguage\":\"en-US\"},{\"@type\":\"Organization\",\"@id\":\"https:\\\/\\\/revolutionpadelstore.com\\\/en\\\/#organization\",\"name\":\"Revolution Padel Store\",\"url\":\"https:\\\/\\\/revolutionpadelstore.com\\\/en\\\/\",\"logo\":{\"@type\":\"ImageObject\",\"inLanguage\":\"en-US\",\"@id\":\"https:\\\/\\\/revolutionpadelstore.com\\\/en\\\/#\\\/schema\\\/logo\\\/image\\\/\",\"url\":\"https:\\\/\\\/revolutionpadelstore.com\\\/wp-content\\\/uploads\\\/2026\\\/02\\\/revolution-padel-store.jpg\",\"contentUrl\":\"https:\\\/\\\/revolutionpadelstore.com\\\/wp-content\\\/uploads\\\/2026\\\/02\\\/revolution-padel-store.jpg\",\"width\":2000,\"height\":2000,\"caption\":\"Revolution Padel Store\"},\"image\":{\"@id\":\"https:\\\/\\\/revolutionpadelstore.com\\\/en\\\/#\\\/schema\\\/logo\\\/image\\\/\"},\"sameAs\":[\"https:\\\/\\\/www.instagram.com\\\/revolutionpadelstore\\\/\"]}]}<\/script>\n<!-- \/ Yoast SEO plugin. -->","yoast_head_json":{"title":"MU\u00d1EQUERAS BLISTER NOX X2 ROSA - Revolution Padel Store","description":"Disfruta del m\u00e1ximo confort gracias a su tejido de algod\u00f3n combinado con fibras de nylon y poli\u00e9ster. Incorporan la tecnolog\u00eda \"Balance Fresh\" de Nox, que mantiene el sudor bajo control para evitar que la pala se deslice.","robots":{"index":"index","follow":"follow","max-snippet":"max-snippet:-1","max-image-preview":"max-image-preview:large","max-video-preview":"max-video-preview:-1"},"canonical":"https:\/\/revolutionpadelstore.com\/en\/munequeras-blister-nox-x2-rosa-2\/","og_locale":"en_US","og_type":"article","og_title":"MU\u00d1EQUERAS BLISTER NOX X2 ROSA - Revolution Padel Store","og_description":"Disfruta del m\u00e1ximo confort gracias a su tejido de algod\u00f3n combinado con fibras de nylon y poli\u00e9ster. Incorporan la tecnolog\u00eda \"Balance Fresh\" de Nox, que mantiene el sudor bajo control para evitar que la pala se deslice.","og_url":"https:\/\/revolutionpadelstore.com\/en\/munequeras-blister-nox-x2-rosa-2\/","og_site_name":"Revolution Padel Store","article_modified_time":"2026-04-08T06:31:40+00:00","og_image":[{"width":1500,"height":1500,"url":"https:\/\/revolutionpadelstore.com\/wp-content\/uploads\/2025\/01\/106413_blister_2_uds_munequera_nox_rosa_logo_blanco_murosbl2ud_1500x1500_988f.webp","type":"image\/webp"}],"twitter_card":"summary_large_image","schema":{"@context":"https:\/\/schema.org","@graph":[{"@type":"WebPage","@id":"https:\/\/revolutionpadelstore.com\/en\/munequeras-blister-nox-x2-rosa-2\/","url":"https:\/\/revolutionpadelstore.com\/en\/munequeras-blister-nox-x2-rosa-2\/","name":"MU\u00d1EQUERAS BLISTER NOX X2 ROSA - Revolution Padel Store","isPartOf":{"@id":"https:\/\/revolutionpadelstore.com\/en\/#website"},"primaryImageOfPage":{"@id":"https:\/\/revolutionpadelstore.com\/en\/munequeras-blister-nox-x2-rosa-2\/#primaryimage"},"image":{"@id":"https:\/\/revolutionpadelstore.com\/en\/munequeras-blister-nox-x2-rosa-2\/#primaryimage"},"thumbnailUrl":"https:\/\/revolutionpadelstore.com\/wp-content\/uploads\/2025\/01\/106413_blister_2_uds_munequera_nox_rosa_logo_blanco_murosbl2ud_1500x1500_988f.webp","datePublished":"2025-01-15T19:51:10+00:00","dateModified":"2026-04-08T06:31:40+00:00","description":"Disfruta del m\u00e1ximo confort gracias a su tejido de algod\u00f3n combinado con fibras de nylon y poli\u00e9ster. Incorporan la tecnolog\u00eda \"Balance Fresh\" de Nox, que mantiene el sudor bajo control para evitar que la pala se deslice.","breadcrumb":{"@id":"https:\/\/revolutionpadelstore.com\/en\/munequeras-blister-nox-x2-rosa-2\/#breadcrumb"},"inLanguage":"en-US","potentialAction":[{"@type":"ReadAction","target":["https:\/\/revolutionpadelstore.com\/en\/munequeras-blister-nox-x2-rosa-2\/"]}]},{"@type":"ImageObject","inLanguage":"en-US","@id":"https:\/\/revolutionpadelstore.com\/en\/munequeras-blister-nox-x2-rosa-2\/#primaryimage","url":"https:\/\/revolutionpadelstore.com\/wp-content\/uploads\/2025\/01\/106413_blister_2_uds_munequera_nox_rosa_logo_blanco_murosbl2ud_1500x1500_988f.webp","contentUrl":"https:\/\/revolutionpadelstore.com\/wp-content\/uploads\/2025\/01\/106413_blister_2_uds_munequera_nox_rosa_logo_blanco_murosbl2ud_1500x1500_988f.webp","width":1500,"height":1500},{"@type":"BreadcrumbList","@id":"https:\/\/revolutionpadelstore.com\/en\/munequeras-blister-nox-x2-rosa-2\/#breadcrumb","itemListElement":[{"@type":"ListItem","position":1,"name":"Portada","item":"https:\/\/revolutionpadelstore.com\/en\/"},{"@type":"ListItem","position":2,"name":"Shop","item":"https:\/\/revolutionpadelstore.com\/en\/shop\/"},{"@type":"ListItem","position":3,"name":"MU\u00d1EQUERAS BLISTER NOX X2 ROSA"}]},{"@type":"WebSite","@id":"https:\/\/revolutionpadelstore.com\/en\/#website","url":"https:\/\/revolutionpadelstore.com\/en\/","name":"Revolution Padel Store","description":"","publisher":{"@id":"https:\/\/revolutionpadelstore.com\/en\/#organization"},"potentialAction":[{"@type":"SearchAction","target":{"@type":"EntryPoint","urlTemplate":"https:\/\/revolutionpadelstore.com\/en\/?s={search_term_string}"},"query-input":{"@type":"PropertyValueSpecification","valueRequired":true,"valueName":"search_term_string"}}],"inLanguage":"en-US"},{"@type":"Organization","@id":"https:\/\/revolutionpadelstore.com\/en\/#organization","name":"Revolution Padel Store","url":"https:\/\/revolutionpadelstore.com\/en\/","logo":{"@type":"ImageObject","inLanguage":"en-US","@id":"https:\/\/revolutionpadelstore.com\/en\/#\/schema\/logo\/image\/","url":"https:\/\/revolutionpadelstore.com\/wp-content\/uploads\/2026\/02\/revolution-padel-store.jpg","contentUrl":"https:\/\/revolutionpadelstore.com\/wp-content\/uploads\/2026\/02\/revolution-padel-store.jpg","width":2000,"height":2000,"caption":"Revolution Padel Store"},"image":{"@id":"https:\/\/revolutionpadelstore.com\/en\/#\/schema\/logo\/image\/"},"sameAs":["https:\/\/www.instagram.com\/revolutionpadelstore\/"]}]}},"_links":{"self":[{"href":"https:\/\/revolutionpadelstore.com\/en\/wp-json\/wp\/v2\/product\/162157","targetHints":{"allow":["GET"]}}],"collection":[{"href":"https:\/\/revolutionpadelstore.com\/en\/wp-json\/wp\/v2\/product"}],"about":[{"href":"https:\/\/revolutionpadelstore.com\/en\/wp-json\/wp\/v2\/types\/product"}],"replies":[{"embeddable":true,"href":"https:\/\/revolutionpadelstore.com\/en\/wp-json\/wp\/v2\/comments?post=162157"}],"wp:featuredmedia":[{"embeddable":true,"href":"https:\/\/revolutionpadelstore.com\/en\/wp-json\/wp\/v2\/media\/159269"}],"wp:attachment":[{"href":"https:\/\/revolutionpadelstore.com\/en\/wp-json\/wp\/v2\/media?parent=162157"}],"wp:term":[{"taxonomy":"acabado","embeddable":true,"href":"https:\/\/revolutionpadelstore.com\/en\/wp-json\/wp\/v2\/acabado?post=162157"},{"taxonomy":"balance","embeddable":true,"href":"https:\/\/revolutionpadelstore.com\/en\/wp-json\/wp\/v2\/balance?post=162157"},{"taxonomy":"dureza","embeddable":true,"href":"https:\/\/revolutionpadelstore.com\/en\/wp-json\/wp\/v2\/dureza?post=162157"},{"taxonomy":"forma","embeddable":true,"href":"https:\/\/revolutionpadelstore.com\/en\/wp-json\/wp\/v2\/forma?post=162157"},{"taxonomy":"jugador","embeddable":true,"href":"https:\/\/revolutionpadelstore.com\/en\/wp-json\/wp\/v2\/jugador?post=162157"},{"taxonomy":"marca","embeddable":true,"href":"https:\/\/revolutionpadelstore.com\/en\/wp-json\/wp\/v2\/marca?post=162157"},{"taxonomy":"nivel-de-juego","embeddable":true,"href":"https:\/\/revolutionpadelstore.com\/en\/wp-json\/wp\/v2\/nivel-de-juego?post=162157"},{"taxonomy":"superficie","embeddable":true,"href":"https:\/\/revolutionpadelstore.com\/en\/wp-json\/wp\/v2\/superficie?post=162157"},{"taxonomy":"tipo-de-juego","embeddable":true,"href":"https:\/\/revolutionpadelstore.com\/en\/wp-json\/wp\/v2\/tipo-de-juego?post=162157"},{"taxonomy":"product_brand","embeddable":true,"href":"https:\/\/revolutionpadelstore.com\/en\/wp-json\/wp\/v2\/product_brand?post=162157"},{"taxonomy":"product_cat","embeddable":true,"href":"https:\/\/revolutionpadelstore.com\/en\/wp-json\/wp\/v2\/product_cat?post=162157"},{"taxonomy":"product_tag","embeddable":true,"href":"https:\/\/revolutionpadelstore.com\/en\/wp-json\/wp\/v2\/product_tag?post=162157"}],"curies":[{"name":"wp","href":"https:\/\/api.w.org\/{rel}","templated":true}]}}