{"id":161780,"date":"2025-01-29T00:22:21","date_gmt":"2025-01-28T23:22:21","guid":{"rendered":"https:\/\/revolutionpadelstore.com\/sudadera-bullpadel-enif\/"},"modified":"2026-04-01T04:45:54","modified_gmt":"2026-04-01T02:45:54","slug":"sudadera-bullpadel-enif-2","status":"publish","type":"product","link":"https:\/\/revolutionpadelstore.com\/en\/sudadera-bullpadel-enif-2\/","title":{"rendered":"SUDADERA BULLPADEL ENIF"},"content":{"rendered":"<h2> Bullpadel Women&#8217;s Sweatshirt<br \/>\nRaise your performance on the track and outside it with the <strong> Bullpadel Women&#8217;s Sweatshirt enif <\/strong>, a garment designed for the most demanding players. With a <strong> enthallated cut <\/strong> that enhances the figure, this sweatshirt combines <strong> sporting functionality and style <\/strong>. Its central zip and pockets with invisible zippers provide a modern and practical touch, while fists with fingers offer a perfect and greater convenience adjustment during the game.<\/p>\n<p>Manufactured with <strong> recycled polyester <\/strong> and elastan in cationic fabric, this sweatshirt is committed to <strong> sustainability without compromising performance <\/strong>. Strategically located mesh inserts improve breathability, providing a fresh sensation even in the most intense moments. In addition, the <strong> Drynamic technology <\/strong> with microfilaments helps reduce moisture and keep the skin dry, maximizing your comfort in each training or party.<br \/>\n<H2> Outstanding characteristics: <\/ h2><br \/>\n<P> <strong>-Ergonomic and sustainable design <\/strong>: enthallated cut and recycled polyester tissue with elastan.<\/p>\n<p style=\"padding-left: 40px\"> <strong>-Drynamic technology <\/strong>: favors perspiration and keeps dry skin.<\/p>\n<p style=\"padding-left: 40px\"> <strong>-invisible bits <\/strong>: safe and discreet storage. <\/p>\n<p><P> <strong> -Pu\u00f1os with thumb hole <\/strong>: Comfortable and functional adjustment. <\/p>\n<\/p>\n<p style=\"padding-left: 40px\"> <strong> -Insercions of mesh <\/strong>: greater ventilation for superior comfort. <\/p>\n<p>Perfect for paddle lovers looking for <strong> functional, light and eco-friendly sportswear <\/strong>. Ideal for training, parties or daily activities, this sweatshirt guarantees you <strong> mobility, breathability and style <\/strong>.<\/p>\n<p><strong> Get your Bullpadel Women Enif sweatshirt in our online store <a href=\"https:\/\/chatgpt.com\/g\/g-675432E026888191B6EE6D6F2FDBB15E-optimization-textos\/c\/www.revolutionPadelstore.com\"> Revolution Store <\/a>, probably at the best market price. <\/strong><br \/>\n<H4> <\/H4><\/p>\n<h2>Sudadera Bullpadel Mujer Enif<\/h2>\n","protected":false},"excerpt":{"rendered":"<p>The Bullpadel ENIF woman sweatshirt, made of recycled and equipped fabric with Drynamic technology, guarantees comfort, ventilation and an ideal adjustment for your training.<\/p>\n","protected":false},"featured_media":161774,"comment_status":"open","ping_status":"closed","template":"","meta":{"_acf_changed":false,"_joinchat":[]},"acabado":[],"balance":[],"dureza":[],"forma":[],"jugador":[1198],"marca":[1258],"nivel-de-juego":[],"superficie":[],"tipo-de-juego":[],"product_brand":[],"product_cat":[351],"product_tag":[],"class_list":{"0":"post-161780","1":"product","2":"type-product","3":"status-publish","4":"has-post-thumbnail","6":"jugador-woman","7":"marca-bullpadel-en","8":"product_cat-ropa-en","10":"first","11":"outofstock","12":"sale","13":"taxable","14":"shipping-taxable","15":"purchasable","16":"product-type-variable"},"acf":[],"yoast_head":"<!-- This site is optimized with the Yoast SEO plugin v27.3 - https:\/\/yoast.com\/product\/yoast-seo-wordpress\/ -->\n<title>SUDADERA BULLPADEL ENIF - Revolution Padel Store<\/title>\n<meta name=\"description\" content=\"Descubre la Sudadera Bullpadel Mujer Enif: dise\u00f1o entallado, tejido reciclado y tecnolog\u00eda Drynamic para m\u00e1xima comodidad y transpirabilidad. Disponible en Revolution Padel Store.\" \/>\n<meta name=\"robots\" content=\"index, follow, max-snippet:-1, max-image-preview:large, max-video-preview:-1\" \/>\n<link rel=\"canonical\" href=\"https:\/\/revolutionpadelstore.com\/en\/sudadera-bullpadel-enif-2\/\" \/>\n<meta property=\"og:locale\" content=\"en_US\" \/>\n<meta property=\"og:type\" content=\"article\" \/>\n<meta property=\"og:title\" content=\"SUDADERA BULLPADEL ENIF - Revolution Padel Store\" \/>\n<meta property=\"og:description\" content=\"Descubre la Sudadera Bullpadel Mujer Enif: dise\u00f1o entallado, tejido reciclado y tecnolog\u00eda Drynamic para m\u00e1xima comodidad y transpirabilidad. Disponible en Revolution Padel Store.\" \/>\n<meta property=\"og:url\" content=\"https:\/\/revolutionpadelstore.com\/en\/sudadera-bullpadel-enif-2\/\" \/>\n<meta property=\"og:site_name\" content=\"Revolution Padel Store\" \/>\n<meta property=\"article:modified_time\" content=\"2026-04-01T02:45:54+00:00\" \/>\n<meta property=\"og:image\" content=\"https:\/\/revolutionpadelstore.com\/wp-content\/uploads\/2025\/01\/114449_sudadera_bullpadel_mujer_enif__105_negro_vigore_1200x1200_1_54d5.webp\" \/>\n\t<meta property=\"og:image:width\" content=\"1200\" \/>\n\t<meta property=\"og:image:height\" content=\"1200\" \/>\n\t<meta property=\"og:image:type\" content=\"image\/webp\" \/>\n<meta name=\"twitter:card\" content=\"summary_large_image\" \/>\n<meta name=\"twitter:label1\" content=\"Est. reading time\" \/>\n\t<meta name=\"twitter:data1\" content=\"2 minutes\" \/>\n<script type=\"application\/ld+json\" class=\"yoast-schema-graph\">{\"@context\":\"https:\\\/\\\/schema.org\",\"@graph\":[{\"@type\":\"WebPage\",\"@id\":\"https:\\\/\\\/revolutionpadelstore.com\\\/en\\\/sudadera-bullpadel-enif-2\\\/\",\"url\":\"https:\\\/\\\/revolutionpadelstore.com\\\/en\\\/sudadera-bullpadel-enif-2\\\/\",\"name\":\"SUDADERA BULLPADEL ENIF - Revolution Padel Store\",\"isPartOf\":{\"@id\":\"https:\\\/\\\/revolutionpadelstore.com\\\/en\\\/#website\"},\"primaryImageOfPage\":{\"@id\":\"https:\\\/\\\/revolutionpadelstore.com\\\/en\\\/sudadera-bullpadel-enif-2\\\/#primaryimage\"},\"image\":{\"@id\":\"https:\\\/\\\/revolutionpadelstore.com\\\/en\\\/sudadera-bullpadel-enif-2\\\/#primaryimage\"},\"thumbnailUrl\":\"https:\\\/\\\/revolutionpadelstore.com\\\/wp-content\\\/uploads\\\/2025\\\/01\\\/114449_sudadera_bullpadel_mujer_enif__105_negro_vigore_1200x1200_1_54d5.webp\",\"datePublished\":\"2025-01-28T23:22:21+00:00\",\"dateModified\":\"2026-04-01T02:45:54+00:00\",\"description\":\"Descubre la Sudadera Bullpadel Mujer Enif: dise\u00f1o entallado, tejido reciclado y tecnolog\u00eda Drynamic para m\u00e1xima comodidad y transpirabilidad. Disponible en Revolution Padel Store.\",\"breadcrumb\":{\"@id\":\"https:\\\/\\\/revolutionpadelstore.com\\\/en\\\/sudadera-bullpadel-enif-2\\\/#breadcrumb\"},\"inLanguage\":\"en-US\",\"potentialAction\":[{\"@type\":\"ReadAction\",\"target\":[\"https:\\\/\\\/revolutionpadelstore.com\\\/en\\\/sudadera-bullpadel-enif-2\\\/\"]}]},{\"@type\":\"ImageObject\",\"inLanguage\":\"en-US\",\"@id\":\"https:\\\/\\\/revolutionpadelstore.com\\\/en\\\/sudadera-bullpadel-enif-2\\\/#primaryimage\",\"url\":\"https:\\\/\\\/revolutionpadelstore.com\\\/wp-content\\\/uploads\\\/2025\\\/01\\\/114449_sudadera_bullpadel_mujer_enif__105_negro_vigore_1200x1200_1_54d5.webp\",\"contentUrl\":\"https:\\\/\\\/revolutionpadelstore.com\\\/wp-content\\\/uploads\\\/2025\\\/01\\\/114449_sudadera_bullpadel_mujer_enif__105_negro_vigore_1200x1200_1_54d5.webp\",\"width\":1200,\"height\":1200},{\"@type\":\"BreadcrumbList\",\"@id\":\"https:\\\/\\\/revolutionpadelstore.com\\\/en\\\/sudadera-bullpadel-enif-2\\\/#breadcrumb\",\"itemListElement\":[{\"@type\":\"ListItem\",\"position\":1,\"name\":\"Portada\",\"item\":\"https:\\\/\\\/revolutionpadelstore.com\\\/en\\\/\"},{\"@type\":\"ListItem\",\"position\":2,\"name\":\"Shop\",\"item\":\"https:\\\/\\\/revolutionpadelstore.com\\\/en\\\/shop\\\/\"},{\"@type\":\"ListItem\",\"position\":3,\"name\":\"SUDADERA BULLPADEL ENIF\"}]},{\"@type\":\"WebSite\",\"@id\":\"https:\\\/\\\/revolutionpadelstore.com\\\/en\\\/#website\",\"url\":\"https:\\\/\\\/revolutionpadelstore.com\\\/en\\\/\",\"name\":\"Revolution Padel Store\",\"description\":\"\",\"publisher\":{\"@id\":\"https:\\\/\\\/revolutionpadelstore.com\\\/en\\\/#organization\"},\"potentialAction\":[{\"@type\":\"SearchAction\",\"target\":{\"@type\":\"EntryPoint\",\"urlTemplate\":\"https:\\\/\\\/revolutionpadelstore.com\\\/en\\\/?s={search_term_string}\"},\"query-input\":{\"@type\":\"PropertyValueSpecification\",\"valueRequired\":true,\"valueName\":\"search_term_string\"}}],\"inLanguage\":\"en-US\"},{\"@type\":\"Organization\",\"@id\":\"https:\\\/\\\/revolutionpadelstore.com\\\/en\\\/#organization\",\"name\":\"Revolution Padel Store\",\"url\":\"https:\\\/\\\/revolutionpadelstore.com\\\/en\\\/\",\"logo\":{\"@type\":\"ImageObject\",\"inLanguage\":\"en-US\",\"@id\":\"https:\\\/\\\/revolutionpadelstore.com\\\/en\\\/#\\\/schema\\\/logo\\\/image\\\/\",\"url\":\"https:\\\/\\\/revolutionpadelstore.com\\\/wp-content\\\/uploads\\\/2026\\\/02\\\/revolution-padel-store.jpg\",\"contentUrl\":\"https:\\\/\\\/revolutionpadelstore.com\\\/wp-content\\\/uploads\\\/2026\\\/02\\\/revolution-padel-store.jpg\",\"width\":2000,\"height\":2000,\"caption\":\"Revolution Padel Store\"},\"image\":{\"@id\":\"https:\\\/\\\/revolutionpadelstore.com\\\/en\\\/#\\\/schema\\\/logo\\\/image\\\/\"},\"sameAs\":[\"https:\\\/\\\/www.instagram.com\\\/revolutionpadelstore\\\/\"]}]}<\/script>\n<!-- \/ Yoast SEO plugin. -->","yoast_head_json":{"title":"SUDADERA BULLPADEL ENIF - Revolution Padel Store","description":"Descubre la Sudadera Bullpadel Mujer Enif: dise\u00f1o entallado, tejido reciclado y tecnolog\u00eda Drynamic para m\u00e1xima comodidad y transpirabilidad. Disponible en Revolution Padel Store.","robots":{"index":"index","follow":"follow","max-snippet":"max-snippet:-1","max-image-preview":"max-image-preview:large","max-video-preview":"max-video-preview:-1"},"canonical":"https:\/\/revolutionpadelstore.com\/en\/sudadera-bullpadel-enif-2\/","og_locale":"en_US","og_type":"article","og_title":"SUDADERA BULLPADEL ENIF - Revolution Padel Store","og_description":"Descubre la Sudadera Bullpadel Mujer Enif: dise\u00f1o entallado, tejido reciclado y tecnolog\u00eda Drynamic para m\u00e1xima comodidad y transpirabilidad. Disponible en Revolution Padel Store.","og_url":"https:\/\/revolutionpadelstore.com\/en\/sudadera-bullpadel-enif-2\/","og_site_name":"Revolution Padel Store","article_modified_time":"2026-04-01T02:45:54+00:00","og_image":[{"width":1200,"height":1200,"url":"https:\/\/revolutionpadelstore.com\/wp-content\/uploads\/2025\/01\/114449_sudadera_bullpadel_mujer_enif__105_negro_vigore_1200x1200_1_54d5.webp","type":"image\/webp"}],"twitter_card":"summary_large_image","twitter_misc":{"Est. reading time":"2 minutes"},"schema":{"@context":"https:\/\/schema.org","@graph":[{"@type":"WebPage","@id":"https:\/\/revolutionpadelstore.com\/en\/sudadera-bullpadel-enif-2\/","url":"https:\/\/revolutionpadelstore.com\/en\/sudadera-bullpadel-enif-2\/","name":"SUDADERA BULLPADEL ENIF - Revolution Padel Store","isPartOf":{"@id":"https:\/\/revolutionpadelstore.com\/en\/#website"},"primaryImageOfPage":{"@id":"https:\/\/revolutionpadelstore.com\/en\/sudadera-bullpadel-enif-2\/#primaryimage"},"image":{"@id":"https:\/\/revolutionpadelstore.com\/en\/sudadera-bullpadel-enif-2\/#primaryimage"},"thumbnailUrl":"https:\/\/revolutionpadelstore.com\/wp-content\/uploads\/2025\/01\/114449_sudadera_bullpadel_mujer_enif__105_negro_vigore_1200x1200_1_54d5.webp","datePublished":"2025-01-28T23:22:21+00:00","dateModified":"2026-04-01T02:45:54+00:00","description":"Descubre la Sudadera Bullpadel Mujer Enif: dise\u00f1o entallado, tejido reciclado y tecnolog\u00eda Drynamic para m\u00e1xima comodidad y transpirabilidad. Disponible en Revolution Padel Store.","breadcrumb":{"@id":"https:\/\/revolutionpadelstore.com\/en\/sudadera-bullpadel-enif-2\/#breadcrumb"},"inLanguage":"en-US","potentialAction":[{"@type":"ReadAction","target":["https:\/\/revolutionpadelstore.com\/en\/sudadera-bullpadel-enif-2\/"]}]},{"@type":"ImageObject","inLanguage":"en-US","@id":"https:\/\/revolutionpadelstore.com\/en\/sudadera-bullpadel-enif-2\/#primaryimage","url":"https:\/\/revolutionpadelstore.com\/wp-content\/uploads\/2025\/01\/114449_sudadera_bullpadel_mujer_enif__105_negro_vigore_1200x1200_1_54d5.webp","contentUrl":"https:\/\/revolutionpadelstore.com\/wp-content\/uploads\/2025\/01\/114449_sudadera_bullpadel_mujer_enif__105_negro_vigore_1200x1200_1_54d5.webp","width":1200,"height":1200},{"@type":"BreadcrumbList","@id":"https:\/\/revolutionpadelstore.com\/en\/sudadera-bullpadel-enif-2\/#breadcrumb","itemListElement":[{"@type":"ListItem","position":1,"name":"Portada","item":"https:\/\/revolutionpadelstore.com\/en\/"},{"@type":"ListItem","position":2,"name":"Shop","item":"https:\/\/revolutionpadelstore.com\/en\/shop\/"},{"@type":"ListItem","position":3,"name":"SUDADERA BULLPADEL ENIF"}]},{"@type":"WebSite","@id":"https:\/\/revolutionpadelstore.com\/en\/#website","url":"https:\/\/revolutionpadelstore.com\/en\/","name":"Revolution Padel Store","description":"","publisher":{"@id":"https:\/\/revolutionpadelstore.com\/en\/#organization"},"potentialAction":[{"@type":"SearchAction","target":{"@type":"EntryPoint","urlTemplate":"https:\/\/revolutionpadelstore.com\/en\/?s={search_term_string}"},"query-input":{"@type":"PropertyValueSpecification","valueRequired":true,"valueName":"search_term_string"}}],"inLanguage":"en-US"},{"@type":"Organization","@id":"https:\/\/revolutionpadelstore.com\/en\/#organization","name":"Revolution Padel Store","url":"https:\/\/revolutionpadelstore.com\/en\/","logo":{"@type":"ImageObject","inLanguage":"en-US","@id":"https:\/\/revolutionpadelstore.com\/en\/#\/schema\/logo\/image\/","url":"https:\/\/revolutionpadelstore.com\/wp-content\/uploads\/2026\/02\/revolution-padel-store.jpg","contentUrl":"https:\/\/revolutionpadelstore.com\/wp-content\/uploads\/2026\/02\/revolution-padel-store.jpg","width":2000,"height":2000,"caption":"Revolution Padel Store"},"image":{"@id":"https:\/\/revolutionpadelstore.com\/en\/#\/schema\/logo\/image\/"},"sameAs":["https:\/\/www.instagram.com\/revolutionpadelstore\/"]}]}},"_links":{"self":[{"href":"https:\/\/revolutionpadelstore.com\/en\/wp-json\/wp\/v2\/product\/161780","targetHints":{"allow":["GET"]}}],"collection":[{"href":"https:\/\/revolutionpadelstore.com\/en\/wp-json\/wp\/v2\/product"}],"about":[{"href":"https:\/\/revolutionpadelstore.com\/en\/wp-json\/wp\/v2\/types\/product"}],"replies":[{"embeddable":true,"href":"https:\/\/revolutionpadelstore.com\/en\/wp-json\/wp\/v2\/comments?post=161780"}],"wp:featuredmedia":[{"embeddable":true,"href":"https:\/\/revolutionpadelstore.com\/en\/wp-json\/wp\/v2\/media\/161774"}],"wp:attachment":[{"href":"https:\/\/revolutionpadelstore.com\/en\/wp-json\/wp\/v2\/media?parent=161780"}],"wp:term":[{"taxonomy":"acabado","embeddable":true,"href":"https:\/\/revolutionpadelstore.com\/en\/wp-json\/wp\/v2\/acabado?post=161780"},{"taxonomy":"balance","embeddable":true,"href":"https:\/\/revolutionpadelstore.com\/en\/wp-json\/wp\/v2\/balance?post=161780"},{"taxonomy":"dureza","embeddable":true,"href":"https:\/\/revolutionpadelstore.com\/en\/wp-json\/wp\/v2\/dureza?post=161780"},{"taxonomy":"forma","embeddable":true,"href":"https:\/\/revolutionpadelstore.com\/en\/wp-json\/wp\/v2\/forma?post=161780"},{"taxonomy":"jugador","embeddable":true,"href":"https:\/\/revolutionpadelstore.com\/en\/wp-json\/wp\/v2\/jugador?post=161780"},{"taxonomy":"marca","embeddable":true,"href":"https:\/\/revolutionpadelstore.com\/en\/wp-json\/wp\/v2\/marca?post=161780"},{"taxonomy":"nivel-de-juego","embeddable":true,"href":"https:\/\/revolutionpadelstore.com\/en\/wp-json\/wp\/v2\/nivel-de-juego?post=161780"},{"taxonomy":"superficie","embeddable":true,"href":"https:\/\/revolutionpadelstore.com\/en\/wp-json\/wp\/v2\/superficie?post=161780"},{"taxonomy":"tipo-de-juego","embeddable":true,"href":"https:\/\/revolutionpadelstore.com\/en\/wp-json\/wp\/v2\/tipo-de-juego?post=161780"},{"taxonomy":"product_brand","embeddable":true,"href":"https:\/\/revolutionpadelstore.com\/en\/wp-json\/wp\/v2\/product_brand?post=161780"},{"taxonomy":"product_cat","embeddable":true,"href":"https:\/\/revolutionpadelstore.com\/en\/wp-json\/wp\/v2\/product_cat?post=161780"},{"taxonomy":"product_tag","embeddable":true,"href":"https:\/\/revolutionpadelstore.com\/en\/wp-json\/wp\/v2\/product_tag?post=161780"}],"curies":[{"name":"wp","href":"https:\/\/api.w.org\/{rel}","templated":true}]}}