{"id":159954,"date":"2025-01-17T21:32:32","date_gmt":"2025-01-17T20:32:32","guid":{"rendered":"https:\/\/revolutionpadelstore.com\/mochila-adidas-multigame-sand-3-4-2025\/"},"modified":"2026-04-08T08:27:12","modified_gmt":"2026-04-08T06:27:12","slug":"mochila-adidas-multigame-sand-3-4-2025-2","status":"publish","type":"product","link":"https:\/\/revolutionpadelstore.com\/en\/mochila-adidas-multigame-sand-3-4-2025-2\/","title":{"rendered":"MOCHILA ADIDAS MULTIGAME SAND 3.4 2025"},"content":{"rendered":"<p><H2> Adidas Multigame Sand Backpack 3.4 2025. <strong> Premium organization and functionality <\/strong> <\/ h2><br \/>\nThe <strong> Adidas Multigame Sand Backpack 3.4 2025 <\/strong> is the ideal accessory for those who seek to transport their paddle team with comfort and style. Designed with a <strong> innovative tab opening <\/strong>, this backpack allows fast and safe access to the wide central compartment, perfect for store clothes and other essential training elements.<br \/>\n<H2> <strong> versatile protection and storage<\/p>\n<p style=\"padding-left: 40px\"> <strong> -Trong&gt; lateral bolsillos <\/strong>: Includes two compartments with thermal insulation, designed to transport and protect up to two paddle blades on each side.<br \/>\n<P> <strong> -Compartment for footwear <\/strong>: Keep your equipment clean and organized with an independent and aerated space for shoes.<br \/>\n<P> <strong>-Additional bases <\/strong>: It has narrow higher and lateral compartments, ideal for small or value objects.<\/p>\n<p><H2> <strong> sustainability and ergonomic design <\/strong> <\/ h2><br \/>\nManufactured with sustainable materials such as <strong> polythersulfone <\/strong> and <strong> recycled polyester <\/strong>, this backpack is resistant and respectful of the environment. In addition, its design in clay and black brown tones provides a modern and elegant touch. The <strong> padded mesh straps <\/strong> and adjustable handles guarantee comfortable and ergonomic transport, even in long sports days.<br \/>\n<H2> <strong> Technical Specifications <\/strong> <\/ h2><br \/>\n<P> <strong> -Capacity <\/strong>: 58 liters. <\/p>\n<p><P> <strong> -dimensions <\/strong>: 56 x 35 x 29 cm. <\/p>\n<p style=\"padding-left: 40px\"> <strong> -materials <\/strong>: polythersulfone and recycled polyester. <\/p>\n<p><H2> <strong> exclusive benefits <\/strong> <\/ h2><br \/>\nThanks to its intelligent design and high quality materials, the <strong> Adidas Multigame Sand 3.4 2025 <\/strong> is an essential option for players of all levels looking for <strong> organization, comfort and style <\/strong> in its Sports team.<\/p>\n<p><strong> make your purchase today and take your paddle experience to the next level! Available in our online store <a href=\"https:\/\/www.revolutionpadelstore.com\/\"> www.revolutionpadelstore.com <\/a>, probably at the best market price. <\/strong><\/p>\n<h2>Mochila Adidas Multigame Sand 3.4 2025. <strong>Organizaci\u00f3n y Funcionalidad Premium<\/strong><\/p>\n","protected":false},"excerpt":{"rendered":"<p>The Adidas Multigame Sand 3.4 2025 backpack stands out for its practical and elegant design, offering thermal compartments and specific ventilation to save the paddle forkl equipment in a comfortable and safe way.<\/p>\n","protected":false},"featured_media":159913,"comment_status":"open","ping_status":"closed","template":"","meta":{"_acf_changed":false,"_joinchat":[]},"acabado":[],"balance":[],"dureza":[],"forma":[],"jugador":[],"marca":[1233],"nivel-de-juego":[],"superficie":[],"tipo-de-juego":[],"product_brand":[],"product_cat":[322],"product_tag":[],"class_list":{"0":"post-159954","1":"product","2":"type-product","3":"status-publish","4":"has-post-thumbnail","6":"marca-adidas-en","7":"product_cat-bags","9":"first","10":"instock","11":"sale","12":"taxable","13":"shipping-taxable","14":"purchasable","15":"product-type-simple"},"acf":[],"yoast_head":"<!-- This site is optimized with the Yoast SEO plugin v27.4 - https:\/\/yoast.com\/product\/yoast-seo-wordpress\/ -->\n<title>MOCHILA ADIDAS MULTIGAME SAND 3.4 2025 - Revolution Padel Store<\/title>\n<meta name=\"description\" content=\"Descubre la Mochila Adidas Multigame Sand 3.4 2025, ideal para jugadores de p\u00e1del. Con capacidad de 58L, compartimentos t\u00e9rmicos y dise\u00f1o sostenible, es la opci\u00f3n perfecta para llevar tu equipo con estilo y comodidad. \u00a1Compra en Revolution Padel Store al mejor precio!\" \/>\n<meta name=\"robots\" content=\"index, follow, max-snippet:-1, max-image-preview:large, max-video-preview:-1\" \/>\n<link rel=\"canonical\" href=\"https:\/\/revolutionpadelstore.com\/en\/mochila-adidas-multigame-sand-3-4-2025-2\/\" \/>\n<meta property=\"og:locale\" content=\"en_US\" \/>\n<meta property=\"og:type\" content=\"article\" \/>\n<meta property=\"og:title\" content=\"MOCHILA ADIDAS MULTIGAME SAND 3.4 2025 - Revolution Padel Store\" \/>\n<meta property=\"og:description\" content=\"Descubre la Mochila Adidas Multigame Sand 3.4 2025, ideal para jugadores de p\u00e1del. Con capacidad de 58L, compartimentos t\u00e9rmicos y dise\u00f1o sostenible, es la opci\u00f3n perfecta para llevar tu equipo con estilo y comodidad. \u00a1Compra en Revolution Padel Store al mejor precio!\" \/>\n<meta property=\"og:url\" content=\"https:\/\/revolutionpadelstore.com\/en\/mochila-adidas-multigame-sand-3-4-2025-2\/\" \/>\n<meta property=\"og:site_name\" content=\"Revolution Padel Store\" \/>\n<meta property=\"article:modified_time\" content=\"2026-04-08T06:27:12+00:00\" \/>\n<meta property=\"og:image\" content=\"https:\/\/revolutionpadelstore.com\/wp-content\/uploads\/2025\/01\/113717-mochila-adidas-multigame-sand-3-4-ab1ma1u591500x1500-1.webp\" \/>\n\t<meta property=\"og:image:width\" content=\"1500\" \/>\n\t<meta property=\"og:image:height\" content=\"1500\" \/>\n\t<meta property=\"og:image:type\" content=\"image\/webp\" \/>\n<meta name=\"twitter:card\" content=\"summary_large_image\" \/>\n<meta name=\"twitter:label1\" content=\"Est. reading time\" \/>\n\t<meta name=\"twitter:data1\" content=\"2 minutes\" \/>\n<script type=\"application\/ld+json\" class=\"yoast-schema-graph\">{\"@context\":\"https:\\\/\\\/schema.org\",\"@graph\":[{\"@type\":\"WebPage\",\"@id\":\"https:\\\/\\\/revolutionpadelstore.com\\\/en\\\/mochila-adidas-multigame-sand-3-4-2025-2\\\/\",\"url\":\"https:\\\/\\\/revolutionpadelstore.com\\\/en\\\/mochila-adidas-multigame-sand-3-4-2025-2\\\/\",\"name\":\"MOCHILA ADIDAS MULTIGAME SAND 3.4 2025 - Revolution Padel Store\",\"isPartOf\":{\"@id\":\"https:\\\/\\\/revolutionpadelstore.com\\\/en\\\/#website\"},\"primaryImageOfPage\":{\"@id\":\"https:\\\/\\\/revolutionpadelstore.com\\\/en\\\/mochila-adidas-multigame-sand-3-4-2025-2\\\/#primaryimage\"},\"image\":{\"@id\":\"https:\\\/\\\/revolutionpadelstore.com\\\/en\\\/mochila-adidas-multigame-sand-3-4-2025-2\\\/#primaryimage\"},\"thumbnailUrl\":\"https:\\\/\\\/revolutionpadelstore.com\\\/wp-content\\\/uploads\\\/2025\\\/01\\\/113717-mochila-adidas-multigame-sand-3-4-ab1ma1u591500x1500-1.webp\",\"datePublished\":\"2025-01-17T20:32:32+00:00\",\"dateModified\":\"2026-04-08T06:27:12+00:00\",\"description\":\"Descubre la Mochila Adidas Multigame Sand 3.4 2025, ideal para jugadores de p\u00e1del. Con capacidad de 58L, compartimentos t\u00e9rmicos y dise\u00f1o sostenible, es la opci\u00f3n perfecta para llevar tu equipo con estilo y comodidad. \u00a1Compra en Revolution Padel Store al mejor precio!\",\"breadcrumb\":{\"@id\":\"https:\\\/\\\/revolutionpadelstore.com\\\/en\\\/mochila-adidas-multigame-sand-3-4-2025-2\\\/#breadcrumb\"},\"inLanguage\":\"en-US\",\"potentialAction\":[{\"@type\":\"ReadAction\",\"target\":[\"https:\\\/\\\/revolutionpadelstore.com\\\/en\\\/mochila-adidas-multigame-sand-3-4-2025-2\\\/\"]}]},{\"@type\":\"ImageObject\",\"inLanguage\":\"en-US\",\"@id\":\"https:\\\/\\\/revolutionpadelstore.com\\\/en\\\/mochila-adidas-multigame-sand-3-4-2025-2\\\/#primaryimage\",\"url\":\"https:\\\/\\\/revolutionpadelstore.com\\\/wp-content\\\/uploads\\\/2025\\\/01\\\/113717-mochila-adidas-multigame-sand-3-4-ab1ma1u591500x1500-1.webp\",\"contentUrl\":\"https:\\\/\\\/revolutionpadelstore.com\\\/wp-content\\\/uploads\\\/2025\\\/01\\\/113717-mochila-adidas-multigame-sand-3-4-ab1ma1u591500x1500-1.webp\",\"width\":1500,\"height\":1500},{\"@type\":\"BreadcrumbList\",\"@id\":\"https:\\\/\\\/revolutionpadelstore.com\\\/en\\\/mochila-adidas-multigame-sand-3-4-2025-2\\\/#breadcrumb\",\"itemListElement\":[{\"@type\":\"ListItem\",\"position\":1,\"name\":\"Portada\",\"item\":\"https:\\\/\\\/revolutionpadelstore.com\\\/en\\\/\"},{\"@type\":\"ListItem\",\"position\":2,\"name\":\"Shop\",\"item\":\"https:\\\/\\\/revolutionpadelstore.com\\\/en\\\/shop\\\/\"},{\"@type\":\"ListItem\",\"position\":3,\"name\":\"MOCHILA ADIDAS MULTIGAME SAND 3.4 2025\"}]},{\"@type\":\"WebSite\",\"@id\":\"https:\\\/\\\/revolutionpadelstore.com\\\/en\\\/#website\",\"url\":\"https:\\\/\\\/revolutionpadelstore.com\\\/en\\\/\",\"name\":\"Revolution Padel Store\",\"description\":\"\",\"publisher\":{\"@id\":\"https:\\\/\\\/revolutionpadelstore.com\\\/en\\\/#organization\"},\"potentialAction\":[{\"@type\":\"SearchAction\",\"target\":{\"@type\":\"EntryPoint\",\"urlTemplate\":\"https:\\\/\\\/revolutionpadelstore.com\\\/en\\\/?s={search_term_string}\"},\"query-input\":{\"@type\":\"PropertyValueSpecification\",\"valueRequired\":true,\"valueName\":\"search_term_string\"}}],\"inLanguage\":\"en-US\"},{\"@type\":\"Organization\",\"@id\":\"https:\\\/\\\/revolutionpadelstore.com\\\/en\\\/#organization\",\"name\":\"Revolution Padel Store\",\"url\":\"https:\\\/\\\/revolutionpadelstore.com\\\/en\\\/\",\"logo\":{\"@type\":\"ImageObject\",\"inLanguage\":\"en-US\",\"@id\":\"https:\\\/\\\/revolutionpadelstore.com\\\/en\\\/#\\\/schema\\\/logo\\\/image\\\/\",\"url\":\"https:\\\/\\\/revolutionpadelstore.com\\\/wp-content\\\/uploads\\\/2026\\\/02\\\/revolution-padel-store.jpg\",\"contentUrl\":\"https:\\\/\\\/revolutionpadelstore.com\\\/wp-content\\\/uploads\\\/2026\\\/02\\\/revolution-padel-store.jpg\",\"width\":2000,\"height\":2000,\"caption\":\"Revolution Padel Store\"},\"image\":{\"@id\":\"https:\\\/\\\/revolutionpadelstore.com\\\/en\\\/#\\\/schema\\\/logo\\\/image\\\/\"},\"sameAs\":[\"https:\\\/\\\/www.instagram.com\\\/revolutionpadelstore\\\/\"]}]}<\/script>\n<!-- \/ Yoast SEO plugin. -->","yoast_head_json":{"title":"MOCHILA ADIDAS MULTIGAME SAND 3.4 2025 - Revolution Padel Store","description":"Descubre la Mochila Adidas Multigame Sand 3.4 2025, ideal para jugadores de p\u00e1del. Con capacidad de 58L, compartimentos t\u00e9rmicos y dise\u00f1o sostenible, es la opci\u00f3n perfecta para llevar tu equipo con estilo y comodidad. \u00a1Compra en Revolution Padel Store al mejor precio!","robots":{"index":"index","follow":"follow","max-snippet":"max-snippet:-1","max-image-preview":"max-image-preview:large","max-video-preview":"max-video-preview:-1"},"canonical":"https:\/\/revolutionpadelstore.com\/en\/mochila-adidas-multigame-sand-3-4-2025-2\/","og_locale":"en_US","og_type":"article","og_title":"MOCHILA ADIDAS MULTIGAME SAND 3.4 2025 - Revolution Padel Store","og_description":"Descubre la Mochila Adidas Multigame Sand 3.4 2025, ideal para jugadores de p\u00e1del. Con capacidad de 58L, compartimentos t\u00e9rmicos y dise\u00f1o sostenible, es la opci\u00f3n perfecta para llevar tu equipo con estilo y comodidad. \u00a1Compra en Revolution Padel Store al mejor precio!","og_url":"https:\/\/revolutionpadelstore.com\/en\/mochila-adidas-multigame-sand-3-4-2025-2\/","og_site_name":"Revolution Padel Store","article_modified_time":"2026-04-08T06:27:12+00:00","og_image":[{"width":1500,"height":1500,"url":"https:\/\/revolutionpadelstore.com\/wp-content\/uploads\/2025\/01\/113717-mochila-adidas-multigame-sand-3-4-ab1ma1u591500x1500-1.webp","type":"image\/webp"}],"twitter_card":"summary_large_image","twitter_misc":{"Est. reading time":"2 minutes"},"schema":{"@context":"https:\/\/schema.org","@graph":[{"@type":"WebPage","@id":"https:\/\/revolutionpadelstore.com\/en\/mochila-adidas-multigame-sand-3-4-2025-2\/","url":"https:\/\/revolutionpadelstore.com\/en\/mochila-adidas-multigame-sand-3-4-2025-2\/","name":"MOCHILA ADIDAS MULTIGAME SAND 3.4 2025 - Revolution Padel Store","isPartOf":{"@id":"https:\/\/revolutionpadelstore.com\/en\/#website"},"primaryImageOfPage":{"@id":"https:\/\/revolutionpadelstore.com\/en\/mochila-adidas-multigame-sand-3-4-2025-2\/#primaryimage"},"image":{"@id":"https:\/\/revolutionpadelstore.com\/en\/mochila-adidas-multigame-sand-3-4-2025-2\/#primaryimage"},"thumbnailUrl":"https:\/\/revolutionpadelstore.com\/wp-content\/uploads\/2025\/01\/113717-mochila-adidas-multigame-sand-3-4-ab1ma1u591500x1500-1.webp","datePublished":"2025-01-17T20:32:32+00:00","dateModified":"2026-04-08T06:27:12+00:00","description":"Descubre la Mochila Adidas Multigame Sand 3.4 2025, ideal para jugadores de p\u00e1del. Con capacidad de 58L, compartimentos t\u00e9rmicos y dise\u00f1o sostenible, es la opci\u00f3n perfecta para llevar tu equipo con estilo y comodidad. \u00a1Compra en Revolution Padel Store al mejor precio!","breadcrumb":{"@id":"https:\/\/revolutionpadelstore.com\/en\/mochila-adidas-multigame-sand-3-4-2025-2\/#breadcrumb"},"inLanguage":"en-US","potentialAction":[{"@type":"ReadAction","target":["https:\/\/revolutionpadelstore.com\/en\/mochila-adidas-multigame-sand-3-4-2025-2\/"]}]},{"@type":"ImageObject","inLanguage":"en-US","@id":"https:\/\/revolutionpadelstore.com\/en\/mochila-adidas-multigame-sand-3-4-2025-2\/#primaryimage","url":"https:\/\/revolutionpadelstore.com\/wp-content\/uploads\/2025\/01\/113717-mochila-adidas-multigame-sand-3-4-ab1ma1u591500x1500-1.webp","contentUrl":"https:\/\/revolutionpadelstore.com\/wp-content\/uploads\/2025\/01\/113717-mochila-adidas-multigame-sand-3-4-ab1ma1u591500x1500-1.webp","width":1500,"height":1500},{"@type":"BreadcrumbList","@id":"https:\/\/revolutionpadelstore.com\/en\/mochila-adidas-multigame-sand-3-4-2025-2\/#breadcrumb","itemListElement":[{"@type":"ListItem","position":1,"name":"Portada","item":"https:\/\/revolutionpadelstore.com\/en\/"},{"@type":"ListItem","position":2,"name":"Shop","item":"https:\/\/revolutionpadelstore.com\/en\/shop\/"},{"@type":"ListItem","position":3,"name":"MOCHILA ADIDAS MULTIGAME SAND 3.4 2025"}]},{"@type":"WebSite","@id":"https:\/\/revolutionpadelstore.com\/en\/#website","url":"https:\/\/revolutionpadelstore.com\/en\/","name":"Revolution Padel Store","description":"","publisher":{"@id":"https:\/\/revolutionpadelstore.com\/en\/#organization"},"potentialAction":[{"@type":"SearchAction","target":{"@type":"EntryPoint","urlTemplate":"https:\/\/revolutionpadelstore.com\/en\/?s={search_term_string}"},"query-input":{"@type":"PropertyValueSpecification","valueRequired":true,"valueName":"search_term_string"}}],"inLanguage":"en-US"},{"@type":"Organization","@id":"https:\/\/revolutionpadelstore.com\/en\/#organization","name":"Revolution Padel Store","url":"https:\/\/revolutionpadelstore.com\/en\/","logo":{"@type":"ImageObject","inLanguage":"en-US","@id":"https:\/\/revolutionpadelstore.com\/en\/#\/schema\/logo\/image\/","url":"https:\/\/revolutionpadelstore.com\/wp-content\/uploads\/2026\/02\/revolution-padel-store.jpg","contentUrl":"https:\/\/revolutionpadelstore.com\/wp-content\/uploads\/2026\/02\/revolution-padel-store.jpg","width":2000,"height":2000,"caption":"Revolution Padel Store"},"image":{"@id":"https:\/\/revolutionpadelstore.com\/en\/#\/schema\/logo\/image\/"},"sameAs":["https:\/\/www.instagram.com\/revolutionpadelstore\/"]}]}},"_links":{"self":[{"href":"https:\/\/revolutionpadelstore.com\/en\/wp-json\/wp\/v2\/product\/159954","targetHints":{"allow":["GET"]}}],"collection":[{"href":"https:\/\/revolutionpadelstore.com\/en\/wp-json\/wp\/v2\/product"}],"about":[{"href":"https:\/\/revolutionpadelstore.com\/en\/wp-json\/wp\/v2\/types\/product"}],"replies":[{"embeddable":true,"href":"https:\/\/revolutionpadelstore.com\/en\/wp-json\/wp\/v2\/comments?post=159954"}],"wp:featuredmedia":[{"embeddable":true,"href":"https:\/\/revolutionpadelstore.com\/en\/wp-json\/wp\/v2\/media\/159913"}],"wp:attachment":[{"href":"https:\/\/revolutionpadelstore.com\/en\/wp-json\/wp\/v2\/media?parent=159954"}],"wp:term":[{"taxonomy":"acabado","embeddable":true,"href":"https:\/\/revolutionpadelstore.com\/en\/wp-json\/wp\/v2\/acabado?post=159954"},{"taxonomy":"balance","embeddable":true,"href":"https:\/\/revolutionpadelstore.com\/en\/wp-json\/wp\/v2\/balance?post=159954"},{"taxonomy":"dureza","embeddable":true,"href":"https:\/\/revolutionpadelstore.com\/en\/wp-json\/wp\/v2\/dureza?post=159954"},{"taxonomy":"forma","embeddable":true,"href":"https:\/\/revolutionpadelstore.com\/en\/wp-json\/wp\/v2\/forma?post=159954"},{"taxonomy":"jugador","embeddable":true,"href":"https:\/\/revolutionpadelstore.com\/en\/wp-json\/wp\/v2\/jugador?post=159954"},{"taxonomy":"marca","embeddable":true,"href":"https:\/\/revolutionpadelstore.com\/en\/wp-json\/wp\/v2\/marca?post=159954"},{"taxonomy":"nivel-de-juego","embeddable":true,"href":"https:\/\/revolutionpadelstore.com\/en\/wp-json\/wp\/v2\/nivel-de-juego?post=159954"},{"taxonomy":"superficie","embeddable":true,"href":"https:\/\/revolutionpadelstore.com\/en\/wp-json\/wp\/v2\/superficie?post=159954"},{"taxonomy":"tipo-de-juego","embeddable":true,"href":"https:\/\/revolutionpadelstore.com\/en\/wp-json\/wp\/v2\/tipo-de-juego?post=159954"},{"taxonomy":"product_brand","embeddable":true,"href":"https:\/\/revolutionpadelstore.com\/en\/wp-json\/wp\/v2\/product_brand?post=159954"},{"taxonomy":"product_cat","embeddable":true,"href":"https:\/\/revolutionpadelstore.com\/en\/wp-json\/wp\/v2\/product_cat?post=159954"},{"taxonomy":"product_tag","embeddable":true,"href":"https:\/\/revolutionpadelstore.com\/en\/wp-json\/wp\/v2\/product_tag?post=159954"}],"curies":[{"name":"wp","href":"https:\/\/api.w.org\/{rel}","templated":true}]}}