{"id":159008,"date":"2025-01-12T19:02:08","date_gmt":"2025-01-12T18:02:08","guid":{"rendered":"https:\/\/revolutionpadelstore.com\/drop-shot-conqueror-confort-1-0-2025\/"},"modified":"2026-04-08T08:32:52","modified_gmt":"2026-04-08T06:32:52","slug":"drop-shot-conqueror-confort-1-0-2025-2","status":"publish","type":"product","link":"https:\/\/revolutionpadelstore.com\/en\/drop-shot-conqueror-confort-1-0-2025-2\/","title":{"rendered":"DROP SHOT CONQUEROR CONFORT 1.0 2025"},"content":{"rendered":"<p>&lt;Il<br \/>\nDiscover the <strong> drop shot conqueror comfort 1.0 2025 <\/strong>, a high performance shovel that is part of the exclusive Ambition 2025 collection. Designed for advanced players who wish to highlight in competitions, this shovel combines <strong> advanced technology <\/Strong>, <strong> exceptional comfort <\/strong> and an elegant design in black, silver, red and white. With tears and medium balance format, it offers a perfect balance between control and power, ideal to master each blow on the track.<br \/>\n<H2> <strong> prominent characteristics <\/strong> <\/ h2><\/p>\n<p style=\"padding-left: 40px\"> <strong> -Barbon tubular dough: <\/strong> increases the resistance and durability of the frame. <\/p>\n<p style=\"padding-left: 40px\"> <strong> -Carras 3k carbon: <\/strong> provide flexibility and a quick response in the blow.<br \/>\n<P> <strong> -Nuco Eva Soft Low Density: <\/strong> absorbs impacts, offering soft and comfortable blows.<\/p>\n<p style=\"padding-left: 40px\"> <strong> -3d face system: <\/strong> 3D texture that improves the effects on the ball.<\/p>\n<p style=\"padding-left: 40px\"> <strong> -twin tubular system: <\/strong> guarantees a solid and lasting structure. <\/p>\n<\/p>\n<p style=\"padding-left: 40px\"> <strong> -Smart Holes System: <\/strong> Strategic arrangement of holes for a more homogeneous blow.<\/p>\n<p style=\"padding-left: 40px\"> <strong> -Vibra tech: <\/strong> reduces vibrations, improving comfort in the game.<br \/>\n<P> <strong> -cork Cushion Grip: <\/strong> superior damping for greater comfort. <\/p>\n<p> <strong> -Power Beam Heart: <\/strong> reinforces stability in the heart of the blade.<\/p>\n<p><H2> <strong> key benefits <\/strong> <\/ h2><\/p>\n<p style=\"padding-left: 40px\"> <strong> -Equilibrium between control and power: <\/strong> perfect for players who seek to improve their precision and strength in the game.<\/p>\n<p style=\"padding-left: 40px\"> <strong> -That attractive and professional design: <\/strong> impact both performance and style.<br \/>\n<P> <strong>-Advanced technology: <\/strong> ideal for competitors that prioritize innovation and comfort in your team.<br \/>\nThe <strong> Drop Shot Conqueror Comfort 1.0 2025 <\/strong> is designed to help you <strong> dominate the track <\/strong> and reach your best level in competitions.<br \/>\n<H2> <strong> Buy now at the best price <\/strong> <\/ h2><br \/>\nFind the <strong> drop shoot conqueror comfort 1.0 2025 <\/strong> in our online store &lt;a href = &quot;https:\/\/www.revolution of the market. Make your order and take your game to the next level!<\/p>\n<h2><strong>Drop Shot Conqueror Confort 1.0 2025: M\u00e1ximo rendimiento y dise\u00f1o exclusivo<\/strong><\/p>\n","protected":false},"excerpt":{"rendered":"<p>The Drop Shot Conqueror Comfort 1.0 2025 is designed for advanced players, offering a perfect combination of vanguard&#8217;s control, power and technology for exceptional performance.<\/p>\n","protected":false},"featured_media":158905,"comment_status":"open","ping_status":"closed","template":"","meta":{"_acf_changed":false,"_joinchat":[]},"acabado":[1093],"balance":[],"dureza":[1153],"forma":[1188],"jugador":[1193,1203],"marca":[1709],"nivel-de-juego":[1338,1343],"superficie":[1363],"tipo-de-juego":[1388],"product_brand":[],"product_cat":[303],"product_tag":[],"class_list":{"0":"post-159008","1":"product","2":"type-product","3":"status-publish","4":"has-post-thumbnail","6":"acabado-relieve-3d-en","7":"dureza-blanda-en","8":"forma-lagrima-en","9":"jugador-hombre-en","10":"jugador-multipurpose","11":"marca-drop-shot-en","12":"superficie-rugosa-en","13":"tipo-de-juego-multipurpose","14":"product_cat-palas","16":"first","17":"instock","18":"sale","19":"taxable","20":"shipping-taxable","21":"purchasable","22":"product-type-simple"},"acf":[],"yoast_head":"<!-- This site is optimized with the Yoast SEO plugin v27.4 - https:\/\/yoast.com\/product\/yoast-seo-wordpress\/ -->\n<title>DROP SHOT CONQUEROR CONFORT 1.0 2025 - Revolution Padel Store<\/title>\n<meta name=\"description\" content=\"Descubre la Drop Shot Conqueror Confort 1.0 2025, la pala perfecta para jugadores avanzados. Dise\u00f1o exclusivo, tecnolog\u00edas innovadoras y m\u00e1ximo rendimiento. \u00a1Compra ahora al mejor precio en Revolution Padel Store!\" \/>\n<meta name=\"robots\" content=\"index, follow, max-snippet:-1, max-image-preview:large, max-video-preview:-1\" \/>\n<link rel=\"canonical\" href=\"https:\/\/revolutionpadelstore.com\/en\/drop-shot-conqueror-confort-1-0-2025-2\/\" \/>\n<meta property=\"og:locale\" content=\"en_US\" \/>\n<meta property=\"og:type\" content=\"article\" \/>\n<meta property=\"og:title\" content=\"DROP SHOT CONQUEROR CONFORT 1.0 2025 - Revolution Padel Store\" \/>\n<meta property=\"og:description\" content=\"Descubre la Drop Shot Conqueror Confort 1.0 2025, la pala perfecta para jugadores avanzados. Dise\u00f1o exclusivo, tecnolog\u00edas innovadoras y m\u00e1ximo rendimiento. \u00a1Compra ahora al mejor precio en Revolution Padel Store!\" \/>\n<meta property=\"og:url\" content=\"https:\/\/revolutionpadelstore.com\/en\/drop-shot-conqueror-confort-1-0-2025-2\/\" \/>\n<meta property=\"og:site_name\" content=\"Revolution Padel Store\" \/>\n<meta property=\"article:modified_time\" content=\"2026-04-08T06:32:52+00:00\" \/>\n<meta property=\"og:image\" content=\"https:\/\/revolutionpadelstore.com\/wp-content\/uploads\/2025\/01\/114581-pala-drop-shot-conqueror-confort-1-0-dp324005-1000x1000-1.webp\" \/>\n\t<meta property=\"og:image:width\" content=\"1000\" \/>\n\t<meta property=\"og:image:height\" content=\"1000\" \/>\n\t<meta property=\"og:image:type\" content=\"image\/webp\" \/>\n<meta name=\"twitter:card\" content=\"summary_large_image\" \/>\n<meta name=\"twitter:label1\" content=\"Est. reading time\" \/>\n\t<meta name=\"twitter:data1\" content=\"2 minutes\" \/>\n<script type=\"application\/ld+json\" class=\"yoast-schema-graph\">{\"@context\":\"https:\\\/\\\/schema.org\",\"@graph\":[{\"@type\":\"WebPage\",\"@id\":\"https:\\\/\\\/revolutionpadelstore.com\\\/en\\\/drop-shot-conqueror-confort-1-0-2025-2\\\/\",\"url\":\"https:\\\/\\\/revolutionpadelstore.com\\\/en\\\/drop-shot-conqueror-confort-1-0-2025-2\\\/\",\"name\":\"DROP SHOT CONQUEROR CONFORT 1.0 2025 - Revolution Padel Store\",\"isPartOf\":{\"@id\":\"https:\\\/\\\/revolutionpadelstore.com\\\/en\\\/#website\"},\"primaryImageOfPage\":{\"@id\":\"https:\\\/\\\/revolutionpadelstore.com\\\/en\\\/drop-shot-conqueror-confort-1-0-2025-2\\\/#primaryimage\"},\"image\":{\"@id\":\"https:\\\/\\\/revolutionpadelstore.com\\\/en\\\/drop-shot-conqueror-confort-1-0-2025-2\\\/#primaryimage\"},\"thumbnailUrl\":\"https:\\\/\\\/revolutionpadelstore.com\\\/wp-content\\\/uploads\\\/2025\\\/01\\\/114581-pala-drop-shot-conqueror-confort-1-0-dp324005-1000x1000-1.webp\",\"datePublished\":\"2025-01-12T18:02:08+00:00\",\"dateModified\":\"2026-04-08T06:32:52+00:00\",\"description\":\"Descubre la Drop Shot Conqueror Confort 1.0 2025, la pala perfecta para jugadores avanzados. Dise\u00f1o exclusivo, tecnolog\u00edas innovadoras y m\u00e1ximo rendimiento. \u00a1Compra ahora al mejor precio en Revolution Padel Store!\",\"breadcrumb\":{\"@id\":\"https:\\\/\\\/revolutionpadelstore.com\\\/en\\\/drop-shot-conqueror-confort-1-0-2025-2\\\/#breadcrumb\"},\"inLanguage\":\"en-US\",\"potentialAction\":[{\"@type\":\"ReadAction\",\"target\":[\"https:\\\/\\\/revolutionpadelstore.com\\\/en\\\/drop-shot-conqueror-confort-1-0-2025-2\\\/\"]}]},{\"@type\":\"ImageObject\",\"inLanguage\":\"en-US\",\"@id\":\"https:\\\/\\\/revolutionpadelstore.com\\\/en\\\/drop-shot-conqueror-confort-1-0-2025-2\\\/#primaryimage\",\"url\":\"https:\\\/\\\/revolutionpadelstore.com\\\/wp-content\\\/uploads\\\/2025\\\/01\\\/114581-pala-drop-shot-conqueror-confort-1-0-dp324005-1000x1000-1.webp\",\"contentUrl\":\"https:\\\/\\\/revolutionpadelstore.com\\\/wp-content\\\/uploads\\\/2025\\\/01\\\/114581-pala-drop-shot-conqueror-confort-1-0-dp324005-1000x1000-1.webp\",\"width\":1000,\"height\":1000},{\"@type\":\"BreadcrumbList\",\"@id\":\"https:\\\/\\\/revolutionpadelstore.com\\\/en\\\/drop-shot-conqueror-confort-1-0-2025-2\\\/#breadcrumb\",\"itemListElement\":[{\"@type\":\"ListItem\",\"position\":1,\"name\":\"Portada\",\"item\":\"https:\\\/\\\/revolutionpadelstore.com\\\/en\\\/\"},{\"@type\":\"ListItem\",\"position\":2,\"name\":\"Shop\",\"item\":\"https:\\\/\\\/revolutionpadelstore.com\\\/en\\\/shop\\\/\"},{\"@type\":\"ListItem\",\"position\":3,\"name\":\"DROP SHOT CONQUEROR CONFORT 1.0 2025\"}]},{\"@type\":\"WebSite\",\"@id\":\"https:\\\/\\\/revolutionpadelstore.com\\\/en\\\/#website\",\"url\":\"https:\\\/\\\/revolutionpadelstore.com\\\/en\\\/\",\"name\":\"Revolution Padel Store\",\"description\":\"\",\"publisher\":{\"@id\":\"https:\\\/\\\/revolutionpadelstore.com\\\/en\\\/#organization\"},\"potentialAction\":[{\"@type\":\"SearchAction\",\"target\":{\"@type\":\"EntryPoint\",\"urlTemplate\":\"https:\\\/\\\/revolutionpadelstore.com\\\/en\\\/?s={search_term_string}\"},\"query-input\":{\"@type\":\"PropertyValueSpecification\",\"valueRequired\":true,\"valueName\":\"search_term_string\"}}],\"inLanguage\":\"en-US\"},{\"@type\":\"Organization\",\"@id\":\"https:\\\/\\\/revolutionpadelstore.com\\\/en\\\/#organization\",\"name\":\"Revolution Padel Store\",\"url\":\"https:\\\/\\\/revolutionpadelstore.com\\\/en\\\/\",\"logo\":{\"@type\":\"ImageObject\",\"inLanguage\":\"en-US\",\"@id\":\"https:\\\/\\\/revolutionpadelstore.com\\\/en\\\/#\\\/schema\\\/logo\\\/image\\\/\",\"url\":\"https:\\\/\\\/revolutionpadelstore.com\\\/wp-content\\\/uploads\\\/2026\\\/02\\\/revolution-padel-store.jpg\",\"contentUrl\":\"https:\\\/\\\/revolutionpadelstore.com\\\/wp-content\\\/uploads\\\/2026\\\/02\\\/revolution-padel-store.jpg\",\"width\":2000,\"height\":2000,\"caption\":\"Revolution Padel Store\"},\"image\":{\"@id\":\"https:\\\/\\\/revolutionpadelstore.com\\\/en\\\/#\\\/schema\\\/logo\\\/image\\\/\"},\"sameAs\":[\"https:\\\/\\\/www.instagram.com\\\/revolutionpadelstore\\\/\"]}]}<\/script>\n<!-- \/ Yoast SEO plugin. -->","yoast_head_json":{"title":"DROP SHOT CONQUEROR CONFORT 1.0 2025 - Revolution Padel Store","description":"Descubre la Drop Shot Conqueror Confort 1.0 2025, la pala perfecta para jugadores avanzados. Dise\u00f1o exclusivo, tecnolog\u00edas innovadoras y m\u00e1ximo rendimiento. \u00a1Compra ahora al mejor precio en Revolution Padel Store!","robots":{"index":"index","follow":"follow","max-snippet":"max-snippet:-1","max-image-preview":"max-image-preview:large","max-video-preview":"max-video-preview:-1"},"canonical":"https:\/\/revolutionpadelstore.com\/en\/drop-shot-conqueror-confort-1-0-2025-2\/","og_locale":"en_US","og_type":"article","og_title":"DROP SHOT CONQUEROR CONFORT 1.0 2025 - Revolution Padel Store","og_description":"Descubre la Drop Shot Conqueror Confort 1.0 2025, la pala perfecta para jugadores avanzados. Dise\u00f1o exclusivo, tecnolog\u00edas innovadoras y m\u00e1ximo rendimiento. \u00a1Compra ahora al mejor precio en Revolution Padel Store!","og_url":"https:\/\/revolutionpadelstore.com\/en\/drop-shot-conqueror-confort-1-0-2025-2\/","og_site_name":"Revolution Padel Store","article_modified_time":"2026-04-08T06:32:52+00:00","og_image":[{"width":1000,"height":1000,"url":"https:\/\/revolutionpadelstore.com\/wp-content\/uploads\/2025\/01\/114581-pala-drop-shot-conqueror-confort-1-0-dp324005-1000x1000-1.webp","type":"image\/webp"}],"twitter_card":"summary_large_image","twitter_misc":{"Est. reading time":"2 minutes"},"schema":{"@context":"https:\/\/schema.org","@graph":[{"@type":"WebPage","@id":"https:\/\/revolutionpadelstore.com\/en\/drop-shot-conqueror-confort-1-0-2025-2\/","url":"https:\/\/revolutionpadelstore.com\/en\/drop-shot-conqueror-confort-1-0-2025-2\/","name":"DROP SHOT CONQUEROR CONFORT 1.0 2025 - Revolution Padel Store","isPartOf":{"@id":"https:\/\/revolutionpadelstore.com\/en\/#website"},"primaryImageOfPage":{"@id":"https:\/\/revolutionpadelstore.com\/en\/drop-shot-conqueror-confort-1-0-2025-2\/#primaryimage"},"image":{"@id":"https:\/\/revolutionpadelstore.com\/en\/drop-shot-conqueror-confort-1-0-2025-2\/#primaryimage"},"thumbnailUrl":"https:\/\/revolutionpadelstore.com\/wp-content\/uploads\/2025\/01\/114581-pala-drop-shot-conqueror-confort-1-0-dp324005-1000x1000-1.webp","datePublished":"2025-01-12T18:02:08+00:00","dateModified":"2026-04-08T06:32:52+00:00","description":"Descubre la Drop Shot Conqueror Confort 1.0 2025, la pala perfecta para jugadores avanzados. Dise\u00f1o exclusivo, tecnolog\u00edas innovadoras y m\u00e1ximo rendimiento. \u00a1Compra ahora al mejor precio en Revolution Padel Store!","breadcrumb":{"@id":"https:\/\/revolutionpadelstore.com\/en\/drop-shot-conqueror-confort-1-0-2025-2\/#breadcrumb"},"inLanguage":"en-US","potentialAction":[{"@type":"ReadAction","target":["https:\/\/revolutionpadelstore.com\/en\/drop-shot-conqueror-confort-1-0-2025-2\/"]}]},{"@type":"ImageObject","inLanguage":"en-US","@id":"https:\/\/revolutionpadelstore.com\/en\/drop-shot-conqueror-confort-1-0-2025-2\/#primaryimage","url":"https:\/\/revolutionpadelstore.com\/wp-content\/uploads\/2025\/01\/114581-pala-drop-shot-conqueror-confort-1-0-dp324005-1000x1000-1.webp","contentUrl":"https:\/\/revolutionpadelstore.com\/wp-content\/uploads\/2025\/01\/114581-pala-drop-shot-conqueror-confort-1-0-dp324005-1000x1000-1.webp","width":1000,"height":1000},{"@type":"BreadcrumbList","@id":"https:\/\/revolutionpadelstore.com\/en\/drop-shot-conqueror-confort-1-0-2025-2\/#breadcrumb","itemListElement":[{"@type":"ListItem","position":1,"name":"Portada","item":"https:\/\/revolutionpadelstore.com\/en\/"},{"@type":"ListItem","position":2,"name":"Shop","item":"https:\/\/revolutionpadelstore.com\/en\/shop\/"},{"@type":"ListItem","position":3,"name":"DROP SHOT CONQUEROR CONFORT 1.0 2025"}]},{"@type":"WebSite","@id":"https:\/\/revolutionpadelstore.com\/en\/#website","url":"https:\/\/revolutionpadelstore.com\/en\/","name":"Revolution Padel Store","description":"","publisher":{"@id":"https:\/\/revolutionpadelstore.com\/en\/#organization"},"potentialAction":[{"@type":"SearchAction","target":{"@type":"EntryPoint","urlTemplate":"https:\/\/revolutionpadelstore.com\/en\/?s={search_term_string}"},"query-input":{"@type":"PropertyValueSpecification","valueRequired":true,"valueName":"search_term_string"}}],"inLanguage":"en-US"},{"@type":"Organization","@id":"https:\/\/revolutionpadelstore.com\/en\/#organization","name":"Revolution Padel Store","url":"https:\/\/revolutionpadelstore.com\/en\/","logo":{"@type":"ImageObject","inLanguage":"en-US","@id":"https:\/\/revolutionpadelstore.com\/en\/#\/schema\/logo\/image\/","url":"https:\/\/revolutionpadelstore.com\/wp-content\/uploads\/2026\/02\/revolution-padel-store.jpg","contentUrl":"https:\/\/revolutionpadelstore.com\/wp-content\/uploads\/2026\/02\/revolution-padel-store.jpg","width":2000,"height":2000,"caption":"Revolution Padel Store"},"image":{"@id":"https:\/\/revolutionpadelstore.com\/en\/#\/schema\/logo\/image\/"},"sameAs":["https:\/\/www.instagram.com\/revolutionpadelstore\/"]}]}},"_links":{"self":[{"href":"https:\/\/revolutionpadelstore.com\/en\/wp-json\/wp\/v2\/product\/159008","targetHints":{"allow":["GET"]}}],"collection":[{"href":"https:\/\/revolutionpadelstore.com\/en\/wp-json\/wp\/v2\/product"}],"about":[{"href":"https:\/\/revolutionpadelstore.com\/en\/wp-json\/wp\/v2\/types\/product"}],"replies":[{"embeddable":true,"href":"https:\/\/revolutionpadelstore.com\/en\/wp-json\/wp\/v2\/comments?post=159008"}],"wp:featuredmedia":[{"embeddable":true,"href":"https:\/\/revolutionpadelstore.com\/en\/wp-json\/wp\/v2\/media\/158905"}],"wp:attachment":[{"href":"https:\/\/revolutionpadelstore.com\/en\/wp-json\/wp\/v2\/media?parent=159008"}],"wp:term":[{"taxonomy":"acabado","embeddable":true,"href":"https:\/\/revolutionpadelstore.com\/en\/wp-json\/wp\/v2\/acabado?post=159008"},{"taxonomy":"balance","embeddable":true,"href":"https:\/\/revolutionpadelstore.com\/en\/wp-json\/wp\/v2\/balance?post=159008"},{"taxonomy":"dureza","embeddable":true,"href":"https:\/\/revolutionpadelstore.com\/en\/wp-json\/wp\/v2\/dureza?post=159008"},{"taxonomy":"forma","embeddable":true,"href":"https:\/\/revolutionpadelstore.com\/en\/wp-json\/wp\/v2\/forma?post=159008"},{"taxonomy":"jugador","embeddable":true,"href":"https:\/\/revolutionpadelstore.com\/en\/wp-json\/wp\/v2\/jugador?post=159008"},{"taxonomy":"marca","embeddable":true,"href":"https:\/\/revolutionpadelstore.com\/en\/wp-json\/wp\/v2\/marca?post=159008"},{"taxonomy":"nivel-de-juego","embeddable":true,"href":"https:\/\/revolutionpadelstore.com\/en\/wp-json\/wp\/v2\/nivel-de-juego?post=159008"},{"taxonomy":"superficie","embeddable":true,"href":"https:\/\/revolutionpadelstore.com\/en\/wp-json\/wp\/v2\/superficie?post=159008"},{"taxonomy":"tipo-de-juego","embeddable":true,"href":"https:\/\/revolutionpadelstore.com\/en\/wp-json\/wp\/v2\/tipo-de-juego?post=159008"},{"taxonomy":"product_brand","embeddable":true,"href":"https:\/\/revolutionpadelstore.com\/en\/wp-json\/wp\/v2\/product_brand?post=159008"},{"taxonomy":"product_cat","embeddable":true,"href":"https:\/\/revolutionpadelstore.com\/en\/wp-json\/wp\/v2\/product_cat?post=159008"},{"taxonomy":"product_tag","embeddable":true,"href":"https:\/\/revolutionpadelstore.com\/en\/wp-json\/wp\/v2\/product_tag?post=159008"}],"curies":[{"name":"wp","href":"https:\/\/api.w.org\/{rel}","templated":true}]}}