{"id":158710,"date":"2025-01-12T12:44:32","date_gmt":"2025-01-12T11:44:32","guid":{"rendered":"https:\/\/revolutionpadelstore.com\/drop-shot-quantum-2-0-2025\/"},"modified":"2026-04-01T05:23:44","modified_gmt":"2026-04-01T03:23:44","slug":"drop-shot-quantum-2-0-2025-2","status":"publish","type":"product","link":"https:\/\/revolutionpadelstore.com\/en\/drop-shot-quantum-2-0-2025-2\/","title":{"rendered":"DROP SHOT QUANTUM 2.0 2025"},"content":{"rendered":"<p><H2> PALA DROP SHOT QUANTUM 2.0 2025: POWER AND PRECISION IN YOUR HANDS <\/H2><br \/>\nThe <strong> drop shot quantum 2.0 <\/strong> is a high -end paddle shovel, ideal for advanced players seeking exceptional performance in power and control blows. Its design in <strong> diamond form <\/strong> and <strong> high balance <\/strong> optimizes the strength of each blow, carrying the power of your game to the next level. With a weight between 360 and 370 grams, its head distribution enhances offensive performance.<br \/>\n<H2> TECHNICAL CHARACTERISTICS Outstanding <\/ h2><\/p>\n<p style=\"padding-left: 40px\"> <strong> -Cextreme carbon cages <\/strong>: provides resistance, durability and excellent response in each play.<br \/>\n<P> <strong>-Eva Soft rubber nucleus <\/strong>: Low density for an optimized ball outlet and elasticity sensation.<\/p>\n<p> <strong>-Diamond mut<\/p>\n<p style=\"padding-left: 40px\"> <strong> -twin tubular system <\/strong>: guarantees greater rigidity and stability in the frame.<br \/>\n<P> <strong> -Smart Holes System <\/strong>: Strategic distribution of holes for improved effects and vibrations reduction.<\/p>\n<p> <strong>-3D FACE TEXTURE <\/strong>: Allows you to print greater effect to the ball, ideal to surprise your opponents.<\/p>\n<p style=\"padding-left: 40px\"> <strong> -Protector ergo pro <\/strong>: improves resistance against scratches and blows. <\/p>\n<p><H2> Advanced technologies for your comfort <\/ h2><br \/>\nThe Quantum 2.0 is not only designed for performance, but also to take care of the player. Thanks to <strong> technologies Vibra Tech Angles <\/strong> and <strong> cork Cushion Grip <\/strong>, vibrations are minimized, protecting the wrist and ensuring a more comfortable and safe game experience.<\/p>\n<h2> For aggressive and dominant players <\/ h2><br \/>\nIf you stand out for your offensive game and prefer to master the track with an aggressive style, this shovel is perfect for you. Its combination of power, effects and control will allow you to execute forceful auctions and maintain control of the party.<br \/>\n<H2> MODERN AND PROFESSIONAL DESIGN <\/H2><br \/>\nThe elegant design in gray and light blue tones of the Drop Shot Quantum 2.0 combines style and performance, ensuring that both at stake and apparently.<br \/>\n<H2> Dominate the track with the drop shot quantum 2.0!<br \/>\nEquipate with a shovel designed to take your game to the next level. <strong> now get it on our online store <a href=\"http:\/\/www.revolutionpadelstore.com\/\"> www.revolutionpadelstore.com <\/a>, probably at the best market price <\/strong>, and discover for What is one of the favorites of the advanced players.<br \/>\n<H4> <\/H4><\/p>\n<h2>Pala Drop Shot Quantum 2.0 2025: potencia y precisi\u00f3n en tus manos<\/h2>\n","protected":false},"excerpt":{"rendered":"<p>The Drop Shot Quantum 2.0 shovel, belonging to the 2025 collection, stands out for offering exceptional power and an excellent effect in each blow, thanks to its design with diamond mold and its high balance. It is ideal for players with advanced level.<\/p>\n","protected":false},"featured_media":158681,"comment_status":"open","ping_status":"closed","template":"","meta":{"_acf_changed":false,"_joinchat":[]},"acabado":[1108],"balance":[1138],"dureza":[1158],"forma":[1173],"jugador":[1193,1203],"marca":[1709],"nivel-de-juego":[1338],"superficie":[1363],"tipo-de-juego":[1378],"product_brand":[],"product_cat":[303],"product_tag":[],"class_list":{"0":"post-158710","1":"product","2":"type-product","3":"status-publish","4":"has-post-thumbnail","6":"acabado-rugoso-en","7":"balance-alto-en","8":"dureza-media-en","9":"forma-diamante-en","10":"jugador-hombre-en","11":"jugador-multipurpose","12":"marca-drop-shot-en","13":"superficie-rugosa-en","14":"tipo-de-juego-potencia-en","15":"product_cat-palas","17":"first","18":"instock","19":"sale","20":"taxable","21":"shipping-taxable","22":"purchasable","23":"product-type-simple"},"acf":[],"yoast_head":"<!-- This site is optimized with the Yoast SEO plugin v27.3 - https:\/\/yoast.com\/product\/yoast-seo-wordpress\/ -->\n<title>DROP SHOT QUANTUM 2.0 2025 - Revolution Padel Store<\/title>\n<meta name=\"description\" content=\"&quot;Descubre la pala Drop Shot Quantum 2.0 2025, perfecta para jugadores avanzados que buscan potencia y precisi\u00f3n. Dise\u00f1o en diamante, balance alto y tecnolog\u00eda avanzada en www.revolutionpadelstore.com.&quot;\" \/>\n<meta name=\"robots\" content=\"index, follow, max-snippet:-1, max-image-preview:large, max-video-preview:-1\" \/>\n<link rel=\"canonical\" href=\"https:\/\/revolutionpadelstore.com\/en\/drop-shot-quantum-2-0-2025-2\/\" \/>\n<meta property=\"og:locale\" content=\"en_US\" \/>\n<meta property=\"og:type\" content=\"article\" \/>\n<meta property=\"og:title\" content=\"DROP SHOT QUANTUM 2.0 2025 - Revolution Padel Store\" \/>\n<meta property=\"og:description\" content=\"&quot;Descubre la pala Drop Shot Quantum 2.0 2025, perfecta para jugadores avanzados que buscan potencia y precisi\u00f3n. Dise\u00f1o en diamante, balance alto y tecnolog\u00eda avanzada en www.revolutionpadelstore.com.&quot;\" \/>\n<meta property=\"og:url\" content=\"https:\/\/revolutionpadelstore.com\/en\/drop-shot-quantum-2-0-2025-2\/\" \/>\n<meta property=\"og:site_name\" content=\"Revolution Padel Store\" \/>\n<meta property=\"article:modified_time\" content=\"2026-04-01T03:23:44+00:00\" \/>\n<meta property=\"og:image\" content=\"https:\/\/revolutionpadelstore.com\/wp-content\/uploads\/2025\/01\/114589-pala-drop-shot-quantum-2-0-dp324015-1000x1000-1.webp\" \/>\n\t<meta property=\"og:image:width\" content=\"1000\" \/>\n\t<meta property=\"og:image:height\" content=\"1000\" \/>\n\t<meta property=\"og:image:type\" content=\"image\/webp\" \/>\n<meta name=\"twitter:card\" content=\"summary_large_image\" \/>\n<meta name=\"twitter:label1\" content=\"Est. reading time\" \/>\n\t<meta name=\"twitter:data1\" content=\"2 minutes\" \/>\n<script type=\"application\/ld+json\" class=\"yoast-schema-graph\">{\"@context\":\"https:\\\/\\\/schema.org\",\"@graph\":[{\"@type\":\"WebPage\",\"@id\":\"https:\\\/\\\/revolutionpadelstore.com\\\/en\\\/drop-shot-quantum-2-0-2025-2\\\/\",\"url\":\"https:\\\/\\\/revolutionpadelstore.com\\\/en\\\/drop-shot-quantum-2-0-2025-2\\\/\",\"name\":\"DROP SHOT QUANTUM 2.0 2025 - Revolution Padel Store\",\"isPartOf\":{\"@id\":\"https:\\\/\\\/revolutionpadelstore.com\\\/en\\\/#website\"},\"primaryImageOfPage\":{\"@id\":\"https:\\\/\\\/revolutionpadelstore.com\\\/en\\\/drop-shot-quantum-2-0-2025-2\\\/#primaryimage\"},\"image\":{\"@id\":\"https:\\\/\\\/revolutionpadelstore.com\\\/en\\\/drop-shot-quantum-2-0-2025-2\\\/#primaryimage\"},\"thumbnailUrl\":\"https:\\\/\\\/revolutionpadelstore.com\\\/wp-content\\\/uploads\\\/2025\\\/01\\\/114589-pala-drop-shot-quantum-2-0-dp324015-1000x1000-1.webp\",\"datePublished\":\"2025-01-12T11:44:32+00:00\",\"dateModified\":\"2026-04-01T03:23:44+00:00\",\"description\":\"\\\"Descubre la pala Drop Shot Quantum 2.0 2025, perfecta para jugadores avanzados que buscan potencia y precisi\u00f3n. Dise\u00f1o en diamante, balance alto y tecnolog\u00eda avanzada en www.revolutionpadelstore.com.\\\"\",\"breadcrumb\":{\"@id\":\"https:\\\/\\\/revolutionpadelstore.com\\\/en\\\/drop-shot-quantum-2-0-2025-2\\\/#breadcrumb\"},\"inLanguage\":\"en-US\",\"potentialAction\":[{\"@type\":\"ReadAction\",\"target\":[\"https:\\\/\\\/revolutionpadelstore.com\\\/en\\\/drop-shot-quantum-2-0-2025-2\\\/\"]}]},{\"@type\":\"ImageObject\",\"inLanguage\":\"en-US\",\"@id\":\"https:\\\/\\\/revolutionpadelstore.com\\\/en\\\/drop-shot-quantum-2-0-2025-2\\\/#primaryimage\",\"url\":\"https:\\\/\\\/revolutionpadelstore.com\\\/wp-content\\\/uploads\\\/2025\\\/01\\\/114589-pala-drop-shot-quantum-2-0-dp324015-1000x1000-1.webp\",\"contentUrl\":\"https:\\\/\\\/revolutionpadelstore.com\\\/wp-content\\\/uploads\\\/2025\\\/01\\\/114589-pala-drop-shot-quantum-2-0-dp324015-1000x1000-1.webp\",\"width\":1000,\"height\":1000},{\"@type\":\"BreadcrumbList\",\"@id\":\"https:\\\/\\\/revolutionpadelstore.com\\\/en\\\/drop-shot-quantum-2-0-2025-2\\\/#breadcrumb\",\"itemListElement\":[{\"@type\":\"ListItem\",\"position\":1,\"name\":\"Portada\",\"item\":\"https:\\\/\\\/revolutionpadelstore.com\\\/en\\\/\"},{\"@type\":\"ListItem\",\"position\":2,\"name\":\"Shop\",\"item\":\"https:\\\/\\\/revolutionpadelstore.com\\\/en\\\/shop\\\/\"},{\"@type\":\"ListItem\",\"position\":3,\"name\":\"DROP SHOT QUANTUM 2.0 2025\"}]},{\"@type\":\"WebSite\",\"@id\":\"https:\\\/\\\/revolutionpadelstore.com\\\/en\\\/#website\",\"url\":\"https:\\\/\\\/revolutionpadelstore.com\\\/en\\\/\",\"name\":\"Revolution Padel Store\",\"description\":\"\",\"publisher\":{\"@id\":\"https:\\\/\\\/revolutionpadelstore.com\\\/en\\\/#organization\"},\"potentialAction\":[{\"@type\":\"SearchAction\",\"target\":{\"@type\":\"EntryPoint\",\"urlTemplate\":\"https:\\\/\\\/revolutionpadelstore.com\\\/en\\\/?s={search_term_string}\"},\"query-input\":{\"@type\":\"PropertyValueSpecification\",\"valueRequired\":true,\"valueName\":\"search_term_string\"}}],\"inLanguage\":\"en-US\"},{\"@type\":\"Organization\",\"@id\":\"https:\\\/\\\/revolutionpadelstore.com\\\/en\\\/#organization\",\"name\":\"Revolution Padel Store\",\"url\":\"https:\\\/\\\/revolutionpadelstore.com\\\/en\\\/\",\"logo\":{\"@type\":\"ImageObject\",\"inLanguage\":\"en-US\",\"@id\":\"https:\\\/\\\/revolutionpadelstore.com\\\/en\\\/#\\\/schema\\\/logo\\\/image\\\/\",\"url\":\"https:\\\/\\\/revolutionpadelstore.com\\\/wp-content\\\/uploads\\\/2026\\\/02\\\/revolution-padel-store.jpg\",\"contentUrl\":\"https:\\\/\\\/revolutionpadelstore.com\\\/wp-content\\\/uploads\\\/2026\\\/02\\\/revolution-padel-store.jpg\",\"width\":2000,\"height\":2000,\"caption\":\"Revolution Padel Store\"},\"image\":{\"@id\":\"https:\\\/\\\/revolutionpadelstore.com\\\/en\\\/#\\\/schema\\\/logo\\\/image\\\/\"},\"sameAs\":[\"https:\\\/\\\/www.instagram.com\\\/revolutionpadelstore\\\/\"]}]}<\/script>\n<!-- \/ Yoast SEO plugin. -->","yoast_head_json":{"title":"DROP SHOT QUANTUM 2.0 2025 - Revolution Padel Store","description":"\"Descubre la pala Drop Shot Quantum 2.0 2025, perfecta para jugadores avanzados que buscan potencia y precisi\u00f3n. Dise\u00f1o en diamante, balance alto y tecnolog\u00eda avanzada en www.revolutionpadelstore.com.\"","robots":{"index":"index","follow":"follow","max-snippet":"max-snippet:-1","max-image-preview":"max-image-preview:large","max-video-preview":"max-video-preview:-1"},"canonical":"https:\/\/revolutionpadelstore.com\/en\/drop-shot-quantum-2-0-2025-2\/","og_locale":"en_US","og_type":"article","og_title":"DROP SHOT QUANTUM 2.0 2025 - Revolution Padel Store","og_description":"\"Descubre la pala Drop Shot Quantum 2.0 2025, perfecta para jugadores avanzados que buscan potencia y precisi\u00f3n. Dise\u00f1o en diamante, balance alto y tecnolog\u00eda avanzada en www.revolutionpadelstore.com.\"","og_url":"https:\/\/revolutionpadelstore.com\/en\/drop-shot-quantum-2-0-2025-2\/","og_site_name":"Revolution Padel Store","article_modified_time":"2026-04-01T03:23:44+00:00","og_image":[{"width":1000,"height":1000,"url":"https:\/\/revolutionpadelstore.com\/wp-content\/uploads\/2025\/01\/114589-pala-drop-shot-quantum-2-0-dp324015-1000x1000-1.webp","type":"image\/webp"}],"twitter_card":"summary_large_image","twitter_misc":{"Est. reading time":"2 minutes"},"schema":{"@context":"https:\/\/schema.org","@graph":[{"@type":"WebPage","@id":"https:\/\/revolutionpadelstore.com\/en\/drop-shot-quantum-2-0-2025-2\/","url":"https:\/\/revolutionpadelstore.com\/en\/drop-shot-quantum-2-0-2025-2\/","name":"DROP SHOT QUANTUM 2.0 2025 - Revolution Padel Store","isPartOf":{"@id":"https:\/\/revolutionpadelstore.com\/en\/#website"},"primaryImageOfPage":{"@id":"https:\/\/revolutionpadelstore.com\/en\/drop-shot-quantum-2-0-2025-2\/#primaryimage"},"image":{"@id":"https:\/\/revolutionpadelstore.com\/en\/drop-shot-quantum-2-0-2025-2\/#primaryimage"},"thumbnailUrl":"https:\/\/revolutionpadelstore.com\/wp-content\/uploads\/2025\/01\/114589-pala-drop-shot-quantum-2-0-dp324015-1000x1000-1.webp","datePublished":"2025-01-12T11:44:32+00:00","dateModified":"2026-04-01T03:23:44+00:00","description":"\"Descubre la pala Drop Shot Quantum 2.0 2025, perfecta para jugadores avanzados que buscan potencia y precisi\u00f3n. Dise\u00f1o en diamante, balance alto y tecnolog\u00eda avanzada en www.revolutionpadelstore.com.\"","breadcrumb":{"@id":"https:\/\/revolutionpadelstore.com\/en\/drop-shot-quantum-2-0-2025-2\/#breadcrumb"},"inLanguage":"en-US","potentialAction":[{"@type":"ReadAction","target":["https:\/\/revolutionpadelstore.com\/en\/drop-shot-quantum-2-0-2025-2\/"]}]},{"@type":"ImageObject","inLanguage":"en-US","@id":"https:\/\/revolutionpadelstore.com\/en\/drop-shot-quantum-2-0-2025-2\/#primaryimage","url":"https:\/\/revolutionpadelstore.com\/wp-content\/uploads\/2025\/01\/114589-pala-drop-shot-quantum-2-0-dp324015-1000x1000-1.webp","contentUrl":"https:\/\/revolutionpadelstore.com\/wp-content\/uploads\/2025\/01\/114589-pala-drop-shot-quantum-2-0-dp324015-1000x1000-1.webp","width":1000,"height":1000},{"@type":"BreadcrumbList","@id":"https:\/\/revolutionpadelstore.com\/en\/drop-shot-quantum-2-0-2025-2\/#breadcrumb","itemListElement":[{"@type":"ListItem","position":1,"name":"Portada","item":"https:\/\/revolutionpadelstore.com\/en\/"},{"@type":"ListItem","position":2,"name":"Shop","item":"https:\/\/revolutionpadelstore.com\/en\/shop\/"},{"@type":"ListItem","position":3,"name":"DROP SHOT QUANTUM 2.0 2025"}]},{"@type":"WebSite","@id":"https:\/\/revolutionpadelstore.com\/en\/#website","url":"https:\/\/revolutionpadelstore.com\/en\/","name":"Revolution Padel Store","description":"","publisher":{"@id":"https:\/\/revolutionpadelstore.com\/en\/#organization"},"potentialAction":[{"@type":"SearchAction","target":{"@type":"EntryPoint","urlTemplate":"https:\/\/revolutionpadelstore.com\/en\/?s={search_term_string}"},"query-input":{"@type":"PropertyValueSpecification","valueRequired":true,"valueName":"search_term_string"}}],"inLanguage":"en-US"},{"@type":"Organization","@id":"https:\/\/revolutionpadelstore.com\/en\/#organization","name":"Revolution Padel Store","url":"https:\/\/revolutionpadelstore.com\/en\/","logo":{"@type":"ImageObject","inLanguage":"en-US","@id":"https:\/\/revolutionpadelstore.com\/en\/#\/schema\/logo\/image\/","url":"https:\/\/revolutionpadelstore.com\/wp-content\/uploads\/2026\/02\/revolution-padel-store.jpg","contentUrl":"https:\/\/revolutionpadelstore.com\/wp-content\/uploads\/2026\/02\/revolution-padel-store.jpg","width":2000,"height":2000,"caption":"Revolution Padel Store"},"image":{"@id":"https:\/\/revolutionpadelstore.com\/en\/#\/schema\/logo\/image\/"},"sameAs":["https:\/\/www.instagram.com\/revolutionpadelstore\/"]}]}},"_links":{"self":[{"href":"https:\/\/revolutionpadelstore.com\/en\/wp-json\/wp\/v2\/product\/158710","targetHints":{"allow":["GET"]}}],"collection":[{"href":"https:\/\/revolutionpadelstore.com\/en\/wp-json\/wp\/v2\/product"}],"about":[{"href":"https:\/\/revolutionpadelstore.com\/en\/wp-json\/wp\/v2\/types\/product"}],"replies":[{"embeddable":true,"href":"https:\/\/revolutionpadelstore.com\/en\/wp-json\/wp\/v2\/comments?post=158710"}],"wp:featuredmedia":[{"embeddable":true,"href":"https:\/\/revolutionpadelstore.com\/en\/wp-json\/wp\/v2\/media\/158681"}],"wp:attachment":[{"href":"https:\/\/revolutionpadelstore.com\/en\/wp-json\/wp\/v2\/media?parent=158710"}],"wp:term":[{"taxonomy":"acabado","embeddable":true,"href":"https:\/\/revolutionpadelstore.com\/en\/wp-json\/wp\/v2\/acabado?post=158710"},{"taxonomy":"balance","embeddable":true,"href":"https:\/\/revolutionpadelstore.com\/en\/wp-json\/wp\/v2\/balance?post=158710"},{"taxonomy":"dureza","embeddable":true,"href":"https:\/\/revolutionpadelstore.com\/en\/wp-json\/wp\/v2\/dureza?post=158710"},{"taxonomy":"forma","embeddable":true,"href":"https:\/\/revolutionpadelstore.com\/en\/wp-json\/wp\/v2\/forma?post=158710"},{"taxonomy":"jugador","embeddable":true,"href":"https:\/\/revolutionpadelstore.com\/en\/wp-json\/wp\/v2\/jugador?post=158710"},{"taxonomy":"marca","embeddable":true,"href":"https:\/\/revolutionpadelstore.com\/en\/wp-json\/wp\/v2\/marca?post=158710"},{"taxonomy":"nivel-de-juego","embeddable":true,"href":"https:\/\/revolutionpadelstore.com\/en\/wp-json\/wp\/v2\/nivel-de-juego?post=158710"},{"taxonomy":"superficie","embeddable":true,"href":"https:\/\/revolutionpadelstore.com\/en\/wp-json\/wp\/v2\/superficie?post=158710"},{"taxonomy":"tipo-de-juego","embeddable":true,"href":"https:\/\/revolutionpadelstore.com\/en\/wp-json\/wp\/v2\/tipo-de-juego?post=158710"},{"taxonomy":"product_brand","embeddable":true,"href":"https:\/\/revolutionpadelstore.com\/en\/wp-json\/wp\/v2\/product_brand?post=158710"},{"taxonomy":"product_cat","embeddable":true,"href":"https:\/\/revolutionpadelstore.com\/en\/wp-json\/wp\/v2\/product_cat?post=158710"},{"taxonomy":"product_tag","embeddable":true,"href":"https:\/\/revolutionpadelstore.com\/en\/wp-json\/wp\/v2\/product_tag?post=158710"}],"curies":[{"name":"wp","href":"https:\/\/api.w.org\/{rel}","templated":true}]}}