{"id":157768,"date":"2024-12-30T00:21:36","date_gmt":"2024-12-29T23:21:36","guid":{"rendered":"https:\/\/revolutionpadelstore.com\/hesacore-bullpadel-woman-fucsia\/"},"modified":"2026-04-08T08:41:35","modified_gmt":"2026-04-08T06:41:35","slug":"hesacore-bullpadel-woman-fucsia-2","status":"publish","type":"product","link":"https:\/\/revolutionpadelstore.com\/en\/hesacore-bullpadel-woman-fucsia-2\/","title":{"rendered":"HESACORE BULLPADEL WOMAN FUCSIA"},"content":{"rendered":"<p><H2> Hesacore Grip Bullpadel Fuchsia: The best choice for power and comfort <\/ h2><br \/>\n<H2> Why choose the Hesacore Grip Bullpadel Fuchsia?<br \/>\nThe <strong> Hesacore Bullpadel Grip Fuchsia <\/strong> is the favorite accessory of many paddle players, from beginners to professionals, thanks to their advantages in power, control and comfort. This innovative grip allows you to hold the shovel with less effort, minimizing the contraction of the fingers and reducing tiredness in the hands.<br \/>\n<H2> Ideal for all game levels <\/ h2><br \/>\nIt is perfect for rookie players who seek to improve their control and for experts who want to enhance their performance. In addition, its non -slip design ensures a firm grip, preventing the shower from slipping during the most intense game.<br \/>\n<H2> Design and Technology <\/ h2><br \/>\n<strong>-Single hexagonal design <\/strong>: its honeycomb-shaped structure accommodates the bones of the hand ergonomically.<\/p>\n<p><strong> -Reviation of vibrations <\/strong>: minimizes the impact, helping to prevent injuries in wrist, elbow and forearm.<\/p>\n<p><strong> -Color Fuchsia striking <\/strong>: a modern design that stands out on the track.<br \/>\n<H2> TECHNICAL CHARACTERISTICS <\/H2><br \/>\n<strong>-Advanced ertonomy <\/strong>: Reduce the effort when holding the shovel, relaxing the muscles of the hand and the forearm.<\/p>\n<p><strong>-high quality material <\/strong>: its composition guarantees durability and comfort.<\/p>\n<p><strong> -F\u00e1cil installation <\/strong>: it is rapidly placed and replaced, allowing immediate adaptation.<\/p>\n<p><strong> -Mayor Contact surface <\/strong>: Improves control and decreases the risks of injury.<br \/>\n<H2> Key benefits <\/ h2><br \/>\n-Peente and control.<\/p>\n<p>-Prevention of injury thanks to its vibration absorption capacity.<\/p>\n<p>-Adaptable to any style and level of play.<br \/>\n<H2> Available now <\/ h2><br \/>\nAcquire the <strong> hesacore grip bullpadel fuchsia <\/strong> in our online store <a href=\"https:\/\/www.revolutionpadelstore.com\/\"> www.revolutionpadelstore.com <\/a>, probably at the best market price . Improve your game experience today!<\/p>\n<h2>Hesacore Grip Bullpadel Fucsia: La Mejor Elecci\u00f3n para Potencia y Comodidad<\/h2>\n","protected":false},"excerpt":{"rendered":"<p>Hesacore Bullpadel improves support between hand and handle, which allows reducing tension in the muscles of the hand and forearm.<\/p>\n","protected":false},"featured_media":157763,"comment_status":"open","ping_status":"closed","template":"","meta":{"_acf_changed":false,"_joinchat":[]},"acabado":[],"balance":[],"dureza":[],"forma":[],"jugador":[],"marca":[1258],"nivel-de-juego":[],"superficie":[],"tipo-de-juego":[],"product_brand":[],"product_cat":[562],"product_tag":[],"class_list":{"0":"post-157768","1":"product","2":"type-product","3":"status-publish","4":"has-post-thumbnail","6":"marca-bullpadel-en","7":"product_cat-accessories","9":"first","10":"instock","11":"sale","12":"taxable","13":"shipping-taxable","14":"purchasable","15":"product-type-simple"},"acf":[],"yoast_head":"<!-- This site is optimized with the Yoast SEO plugin v27.4 - https:\/\/yoast.com\/product\/yoast-seo-wordpress\/ -->\n<title>HESACORE BULLPADEL WOMAN FUCSIA - Revolution Padel Store<\/title>\n<meta name=\"description\" content=\"&quot;Descubre el Hesacore Grip Bullpadel Fucsia, el accesorio ideal para potenciar tu juego. Dise\u00f1o ergon\u00f3mico, reducci\u00f3n de vibraciones y m\u00e1xima comodidad. \u00a1Disponible en Revolution Padel Store!&quot;\" \/>\n<meta name=\"robots\" content=\"index, follow, max-snippet:-1, max-image-preview:large, max-video-preview:-1\" \/>\n<link rel=\"canonical\" href=\"https:\/\/revolutionpadelstore.com\/en\/hesacore-bullpadel-woman-fucsia-2\/\" \/>\n<meta property=\"og:locale\" content=\"en_US\" \/>\n<meta property=\"og:type\" content=\"article\" \/>\n<meta property=\"og:title\" content=\"HESACORE BULLPADEL WOMAN FUCSIA - Revolution Padel Store\" \/>\n<meta property=\"og:description\" content=\"&quot;Descubre el Hesacore Grip Bullpadel Fucsia, el accesorio ideal para potenciar tu juego. Dise\u00f1o ergon\u00f3mico, reducci\u00f3n de vibraciones y m\u00e1xima comodidad. \u00a1Disponible en Revolution Padel Store!&quot;\" \/>\n<meta property=\"og:url\" content=\"https:\/\/revolutionpadelstore.com\/en\/hesacore-bullpadel-woman-fucsia-2\/\" \/>\n<meta property=\"og:site_name\" content=\"Revolution Padel Store\" \/>\n<meta property=\"article:modified_time\" content=\"2026-04-08T06:41:35+00:00\" \/>\n<meta property=\"og:image\" content=\"https:\/\/revolutionpadelstore.com\/wp-content\/uploads\/2024\/12\/imagen_1_26071_d2e07668_be66.webp\" \/>\n\t<meta property=\"og:image:width\" content=\"1000\" \/>\n\t<meta property=\"og:image:height\" content=\"1000\" \/>\n\t<meta property=\"og:image:type\" content=\"image\/webp\" \/>\n<meta name=\"twitter:card\" content=\"summary_large_image\" \/>\n<meta name=\"twitter:label1\" content=\"Est. reading time\" \/>\n\t<meta name=\"twitter:data1\" content=\"2 minutes\" \/>\n<script type=\"application\/ld+json\" class=\"yoast-schema-graph\">{\"@context\":\"https:\\\/\\\/schema.org\",\"@graph\":[{\"@type\":\"WebPage\",\"@id\":\"https:\\\/\\\/revolutionpadelstore.com\\\/en\\\/hesacore-bullpadel-woman-fucsia-2\\\/\",\"url\":\"https:\\\/\\\/revolutionpadelstore.com\\\/en\\\/hesacore-bullpadel-woman-fucsia-2\\\/\",\"name\":\"HESACORE BULLPADEL WOMAN FUCSIA - Revolution Padel Store\",\"isPartOf\":{\"@id\":\"https:\\\/\\\/revolutionpadelstore.com\\\/en\\\/#website\"},\"primaryImageOfPage\":{\"@id\":\"https:\\\/\\\/revolutionpadelstore.com\\\/en\\\/hesacore-bullpadel-woman-fucsia-2\\\/#primaryimage\"},\"image\":{\"@id\":\"https:\\\/\\\/revolutionpadelstore.com\\\/en\\\/hesacore-bullpadel-woman-fucsia-2\\\/#primaryimage\"},\"thumbnailUrl\":\"https:\\\/\\\/revolutionpadelstore.com\\\/wp-content\\\/uploads\\\/2024\\\/12\\\/imagen_1_26071_d2e07668_be66.webp\",\"datePublished\":\"2024-12-29T23:21:36+00:00\",\"dateModified\":\"2026-04-08T06:41:35+00:00\",\"description\":\"\\\"Descubre el Hesacore Grip Bullpadel Fucsia, el accesorio ideal para potenciar tu juego. Dise\u00f1o ergon\u00f3mico, reducci\u00f3n de vibraciones y m\u00e1xima comodidad. \u00a1Disponible en Revolution Padel Store!\\\"\",\"breadcrumb\":{\"@id\":\"https:\\\/\\\/revolutionpadelstore.com\\\/en\\\/hesacore-bullpadel-woman-fucsia-2\\\/#breadcrumb\"},\"inLanguage\":\"en-US\",\"potentialAction\":[{\"@type\":\"ReadAction\",\"target\":[\"https:\\\/\\\/revolutionpadelstore.com\\\/en\\\/hesacore-bullpadel-woman-fucsia-2\\\/\"]}]},{\"@type\":\"ImageObject\",\"inLanguage\":\"en-US\",\"@id\":\"https:\\\/\\\/revolutionpadelstore.com\\\/en\\\/hesacore-bullpadel-woman-fucsia-2\\\/#primaryimage\",\"url\":\"https:\\\/\\\/revolutionpadelstore.com\\\/wp-content\\\/uploads\\\/2024\\\/12\\\/imagen_1_26071_d2e07668_be66.webp\",\"contentUrl\":\"https:\\\/\\\/revolutionpadelstore.com\\\/wp-content\\\/uploads\\\/2024\\\/12\\\/imagen_1_26071_d2e07668_be66.webp\",\"width\":1000,\"height\":1000},{\"@type\":\"BreadcrumbList\",\"@id\":\"https:\\\/\\\/revolutionpadelstore.com\\\/en\\\/hesacore-bullpadel-woman-fucsia-2\\\/#breadcrumb\",\"itemListElement\":[{\"@type\":\"ListItem\",\"position\":1,\"name\":\"Portada\",\"item\":\"https:\\\/\\\/revolutionpadelstore.com\\\/en\\\/\"},{\"@type\":\"ListItem\",\"position\":2,\"name\":\"Shop\",\"item\":\"https:\\\/\\\/revolutionpadelstore.com\\\/en\\\/shop\\\/\"},{\"@type\":\"ListItem\",\"position\":3,\"name\":\"HESACORE BULLPADEL WOMAN FUCSIA\"}]},{\"@type\":\"WebSite\",\"@id\":\"https:\\\/\\\/revolutionpadelstore.com\\\/en\\\/#website\",\"url\":\"https:\\\/\\\/revolutionpadelstore.com\\\/en\\\/\",\"name\":\"Revolution Padel Store\",\"description\":\"\",\"publisher\":{\"@id\":\"https:\\\/\\\/revolutionpadelstore.com\\\/en\\\/#organization\"},\"potentialAction\":[{\"@type\":\"SearchAction\",\"target\":{\"@type\":\"EntryPoint\",\"urlTemplate\":\"https:\\\/\\\/revolutionpadelstore.com\\\/en\\\/?s={search_term_string}\"},\"query-input\":{\"@type\":\"PropertyValueSpecification\",\"valueRequired\":true,\"valueName\":\"search_term_string\"}}],\"inLanguage\":\"en-US\"},{\"@type\":\"Organization\",\"@id\":\"https:\\\/\\\/revolutionpadelstore.com\\\/en\\\/#organization\",\"name\":\"Revolution Padel Store\",\"url\":\"https:\\\/\\\/revolutionpadelstore.com\\\/en\\\/\",\"logo\":{\"@type\":\"ImageObject\",\"inLanguage\":\"en-US\",\"@id\":\"https:\\\/\\\/revolutionpadelstore.com\\\/en\\\/#\\\/schema\\\/logo\\\/image\\\/\",\"url\":\"https:\\\/\\\/revolutionpadelstore.com\\\/wp-content\\\/uploads\\\/2026\\\/02\\\/revolution-padel-store.jpg\",\"contentUrl\":\"https:\\\/\\\/revolutionpadelstore.com\\\/wp-content\\\/uploads\\\/2026\\\/02\\\/revolution-padel-store.jpg\",\"width\":2000,\"height\":2000,\"caption\":\"Revolution Padel Store\"},\"image\":{\"@id\":\"https:\\\/\\\/revolutionpadelstore.com\\\/en\\\/#\\\/schema\\\/logo\\\/image\\\/\"},\"sameAs\":[\"https:\\\/\\\/www.instagram.com\\\/revolutionpadelstore\\\/\"]}]}<\/script>\n<!-- \/ Yoast SEO plugin. -->","yoast_head_json":{"title":"HESACORE BULLPADEL WOMAN FUCSIA - Revolution Padel Store","description":"\"Descubre el Hesacore Grip Bullpadel Fucsia, el accesorio ideal para potenciar tu juego. Dise\u00f1o ergon\u00f3mico, reducci\u00f3n de vibraciones y m\u00e1xima comodidad. \u00a1Disponible en Revolution Padel Store!\"","robots":{"index":"index","follow":"follow","max-snippet":"max-snippet:-1","max-image-preview":"max-image-preview:large","max-video-preview":"max-video-preview:-1"},"canonical":"https:\/\/revolutionpadelstore.com\/en\/hesacore-bullpadel-woman-fucsia-2\/","og_locale":"en_US","og_type":"article","og_title":"HESACORE BULLPADEL WOMAN FUCSIA - Revolution Padel Store","og_description":"\"Descubre el Hesacore Grip Bullpadel Fucsia, el accesorio ideal para potenciar tu juego. Dise\u00f1o ergon\u00f3mico, reducci\u00f3n de vibraciones y m\u00e1xima comodidad. \u00a1Disponible en Revolution Padel Store!\"","og_url":"https:\/\/revolutionpadelstore.com\/en\/hesacore-bullpadel-woman-fucsia-2\/","og_site_name":"Revolution Padel Store","article_modified_time":"2026-04-08T06:41:35+00:00","og_image":[{"width":1000,"height":1000,"url":"https:\/\/revolutionpadelstore.com\/wp-content\/uploads\/2024\/12\/imagen_1_26071_d2e07668_be66.webp","type":"image\/webp"}],"twitter_card":"summary_large_image","twitter_misc":{"Est. reading time":"2 minutes"},"schema":{"@context":"https:\/\/schema.org","@graph":[{"@type":"WebPage","@id":"https:\/\/revolutionpadelstore.com\/en\/hesacore-bullpadel-woman-fucsia-2\/","url":"https:\/\/revolutionpadelstore.com\/en\/hesacore-bullpadel-woman-fucsia-2\/","name":"HESACORE BULLPADEL WOMAN FUCSIA - Revolution Padel Store","isPartOf":{"@id":"https:\/\/revolutionpadelstore.com\/en\/#website"},"primaryImageOfPage":{"@id":"https:\/\/revolutionpadelstore.com\/en\/hesacore-bullpadel-woman-fucsia-2\/#primaryimage"},"image":{"@id":"https:\/\/revolutionpadelstore.com\/en\/hesacore-bullpadel-woman-fucsia-2\/#primaryimage"},"thumbnailUrl":"https:\/\/revolutionpadelstore.com\/wp-content\/uploads\/2024\/12\/imagen_1_26071_d2e07668_be66.webp","datePublished":"2024-12-29T23:21:36+00:00","dateModified":"2026-04-08T06:41:35+00:00","description":"\"Descubre el Hesacore Grip Bullpadel Fucsia, el accesorio ideal para potenciar tu juego. Dise\u00f1o ergon\u00f3mico, reducci\u00f3n de vibraciones y m\u00e1xima comodidad. \u00a1Disponible en Revolution Padel Store!\"","breadcrumb":{"@id":"https:\/\/revolutionpadelstore.com\/en\/hesacore-bullpadel-woman-fucsia-2\/#breadcrumb"},"inLanguage":"en-US","potentialAction":[{"@type":"ReadAction","target":["https:\/\/revolutionpadelstore.com\/en\/hesacore-bullpadel-woman-fucsia-2\/"]}]},{"@type":"ImageObject","inLanguage":"en-US","@id":"https:\/\/revolutionpadelstore.com\/en\/hesacore-bullpadel-woman-fucsia-2\/#primaryimage","url":"https:\/\/revolutionpadelstore.com\/wp-content\/uploads\/2024\/12\/imagen_1_26071_d2e07668_be66.webp","contentUrl":"https:\/\/revolutionpadelstore.com\/wp-content\/uploads\/2024\/12\/imagen_1_26071_d2e07668_be66.webp","width":1000,"height":1000},{"@type":"BreadcrumbList","@id":"https:\/\/revolutionpadelstore.com\/en\/hesacore-bullpadel-woman-fucsia-2\/#breadcrumb","itemListElement":[{"@type":"ListItem","position":1,"name":"Portada","item":"https:\/\/revolutionpadelstore.com\/en\/"},{"@type":"ListItem","position":2,"name":"Shop","item":"https:\/\/revolutionpadelstore.com\/en\/shop\/"},{"@type":"ListItem","position":3,"name":"HESACORE BULLPADEL WOMAN FUCSIA"}]},{"@type":"WebSite","@id":"https:\/\/revolutionpadelstore.com\/en\/#website","url":"https:\/\/revolutionpadelstore.com\/en\/","name":"Revolution Padel Store","description":"","publisher":{"@id":"https:\/\/revolutionpadelstore.com\/en\/#organization"},"potentialAction":[{"@type":"SearchAction","target":{"@type":"EntryPoint","urlTemplate":"https:\/\/revolutionpadelstore.com\/en\/?s={search_term_string}"},"query-input":{"@type":"PropertyValueSpecification","valueRequired":true,"valueName":"search_term_string"}}],"inLanguage":"en-US"},{"@type":"Organization","@id":"https:\/\/revolutionpadelstore.com\/en\/#organization","name":"Revolution Padel Store","url":"https:\/\/revolutionpadelstore.com\/en\/","logo":{"@type":"ImageObject","inLanguage":"en-US","@id":"https:\/\/revolutionpadelstore.com\/en\/#\/schema\/logo\/image\/","url":"https:\/\/revolutionpadelstore.com\/wp-content\/uploads\/2026\/02\/revolution-padel-store.jpg","contentUrl":"https:\/\/revolutionpadelstore.com\/wp-content\/uploads\/2026\/02\/revolution-padel-store.jpg","width":2000,"height":2000,"caption":"Revolution Padel Store"},"image":{"@id":"https:\/\/revolutionpadelstore.com\/en\/#\/schema\/logo\/image\/"},"sameAs":["https:\/\/www.instagram.com\/revolutionpadelstore\/"]}]}},"_links":{"self":[{"href":"https:\/\/revolutionpadelstore.com\/en\/wp-json\/wp\/v2\/product\/157768","targetHints":{"allow":["GET"]}}],"collection":[{"href":"https:\/\/revolutionpadelstore.com\/en\/wp-json\/wp\/v2\/product"}],"about":[{"href":"https:\/\/revolutionpadelstore.com\/en\/wp-json\/wp\/v2\/types\/product"}],"replies":[{"embeddable":true,"href":"https:\/\/revolutionpadelstore.com\/en\/wp-json\/wp\/v2\/comments?post=157768"}],"wp:featuredmedia":[{"embeddable":true,"href":"https:\/\/revolutionpadelstore.com\/en\/wp-json\/wp\/v2\/media\/157763"}],"wp:attachment":[{"href":"https:\/\/revolutionpadelstore.com\/en\/wp-json\/wp\/v2\/media?parent=157768"}],"wp:term":[{"taxonomy":"acabado","embeddable":true,"href":"https:\/\/revolutionpadelstore.com\/en\/wp-json\/wp\/v2\/acabado?post=157768"},{"taxonomy":"balance","embeddable":true,"href":"https:\/\/revolutionpadelstore.com\/en\/wp-json\/wp\/v2\/balance?post=157768"},{"taxonomy":"dureza","embeddable":true,"href":"https:\/\/revolutionpadelstore.com\/en\/wp-json\/wp\/v2\/dureza?post=157768"},{"taxonomy":"forma","embeddable":true,"href":"https:\/\/revolutionpadelstore.com\/en\/wp-json\/wp\/v2\/forma?post=157768"},{"taxonomy":"jugador","embeddable":true,"href":"https:\/\/revolutionpadelstore.com\/en\/wp-json\/wp\/v2\/jugador?post=157768"},{"taxonomy":"marca","embeddable":true,"href":"https:\/\/revolutionpadelstore.com\/en\/wp-json\/wp\/v2\/marca?post=157768"},{"taxonomy":"nivel-de-juego","embeddable":true,"href":"https:\/\/revolutionpadelstore.com\/en\/wp-json\/wp\/v2\/nivel-de-juego?post=157768"},{"taxonomy":"superficie","embeddable":true,"href":"https:\/\/revolutionpadelstore.com\/en\/wp-json\/wp\/v2\/superficie?post=157768"},{"taxonomy":"tipo-de-juego","embeddable":true,"href":"https:\/\/revolutionpadelstore.com\/en\/wp-json\/wp\/v2\/tipo-de-juego?post=157768"},{"taxonomy":"product_brand","embeddable":true,"href":"https:\/\/revolutionpadelstore.com\/en\/wp-json\/wp\/v2\/product_brand?post=157768"},{"taxonomy":"product_cat","embeddable":true,"href":"https:\/\/revolutionpadelstore.com\/en\/wp-json\/wp\/v2\/product_cat?post=157768"},{"taxonomy":"product_tag","embeddable":true,"href":"https:\/\/revolutionpadelstore.com\/en\/wp-json\/wp\/v2\/product_tag?post=157768"}],"curies":[{"name":"wp","href":"https:\/\/api.w.org\/{rel}","templated":true}]}}