{"id":157170,"date":"2024-12-28T00:50:21","date_gmt":"2024-12-27T23:50:21","guid":{"rendered":"https:\/\/revolutionpadelstore.com\/bullpadel-indiga-girl-25\/"},"modified":"2026-04-08T08:54:10","modified_gmt":"2026-04-08T06:54:10","slug":"bullpadel-indiga-girl-25-2","status":"publish","type":"product","link":"https:\/\/revolutionpadelstore.com\/en\/bullpadel-indiga-girl-25-2\/","title":{"rendered":"BULLPADEL INDIGA GIRL 25"},"content":{"rendered":"<p><H2> Bullpadel Palas Indiga Girl. Perfects for the first blows in the paddle <\/ h2><br \/>\nThe <strong> Bullpadel Palas Indiga Boy and Girl <\/strong> are the ideal option for the little ones to start in the exciting world of the paddle. Designed specifically for beginner children, these blades combine an attractive design with characteristics that facilitate learning and make each blow a fun and simple experience.<\/p>\n<h2> Main characteristics <\/ h2><br \/>\n<strong>-Grip Zone Technology <\/strong>: An innovation in the blade matrix that facilitates the right grip with a non-dominant hand, helping children quickly dominate the technique of blows.<\/p>\n<p><strong> -Argonomics adapted <\/strong>:<\/p>\n<p><strong>-comfortable empowle <\/strong>: Perfect for small hands, ensuring a firm and comfortable grip.<\/p>\n<p><strong> -Ligereza and maneuverability <\/strong>: ideal for children to handle the shovel easily.<\/p>\n<p><strong> -Employment core size <\/strong>: It offers a generous sweet point that improves control and accuracy in each blow.<\/p>\n<p><strong> -The attractive and colorful design <\/strong>: captures the attention of the little ones and motivates them to enjoy the sport.<br \/>\n<H2> Key benefits <\/ h2><br \/>\n<strong> -Facilita learning <\/strong>: Thanks to their design and technology, it allows children to learn naturally and fun.<\/p>\n<p><strong> -Segury and comfort <\/strong>: Grip and lightness ensure optimal and comfortable management for the little ones.<\/p>\n<p><strong>-High quality materials <\/strong>: They guarantee durability that supports the rhythm of young players.<br \/>\n<H2> Why choose the Bullpadel Palas Indiga Boy and Girl?<br \/>\nWith their focus on comfort, learning and fun, the <strong> Indiga Boy and Girl <\/strong> are the perfect blades for children to take their first steps in the paddle. Its ergonomic design and the innovative Grip Zone technology will help them learn the bases of the game while enjoying the maximum on the track.<\/p>\n<p><strong> now available in our online store <a href=\"http:\/\/www.revolutionpadelstore.com\/\"> www.revolutionpadelstore.com <\/a> at the best market price. Discover the ideal shovel for the little paddle champions! <\/strong><\/p>\n<h2>Palas Bullpadel Indiga Girl.Perfectas para los Primeros Golpes en el P\u00e1del<\/h2>\n","protected":false},"excerpt":{"rendered":"<p>The <strong> Bullpadel Palas Indiga Boy and Girl <\/strong> are the ideal option for the little ones to start in the exciting world of the paddle.<strong>palas Bullpadel Indiga Boy y Girl<\/strong><\/p>\n","protected":false},"featured_media":157147,"comment_status":"open","ping_status":"closed","template":"","meta":{"_acf_changed":false,"_joinchat":[]},"acabado":[],"balance":[],"dureza":[],"forma":[],"jugador":[1208,1198],"marca":[1258],"nivel-de-juego":[],"superficie":[],"tipo-de-juego":[],"product_brand":[],"product_cat":[303],"product_tag":[],"class_list":{"0":"post-157170","1":"product","2":"type-product","3":"status-publish","4":"has-post-thumbnail","6":"jugador-junior-en","7":"jugador-woman","8":"marca-bullpadel-en","9":"product_cat-palas","11":"first","12":"instock","13":"sale","14":"taxable","15":"shipping-taxable","16":"purchasable","17":"product-type-simple"},"acf":[],"yoast_head":"<!-- This site is optimized with the Yoast SEO plugin v27.4 - https:\/\/yoast.com\/product\/yoast-seo-wordpress\/ -->\n<title>BULLPADEL INDIGA GIRL 25 - Revolution Padel Store<\/title>\n<meta name=\"description\" content=\"Descubre las palas Bullpadel Indiga Boy y Girl, dise\u00f1adas para ni\u00f1os principiantes. Con tecnolog\u00eda Grip Zone y dise\u00f1o ergon\u00f3mico, son ideales para aprender. \u00a1Compra online en www.revolutionpadelstore.com!\" \/>\n<meta name=\"robots\" content=\"index, follow, max-snippet:-1, max-image-preview:large, max-video-preview:-1\" \/>\n<link rel=\"canonical\" href=\"https:\/\/revolutionpadelstore.com\/en\/bullpadel-indiga-girl-25-2\/\" \/>\n<meta property=\"og:locale\" content=\"en_US\" \/>\n<meta property=\"og:type\" content=\"article\" \/>\n<meta property=\"og:title\" content=\"BULLPADEL INDIGA GIRL 25 - Revolution Padel Store\" \/>\n<meta property=\"og:description\" content=\"Descubre las palas Bullpadel Indiga Boy y Girl, dise\u00f1adas para ni\u00f1os principiantes. Con tecnolog\u00eda Grip Zone y dise\u00f1o ergon\u00f3mico, son ideales para aprender. \u00a1Compra online en www.revolutionpadelstore.com!\" \/>\n<meta property=\"og:url\" content=\"https:\/\/revolutionpadelstore.com\/en\/bullpadel-indiga-girl-25-2\/\" \/>\n<meta property=\"og:site_name\" content=\"Revolution Padel Store\" \/>\n<meta property=\"article:modified_time\" content=\"2026-04-08T06:54:10+00:00\" \/>\n<meta property=\"og:image\" content=\"https:\/\/revolutionpadelstore.com\/wp-content\/uploads\/2024\/12\/70.png\" \/>\n\t<meta property=\"og:image:width\" content=\"1500\" \/>\n\t<meta property=\"og:image:height\" content=\"1500\" \/>\n\t<meta property=\"og:image:type\" content=\"image\/png\" \/>\n<meta name=\"twitter:card\" content=\"summary_large_image\" \/>\n<meta name=\"twitter:label1\" content=\"Est. reading time\" \/>\n\t<meta name=\"twitter:data1\" content=\"2 minutes\" \/>\n<script type=\"application\/ld+json\" class=\"yoast-schema-graph\">{\"@context\":\"https:\\\/\\\/schema.org\",\"@graph\":[{\"@type\":\"WebPage\",\"@id\":\"https:\\\/\\\/revolutionpadelstore.com\\\/en\\\/bullpadel-indiga-girl-25-2\\\/\",\"url\":\"https:\\\/\\\/revolutionpadelstore.com\\\/en\\\/bullpadel-indiga-girl-25-2\\\/\",\"name\":\"BULLPADEL INDIGA GIRL 25 - Revolution Padel Store\",\"isPartOf\":{\"@id\":\"https:\\\/\\\/revolutionpadelstore.com\\\/en\\\/#website\"},\"primaryImageOfPage\":{\"@id\":\"https:\\\/\\\/revolutionpadelstore.com\\\/en\\\/bullpadel-indiga-girl-25-2\\\/#primaryimage\"},\"image\":{\"@id\":\"https:\\\/\\\/revolutionpadelstore.com\\\/en\\\/bullpadel-indiga-girl-25-2\\\/#primaryimage\"},\"thumbnailUrl\":\"https:\\\/\\\/revolutionpadelstore.com\\\/wp-content\\\/uploads\\\/2024\\\/12\\\/70.png\",\"datePublished\":\"2024-12-27T23:50:21+00:00\",\"dateModified\":\"2026-04-08T06:54:10+00:00\",\"description\":\"Descubre las palas Bullpadel Indiga Boy y Girl, dise\u00f1adas para ni\u00f1os principiantes. Con tecnolog\u00eda Grip Zone y dise\u00f1o ergon\u00f3mico, son ideales para aprender. \u00a1Compra online en www.revolutionpadelstore.com!\",\"breadcrumb\":{\"@id\":\"https:\\\/\\\/revolutionpadelstore.com\\\/en\\\/bullpadel-indiga-girl-25-2\\\/#breadcrumb\"},\"inLanguage\":\"en-US\",\"potentialAction\":[{\"@type\":\"ReadAction\",\"target\":[\"https:\\\/\\\/revolutionpadelstore.com\\\/en\\\/bullpadel-indiga-girl-25-2\\\/\"]}]},{\"@type\":\"ImageObject\",\"inLanguage\":\"en-US\",\"@id\":\"https:\\\/\\\/revolutionpadelstore.com\\\/en\\\/bullpadel-indiga-girl-25-2\\\/#primaryimage\",\"url\":\"https:\\\/\\\/revolutionpadelstore.com\\\/wp-content\\\/uploads\\\/2024\\\/12\\\/70.png\",\"contentUrl\":\"https:\\\/\\\/revolutionpadelstore.com\\\/wp-content\\\/uploads\\\/2024\\\/12\\\/70.png\",\"width\":1500,\"height\":1500},{\"@type\":\"BreadcrumbList\",\"@id\":\"https:\\\/\\\/revolutionpadelstore.com\\\/en\\\/bullpadel-indiga-girl-25-2\\\/#breadcrumb\",\"itemListElement\":[{\"@type\":\"ListItem\",\"position\":1,\"name\":\"Portada\",\"item\":\"https:\\\/\\\/revolutionpadelstore.com\\\/en\\\/\"},{\"@type\":\"ListItem\",\"position\":2,\"name\":\"Shop\",\"item\":\"https:\\\/\\\/revolutionpadelstore.com\\\/en\\\/shop\\\/\"},{\"@type\":\"ListItem\",\"position\":3,\"name\":\"BULLPADEL INDIGA GIRL 25\"}]},{\"@type\":\"WebSite\",\"@id\":\"https:\\\/\\\/revolutionpadelstore.com\\\/en\\\/#website\",\"url\":\"https:\\\/\\\/revolutionpadelstore.com\\\/en\\\/\",\"name\":\"Revolution Padel Store\",\"description\":\"\",\"publisher\":{\"@id\":\"https:\\\/\\\/revolutionpadelstore.com\\\/en\\\/#organization\"},\"potentialAction\":[{\"@type\":\"SearchAction\",\"target\":{\"@type\":\"EntryPoint\",\"urlTemplate\":\"https:\\\/\\\/revolutionpadelstore.com\\\/en\\\/?s={search_term_string}\"},\"query-input\":{\"@type\":\"PropertyValueSpecification\",\"valueRequired\":true,\"valueName\":\"search_term_string\"}}],\"inLanguage\":\"en-US\"},{\"@type\":\"Organization\",\"@id\":\"https:\\\/\\\/revolutionpadelstore.com\\\/en\\\/#organization\",\"name\":\"Revolution Padel Store\",\"url\":\"https:\\\/\\\/revolutionpadelstore.com\\\/en\\\/\",\"logo\":{\"@type\":\"ImageObject\",\"inLanguage\":\"en-US\",\"@id\":\"https:\\\/\\\/revolutionpadelstore.com\\\/en\\\/#\\\/schema\\\/logo\\\/image\\\/\",\"url\":\"https:\\\/\\\/revolutionpadelstore.com\\\/wp-content\\\/uploads\\\/2026\\\/02\\\/revolution-padel-store.jpg\",\"contentUrl\":\"https:\\\/\\\/revolutionpadelstore.com\\\/wp-content\\\/uploads\\\/2026\\\/02\\\/revolution-padel-store.jpg\",\"width\":2000,\"height\":2000,\"caption\":\"Revolution Padel Store\"},\"image\":{\"@id\":\"https:\\\/\\\/revolutionpadelstore.com\\\/en\\\/#\\\/schema\\\/logo\\\/image\\\/\"},\"sameAs\":[\"https:\\\/\\\/www.instagram.com\\\/revolutionpadelstore\\\/\"]}]}<\/script>\n<!-- \/ Yoast SEO plugin. -->","yoast_head_json":{"title":"BULLPADEL INDIGA GIRL 25 - Revolution Padel Store","description":"Descubre las palas Bullpadel Indiga Boy y Girl, dise\u00f1adas para ni\u00f1os principiantes. Con tecnolog\u00eda Grip Zone y dise\u00f1o ergon\u00f3mico, son ideales para aprender. \u00a1Compra online en www.revolutionpadelstore.com!","robots":{"index":"index","follow":"follow","max-snippet":"max-snippet:-1","max-image-preview":"max-image-preview:large","max-video-preview":"max-video-preview:-1"},"canonical":"https:\/\/revolutionpadelstore.com\/en\/bullpadel-indiga-girl-25-2\/","og_locale":"en_US","og_type":"article","og_title":"BULLPADEL INDIGA GIRL 25 - Revolution Padel Store","og_description":"Descubre las palas Bullpadel Indiga Boy y Girl, dise\u00f1adas para ni\u00f1os principiantes. Con tecnolog\u00eda Grip Zone y dise\u00f1o ergon\u00f3mico, son ideales para aprender. \u00a1Compra online en www.revolutionpadelstore.com!","og_url":"https:\/\/revolutionpadelstore.com\/en\/bullpadel-indiga-girl-25-2\/","og_site_name":"Revolution Padel Store","article_modified_time":"2026-04-08T06:54:10+00:00","og_image":[{"width":1500,"height":1500,"url":"https:\/\/revolutionpadelstore.com\/wp-content\/uploads\/2024\/12\/70.png","type":"image\/png"}],"twitter_card":"summary_large_image","twitter_misc":{"Est. reading time":"2 minutes"},"schema":{"@context":"https:\/\/schema.org","@graph":[{"@type":"WebPage","@id":"https:\/\/revolutionpadelstore.com\/en\/bullpadel-indiga-girl-25-2\/","url":"https:\/\/revolutionpadelstore.com\/en\/bullpadel-indiga-girl-25-2\/","name":"BULLPADEL INDIGA GIRL 25 - Revolution Padel Store","isPartOf":{"@id":"https:\/\/revolutionpadelstore.com\/en\/#website"},"primaryImageOfPage":{"@id":"https:\/\/revolutionpadelstore.com\/en\/bullpadel-indiga-girl-25-2\/#primaryimage"},"image":{"@id":"https:\/\/revolutionpadelstore.com\/en\/bullpadel-indiga-girl-25-2\/#primaryimage"},"thumbnailUrl":"https:\/\/revolutionpadelstore.com\/wp-content\/uploads\/2024\/12\/70.png","datePublished":"2024-12-27T23:50:21+00:00","dateModified":"2026-04-08T06:54:10+00:00","description":"Descubre las palas Bullpadel Indiga Boy y Girl, dise\u00f1adas para ni\u00f1os principiantes. Con tecnolog\u00eda Grip Zone y dise\u00f1o ergon\u00f3mico, son ideales para aprender. \u00a1Compra online en www.revolutionpadelstore.com!","breadcrumb":{"@id":"https:\/\/revolutionpadelstore.com\/en\/bullpadel-indiga-girl-25-2\/#breadcrumb"},"inLanguage":"en-US","potentialAction":[{"@type":"ReadAction","target":["https:\/\/revolutionpadelstore.com\/en\/bullpadel-indiga-girl-25-2\/"]}]},{"@type":"ImageObject","inLanguage":"en-US","@id":"https:\/\/revolutionpadelstore.com\/en\/bullpadel-indiga-girl-25-2\/#primaryimage","url":"https:\/\/revolutionpadelstore.com\/wp-content\/uploads\/2024\/12\/70.png","contentUrl":"https:\/\/revolutionpadelstore.com\/wp-content\/uploads\/2024\/12\/70.png","width":1500,"height":1500},{"@type":"BreadcrumbList","@id":"https:\/\/revolutionpadelstore.com\/en\/bullpadel-indiga-girl-25-2\/#breadcrumb","itemListElement":[{"@type":"ListItem","position":1,"name":"Portada","item":"https:\/\/revolutionpadelstore.com\/en\/"},{"@type":"ListItem","position":2,"name":"Shop","item":"https:\/\/revolutionpadelstore.com\/en\/shop\/"},{"@type":"ListItem","position":3,"name":"BULLPADEL INDIGA GIRL 25"}]},{"@type":"WebSite","@id":"https:\/\/revolutionpadelstore.com\/en\/#website","url":"https:\/\/revolutionpadelstore.com\/en\/","name":"Revolution Padel Store","description":"","publisher":{"@id":"https:\/\/revolutionpadelstore.com\/en\/#organization"},"potentialAction":[{"@type":"SearchAction","target":{"@type":"EntryPoint","urlTemplate":"https:\/\/revolutionpadelstore.com\/en\/?s={search_term_string}"},"query-input":{"@type":"PropertyValueSpecification","valueRequired":true,"valueName":"search_term_string"}}],"inLanguage":"en-US"},{"@type":"Organization","@id":"https:\/\/revolutionpadelstore.com\/en\/#organization","name":"Revolution Padel Store","url":"https:\/\/revolutionpadelstore.com\/en\/","logo":{"@type":"ImageObject","inLanguage":"en-US","@id":"https:\/\/revolutionpadelstore.com\/en\/#\/schema\/logo\/image\/","url":"https:\/\/revolutionpadelstore.com\/wp-content\/uploads\/2026\/02\/revolution-padel-store.jpg","contentUrl":"https:\/\/revolutionpadelstore.com\/wp-content\/uploads\/2026\/02\/revolution-padel-store.jpg","width":2000,"height":2000,"caption":"Revolution Padel Store"},"image":{"@id":"https:\/\/revolutionpadelstore.com\/en\/#\/schema\/logo\/image\/"},"sameAs":["https:\/\/www.instagram.com\/revolutionpadelstore\/"]}]}},"_links":{"self":[{"href":"https:\/\/revolutionpadelstore.com\/en\/wp-json\/wp\/v2\/product\/157170","targetHints":{"allow":["GET"]}}],"collection":[{"href":"https:\/\/revolutionpadelstore.com\/en\/wp-json\/wp\/v2\/product"}],"about":[{"href":"https:\/\/revolutionpadelstore.com\/en\/wp-json\/wp\/v2\/types\/product"}],"replies":[{"embeddable":true,"href":"https:\/\/revolutionpadelstore.com\/en\/wp-json\/wp\/v2\/comments?post=157170"}],"wp:featuredmedia":[{"embeddable":true,"href":"https:\/\/revolutionpadelstore.com\/en\/wp-json\/wp\/v2\/media\/157147"}],"wp:attachment":[{"href":"https:\/\/revolutionpadelstore.com\/en\/wp-json\/wp\/v2\/media?parent=157170"}],"wp:term":[{"taxonomy":"acabado","embeddable":true,"href":"https:\/\/revolutionpadelstore.com\/en\/wp-json\/wp\/v2\/acabado?post=157170"},{"taxonomy":"balance","embeddable":true,"href":"https:\/\/revolutionpadelstore.com\/en\/wp-json\/wp\/v2\/balance?post=157170"},{"taxonomy":"dureza","embeddable":true,"href":"https:\/\/revolutionpadelstore.com\/en\/wp-json\/wp\/v2\/dureza?post=157170"},{"taxonomy":"forma","embeddable":true,"href":"https:\/\/revolutionpadelstore.com\/en\/wp-json\/wp\/v2\/forma?post=157170"},{"taxonomy":"jugador","embeddable":true,"href":"https:\/\/revolutionpadelstore.com\/en\/wp-json\/wp\/v2\/jugador?post=157170"},{"taxonomy":"marca","embeddable":true,"href":"https:\/\/revolutionpadelstore.com\/en\/wp-json\/wp\/v2\/marca?post=157170"},{"taxonomy":"nivel-de-juego","embeddable":true,"href":"https:\/\/revolutionpadelstore.com\/en\/wp-json\/wp\/v2\/nivel-de-juego?post=157170"},{"taxonomy":"superficie","embeddable":true,"href":"https:\/\/revolutionpadelstore.com\/en\/wp-json\/wp\/v2\/superficie?post=157170"},{"taxonomy":"tipo-de-juego","embeddable":true,"href":"https:\/\/revolutionpadelstore.com\/en\/wp-json\/wp\/v2\/tipo-de-juego?post=157170"},{"taxonomy":"product_brand","embeddable":true,"href":"https:\/\/revolutionpadelstore.com\/en\/wp-json\/wp\/v2\/product_brand?post=157170"},{"taxonomy":"product_cat","embeddable":true,"href":"https:\/\/revolutionpadelstore.com\/en\/wp-json\/wp\/v2\/product_cat?post=157170"},{"taxonomy":"product_tag","embeddable":true,"href":"https:\/\/revolutionpadelstore.com\/en\/wp-json\/wp\/v2\/product_tag?post=157170"}],"curies":[{"name":"wp","href":"https:\/\/api.w.org\/{rel}","templated":true}]}}