{"id":157021,"date":"2024-12-27T14:13:16","date_gmt":"2024-12-27T13:13:16","guid":{"rendered":"https:\/\/revolutionpadelstore.com\/zapatilla-bullpadel-pearl-24i-blanco\/"},"modified":"2026-04-08T08:55:28","modified_gmt":"2026-04-08T06:55:28","slug":"zapatilla-bullpadel-pearl-24i-blanco-2","status":"publish","type":"product","link":"https:\/\/revolutionpadelstore.com\/en\/zapatilla-bullpadel-pearl-24i-blanco-2\/","title":{"rendered":"ZAPATILLA BULLPADEL PEARL 24I BLANCO"},"content":{"rendered":"<p><H2> <strong> Bullpadel Pearl shoes &#8211; inspired by Bea Gonz\u00e1lez <\/strong> <\/ h2><br \/>\nElevate your performance on the track with the Bullpadel Pearl shoes, designed in collaboration with the Bea Gonz\u00e1lez paddle star. This model combines the most advanced technology with an attractive design that will make you highlight in each game.<br \/>\n<H2> <strong> Main characteristics: <\/strong> <\/ h2><br \/>\n<strong>-Advanced Amortiguation: <\/strong> Its innovative system reduces the impact on the joints, guaranteeing comfort throughout the game.<\/p>\n<p><strong> -Imuela: <\/strong> offers an exceptional grip on various surfaces, allowing safer and more dynamic movements.<\/p>\n<p><strong>-Rear stabilizer: <\/strong> improves stability and prevents lesions during sudden changes of direction.<\/p>\n<p><strong> -Stype and lightweight: <\/strong> The upper mesh favors ventilation, keeping your fresh feet even in the most intense games.<\/p>\n<p><strong>-Strategic reprients: <\/strong> areas such as the toe are reinforced for greater durability.<\/p>\n<p><strong>-ERGONOMIC PLANTILLA: <\/strong> provides a perfect adjustment and superior comfort.<\/p>\n<p><strong>-Additional support in the ankle: <\/strong> ideal for rapid movements and unexpected turns.<br \/>\n<H2> <strong> Technical Specifications: <\/strong> <\/ h2><br \/>\n<strong> -Suela: <\/strong> hybrid<\/p>\n<p><strong> -Colores available: <\/strong> white, green and blue<\/p>\n<p>These shoes are perfect for players looking for high performance shoes without sacrificing style. Designed to adapt to the demands of the professional game, the Bullpadel Pearl guarantee you stability, durability and comfort in each step.<\/p>\n<p><strong> Do them yours now!<\/p>\n<h2><strong>Zapatillas Bullpadel Pearl \u2013 Inspiradas en Bea Gonz\u00e1lez<\/strong><\/p>\n","protected":false},"excerpt":{"rendered":"<p>Raise your runway performance with the Bullpadel Pearl shoes, designed in collaboration with the paddle player Bea Gonz\u00e1lez<\/p>\n","protected":false},"featured_media":156969,"comment_status":"open","ping_status":"closed","template":"","meta":{"_acf_changed":false,"_joinchat":[]},"acabado":[],"balance":[],"dureza":[],"forma":[],"jugador":[1198],"marca":[1258],"nivel-de-juego":[],"superficie":[],"tipo-de-juego":[],"product_brand":[],"product_cat":[829],"product_tag":[],"class_list":{"0":"post-157021","1":"product","2":"type-product","3":"status-publish","4":"has-post-thumbnail","6":"jugador-woman","7":"marca-bullpadel-en","8":"product_cat-sneakers","10":"first","11":"outofstock","12":"sale","13":"taxable","14":"shipping-taxable","15":"purchasable","16":"product-type-variable"},"acf":[],"yoast_head":"<!-- This site is optimized with the Yoast SEO plugin v27.4 - https:\/\/yoast.com\/product\/yoast-seo-wordpress\/ -->\n<title>ZAPATILLA BULLPADEL PEARL 24I BLANCO - Revolution Padel Store<\/title>\n<meta name=\"description\" content=\"Descubre las Zapatillas Bullpadel Pearl, dise\u00f1adas junto a Bea Gonz\u00e1lez. Tecnolog\u00eda avanzada, dise\u00f1o ligero y m\u00e1xima comodidad. \u00a1C\u00f3mpralas al mejor precio en Revolution Padel Store!\" \/>\n<meta name=\"robots\" content=\"index, follow, max-snippet:-1, max-image-preview:large, max-video-preview:-1\" \/>\n<link rel=\"canonical\" href=\"https:\/\/revolutionpadelstore.com\/en\/zapatilla-bullpadel-pearl-24i-blanco-2\/\" \/>\n<meta property=\"og:locale\" content=\"en_US\" \/>\n<meta property=\"og:type\" content=\"article\" \/>\n<meta property=\"og:title\" content=\"ZAPATILLA BULLPADEL PEARL 24I BLANCO - Revolution Padel Store\" \/>\n<meta property=\"og:description\" content=\"Descubre las Zapatillas Bullpadel Pearl, dise\u00f1adas junto a Bea Gonz\u00e1lez. Tecnolog\u00eda avanzada, dise\u00f1o ligero y m\u00e1xima comodidad. \u00a1C\u00f3mpralas al mejor precio en Revolution Padel Store!\" \/>\n<meta property=\"og:url\" content=\"https:\/\/revolutionpadelstore.com\/en\/zapatilla-bullpadel-pearl-24i-blanco-2\/\" \/>\n<meta property=\"og:site_name\" content=\"Revolution Padel Store\" \/>\n<meta property=\"article:modified_time\" content=\"2026-04-08T06:55:28+00:00\" \/>\n<meta property=\"og:image\" content=\"https:\/\/revolutionpadelstore.com\/wp-content\/uploads\/2024\/12\/62.png\" \/>\n\t<meta property=\"og:image:width\" content=\"1500\" \/>\n\t<meta property=\"og:image:height\" content=\"1500\" \/>\n\t<meta property=\"og:image:type\" content=\"image\/png\" \/>\n<meta name=\"twitter:card\" content=\"summary_large_image\" \/>\n<meta name=\"twitter:label1\" content=\"Est. reading time\" \/>\n\t<meta name=\"twitter:data1\" content=\"2 minutes\" \/>\n<script type=\"application\/ld+json\" class=\"yoast-schema-graph\">{\"@context\":\"https:\\\/\\\/schema.org\",\"@graph\":[{\"@type\":\"WebPage\",\"@id\":\"https:\\\/\\\/revolutionpadelstore.com\\\/en\\\/zapatilla-bullpadel-pearl-24i-blanco-2\\\/\",\"url\":\"https:\\\/\\\/revolutionpadelstore.com\\\/en\\\/zapatilla-bullpadel-pearl-24i-blanco-2\\\/\",\"name\":\"ZAPATILLA BULLPADEL PEARL 24I BLANCO - Revolution Padel Store\",\"isPartOf\":{\"@id\":\"https:\\\/\\\/revolutionpadelstore.com\\\/en\\\/#website\"},\"primaryImageOfPage\":{\"@id\":\"https:\\\/\\\/revolutionpadelstore.com\\\/en\\\/zapatilla-bullpadel-pearl-24i-blanco-2\\\/#primaryimage\"},\"image\":{\"@id\":\"https:\\\/\\\/revolutionpadelstore.com\\\/en\\\/zapatilla-bullpadel-pearl-24i-blanco-2\\\/#primaryimage\"},\"thumbnailUrl\":\"https:\\\/\\\/revolutionpadelstore.com\\\/wp-content\\\/uploads\\\/2024\\\/12\\\/62.png\",\"datePublished\":\"2024-12-27T13:13:16+00:00\",\"dateModified\":\"2026-04-08T06:55:28+00:00\",\"description\":\"Descubre las Zapatillas Bullpadel Pearl, dise\u00f1adas junto a Bea Gonz\u00e1lez. Tecnolog\u00eda avanzada, dise\u00f1o ligero y m\u00e1xima comodidad. \u00a1C\u00f3mpralas al mejor precio en Revolution Padel Store!\",\"breadcrumb\":{\"@id\":\"https:\\\/\\\/revolutionpadelstore.com\\\/en\\\/zapatilla-bullpadel-pearl-24i-blanco-2\\\/#breadcrumb\"},\"inLanguage\":\"en-US\",\"potentialAction\":[{\"@type\":\"ReadAction\",\"target\":[\"https:\\\/\\\/revolutionpadelstore.com\\\/en\\\/zapatilla-bullpadel-pearl-24i-blanco-2\\\/\"]}]},{\"@type\":\"ImageObject\",\"inLanguage\":\"en-US\",\"@id\":\"https:\\\/\\\/revolutionpadelstore.com\\\/en\\\/zapatilla-bullpadel-pearl-24i-blanco-2\\\/#primaryimage\",\"url\":\"https:\\\/\\\/revolutionpadelstore.com\\\/wp-content\\\/uploads\\\/2024\\\/12\\\/62.png\",\"contentUrl\":\"https:\\\/\\\/revolutionpadelstore.com\\\/wp-content\\\/uploads\\\/2024\\\/12\\\/62.png\",\"width\":1500,\"height\":1500},{\"@type\":\"BreadcrumbList\",\"@id\":\"https:\\\/\\\/revolutionpadelstore.com\\\/en\\\/zapatilla-bullpadel-pearl-24i-blanco-2\\\/#breadcrumb\",\"itemListElement\":[{\"@type\":\"ListItem\",\"position\":1,\"name\":\"Portada\",\"item\":\"https:\\\/\\\/revolutionpadelstore.com\\\/en\\\/\"},{\"@type\":\"ListItem\",\"position\":2,\"name\":\"Shop\",\"item\":\"https:\\\/\\\/revolutionpadelstore.com\\\/en\\\/shop\\\/\"},{\"@type\":\"ListItem\",\"position\":3,\"name\":\"ZAPATILLA BULLPADEL PEARL 24I BLANCO\"}]},{\"@type\":\"WebSite\",\"@id\":\"https:\\\/\\\/revolutionpadelstore.com\\\/en\\\/#website\",\"url\":\"https:\\\/\\\/revolutionpadelstore.com\\\/en\\\/\",\"name\":\"Revolution Padel Store\",\"description\":\"\",\"publisher\":{\"@id\":\"https:\\\/\\\/revolutionpadelstore.com\\\/en\\\/#organization\"},\"potentialAction\":[{\"@type\":\"SearchAction\",\"target\":{\"@type\":\"EntryPoint\",\"urlTemplate\":\"https:\\\/\\\/revolutionpadelstore.com\\\/en\\\/?s={search_term_string}\"},\"query-input\":{\"@type\":\"PropertyValueSpecification\",\"valueRequired\":true,\"valueName\":\"search_term_string\"}}],\"inLanguage\":\"en-US\"},{\"@type\":\"Organization\",\"@id\":\"https:\\\/\\\/revolutionpadelstore.com\\\/en\\\/#organization\",\"name\":\"Revolution Padel Store\",\"url\":\"https:\\\/\\\/revolutionpadelstore.com\\\/en\\\/\",\"logo\":{\"@type\":\"ImageObject\",\"inLanguage\":\"en-US\",\"@id\":\"https:\\\/\\\/revolutionpadelstore.com\\\/en\\\/#\\\/schema\\\/logo\\\/image\\\/\",\"url\":\"https:\\\/\\\/revolutionpadelstore.com\\\/wp-content\\\/uploads\\\/2026\\\/02\\\/revolution-padel-store.jpg\",\"contentUrl\":\"https:\\\/\\\/revolutionpadelstore.com\\\/wp-content\\\/uploads\\\/2026\\\/02\\\/revolution-padel-store.jpg\",\"width\":2000,\"height\":2000,\"caption\":\"Revolution Padel Store\"},\"image\":{\"@id\":\"https:\\\/\\\/revolutionpadelstore.com\\\/en\\\/#\\\/schema\\\/logo\\\/image\\\/\"},\"sameAs\":[\"https:\\\/\\\/www.instagram.com\\\/revolutionpadelstore\\\/\"]}]}<\/script>\n<!-- \/ Yoast SEO plugin. -->","yoast_head_json":{"title":"ZAPATILLA BULLPADEL PEARL 24I BLANCO - Revolution Padel Store","description":"Descubre las Zapatillas Bullpadel Pearl, dise\u00f1adas junto a Bea Gonz\u00e1lez. Tecnolog\u00eda avanzada, dise\u00f1o ligero y m\u00e1xima comodidad. \u00a1C\u00f3mpralas al mejor precio en Revolution Padel Store!","robots":{"index":"index","follow":"follow","max-snippet":"max-snippet:-1","max-image-preview":"max-image-preview:large","max-video-preview":"max-video-preview:-1"},"canonical":"https:\/\/revolutionpadelstore.com\/en\/zapatilla-bullpadel-pearl-24i-blanco-2\/","og_locale":"en_US","og_type":"article","og_title":"ZAPATILLA BULLPADEL PEARL 24I BLANCO - Revolution Padel Store","og_description":"Descubre las Zapatillas Bullpadel Pearl, dise\u00f1adas junto a Bea Gonz\u00e1lez. Tecnolog\u00eda avanzada, dise\u00f1o ligero y m\u00e1xima comodidad. \u00a1C\u00f3mpralas al mejor precio en Revolution Padel Store!","og_url":"https:\/\/revolutionpadelstore.com\/en\/zapatilla-bullpadel-pearl-24i-blanco-2\/","og_site_name":"Revolution Padel Store","article_modified_time":"2026-04-08T06:55:28+00:00","og_image":[{"width":1500,"height":1500,"url":"https:\/\/revolutionpadelstore.com\/wp-content\/uploads\/2024\/12\/62.png","type":"image\/png"}],"twitter_card":"summary_large_image","twitter_misc":{"Est. reading time":"2 minutes"},"schema":{"@context":"https:\/\/schema.org","@graph":[{"@type":"WebPage","@id":"https:\/\/revolutionpadelstore.com\/en\/zapatilla-bullpadel-pearl-24i-blanco-2\/","url":"https:\/\/revolutionpadelstore.com\/en\/zapatilla-bullpadel-pearl-24i-blanco-2\/","name":"ZAPATILLA BULLPADEL PEARL 24I BLANCO - Revolution Padel Store","isPartOf":{"@id":"https:\/\/revolutionpadelstore.com\/en\/#website"},"primaryImageOfPage":{"@id":"https:\/\/revolutionpadelstore.com\/en\/zapatilla-bullpadel-pearl-24i-blanco-2\/#primaryimage"},"image":{"@id":"https:\/\/revolutionpadelstore.com\/en\/zapatilla-bullpadel-pearl-24i-blanco-2\/#primaryimage"},"thumbnailUrl":"https:\/\/revolutionpadelstore.com\/wp-content\/uploads\/2024\/12\/62.png","datePublished":"2024-12-27T13:13:16+00:00","dateModified":"2026-04-08T06:55:28+00:00","description":"Descubre las Zapatillas Bullpadel Pearl, dise\u00f1adas junto a Bea Gonz\u00e1lez. Tecnolog\u00eda avanzada, dise\u00f1o ligero y m\u00e1xima comodidad. \u00a1C\u00f3mpralas al mejor precio en Revolution Padel Store!","breadcrumb":{"@id":"https:\/\/revolutionpadelstore.com\/en\/zapatilla-bullpadel-pearl-24i-blanco-2\/#breadcrumb"},"inLanguage":"en-US","potentialAction":[{"@type":"ReadAction","target":["https:\/\/revolutionpadelstore.com\/en\/zapatilla-bullpadel-pearl-24i-blanco-2\/"]}]},{"@type":"ImageObject","inLanguage":"en-US","@id":"https:\/\/revolutionpadelstore.com\/en\/zapatilla-bullpadel-pearl-24i-blanco-2\/#primaryimage","url":"https:\/\/revolutionpadelstore.com\/wp-content\/uploads\/2024\/12\/62.png","contentUrl":"https:\/\/revolutionpadelstore.com\/wp-content\/uploads\/2024\/12\/62.png","width":1500,"height":1500},{"@type":"BreadcrumbList","@id":"https:\/\/revolutionpadelstore.com\/en\/zapatilla-bullpadel-pearl-24i-blanco-2\/#breadcrumb","itemListElement":[{"@type":"ListItem","position":1,"name":"Portada","item":"https:\/\/revolutionpadelstore.com\/en\/"},{"@type":"ListItem","position":2,"name":"Shop","item":"https:\/\/revolutionpadelstore.com\/en\/shop\/"},{"@type":"ListItem","position":3,"name":"ZAPATILLA BULLPADEL PEARL 24I BLANCO"}]},{"@type":"WebSite","@id":"https:\/\/revolutionpadelstore.com\/en\/#website","url":"https:\/\/revolutionpadelstore.com\/en\/","name":"Revolution Padel Store","description":"","publisher":{"@id":"https:\/\/revolutionpadelstore.com\/en\/#organization"},"potentialAction":[{"@type":"SearchAction","target":{"@type":"EntryPoint","urlTemplate":"https:\/\/revolutionpadelstore.com\/en\/?s={search_term_string}"},"query-input":{"@type":"PropertyValueSpecification","valueRequired":true,"valueName":"search_term_string"}}],"inLanguage":"en-US"},{"@type":"Organization","@id":"https:\/\/revolutionpadelstore.com\/en\/#organization","name":"Revolution Padel Store","url":"https:\/\/revolutionpadelstore.com\/en\/","logo":{"@type":"ImageObject","inLanguage":"en-US","@id":"https:\/\/revolutionpadelstore.com\/en\/#\/schema\/logo\/image\/","url":"https:\/\/revolutionpadelstore.com\/wp-content\/uploads\/2026\/02\/revolution-padel-store.jpg","contentUrl":"https:\/\/revolutionpadelstore.com\/wp-content\/uploads\/2026\/02\/revolution-padel-store.jpg","width":2000,"height":2000,"caption":"Revolution Padel Store"},"image":{"@id":"https:\/\/revolutionpadelstore.com\/en\/#\/schema\/logo\/image\/"},"sameAs":["https:\/\/www.instagram.com\/revolutionpadelstore\/"]}]}},"_links":{"self":[{"href":"https:\/\/revolutionpadelstore.com\/en\/wp-json\/wp\/v2\/product\/157021","targetHints":{"allow":["GET"]}}],"collection":[{"href":"https:\/\/revolutionpadelstore.com\/en\/wp-json\/wp\/v2\/product"}],"about":[{"href":"https:\/\/revolutionpadelstore.com\/en\/wp-json\/wp\/v2\/types\/product"}],"replies":[{"embeddable":true,"href":"https:\/\/revolutionpadelstore.com\/en\/wp-json\/wp\/v2\/comments?post=157021"}],"wp:featuredmedia":[{"embeddable":true,"href":"https:\/\/revolutionpadelstore.com\/en\/wp-json\/wp\/v2\/media\/156969"}],"wp:attachment":[{"href":"https:\/\/revolutionpadelstore.com\/en\/wp-json\/wp\/v2\/media?parent=157021"}],"wp:term":[{"taxonomy":"acabado","embeddable":true,"href":"https:\/\/revolutionpadelstore.com\/en\/wp-json\/wp\/v2\/acabado?post=157021"},{"taxonomy":"balance","embeddable":true,"href":"https:\/\/revolutionpadelstore.com\/en\/wp-json\/wp\/v2\/balance?post=157021"},{"taxonomy":"dureza","embeddable":true,"href":"https:\/\/revolutionpadelstore.com\/en\/wp-json\/wp\/v2\/dureza?post=157021"},{"taxonomy":"forma","embeddable":true,"href":"https:\/\/revolutionpadelstore.com\/en\/wp-json\/wp\/v2\/forma?post=157021"},{"taxonomy":"jugador","embeddable":true,"href":"https:\/\/revolutionpadelstore.com\/en\/wp-json\/wp\/v2\/jugador?post=157021"},{"taxonomy":"marca","embeddable":true,"href":"https:\/\/revolutionpadelstore.com\/en\/wp-json\/wp\/v2\/marca?post=157021"},{"taxonomy":"nivel-de-juego","embeddable":true,"href":"https:\/\/revolutionpadelstore.com\/en\/wp-json\/wp\/v2\/nivel-de-juego?post=157021"},{"taxonomy":"superficie","embeddable":true,"href":"https:\/\/revolutionpadelstore.com\/en\/wp-json\/wp\/v2\/superficie?post=157021"},{"taxonomy":"tipo-de-juego","embeddable":true,"href":"https:\/\/revolutionpadelstore.com\/en\/wp-json\/wp\/v2\/tipo-de-juego?post=157021"},{"taxonomy":"product_brand","embeddable":true,"href":"https:\/\/revolutionpadelstore.com\/en\/wp-json\/wp\/v2\/product_brand?post=157021"},{"taxonomy":"product_cat","embeddable":true,"href":"https:\/\/revolutionpadelstore.com\/en\/wp-json\/wp\/v2\/product_cat?post=157021"},{"taxonomy":"product_tag","embeddable":true,"href":"https:\/\/revolutionpadelstore.com\/en\/wp-json\/wp\/v2\/product_tag?post=157021"}],"curies":[{"name":"wp","href":"https:\/\/api.w.org\/{rel}","templated":true}]}}