{"id":156710,"date":"2024-12-22T23:28:32","date_gmt":"2024-12-22T22:28:32","guid":{"rendered":"https:\/\/revolutionpadelstore.com\/mochila-nox-at10-team-grey\/"},"modified":"2026-04-01T05:43:48","modified_gmt":"2026-04-01T03:43:48","slug":"mochila-nox-at10-team-grey-2","status":"publish","type":"product","link":"https:\/\/revolutionpadelstore.com\/en\/mochila-nox-at10-team-grey-2\/","title":{"rendered":"MOCHILA NOX AT10 TEAM GREY"},"content":{"rendered":"<p><H2> NOX AT10 TEAM GRAY BACKGRESS OF AGUSTIN TAPIA. Designed for elite players and paddle fans <\/ h2><br \/>\nThe <strong> nox at10 team backpack Developed in collaboration with the talented <strong> Agust\u00edn Tapia <\/strong>, this backpack offers space and comfort to transport all your equipment safely and organized.<br \/>\n<H2> Outstanding characteristics: <\/ h2><br \/>\n<strong>-28-liter capital <\/strong> to carry everything essential.<\/p>\n<p><strong> -The main padding <\/strong> ideal to protect your shovel or a laptop.<\/p>\n<p><strong> -Second broad compartment <\/strong> for equipment and accessories.<\/p>\n<p><strong> -Space for 2 blades <\/strong>, guaranteeing protection and comfort.<\/p>\n<p><strong> -S ventilated for footwear <\/strong> on the front.<\/p>\n<p>-Multiple side backs to save small personal objects.<\/p>\n<p><strong>-Ergonomic design <\/strong> in belts and backup for maximum comfort and air circulation during use.<br \/>\n<H2> Advantages of choosing the nox at10 team backpack: <\/ h2><br \/>\n<strong>-exclusive styl <\/strong>: inspired by the aesthetics of Agust\u00edn Tapia&#8217;s flagship shovel.<\/p>\n<p><strong>-upper comment <\/strong>: Ergonomic system that reduces the load on the back.<\/p>\n<p><strong> -Us insured <\/strong>: High quality materials that resist intensive use.<\/p>\n<p>With the nox at10 team backpack, you will enjoy the practicality you need without giving up the style and quality that characterize the <strong> nox <\/strong> products, a leading brand in the world of paddle.<\/p>\n<p><strong> do it now and experience the difference! Best market price.<\/p>\n<h2>Mochila Nox AT10 Team Grey de Agust\u00edn Tapia. Dise\u00f1ada para jugadores de \u00e9lite y fan\u00e1ticos del p\u00e1del<\/h2>\n","protected":false},"excerpt":{"rendered":"<p>The Nox At10 Team backpack, designed in honor of the Agust\u00edn Tapia shovel, stands out for its quality, functionality and ergonomic design. It is perfect for carrying your equipment, footwear and personal belongings during your games.<\/p>\n","protected":false},"featured_media":156675,"comment_status":"open","ping_status":"closed","template":"","meta":{"_acf_changed":false,"_joinchat":[]},"acabado":[],"balance":[],"dureza":[],"forma":[],"jugador":[],"marca":[1263],"nivel-de-juego":[],"superficie":[],"tipo-de-juego":[],"product_brand":[],"product_cat":[322],"product_tag":[],"class_list":{"0":"post-156710","1":"product","2":"type-product","3":"status-publish","4":"has-post-thumbnail","6":"marca-nox-en","7":"product_cat-bags","9":"first","10":"outofstock","11":"sale","12":"taxable","13":"shipping-taxable","14":"purchasable","15":"product-type-simple"},"acf":[],"yoast_head":"<!-- This site is optimized with the Yoast SEO plugin v27.3 - https:\/\/yoast.com\/product\/yoast-seo-wordpress\/ -->\n<title>MOCHILA NOX AT10 TEAM GREY - Revolution Padel Store<\/title>\n<meta name=\"description\" content=\"Descubre la Mochila Nox AT10 Team de Agust\u00edn Tapia, con dise\u00f1o ergon\u00f3mico, capacidad de 28 litros y compartimentos para 2 palas. \u00a1Compra online en Revolution Padel Store!\" \/>\n<meta name=\"robots\" content=\"index, follow, max-snippet:-1, max-image-preview:large, max-video-preview:-1\" \/>\n<link rel=\"canonical\" href=\"https:\/\/revolutionpadelstore.com\/en\/mochila-nox-at10-team-grey-2\/\" \/>\n<meta property=\"og:locale\" content=\"en_US\" \/>\n<meta property=\"og:type\" content=\"article\" \/>\n<meta property=\"og:title\" content=\"MOCHILA NOX AT10 TEAM GREY - Revolution Padel Store\" \/>\n<meta property=\"og:description\" content=\"Descubre la Mochila Nox AT10 Team de Agust\u00edn Tapia, con dise\u00f1o ergon\u00f3mico, capacidad de 28 litros y compartimentos para 2 palas. \u00a1Compra online en Revolution Padel Store!\" \/>\n<meta property=\"og:url\" content=\"https:\/\/revolutionpadelstore.com\/en\/mochila-nox-at10-team-grey-2\/\" \/>\n<meta property=\"og:site_name\" content=\"Revolution Padel Store\" \/>\n<meta property=\"article:modified_time\" content=\"2026-04-01T03:43:48+00:00\" \/>\n<meta property=\"og:image\" content=\"https:\/\/revolutionpadelstore.com\/wp-content\/uploads\/2024\/12\/113144_mochila_nox_at10_team_mocat10tegr_1500x1500_1_2648.webp\" \/>\n\t<meta property=\"og:image:width\" content=\"1500\" \/>\n\t<meta property=\"og:image:height\" content=\"1500\" \/>\n\t<meta property=\"og:image:type\" content=\"image\/webp\" \/>\n<meta name=\"twitter:card\" content=\"summary_large_image\" \/>\n<meta name=\"twitter:label1\" content=\"Est. reading time\" \/>\n\t<meta name=\"twitter:data1\" content=\"2 minutes\" \/>\n<script type=\"application\/ld+json\" class=\"yoast-schema-graph\">{\"@context\":\"https:\\\/\\\/schema.org\",\"@graph\":[{\"@type\":\"WebPage\",\"@id\":\"https:\\\/\\\/revolutionpadelstore.com\\\/en\\\/mochila-nox-at10-team-grey-2\\\/\",\"url\":\"https:\\\/\\\/revolutionpadelstore.com\\\/en\\\/mochila-nox-at10-team-grey-2\\\/\",\"name\":\"MOCHILA NOX AT10 TEAM GREY - Revolution Padel Store\",\"isPartOf\":{\"@id\":\"https:\\\/\\\/revolutionpadelstore.com\\\/en\\\/#website\"},\"primaryImageOfPage\":{\"@id\":\"https:\\\/\\\/revolutionpadelstore.com\\\/en\\\/mochila-nox-at10-team-grey-2\\\/#primaryimage\"},\"image\":{\"@id\":\"https:\\\/\\\/revolutionpadelstore.com\\\/en\\\/mochila-nox-at10-team-grey-2\\\/#primaryimage\"},\"thumbnailUrl\":\"https:\\\/\\\/revolutionpadelstore.com\\\/wp-content\\\/uploads\\\/2024\\\/12\\\/113144_mochila_nox_at10_team_mocat10tegr_1500x1500_1_2648.webp\",\"datePublished\":\"2024-12-22T22:28:32+00:00\",\"dateModified\":\"2026-04-01T03:43:48+00:00\",\"description\":\"Descubre la Mochila Nox AT10 Team de Agust\u00edn Tapia, con dise\u00f1o ergon\u00f3mico, capacidad de 28 litros y compartimentos para 2 palas. \u00a1Compra online en Revolution Padel Store!\",\"breadcrumb\":{\"@id\":\"https:\\\/\\\/revolutionpadelstore.com\\\/en\\\/mochila-nox-at10-team-grey-2\\\/#breadcrumb\"},\"inLanguage\":\"en-US\",\"potentialAction\":[{\"@type\":\"ReadAction\",\"target\":[\"https:\\\/\\\/revolutionpadelstore.com\\\/en\\\/mochila-nox-at10-team-grey-2\\\/\"]}]},{\"@type\":\"ImageObject\",\"inLanguage\":\"en-US\",\"@id\":\"https:\\\/\\\/revolutionpadelstore.com\\\/en\\\/mochila-nox-at10-team-grey-2\\\/#primaryimage\",\"url\":\"https:\\\/\\\/revolutionpadelstore.com\\\/wp-content\\\/uploads\\\/2024\\\/12\\\/113144_mochila_nox_at10_team_mocat10tegr_1500x1500_1_2648.webp\",\"contentUrl\":\"https:\\\/\\\/revolutionpadelstore.com\\\/wp-content\\\/uploads\\\/2024\\\/12\\\/113144_mochila_nox_at10_team_mocat10tegr_1500x1500_1_2648.webp\",\"width\":1500,\"height\":1500},{\"@type\":\"BreadcrumbList\",\"@id\":\"https:\\\/\\\/revolutionpadelstore.com\\\/en\\\/mochila-nox-at10-team-grey-2\\\/#breadcrumb\",\"itemListElement\":[{\"@type\":\"ListItem\",\"position\":1,\"name\":\"Portada\",\"item\":\"https:\\\/\\\/revolutionpadelstore.com\\\/en\\\/\"},{\"@type\":\"ListItem\",\"position\":2,\"name\":\"Shop\",\"item\":\"https:\\\/\\\/revolutionpadelstore.com\\\/en\\\/shop\\\/\"},{\"@type\":\"ListItem\",\"position\":3,\"name\":\"MOCHILA NOX AT10 TEAM GREY\"}]},{\"@type\":\"WebSite\",\"@id\":\"https:\\\/\\\/revolutionpadelstore.com\\\/en\\\/#website\",\"url\":\"https:\\\/\\\/revolutionpadelstore.com\\\/en\\\/\",\"name\":\"Revolution Padel Store\",\"description\":\"\",\"publisher\":{\"@id\":\"https:\\\/\\\/revolutionpadelstore.com\\\/en\\\/#organization\"},\"potentialAction\":[{\"@type\":\"SearchAction\",\"target\":{\"@type\":\"EntryPoint\",\"urlTemplate\":\"https:\\\/\\\/revolutionpadelstore.com\\\/en\\\/?s={search_term_string}\"},\"query-input\":{\"@type\":\"PropertyValueSpecification\",\"valueRequired\":true,\"valueName\":\"search_term_string\"}}],\"inLanguage\":\"en-US\"},{\"@type\":\"Organization\",\"@id\":\"https:\\\/\\\/revolutionpadelstore.com\\\/en\\\/#organization\",\"name\":\"Revolution Padel Store\",\"url\":\"https:\\\/\\\/revolutionpadelstore.com\\\/en\\\/\",\"logo\":{\"@type\":\"ImageObject\",\"inLanguage\":\"en-US\",\"@id\":\"https:\\\/\\\/revolutionpadelstore.com\\\/en\\\/#\\\/schema\\\/logo\\\/image\\\/\",\"url\":\"https:\\\/\\\/revolutionpadelstore.com\\\/wp-content\\\/uploads\\\/2026\\\/02\\\/revolution-padel-store.jpg\",\"contentUrl\":\"https:\\\/\\\/revolutionpadelstore.com\\\/wp-content\\\/uploads\\\/2026\\\/02\\\/revolution-padel-store.jpg\",\"width\":2000,\"height\":2000,\"caption\":\"Revolution Padel Store\"},\"image\":{\"@id\":\"https:\\\/\\\/revolutionpadelstore.com\\\/en\\\/#\\\/schema\\\/logo\\\/image\\\/\"},\"sameAs\":[\"https:\\\/\\\/www.instagram.com\\\/revolutionpadelstore\\\/\"]}]}<\/script>\n<!-- \/ Yoast SEO plugin. -->","yoast_head_json":{"title":"MOCHILA NOX AT10 TEAM GREY - Revolution Padel Store","description":"Descubre la Mochila Nox AT10 Team de Agust\u00edn Tapia, con dise\u00f1o ergon\u00f3mico, capacidad de 28 litros y compartimentos para 2 palas. \u00a1Compra online en Revolution Padel Store!","robots":{"index":"index","follow":"follow","max-snippet":"max-snippet:-1","max-image-preview":"max-image-preview:large","max-video-preview":"max-video-preview:-1"},"canonical":"https:\/\/revolutionpadelstore.com\/en\/mochila-nox-at10-team-grey-2\/","og_locale":"en_US","og_type":"article","og_title":"MOCHILA NOX AT10 TEAM GREY - Revolution Padel Store","og_description":"Descubre la Mochila Nox AT10 Team de Agust\u00edn Tapia, con dise\u00f1o ergon\u00f3mico, capacidad de 28 litros y compartimentos para 2 palas. \u00a1Compra online en Revolution Padel Store!","og_url":"https:\/\/revolutionpadelstore.com\/en\/mochila-nox-at10-team-grey-2\/","og_site_name":"Revolution Padel Store","article_modified_time":"2026-04-01T03:43:48+00:00","og_image":[{"width":1500,"height":1500,"url":"https:\/\/revolutionpadelstore.com\/wp-content\/uploads\/2024\/12\/113144_mochila_nox_at10_team_mocat10tegr_1500x1500_1_2648.webp","type":"image\/webp"}],"twitter_card":"summary_large_image","twitter_misc":{"Est. reading time":"2 minutes"},"schema":{"@context":"https:\/\/schema.org","@graph":[{"@type":"WebPage","@id":"https:\/\/revolutionpadelstore.com\/en\/mochila-nox-at10-team-grey-2\/","url":"https:\/\/revolutionpadelstore.com\/en\/mochila-nox-at10-team-grey-2\/","name":"MOCHILA NOX AT10 TEAM GREY - Revolution Padel Store","isPartOf":{"@id":"https:\/\/revolutionpadelstore.com\/en\/#website"},"primaryImageOfPage":{"@id":"https:\/\/revolutionpadelstore.com\/en\/mochila-nox-at10-team-grey-2\/#primaryimage"},"image":{"@id":"https:\/\/revolutionpadelstore.com\/en\/mochila-nox-at10-team-grey-2\/#primaryimage"},"thumbnailUrl":"https:\/\/revolutionpadelstore.com\/wp-content\/uploads\/2024\/12\/113144_mochila_nox_at10_team_mocat10tegr_1500x1500_1_2648.webp","datePublished":"2024-12-22T22:28:32+00:00","dateModified":"2026-04-01T03:43:48+00:00","description":"Descubre la Mochila Nox AT10 Team de Agust\u00edn Tapia, con dise\u00f1o ergon\u00f3mico, capacidad de 28 litros y compartimentos para 2 palas. \u00a1Compra online en Revolution Padel Store!","breadcrumb":{"@id":"https:\/\/revolutionpadelstore.com\/en\/mochila-nox-at10-team-grey-2\/#breadcrumb"},"inLanguage":"en-US","potentialAction":[{"@type":"ReadAction","target":["https:\/\/revolutionpadelstore.com\/en\/mochila-nox-at10-team-grey-2\/"]}]},{"@type":"ImageObject","inLanguage":"en-US","@id":"https:\/\/revolutionpadelstore.com\/en\/mochila-nox-at10-team-grey-2\/#primaryimage","url":"https:\/\/revolutionpadelstore.com\/wp-content\/uploads\/2024\/12\/113144_mochila_nox_at10_team_mocat10tegr_1500x1500_1_2648.webp","contentUrl":"https:\/\/revolutionpadelstore.com\/wp-content\/uploads\/2024\/12\/113144_mochila_nox_at10_team_mocat10tegr_1500x1500_1_2648.webp","width":1500,"height":1500},{"@type":"BreadcrumbList","@id":"https:\/\/revolutionpadelstore.com\/en\/mochila-nox-at10-team-grey-2\/#breadcrumb","itemListElement":[{"@type":"ListItem","position":1,"name":"Portada","item":"https:\/\/revolutionpadelstore.com\/en\/"},{"@type":"ListItem","position":2,"name":"Shop","item":"https:\/\/revolutionpadelstore.com\/en\/shop\/"},{"@type":"ListItem","position":3,"name":"MOCHILA NOX AT10 TEAM GREY"}]},{"@type":"WebSite","@id":"https:\/\/revolutionpadelstore.com\/en\/#website","url":"https:\/\/revolutionpadelstore.com\/en\/","name":"Revolution Padel Store","description":"","publisher":{"@id":"https:\/\/revolutionpadelstore.com\/en\/#organization"},"potentialAction":[{"@type":"SearchAction","target":{"@type":"EntryPoint","urlTemplate":"https:\/\/revolutionpadelstore.com\/en\/?s={search_term_string}"},"query-input":{"@type":"PropertyValueSpecification","valueRequired":true,"valueName":"search_term_string"}}],"inLanguage":"en-US"},{"@type":"Organization","@id":"https:\/\/revolutionpadelstore.com\/en\/#organization","name":"Revolution Padel Store","url":"https:\/\/revolutionpadelstore.com\/en\/","logo":{"@type":"ImageObject","inLanguage":"en-US","@id":"https:\/\/revolutionpadelstore.com\/en\/#\/schema\/logo\/image\/","url":"https:\/\/revolutionpadelstore.com\/wp-content\/uploads\/2026\/02\/revolution-padel-store.jpg","contentUrl":"https:\/\/revolutionpadelstore.com\/wp-content\/uploads\/2026\/02\/revolution-padel-store.jpg","width":2000,"height":2000,"caption":"Revolution Padel Store"},"image":{"@id":"https:\/\/revolutionpadelstore.com\/en\/#\/schema\/logo\/image\/"},"sameAs":["https:\/\/www.instagram.com\/revolutionpadelstore\/"]}]}},"_links":{"self":[{"href":"https:\/\/revolutionpadelstore.com\/en\/wp-json\/wp\/v2\/product\/156710","targetHints":{"allow":["GET"]}}],"collection":[{"href":"https:\/\/revolutionpadelstore.com\/en\/wp-json\/wp\/v2\/product"}],"about":[{"href":"https:\/\/revolutionpadelstore.com\/en\/wp-json\/wp\/v2\/types\/product"}],"replies":[{"embeddable":true,"href":"https:\/\/revolutionpadelstore.com\/en\/wp-json\/wp\/v2\/comments?post=156710"}],"wp:featuredmedia":[{"embeddable":true,"href":"https:\/\/revolutionpadelstore.com\/en\/wp-json\/wp\/v2\/media\/156675"}],"wp:attachment":[{"href":"https:\/\/revolutionpadelstore.com\/en\/wp-json\/wp\/v2\/media?parent=156710"}],"wp:term":[{"taxonomy":"acabado","embeddable":true,"href":"https:\/\/revolutionpadelstore.com\/en\/wp-json\/wp\/v2\/acabado?post=156710"},{"taxonomy":"balance","embeddable":true,"href":"https:\/\/revolutionpadelstore.com\/en\/wp-json\/wp\/v2\/balance?post=156710"},{"taxonomy":"dureza","embeddable":true,"href":"https:\/\/revolutionpadelstore.com\/en\/wp-json\/wp\/v2\/dureza?post=156710"},{"taxonomy":"forma","embeddable":true,"href":"https:\/\/revolutionpadelstore.com\/en\/wp-json\/wp\/v2\/forma?post=156710"},{"taxonomy":"jugador","embeddable":true,"href":"https:\/\/revolutionpadelstore.com\/en\/wp-json\/wp\/v2\/jugador?post=156710"},{"taxonomy":"marca","embeddable":true,"href":"https:\/\/revolutionpadelstore.com\/en\/wp-json\/wp\/v2\/marca?post=156710"},{"taxonomy":"nivel-de-juego","embeddable":true,"href":"https:\/\/revolutionpadelstore.com\/en\/wp-json\/wp\/v2\/nivel-de-juego?post=156710"},{"taxonomy":"superficie","embeddable":true,"href":"https:\/\/revolutionpadelstore.com\/en\/wp-json\/wp\/v2\/superficie?post=156710"},{"taxonomy":"tipo-de-juego","embeddable":true,"href":"https:\/\/revolutionpadelstore.com\/en\/wp-json\/wp\/v2\/tipo-de-juego?post=156710"},{"taxonomy":"product_brand","embeddable":true,"href":"https:\/\/revolutionpadelstore.com\/en\/wp-json\/wp\/v2\/product_brand?post=156710"},{"taxonomy":"product_cat","embeddable":true,"href":"https:\/\/revolutionpadelstore.com\/en\/wp-json\/wp\/v2\/product_cat?post=156710"},{"taxonomy":"product_tag","embeddable":true,"href":"https:\/\/revolutionpadelstore.com\/en\/wp-json\/wp\/v2\/product_tag?post=156710"}],"curies":[{"name":"wp","href":"https:\/\/api.w.org\/{rel}","templated":true}]}}