{"id":156106,"date":"2024-12-20T08:31:40","date_gmt":"2024-12-20T07:31:40","guid":{"rendered":"https:\/\/revolutionpadelstore.com\/camiseta-tirantes-bullpadel-lleva-mujer-negra\/"},"modified":"2026-04-08T09:07:53","modified_gmt":"2026-04-08T07:07:53","slug":"camiseta-tirantes-bullpadel-lleva-negra-005-mujer-2","status":"publish","type":"product","link":"https:\/\/revolutionpadelstore.com\/en\/camiseta-tirantes-bullpadel-lleva-negra-005-mujer-2\/","title":{"rendered":"CAMISETA TIRANTES BULLPADEL LLEVA NEGRA 005 MUJER"},"content":{"rendered":"<p><H2> T -shirt bullpadel tracks has a woman. Maximum freedom of movement and freshness <\/ h2><br \/>\nThe <strong> t -t -shirt carries bullpadel <\/strong>, designed for dynamic paddle players, combines comfort and style to achieve your best performance on the track. Made in <strong> soft and elastic polyester tissue <\/strong>, it offers exceptional functionality without compromising comfort.<\/p>\n<p>This shirt incorporates the <strong> Drynamic technology <\/strong>, which accelerates drying and reduces moisture, guaranteeing optimal breathability. Perfect to maintain freshness and comfort during long training sessions or intense matches.<\/p>\n<p>With a stylized strap design and the iconic <strong> bullpadel .<br \/>\n<H2> Main characteristics: <\/h2>\n<p><strong>-polyester tissue <\/strong>: soft, elastic and functional.<\/p>\n<p><strong>-Drynamic technology <\/strong>: improves perspiration and reduces moisture.<\/p>\n<p><strong>-modern design <\/strong>: stylized with trenches and contrasting details.<\/p>\n<p><strong> -comodity and freshness <\/strong>: Ideal for active players.<\/p>\n<p>This shirt not only guarantees performance, but also perfectly adapts to the style of the most demanding paddle players. Make it part of your equipment and improve your game!<\/p>\n<p><strong> now available in our online store <a href=\"http:\/\/www.revolutionpadelstore.com\/\"> www.revolutionpadelstore.com <\/a>, probably at the best market price. <\/strong><\/p>\n<h2>Camiseta Tirantes Bullpadel Lleva Mujer. M\u00e1xima libertad de movimiento y frescura<\/h2>\n","protected":false},"excerpt":{"rendered":"<p>Bullpadel women&#8217;s sleeve shirt, made of a light and elastic polyester fabric that incorporates Drynamic technology, designed to absorb sweat and offer a comfortable and unique experience.<\/p>\n","protected":false},"featured_media":156101,"comment_status":"open","ping_status":"closed","template":"","meta":{"_acf_changed":false,"_joinchat":[]},"acabado":[],"balance":[],"dureza":[],"forma":[],"jugador":[1198],"marca":[1258],"nivel-de-juego":[],"superficie":[],"tipo-de-juego":[],"product_brand":[],"product_cat":[351],"product_tag":[],"class_list":{"0":"post-156106","1":"product","2":"type-product","3":"status-publish","4":"has-post-thumbnail","6":"jugador-woman","7":"marca-bullpadel-en","8":"product_cat-ropa-en","10":"first","11":"outofstock","12":"sale","13":"taxable","14":"shipping-taxable","15":"purchasable","16":"product-type-variable"},"acf":[],"yoast_head":"<!-- This site is optimized with the Yoast SEO plugin v27.4 - https:\/\/yoast.com\/product\/yoast-seo-wordpress\/ -->\n<title>CAMISETA TIRANTES BULLPADEL LLEVA NEGRA 005 MUJER - Revolution Padel Store<\/title>\n<meta name=\"description\" content=\"Compra la Camiseta Tirantes Bullpadel Lleva Mujer, dise\u00f1ada para frescura y comodidad en el p\u00e1del. Con tecnolog\u00eda Drynamic y estilo moderno, ideal para jugadoras din\u00e1micas.\" \/>\n<meta name=\"robots\" content=\"index, follow, max-snippet:-1, max-image-preview:large, max-video-preview:-1\" \/>\n<link rel=\"canonical\" href=\"https:\/\/revolutionpadelstore.com\/en\/camiseta-tirantes-bullpadel-lleva-negra-005-mujer-2\/\" \/>\n<meta property=\"og:locale\" content=\"en_US\" \/>\n<meta property=\"og:type\" content=\"article\" \/>\n<meta property=\"og:title\" content=\"CAMISETA TIRANTES BULLPADEL LLEVA NEGRA 005 MUJER - Revolution Padel Store\" \/>\n<meta property=\"og:description\" content=\"Compra la Camiseta Tirantes Bullpadel Lleva Mujer, dise\u00f1ada para frescura y comodidad en el p\u00e1del. Con tecnolog\u00eda Drynamic y estilo moderno, ideal para jugadoras din\u00e1micas.\" \/>\n<meta property=\"og:url\" content=\"https:\/\/revolutionpadelstore.com\/en\/camiseta-tirantes-bullpadel-lleva-negra-005-mujer-2\/\" \/>\n<meta property=\"og:site_name\" content=\"Revolution Padel Store\" \/>\n<meta property=\"article:modified_time\" content=\"2026-04-08T07:07:53+00:00\" \/>\n<meta property=\"og:image\" content=\"https:\/\/revolutionpadelstore.com\/wp-content\/uploads\/2024\/12\/camiseta-bullpadel-lleva-negro.jpg\" \/>\n\t<meta property=\"og:image:width\" content=\"1000\" \/>\n\t<meta property=\"og:image:height\" content=\"1188\" \/>\n\t<meta property=\"og:image:type\" content=\"image\/jpeg\" \/>\n<meta name=\"twitter:card\" content=\"summary_large_image\" \/>\n<meta name=\"twitter:label1\" content=\"Est. reading time\" \/>\n\t<meta name=\"twitter:data1\" content=\"2 minutes\" \/>\n<script type=\"application\/ld+json\" class=\"yoast-schema-graph\">{\"@context\":\"https:\\\/\\\/schema.org\",\"@graph\":[{\"@type\":\"WebPage\",\"@id\":\"https:\\\/\\\/revolutionpadelstore.com\\\/en\\\/camiseta-tirantes-bullpadel-lleva-negra-005-mujer-2\\\/\",\"url\":\"https:\\\/\\\/revolutionpadelstore.com\\\/en\\\/camiseta-tirantes-bullpadel-lleva-negra-005-mujer-2\\\/\",\"name\":\"CAMISETA TIRANTES BULLPADEL LLEVA NEGRA 005 MUJER - Revolution Padel Store\",\"isPartOf\":{\"@id\":\"https:\\\/\\\/revolutionpadelstore.com\\\/en\\\/#website\"},\"primaryImageOfPage\":{\"@id\":\"https:\\\/\\\/revolutionpadelstore.com\\\/en\\\/camiseta-tirantes-bullpadel-lleva-negra-005-mujer-2\\\/#primaryimage\"},\"image\":{\"@id\":\"https:\\\/\\\/revolutionpadelstore.com\\\/en\\\/camiseta-tirantes-bullpadel-lleva-negra-005-mujer-2\\\/#primaryimage\"},\"thumbnailUrl\":\"https:\\\/\\\/revolutionpadelstore.com\\\/wp-content\\\/uploads\\\/2024\\\/12\\\/camiseta-bullpadel-lleva-negro.jpg\",\"datePublished\":\"2024-12-20T07:31:40+00:00\",\"dateModified\":\"2026-04-08T07:07:53+00:00\",\"description\":\"Compra la Camiseta Tirantes Bullpadel Lleva Mujer, dise\u00f1ada para frescura y comodidad en el p\u00e1del. Con tecnolog\u00eda Drynamic y estilo moderno, ideal para jugadoras din\u00e1micas.\",\"breadcrumb\":{\"@id\":\"https:\\\/\\\/revolutionpadelstore.com\\\/en\\\/camiseta-tirantes-bullpadel-lleva-negra-005-mujer-2\\\/#breadcrumb\"},\"inLanguage\":\"en-US\",\"potentialAction\":[{\"@type\":\"ReadAction\",\"target\":[\"https:\\\/\\\/revolutionpadelstore.com\\\/en\\\/camiseta-tirantes-bullpadel-lleva-negra-005-mujer-2\\\/\"]}]},{\"@type\":\"ImageObject\",\"inLanguage\":\"en-US\",\"@id\":\"https:\\\/\\\/revolutionpadelstore.com\\\/en\\\/camiseta-tirantes-bullpadel-lleva-negra-005-mujer-2\\\/#primaryimage\",\"url\":\"https:\\\/\\\/revolutionpadelstore.com\\\/wp-content\\\/uploads\\\/2024\\\/12\\\/camiseta-bullpadel-lleva-negro.jpg\",\"contentUrl\":\"https:\\\/\\\/revolutionpadelstore.com\\\/wp-content\\\/uploads\\\/2024\\\/12\\\/camiseta-bullpadel-lleva-negro.jpg\",\"width\":1000,\"height\":1188},{\"@type\":\"BreadcrumbList\",\"@id\":\"https:\\\/\\\/revolutionpadelstore.com\\\/en\\\/camiseta-tirantes-bullpadel-lleva-negra-005-mujer-2\\\/#breadcrumb\",\"itemListElement\":[{\"@type\":\"ListItem\",\"position\":1,\"name\":\"Portada\",\"item\":\"https:\\\/\\\/revolutionpadelstore.com\\\/en\\\/\"},{\"@type\":\"ListItem\",\"position\":2,\"name\":\"Shop\",\"item\":\"https:\\\/\\\/revolutionpadelstore.com\\\/en\\\/shop\\\/\"},{\"@type\":\"ListItem\",\"position\":3,\"name\":\"CAMISETA TIRANTES BULLPADEL LLEVA NEGRA 005 MUJER\"}]},{\"@type\":\"WebSite\",\"@id\":\"https:\\\/\\\/revolutionpadelstore.com\\\/en\\\/#website\",\"url\":\"https:\\\/\\\/revolutionpadelstore.com\\\/en\\\/\",\"name\":\"Revolution Padel Store\",\"description\":\"\",\"publisher\":{\"@id\":\"https:\\\/\\\/revolutionpadelstore.com\\\/en\\\/#organization\"},\"potentialAction\":[{\"@type\":\"SearchAction\",\"target\":{\"@type\":\"EntryPoint\",\"urlTemplate\":\"https:\\\/\\\/revolutionpadelstore.com\\\/en\\\/?s={search_term_string}\"},\"query-input\":{\"@type\":\"PropertyValueSpecification\",\"valueRequired\":true,\"valueName\":\"search_term_string\"}}],\"inLanguage\":\"en-US\"},{\"@type\":\"Organization\",\"@id\":\"https:\\\/\\\/revolutionpadelstore.com\\\/en\\\/#organization\",\"name\":\"Revolution Padel Store\",\"url\":\"https:\\\/\\\/revolutionpadelstore.com\\\/en\\\/\",\"logo\":{\"@type\":\"ImageObject\",\"inLanguage\":\"en-US\",\"@id\":\"https:\\\/\\\/revolutionpadelstore.com\\\/en\\\/#\\\/schema\\\/logo\\\/image\\\/\",\"url\":\"https:\\\/\\\/revolutionpadelstore.com\\\/wp-content\\\/uploads\\\/2026\\\/02\\\/revolution-padel-store.jpg\",\"contentUrl\":\"https:\\\/\\\/revolutionpadelstore.com\\\/wp-content\\\/uploads\\\/2026\\\/02\\\/revolution-padel-store.jpg\",\"width\":2000,\"height\":2000,\"caption\":\"Revolution Padel Store\"},\"image\":{\"@id\":\"https:\\\/\\\/revolutionpadelstore.com\\\/en\\\/#\\\/schema\\\/logo\\\/image\\\/\"},\"sameAs\":[\"https:\\\/\\\/www.instagram.com\\\/revolutionpadelstore\\\/\"]}]}<\/script>\n<!-- \/ Yoast SEO plugin. -->","yoast_head_json":{"title":"CAMISETA TIRANTES BULLPADEL LLEVA NEGRA 005 MUJER - Revolution Padel Store","description":"Compra la Camiseta Tirantes Bullpadel Lleva Mujer, dise\u00f1ada para frescura y comodidad en el p\u00e1del. Con tecnolog\u00eda Drynamic y estilo moderno, ideal para jugadoras din\u00e1micas.","robots":{"index":"index","follow":"follow","max-snippet":"max-snippet:-1","max-image-preview":"max-image-preview:large","max-video-preview":"max-video-preview:-1"},"canonical":"https:\/\/revolutionpadelstore.com\/en\/camiseta-tirantes-bullpadel-lleva-negra-005-mujer-2\/","og_locale":"en_US","og_type":"article","og_title":"CAMISETA TIRANTES BULLPADEL LLEVA NEGRA 005 MUJER - Revolution Padel Store","og_description":"Compra la Camiseta Tirantes Bullpadel Lleva Mujer, dise\u00f1ada para frescura y comodidad en el p\u00e1del. Con tecnolog\u00eda Drynamic y estilo moderno, ideal para jugadoras din\u00e1micas.","og_url":"https:\/\/revolutionpadelstore.com\/en\/camiseta-tirantes-bullpadel-lleva-negra-005-mujer-2\/","og_site_name":"Revolution Padel Store","article_modified_time":"2026-04-08T07:07:53+00:00","og_image":[{"width":1000,"height":1188,"url":"https:\/\/revolutionpadelstore.com\/wp-content\/uploads\/2024\/12\/camiseta-bullpadel-lleva-negro.jpg","type":"image\/jpeg"}],"twitter_card":"summary_large_image","twitter_misc":{"Est. reading time":"2 minutes"},"schema":{"@context":"https:\/\/schema.org","@graph":[{"@type":"WebPage","@id":"https:\/\/revolutionpadelstore.com\/en\/camiseta-tirantes-bullpadel-lleva-negra-005-mujer-2\/","url":"https:\/\/revolutionpadelstore.com\/en\/camiseta-tirantes-bullpadel-lleva-negra-005-mujer-2\/","name":"CAMISETA TIRANTES BULLPADEL LLEVA NEGRA 005 MUJER - Revolution Padel Store","isPartOf":{"@id":"https:\/\/revolutionpadelstore.com\/en\/#website"},"primaryImageOfPage":{"@id":"https:\/\/revolutionpadelstore.com\/en\/camiseta-tirantes-bullpadel-lleva-negra-005-mujer-2\/#primaryimage"},"image":{"@id":"https:\/\/revolutionpadelstore.com\/en\/camiseta-tirantes-bullpadel-lleva-negra-005-mujer-2\/#primaryimage"},"thumbnailUrl":"https:\/\/revolutionpadelstore.com\/wp-content\/uploads\/2024\/12\/camiseta-bullpadel-lleva-negro.jpg","datePublished":"2024-12-20T07:31:40+00:00","dateModified":"2026-04-08T07:07:53+00:00","description":"Compra la Camiseta Tirantes Bullpadel Lleva Mujer, dise\u00f1ada para frescura y comodidad en el p\u00e1del. Con tecnolog\u00eda Drynamic y estilo moderno, ideal para jugadoras din\u00e1micas.","breadcrumb":{"@id":"https:\/\/revolutionpadelstore.com\/en\/camiseta-tirantes-bullpadel-lleva-negra-005-mujer-2\/#breadcrumb"},"inLanguage":"en-US","potentialAction":[{"@type":"ReadAction","target":["https:\/\/revolutionpadelstore.com\/en\/camiseta-tirantes-bullpadel-lleva-negra-005-mujer-2\/"]}]},{"@type":"ImageObject","inLanguage":"en-US","@id":"https:\/\/revolutionpadelstore.com\/en\/camiseta-tirantes-bullpadel-lleva-negra-005-mujer-2\/#primaryimage","url":"https:\/\/revolutionpadelstore.com\/wp-content\/uploads\/2024\/12\/camiseta-bullpadel-lleva-negro.jpg","contentUrl":"https:\/\/revolutionpadelstore.com\/wp-content\/uploads\/2024\/12\/camiseta-bullpadel-lleva-negro.jpg","width":1000,"height":1188},{"@type":"BreadcrumbList","@id":"https:\/\/revolutionpadelstore.com\/en\/camiseta-tirantes-bullpadel-lleva-negra-005-mujer-2\/#breadcrumb","itemListElement":[{"@type":"ListItem","position":1,"name":"Portada","item":"https:\/\/revolutionpadelstore.com\/en\/"},{"@type":"ListItem","position":2,"name":"Shop","item":"https:\/\/revolutionpadelstore.com\/en\/shop\/"},{"@type":"ListItem","position":3,"name":"CAMISETA TIRANTES BULLPADEL LLEVA NEGRA 005 MUJER"}]},{"@type":"WebSite","@id":"https:\/\/revolutionpadelstore.com\/en\/#website","url":"https:\/\/revolutionpadelstore.com\/en\/","name":"Revolution Padel Store","description":"","publisher":{"@id":"https:\/\/revolutionpadelstore.com\/en\/#organization"},"potentialAction":[{"@type":"SearchAction","target":{"@type":"EntryPoint","urlTemplate":"https:\/\/revolutionpadelstore.com\/en\/?s={search_term_string}"},"query-input":{"@type":"PropertyValueSpecification","valueRequired":true,"valueName":"search_term_string"}}],"inLanguage":"en-US"},{"@type":"Organization","@id":"https:\/\/revolutionpadelstore.com\/en\/#organization","name":"Revolution Padel Store","url":"https:\/\/revolutionpadelstore.com\/en\/","logo":{"@type":"ImageObject","inLanguage":"en-US","@id":"https:\/\/revolutionpadelstore.com\/en\/#\/schema\/logo\/image\/","url":"https:\/\/revolutionpadelstore.com\/wp-content\/uploads\/2026\/02\/revolution-padel-store.jpg","contentUrl":"https:\/\/revolutionpadelstore.com\/wp-content\/uploads\/2026\/02\/revolution-padel-store.jpg","width":2000,"height":2000,"caption":"Revolution Padel Store"},"image":{"@id":"https:\/\/revolutionpadelstore.com\/en\/#\/schema\/logo\/image\/"},"sameAs":["https:\/\/www.instagram.com\/revolutionpadelstore\/"]}]}},"_links":{"self":[{"href":"https:\/\/revolutionpadelstore.com\/en\/wp-json\/wp\/v2\/product\/156106","targetHints":{"allow":["GET"]}}],"collection":[{"href":"https:\/\/revolutionpadelstore.com\/en\/wp-json\/wp\/v2\/product"}],"about":[{"href":"https:\/\/revolutionpadelstore.com\/en\/wp-json\/wp\/v2\/types\/product"}],"replies":[{"embeddable":true,"href":"https:\/\/revolutionpadelstore.com\/en\/wp-json\/wp\/v2\/comments?post=156106"}],"wp:featuredmedia":[{"embeddable":true,"href":"https:\/\/revolutionpadelstore.com\/en\/wp-json\/wp\/v2\/media\/156101"}],"wp:attachment":[{"href":"https:\/\/revolutionpadelstore.com\/en\/wp-json\/wp\/v2\/media?parent=156106"}],"wp:term":[{"taxonomy":"acabado","embeddable":true,"href":"https:\/\/revolutionpadelstore.com\/en\/wp-json\/wp\/v2\/acabado?post=156106"},{"taxonomy":"balance","embeddable":true,"href":"https:\/\/revolutionpadelstore.com\/en\/wp-json\/wp\/v2\/balance?post=156106"},{"taxonomy":"dureza","embeddable":true,"href":"https:\/\/revolutionpadelstore.com\/en\/wp-json\/wp\/v2\/dureza?post=156106"},{"taxonomy":"forma","embeddable":true,"href":"https:\/\/revolutionpadelstore.com\/en\/wp-json\/wp\/v2\/forma?post=156106"},{"taxonomy":"jugador","embeddable":true,"href":"https:\/\/revolutionpadelstore.com\/en\/wp-json\/wp\/v2\/jugador?post=156106"},{"taxonomy":"marca","embeddable":true,"href":"https:\/\/revolutionpadelstore.com\/en\/wp-json\/wp\/v2\/marca?post=156106"},{"taxonomy":"nivel-de-juego","embeddable":true,"href":"https:\/\/revolutionpadelstore.com\/en\/wp-json\/wp\/v2\/nivel-de-juego?post=156106"},{"taxonomy":"superficie","embeddable":true,"href":"https:\/\/revolutionpadelstore.com\/en\/wp-json\/wp\/v2\/superficie?post=156106"},{"taxonomy":"tipo-de-juego","embeddable":true,"href":"https:\/\/revolutionpadelstore.com\/en\/wp-json\/wp\/v2\/tipo-de-juego?post=156106"},{"taxonomy":"product_brand","embeddable":true,"href":"https:\/\/revolutionpadelstore.com\/en\/wp-json\/wp\/v2\/product_brand?post=156106"},{"taxonomy":"product_cat","embeddable":true,"href":"https:\/\/revolutionpadelstore.com\/en\/wp-json\/wp\/v2\/product_cat?post=156106"},{"taxonomy":"product_tag","embeddable":true,"href":"https:\/\/revolutionpadelstore.com\/en\/wp-json\/wp\/v2\/product_tag?post=156106"}],"curies":[{"name":"wp","href":"https:\/\/api.w.org\/{rel}","templated":true}]}}