{"id":155764,"date":"2024-12-19T23:26:05","date_gmt":"2024-12-19T22:26:05","guid":{"rendered":"https:\/\/revolutionpadelstore.com\/sudadera-bullpadel-lurte-negro\/"},"modified":"2026-04-08T09:14:14","modified_gmt":"2026-04-08T07:14:14","slug":"sudadera-bullpadel-lurte-negro-005-2","status":"publish","type":"product","link":"https:\/\/revolutionpadelstore.com\/en\/sudadera-bullpadel-lurte-negro-005-2\/","title":{"rendered":"SUDADERA BULLPADEL LURTE NEGRO 005"},"content":{"rendered":"<h2> Bullpadel Lurte proline sweatshirt: innovation, style and high performance <\/ h2><br \/>\nThe <strong> proline bullpadel sweatshirt <\/strong> is the perfect choice for paddle players looking for maximum <strong> technology, comfort and elegant design <\/strong>. Manufactured with <strong> technical tissue of elastic polyester <\/strong> and perchado interior, this garment guarantees exceptional performance in all your activities.<br \/>\n<H2> Main characteristics: <\/h2>\n<p><strong>-Advanced Technical Technician <\/strong>: Elastic material with curl inside with a better adaptability.<\/p>\n<p><strong>-Drynamic Tecnology <\/strong>: Promotes perspiration by reducing moisture thanks to its microfilaments.<\/p>\n<p><strong>-practical and functional design <\/strong><\/p>\n<p>-Tenth Central Small for a comfortable adjustment.<\/p>\n<p>-S side bolsillos with zippers for greater safety.<\/p>\n<p>-Thermoselladas shoulders that optimize resistance and finish.<\/p>\n<p><strong>-Frontal siege in elastic polyester ribstop in two directions <\/strong>, which improves the durability and style of the garment.<\/p>\n<p>Perfect for intense training or to carry a sports and sophisticated look, the <strong> Bullpadel Lurte Proline <\/strong> sweatshirt<\/p>\n<p><strong> now order to <a href=\"https:\/\/www.revolutionpadelstore.com\/\"> www.revolutionpadelstore.com <\/a> And get this sweatshirt proline at the best price of the market.<\/p>\n<h2>Sudadera Bullpadel\u00a0 Lurte Proline: Innovaci\u00f3n, Estilo y Alto Rendimiento<\/h2>\n","protected":false},"excerpt":{"rendered":"<p>The <strong> proline bullpadel sweatshirt <\/strong> is the perfect choice for paddle players looking for maximum <strong> technology, comfort and elegant design <\/strong>. Manufactured with <strong> technical tissue of elastic polyester <\/strong> and perchado interior, this garment guarantees exceptional performance in all your activities.<strong>Sudadera Bullpadel Proline<\/strong><\/p>\n","protected":false},"featured_media":155759,"comment_status":"open","ping_status":"closed","template":"","meta":{"_acf_changed":false,"_joinchat":[]},"acabado":[],"balance":[],"dureza":[],"forma":[],"jugador":[1193],"marca":[1258],"nivel-de-juego":[],"superficie":[],"tipo-de-juego":[],"product_brand":[],"product_cat":[351],"product_tag":[],"class_list":{"0":"post-155764","1":"product","2":"type-product","3":"status-publish","4":"has-post-thumbnail","6":"jugador-hombre-en","7":"marca-bullpadel-en","8":"product_cat-ropa-en","10":"first","11":"outofstock","12":"sale","13":"taxable","14":"shipping-taxable","15":"purchasable","16":"product-type-variable"},"acf":[],"yoast_head":"<!-- This site is optimized with the Yoast SEO plugin v27.4 - https:\/\/yoast.com\/product\/yoast-seo-wordpress\/ -->\n<title>SUDADERA BULLPADEL LURTE NEGRO 005 - Revolution Padel Store<\/title>\n<meta name=\"description\" content=\"Descubre la Sudadera Bullpadel Proline: dise\u00f1o t\u00e9cnico con tecnolog\u00eda Drynamic, comodidad y estilo para el p\u00e1del. \u00a1Compra al mejor precio en Revolution Padel Store!\" \/>\n<meta name=\"robots\" content=\"index, follow, max-snippet:-1, max-image-preview:large, max-video-preview:-1\" \/>\n<link rel=\"canonical\" href=\"https:\/\/revolutionpadelstore.com\/en\/sudadera-bullpadel-lurte-negro-005-2\/\" \/>\n<meta property=\"og:locale\" content=\"en_US\" \/>\n<meta property=\"og:type\" content=\"article\" \/>\n<meta property=\"og:title\" content=\"SUDADERA BULLPADEL LURTE NEGRO 005 - Revolution Padel Store\" \/>\n<meta property=\"og:description\" content=\"Descubre la Sudadera Bullpadel Proline: dise\u00f1o t\u00e9cnico con tecnolog\u00eda Drynamic, comodidad y estilo para el p\u00e1del. \u00a1Compra al mejor precio en Revolution Padel Store!\" \/>\n<meta property=\"og:url\" content=\"https:\/\/revolutionpadelstore.com\/en\/sudadera-bullpadel-lurte-negro-005-2\/\" \/>\n<meta property=\"og:site_name\" content=\"Revolution Padel Store\" \/>\n<meta property=\"article:modified_time\" content=\"2026-04-08T07:14:14+00:00\" \/>\n<meta property=\"og:image\" content=\"https:\/\/revolutionpadelstore.com\/wp-content\/uploads\/2024\/12\/sudadera-bullpadel-lurte-negro.jpg\" \/>\n\t<meta property=\"og:image:width\" content=\"1000\" \/>\n\t<meta property=\"og:image:height\" content=\"1188\" \/>\n\t<meta property=\"og:image:type\" content=\"image\/jpeg\" \/>\n<meta name=\"twitter:card\" content=\"summary_large_image\" \/>\n<meta name=\"twitter:label1\" content=\"Est. reading time\" \/>\n\t<meta name=\"twitter:data1\" content=\"1 minute\" \/>\n<script type=\"application\/ld+json\" class=\"yoast-schema-graph\">{\"@context\":\"https:\\\/\\\/schema.org\",\"@graph\":[{\"@type\":\"WebPage\",\"@id\":\"https:\\\/\\\/revolutionpadelstore.com\\\/en\\\/sudadera-bullpadel-lurte-negro-005-2\\\/\",\"url\":\"https:\\\/\\\/revolutionpadelstore.com\\\/en\\\/sudadera-bullpadel-lurte-negro-005-2\\\/\",\"name\":\"SUDADERA BULLPADEL LURTE NEGRO 005 - Revolution Padel Store\",\"isPartOf\":{\"@id\":\"https:\\\/\\\/revolutionpadelstore.com\\\/en\\\/#website\"},\"primaryImageOfPage\":{\"@id\":\"https:\\\/\\\/revolutionpadelstore.com\\\/en\\\/sudadera-bullpadel-lurte-negro-005-2\\\/#primaryimage\"},\"image\":{\"@id\":\"https:\\\/\\\/revolutionpadelstore.com\\\/en\\\/sudadera-bullpadel-lurte-negro-005-2\\\/#primaryimage\"},\"thumbnailUrl\":\"https:\\\/\\\/revolutionpadelstore.com\\\/wp-content\\\/uploads\\\/2024\\\/12\\\/sudadera-bullpadel-lurte-negro.jpg\",\"datePublished\":\"2024-12-19T22:26:05+00:00\",\"dateModified\":\"2026-04-08T07:14:14+00:00\",\"description\":\"Descubre la Sudadera Bullpadel Proline: dise\u00f1o t\u00e9cnico con tecnolog\u00eda Drynamic, comodidad y estilo para el p\u00e1del. \u00a1Compra al mejor precio en Revolution Padel Store!\",\"breadcrumb\":{\"@id\":\"https:\\\/\\\/revolutionpadelstore.com\\\/en\\\/sudadera-bullpadel-lurte-negro-005-2\\\/#breadcrumb\"},\"inLanguage\":\"en-US\",\"potentialAction\":[{\"@type\":\"ReadAction\",\"target\":[\"https:\\\/\\\/revolutionpadelstore.com\\\/en\\\/sudadera-bullpadel-lurte-negro-005-2\\\/\"]}]},{\"@type\":\"ImageObject\",\"inLanguage\":\"en-US\",\"@id\":\"https:\\\/\\\/revolutionpadelstore.com\\\/en\\\/sudadera-bullpadel-lurte-negro-005-2\\\/#primaryimage\",\"url\":\"https:\\\/\\\/revolutionpadelstore.com\\\/wp-content\\\/uploads\\\/2024\\\/12\\\/sudadera-bullpadel-lurte-negro.jpg\",\"contentUrl\":\"https:\\\/\\\/revolutionpadelstore.com\\\/wp-content\\\/uploads\\\/2024\\\/12\\\/sudadera-bullpadel-lurte-negro.jpg\",\"width\":1000,\"height\":1188},{\"@type\":\"BreadcrumbList\",\"@id\":\"https:\\\/\\\/revolutionpadelstore.com\\\/en\\\/sudadera-bullpadel-lurte-negro-005-2\\\/#breadcrumb\",\"itemListElement\":[{\"@type\":\"ListItem\",\"position\":1,\"name\":\"Portada\",\"item\":\"https:\\\/\\\/revolutionpadelstore.com\\\/en\\\/\"},{\"@type\":\"ListItem\",\"position\":2,\"name\":\"Shop\",\"item\":\"https:\\\/\\\/revolutionpadelstore.com\\\/en\\\/shop\\\/\"},{\"@type\":\"ListItem\",\"position\":3,\"name\":\"SUDADERA BULLPADEL LURTE NEGRO 005\"}]},{\"@type\":\"WebSite\",\"@id\":\"https:\\\/\\\/revolutionpadelstore.com\\\/en\\\/#website\",\"url\":\"https:\\\/\\\/revolutionpadelstore.com\\\/en\\\/\",\"name\":\"Revolution Padel Store\",\"description\":\"\",\"publisher\":{\"@id\":\"https:\\\/\\\/revolutionpadelstore.com\\\/en\\\/#organization\"},\"potentialAction\":[{\"@type\":\"SearchAction\",\"target\":{\"@type\":\"EntryPoint\",\"urlTemplate\":\"https:\\\/\\\/revolutionpadelstore.com\\\/en\\\/?s={search_term_string}\"},\"query-input\":{\"@type\":\"PropertyValueSpecification\",\"valueRequired\":true,\"valueName\":\"search_term_string\"}}],\"inLanguage\":\"en-US\"},{\"@type\":\"Organization\",\"@id\":\"https:\\\/\\\/revolutionpadelstore.com\\\/en\\\/#organization\",\"name\":\"Revolution Padel Store\",\"url\":\"https:\\\/\\\/revolutionpadelstore.com\\\/en\\\/\",\"logo\":{\"@type\":\"ImageObject\",\"inLanguage\":\"en-US\",\"@id\":\"https:\\\/\\\/revolutionpadelstore.com\\\/en\\\/#\\\/schema\\\/logo\\\/image\\\/\",\"url\":\"https:\\\/\\\/revolutionpadelstore.com\\\/wp-content\\\/uploads\\\/2026\\\/02\\\/revolution-padel-store.jpg\",\"contentUrl\":\"https:\\\/\\\/revolutionpadelstore.com\\\/wp-content\\\/uploads\\\/2026\\\/02\\\/revolution-padel-store.jpg\",\"width\":2000,\"height\":2000,\"caption\":\"Revolution Padel Store\"},\"image\":{\"@id\":\"https:\\\/\\\/revolutionpadelstore.com\\\/en\\\/#\\\/schema\\\/logo\\\/image\\\/\"},\"sameAs\":[\"https:\\\/\\\/www.instagram.com\\\/revolutionpadelstore\\\/\"]}]}<\/script>\n<!-- \/ Yoast SEO plugin. -->","yoast_head_json":{"title":"SUDADERA BULLPADEL LURTE NEGRO 005 - Revolution Padel Store","description":"Descubre la Sudadera Bullpadel Proline: dise\u00f1o t\u00e9cnico con tecnolog\u00eda Drynamic, comodidad y estilo para el p\u00e1del. \u00a1Compra al mejor precio en Revolution Padel Store!","robots":{"index":"index","follow":"follow","max-snippet":"max-snippet:-1","max-image-preview":"max-image-preview:large","max-video-preview":"max-video-preview:-1"},"canonical":"https:\/\/revolutionpadelstore.com\/en\/sudadera-bullpadel-lurte-negro-005-2\/","og_locale":"en_US","og_type":"article","og_title":"SUDADERA BULLPADEL LURTE NEGRO 005 - Revolution Padel Store","og_description":"Descubre la Sudadera Bullpadel Proline: dise\u00f1o t\u00e9cnico con tecnolog\u00eda Drynamic, comodidad y estilo para el p\u00e1del. \u00a1Compra al mejor precio en Revolution Padel Store!","og_url":"https:\/\/revolutionpadelstore.com\/en\/sudadera-bullpadel-lurte-negro-005-2\/","og_site_name":"Revolution Padel Store","article_modified_time":"2026-04-08T07:14:14+00:00","og_image":[{"width":1000,"height":1188,"url":"https:\/\/revolutionpadelstore.com\/wp-content\/uploads\/2024\/12\/sudadera-bullpadel-lurte-negro.jpg","type":"image\/jpeg"}],"twitter_card":"summary_large_image","twitter_misc":{"Est. reading time":"1 minute"},"schema":{"@context":"https:\/\/schema.org","@graph":[{"@type":"WebPage","@id":"https:\/\/revolutionpadelstore.com\/en\/sudadera-bullpadel-lurte-negro-005-2\/","url":"https:\/\/revolutionpadelstore.com\/en\/sudadera-bullpadel-lurte-negro-005-2\/","name":"SUDADERA BULLPADEL LURTE NEGRO 005 - Revolution Padel Store","isPartOf":{"@id":"https:\/\/revolutionpadelstore.com\/en\/#website"},"primaryImageOfPage":{"@id":"https:\/\/revolutionpadelstore.com\/en\/sudadera-bullpadel-lurte-negro-005-2\/#primaryimage"},"image":{"@id":"https:\/\/revolutionpadelstore.com\/en\/sudadera-bullpadel-lurte-negro-005-2\/#primaryimage"},"thumbnailUrl":"https:\/\/revolutionpadelstore.com\/wp-content\/uploads\/2024\/12\/sudadera-bullpadel-lurte-negro.jpg","datePublished":"2024-12-19T22:26:05+00:00","dateModified":"2026-04-08T07:14:14+00:00","description":"Descubre la Sudadera Bullpadel Proline: dise\u00f1o t\u00e9cnico con tecnolog\u00eda Drynamic, comodidad y estilo para el p\u00e1del. \u00a1Compra al mejor precio en Revolution Padel Store!","breadcrumb":{"@id":"https:\/\/revolutionpadelstore.com\/en\/sudadera-bullpadel-lurte-negro-005-2\/#breadcrumb"},"inLanguage":"en-US","potentialAction":[{"@type":"ReadAction","target":["https:\/\/revolutionpadelstore.com\/en\/sudadera-bullpadel-lurte-negro-005-2\/"]}]},{"@type":"ImageObject","inLanguage":"en-US","@id":"https:\/\/revolutionpadelstore.com\/en\/sudadera-bullpadel-lurte-negro-005-2\/#primaryimage","url":"https:\/\/revolutionpadelstore.com\/wp-content\/uploads\/2024\/12\/sudadera-bullpadel-lurte-negro.jpg","contentUrl":"https:\/\/revolutionpadelstore.com\/wp-content\/uploads\/2024\/12\/sudadera-bullpadel-lurte-negro.jpg","width":1000,"height":1188},{"@type":"BreadcrumbList","@id":"https:\/\/revolutionpadelstore.com\/en\/sudadera-bullpadel-lurte-negro-005-2\/#breadcrumb","itemListElement":[{"@type":"ListItem","position":1,"name":"Portada","item":"https:\/\/revolutionpadelstore.com\/en\/"},{"@type":"ListItem","position":2,"name":"Shop","item":"https:\/\/revolutionpadelstore.com\/en\/shop\/"},{"@type":"ListItem","position":3,"name":"SUDADERA BULLPADEL LURTE NEGRO 005"}]},{"@type":"WebSite","@id":"https:\/\/revolutionpadelstore.com\/en\/#website","url":"https:\/\/revolutionpadelstore.com\/en\/","name":"Revolution Padel Store","description":"","publisher":{"@id":"https:\/\/revolutionpadelstore.com\/en\/#organization"},"potentialAction":[{"@type":"SearchAction","target":{"@type":"EntryPoint","urlTemplate":"https:\/\/revolutionpadelstore.com\/en\/?s={search_term_string}"},"query-input":{"@type":"PropertyValueSpecification","valueRequired":true,"valueName":"search_term_string"}}],"inLanguage":"en-US"},{"@type":"Organization","@id":"https:\/\/revolutionpadelstore.com\/en\/#organization","name":"Revolution Padel Store","url":"https:\/\/revolutionpadelstore.com\/en\/","logo":{"@type":"ImageObject","inLanguage":"en-US","@id":"https:\/\/revolutionpadelstore.com\/en\/#\/schema\/logo\/image\/","url":"https:\/\/revolutionpadelstore.com\/wp-content\/uploads\/2026\/02\/revolution-padel-store.jpg","contentUrl":"https:\/\/revolutionpadelstore.com\/wp-content\/uploads\/2026\/02\/revolution-padel-store.jpg","width":2000,"height":2000,"caption":"Revolution Padel Store"},"image":{"@id":"https:\/\/revolutionpadelstore.com\/en\/#\/schema\/logo\/image\/"},"sameAs":["https:\/\/www.instagram.com\/revolutionpadelstore\/"]}]}},"_links":{"self":[{"href":"https:\/\/revolutionpadelstore.com\/en\/wp-json\/wp\/v2\/product\/155764","targetHints":{"allow":["GET"]}}],"collection":[{"href":"https:\/\/revolutionpadelstore.com\/en\/wp-json\/wp\/v2\/product"}],"about":[{"href":"https:\/\/revolutionpadelstore.com\/en\/wp-json\/wp\/v2\/types\/product"}],"replies":[{"embeddable":true,"href":"https:\/\/revolutionpadelstore.com\/en\/wp-json\/wp\/v2\/comments?post=155764"}],"wp:featuredmedia":[{"embeddable":true,"href":"https:\/\/revolutionpadelstore.com\/en\/wp-json\/wp\/v2\/media\/155759"}],"wp:attachment":[{"href":"https:\/\/revolutionpadelstore.com\/en\/wp-json\/wp\/v2\/media?parent=155764"}],"wp:term":[{"taxonomy":"acabado","embeddable":true,"href":"https:\/\/revolutionpadelstore.com\/en\/wp-json\/wp\/v2\/acabado?post=155764"},{"taxonomy":"balance","embeddable":true,"href":"https:\/\/revolutionpadelstore.com\/en\/wp-json\/wp\/v2\/balance?post=155764"},{"taxonomy":"dureza","embeddable":true,"href":"https:\/\/revolutionpadelstore.com\/en\/wp-json\/wp\/v2\/dureza?post=155764"},{"taxonomy":"forma","embeddable":true,"href":"https:\/\/revolutionpadelstore.com\/en\/wp-json\/wp\/v2\/forma?post=155764"},{"taxonomy":"jugador","embeddable":true,"href":"https:\/\/revolutionpadelstore.com\/en\/wp-json\/wp\/v2\/jugador?post=155764"},{"taxonomy":"marca","embeddable":true,"href":"https:\/\/revolutionpadelstore.com\/en\/wp-json\/wp\/v2\/marca?post=155764"},{"taxonomy":"nivel-de-juego","embeddable":true,"href":"https:\/\/revolutionpadelstore.com\/en\/wp-json\/wp\/v2\/nivel-de-juego?post=155764"},{"taxonomy":"superficie","embeddable":true,"href":"https:\/\/revolutionpadelstore.com\/en\/wp-json\/wp\/v2\/superficie?post=155764"},{"taxonomy":"tipo-de-juego","embeddable":true,"href":"https:\/\/revolutionpadelstore.com\/en\/wp-json\/wp\/v2\/tipo-de-juego?post=155764"},{"taxonomy":"product_brand","embeddable":true,"href":"https:\/\/revolutionpadelstore.com\/en\/wp-json\/wp\/v2\/product_brand?post=155764"},{"taxonomy":"product_cat","embeddable":true,"href":"https:\/\/revolutionpadelstore.com\/en\/wp-json\/wp\/v2\/product_cat?post=155764"},{"taxonomy":"product_tag","embeddable":true,"href":"https:\/\/revolutionpadelstore.com\/en\/wp-json\/wp\/v2\/product_tag?post=155764"}],"curies":[{"name":"wp","href":"https:\/\/api.w.org\/{rel}","templated":true}]}}