{"id":155607,"date":"2024-12-18T08:31:37","date_gmt":"2024-12-18T07:31:37","guid":{"rendered":"https:\/\/revolutionpadelstore.com\/malla-bullpadel-mujer-acota\/"},"modified":"2026-04-08T09:17:29","modified_gmt":"2026-04-08T07:17:29","slug":"malla-bullpadel-mujer-acota-005-2","status":"publish","type":"product","link":"https:\/\/revolutionpadelstore.com\/en\/malla-bullpadel-mujer-acota-005-2\/","title":{"rendered":"MALLA BULLPADEL MUJER ACOTA 005"},"content":{"rendered":"<p><H2> MALLA Bullpadel Woman Lift <\/ h2><br \/>\nThe <strong> Bullpadel mesh limits for women <\/strong> is an essential garment for those who seek maximum performance in paddle tennis. Made in elastic nylon, combines lightness and comfort, ensuring total freedom of movement in each party. Its design includes a high belt that stylizes the figure while offering a firm, ideal to guarantee comfort and safety during the game.<\/p>\n<p>The tissue incorporates the <strong> Drylum technology <\/strong>, which improves perspiration and allows a quick drying by retaining little moisture. This feature makes it a perfect option for intense training or demanding parties. In addition, polyamide and elastan microfilaments provide elasticity and durability, ensuring that it adapts to each movement.<\/p>\n<p>Details in relief and reflective elements not only add a modern and stylized touch, but also improve visibility, ideal for low light conditions.<br \/>\n<H2> BENEFITS AND CHARACTERISTICS <\/H2><\/p>\n<p style=\"padding-left: 40px\"> <strong>-quality material <\/strong>: elastic nylon that ensures comfort and lightness. <\/p>\n<\/p>\n<p><P> <strong> -Cinturilla high <\/strong>: stylizes the figure and provides a safe support. <\/p>\n<p><P> <strong> -Tecnology Drylum <\/strong>: Effective perspiration and fast drying. <\/p>\n<\/p>\n<p><P> <strong>-Movement book <\/strong>: Thanks to polyamide and elast\u00e1n microfilaments. <\/p>\n<\/p>\n<p><P> <strong>-functional and modern design <\/strong>: relief details and reflective elements.<\/p>\n<p><H2> Why choose the bullpadel mesh limited <\/ h2><br \/>\nThis mesh is designed for active women looking for a perfect balance between style, functionality and performance in their paddle training. It is a versatile garment, ideal for both beginner and advanced players who want to stand out on the track.<\/p>\n<p>Get it now on our online store <a href=\"https:\/\/www.revolutionpadelstore.com\/\"> www.revolutionpadelstore.com <\/a> and ensures the best market price!<\/p>\n<h2>Malla Bullpadel Mujer Acota<\/h2>\n","protected":false},"excerpt":{"rendered":"<p>The bullpadel mesh limits offers comfort and lightness with Drylum technology. Its high waist sculpts the silhouette, while the elastic fabric ensures breathability and freedom of movement.<\/p>\n","protected":false},"featured_media":155584,"comment_status":"open","ping_status":"closed","template":"","meta":{"_acf_changed":false,"_joinchat":[]},"acabado":[],"balance":[],"dureza":[],"forma":[],"jugador":[1198],"marca":[1258],"nivel-de-juego":[],"superficie":[],"tipo-de-juego":[],"product_brand":[],"product_cat":[351],"product_tag":[],"class_list":{"0":"post-155607","1":"product","2":"type-product","3":"status-publish","4":"has-post-thumbnail","6":"jugador-woman","7":"marca-bullpadel-en","8":"product_cat-ropa-en","10":"first","11":"outofstock","12":"sale","13":"taxable","14":"shipping-taxable","15":"purchasable","16":"product-type-variable"},"acf":[],"yoast_head":"<!-- This site is optimized with the Yoast SEO plugin v27.4 - https:\/\/yoast.com\/product\/yoast-seo-wordpress\/ -->\n<title>MALLA BULLPADEL MUJER ACOTA 005 - Revolution Padel Store<\/title>\n<meta name=\"description\" content=\"Malla Bullpadel Mujer Acota con tecnolog\u00eda Drylum para secado r\u00e1pido, cinturilla alta y dise\u00f1o estilizado. C\u00f3moda y ligera, ideal para p\u00e1del. Compra al mejor precio en Revolution Padel Store.\" \/>\n<meta name=\"robots\" content=\"index, follow, max-snippet:-1, max-image-preview:large, max-video-preview:-1\" \/>\n<link rel=\"canonical\" href=\"https:\/\/revolutionpadelstore.com\/en\/malla-bullpadel-mujer-acota-005-2\/\" \/>\n<meta property=\"og:locale\" content=\"en_US\" \/>\n<meta property=\"og:type\" content=\"article\" \/>\n<meta property=\"og:title\" content=\"MALLA BULLPADEL MUJER ACOTA 005 - Revolution Padel Store\" \/>\n<meta property=\"og:description\" content=\"Malla Bullpadel Mujer Acota con tecnolog\u00eda Drylum para secado r\u00e1pido, cinturilla alta y dise\u00f1o estilizado. C\u00f3moda y ligera, ideal para p\u00e1del. Compra al mejor precio en Revolution Padel Store.\" \/>\n<meta property=\"og:url\" content=\"https:\/\/revolutionpadelstore.com\/en\/malla-bullpadel-mujer-acota-005-2\/\" \/>\n<meta property=\"og:site_name\" content=\"Revolution Padel Store\" \/>\n<meta property=\"article:modified_time\" content=\"2026-04-08T07:17:29+00:00\" \/>\n<meta property=\"og:image\" content=\"https:\/\/revolutionpadelstore.com\/wp-content\/uploads\/2024\/12\/114375_malla_bullpadel_mujer_lejos_005_negro_1200x1200_1_74d5.webp\" \/>\n\t<meta property=\"og:image:width\" content=\"1200\" \/>\n\t<meta property=\"og:image:height\" content=\"1200\" \/>\n\t<meta property=\"og:image:type\" content=\"image\/webp\" \/>\n<meta name=\"twitter:card\" content=\"summary_large_image\" \/>\n<meta name=\"twitter:label1\" content=\"Est. reading time\" \/>\n\t<meta name=\"twitter:data1\" content=\"2 minutes\" \/>\n<script type=\"application\/ld+json\" class=\"yoast-schema-graph\">{\"@context\":\"https:\\\/\\\/schema.org\",\"@graph\":[{\"@type\":\"WebPage\",\"@id\":\"https:\\\/\\\/revolutionpadelstore.com\\\/en\\\/malla-bullpadel-mujer-acota-005-2\\\/\",\"url\":\"https:\\\/\\\/revolutionpadelstore.com\\\/en\\\/malla-bullpadel-mujer-acota-005-2\\\/\",\"name\":\"MALLA BULLPADEL MUJER ACOTA 005 - Revolution Padel Store\",\"isPartOf\":{\"@id\":\"https:\\\/\\\/revolutionpadelstore.com\\\/en\\\/#website\"},\"primaryImageOfPage\":{\"@id\":\"https:\\\/\\\/revolutionpadelstore.com\\\/en\\\/malla-bullpadel-mujer-acota-005-2\\\/#primaryimage\"},\"image\":{\"@id\":\"https:\\\/\\\/revolutionpadelstore.com\\\/en\\\/malla-bullpadel-mujer-acota-005-2\\\/#primaryimage\"},\"thumbnailUrl\":\"https:\\\/\\\/revolutionpadelstore.com\\\/wp-content\\\/uploads\\\/2024\\\/12\\\/114375_malla_bullpadel_mujer_lejos_005_negro_1200x1200_1_74d5.webp\",\"datePublished\":\"2024-12-18T07:31:37+00:00\",\"dateModified\":\"2026-04-08T07:17:29+00:00\",\"description\":\"Malla Bullpadel Mujer Acota con tecnolog\u00eda Drylum para secado r\u00e1pido, cinturilla alta y dise\u00f1o estilizado. C\u00f3moda y ligera, ideal para p\u00e1del. Compra al mejor precio en Revolution Padel Store.\",\"breadcrumb\":{\"@id\":\"https:\\\/\\\/revolutionpadelstore.com\\\/en\\\/malla-bullpadel-mujer-acota-005-2\\\/#breadcrumb\"},\"inLanguage\":\"en-US\",\"potentialAction\":[{\"@type\":\"ReadAction\",\"target\":[\"https:\\\/\\\/revolutionpadelstore.com\\\/en\\\/malla-bullpadel-mujer-acota-005-2\\\/\"]}]},{\"@type\":\"ImageObject\",\"inLanguage\":\"en-US\",\"@id\":\"https:\\\/\\\/revolutionpadelstore.com\\\/en\\\/malla-bullpadel-mujer-acota-005-2\\\/#primaryimage\",\"url\":\"https:\\\/\\\/revolutionpadelstore.com\\\/wp-content\\\/uploads\\\/2024\\\/12\\\/114375_malla_bullpadel_mujer_lejos_005_negro_1200x1200_1_74d5.webp\",\"contentUrl\":\"https:\\\/\\\/revolutionpadelstore.com\\\/wp-content\\\/uploads\\\/2024\\\/12\\\/114375_malla_bullpadel_mujer_lejos_005_negro_1200x1200_1_74d5.webp\",\"width\":1200,\"height\":1200},{\"@type\":\"BreadcrumbList\",\"@id\":\"https:\\\/\\\/revolutionpadelstore.com\\\/en\\\/malla-bullpadel-mujer-acota-005-2\\\/#breadcrumb\",\"itemListElement\":[{\"@type\":\"ListItem\",\"position\":1,\"name\":\"Portada\",\"item\":\"https:\\\/\\\/revolutionpadelstore.com\\\/en\\\/\"},{\"@type\":\"ListItem\",\"position\":2,\"name\":\"Shop\",\"item\":\"https:\\\/\\\/revolutionpadelstore.com\\\/en\\\/shop\\\/\"},{\"@type\":\"ListItem\",\"position\":3,\"name\":\"MALLA BULLPADEL MUJER ACOTA 005\"}]},{\"@type\":\"WebSite\",\"@id\":\"https:\\\/\\\/revolutionpadelstore.com\\\/en\\\/#website\",\"url\":\"https:\\\/\\\/revolutionpadelstore.com\\\/en\\\/\",\"name\":\"Revolution Padel Store\",\"description\":\"\",\"publisher\":{\"@id\":\"https:\\\/\\\/revolutionpadelstore.com\\\/en\\\/#organization\"},\"potentialAction\":[{\"@type\":\"SearchAction\",\"target\":{\"@type\":\"EntryPoint\",\"urlTemplate\":\"https:\\\/\\\/revolutionpadelstore.com\\\/en\\\/?s={search_term_string}\"},\"query-input\":{\"@type\":\"PropertyValueSpecification\",\"valueRequired\":true,\"valueName\":\"search_term_string\"}}],\"inLanguage\":\"en-US\"},{\"@type\":\"Organization\",\"@id\":\"https:\\\/\\\/revolutionpadelstore.com\\\/en\\\/#organization\",\"name\":\"Revolution Padel Store\",\"url\":\"https:\\\/\\\/revolutionpadelstore.com\\\/en\\\/\",\"logo\":{\"@type\":\"ImageObject\",\"inLanguage\":\"en-US\",\"@id\":\"https:\\\/\\\/revolutionpadelstore.com\\\/en\\\/#\\\/schema\\\/logo\\\/image\\\/\",\"url\":\"https:\\\/\\\/revolutionpadelstore.com\\\/wp-content\\\/uploads\\\/2026\\\/02\\\/revolution-padel-store.jpg\",\"contentUrl\":\"https:\\\/\\\/revolutionpadelstore.com\\\/wp-content\\\/uploads\\\/2026\\\/02\\\/revolution-padel-store.jpg\",\"width\":2000,\"height\":2000,\"caption\":\"Revolution Padel Store\"},\"image\":{\"@id\":\"https:\\\/\\\/revolutionpadelstore.com\\\/en\\\/#\\\/schema\\\/logo\\\/image\\\/\"},\"sameAs\":[\"https:\\\/\\\/www.instagram.com\\\/revolutionpadelstore\\\/\"]}]}<\/script>\n<!-- \/ Yoast SEO plugin. -->","yoast_head_json":{"title":"MALLA BULLPADEL MUJER ACOTA 005 - Revolution Padel Store","description":"Malla Bullpadel Mujer Acota con tecnolog\u00eda Drylum para secado r\u00e1pido, cinturilla alta y dise\u00f1o estilizado. C\u00f3moda y ligera, ideal para p\u00e1del. Compra al mejor precio en Revolution Padel Store.","robots":{"index":"index","follow":"follow","max-snippet":"max-snippet:-1","max-image-preview":"max-image-preview:large","max-video-preview":"max-video-preview:-1"},"canonical":"https:\/\/revolutionpadelstore.com\/en\/malla-bullpadel-mujer-acota-005-2\/","og_locale":"en_US","og_type":"article","og_title":"MALLA BULLPADEL MUJER ACOTA 005 - Revolution Padel Store","og_description":"Malla Bullpadel Mujer Acota con tecnolog\u00eda Drylum para secado r\u00e1pido, cinturilla alta y dise\u00f1o estilizado. C\u00f3moda y ligera, ideal para p\u00e1del. Compra al mejor precio en Revolution Padel Store.","og_url":"https:\/\/revolutionpadelstore.com\/en\/malla-bullpadel-mujer-acota-005-2\/","og_site_name":"Revolution Padel Store","article_modified_time":"2026-04-08T07:17:29+00:00","og_image":[{"width":1200,"height":1200,"url":"https:\/\/revolutionpadelstore.com\/wp-content\/uploads\/2024\/12\/114375_malla_bullpadel_mujer_lejos_005_negro_1200x1200_1_74d5.webp","type":"image\/webp"}],"twitter_card":"summary_large_image","twitter_misc":{"Est. reading time":"2 minutes"},"schema":{"@context":"https:\/\/schema.org","@graph":[{"@type":"WebPage","@id":"https:\/\/revolutionpadelstore.com\/en\/malla-bullpadel-mujer-acota-005-2\/","url":"https:\/\/revolutionpadelstore.com\/en\/malla-bullpadel-mujer-acota-005-2\/","name":"MALLA BULLPADEL MUJER ACOTA 005 - Revolution Padel Store","isPartOf":{"@id":"https:\/\/revolutionpadelstore.com\/en\/#website"},"primaryImageOfPage":{"@id":"https:\/\/revolutionpadelstore.com\/en\/malla-bullpadel-mujer-acota-005-2\/#primaryimage"},"image":{"@id":"https:\/\/revolutionpadelstore.com\/en\/malla-bullpadel-mujer-acota-005-2\/#primaryimage"},"thumbnailUrl":"https:\/\/revolutionpadelstore.com\/wp-content\/uploads\/2024\/12\/114375_malla_bullpadel_mujer_lejos_005_negro_1200x1200_1_74d5.webp","datePublished":"2024-12-18T07:31:37+00:00","dateModified":"2026-04-08T07:17:29+00:00","description":"Malla Bullpadel Mujer Acota con tecnolog\u00eda Drylum para secado r\u00e1pido, cinturilla alta y dise\u00f1o estilizado. C\u00f3moda y ligera, ideal para p\u00e1del. Compra al mejor precio en Revolution Padel Store.","breadcrumb":{"@id":"https:\/\/revolutionpadelstore.com\/en\/malla-bullpadel-mujer-acota-005-2\/#breadcrumb"},"inLanguage":"en-US","potentialAction":[{"@type":"ReadAction","target":["https:\/\/revolutionpadelstore.com\/en\/malla-bullpadel-mujer-acota-005-2\/"]}]},{"@type":"ImageObject","inLanguage":"en-US","@id":"https:\/\/revolutionpadelstore.com\/en\/malla-bullpadel-mujer-acota-005-2\/#primaryimage","url":"https:\/\/revolutionpadelstore.com\/wp-content\/uploads\/2024\/12\/114375_malla_bullpadel_mujer_lejos_005_negro_1200x1200_1_74d5.webp","contentUrl":"https:\/\/revolutionpadelstore.com\/wp-content\/uploads\/2024\/12\/114375_malla_bullpadel_mujer_lejos_005_negro_1200x1200_1_74d5.webp","width":1200,"height":1200},{"@type":"BreadcrumbList","@id":"https:\/\/revolutionpadelstore.com\/en\/malla-bullpadel-mujer-acota-005-2\/#breadcrumb","itemListElement":[{"@type":"ListItem","position":1,"name":"Portada","item":"https:\/\/revolutionpadelstore.com\/en\/"},{"@type":"ListItem","position":2,"name":"Shop","item":"https:\/\/revolutionpadelstore.com\/en\/shop\/"},{"@type":"ListItem","position":3,"name":"MALLA BULLPADEL MUJER ACOTA 005"}]},{"@type":"WebSite","@id":"https:\/\/revolutionpadelstore.com\/en\/#website","url":"https:\/\/revolutionpadelstore.com\/en\/","name":"Revolution Padel Store","description":"","publisher":{"@id":"https:\/\/revolutionpadelstore.com\/en\/#organization"},"potentialAction":[{"@type":"SearchAction","target":{"@type":"EntryPoint","urlTemplate":"https:\/\/revolutionpadelstore.com\/en\/?s={search_term_string}"},"query-input":{"@type":"PropertyValueSpecification","valueRequired":true,"valueName":"search_term_string"}}],"inLanguage":"en-US"},{"@type":"Organization","@id":"https:\/\/revolutionpadelstore.com\/en\/#organization","name":"Revolution Padel Store","url":"https:\/\/revolutionpadelstore.com\/en\/","logo":{"@type":"ImageObject","inLanguage":"en-US","@id":"https:\/\/revolutionpadelstore.com\/en\/#\/schema\/logo\/image\/","url":"https:\/\/revolutionpadelstore.com\/wp-content\/uploads\/2026\/02\/revolution-padel-store.jpg","contentUrl":"https:\/\/revolutionpadelstore.com\/wp-content\/uploads\/2026\/02\/revolution-padel-store.jpg","width":2000,"height":2000,"caption":"Revolution Padel Store"},"image":{"@id":"https:\/\/revolutionpadelstore.com\/en\/#\/schema\/logo\/image\/"},"sameAs":["https:\/\/www.instagram.com\/revolutionpadelstore\/"]}]}},"_links":{"self":[{"href":"https:\/\/revolutionpadelstore.com\/en\/wp-json\/wp\/v2\/product\/155607","targetHints":{"allow":["GET"]}}],"collection":[{"href":"https:\/\/revolutionpadelstore.com\/en\/wp-json\/wp\/v2\/product"}],"about":[{"href":"https:\/\/revolutionpadelstore.com\/en\/wp-json\/wp\/v2\/types\/product"}],"replies":[{"embeddable":true,"href":"https:\/\/revolutionpadelstore.com\/en\/wp-json\/wp\/v2\/comments?post=155607"}],"wp:featuredmedia":[{"embeddable":true,"href":"https:\/\/revolutionpadelstore.com\/en\/wp-json\/wp\/v2\/media\/155584"}],"wp:attachment":[{"href":"https:\/\/revolutionpadelstore.com\/en\/wp-json\/wp\/v2\/media?parent=155607"}],"wp:term":[{"taxonomy":"acabado","embeddable":true,"href":"https:\/\/revolutionpadelstore.com\/en\/wp-json\/wp\/v2\/acabado?post=155607"},{"taxonomy":"balance","embeddable":true,"href":"https:\/\/revolutionpadelstore.com\/en\/wp-json\/wp\/v2\/balance?post=155607"},{"taxonomy":"dureza","embeddable":true,"href":"https:\/\/revolutionpadelstore.com\/en\/wp-json\/wp\/v2\/dureza?post=155607"},{"taxonomy":"forma","embeddable":true,"href":"https:\/\/revolutionpadelstore.com\/en\/wp-json\/wp\/v2\/forma?post=155607"},{"taxonomy":"jugador","embeddable":true,"href":"https:\/\/revolutionpadelstore.com\/en\/wp-json\/wp\/v2\/jugador?post=155607"},{"taxonomy":"marca","embeddable":true,"href":"https:\/\/revolutionpadelstore.com\/en\/wp-json\/wp\/v2\/marca?post=155607"},{"taxonomy":"nivel-de-juego","embeddable":true,"href":"https:\/\/revolutionpadelstore.com\/en\/wp-json\/wp\/v2\/nivel-de-juego?post=155607"},{"taxonomy":"superficie","embeddable":true,"href":"https:\/\/revolutionpadelstore.com\/en\/wp-json\/wp\/v2\/superficie?post=155607"},{"taxonomy":"tipo-de-juego","embeddable":true,"href":"https:\/\/revolutionpadelstore.com\/en\/wp-json\/wp\/v2\/tipo-de-juego?post=155607"},{"taxonomy":"product_brand","embeddable":true,"href":"https:\/\/revolutionpadelstore.com\/en\/wp-json\/wp\/v2\/product_brand?post=155607"},{"taxonomy":"product_cat","embeddable":true,"href":"https:\/\/revolutionpadelstore.com\/en\/wp-json\/wp\/v2\/product_cat?post=155607"},{"taxonomy":"product_tag","embeddable":true,"href":"https:\/\/revolutionpadelstore.com\/en\/wp-json\/wp\/v2\/product_tag?post=155607"}],"curies":[{"name":"wp","href":"https:\/\/api.w.org\/{rel}","templated":true}]}}