{"id":154651,"date":"2024-12-06T13:14:03","date_gmt":"2024-12-06T12:14:03","guid":{"rendered":"https:\/\/revolutionpadelstore.com\/adidas-metalbone-team-light-3-4-2025\/"},"modified":"2026-04-08T09:43:48","modified_gmt":"2026-04-08T07:43:48","slug":"adidas-metalbone-team-light-3-4-2025-2","status":"publish","type":"product","link":"https:\/\/revolutionpadelstore.com\/en\/adidas-metalbone-team-light-3-4-2025-2\/","title":{"rendered":"ADIDAS METALBONE TEAM LIGHT 3.4 2025"},"content":{"rendered":"<p><H2> ADIDAS METALBONE TEAM Light 3.4, Lightness and comfort <\/ h2><br \/>\nThe <strong> adidas Metalbone Team Light 3.4 <\/strong> stands out for offering an incredible feeling of comfort, control and maneuverability. With its round format, it distributes the weight near the grip, providing greater precision and agility in defensive movements from the bottom of the track. In addition, its light weight, which ranges between 345 and 360 grams, ensures maximum comfort and high manageability at all times.<br \/>\n<H2> METALBONE TEAM LIGHT 3.4 PALA FOR ADVANCED PLAYERS <\/H2><br \/>\nPerfect for advanced level players, the paddle shovel <strong> adidas Metalbone Team Light 3.4 <\/strong> offers an exceptional combination of lightness, high performance and wear resistance. It is focused on defensive blows, so if you are looking to stand out in plays from the bottom line, this shovel offers you just what you need. Its light weight and round mold favor maximum control of the ball, ideal for those who seek to achieve their best performance in each game.<br \/>\n<H2> CHARACTERISTICS AND TECHNOLOGIES OF ADIDAS METALBONE TEAM LIGHT 3.4 <\/H2><\/p>\n<p> <strong>-Eva Soft performance rubber nucleus <\/strong>: low density, for greater comfort and pleasant sensation in each impact.<\/p>\n<p style=\"padding-left: 40px\"> <strong>-fiberglass plans <\/strong>: They provide softness and ensure a good ball outlet. <\/p>\n<\/p>\n<p><P> <strong> -Chas with texture spin blade shield <\/strong>: They favor the grip of the ball to print more effect.<\/p>\n<p style=\"padding-left: 40px\"> <strong> -octogonal structure <\/strong>: minimizes torsion and increases precision. <\/p>\n<\/p>\n<p style=\"padding-left: 40px\"> <strong> -Grip more elongated extra grip power <\/strong>: for a stable and firm grip. <\/p>\n<\/p>\n<p style=\"padding-left: 40px\"> <strong> -design low poly <\/strong>: increases the stiffness of the structure for more effective and forceful blows.<\/p>\n<p><H2> Available in Revolution Padel Store <\/ h2><br \/>\nDo not think about it and get the new paddle shovel <strong> Metalbone Team Light 3.4 <\/strong> adidas. With its round mold and low balance, it provides you with the necessary control to succeed in the defensive plays.<\/p>\n<h2>Adidas Metalbone Team Light 3.4, ligereza y comodidad<\/h2>\n","protected":false},"excerpt":{"rendered":"<p>Adidas Metalbone Padel Pladel Team Light 3.4 with a round shape and low balance for maximum control and comfort. For advanced level players. Eva Soft Performance nucleus.<\/p>\n","protected":false},"featured_media":152890,"comment_status":"open","ping_status":"closed","template":"","meta":{"_acf_changed":false,"_joinchat":[]},"acabado":[1108],"balance":[1148],"dureza":[1158],"forma":[1183],"jugador":[1193,1203],"marca":[1233],"nivel-de-juego":[1338,1343],"superficie":[1363],"tipo-de-juego":[1373],"product_brand":[],"product_cat":[303],"product_tag":[],"class_list":{"0":"post-154651","1":"product","2":"type-product","3":"status-publish","4":"has-post-thumbnail","6":"acabado-rugoso-en","7":"balance-bajo-en","8":"dureza-media-en","9":"forma-redonda-en","10":"jugador-hombre-en","11":"jugador-multipurpose","12":"marca-adidas-en","13":"superficie-rugosa-en","14":"tipo-de-juego-control-en","15":"product_cat-palas","17":"first","18":"instock","19":"sale","20":"taxable","21":"shipping-taxable","22":"purchasable","23":"product-type-simple"},"acf":[],"yoast_head":"<!-- This site is optimized with the Yoast SEO plugin v27.4 - https:\/\/yoast.com\/product\/yoast-seo-wordpress\/ -->\n<title>ADIDAS METALBONE TEAM LIGHT 3.4 2025 - Revolution Padel Store<\/title>\n<meta name=\"description\" content=\"La Adidas Metalbone Team Light 3.4 destaca por garantizar unas incre\u00edbles sensaciones de confort, control y maniobrabilidad durante su uso. Con su formato redondo, distribuye el peso cerca del grip, proporcionando mayor precisi\u00f3n y agilidad en movimientos defensivos desde el fondo de la pista. Adem\u00e1s, su peso ligero comprendido entre los 345 y los 360 gramos asegura m\u00e1ximo confort y alta manejabilidad en todo momento.\" \/>\n<meta name=\"robots\" content=\"index, follow, max-snippet:-1, max-image-preview:large, max-video-preview:-1\" \/>\n<link rel=\"canonical\" href=\"https:\/\/revolutionpadelstore.com\/en\/adidas-metalbone-team-light-3-4-2025-2\/\" \/>\n<meta property=\"og:locale\" content=\"en_US\" \/>\n<meta property=\"og:type\" content=\"article\" \/>\n<meta property=\"og:title\" content=\"ADIDAS METALBONE TEAM LIGHT 3.4 2025 - Revolution Padel Store\" \/>\n<meta property=\"og:description\" content=\"La Adidas Metalbone Team Light 3.4 destaca por garantizar unas incre\u00edbles sensaciones de confort, control y maniobrabilidad durante su uso. Con su formato redondo, distribuye el peso cerca del grip, proporcionando mayor precisi\u00f3n y agilidad en movimientos defensivos desde el fondo de la pista. Adem\u00e1s, su peso ligero comprendido entre los 345 y los 360 gramos asegura m\u00e1ximo confort y alta manejabilidad en todo momento.\" \/>\n<meta property=\"og:url\" content=\"https:\/\/revolutionpadelstore.com\/en\/adidas-metalbone-team-light-3-4-2025-2\/\" \/>\n<meta property=\"og:site_name\" content=\"Revolution Padel Store\" \/>\n<meta property=\"article:modified_time\" content=\"2026-04-08T07:43:48+00:00\" \/>\n<meta property=\"og:image\" content=\"https:\/\/revolutionpadelstore.com\/wp-content\/uploads\/2024\/12\/113689-pala-adidas-metalbone-team-light-3-4-ar2ca0u451500x1500-1-1.webp\" \/>\n\t<meta property=\"og:image:width\" content=\"1500\" \/>\n\t<meta property=\"og:image:height\" content=\"1500\" \/>\n\t<meta property=\"og:image:type\" content=\"image\/webp\" \/>\n<meta name=\"twitter:card\" content=\"summary_large_image\" \/>\n<meta name=\"twitter:label1\" content=\"Est. reading time\" \/>\n\t<meta name=\"twitter:data1\" content=\"1 minute\" \/>\n<script type=\"application\/ld+json\" class=\"yoast-schema-graph\">{\"@context\":\"https:\\\/\\\/schema.org\",\"@graph\":[{\"@type\":\"WebPage\",\"@id\":\"https:\\\/\\\/revolutionpadelstore.com\\\/en\\\/adidas-metalbone-team-light-3-4-2025-2\\\/\",\"url\":\"https:\\\/\\\/revolutionpadelstore.com\\\/en\\\/adidas-metalbone-team-light-3-4-2025-2\\\/\",\"name\":\"ADIDAS METALBONE TEAM LIGHT 3.4 2025 - Revolution Padel Store\",\"isPartOf\":{\"@id\":\"https:\\\/\\\/revolutionpadelstore.com\\\/en\\\/#website\"},\"primaryImageOfPage\":{\"@id\":\"https:\\\/\\\/revolutionpadelstore.com\\\/en\\\/adidas-metalbone-team-light-3-4-2025-2\\\/#primaryimage\"},\"image\":{\"@id\":\"https:\\\/\\\/revolutionpadelstore.com\\\/en\\\/adidas-metalbone-team-light-3-4-2025-2\\\/#primaryimage\"},\"thumbnailUrl\":\"https:\\\/\\\/revolutionpadelstore.com\\\/wp-content\\\/uploads\\\/2024\\\/12\\\/113689-pala-adidas-metalbone-team-light-3-4-ar2ca0u451500x1500-1-1.webp\",\"datePublished\":\"2024-12-06T12:14:03+00:00\",\"dateModified\":\"2026-04-08T07:43:48+00:00\",\"description\":\"La Adidas Metalbone Team Light 3.4 destaca por garantizar unas incre\u00edbles sensaciones de confort, control y maniobrabilidad durante su uso. Con su formato redondo, distribuye el peso cerca del grip, proporcionando mayor precisi\u00f3n y agilidad en movimientos defensivos desde el fondo de la pista. Adem\u00e1s, su peso ligero comprendido entre los 345 y los 360 gramos asegura m\u00e1ximo confort y alta manejabilidad en todo momento.\",\"breadcrumb\":{\"@id\":\"https:\\\/\\\/revolutionpadelstore.com\\\/en\\\/adidas-metalbone-team-light-3-4-2025-2\\\/#breadcrumb\"},\"inLanguage\":\"en-US\",\"potentialAction\":[{\"@type\":\"ReadAction\",\"target\":[\"https:\\\/\\\/revolutionpadelstore.com\\\/en\\\/adidas-metalbone-team-light-3-4-2025-2\\\/\"]}]},{\"@type\":\"ImageObject\",\"inLanguage\":\"en-US\",\"@id\":\"https:\\\/\\\/revolutionpadelstore.com\\\/en\\\/adidas-metalbone-team-light-3-4-2025-2\\\/#primaryimage\",\"url\":\"https:\\\/\\\/revolutionpadelstore.com\\\/wp-content\\\/uploads\\\/2024\\\/12\\\/113689-pala-adidas-metalbone-team-light-3-4-ar2ca0u451500x1500-1-1.webp\",\"contentUrl\":\"https:\\\/\\\/revolutionpadelstore.com\\\/wp-content\\\/uploads\\\/2024\\\/12\\\/113689-pala-adidas-metalbone-team-light-3-4-ar2ca0u451500x1500-1-1.webp\",\"width\":1500,\"height\":1500},{\"@type\":\"BreadcrumbList\",\"@id\":\"https:\\\/\\\/revolutionpadelstore.com\\\/en\\\/adidas-metalbone-team-light-3-4-2025-2\\\/#breadcrumb\",\"itemListElement\":[{\"@type\":\"ListItem\",\"position\":1,\"name\":\"Portada\",\"item\":\"https:\\\/\\\/revolutionpadelstore.com\\\/en\\\/\"},{\"@type\":\"ListItem\",\"position\":2,\"name\":\"Shop\",\"item\":\"https:\\\/\\\/revolutionpadelstore.com\\\/en\\\/shop\\\/\"},{\"@type\":\"ListItem\",\"position\":3,\"name\":\"ADIDAS METALBONE TEAM LIGHT 3.4 2025\"}]},{\"@type\":\"WebSite\",\"@id\":\"https:\\\/\\\/revolutionpadelstore.com\\\/en\\\/#website\",\"url\":\"https:\\\/\\\/revolutionpadelstore.com\\\/en\\\/\",\"name\":\"Revolution Padel Store\",\"description\":\"\",\"publisher\":{\"@id\":\"https:\\\/\\\/revolutionpadelstore.com\\\/en\\\/#organization\"},\"potentialAction\":[{\"@type\":\"SearchAction\",\"target\":{\"@type\":\"EntryPoint\",\"urlTemplate\":\"https:\\\/\\\/revolutionpadelstore.com\\\/en\\\/?s={search_term_string}\"},\"query-input\":{\"@type\":\"PropertyValueSpecification\",\"valueRequired\":true,\"valueName\":\"search_term_string\"}}],\"inLanguage\":\"en-US\"},{\"@type\":\"Organization\",\"@id\":\"https:\\\/\\\/revolutionpadelstore.com\\\/en\\\/#organization\",\"name\":\"Revolution Padel Store\",\"url\":\"https:\\\/\\\/revolutionpadelstore.com\\\/en\\\/\",\"logo\":{\"@type\":\"ImageObject\",\"inLanguage\":\"en-US\",\"@id\":\"https:\\\/\\\/revolutionpadelstore.com\\\/en\\\/#\\\/schema\\\/logo\\\/image\\\/\",\"url\":\"https:\\\/\\\/revolutionpadelstore.com\\\/wp-content\\\/uploads\\\/2026\\\/02\\\/revolution-padel-store.jpg\",\"contentUrl\":\"https:\\\/\\\/revolutionpadelstore.com\\\/wp-content\\\/uploads\\\/2026\\\/02\\\/revolution-padel-store.jpg\",\"width\":2000,\"height\":2000,\"caption\":\"Revolution Padel Store\"},\"image\":{\"@id\":\"https:\\\/\\\/revolutionpadelstore.com\\\/en\\\/#\\\/schema\\\/logo\\\/image\\\/\"},\"sameAs\":[\"https:\\\/\\\/www.instagram.com\\\/revolutionpadelstore\\\/\"]}]}<\/script>\n<!-- \/ Yoast SEO plugin. -->","yoast_head_json":{"title":"ADIDAS METALBONE TEAM LIGHT 3.4 2025 - Revolution Padel Store","description":"La Adidas Metalbone Team Light 3.4 destaca por garantizar unas incre\u00edbles sensaciones de confort, control y maniobrabilidad durante su uso. Con su formato redondo, distribuye el peso cerca del grip, proporcionando mayor precisi\u00f3n y agilidad en movimientos defensivos desde el fondo de la pista. Adem\u00e1s, su peso ligero comprendido entre los 345 y los 360 gramos asegura m\u00e1ximo confort y alta manejabilidad en todo momento.","robots":{"index":"index","follow":"follow","max-snippet":"max-snippet:-1","max-image-preview":"max-image-preview:large","max-video-preview":"max-video-preview:-1"},"canonical":"https:\/\/revolutionpadelstore.com\/en\/adidas-metalbone-team-light-3-4-2025-2\/","og_locale":"en_US","og_type":"article","og_title":"ADIDAS METALBONE TEAM LIGHT 3.4 2025 - Revolution Padel Store","og_description":"La Adidas Metalbone Team Light 3.4 destaca por garantizar unas incre\u00edbles sensaciones de confort, control y maniobrabilidad durante su uso. Con su formato redondo, distribuye el peso cerca del grip, proporcionando mayor precisi\u00f3n y agilidad en movimientos defensivos desde el fondo de la pista. Adem\u00e1s, su peso ligero comprendido entre los 345 y los 360 gramos asegura m\u00e1ximo confort y alta manejabilidad en todo momento.","og_url":"https:\/\/revolutionpadelstore.com\/en\/adidas-metalbone-team-light-3-4-2025-2\/","og_site_name":"Revolution Padel Store","article_modified_time":"2026-04-08T07:43:48+00:00","og_image":[{"width":1500,"height":1500,"url":"https:\/\/revolutionpadelstore.com\/wp-content\/uploads\/2024\/12\/113689-pala-adidas-metalbone-team-light-3-4-ar2ca0u451500x1500-1-1.webp","type":"image\/webp"}],"twitter_card":"summary_large_image","twitter_misc":{"Est. reading time":"1 minute"},"schema":{"@context":"https:\/\/schema.org","@graph":[{"@type":"WebPage","@id":"https:\/\/revolutionpadelstore.com\/en\/adidas-metalbone-team-light-3-4-2025-2\/","url":"https:\/\/revolutionpadelstore.com\/en\/adidas-metalbone-team-light-3-4-2025-2\/","name":"ADIDAS METALBONE TEAM LIGHT 3.4 2025 - Revolution Padel Store","isPartOf":{"@id":"https:\/\/revolutionpadelstore.com\/en\/#website"},"primaryImageOfPage":{"@id":"https:\/\/revolutionpadelstore.com\/en\/adidas-metalbone-team-light-3-4-2025-2\/#primaryimage"},"image":{"@id":"https:\/\/revolutionpadelstore.com\/en\/adidas-metalbone-team-light-3-4-2025-2\/#primaryimage"},"thumbnailUrl":"https:\/\/revolutionpadelstore.com\/wp-content\/uploads\/2024\/12\/113689-pala-adidas-metalbone-team-light-3-4-ar2ca0u451500x1500-1-1.webp","datePublished":"2024-12-06T12:14:03+00:00","dateModified":"2026-04-08T07:43:48+00:00","description":"La Adidas Metalbone Team Light 3.4 destaca por garantizar unas incre\u00edbles sensaciones de confort, control y maniobrabilidad durante su uso. Con su formato redondo, distribuye el peso cerca del grip, proporcionando mayor precisi\u00f3n y agilidad en movimientos defensivos desde el fondo de la pista. Adem\u00e1s, su peso ligero comprendido entre los 345 y los 360 gramos asegura m\u00e1ximo confort y alta manejabilidad en todo momento.","breadcrumb":{"@id":"https:\/\/revolutionpadelstore.com\/en\/adidas-metalbone-team-light-3-4-2025-2\/#breadcrumb"},"inLanguage":"en-US","potentialAction":[{"@type":"ReadAction","target":["https:\/\/revolutionpadelstore.com\/en\/adidas-metalbone-team-light-3-4-2025-2\/"]}]},{"@type":"ImageObject","inLanguage":"en-US","@id":"https:\/\/revolutionpadelstore.com\/en\/adidas-metalbone-team-light-3-4-2025-2\/#primaryimage","url":"https:\/\/revolutionpadelstore.com\/wp-content\/uploads\/2024\/12\/113689-pala-adidas-metalbone-team-light-3-4-ar2ca0u451500x1500-1-1.webp","contentUrl":"https:\/\/revolutionpadelstore.com\/wp-content\/uploads\/2024\/12\/113689-pala-adidas-metalbone-team-light-3-4-ar2ca0u451500x1500-1-1.webp","width":1500,"height":1500},{"@type":"BreadcrumbList","@id":"https:\/\/revolutionpadelstore.com\/en\/adidas-metalbone-team-light-3-4-2025-2\/#breadcrumb","itemListElement":[{"@type":"ListItem","position":1,"name":"Portada","item":"https:\/\/revolutionpadelstore.com\/en\/"},{"@type":"ListItem","position":2,"name":"Shop","item":"https:\/\/revolutionpadelstore.com\/en\/shop\/"},{"@type":"ListItem","position":3,"name":"ADIDAS METALBONE TEAM LIGHT 3.4 2025"}]},{"@type":"WebSite","@id":"https:\/\/revolutionpadelstore.com\/en\/#website","url":"https:\/\/revolutionpadelstore.com\/en\/","name":"Revolution Padel Store","description":"","publisher":{"@id":"https:\/\/revolutionpadelstore.com\/en\/#organization"},"potentialAction":[{"@type":"SearchAction","target":{"@type":"EntryPoint","urlTemplate":"https:\/\/revolutionpadelstore.com\/en\/?s={search_term_string}"},"query-input":{"@type":"PropertyValueSpecification","valueRequired":true,"valueName":"search_term_string"}}],"inLanguage":"en-US"},{"@type":"Organization","@id":"https:\/\/revolutionpadelstore.com\/en\/#organization","name":"Revolution Padel Store","url":"https:\/\/revolutionpadelstore.com\/en\/","logo":{"@type":"ImageObject","inLanguage":"en-US","@id":"https:\/\/revolutionpadelstore.com\/en\/#\/schema\/logo\/image\/","url":"https:\/\/revolutionpadelstore.com\/wp-content\/uploads\/2026\/02\/revolution-padel-store.jpg","contentUrl":"https:\/\/revolutionpadelstore.com\/wp-content\/uploads\/2026\/02\/revolution-padel-store.jpg","width":2000,"height":2000,"caption":"Revolution Padel Store"},"image":{"@id":"https:\/\/revolutionpadelstore.com\/en\/#\/schema\/logo\/image\/"},"sameAs":["https:\/\/www.instagram.com\/revolutionpadelstore\/"]}]}},"_links":{"self":[{"href":"https:\/\/revolutionpadelstore.com\/en\/wp-json\/wp\/v2\/product\/154651","targetHints":{"allow":["GET"]}}],"collection":[{"href":"https:\/\/revolutionpadelstore.com\/en\/wp-json\/wp\/v2\/product"}],"about":[{"href":"https:\/\/revolutionpadelstore.com\/en\/wp-json\/wp\/v2\/types\/product"}],"replies":[{"embeddable":true,"href":"https:\/\/revolutionpadelstore.com\/en\/wp-json\/wp\/v2\/comments?post=154651"}],"wp:featuredmedia":[{"embeddable":true,"href":"https:\/\/revolutionpadelstore.com\/en\/wp-json\/wp\/v2\/media\/152890"}],"wp:attachment":[{"href":"https:\/\/revolutionpadelstore.com\/en\/wp-json\/wp\/v2\/media?parent=154651"}],"wp:term":[{"taxonomy":"acabado","embeddable":true,"href":"https:\/\/revolutionpadelstore.com\/en\/wp-json\/wp\/v2\/acabado?post=154651"},{"taxonomy":"balance","embeddable":true,"href":"https:\/\/revolutionpadelstore.com\/en\/wp-json\/wp\/v2\/balance?post=154651"},{"taxonomy":"dureza","embeddable":true,"href":"https:\/\/revolutionpadelstore.com\/en\/wp-json\/wp\/v2\/dureza?post=154651"},{"taxonomy":"forma","embeddable":true,"href":"https:\/\/revolutionpadelstore.com\/en\/wp-json\/wp\/v2\/forma?post=154651"},{"taxonomy":"jugador","embeddable":true,"href":"https:\/\/revolutionpadelstore.com\/en\/wp-json\/wp\/v2\/jugador?post=154651"},{"taxonomy":"marca","embeddable":true,"href":"https:\/\/revolutionpadelstore.com\/en\/wp-json\/wp\/v2\/marca?post=154651"},{"taxonomy":"nivel-de-juego","embeddable":true,"href":"https:\/\/revolutionpadelstore.com\/en\/wp-json\/wp\/v2\/nivel-de-juego?post=154651"},{"taxonomy":"superficie","embeddable":true,"href":"https:\/\/revolutionpadelstore.com\/en\/wp-json\/wp\/v2\/superficie?post=154651"},{"taxonomy":"tipo-de-juego","embeddable":true,"href":"https:\/\/revolutionpadelstore.com\/en\/wp-json\/wp\/v2\/tipo-de-juego?post=154651"},{"taxonomy":"product_brand","embeddable":true,"href":"https:\/\/revolutionpadelstore.com\/en\/wp-json\/wp\/v2\/product_brand?post=154651"},{"taxonomy":"product_cat","embeddable":true,"href":"https:\/\/revolutionpadelstore.com\/en\/wp-json\/wp\/v2\/product_cat?post=154651"},{"taxonomy":"product_tag","embeddable":true,"href":"https:\/\/revolutionpadelstore.com\/en\/wp-json\/wp\/v2\/product_tag?post=154651"}],"curies":[{"name":"wp","href":"https:\/\/api.w.org\/{rel}","templated":true}]}}