{"id":154636,"date":"2024-12-07T09:35:06","date_gmt":"2024-12-07T08:35:06","guid":{"rendered":"https:\/\/revolutionpadelstore.com\/adidas-cross-it-3-4-2025\/"},"modified":"2026-04-08T09:41:19","modified_gmt":"2026-04-08T07:41:19","slug":"adidas-cross-it-3-4-2025-2","status":"publish","type":"product","link":"https:\/\/revolutionpadelstore.com\/en\/adidas-cross-it-3-4-2025-2\/","title":{"rendered":"ADIDAS CROSS IT 3.4 2025"},"content":{"rendered":"<div id=\"ZCMJC89RSMHRYTMVOCYAP-USER-MESAGE\" Role=\"ARTICLE\" DATA-TABSTER=\"{\" ARIA-LABELLEDBY=\"ZCMJC89RSMHRYTMVOCYAP-USER-MENSAGE\">\n<div class=\"Flex w-Full Flex-Col items-End\" Data-Concentnt=\"User-Message\"> <\/ div><br \/>\n<\/ div><\/p>\n<div role=\"article\" data-tabster=\"{\" data-concent=\"ai-message\">\n<div id=\"cbj6xchxcBipgKC8GGP2-Concentnt\" Class=\"Space-Y-3 Break-Words\">\n<H2> <strong> adidas Cross it 3.4 2025: power and style on the track! <\/strong> <\/ h2><br \/>\nThe <strong> adidas Cross IT 3.4 2025 <\/strong> is the paddle shovel you need to bring your game to the next level. Designed to maximize power and maneuverability, this blade integrates innovative technologies that will make you highlight on the track. With a modern design and an oversize diamond format, you will not only look great, but you will also have superior performance.<br \/>\n<H2> <strong> for advanced players <\/strong> <\/ h2><br \/>\nIf you are a high -level player who seeks to make the most of his strength and technique, this shovel is for you. Its 15K aluminized carbon construction and high density Eva rubber guarantees a solid and powerful blow. In addition, the Power Extra Grip handle, longer than usual, facilitates the generation of inertia, ideal for offensive players who do not renounce good control.<br \/>\n<H2> <strong> characteristics and technologies <\/strong> <\/ h2><\/p>\n<p> <strong> -Dynamic Air Flow <\/strong>: Less air resistance for better maneuverability.<\/p>\n<p style=\"padding-left: 40px\"> <strong> -Power extra grip <\/strong>: extended handle that increases inertia and power in each blow.<br \/>\n<P> <strong> -11 Thirteen <\/strong>: Specific holes for greater rigidity and durability. <\/p>\n<p><P> <strong> -Spin Blade Mold <\/strong>: 3D relief that improves contact and increases the effects.<\/p>\n<p style=\"padding-left: 40px\"> <strong> -hight memory eva <\/strong>: high density rubber for maximum power in rapid blows.<\/p>\n<p style=\"padding-left: 40px\"> <strong> -coditized carbon 15k <\/strong>: resistance and stiffness for players who prioritize strength. <\/p>\n<p><P> <strong>-Oversize diamond shoe<\/p>\n<p><H2> <strong> Available at Revolution Padel Store <\/strong> <\/ h2><br \/>\nThe <strong> adidas Cross IT 3.4 2025 <\/strong> is ideal for those looking for high performance in each party. With its combination of advanced technologies and attractive design, this shovel is the perfect ally for players who want to master the game.<\/p>\n<p><\/ div><br \/>\n<\/ div><\/p>\n","protected":false},"excerpt":{"rendered":"<p>The Adidas Cross IT 3.4 2025 combines power, control and advanced technologies such as Dynamic Air Flow and Spin Blade Mold, ideal for expert players looking for high performance in each game.<\/p>\n","protected":false},"featured_media":153309,"comment_status":"open","ping_status":"closed","template":"","meta":{"_acf_changed":false,"_joinchat":[]},"acabado":[1093],"balance":[1138],"dureza":[1163],"forma":[1173],"jugador":[1198],"marca":[1233],"nivel-de-juego":[1338],"superficie":[1363],"tipo-de-juego":[1378],"product_brand":[],"product_cat":[303],"product_tag":[],"class_list":{"0":"post-154636","1":"product","2":"type-product","3":"status-publish","4":"has-post-thumbnail","6":"acabado-relieve-3d-en","7":"balance-alto-en","8":"dureza-dura-en","9":"forma-diamante-en","10":"jugador-woman","11":"marca-adidas-en","12":"superficie-rugosa-en","13":"tipo-de-juego-potencia-en","14":"product_cat-palas","16":"first","17":"instock","18":"sale","19":"taxable","20":"shipping-taxable","21":"purchasable","22":"product-type-simple"},"acf":[],"yoast_head":"<!-- This site is optimized with the Yoast SEO plugin v27.4 - https:\/\/yoast.com\/product\/yoast-seo-wordpress\/ -->\n<title>ADIDAS CROSS IT 3.4 2025 - Revolution Padel Store<\/title>\n<meta name=\"description\" content=\"La Adidas Cross IT 3.4 2025 es una pala de p\u00e1del dise\u00f1ada para maximizar potencia y maniobrabilidad, integrando tecnolog\u00edas innovadoras para elevar el rendimiento en la pista. Con un dise\u00f1o moderno y un formato diamante oversize, esta pala no solo destaca por su aspecto, sino tambi\u00e9n por sus prestaciones avanzadas, que combinan potencia y control para jugadores exigentes.\" \/>\n<meta name=\"robots\" content=\"index, follow, max-snippet:-1, max-image-preview:large, max-video-preview:-1\" \/>\n<link rel=\"canonical\" href=\"https:\/\/revolutionpadelstore.com\/en\/adidas-cross-it-3-4-2025-2\/\" \/>\n<meta property=\"og:locale\" content=\"en_US\" \/>\n<meta property=\"og:type\" content=\"article\" \/>\n<meta property=\"og:title\" content=\"ADIDAS CROSS IT 3.4 2025 - Revolution Padel Store\" \/>\n<meta property=\"og:description\" content=\"La Adidas Cross IT 3.4 2025 es una pala de p\u00e1del dise\u00f1ada para maximizar potencia y maniobrabilidad, integrando tecnolog\u00edas innovadoras para elevar el rendimiento en la pista. Con un dise\u00f1o moderno y un formato diamante oversize, esta pala no solo destaca por su aspecto, sino tambi\u00e9n por sus prestaciones avanzadas, que combinan potencia y control para jugadores exigentes.\" \/>\n<meta property=\"og:url\" content=\"https:\/\/revolutionpadelstore.com\/en\/adidas-cross-it-3-4-2025-2\/\" \/>\n<meta property=\"og:site_name\" content=\"Revolution Padel Store\" \/>\n<meta property=\"article:modified_time\" content=\"2026-04-08T07:41:19+00:00\" \/>\n<meta property=\"og:image\" content=\"https:\/\/revolutionpadelstore.com\/wp-content\/uploads\/2024\/12\/113677-pala-adidas-cross-lt-3-4-ar1aa3u231500x1500-1.webp\" \/>\n\t<meta property=\"og:image:width\" content=\"1500\" \/>\n\t<meta property=\"og:image:height\" content=\"1500\" \/>\n\t<meta property=\"og:image:type\" content=\"image\/webp\" \/>\n<meta name=\"twitter:card\" content=\"summary_large_image\" \/>\n<meta name=\"twitter:label1\" content=\"Est. reading time\" \/>\n\t<meta name=\"twitter:data1\" content=\"1 minute\" \/>\n<script type=\"application\/ld+json\" class=\"yoast-schema-graph\">{\"@context\":\"https:\\\/\\\/schema.org\",\"@graph\":[{\"@type\":\"WebPage\",\"@id\":\"https:\\\/\\\/revolutionpadelstore.com\\\/en\\\/adidas-cross-it-3-4-2025-2\\\/\",\"url\":\"https:\\\/\\\/revolutionpadelstore.com\\\/en\\\/adidas-cross-it-3-4-2025-2\\\/\",\"name\":\"ADIDAS CROSS IT 3.4 2025 - Revolution Padel Store\",\"isPartOf\":{\"@id\":\"https:\\\/\\\/revolutionpadelstore.com\\\/en\\\/#website\"},\"primaryImageOfPage\":{\"@id\":\"https:\\\/\\\/revolutionpadelstore.com\\\/en\\\/adidas-cross-it-3-4-2025-2\\\/#primaryimage\"},\"image\":{\"@id\":\"https:\\\/\\\/revolutionpadelstore.com\\\/en\\\/adidas-cross-it-3-4-2025-2\\\/#primaryimage\"},\"thumbnailUrl\":\"https:\\\/\\\/revolutionpadelstore.com\\\/wp-content\\\/uploads\\\/2024\\\/12\\\/113677-pala-adidas-cross-lt-3-4-ar1aa3u231500x1500-1.webp\",\"datePublished\":\"2024-12-07T08:35:06+00:00\",\"dateModified\":\"2026-04-08T07:41:19+00:00\",\"description\":\"La Adidas Cross IT 3.4 2025 es una pala de p\u00e1del dise\u00f1ada para maximizar potencia y maniobrabilidad, integrando tecnolog\u00edas innovadoras para elevar el rendimiento en la pista. Con un dise\u00f1o moderno y un formato diamante oversize, esta pala no solo destaca por su aspecto, sino tambi\u00e9n por sus prestaciones avanzadas, que combinan potencia y control para jugadores exigentes.\",\"breadcrumb\":{\"@id\":\"https:\\\/\\\/revolutionpadelstore.com\\\/en\\\/adidas-cross-it-3-4-2025-2\\\/#breadcrumb\"},\"inLanguage\":\"en-US\",\"potentialAction\":[{\"@type\":\"ReadAction\",\"target\":[\"https:\\\/\\\/revolutionpadelstore.com\\\/en\\\/adidas-cross-it-3-4-2025-2\\\/\"]}]},{\"@type\":\"ImageObject\",\"inLanguage\":\"en-US\",\"@id\":\"https:\\\/\\\/revolutionpadelstore.com\\\/en\\\/adidas-cross-it-3-4-2025-2\\\/#primaryimage\",\"url\":\"https:\\\/\\\/revolutionpadelstore.com\\\/wp-content\\\/uploads\\\/2024\\\/12\\\/113677-pala-adidas-cross-lt-3-4-ar1aa3u231500x1500-1.webp\",\"contentUrl\":\"https:\\\/\\\/revolutionpadelstore.com\\\/wp-content\\\/uploads\\\/2024\\\/12\\\/113677-pala-adidas-cross-lt-3-4-ar1aa3u231500x1500-1.webp\",\"width\":1500,\"height\":1500},{\"@type\":\"BreadcrumbList\",\"@id\":\"https:\\\/\\\/revolutionpadelstore.com\\\/en\\\/adidas-cross-it-3-4-2025-2\\\/#breadcrumb\",\"itemListElement\":[{\"@type\":\"ListItem\",\"position\":1,\"name\":\"Portada\",\"item\":\"https:\\\/\\\/revolutionpadelstore.com\\\/en\\\/\"},{\"@type\":\"ListItem\",\"position\":2,\"name\":\"Shop\",\"item\":\"https:\\\/\\\/revolutionpadelstore.com\\\/en\\\/shop\\\/\"},{\"@type\":\"ListItem\",\"position\":3,\"name\":\"ADIDAS CROSS IT 3.4 2025\"}]},{\"@type\":\"WebSite\",\"@id\":\"https:\\\/\\\/revolutionpadelstore.com\\\/en\\\/#website\",\"url\":\"https:\\\/\\\/revolutionpadelstore.com\\\/en\\\/\",\"name\":\"Revolution Padel Store\",\"description\":\"\",\"publisher\":{\"@id\":\"https:\\\/\\\/revolutionpadelstore.com\\\/en\\\/#organization\"},\"potentialAction\":[{\"@type\":\"SearchAction\",\"target\":{\"@type\":\"EntryPoint\",\"urlTemplate\":\"https:\\\/\\\/revolutionpadelstore.com\\\/en\\\/?s={search_term_string}\"},\"query-input\":{\"@type\":\"PropertyValueSpecification\",\"valueRequired\":true,\"valueName\":\"search_term_string\"}}],\"inLanguage\":\"en-US\"},{\"@type\":\"Organization\",\"@id\":\"https:\\\/\\\/revolutionpadelstore.com\\\/en\\\/#organization\",\"name\":\"Revolution Padel Store\",\"url\":\"https:\\\/\\\/revolutionpadelstore.com\\\/en\\\/\",\"logo\":{\"@type\":\"ImageObject\",\"inLanguage\":\"en-US\",\"@id\":\"https:\\\/\\\/revolutionpadelstore.com\\\/en\\\/#\\\/schema\\\/logo\\\/image\\\/\",\"url\":\"https:\\\/\\\/revolutionpadelstore.com\\\/wp-content\\\/uploads\\\/2026\\\/02\\\/revolution-padel-store.jpg\",\"contentUrl\":\"https:\\\/\\\/revolutionpadelstore.com\\\/wp-content\\\/uploads\\\/2026\\\/02\\\/revolution-padel-store.jpg\",\"width\":2000,\"height\":2000,\"caption\":\"Revolution Padel Store\"},\"image\":{\"@id\":\"https:\\\/\\\/revolutionpadelstore.com\\\/en\\\/#\\\/schema\\\/logo\\\/image\\\/\"},\"sameAs\":[\"https:\\\/\\\/www.instagram.com\\\/revolutionpadelstore\\\/\"]}]}<\/script>\n<!-- \/ Yoast SEO plugin. -->","yoast_head_json":{"title":"ADIDAS CROSS IT 3.4 2025 - Revolution Padel Store","description":"La Adidas Cross IT 3.4 2025 es una pala de p\u00e1del dise\u00f1ada para maximizar potencia y maniobrabilidad, integrando tecnolog\u00edas innovadoras para elevar el rendimiento en la pista. Con un dise\u00f1o moderno y un formato diamante oversize, esta pala no solo destaca por su aspecto, sino tambi\u00e9n por sus prestaciones avanzadas, que combinan potencia y control para jugadores exigentes.","robots":{"index":"index","follow":"follow","max-snippet":"max-snippet:-1","max-image-preview":"max-image-preview:large","max-video-preview":"max-video-preview:-1"},"canonical":"https:\/\/revolutionpadelstore.com\/en\/adidas-cross-it-3-4-2025-2\/","og_locale":"en_US","og_type":"article","og_title":"ADIDAS CROSS IT 3.4 2025 - Revolution Padel Store","og_description":"La Adidas Cross IT 3.4 2025 es una pala de p\u00e1del dise\u00f1ada para maximizar potencia y maniobrabilidad, integrando tecnolog\u00edas innovadoras para elevar el rendimiento en la pista. Con un dise\u00f1o moderno y un formato diamante oversize, esta pala no solo destaca por su aspecto, sino tambi\u00e9n por sus prestaciones avanzadas, que combinan potencia y control para jugadores exigentes.","og_url":"https:\/\/revolutionpadelstore.com\/en\/adidas-cross-it-3-4-2025-2\/","og_site_name":"Revolution Padel Store","article_modified_time":"2026-04-08T07:41:19+00:00","og_image":[{"width":1500,"height":1500,"url":"https:\/\/revolutionpadelstore.com\/wp-content\/uploads\/2024\/12\/113677-pala-adidas-cross-lt-3-4-ar1aa3u231500x1500-1.webp","type":"image\/webp"}],"twitter_card":"summary_large_image","twitter_misc":{"Est. reading time":"1 minute"},"schema":{"@context":"https:\/\/schema.org","@graph":[{"@type":"WebPage","@id":"https:\/\/revolutionpadelstore.com\/en\/adidas-cross-it-3-4-2025-2\/","url":"https:\/\/revolutionpadelstore.com\/en\/adidas-cross-it-3-4-2025-2\/","name":"ADIDAS CROSS IT 3.4 2025 - Revolution Padel Store","isPartOf":{"@id":"https:\/\/revolutionpadelstore.com\/en\/#website"},"primaryImageOfPage":{"@id":"https:\/\/revolutionpadelstore.com\/en\/adidas-cross-it-3-4-2025-2\/#primaryimage"},"image":{"@id":"https:\/\/revolutionpadelstore.com\/en\/adidas-cross-it-3-4-2025-2\/#primaryimage"},"thumbnailUrl":"https:\/\/revolutionpadelstore.com\/wp-content\/uploads\/2024\/12\/113677-pala-adidas-cross-lt-3-4-ar1aa3u231500x1500-1.webp","datePublished":"2024-12-07T08:35:06+00:00","dateModified":"2026-04-08T07:41:19+00:00","description":"La Adidas Cross IT 3.4 2025 es una pala de p\u00e1del dise\u00f1ada para maximizar potencia y maniobrabilidad, integrando tecnolog\u00edas innovadoras para elevar el rendimiento en la pista. Con un dise\u00f1o moderno y un formato diamante oversize, esta pala no solo destaca por su aspecto, sino tambi\u00e9n por sus prestaciones avanzadas, que combinan potencia y control para jugadores exigentes.","breadcrumb":{"@id":"https:\/\/revolutionpadelstore.com\/en\/adidas-cross-it-3-4-2025-2\/#breadcrumb"},"inLanguage":"en-US","potentialAction":[{"@type":"ReadAction","target":["https:\/\/revolutionpadelstore.com\/en\/adidas-cross-it-3-4-2025-2\/"]}]},{"@type":"ImageObject","inLanguage":"en-US","@id":"https:\/\/revolutionpadelstore.com\/en\/adidas-cross-it-3-4-2025-2\/#primaryimage","url":"https:\/\/revolutionpadelstore.com\/wp-content\/uploads\/2024\/12\/113677-pala-adidas-cross-lt-3-4-ar1aa3u231500x1500-1.webp","contentUrl":"https:\/\/revolutionpadelstore.com\/wp-content\/uploads\/2024\/12\/113677-pala-adidas-cross-lt-3-4-ar1aa3u231500x1500-1.webp","width":1500,"height":1500},{"@type":"BreadcrumbList","@id":"https:\/\/revolutionpadelstore.com\/en\/adidas-cross-it-3-4-2025-2\/#breadcrumb","itemListElement":[{"@type":"ListItem","position":1,"name":"Portada","item":"https:\/\/revolutionpadelstore.com\/en\/"},{"@type":"ListItem","position":2,"name":"Shop","item":"https:\/\/revolutionpadelstore.com\/en\/shop\/"},{"@type":"ListItem","position":3,"name":"ADIDAS CROSS IT 3.4 2025"}]},{"@type":"WebSite","@id":"https:\/\/revolutionpadelstore.com\/en\/#website","url":"https:\/\/revolutionpadelstore.com\/en\/","name":"Revolution Padel Store","description":"","publisher":{"@id":"https:\/\/revolutionpadelstore.com\/en\/#organization"},"potentialAction":[{"@type":"SearchAction","target":{"@type":"EntryPoint","urlTemplate":"https:\/\/revolutionpadelstore.com\/en\/?s={search_term_string}"},"query-input":{"@type":"PropertyValueSpecification","valueRequired":true,"valueName":"search_term_string"}}],"inLanguage":"en-US"},{"@type":"Organization","@id":"https:\/\/revolutionpadelstore.com\/en\/#organization","name":"Revolution Padel Store","url":"https:\/\/revolutionpadelstore.com\/en\/","logo":{"@type":"ImageObject","inLanguage":"en-US","@id":"https:\/\/revolutionpadelstore.com\/en\/#\/schema\/logo\/image\/","url":"https:\/\/revolutionpadelstore.com\/wp-content\/uploads\/2026\/02\/revolution-padel-store.jpg","contentUrl":"https:\/\/revolutionpadelstore.com\/wp-content\/uploads\/2026\/02\/revolution-padel-store.jpg","width":2000,"height":2000,"caption":"Revolution Padel Store"},"image":{"@id":"https:\/\/revolutionpadelstore.com\/en\/#\/schema\/logo\/image\/"},"sameAs":["https:\/\/www.instagram.com\/revolutionpadelstore\/"]}]}},"_links":{"self":[{"href":"https:\/\/revolutionpadelstore.com\/en\/wp-json\/wp\/v2\/product\/154636","targetHints":{"allow":["GET"]}}],"collection":[{"href":"https:\/\/revolutionpadelstore.com\/en\/wp-json\/wp\/v2\/product"}],"about":[{"href":"https:\/\/revolutionpadelstore.com\/en\/wp-json\/wp\/v2\/types\/product"}],"replies":[{"embeddable":true,"href":"https:\/\/revolutionpadelstore.com\/en\/wp-json\/wp\/v2\/comments?post=154636"}],"wp:featuredmedia":[{"embeddable":true,"href":"https:\/\/revolutionpadelstore.com\/en\/wp-json\/wp\/v2\/media\/153309"}],"wp:attachment":[{"href":"https:\/\/revolutionpadelstore.com\/en\/wp-json\/wp\/v2\/media?parent=154636"}],"wp:term":[{"taxonomy":"acabado","embeddable":true,"href":"https:\/\/revolutionpadelstore.com\/en\/wp-json\/wp\/v2\/acabado?post=154636"},{"taxonomy":"balance","embeddable":true,"href":"https:\/\/revolutionpadelstore.com\/en\/wp-json\/wp\/v2\/balance?post=154636"},{"taxonomy":"dureza","embeddable":true,"href":"https:\/\/revolutionpadelstore.com\/en\/wp-json\/wp\/v2\/dureza?post=154636"},{"taxonomy":"forma","embeddable":true,"href":"https:\/\/revolutionpadelstore.com\/en\/wp-json\/wp\/v2\/forma?post=154636"},{"taxonomy":"jugador","embeddable":true,"href":"https:\/\/revolutionpadelstore.com\/en\/wp-json\/wp\/v2\/jugador?post=154636"},{"taxonomy":"marca","embeddable":true,"href":"https:\/\/revolutionpadelstore.com\/en\/wp-json\/wp\/v2\/marca?post=154636"},{"taxonomy":"nivel-de-juego","embeddable":true,"href":"https:\/\/revolutionpadelstore.com\/en\/wp-json\/wp\/v2\/nivel-de-juego?post=154636"},{"taxonomy":"superficie","embeddable":true,"href":"https:\/\/revolutionpadelstore.com\/en\/wp-json\/wp\/v2\/superficie?post=154636"},{"taxonomy":"tipo-de-juego","embeddable":true,"href":"https:\/\/revolutionpadelstore.com\/en\/wp-json\/wp\/v2\/tipo-de-juego?post=154636"},{"taxonomy":"product_brand","embeddable":true,"href":"https:\/\/revolutionpadelstore.com\/en\/wp-json\/wp\/v2\/product_brand?post=154636"},{"taxonomy":"product_cat","embeddable":true,"href":"https:\/\/revolutionpadelstore.com\/en\/wp-json\/wp\/v2\/product_cat?post=154636"},{"taxonomy":"product_tag","embeddable":true,"href":"https:\/\/revolutionpadelstore.com\/en\/wp-json\/wp\/v2\/product_tag?post=154636"}],"curies":[{"name":"wp","href":"https:\/\/api.w.org\/{rel}","templated":true}]}}