{"id":152973,"date":"2024-12-06T13:02:46","date_gmt":"2024-12-06T12:02:46","guid":{"rendered":"https:\/\/revolutionpadelstore.com\/adidas-metalbone-youth-3-4-2025\/"},"modified":"2026-04-14T02:00:48","modified_gmt":"2026-04-14T00:00:48","slug":"adidas-metalbone-youth-3-4-2025-2","status":"publish","type":"product","link":"https:\/\/revolutionpadelstore.com\/en\/adidas-metalbone-youth-3-4-2025-2\/","title":{"rendered":"ADIDAS METALBONE YOUTH 3.4 2025"},"content":{"rendered":"<p>The <strong> Adidas Metalbone Youth 3.4 <\/strong> of the 2025 collection is a high -end shovel with an oversize diamond and high balance, designed to offer exceptional performance from the first use. Focused on the attack, it is the lighter and most comfortable version of the Adidas Metalbone 3.4 shovel of <strong> Ale Gal\u00e1n <\/strong>. With an ultra light weight of 330-345 grams, it provides easy and comfortable management.<br \/>\n<H2> METALBONE YAUTH 3.4 PALA FOR JUNIOR PLAYERS <\/H2><br \/>\nThanks to its specific design for young people, this Adidas 2025 shovel is ideal for Junior paddle players (8-14 years) of beginner level that seek to improve their technique quickly and highlight in the attack without sacrificing control and maneuverability. This model offers a perfect balance between light weight, control and power.<br \/>\n<H2> CHARACTERISTICS AND TECHNOLOGIES OF ADIDAS METALBONE YOUTH 3.4 <\/H2><\/p>\n<p style=\"padding-left: 40px\"> <strong>-fiberglass plans <\/strong>: provide flexibility, soft touch and excellent ball output. <\/p>\n<\/p>\n<p><P> <strong>-Fiberglass frame <\/strong>: ensures lightness and protection. <\/p>\n<\/p>\n<p><P> <strong> -Nucole soft performance <\/strong>: made with low density Eva rubber, provides a fast and comfortable ball outlet.<br \/>\n<P> <strong> -Tecnology Smart Holes Curve <\/strong>: Optimizes the distribution of holes to facilitate the generation of effects in each blow.<\/p>\n<p style=\"padding-left: 40px\"> <strong> -Structural reinforcement <\/strong>: reinforces the perimeter of the shovel, increasing its resistance to torsions.<br \/>\n<P> <strong> -Cetructure Structure <\/strong>: Tubular carbon structure designed with an octagonal section that minimizes torsion and improves the accuracy of blows.<\/p>\n<p><H2> Available in Revolution Padel Store <\/ h2><br \/>\nWith the <strong> Metalbone Youth 3.4 <\/strong>, young players can develop their technique while enjoying a comfortable, dynamic and effective game. This adidas shovel, with soft performance and fiberglass plans, is the perfect tool for future paddle champions.<strong>Adidas Metalbone Youth 3.4<\/strong><\/p>\n","protected":false},"excerpt":{"rendered":"<p>The <strong> adidas Metalbone Youth 3.4 2025 <\/strong> is a shovel designed for Junior players who focus on the attack. With its oversize diamond form and an ultralight weight, it offers great maneuverability and comfort. Its <strong> Eva Soft Performance core <\/strong> provides a fast and comfortable ball outlet<strong>Adidas Metalbone Youth 3.4 2025<\/strong><\/p>\n","protected":false},"featured_media":152932,"comment_status":"open","ping_status":"closed","template":"","meta":{"_acf_changed":false,"_joinchat":[]},"acabado":[1088],"balance":[1138],"dureza":[1153],"forma":[1173],"jugador":[1208],"marca":[1233],"nivel-de-juego":[1353,1343],"superficie":[1358],"tipo-de-juego":[1378],"product_brand":[],"product_cat":[303],"product_tag":[],"class_list":{"0":"post-152973","1":"product","2":"type-product","3":"status-publish","4":"has-post-thumbnail","6":"acabado-mate-en","7":"balance-alto-en","8":"dureza-blanda-en","9":"forma-diamante-en","10":"jugador-junior-en","11":"marca-adidas-en","12":"superficie-lisa-en","13":"tipo-de-juego-potencia-en","14":"product_cat-palas","16":"first","17":"instock","18":"sale","19":"taxable","20":"shipping-taxable","21":"purchasable","22":"product-type-simple"},"acf":[],"yoast_head":"<!-- This site is optimized with the Yoast SEO plugin v27.4 - https:\/\/yoast.com\/product\/yoast-seo-wordpress\/ -->\n<title>ADIDAS METALBONE YOUTH 3.4 2025 - Revolution Padel Store<\/title>\n<meta name=\"description\" content=\"La Metalbone Youth 3.4 de Adidas es una pala de gama alta con forma de diamante oversize con balance alto y amplia superficie de golpeo que brinda unas incre\u00edbles prestaciones en el terreno de juego desde el primer momento. Enfocada en el ataque, es la versi\u00f3n m\u00e1s ligera y c\u00f3moda de la pala Adidas Metalbone 3.4 de Ale Gal\u00e1n. Asimismo, gracias a su peso ultra ligero de 330-345 gramos, se consigue un manejo f\u00e1cil y confortable.\" \/>\n<meta name=\"robots\" content=\"index, follow, max-snippet:-1, max-image-preview:large, max-video-preview:-1\" \/>\n<link rel=\"canonical\" href=\"https:\/\/revolutionpadelstore.com\/en\/adidas-metalbone-youth-3-4-2025-2\/\" \/>\n<meta property=\"og:locale\" content=\"en_US\" \/>\n<meta property=\"og:type\" content=\"article\" \/>\n<meta property=\"og:title\" content=\"ADIDAS METALBONE YOUTH 3.4 2025 - Revolution Padel Store\" \/>\n<meta property=\"og:description\" content=\"La Metalbone Youth 3.4 de Adidas es una pala de gama alta con forma de diamante oversize con balance alto y amplia superficie de golpeo que brinda unas incre\u00edbles prestaciones en el terreno de juego desde el primer momento. Enfocada en el ataque, es la versi\u00f3n m\u00e1s ligera y c\u00f3moda de la pala Adidas Metalbone 3.4 de Ale Gal\u00e1n. Asimismo, gracias a su peso ultra ligero de 330-345 gramos, se consigue un manejo f\u00e1cil y confortable.\" \/>\n<meta property=\"og:url\" content=\"https:\/\/revolutionpadelstore.com\/en\/adidas-metalbone-youth-3-4-2025-2\/\" \/>\n<meta property=\"og:site_name\" content=\"Revolution Padel Store\" \/>\n<meta property=\"article:modified_time\" content=\"2026-04-14T00:00:48+00:00\" \/>\n<meta property=\"og:image\" content=\"https:\/\/revolutionpadelstore.com\/wp-content\/uploads\/2024\/12\/113690-pala-adidas-metalbone-youth-3-4-ar4aa0u221500x1500-1.webp\" \/>\n\t<meta property=\"og:image:width\" content=\"1500\" \/>\n\t<meta property=\"og:image:height\" content=\"1500\" \/>\n\t<meta property=\"og:image:type\" content=\"image\/webp\" \/>\n<meta name=\"twitter:card\" content=\"summary_large_image\" \/>\n<meta name=\"twitter:label1\" content=\"Est. reading time\" \/>\n\t<meta name=\"twitter:data1\" content=\"2 minutes\" \/>\n<script type=\"application\/ld+json\" class=\"yoast-schema-graph\">{\"@context\":\"https:\\\/\\\/schema.org\",\"@graph\":[{\"@type\":\"WebPage\",\"@id\":\"https:\\\/\\\/revolutionpadelstore.com\\\/en\\\/adidas-metalbone-youth-3-4-2025-2\\\/\",\"url\":\"https:\\\/\\\/revolutionpadelstore.com\\\/en\\\/adidas-metalbone-youth-3-4-2025-2\\\/\",\"name\":\"ADIDAS METALBONE YOUTH 3.4 2025 - Revolution Padel Store\",\"isPartOf\":{\"@id\":\"https:\\\/\\\/revolutionpadelstore.com\\\/en\\\/#website\"},\"primaryImageOfPage\":{\"@id\":\"https:\\\/\\\/revolutionpadelstore.com\\\/en\\\/adidas-metalbone-youth-3-4-2025-2\\\/#primaryimage\"},\"image\":{\"@id\":\"https:\\\/\\\/revolutionpadelstore.com\\\/en\\\/adidas-metalbone-youth-3-4-2025-2\\\/#primaryimage\"},\"thumbnailUrl\":\"https:\\\/\\\/revolutionpadelstore.com\\\/wp-content\\\/uploads\\\/2024\\\/12\\\/113690-pala-adidas-metalbone-youth-3-4-ar4aa0u221500x1500-1.webp\",\"datePublished\":\"2024-12-06T12:02:46+00:00\",\"dateModified\":\"2026-04-14T00:00:48+00:00\",\"description\":\"La Metalbone Youth 3.4 de Adidas es una pala de gama alta con forma de diamante oversize con balance alto y amplia superficie de golpeo que brinda unas incre\u00edbles prestaciones en el terreno de juego desde el primer momento. Enfocada en el ataque, es la versi\u00f3n m\u00e1s ligera y c\u00f3moda de la pala Adidas Metalbone 3.4 de Ale Gal\u00e1n. Asimismo, gracias a su peso ultra ligero de 330-345 gramos, se consigue un manejo f\u00e1cil y confortable.\",\"breadcrumb\":{\"@id\":\"https:\\\/\\\/revolutionpadelstore.com\\\/en\\\/adidas-metalbone-youth-3-4-2025-2\\\/#breadcrumb\"},\"inLanguage\":\"en-US\",\"potentialAction\":[{\"@type\":\"ReadAction\",\"target\":[\"https:\\\/\\\/revolutionpadelstore.com\\\/en\\\/adidas-metalbone-youth-3-4-2025-2\\\/\"]}]},{\"@type\":\"ImageObject\",\"inLanguage\":\"en-US\",\"@id\":\"https:\\\/\\\/revolutionpadelstore.com\\\/en\\\/adidas-metalbone-youth-3-4-2025-2\\\/#primaryimage\",\"url\":\"https:\\\/\\\/revolutionpadelstore.com\\\/wp-content\\\/uploads\\\/2024\\\/12\\\/113690-pala-adidas-metalbone-youth-3-4-ar4aa0u221500x1500-1.webp\",\"contentUrl\":\"https:\\\/\\\/revolutionpadelstore.com\\\/wp-content\\\/uploads\\\/2024\\\/12\\\/113690-pala-adidas-metalbone-youth-3-4-ar4aa0u221500x1500-1.webp\",\"width\":1500,\"height\":1500},{\"@type\":\"BreadcrumbList\",\"@id\":\"https:\\\/\\\/revolutionpadelstore.com\\\/en\\\/adidas-metalbone-youth-3-4-2025-2\\\/#breadcrumb\",\"itemListElement\":[{\"@type\":\"ListItem\",\"position\":1,\"name\":\"Portada\",\"item\":\"https:\\\/\\\/revolutionpadelstore.com\\\/en\\\/\"},{\"@type\":\"ListItem\",\"position\":2,\"name\":\"Shop\",\"item\":\"https:\\\/\\\/revolutionpadelstore.com\\\/en\\\/shop\\\/\"},{\"@type\":\"ListItem\",\"position\":3,\"name\":\"ADIDAS METALBONE YOUTH 3.4 2025\"}]},{\"@type\":\"WebSite\",\"@id\":\"https:\\\/\\\/revolutionpadelstore.com\\\/en\\\/#website\",\"url\":\"https:\\\/\\\/revolutionpadelstore.com\\\/en\\\/\",\"name\":\"Revolution Padel Store\",\"description\":\"\",\"publisher\":{\"@id\":\"https:\\\/\\\/revolutionpadelstore.com\\\/en\\\/#organization\"},\"potentialAction\":[{\"@type\":\"SearchAction\",\"target\":{\"@type\":\"EntryPoint\",\"urlTemplate\":\"https:\\\/\\\/revolutionpadelstore.com\\\/en\\\/?s={search_term_string}\"},\"query-input\":{\"@type\":\"PropertyValueSpecification\",\"valueRequired\":true,\"valueName\":\"search_term_string\"}}],\"inLanguage\":\"en-US\"},{\"@type\":\"Organization\",\"@id\":\"https:\\\/\\\/revolutionpadelstore.com\\\/en\\\/#organization\",\"name\":\"Revolution Padel Store\",\"url\":\"https:\\\/\\\/revolutionpadelstore.com\\\/en\\\/\",\"logo\":{\"@type\":\"ImageObject\",\"inLanguage\":\"en-US\",\"@id\":\"https:\\\/\\\/revolutionpadelstore.com\\\/en\\\/#\\\/schema\\\/logo\\\/image\\\/\",\"url\":\"https:\\\/\\\/revolutionpadelstore.com\\\/wp-content\\\/uploads\\\/2026\\\/02\\\/revolution-padel-store.jpg\",\"contentUrl\":\"https:\\\/\\\/revolutionpadelstore.com\\\/wp-content\\\/uploads\\\/2026\\\/02\\\/revolution-padel-store.jpg\",\"width\":2000,\"height\":2000,\"caption\":\"Revolution Padel Store\"},\"image\":{\"@id\":\"https:\\\/\\\/revolutionpadelstore.com\\\/en\\\/#\\\/schema\\\/logo\\\/image\\\/\"},\"sameAs\":[\"https:\\\/\\\/www.instagram.com\\\/revolutionpadelstore\\\/\"]}]}<\/script>\n<!-- \/ Yoast SEO plugin. -->","yoast_head_json":{"title":"ADIDAS METALBONE YOUTH 3.4 2025 - Revolution Padel Store","description":"La Metalbone Youth 3.4 de Adidas es una pala de gama alta con forma de diamante oversize con balance alto y amplia superficie de golpeo que brinda unas incre\u00edbles prestaciones en el terreno de juego desde el primer momento. Enfocada en el ataque, es la versi\u00f3n m\u00e1s ligera y c\u00f3moda de la pala Adidas Metalbone 3.4 de Ale Gal\u00e1n. Asimismo, gracias a su peso ultra ligero de 330-345 gramos, se consigue un manejo f\u00e1cil y confortable.","robots":{"index":"index","follow":"follow","max-snippet":"max-snippet:-1","max-image-preview":"max-image-preview:large","max-video-preview":"max-video-preview:-1"},"canonical":"https:\/\/revolutionpadelstore.com\/en\/adidas-metalbone-youth-3-4-2025-2\/","og_locale":"en_US","og_type":"article","og_title":"ADIDAS METALBONE YOUTH 3.4 2025 - Revolution Padel Store","og_description":"La Metalbone Youth 3.4 de Adidas es una pala de gama alta con forma de diamante oversize con balance alto y amplia superficie de golpeo que brinda unas incre\u00edbles prestaciones en el terreno de juego desde el primer momento. Enfocada en el ataque, es la versi\u00f3n m\u00e1s ligera y c\u00f3moda de la pala Adidas Metalbone 3.4 de Ale Gal\u00e1n. Asimismo, gracias a su peso ultra ligero de 330-345 gramos, se consigue un manejo f\u00e1cil y confortable.","og_url":"https:\/\/revolutionpadelstore.com\/en\/adidas-metalbone-youth-3-4-2025-2\/","og_site_name":"Revolution Padel Store","article_modified_time":"2026-04-14T00:00:48+00:00","og_image":[{"width":1500,"height":1500,"url":"https:\/\/revolutionpadelstore.com\/wp-content\/uploads\/2024\/12\/113690-pala-adidas-metalbone-youth-3-4-ar4aa0u221500x1500-1.webp","type":"image\/webp"}],"twitter_card":"summary_large_image","twitter_misc":{"Est. reading time":"2 minutes"},"schema":{"@context":"https:\/\/schema.org","@graph":[{"@type":"WebPage","@id":"https:\/\/revolutionpadelstore.com\/en\/adidas-metalbone-youth-3-4-2025-2\/","url":"https:\/\/revolutionpadelstore.com\/en\/adidas-metalbone-youth-3-4-2025-2\/","name":"ADIDAS METALBONE YOUTH 3.4 2025 - Revolution Padel Store","isPartOf":{"@id":"https:\/\/revolutionpadelstore.com\/en\/#website"},"primaryImageOfPage":{"@id":"https:\/\/revolutionpadelstore.com\/en\/adidas-metalbone-youth-3-4-2025-2\/#primaryimage"},"image":{"@id":"https:\/\/revolutionpadelstore.com\/en\/adidas-metalbone-youth-3-4-2025-2\/#primaryimage"},"thumbnailUrl":"https:\/\/revolutionpadelstore.com\/wp-content\/uploads\/2024\/12\/113690-pala-adidas-metalbone-youth-3-4-ar4aa0u221500x1500-1.webp","datePublished":"2024-12-06T12:02:46+00:00","dateModified":"2026-04-14T00:00:48+00:00","description":"La Metalbone Youth 3.4 de Adidas es una pala de gama alta con forma de diamante oversize con balance alto y amplia superficie de golpeo que brinda unas incre\u00edbles prestaciones en el terreno de juego desde el primer momento. Enfocada en el ataque, es la versi\u00f3n m\u00e1s ligera y c\u00f3moda de la pala Adidas Metalbone 3.4 de Ale Gal\u00e1n. Asimismo, gracias a su peso ultra ligero de 330-345 gramos, se consigue un manejo f\u00e1cil y confortable.","breadcrumb":{"@id":"https:\/\/revolutionpadelstore.com\/en\/adidas-metalbone-youth-3-4-2025-2\/#breadcrumb"},"inLanguage":"en-US","potentialAction":[{"@type":"ReadAction","target":["https:\/\/revolutionpadelstore.com\/en\/adidas-metalbone-youth-3-4-2025-2\/"]}]},{"@type":"ImageObject","inLanguage":"en-US","@id":"https:\/\/revolutionpadelstore.com\/en\/adidas-metalbone-youth-3-4-2025-2\/#primaryimage","url":"https:\/\/revolutionpadelstore.com\/wp-content\/uploads\/2024\/12\/113690-pala-adidas-metalbone-youth-3-4-ar4aa0u221500x1500-1.webp","contentUrl":"https:\/\/revolutionpadelstore.com\/wp-content\/uploads\/2024\/12\/113690-pala-adidas-metalbone-youth-3-4-ar4aa0u221500x1500-1.webp","width":1500,"height":1500},{"@type":"BreadcrumbList","@id":"https:\/\/revolutionpadelstore.com\/en\/adidas-metalbone-youth-3-4-2025-2\/#breadcrumb","itemListElement":[{"@type":"ListItem","position":1,"name":"Portada","item":"https:\/\/revolutionpadelstore.com\/en\/"},{"@type":"ListItem","position":2,"name":"Shop","item":"https:\/\/revolutionpadelstore.com\/en\/shop\/"},{"@type":"ListItem","position":3,"name":"ADIDAS METALBONE YOUTH 3.4 2025"}]},{"@type":"WebSite","@id":"https:\/\/revolutionpadelstore.com\/en\/#website","url":"https:\/\/revolutionpadelstore.com\/en\/","name":"Revolution Padel Store","description":"","publisher":{"@id":"https:\/\/revolutionpadelstore.com\/en\/#organization"},"potentialAction":[{"@type":"SearchAction","target":{"@type":"EntryPoint","urlTemplate":"https:\/\/revolutionpadelstore.com\/en\/?s={search_term_string}"},"query-input":{"@type":"PropertyValueSpecification","valueRequired":true,"valueName":"search_term_string"}}],"inLanguage":"en-US"},{"@type":"Organization","@id":"https:\/\/revolutionpadelstore.com\/en\/#organization","name":"Revolution Padel Store","url":"https:\/\/revolutionpadelstore.com\/en\/","logo":{"@type":"ImageObject","inLanguage":"en-US","@id":"https:\/\/revolutionpadelstore.com\/en\/#\/schema\/logo\/image\/","url":"https:\/\/revolutionpadelstore.com\/wp-content\/uploads\/2026\/02\/revolution-padel-store.jpg","contentUrl":"https:\/\/revolutionpadelstore.com\/wp-content\/uploads\/2026\/02\/revolution-padel-store.jpg","width":2000,"height":2000,"caption":"Revolution Padel Store"},"image":{"@id":"https:\/\/revolutionpadelstore.com\/en\/#\/schema\/logo\/image\/"},"sameAs":["https:\/\/www.instagram.com\/revolutionpadelstore\/"]}]}},"_links":{"self":[{"href":"https:\/\/revolutionpadelstore.com\/en\/wp-json\/wp\/v2\/product\/152973","targetHints":{"allow":["GET"]}}],"collection":[{"href":"https:\/\/revolutionpadelstore.com\/en\/wp-json\/wp\/v2\/product"}],"about":[{"href":"https:\/\/revolutionpadelstore.com\/en\/wp-json\/wp\/v2\/types\/product"}],"replies":[{"embeddable":true,"href":"https:\/\/revolutionpadelstore.com\/en\/wp-json\/wp\/v2\/comments?post=152973"}],"wp:featuredmedia":[{"embeddable":true,"href":"https:\/\/revolutionpadelstore.com\/en\/wp-json\/wp\/v2\/media\/152932"}],"wp:attachment":[{"href":"https:\/\/revolutionpadelstore.com\/en\/wp-json\/wp\/v2\/media?parent=152973"}],"wp:term":[{"taxonomy":"acabado","embeddable":true,"href":"https:\/\/revolutionpadelstore.com\/en\/wp-json\/wp\/v2\/acabado?post=152973"},{"taxonomy":"balance","embeddable":true,"href":"https:\/\/revolutionpadelstore.com\/en\/wp-json\/wp\/v2\/balance?post=152973"},{"taxonomy":"dureza","embeddable":true,"href":"https:\/\/revolutionpadelstore.com\/en\/wp-json\/wp\/v2\/dureza?post=152973"},{"taxonomy":"forma","embeddable":true,"href":"https:\/\/revolutionpadelstore.com\/en\/wp-json\/wp\/v2\/forma?post=152973"},{"taxonomy":"jugador","embeddable":true,"href":"https:\/\/revolutionpadelstore.com\/en\/wp-json\/wp\/v2\/jugador?post=152973"},{"taxonomy":"marca","embeddable":true,"href":"https:\/\/revolutionpadelstore.com\/en\/wp-json\/wp\/v2\/marca?post=152973"},{"taxonomy":"nivel-de-juego","embeddable":true,"href":"https:\/\/revolutionpadelstore.com\/en\/wp-json\/wp\/v2\/nivel-de-juego?post=152973"},{"taxonomy":"superficie","embeddable":true,"href":"https:\/\/revolutionpadelstore.com\/en\/wp-json\/wp\/v2\/superficie?post=152973"},{"taxonomy":"tipo-de-juego","embeddable":true,"href":"https:\/\/revolutionpadelstore.com\/en\/wp-json\/wp\/v2\/tipo-de-juego?post=152973"},{"taxonomy":"product_brand","embeddable":true,"href":"https:\/\/revolutionpadelstore.com\/en\/wp-json\/wp\/v2\/product_brand?post=152973"},{"taxonomy":"product_cat","embeddable":true,"href":"https:\/\/revolutionpadelstore.com\/en\/wp-json\/wp\/v2\/product_cat?post=152973"},{"taxonomy":"product_tag","embeddable":true,"href":"https:\/\/revolutionpadelstore.com\/en\/wp-json\/wp\/v2\/product_tag?post=152973"}],"curies":[{"name":"wp","href":"https:\/\/api.w.org\/{rel}","templated":true}]}}