{"id":15191,"date":"2024-04-22T15:24:00","date_gmt":"2024-04-22T13:24:00","guid":{"rendered":"https:\/\/revolutionpadelstore.com\/zapatillas-bullpadel-gemma-triay-elite-24v-blanco\/"},"modified":"2026-04-08T12:19:59","modified_gmt":"2026-04-08T10:19:59","slug":"zapatillas-bullpadel-gemma-triay-elite-24v-blanco-2","status":"publish","type":"product","link":"https:\/\/revolutionpadelstore.com\/en\/zapatillas-bullpadel-gemma-triay-elite-24v-blanco-2\/","title":{"rendered":"Zapatillas Bullpadel Gemma Triay Elite 24V Blanco"},"content":{"rendered":"<p>At Revolution Padel Store, you will find the perfect shoes for your padel games. Our star product, the Bullpadel Gemma Triay Elite 24V White Shoes, are designed with the most advanced technology and an innovative hybrid design that will guarantee exceptional performance on the court.<\/p>\n<p> These shoes have been created with professional player Gemma Triay in mind, so their quality and comfort are guaranteed. Thanks to its hybrid skate, you can adapt to any type of court and level of play, while the side tensioners will provide you with additional adjustment for better control in each movement.<\/p>\n<p> But that&#8217;s not all, their seamless injected rubber toe will protect your foot and the toe area, while the lycra padding in the heel will make them ideal for the most delicate feet. In addition, its BPS SYSTEM technology, with rear stabilizer, prevents sprains by holding the foot on the lateral supports.<\/p>\n<p> At Revolution Padel Store, we care about your comfort, that&#8217;s why we have incorporated HEEL COMFORT technology in these shoes. Its construction with a softer fabric and padding in the heel will provide you with extra comfort, especially suitable for delicate heels. And with THERMO SEALED technology, without seams, the footwear will be lighter, more flexible and more resistant.<\/p>\n<p> In addition, the Bullpadel Gemma Triay Elite 24V White Shoes have LATERAL TENSORS, additional tensioners on the laces that will give you a reinforced fit for better performance on the court. And with SOLE SHIELD technology, with a greater height of the sole on the sides and toe, you will be protected from rubbing against walls.<\/p>\n<p> But that&#8217;s not all, the THOUGHTOE technology, with a rubber reinforcement piece in the toe, will offer you high performance<\/p>\n","protected":false},"excerpt":{"rendered":"<p>Discover the Bullpadel Gemma Triay Elite 24V White shoes, designed to adapt to any court and level of play. With innovative technologies and a hybrid design for greater grip and flexibility. Available at Revolution Padel Store.<\/p>\n","protected":false},"featured_media":39870,"comment_status":"closed","ping_status":"closed","template":"","meta":{"_acf_changed":false,"_joinchat":[]},"acabado":[],"balance":[],"dureza":[],"forma":[],"jugador":[1198],"marca":[1258],"nivel-de-juego":[1343,1348],"superficie":[],"tipo-de-juego":[],"product_brand":[],"product_cat":[457],"product_tag":[],"class_list":{"0":"post-15191","1":"product","2":"type-product","3":"status-publish","4":"has-post-thumbnail","6":"jugador-woman","7":"marca-bullpadel-en","8":"product_cat-womens-sneakers","10":"first","11":"outofstock","12":"taxable","13":"shipping-taxable","14":"purchasable","15":"product-type-variable"},"acf":[],"yoast_head":"<!-- This site is optimized with the Yoast SEO plugin v27.4 - https:\/\/yoast.com\/product\/yoast-seo-wordpress\/ -->\n<title>Zapatillas Bullpadel Gemma Triay Elite 24V Blanco - Revolution Padel Store<\/title>\n<meta name=\"description\" content=\"Descubre las zapatillas Bullpadel Gemma Triay Elite 24V Blanco, dise\u00f1adas para adaptarse a cualquier pista y nivel de juego. Con tecnolog\u00edas innovadoras y un dise\u00f1o h\u00edbrido para mayor agarre y flexibilidad. Disponible en Revolution Padel Store.\" \/>\n<meta name=\"robots\" content=\"index, follow, max-snippet:-1, max-image-preview:large, max-video-preview:-1\" \/>\n<link rel=\"canonical\" href=\"https:\/\/revolutionpadelstore.com\/en\/zapatillas-bullpadel-gemma-triay-elite-24v-blanco-2\/\" \/>\n<meta property=\"og:locale\" content=\"en_US\" \/>\n<meta property=\"og:type\" content=\"article\" \/>\n<meta property=\"og:title\" content=\"Zapatillas Bullpadel Gemma Triay Elite 24V Blanco - Revolution Padel Store\" \/>\n<meta property=\"og:description\" content=\"Descubre las zapatillas Bullpadel Gemma Triay Elite 24V Blanco, dise\u00f1adas para adaptarse a cualquier pista y nivel de juego. Con tecnolog\u00edas innovadoras y un dise\u00f1o h\u00edbrido para mayor agarre y flexibilidad. Disponible en Revolution Padel Store.\" \/>\n<meta property=\"og:url\" content=\"https:\/\/revolutionpadelstore.com\/en\/zapatillas-bullpadel-gemma-triay-elite-24v-blanco-2\/\" \/>\n<meta property=\"og:site_name\" content=\"Revolution Padel Store\" \/>\n<meta property=\"article:modified_time\" content=\"2026-04-08T10:19:59+00:00\" \/>\n<meta property=\"og:image\" content=\"https:\/\/revolutionpadelstore.com\/wp-content\/uploads\/2024\/04\/18390-0-4.jpg\" \/>\n\t<meta property=\"og:image:width\" content=\"800\" \/>\n\t<meta property=\"og:image:height\" content=\"800\" \/>\n\t<meta property=\"og:image:type\" content=\"image\/png\" \/>\n<meta name=\"twitter:card\" content=\"summary_large_image\" \/>\n<meta name=\"twitter:label1\" content=\"Est. reading time\" \/>\n\t<meta name=\"twitter:data1\" content=\"1 minute\" \/>\n<script type=\"application\/ld+json\" class=\"yoast-schema-graph\">{\"@context\":\"https:\\\/\\\/schema.org\",\"@graph\":[{\"@type\":\"WebPage\",\"@id\":\"https:\\\/\\\/revolutionpadelstore.com\\\/en\\\/zapatillas-bullpadel-gemma-triay-elite-24v-blanco-2\\\/\",\"url\":\"https:\\\/\\\/revolutionpadelstore.com\\\/en\\\/zapatillas-bullpadel-gemma-triay-elite-24v-blanco-2\\\/\",\"name\":\"Zapatillas Bullpadel Gemma Triay Elite 24V Blanco - Revolution Padel Store\",\"isPartOf\":{\"@id\":\"https:\\\/\\\/revolutionpadelstore.com\\\/en\\\/#website\"},\"primaryImageOfPage\":{\"@id\":\"https:\\\/\\\/revolutionpadelstore.com\\\/en\\\/zapatillas-bullpadel-gemma-triay-elite-24v-blanco-2\\\/#primaryimage\"},\"image\":{\"@id\":\"https:\\\/\\\/revolutionpadelstore.com\\\/en\\\/zapatillas-bullpadel-gemma-triay-elite-24v-blanco-2\\\/#primaryimage\"},\"thumbnailUrl\":\"https:\\\/\\\/revolutionpadelstore.com\\\/wp-content\\\/uploads\\\/2024\\\/04\\\/18390-0-4.jpg\",\"datePublished\":\"2024-04-22T13:24:00+00:00\",\"dateModified\":\"2026-04-08T10:19:59+00:00\",\"description\":\"Descubre las zapatillas Bullpadel Gemma Triay Elite 24V Blanco, dise\u00f1adas para adaptarse a cualquier pista y nivel de juego. Con tecnolog\u00edas innovadoras y un dise\u00f1o h\u00edbrido para mayor agarre y flexibilidad. Disponible en Revolution Padel Store.\",\"breadcrumb\":{\"@id\":\"https:\\\/\\\/revolutionpadelstore.com\\\/en\\\/zapatillas-bullpadel-gemma-triay-elite-24v-blanco-2\\\/#breadcrumb\"},\"inLanguage\":\"en-US\",\"potentialAction\":[{\"@type\":\"ReadAction\",\"target\":[\"https:\\\/\\\/revolutionpadelstore.com\\\/en\\\/zapatillas-bullpadel-gemma-triay-elite-24v-blanco-2\\\/\"]}]},{\"@type\":\"ImageObject\",\"inLanguage\":\"en-US\",\"@id\":\"https:\\\/\\\/revolutionpadelstore.com\\\/en\\\/zapatillas-bullpadel-gemma-triay-elite-24v-blanco-2\\\/#primaryimage\",\"url\":\"https:\\\/\\\/revolutionpadelstore.com\\\/wp-content\\\/uploads\\\/2024\\\/04\\\/18390-0-4.jpg\",\"contentUrl\":\"https:\\\/\\\/revolutionpadelstore.com\\\/wp-content\\\/uploads\\\/2024\\\/04\\\/18390-0-4.jpg\",\"width\":800,\"height\":800},{\"@type\":\"BreadcrumbList\",\"@id\":\"https:\\\/\\\/revolutionpadelstore.com\\\/en\\\/zapatillas-bullpadel-gemma-triay-elite-24v-blanco-2\\\/#breadcrumb\",\"itemListElement\":[{\"@type\":\"ListItem\",\"position\":1,\"name\":\"Portada\",\"item\":\"https:\\\/\\\/revolutionpadelstore.com\\\/en\\\/\"},{\"@type\":\"ListItem\",\"position\":2,\"name\":\"Shop\",\"item\":\"https:\\\/\\\/revolutionpadelstore.com\\\/en\\\/shop\\\/\"},{\"@type\":\"ListItem\",\"position\":3,\"name\":\"Zapatillas Bullpadel Gemma Triay Elite 24V Blanco\"}]},{\"@type\":\"WebSite\",\"@id\":\"https:\\\/\\\/revolutionpadelstore.com\\\/en\\\/#website\",\"url\":\"https:\\\/\\\/revolutionpadelstore.com\\\/en\\\/\",\"name\":\"Revolution Padel Store\",\"description\":\"\",\"publisher\":{\"@id\":\"https:\\\/\\\/revolutionpadelstore.com\\\/en\\\/#organization\"},\"potentialAction\":[{\"@type\":\"SearchAction\",\"target\":{\"@type\":\"EntryPoint\",\"urlTemplate\":\"https:\\\/\\\/revolutionpadelstore.com\\\/en\\\/?s={search_term_string}\"},\"query-input\":{\"@type\":\"PropertyValueSpecification\",\"valueRequired\":true,\"valueName\":\"search_term_string\"}}],\"inLanguage\":\"en-US\"},{\"@type\":\"Organization\",\"@id\":\"https:\\\/\\\/revolutionpadelstore.com\\\/en\\\/#organization\",\"name\":\"Revolution Padel Store\",\"url\":\"https:\\\/\\\/revolutionpadelstore.com\\\/en\\\/\",\"logo\":{\"@type\":\"ImageObject\",\"inLanguage\":\"en-US\",\"@id\":\"https:\\\/\\\/revolutionpadelstore.com\\\/en\\\/#\\\/schema\\\/logo\\\/image\\\/\",\"url\":\"https:\\\/\\\/revolutionpadelstore.com\\\/wp-content\\\/uploads\\\/2026\\\/02\\\/revolution-padel-store.jpg\",\"contentUrl\":\"https:\\\/\\\/revolutionpadelstore.com\\\/wp-content\\\/uploads\\\/2026\\\/02\\\/revolution-padel-store.jpg\",\"width\":2000,\"height\":2000,\"caption\":\"Revolution Padel Store\"},\"image\":{\"@id\":\"https:\\\/\\\/revolutionpadelstore.com\\\/en\\\/#\\\/schema\\\/logo\\\/image\\\/\"},\"sameAs\":[\"https:\\\/\\\/www.instagram.com\\\/revolutionpadelstore\\\/\"]}]}<\/script>\n<!-- \/ Yoast SEO plugin. -->","yoast_head_json":{"title":"Zapatillas Bullpadel Gemma Triay Elite 24V Blanco - Revolution Padel Store","description":"Descubre las zapatillas Bullpadel Gemma Triay Elite 24V Blanco, dise\u00f1adas para adaptarse a cualquier pista y nivel de juego. Con tecnolog\u00edas innovadoras y un dise\u00f1o h\u00edbrido para mayor agarre y flexibilidad. Disponible en Revolution Padel Store.","robots":{"index":"index","follow":"follow","max-snippet":"max-snippet:-1","max-image-preview":"max-image-preview:large","max-video-preview":"max-video-preview:-1"},"canonical":"https:\/\/revolutionpadelstore.com\/en\/zapatillas-bullpadel-gemma-triay-elite-24v-blanco-2\/","og_locale":"en_US","og_type":"article","og_title":"Zapatillas Bullpadel Gemma Triay Elite 24V Blanco - Revolution Padel Store","og_description":"Descubre las zapatillas Bullpadel Gemma Triay Elite 24V Blanco, dise\u00f1adas para adaptarse a cualquier pista y nivel de juego. Con tecnolog\u00edas innovadoras y un dise\u00f1o h\u00edbrido para mayor agarre y flexibilidad. Disponible en Revolution Padel Store.","og_url":"https:\/\/revolutionpadelstore.com\/en\/zapatillas-bullpadel-gemma-triay-elite-24v-blanco-2\/","og_site_name":"Revolution Padel Store","article_modified_time":"2026-04-08T10:19:59+00:00","og_image":[{"width":800,"height":800,"url":"https:\/\/revolutionpadelstore.com\/wp-content\/uploads\/2024\/04\/18390-0-4.jpg","type":"image\/png"}],"twitter_card":"summary_large_image","twitter_misc":{"Est. reading time":"1 minute"},"schema":{"@context":"https:\/\/schema.org","@graph":[{"@type":"WebPage","@id":"https:\/\/revolutionpadelstore.com\/en\/zapatillas-bullpadel-gemma-triay-elite-24v-blanco-2\/","url":"https:\/\/revolutionpadelstore.com\/en\/zapatillas-bullpadel-gemma-triay-elite-24v-blanco-2\/","name":"Zapatillas Bullpadel Gemma Triay Elite 24V Blanco - Revolution Padel Store","isPartOf":{"@id":"https:\/\/revolutionpadelstore.com\/en\/#website"},"primaryImageOfPage":{"@id":"https:\/\/revolutionpadelstore.com\/en\/zapatillas-bullpadel-gemma-triay-elite-24v-blanco-2\/#primaryimage"},"image":{"@id":"https:\/\/revolutionpadelstore.com\/en\/zapatillas-bullpadel-gemma-triay-elite-24v-blanco-2\/#primaryimage"},"thumbnailUrl":"https:\/\/revolutionpadelstore.com\/wp-content\/uploads\/2024\/04\/18390-0-4.jpg","datePublished":"2024-04-22T13:24:00+00:00","dateModified":"2026-04-08T10:19:59+00:00","description":"Descubre las zapatillas Bullpadel Gemma Triay Elite 24V Blanco, dise\u00f1adas para adaptarse a cualquier pista y nivel de juego. Con tecnolog\u00edas innovadoras y un dise\u00f1o h\u00edbrido para mayor agarre y flexibilidad. Disponible en Revolution Padel Store.","breadcrumb":{"@id":"https:\/\/revolutionpadelstore.com\/en\/zapatillas-bullpadel-gemma-triay-elite-24v-blanco-2\/#breadcrumb"},"inLanguage":"en-US","potentialAction":[{"@type":"ReadAction","target":["https:\/\/revolutionpadelstore.com\/en\/zapatillas-bullpadel-gemma-triay-elite-24v-blanco-2\/"]}]},{"@type":"ImageObject","inLanguage":"en-US","@id":"https:\/\/revolutionpadelstore.com\/en\/zapatillas-bullpadel-gemma-triay-elite-24v-blanco-2\/#primaryimage","url":"https:\/\/revolutionpadelstore.com\/wp-content\/uploads\/2024\/04\/18390-0-4.jpg","contentUrl":"https:\/\/revolutionpadelstore.com\/wp-content\/uploads\/2024\/04\/18390-0-4.jpg","width":800,"height":800},{"@type":"BreadcrumbList","@id":"https:\/\/revolutionpadelstore.com\/en\/zapatillas-bullpadel-gemma-triay-elite-24v-blanco-2\/#breadcrumb","itemListElement":[{"@type":"ListItem","position":1,"name":"Portada","item":"https:\/\/revolutionpadelstore.com\/en\/"},{"@type":"ListItem","position":2,"name":"Shop","item":"https:\/\/revolutionpadelstore.com\/en\/shop\/"},{"@type":"ListItem","position":3,"name":"Zapatillas Bullpadel Gemma Triay Elite 24V Blanco"}]},{"@type":"WebSite","@id":"https:\/\/revolutionpadelstore.com\/en\/#website","url":"https:\/\/revolutionpadelstore.com\/en\/","name":"Revolution Padel Store","description":"","publisher":{"@id":"https:\/\/revolutionpadelstore.com\/en\/#organization"},"potentialAction":[{"@type":"SearchAction","target":{"@type":"EntryPoint","urlTemplate":"https:\/\/revolutionpadelstore.com\/en\/?s={search_term_string}"},"query-input":{"@type":"PropertyValueSpecification","valueRequired":true,"valueName":"search_term_string"}}],"inLanguage":"en-US"},{"@type":"Organization","@id":"https:\/\/revolutionpadelstore.com\/en\/#organization","name":"Revolution Padel Store","url":"https:\/\/revolutionpadelstore.com\/en\/","logo":{"@type":"ImageObject","inLanguage":"en-US","@id":"https:\/\/revolutionpadelstore.com\/en\/#\/schema\/logo\/image\/","url":"https:\/\/revolutionpadelstore.com\/wp-content\/uploads\/2026\/02\/revolution-padel-store.jpg","contentUrl":"https:\/\/revolutionpadelstore.com\/wp-content\/uploads\/2026\/02\/revolution-padel-store.jpg","width":2000,"height":2000,"caption":"Revolution Padel Store"},"image":{"@id":"https:\/\/revolutionpadelstore.com\/en\/#\/schema\/logo\/image\/"},"sameAs":["https:\/\/www.instagram.com\/revolutionpadelstore\/"]}]}},"_links":{"self":[{"href":"https:\/\/revolutionpadelstore.com\/en\/wp-json\/wp\/v2\/product\/15191","targetHints":{"allow":["GET"]}}],"collection":[{"href":"https:\/\/revolutionpadelstore.com\/en\/wp-json\/wp\/v2\/product"}],"about":[{"href":"https:\/\/revolutionpadelstore.com\/en\/wp-json\/wp\/v2\/types\/product"}],"replies":[{"embeddable":true,"href":"https:\/\/revolutionpadelstore.com\/en\/wp-json\/wp\/v2\/comments?post=15191"}],"wp:featuredmedia":[{"embeddable":true,"href":"https:\/\/revolutionpadelstore.com\/en\/wp-json\/wp\/v2\/media\/39870"}],"wp:attachment":[{"href":"https:\/\/revolutionpadelstore.com\/en\/wp-json\/wp\/v2\/media?parent=15191"}],"wp:term":[{"taxonomy":"acabado","embeddable":true,"href":"https:\/\/revolutionpadelstore.com\/en\/wp-json\/wp\/v2\/acabado?post=15191"},{"taxonomy":"balance","embeddable":true,"href":"https:\/\/revolutionpadelstore.com\/en\/wp-json\/wp\/v2\/balance?post=15191"},{"taxonomy":"dureza","embeddable":true,"href":"https:\/\/revolutionpadelstore.com\/en\/wp-json\/wp\/v2\/dureza?post=15191"},{"taxonomy":"forma","embeddable":true,"href":"https:\/\/revolutionpadelstore.com\/en\/wp-json\/wp\/v2\/forma?post=15191"},{"taxonomy":"jugador","embeddable":true,"href":"https:\/\/revolutionpadelstore.com\/en\/wp-json\/wp\/v2\/jugador?post=15191"},{"taxonomy":"marca","embeddable":true,"href":"https:\/\/revolutionpadelstore.com\/en\/wp-json\/wp\/v2\/marca?post=15191"},{"taxonomy":"nivel-de-juego","embeddable":true,"href":"https:\/\/revolutionpadelstore.com\/en\/wp-json\/wp\/v2\/nivel-de-juego?post=15191"},{"taxonomy":"superficie","embeddable":true,"href":"https:\/\/revolutionpadelstore.com\/en\/wp-json\/wp\/v2\/superficie?post=15191"},{"taxonomy":"tipo-de-juego","embeddable":true,"href":"https:\/\/revolutionpadelstore.com\/en\/wp-json\/wp\/v2\/tipo-de-juego?post=15191"},{"taxonomy":"product_brand","embeddable":true,"href":"https:\/\/revolutionpadelstore.com\/en\/wp-json\/wp\/v2\/product_brand?post=15191"},{"taxonomy":"product_cat","embeddable":true,"href":"https:\/\/revolutionpadelstore.com\/en\/wp-json\/wp\/v2\/product_cat?post=15191"},{"taxonomy":"product_tag","embeddable":true,"href":"https:\/\/revolutionpadelstore.com\/en\/wp-json\/wp\/v2\/product_tag?post=15191"}],"curies":[{"name":"wp","href":"https:\/\/api.w.org\/{rel}","templated":true}]}}