{"id":142780,"date":"2024-11-27T08:36:21","date_gmt":"2024-11-27T07:36:21","guid":{"rendered":"https:\/\/revolutionpadelstore.com\/par-munequeras-adidas-s-negro\/"},"modified":"2026-04-08T10:00:36","modified_gmt":"2026-04-08T08:00:36","slug":"par-munequeras-adidas-s-negro-2","status":"publish","type":"product","link":"https:\/\/revolutionpadelstore.com\/en\/par-munequeras-adidas-s-negro-2\/","title":{"rendered":"PAR MU\u00d1EQUERAS ADIDAS S NEGRO"},"content":{"rendered":"<h2> tor<br \/>\nThese <strong> Adidas Scholar S <\/strong> in black are the perfect accessory for any athlete looking for comfort and high performance, whether male, woman or child.<\/p>\n<p>Thanks to its short design and absorbent material, these dolls allow you to keep sweat under control, improving your concentration throughout the game.<\/p>\n<p>Made with cotton and recycled polyester and cotton, they offer softness and elasticity, adapting perfectly to your wrist. The adidas embroidery logo gives a touch of elegance. These dolls, officers of <strong> Ale Gal\u00e1n <\/strong>, combine style and functionality in a high quality design.<\/p>\n<h2>Par Mu\u00f1equeras Adidas S\u00a0Negro<\/h2>\n","protected":false},"excerpt":{"rendered":"<p>Ale gal\u00e1n officers, this pair of Adidas S dolls in black guarantee exceptional absorption of sweat thanks to its soft and light tissue of elastic polyester and cotton.<\/p>\n","protected":false},"featured_media":129559,"comment_status":"open","ping_status":"closed","template":"","meta":{"_acf_changed":false,"_joinchat":[]},"acabado":[],"balance":[],"dureza":[],"forma":[],"jugador":[],"marca":[1233],"nivel-de-juego":[],"superficie":[],"tipo-de-juego":[],"product_brand":[],"product_cat":[562],"product_tag":[],"class_list":{"0":"post-142780","1":"product","2":"type-product","3":"status-publish","4":"has-post-thumbnail","6":"marca-adidas-en","7":"product_cat-accessories","9":"first","10":"instock","11":"sale","12":"taxable","13":"shipping-taxable","14":"purchasable","15":"product-type-simple"},"acf":[],"yoast_head":"<!-- This site is optimized with the Yoast SEO plugin v27.4 - https:\/\/yoast.com\/product\/yoast-seo-wordpress\/ -->\n<title>PAR MU\u00d1EQUERAS ADIDAS S NEGRO - Revolution Padel Store<\/title>\n<meta name=\"description\" content=\"Oficiales de Ale Gal\u00e1n, este Par de Mu\u00f1equeras Adidas S en color negro garantizan una absorci\u00f3n excepcional del sudor gracias a su tejido suave y ligero de poli\u00e9ster el\u00e1stico y algod\u00f3n.\" \/>\n<meta name=\"robots\" content=\"index, follow, max-snippet:-1, max-image-preview:large, max-video-preview:-1\" \/>\n<link rel=\"canonical\" href=\"https:\/\/revolutionpadelstore.com\/en\/par-munequeras-adidas-s-negro-2\/\" \/>\n<meta property=\"og:locale\" content=\"en_US\" \/>\n<meta property=\"og:type\" content=\"article\" \/>\n<meta property=\"og:title\" content=\"PAR MU\u00d1EQUERAS ADIDAS S NEGRO - Revolution Padel Store\" \/>\n<meta property=\"og:description\" content=\"Oficiales de Ale Gal\u00e1n, este Par de Mu\u00f1equeras Adidas S en color negro garantizan una absorci\u00f3n excepcional del sudor gracias a su tejido suave y ligero de poli\u00e9ster el\u00e1stico y algod\u00f3n.\" \/>\n<meta property=\"og:url\" content=\"https:\/\/revolutionpadelstore.com\/en\/par-munequeras-adidas-s-negro-2\/\" \/>\n<meta property=\"og:site_name\" content=\"Revolution Padel Store\" \/>\n<meta property=\"article:modified_time\" content=\"2026-04-08T08:00:36+00:00\" \/>\n<meta property=\"og:image\" content=\"https:\/\/revolutionpadelstore.com\/wp-content\/uploads\/2024\/11\/32348_par_munequera_adidas_s_aa4wc0s42_1500x1500_1_4315.webp\" \/>\n\t<meta property=\"og:image:width\" content=\"1500\" \/>\n\t<meta property=\"og:image:height\" content=\"1500\" \/>\n\t<meta property=\"og:image:type\" content=\"image\/webp\" \/>\n<meta name=\"twitter:card\" content=\"summary_large_image\" \/>\n<script type=\"application\/ld+json\" class=\"yoast-schema-graph\">{\"@context\":\"https:\\\/\\\/schema.org\",\"@graph\":[{\"@type\":\"WebPage\",\"@id\":\"https:\\\/\\\/revolutionpadelstore.com\\\/en\\\/par-munequeras-adidas-s-negro-2\\\/\",\"url\":\"https:\\\/\\\/revolutionpadelstore.com\\\/en\\\/par-munequeras-adidas-s-negro-2\\\/\",\"name\":\"PAR MU\u00d1EQUERAS ADIDAS S NEGRO - Revolution Padel Store\",\"isPartOf\":{\"@id\":\"https:\\\/\\\/revolutionpadelstore.com\\\/en\\\/#website\"},\"primaryImageOfPage\":{\"@id\":\"https:\\\/\\\/revolutionpadelstore.com\\\/en\\\/par-munequeras-adidas-s-negro-2\\\/#primaryimage\"},\"image\":{\"@id\":\"https:\\\/\\\/revolutionpadelstore.com\\\/en\\\/par-munequeras-adidas-s-negro-2\\\/#primaryimage\"},\"thumbnailUrl\":\"https:\\\/\\\/revolutionpadelstore.com\\\/wp-content\\\/uploads\\\/2024\\\/11\\\/32348_par_munequera_adidas_s_aa4wc0s42_1500x1500_1_4315.webp\",\"datePublished\":\"2024-11-27T07:36:21+00:00\",\"dateModified\":\"2026-04-08T08:00:36+00:00\",\"description\":\"Oficiales de Ale Gal\u00e1n, este Par de Mu\u00f1equeras Adidas S en color negro garantizan una absorci\u00f3n excepcional del sudor gracias a su tejido suave y ligero de poli\u00e9ster el\u00e1stico y algod\u00f3n.\",\"breadcrumb\":{\"@id\":\"https:\\\/\\\/revolutionpadelstore.com\\\/en\\\/par-munequeras-adidas-s-negro-2\\\/#breadcrumb\"},\"inLanguage\":\"en-US\",\"potentialAction\":[{\"@type\":\"ReadAction\",\"target\":[\"https:\\\/\\\/revolutionpadelstore.com\\\/en\\\/par-munequeras-adidas-s-negro-2\\\/\"]}]},{\"@type\":\"ImageObject\",\"inLanguage\":\"en-US\",\"@id\":\"https:\\\/\\\/revolutionpadelstore.com\\\/en\\\/par-munequeras-adidas-s-negro-2\\\/#primaryimage\",\"url\":\"https:\\\/\\\/revolutionpadelstore.com\\\/wp-content\\\/uploads\\\/2024\\\/11\\\/32348_par_munequera_adidas_s_aa4wc0s42_1500x1500_1_4315.webp\",\"contentUrl\":\"https:\\\/\\\/revolutionpadelstore.com\\\/wp-content\\\/uploads\\\/2024\\\/11\\\/32348_par_munequera_adidas_s_aa4wc0s42_1500x1500_1_4315.webp\",\"width\":1500,\"height\":1500},{\"@type\":\"BreadcrumbList\",\"@id\":\"https:\\\/\\\/revolutionpadelstore.com\\\/en\\\/par-munequeras-adidas-s-negro-2\\\/#breadcrumb\",\"itemListElement\":[{\"@type\":\"ListItem\",\"position\":1,\"name\":\"Portada\",\"item\":\"https:\\\/\\\/revolutionpadelstore.com\\\/en\\\/\"},{\"@type\":\"ListItem\",\"position\":2,\"name\":\"Shop\",\"item\":\"https:\\\/\\\/revolutionpadelstore.com\\\/en\\\/shop\\\/\"},{\"@type\":\"ListItem\",\"position\":3,\"name\":\"PAR MU\u00d1EQUERAS ADIDAS S NEGRO\"}]},{\"@type\":\"WebSite\",\"@id\":\"https:\\\/\\\/revolutionpadelstore.com\\\/en\\\/#website\",\"url\":\"https:\\\/\\\/revolutionpadelstore.com\\\/en\\\/\",\"name\":\"Revolution Padel Store\",\"description\":\"\",\"publisher\":{\"@id\":\"https:\\\/\\\/revolutionpadelstore.com\\\/en\\\/#organization\"},\"potentialAction\":[{\"@type\":\"SearchAction\",\"target\":{\"@type\":\"EntryPoint\",\"urlTemplate\":\"https:\\\/\\\/revolutionpadelstore.com\\\/en\\\/?s={search_term_string}\"},\"query-input\":{\"@type\":\"PropertyValueSpecification\",\"valueRequired\":true,\"valueName\":\"search_term_string\"}}],\"inLanguage\":\"en-US\"},{\"@type\":\"Organization\",\"@id\":\"https:\\\/\\\/revolutionpadelstore.com\\\/en\\\/#organization\",\"name\":\"Revolution Padel Store\",\"url\":\"https:\\\/\\\/revolutionpadelstore.com\\\/en\\\/\",\"logo\":{\"@type\":\"ImageObject\",\"inLanguage\":\"en-US\",\"@id\":\"https:\\\/\\\/revolutionpadelstore.com\\\/en\\\/#\\\/schema\\\/logo\\\/image\\\/\",\"url\":\"https:\\\/\\\/revolutionpadelstore.com\\\/wp-content\\\/uploads\\\/2026\\\/02\\\/revolution-padel-store.jpg\",\"contentUrl\":\"https:\\\/\\\/revolutionpadelstore.com\\\/wp-content\\\/uploads\\\/2026\\\/02\\\/revolution-padel-store.jpg\",\"width\":2000,\"height\":2000,\"caption\":\"Revolution Padel Store\"},\"image\":{\"@id\":\"https:\\\/\\\/revolutionpadelstore.com\\\/en\\\/#\\\/schema\\\/logo\\\/image\\\/\"},\"sameAs\":[\"https:\\\/\\\/www.instagram.com\\\/revolutionpadelstore\\\/\"]}]}<\/script>\n<!-- \/ Yoast SEO plugin. -->","yoast_head_json":{"title":"PAR MU\u00d1EQUERAS ADIDAS S NEGRO - Revolution Padel Store","description":"Oficiales de Ale Gal\u00e1n, este Par de Mu\u00f1equeras Adidas S en color negro garantizan una absorci\u00f3n excepcional del sudor gracias a su tejido suave y ligero de poli\u00e9ster el\u00e1stico y algod\u00f3n.","robots":{"index":"index","follow":"follow","max-snippet":"max-snippet:-1","max-image-preview":"max-image-preview:large","max-video-preview":"max-video-preview:-1"},"canonical":"https:\/\/revolutionpadelstore.com\/en\/par-munequeras-adidas-s-negro-2\/","og_locale":"en_US","og_type":"article","og_title":"PAR MU\u00d1EQUERAS ADIDAS S NEGRO - Revolution Padel Store","og_description":"Oficiales de Ale Gal\u00e1n, este Par de Mu\u00f1equeras Adidas S en color negro garantizan una absorci\u00f3n excepcional del sudor gracias a su tejido suave y ligero de poli\u00e9ster el\u00e1stico y algod\u00f3n.","og_url":"https:\/\/revolutionpadelstore.com\/en\/par-munequeras-adidas-s-negro-2\/","og_site_name":"Revolution Padel Store","article_modified_time":"2026-04-08T08:00:36+00:00","og_image":[{"width":1500,"height":1500,"url":"https:\/\/revolutionpadelstore.com\/wp-content\/uploads\/2024\/11\/32348_par_munequera_adidas_s_aa4wc0s42_1500x1500_1_4315.webp","type":"image\/webp"}],"twitter_card":"summary_large_image","schema":{"@context":"https:\/\/schema.org","@graph":[{"@type":"WebPage","@id":"https:\/\/revolutionpadelstore.com\/en\/par-munequeras-adidas-s-negro-2\/","url":"https:\/\/revolutionpadelstore.com\/en\/par-munequeras-adidas-s-negro-2\/","name":"PAR MU\u00d1EQUERAS ADIDAS S NEGRO - Revolution Padel Store","isPartOf":{"@id":"https:\/\/revolutionpadelstore.com\/en\/#website"},"primaryImageOfPage":{"@id":"https:\/\/revolutionpadelstore.com\/en\/par-munequeras-adidas-s-negro-2\/#primaryimage"},"image":{"@id":"https:\/\/revolutionpadelstore.com\/en\/par-munequeras-adidas-s-negro-2\/#primaryimage"},"thumbnailUrl":"https:\/\/revolutionpadelstore.com\/wp-content\/uploads\/2024\/11\/32348_par_munequera_adidas_s_aa4wc0s42_1500x1500_1_4315.webp","datePublished":"2024-11-27T07:36:21+00:00","dateModified":"2026-04-08T08:00:36+00:00","description":"Oficiales de Ale Gal\u00e1n, este Par de Mu\u00f1equeras Adidas S en color negro garantizan una absorci\u00f3n excepcional del sudor gracias a su tejido suave y ligero de poli\u00e9ster el\u00e1stico y algod\u00f3n.","breadcrumb":{"@id":"https:\/\/revolutionpadelstore.com\/en\/par-munequeras-adidas-s-negro-2\/#breadcrumb"},"inLanguage":"en-US","potentialAction":[{"@type":"ReadAction","target":["https:\/\/revolutionpadelstore.com\/en\/par-munequeras-adidas-s-negro-2\/"]}]},{"@type":"ImageObject","inLanguage":"en-US","@id":"https:\/\/revolutionpadelstore.com\/en\/par-munequeras-adidas-s-negro-2\/#primaryimage","url":"https:\/\/revolutionpadelstore.com\/wp-content\/uploads\/2024\/11\/32348_par_munequera_adidas_s_aa4wc0s42_1500x1500_1_4315.webp","contentUrl":"https:\/\/revolutionpadelstore.com\/wp-content\/uploads\/2024\/11\/32348_par_munequera_adidas_s_aa4wc0s42_1500x1500_1_4315.webp","width":1500,"height":1500},{"@type":"BreadcrumbList","@id":"https:\/\/revolutionpadelstore.com\/en\/par-munequeras-adidas-s-negro-2\/#breadcrumb","itemListElement":[{"@type":"ListItem","position":1,"name":"Portada","item":"https:\/\/revolutionpadelstore.com\/en\/"},{"@type":"ListItem","position":2,"name":"Shop","item":"https:\/\/revolutionpadelstore.com\/en\/shop\/"},{"@type":"ListItem","position":3,"name":"PAR MU\u00d1EQUERAS ADIDAS S NEGRO"}]},{"@type":"WebSite","@id":"https:\/\/revolutionpadelstore.com\/en\/#website","url":"https:\/\/revolutionpadelstore.com\/en\/","name":"Revolution Padel Store","description":"","publisher":{"@id":"https:\/\/revolutionpadelstore.com\/en\/#organization"},"potentialAction":[{"@type":"SearchAction","target":{"@type":"EntryPoint","urlTemplate":"https:\/\/revolutionpadelstore.com\/en\/?s={search_term_string}"},"query-input":{"@type":"PropertyValueSpecification","valueRequired":true,"valueName":"search_term_string"}}],"inLanguage":"en-US"},{"@type":"Organization","@id":"https:\/\/revolutionpadelstore.com\/en\/#organization","name":"Revolution Padel Store","url":"https:\/\/revolutionpadelstore.com\/en\/","logo":{"@type":"ImageObject","inLanguage":"en-US","@id":"https:\/\/revolutionpadelstore.com\/en\/#\/schema\/logo\/image\/","url":"https:\/\/revolutionpadelstore.com\/wp-content\/uploads\/2026\/02\/revolution-padel-store.jpg","contentUrl":"https:\/\/revolutionpadelstore.com\/wp-content\/uploads\/2026\/02\/revolution-padel-store.jpg","width":2000,"height":2000,"caption":"Revolution Padel Store"},"image":{"@id":"https:\/\/revolutionpadelstore.com\/en\/#\/schema\/logo\/image\/"},"sameAs":["https:\/\/www.instagram.com\/revolutionpadelstore\/"]}]}},"_links":{"self":[{"href":"https:\/\/revolutionpadelstore.com\/en\/wp-json\/wp\/v2\/product\/142780","targetHints":{"allow":["GET"]}}],"collection":[{"href":"https:\/\/revolutionpadelstore.com\/en\/wp-json\/wp\/v2\/product"}],"about":[{"href":"https:\/\/revolutionpadelstore.com\/en\/wp-json\/wp\/v2\/types\/product"}],"replies":[{"embeddable":true,"href":"https:\/\/revolutionpadelstore.com\/en\/wp-json\/wp\/v2\/comments?post=142780"}],"wp:featuredmedia":[{"embeddable":true,"href":"https:\/\/revolutionpadelstore.com\/en\/wp-json\/wp\/v2\/media\/129559"}],"wp:attachment":[{"href":"https:\/\/revolutionpadelstore.com\/en\/wp-json\/wp\/v2\/media?parent=142780"}],"wp:term":[{"taxonomy":"acabado","embeddable":true,"href":"https:\/\/revolutionpadelstore.com\/en\/wp-json\/wp\/v2\/acabado?post=142780"},{"taxonomy":"balance","embeddable":true,"href":"https:\/\/revolutionpadelstore.com\/en\/wp-json\/wp\/v2\/balance?post=142780"},{"taxonomy":"dureza","embeddable":true,"href":"https:\/\/revolutionpadelstore.com\/en\/wp-json\/wp\/v2\/dureza?post=142780"},{"taxonomy":"forma","embeddable":true,"href":"https:\/\/revolutionpadelstore.com\/en\/wp-json\/wp\/v2\/forma?post=142780"},{"taxonomy":"jugador","embeddable":true,"href":"https:\/\/revolutionpadelstore.com\/en\/wp-json\/wp\/v2\/jugador?post=142780"},{"taxonomy":"marca","embeddable":true,"href":"https:\/\/revolutionpadelstore.com\/en\/wp-json\/wp\/v2\/marca?post=142780"},{"taxonomy":"nivel-de-juego","embeddable":true,"href":"https:\/\/revolutionpadelstore.com\/en\/wp-json\/wp\/v2\/nivel-de-juego?post=142780"},{"taxonomy":"superficie","embeddable":true,"href":"https:\/\/revolutionpadelstore.com\/en\/wp-json\/wp\/v2\/superficie?post=142780"},{"taxonomy":"tipo-de-juego","embeddable":true,"href":"https:\/\/revolutionpadelstore.com\/en\/wp-json\/wp\/v2\/tipo-de-juego?post=142780"},{"taxonomy":"product_brand","embeddable":true,"href":"https:\/\/revolutionpadelstore.com\/en\/wp-json\/wp\/v2\/product_brand?post=142780"},{"taxonomy":"product_cat","embeddable":true,"href":"https:\/\/revolutionpadelstore.com\/en\/wp-json\/wp\/v2\/product_cat?post=142780"},{"taxonomy":"product_tag","embeddable":true,"href":"https:\/\/revolutionpadelstore.com\/en\/wp-json\/wp\/v2\/product_tag?post=142780"}],"curies":[{"name":"wp","href":"https:\/\/api.w.org\/{rel}","templated":true}]}}