{"id":142525,"date":"2024-12-03T23:47:59","date_gmt":"2024-12-03T22:47:59","guid":{"rendered":"https:\/\/revolutionpadelstore.com\/adidas-metalbone-hrd-3-4-2025\/"},"modified":"2026-04-22T02:00:13","modified_gmt":"2026-04-22T00:00:13","slug":"adidas-metalbone-hrd-3-4-2025","status":"publish","type":"product","link":"https:\/\/revolutionpadelstore.com\/en\/adidas-metalbone-hrd-3-4-2025\/","title":{"rendered":"ADIDAS METALBONE HRD+ 3.4 2025"},"content":{"rendered":"<p><H2> ADIDAS METALBONE HRD+ 3.4, Explosiveness in the attack <\/ h2><br \/>\nThe <strong> adidas Metalbone HRD+ 3.4 <\/strong> of the 2025 collection, developed in collaboration with <strong> Ale Gal\u00e1n <\/strong>, is a paddle shovel that stands out for its power and performance. This model combines high quality materials and innovative technologies, ideal for those looking for strong and precise blows.<br \/>\n<H2> METALBONE CHARACTERISTICS HRD+ 3.4 <\/H2><br \/>\n<P> <strong>-Diamond and High Balance Shoes <\/strong>: It concentrates the weight at the top, generating greater inertia and power in each attack.<br \/>\n<P> <strong>-Adjustable peso <\/strong>: Between 345 and 360 grams, combining design and technology for elite performance.<\/p>\n<p style=\"padding-left: 40px\"> <strong> -Power groove <\/strong>: increases the power and stiffness in the shovel profile. <\/p>\n<\/p>\n<p style=\"padding-left: 40px\"> <strong> -coration carbon cages 16k <\/strong>: they ensure a solid touch and maximum power. <\/p>\n<\/p>\n<p> <strong> -Goma High Memory Eva <\/strong>: High density, grants higher speed and power in technical blows.<\/p>\n<p style=\"padding-left: 40px\"> <strong> -Cotogonal structure <\/strong>: reduces torsion and improves precision. <\/p>\n<\/p>\n<p style=\"padding-left: 40px\"> <strong> -Relieve spin blade decal <\/strong>: guarantees optimal control and more effect on the blows. <\/p>\n<\/p>\n<p><P> <strong> -Grip Power Extra Grip <\/strong>: It brings greater stability in the hit. <\/p>\n<p> <strong> -Coly Poly Poly Poly <\/strong>: Increase structural stiffness.<br \/>\n<P> <strong> -Weight &amp; Balance System <\/strong>: Allows up to 11.2 grams to adjust the weight and balance of the shovel.<\/p>\n<p><H2> Ideal for Advanced Players <\/ h2><br \/>\nDesigned for advanced level paddle players, Metalbone HRD+ 3.4 becomes an ally of offensive plays, allowing to adapt to any game situation with maximum power and inertia.<br \/>\n<H2> Available in Revolution Padel Store <\/ h2><br \/>\nIf you are an aggressive player who enjoys printing power and effect to the ball, the <strong> adidas Metalbone HRD+ 3.4 <\/strong> will be your ideal partner thanks to its rigidity and durability.<\/p>\n<h2>Adidas Metalbone HRD+ 3.4, explosividad en el ataque<\/h2>\n","protected":false},"excerpt":{"rendered":"<p>Adidas Metalbone HRD+ 3.4 shovel for high -level offensive players seeking greater power and effect on their blows. RUGO CARBONO RUGO PLANS 16K with spin blade decal.<\/p>\n","protected":false},"featured_media":135770,"comment_status":"open","ping_status":"closed","template":"","meta":{"_acf_changed":false,"_joinchat":[]},"acabado":[1093],"balance":[1138],"dureza":[1163],"forma":[1173],"jugador":[1193,1203],"marca":[1233],"nivel-de-juego":[1338],"superficie":[1363],"tipo-de-juego":[1378],"product_brand":[],"product_cat":[303],"product_tag":[],"class_list":{"0":"post-142525","1":"product","2":"type-product","3":"status-publish","4":"has-post-thumbnail","6":"acabado-relieve-3d-en","7":"balance-alto-en","8":"dureza-dura-en","9":"forma-diamante-en","10":"jugador-hombre-en","11":"jugador-multipurpose","12":"marca-adidas-en","13":"superficie-rugosa-en","14":"tipo-de-juego-potencia-en","15":"product_cat-palas","17":"first","18":"instock","19":"sale","20":"taxable","21":"shipping-taxable","22":"purchasable","23":"product-type-simple"},"acf":[],"yoast_head":"<!-- This site is optimized with the Yoast SEO plugin v27.4 - https:\/\/yoast.com\/product\/yoast-seo-wordpress\/ -->\n<title>ADIDAS METALBONE HRD+ 3.4 2025 - Revolution Padel Store<\/title>\n<meta name=\"description\" content=\"La Metalbone HRD+ 3.4, de la colecci\u00f3n 2025 de Adidas, ha sido dise\u00f1ada en colaboraci\u00f3n con Ale Gal\u00e1n y representa el m\u00e1ximo exponente en potencia y rendimiento. Este modelo combina materiales de alta calidad y tecnolog\u00edas innovadoras que maximizan el juego ofensivo, siendo ideal para los que buscan golpes contundentes y precisos.\" \/>\n<meta name=\"robots\" content=\"index, follow, max-snippet:-1, max-image-preview:large, max-video-preview:-1\" \/>\n<link rel=\"canonical\" href=\"https:\/\/revolutionpadelstore.com\/en\/adidas-metalbone-hrd-3-4-2025\/\" \/>\n<meta property=\"og:locale\" content=\"en_US\" \/>\n<meta property=\"og:type\" content=\"article\" \/>\n<meta property=\"og:title\" content=\"ADIDAS METALBONE HRD+ 3.4 2025 - Revolution Padel Store\" \/>\n<meta property=\"og:description\" content=\"La Metalbone HRD+ 3.4, de la colecci\u00f3n 2025 de Adidas, ha sido dise\u00f1ada en colaboraci\u00f3n con Ale Gal\u00e1n y representa el m\u00e1ximo exponente en potencia y rendimiento. Este modelo combina materiales de alta calidad y tecnolog\u00edas innovadoras que maximizan el juego ofensivo, siendo ideal para los que buscan golpes contundentes y precisos.\" \/>\n<meta property=\"og:url\" content=\"https:\/\/revolutionpadelstore.com\/en\/adidas-metalbone-hrd-3-4-2025\/\" \/>\n<meta property=\"og:site_name\" content=\"Revolution Padel Store\" \/>\n<meta property=\"article:modified_time\" content=\"2026-04-22T00:00:13+00:00\" \/>\n<meta property=\"og:image\" content=\"https:\/\/revolutionpadelstore.com\/wp-content\/uploads\/2024\/12\/113687-pala-adidas-metalbone-hrd-mas-3-4-ar1aa1u221500x1500-1.webp\" \/>\n\t<meta property=\"og:image:width\" content=\"1500\" \/>\n\t<meta property=\"og:image:height\" content=\"1500\" \/>\n\t<meta property=\"og:image:type\" content=\"image\/webp\" \/>\n<meta name=\"twitter:card\" content=\"summary_large_image\" \/>\n<meta name=\"twitter:label1\" content=\"Est. reading time\" \/>\n\t<meta name=\"twitter:data1\" content=\"1 minute\" \/>\n<script type=\"application\/ld+json\" class=\"yoast-schema-graph\">{\"@context\":\"https:\\\/\\\/schema.org\",\"@graph\":[{\"@type\":\"WebPage\",\"@id\":\"https:\\\/\\\/revolutionpadelstore.com\\\/en\\\/adidas-metalbone-hrd-3-4-2025\\\/\",\"url\":\"https:\\\/\\\/revolutionpadelstore.com\\\/en\\\/adidas-metalbone-hrd-3-4-2025\\\/\",\"name\":\"ADIDAS METALBONE HRD+ 3.4 2025 - Revolution Padel Store\",\"isPartOf\":{\"@id\":\"https:\\\/\\\/revolutionpadelstore.com\\\/en\\\/#website\"},\"primaryImageOfPage\":{\"@id\":\"https:\\\/\\\/revolutionpadelstore.com\\\/en\\\/adidas-metalbone-hrd-3-4-2025\\\/#primaryimage\"},\"image\":{\"@id\":\"https:\\\/\\\/revolutionpadelstore.com\\\/en\\\/adidas-metalbone-hrd-3-4-2025\\\/#primaryimage\"},\"thumbnailUrl\":\"https:\\\/\\\/revolutionpadelstore.com\\\/wp-content\\\/uploads\\\/2024\\\/12\\\/113687-pala-adidas-metalbone-hrd-mas-3-4-ar1aa1u221500x1500-1.webp\",\"datePublished\":\"2024-12-03T22:47:59+00:00\",\"dateModified\":\"2026-04-22T00:00:13+00:00\",\"description\":\"La Metalbone HRD+ 3.4, de la colecci\u00f3n 2025 de Adidas, ha sido dise\u00f1ada en colaboraci\u00f3n con Ale Gal\u00e1n y representa el m\u00e1ximo exponente en potencia y rendimiento. Este modelo combina materiales de alta calidad y tecnolog\u00edas innovadoras que maximizan el juego ofensivo, siendo ideal para los que buscan golpes contundentes y precisos.\",\"breadcrumb\":{\"@id\":\"https:\\\/\\\/revolutionpadelstore.com\\\/en\\\/adidas-metalbone-hrd-3-4-2025\\\/#breadcrumb\"},\"inLanguage\":\"en-US\",\"potentialAction\":[{\"@type\":\"ReadAction\",\"target\":[\"https:\\\/\\\/revolutionpadelstore.com\\\/en\\\/adidas-metalbone-hrd-3-4-2025\\\/\"]}]},{\"@type\":\"ImageObject\",\"inLanguage\":\"en-US\",\"@id\":\"https:\\\/\\\/revolutionpadelstore.com\\\/en\\\/adidas-metalbone-hrd-3-4-2025\\\/#primaryimage\",\"url\":\"https:\\\/\\\/revolutionpadelstore.com\\\/wp-content\\\/uploads\\\/2024\\\/12\\\/113687-pala-adidas-metalbone-hrd-mas-3-4-ar1aa1u221500x1500-1.webp\",\"contentUrl\":\"https:\\\/\\\/revolutionpadelstore.com\\\/wp-content\\\/uploads\\\/2024\\\/12\\\/113687-pala-adidas-metalbone-hrd-mas-3-4-ar1aa1u221500x1500-1.webp\",\"width\":1500,\"height\":1500},{\"@type\":\"BreadcrumbList\",\"@id\":\"https:\\\/\\\/revolutionpadelstore.com\\\/en\\\/adidas-metalbone-hrd-3-4-2025\\\/#breadcrumb\",\"itemListElement\":[{\"@type\":\"ListItem\",\"position\":1,\"name\":\"Portada\",\"item\":\"https:\\\/\\\/revolutionpadelstore.com\\\/en\\\/\"},{\"@type\":\"ListItem\",\"position\":2,\"name\":\"Shop\",\"item\":\"https:\\\/\\\/revolutionpadelstore.com\\\/en\\\/shop\\\/\"},{\"@type\":\"ListItem\",\"position\":3,\"name\":\"ADIDAS METALBONE HRD+ 3.4 2025\"}]},{\"@type\":\"WebSite\",\"@id\":\"https:\\\/\\\/revolutionpadelstore.com\\\/en\\\/#website\",\"url\":\"https:\\\/\\\/revolutionpadelstore.com\\\/en\\\/\",\"name\":\"Revolution Padel Store\",\"description\":\"\",\"publisher\":{\"@id\":\"https:\\\/\\\/revolutionpadelstore.com\\\/en\\\/#organization\"},\"potentialAction\":[{\"@type\":\"SearchAction\",\"target\":{\"@type\":\"EntryPoint\",\"urlTemplate\":\"https:\\\/\\\/revolutionpadelstore.com\\\/en\\\/?s={search_term_string}\"},\"query-input\":{\"@type\":\"PropertyValueSpecification\",\"valueRequired\":true,\"valueName\":\"search_term_string\"}}],\"inLanguage\":\"en-US\"},{\"@type\":\"Organization\",\"@id\":\"https:\\\/\\\/revolutionpadelstore.com\\\/en\\\/#organization\",\"name\":\"Revolution Padel Store\",\"url\":\"https:\\\/\\\/revolutionpadelstore.com\\\/en\\\/\",\"logo\":{\"@type\":\"ImageObject\",\"inLanguage\":\"en-US\",\"@id\":\"https:\\\/\\\/revolutionpadelstore.com\\\/en\\\/#\\\/schema\\\/logo\\\/image\\\/\",\"url\":\"https:\\\/\\\/revolutionpadelstore.com\\\/wp-content\\\/uploads\\\/2026\\\/02\\\/revolution-padel-store.jpg\",\"contentUrl\":\"https:\\\/\\\/revolutionpadelstore.com\\\/wp-content\\\/uploads\\\/2026\\\/02\\\/revolution-padel-store.jpg\",\"width\":2000,\"height\":2000,\"caption\":\"Revolution Padel Store\"},\"image\":{\"@id\":\"https:\\\/\\\/revolutionpadelstore.com\\\/en\\\/#\\\/schema\\\/logo\\\/image\\\/\"},\"sameAs\":[\"https:\\\/\\\/www.instagram.com\\\/revolutionpadelstore\\\/\"]}]}<\/script>\n<!-- \/ Yoast SEO plugin. -->","yoast_head_json":{"title":"ADIDAS METALBONE HRD+ 3.4 2025 - Revolution Padel Store","description":"La Metalbone HRD+ 3.4, de la colecci\u00f3n 2025 de Adidas, ha sido dise\u00f1ada en colaboraci\u00f3n con Ale Gal\u00e1n y representa el m\u00e1ximo exponente en potencia y rendimiento. Este modelo combina materiales de alta calidad y tecnolog\u00edas innovadoras que maximizan el juego ofensivo, siendo ideal para los que buscan golpes contundentes y precisos.","robots":{"index":"index","follow":"follow","max-snippet":"max-snippet:-1","max-image-preview":"max-image-preview:large","max-video-preview":"max-video-preview:-1"},"canonical":"https:\/\/revolutionpadelstore.com\/en\/adidas-metalbone-hrd-3-4-2025\/","og_locale":"en_US","og_type":"article","og_title":"ADIDAS METALBONE HRD+ 3.4 2025 - Revolution Padel Store","og_description":"La Metalbone HRD+ 3.4, de la colecci\u00f3n 2025 de Adidas, ha sido dise\u00f1ada en colaboraci\u00f3n con Ale Gal\u00e1n y representa el m\u00e1ximo exponente en potencia y rendimiento. Este modelo combina materiales de alta calidad y tecnolog\u00edas innovadoras que maximizan el juego ofensivo, siendo ideal para los que buscan golpes contundentes y precisos.","og_url":"https:\/\/revolutionpadelstore.com\/en\/adidas-metalbone-hrd-3-4-2025\/","og_site_name":"Revolution Padel Store","article_modified_time":"2026-04-22T00:00:13+00:00","og_image":[{"width":1500,"height":1500,"url":"https:\/\/revolutionpadelstore.com\/wp-content\/uploads\/2024\/12\/113687-pala-adidas-metalbone-hrd-mas-3-4-ar1aa1u221500x1500-1.webp","type":"image\/webp"}],"twitter_card":"summary_large_image","twitter_misc":{"Est. reading time":"1 minute"},"schema":{"@context":"https:\/\/schema.org","@graph":[{"@type":"WebPage","@id":"https:\/\/revolutionpadelstore.com\/en\/adidas-metalbone-hrd-3-4-2025\/","url":"https:\/\/revolutionpadelstore.com\/en\/adidas-metalbone-hrd-3-4-2025\/","name":"ADIDAS METALBONE HRD+ 3.4 2025 - Revolution Padel Store","isPartOf":{"@id":"https:\/\/revolutionpadelstore.com\/en\/#website"},"primaryImageOfPage":{"@id":"https:\/\/revolutionpadelstore.com\/en\/adidas-metalbone-hrd-3-4-2025\/#primaryimage"},"image":{"@id":"https:\/\/revolutionpadelstore.com\/en\/adidas-metalbone-hrd-3-4-2025\/#primaryimage"},"thumbnailUrl":"https:\/\/revolutionpadelstore.com\/wp-content\/uploads\/2024\/12\/113687-pala-adidas-metalbone-hrd-mas-3-4-ar1aa1u221500x1500-1.webp","datePublished":"2024-12-03T22:47:59+00:00","dateModified":"2026-04-22T00:00:13+00:00","description":"La Metalbone HRD+ 3.4, de la colecci\u00f3n 2025 de Adidas, ha sido dise\u00f1ada en colaboraci\u00f3n con Ale Gal\u00e1n y representa el m\u00e1ximo exponente en potencia y rendimiento. Este modelo combina materiales de alta calidad y tecnolog\u00edas innovadoras que maximizan el juego ofensivo, siendo ideal para los que buscan golpes contundentes y precisos.","breadcrumb":{"@id":"https:\/\/revolutionpadelstore.com\/en\/adidas-metalbone-hrd-3-4-2025\/#breadcrumb"},"inLanguage":"en-US","potentialAction":[{"@type":"ReadAction","target":["https:\/\/revolutionpadelstore.com\/en\/adidas-metalbone-hrd-3-4-2025\/"]}]},{"@type":"ImageObject","inLanguage":"en-US","@id":"https:\/\/revolutionpadelstore.com\/en\/adidas-metalbone-hrd-3-4-2025\/#primaryimage","url":"https:\/\/revolutionpadelstore.com\/wp-content\/uploads\/2024\/12\/113687-pala-adidas-metalbone-hrd-mas-3-4-ar1aa1u221500x1500-1.webp","contentUrl":"https:\/\/revolutionpadelstore.com\/wp-content\/uploads\/2024\/12\/113687-pala-adidas-metalbone-hrd-mas-3-4-ar1aa1u221500x1500-1.webp","width":1500,"height":1500},{"@type":"BreadcrumbList","@id":"https:\/\/revolutionpadelstore.com\/en\/adidas-metalbone-hrd-3-4-2025\/#breadcrumb","itemListElement":[{"@type":"ListItem","position":1,"name":"Portada","item":"https:\/\/revolutionpadelstore.com\/en\/"},{"@type":"ListItem","position":2,"name":"Shop","item":"https:\/\/revolutionpadelstore.com\/en\/shop\/"},{"@type":"ListItem","position":3,"name":"ADIDAS METALBONE HRD+ 3.4 2025"}]},{"@type":"WebSite","@id":"https:\/\/revolutionpadelstore.com\/en\/#website","url":"https:\/\/revolutionpadelstore.com\/en\/","name":"Revolution Padel Store","description":"","publisher":{"@id":"https:\/\/revolutionpadelstore.com\/en\/#organization"},"potentialAction":[{"@type":"SearchAction","target":{"@type":"EntryPoint","urlTemplate":"https:\/\/revolutionpadelstore.com\/en\/?s={search_term_string}"},"query-input":{"@type":"PropertyValueSpecification","valueRequired":true,"valueName":"search_term_string"}}],"inLanguage":"en-US"},{"@type":"Organization","@id":"https:\/\/revolutionpadelstore.com\/en\/#organization","name":"Revolution Padel Store","url":"https:\/\/revolutionpadelstore.com\/en\/","logo":{"@type":"ImageObject","inLanguage":"en-US","@id":"https:\/\/revolutionpadelstore.com\/en\/#\/schema\/logo\/image\/","url":"https:\/\/revolutionpadelstore.com\/wp-content\/uploads\/2026\/02\/revolution-padel-store.jpg","contentUrl":"https:\/\/revolutionpadelstore.com\/wp-content\/uploads\/2026\/02\/revolution-padel-store.jpg","width":2000,"height":2000,"caption":"Revolution Padel Store"},"image":{"@id":"https:\/\/revolutionpadelstore.com\/en\/#\/schema\/logo\/image\/"},"sameAs":["https:\/\/www.instagram.com\/revolutionpadelstore\/"]}]}},"_links":{"self":[{"href":"https:\/\/revolutionpadelstore.com\/en\/wp-json\/wp\/v2\/product\/142525","targetHints":{"allow":["GET"]}}],"collection":[{"href":"https:\/\/revolutionpadelstore.com\/en\/wp-json\/wp\/v2\/product"}],"about":[{"href":"https:\/\/revolutionpadelstore.com\/en\/wp-json\/wp\/v2\/types\/product"}],"replies":[{"embeddable":true,"href":"https:\/\/revolutionpadelstore.com\/en\/wp-json\/wp\/v2\/comments?post=142525"}],"wp:featuredmedia":[{"embeddable":true,"href":"https:\/\/revolutionpadelstore.com\/en\/wp-json\/wp\/v2\/media\/135770"}],"wp:attachment":[{"href":"https:\/\/revolutionpadelstore.com\/en\/wp-json\/wp\/v2\/media?parent=142525"}],"wp:term":[{"taxonomy":"acabado","embeddable":true,"href":"https:\/\/revolutionpadelstore.com\/en\/wp-json\/wp\/v2\/acabado?post=142525"},{"taxonomy":"balance","embeddable":true,"href":"https:\/\/revolutionpadelstore.com\/en\/wp-json\/wp\/v2\/balance?post=142525"},{"taxonomy":"dureza","embeddable":true,"href":"https:\/\/revolutionpadelstore.com\/en\/wp-json\/wp\/v2\/dureza?post=142525"},{"taxonomy":"forma","embeddable":true,"href":"https:\/\/revolutionpadelstore.com\/en\/wp-json\/wp\/v2\/forma?post=142525"},{"taxonomy":"jugador","embeddable":true,"href":"https:\/\/revolutionpadelstore.com\/en\/wp-json\/wp\/v2\/jugador?post=142525"},{"taxonomy":"marca","embeddable":true,"href":"https:\/\/revolutionpadelstore.com\/en\/wp-json\/wp\/v2\/marca?post=142525"},{"taxonomy":"nivel-de-juego","embeddable":true,"href":"https:\/\/revolutionpadelstore.com\/en\/wp-json\/wp\/v2\/nivel-de-juego?post=142525"},{"taxonomy":"superficie","embeddable":true,"href":"https:\/\/revolutionpadelstore.com\/en\/wp-json\/wp\/v2\/superficie?post=142525"},{"taxonomy":"tipo-de-juego","embeddable":true,"href":"https:\/\/revolutionpadelstore.com\/en\/wp-json\/wp\/v2\/tipo-de-juego?post=142525"},{"taxonomy":"product_brand","embeddable":true,"href":"https:\/\/revolutionpadelstore.com\/en\/wp-json\/wp\/v2\/product_brand?post=142525"},{"taxonomy":"product_cat","embeddable":true,"href":"https:\/\/revolutionpadelstore.com\/en\/wp-json\/wp\/v2\/product_cat?post=142525"},{"taxonomy":"product_tag","embeddable":true,"href":"https:\/\/revolutionpadelstore.com\/en\/wp-json\/wp\/v2\/product_tag?post=142525"}],"curies":[{"name":"wp","href":"https:\/\/api.w.org\/{rel}","templated":true}]}}