{"id":142515,"date":"2024-12-04T08:10:03","date_gmt":"2024-12-04T07:10:03","guid":{"rendered":"https:\/\/revolutionpadelstore.com\/adidas-adipower-multiweight-ctrl-3-4-2025\/"},"modified":"2026-04-08T09:48:35","modified_gmt":"2026-04-08T07:48:35","slug":"adidas-adipower-multiweight-ctrl-3-4-2025","status":"publish","type":"product","link":"https:\/\/revolutionpadelstore.com\/en\/adidas-adipower-multiweight-ctrl-3-4-2025\/","title":{"rendered":"ADIDAS ADIPOWER MULTIWEIGHT CTRL 3.4 2025"},"content":{"rendered":"<p><H2> Adidas Adipower Multiweight Ctrl 3.4 2025, round format shovel <\/ h2><br \/>\nThe <strong> Adidas Adipower Multiweight Ctrl 3.4 2025 <\/strong> is the shovel chosen by the professional <strong> \u00c1lex Ruiz <\/strong>, designed with advanced technologies to offer exceptional performance and personalization. Thanks to the <strong> Weight &amp; Balance System system <\/strong>, you can adjust the weight and balance of the shovel to adapt it to the needs of each game. Its 18K carbon composition and balanced design make it an ideal tool for those who seek precision, power and control in each blow.<br \/>\n<H2> Ideal for High Performance Players <\/ h2><br \/>\nThis shovel is designed for high -level players seeking maximum performance. Its round format and technical characteristics make it perfect for both defensive blows and for attack situations. It is ideal for those who need to customize their team according to the demands of the game, being especially suitable for professionals who demand the best at each point.<\/p>\n<h2> Characteristics and technologies of the Adipower Multiweight Ctrl 3.4 2025 <\/ h2><\/p>\n<p> <strong> -Red format <\/strong>: offers greater control and maneuverability. <\/p>\n<p style=\"padding-left: 40px\"> <strong> -Peso <\/strong>: 360-375 g (+9.1 g adjustable). <\/p>\n<p><P> <strong> -Weight &amp; Balance System <\/strong>: Allows you to adjust the weight and balance to adapt the shovel to each game style.<\/p>\n<p style=\"padding-left: 40px\"> <strong> -Carbon 18k <\/strong>: provides excellent rigidity, power and durability. <\/p>\n<p style=\"padding-left: 40px\"> <strong> -dual exoskeleton <\/strong>: structural reinforcement for greater torsional stability. <\/p>\n<p style=\"padding-left: 40px\"> <strong> -Power ambossics ridge <\/strong>: carbon nerve that increases the rigidity of the frame. <\/p>\n<\/p>\n<p style=\"padding-left: 40px\"> <strong> -Spin blade decal <\/strong>: relief that allows a greater effect on the blows. <\/p>\n<p><P> <strong> -hight Memory Eva <\/strong>: High density nucleus that increases power in rapid blows.<\/p>\n<p><H2> Available in Revolution Padel Store <\/ h2><br \/>\nThe <strong> adipower multiweight ctrl 3.4 2025 <\/strong> combines customization, control and power in a sophisticated design. If you are looking to highlight as <strong> \u00c1lex Ruiz <\/strong>, this shovel will be your best ally on the track.<\/p>\n<h2>Adidas Adipower Multiweight Ctrl 3.4 2025, pala de formato redondo<\/h2>\n","protected":false},"excerpt":{"rendered":"<p>Adidas Adipower Multiweight Ctrl 3.4 2025 offers customization, control and power for advanced players. Inspired by \u00c1lex Ruiz, it combines leading technologies and a versatile design.<\/p>\n","protected":false},"featured_media":135506,"comment_status":"open","ping_status":"closed","template":"","meta":{"_acf_changed":false,"_joinchat":[]},"acabado":[1108],"balance":[1148],"dureza":[1163],"forma":[1183],"jugador":[1193,1203],"marca":[1233],"nivel-de-juego":[1338,1348],"superficie":[1363],"tipo-de-juego":[1373],"product_brand":[],"product_cat":[303],"product_tag":[],"class_list":{"0":"post-142515","1":"product","2":"type-product","3":"status-publish","4":"has-post-thumbnail","6":"acabado-rugoso-en","7":"balance-bajo-en","8":"dureza-dura-en","9":"forma-redonda-en","10":"jugador-hombre-en","11":"jugador-multipurpose","12":"marca-adidas-en","13":"superficie-rugosa-en","14":"tipo-de-juego-control-en","15":"product_cat-palas","17":"first","18":"instock","19":"sale","20":"taxable","21":"shipping-taxable","22":"purchasable","23":"product-type-simple"},"acf":[],"yoast_head":"<!-- This site is optimized with the Yoast SEO plugin v27.4 - https:\/\/yoast.com\/product\/yoast-seo-wordpress\/ -->\n<title>ADIDAS ADIPOWER MULTIWEIGHT CTRL 3.4 2025 - Revolution Padel Store<\/title>\n<meta name=\"description\" content=\"La Adidas Adipower Multiweight Ctrl 3.4 2025 es la pala elegida por el jugador profesional \u00c1lex Ruiz, dise\u00f1ada con tecnolog\u00edas avanzadas para ofrecer un rendimiento y personalizaci\u00f3n excepcionales. Gracias al sistema Weight &amp; Balance System, puedes ajustar el peso y balance de la pala para adaptarla a las necesidades de cada partido. Su composici\u00f3n en carbono 18K y dise\u00f1o equilibrado la convierten en una herramienta ideal para quienes buscan precisi\u00f3n, potencia y control en cada golpe.\" \/>\n<meta name=\"robots\" content=\"index, follow, max-snippet:-1, max-image-preview:large, max-video-preview:-1\" \/>\n<link rel=\"canonical\" href=\"https:\/\/revolutionpadelstore.com\/en\/adidas-adipower-multiweight-ctrl-3-4-2025\/\" \/>\n<meta property=\"og:locale\" content=\"en_US\" \/>\n<meta property=\"og:type\" content=\"article\" \/>\n<meta property=\"og:title\" content=\"ADIDAS ADIPOWER MULTIWEIGHT CTRL 3.4 2025 - Revolution Padel Store\" \/>\n<meta property=\"og:description\" content=\"La Adidas Adipower Multiweight Ctrl 3.4 2025 es la pala elegida por el jugador profesional \u00c1lex Ruiz, dise\u00f1ada con tecnolog\u00edas avanzadas para ofrecer un rendimiento y personalizaci\u00f3n excepcionales. Gracias al sistema Weight &amp; Balance System, puedes ajustar el peso y balance de la pala para adaptarla a las necesidades de cada partido. Su composici\u00f3n en carbono 18K y dise\u00f1o equilibrado la convierten en una herramienta ideal para quienes buscan precisi\u00f3n, potencia y control en cada golpe.\" \/>\n<meta property=\"og:url\" content=\"https:\/\/revolutionpadelstore.com\/en\/adidas-adipower-multiweight-ctrl-3-4-2025\/\" \/>\n<meta property=\"og:site_name\" content=\"Revolution Padel Store\" \/>\n<meta property=\"article:modified_time\" content=\"2026-04-08T07:48:35+00:00\" \/>\n<meta property=\"og:image\" content=\"https:\/\/revolutionpadelstore.com\/wp-content\/uploads\/2024\/12\/113676-pala-adidas-adipower-multiweight-ctrl-3-4-ar1ca2u311500x1500-1.webp\" \/>\n\t<meta property=\"og:image:width\" content=\"1500\" \/>\n\t<meta property=\"og:image:height\" content=\"1500\" \/>\n\t<meta property=\"og:image:type\" content=\"image\/webp\" \/>\n<meta name=\"twitter:card\" content=\"summary_large_image\" \/>\n<meta name=\"twitter:label1\" content=\"Est. reading time\" \/>\n\t<meta name=\"twitter:data1\" content=\"1 minute\" \/>\n<script type=\"application\/ld+json\" class=\"yoast-schema-graph\">{\"@context\":\"https:\\\/\\\/schema.org\",\"@graph\":[{\"@type\":\"WebPage\",\"@id\":\"https:\\\/\\\/revolutionpadelstore.com\\\/en\\\/adidas-adipower-multiweight-ctrl-3-4-2025\\\/\",\"url\":\"https:\\\/\\\/revolutionpadelstore.com\\\/en\\\/adidas-adipower-multiweight-ctrl-3-4-2025\\\/\",\"name\":\"ADIDAS ADIPOWER MULTIWEIGHT CTRL 3.4 2025 - Revolution Padel Store\",\"isPartOf\":{\"@id\":\"https:\\\/\\\/revolutionpadelstore.com\\\/en\\\/#website\"},\"primaryImageOfPage\":{\"@id\":\"https:\\\/\\\/revolutionpadelstore.com\\\/en\\\/adidas-adipower-multiweight-ctrl-3-4-2025\\\/#primaryimage\"},\"image\":{\"@id\":\"https:\\\/\\\/revolutionpadelstore.com\\\/en\\\/adidas-adipower-multiweight-ctrl-3-4-2025\\\/#primaryimage\"},\"thumbnailUrl\":\"https:\\\/\\\/revolutionpadelstore.com\\\/wp-content\\\/uploads\\\/2024\\\/12\\\/113676-pala-adidas-adipower-multiweight-ctrl-3-4-ar1ca2u311500x1500-1.webp\",\"datePublished\":\"2024-12-04T07:10:03+00:00\",\"dateModified\":\"2026-04-08T07:48:35+00:00\",\"description\":\"La Adidas Adipower Multiweight Ctrl 3.4 2025 es la pala elegida por el jugador profesional \u00c1lex Ruiz, dise\u00f1ada con tecnolog\u00edas avanzadas para ofrecer un rendimiento y personalizaci\u00f3n excepcionales. Gracias al sistema Weight & Balance System, puedes ajustar el peso y balance de la pala para adaptarla a las necesidades de cada partido. Su composici\u00f3n en carbono 18K y dise\u00f1o equilibrado la convierten en una herramienta ideal para quienes buscan precisi\u00f3n, potencia y control en cada golpe.\",\"breadcrumb\":{\"@id\":\"https:\\\/\\\/revolutionpadelstore.com\\\/en\\\/adidas-adipower-multiweight-ctrl-3-4-2025\\\/#breadcrumb\"},\"inLanguage\":\"en-US\",\"potentialAction\":[{\"@type\":\"ReadAction\",\"target\":[\"https:\\\/\\\/revolutionpadelstore.com\\\/en\\\/adidas-adipower-multiweight-ctrl-3-4-2025\\\/\"]}]},{\"@type\":\"ImageObject\",\"inLanguage\":\"en-US\",\"@id\":\"https:\\\/\\\/revolutionpadelstore.com\\\/en\\\/adidas-adipower-multiweight-ctrl-3-4-2025\\\/#primaryimage\",\"url\":\"https:\\\/\\\/revolutionpadelstore.com\\\/wp-content\\\/uploads\\\/2024\\\/12\\\/113676-pala-adidas-adipower-multiweight-ctrl-3-4-ar1ca2u311500x1500-1.webp\",\"contentUrl\":\"https:\\\/\\\/revolutionpadelstore.com\\\/wp-content\\\/uploads\\\/2024\\\/12\\\/113676-pala-adidas-adipower-multiweight-ctrl-3-4-ar1ca2u311500x1500-1.webp\",\"width\":1500,\"height\":1500},{\"@type\":\"BreadcrumbList\",\"@id\":\"https:\\\/\\\/revolutionpadelstore.com\\\/en\\\/adidas-adipower-multiweight-ctrl-3-4-2025\\\/#breadcrumb\",\"itemListElement\":[{\"@type\":\"ListItem\",\"position\":1,\"name\":\"Portada\",\"item\":\"https:\\\/\\\/revolutionpadelstore.com\\\/en\\\/\"},{\"@type\":\"ListItem\",\"position\":2,\"name\":\"Shop\",\"item\":\"https:\\\/\\\/revolutionpadelstore.com\\\/en\\\/shop\\\/\"},{\"@type\":\"ListItem\",\"position\":3,\"name\":\"ADIDAS ADIPOWER MULTIWEIGHT CTRL 3.4 2025\"}]},{\"@type\":\"WebSite\",\"@id\":\"https:\\\/\\\/revolutionpadelstore.com\\\/en\\\/#website\",\"url\":\"https:\\\/\\\/revolutionpadelstore.com\\\/en\\\/\",\"name\":\"Revolution Padel Store\",\"description\":\"\",\"publisher\":{\"@id\":\"https:\\\/\\\/revolutionpadelstore.com\\\/en\\\/#organization\"},\"potentialAction\":[{\"@type\":\"SearchAction\",\"target\":{\"@type\":\"EntryPoint\",\"urlTemplate\":\"https:\\\/\\\/revolutionpadelstore.com\\\/en\\\/?s={search_term_string}\"},\"query-input\":{\"@type\":\"PropertyValueSpecification\",\"valueRequired\":true,\"valueName\":\"search_term_string\"}}],\"inLanguage\":\"en-US\"},{\"@type\":\"Organization\",\"@id\":\"https:\\\/\\\/revolutionpadelstore.com\\\/en\\\/#organization\",\"name\":\"Revolution Padel Store\",\"url\":\"https:\\\/\\\/revolutionpadelstore.com\\\/en\\\/\",\"logo\":{\"@type\":\"ImageObject\",\"inLanguage\":\"en-US\",\"@id\":\"https:\\\/\\\/revolutionpadelstore.com\\\/en\\\/#\\\/schema\\\/logo\\\/image\\\/\",\"url\":\"https:\\\/\\\/revolutionpadelstore.com\\\/wp-content\\\/uploads\\\/2026\\\/02\\\/revolution-padel-store.jpg\",\"contentUrl\":\"https:\\\/\\\/revolutionpadelstore.com\\\/wp-content\\\/uploads\\\/2026\\\/02\\\/revolution-padel-store.jpg\",\"width\":2000,\"height\":2000,\"caption\":\"Revolution Padel Store\"},\"image\":{\"@id\":\"https:\\\/\\\/revolutionpadelstore.com\\\/en\\\/#\\\/schema\\\/logo\\\/image\\\/\"},\"sameAs\":[\"https:\\\/\\\/www.instagram.com\\\/revolutionpadelstore\\\/\"]}]}<\/script>\n<!-- \/ Yoast SEO plugin. -->","yoast_head_json":{"title":"ADIDAS ADIPOWER MULTIWEIGHT CTRL 3.4 2025 - Revolution Padel Store","description":"La Adidas Adipower Multiweight Ctrl 3.4 2025 es la pala elegida por el jugador profesional \u00c1lex Ruiz, dise\u00f1ada con tecnolog\u00edas avanzadas para ofrecer un rendimiento y personalizaci\u00f3n excepcionales. Gracias al sistema Weight & Balance System, puedes ajustar el peso y balance de la pala para adaptarla a las necesidades de cada partido. Su composici\u00f3n en carbono 18K y dise\u00f1o equilibrado la convierten en una herramienta ideal para quienes buscan precisi\u00f3n, potencia y control en cada golpe.","robots":{"index":"index","follow":"follow","max-snippet":"max-snippet:-1","max-image-preview":"max-image-preview:large","max-video-preview":"max-video-preview:-1"},"canonical":"https:\/\/revolutionpadelstore.com\/en\/adidas-adipower-multiweight-ctrl-3-4-2025\/","og_locale":"en_US","og_type":"article","og_title":"ADIDAS ADIPOWER MULTIWEIGHT CTRL 3.4 2025 - Revolution Padel Store","og_description":"La Adidas Adipower Multiweight Ctrl 3.4 2025 es la pala elegida por el jugador profesional \u00c1lex Ruiz, dise\u00f1ada con tecnolog\u00edas avanzadas para ofrecer un rendimiento y personalizaci\u00f3n excepcionales. Gracias al sistema Weight & Balance System, puedes ajustar el peso y balance de la pala para adaptarla a las necesidades de cada partido. Su composici\u00f3n en carbono 18K y dise\u00f1o equilibrado la convierten en una herramienta ideal para quienes buscan precisi\u00f3n, potencia y control en cada golpe.","og_url":"https:\/\/revolutionpadelstore.com\/en\/adidas-adipower-multiweight-ctrl-3-4-2025\/","og_site_name":"Revolution Padel Store","article_modified_time":"2026-04-08T07:48:35+00:00","og_image":[{"width":1500,"height":1500,"url":"https:\/\/revolutionpadelstore.com\/wp-content\/uploads\/2024\/12\/113676-pala-adidas-adipower-multiweight-ctrl-3-4-ar1ca2u311500x1500-1.webp","type":"image\/webp"}],"twitter_card":"summary_large_image","twitter_misc":{"Est. reading time":"1 minute"},"schema":{"@context":"https:\/\/schema.org","@graph":[{"@type":"WebPage","@id":"https:\/\/revolutionpadelstore.com\/en\/adidas-adipower-multiweight-ctrl-3-4-2025\/","url":"https:\/\/revolutionpadelstore.com\/en\/adidas-adipower-multiweight-ctrl-3-4-2025\/","name":"ADIDAS ADIPOWER MULTIWEIGHT CTRL 3.4 2025 - Revolution Padel Store","isPartOf":{"@id":"https:\/\/revolutionpadelstore.com\/en\/#website"},"primaryImageOfPage":{"@id":"https:\/\/revolutionpadelstore.com\/en\/adidas-adipower-multiweight-ctrl-3-4-2025\/#primaryimage"},"image":{"@id":"https:\/\/revolutionpadelstore.com\/en\/adidas-adipower-multiweight-ctrl-3-4-2025\/#primaryimage"},"thumbnailUrl":"https:\/\/revolutionpadelstore.com\/wp-content\/uploads\/2024\/12\/113676-pala-adidas-adipower-multiweight-ctrl-3-4-ar1ca2u311500x1500-1.webp","datePublished":"2024-12-04T07:10:03+00:00","dateModified":"2026-04-08T07:48:35+00:00","description":"La Adidas Adipower Multiweight Ctrl 3.4 2025 es la pala elegida por el jugador profesional \u00c1lex Ruiz, dise\u00f1ada con tecnolog\u00edas avanzadas para ofrecer un rendimiento y personalizaci\u00f3n excepcionales. Gracias al sistema Weight & Balance System, puedes ajustar el peso y balance de la pala para adaptarla a las necesidades de cada partido. Su composici\u00f3n en carbono 18K y dise\u00f1o equilibrado la convierten en una herramienta ideal para quienes buscan precisi\u00f3n, potencia y control en cada golpe.","breadcrumb":{"@id":"https:\/\/revolutionpadelstore.com\/en\/adidas-adipower-multiweight-ctrl-3-4-2025\/#breadcrumb"},"inLanguage":"en-US","potentialAction":[{"@type":"ReadAction","target":["https:\/\/revolutionpadelstore.com\/en\/adidas-adipower-multiweight-ctrl-3-4-2025\/"]}]},{"@type":"ImageObject","inLanguage":"en-US","@id":"https:\/\/revolutionpadelstore.com\/en\/adidas-adipower-multiweight-ctrl-3-4-2025\/#primaryimage","url":"https:\/\/revolutionpadelstore.com\/wp-content\/uploads\/2024\/12\/113676-pala-adidas-adipower-multiweight-ctrl-3-4-ar1ca2u311500x1500-1.webp","contentUrl":"https:\/\/revolutionpadelstore.com\/wp-content\/uploads\/2024\/12\/113676-pala-adidas-adipower-multiweight-ctrl-3-4-ar1ca2u311500x1500-1.webp","width":1500,"height":1500},{"@type":"BreadcrumbList","@id":"https:\/\/revolutionpadelstore.com\/en\/adidas-adipower-multiweight-ctrl-3-4-2025\/#breadcrumb","itemListElement":[{"@type":"ListItem","position":1,"name":"Portada","item":"https:\/\/revolutionpadelstore.com\/en\/"},{"@type":"ListItem","position":2,"name":"Shop","item":"https:\/\/revolutionpadelstore.com\/en\/shop\/"},{"@type":"ListItem","position":3,"name":"ADIDAS ADIPOWER MULTIWEIGHT CTRL 3.4 2025"}]},{"@type":"WebSite","@id":"https:\/\/revolutionpadelstore.com\/en\/#website","url":"https:\/\/revolutionpadelstore.com\/en\/","name":"Revolution Padel Store","description":"","publisher":{"@id":"https:\/\/revolutionpadelstore.com\/en\/#organization"},"potentialAction":[{"@type":"SearchAction","target":{"@type":"EntryPoint","urlTemplate":"https:\/\/revolutionpadelstore.com\/en\/?s={search_term_string}"},"query-input":{"@type":"PropertyValueSpecification","valueRequired":true,"valueName":"search_term_string"}}],"inLanguage":"en-US"},{"@type":"Organization","@id":"https:\/\/revolutionpadelstore.com\/en\/#organization","name":"Revolution Padel Store","url":"https:\/\/revolutionpadelstore.com\/en\/","logo":{"@type":"ImageObject","inLanguage":"en-US","@id":"https:\/\/revolutionpadelstore.com\/en\/#\/schema\/logo\/image\/","url":"https:\/\/revolutionpadelstore.com\/wp-content\/uploads\/2026\/02\/revolution-padel-store.jpg","contentUrl":"https:\/\/revolutionpadelstore.com\/wp-content\/uploads\/2026\/02\/revolution-padel-store.jpg","width":2000,"height":2000,"caption":"Revolution Padel Store"},"image":{"@id":"https:\/\/revolutionpadelstore.com\/en\/#\/schema\/logo\/image\/"},"sameAs":["https:\/\/www.instagram.com\/revolutionpadelstore\/"]}]}},"_links":{"self":[{"href":"https:\/\/revolutionpadelstore.com\/en\/wp-json\/wp\/v2\/product\/142515","targetHints":{"allow":["GET"]}}],"collection":[{"href":"https:\/\/revolutionpadelstore.com\/en\/wp-json\/wp\/v2\/product"}],"about":[{"href":"https:\/\/revolutionpadelstore.com\/en\/wp-json\/wp\/v2\/types\/product"}],"replies":[{"embeddable":true,"href":"https:\/\/revolutionpadelstore.com\/en\/wp-json\/wp\/v2\/comments?post=142515"}],"wp:featuredmedia":[{"embeddable":true,"href":"https:\/\/revolutionpadelstore.com\/en\/wp-json\/wp\/v2\/media\/135506"}],"wp:attachment":[{"href":"https:\/\/revolutionpadelstore.com\/en\/wp-json\/wp\/v2\/media?parent=142515"}],"wp:term":[{"taxonomy":"acabado","embeddable":true,"href":"https:\/\/revolutionpadelstore.com\/en\/wp-json\/wp\/v2\/acabado?post=142515"},{"taxonomy":"balance","embeddable":true,"href":"https:\/\/revolutionpadelstore.com\/en\/wp-json\/wp\/v2\/balance?post=142515"},{"taxonomy":"dureza","embeddable":true,"href":"https:\/\/revolutionpadelstore.com\/en\/wp-json\/wp\/v2\/dureza?post=142515"},{"taxonomy":"forma","embeddable":true,"href":"https:\/\/revolutionpadelstore.com\/en\/wp-json\/wp\/v2\/forma?post=142515"},{"taxonomy":"jugador","embeddable":true,"href":"https:\/\/revolutionpadelstore.com\/en\/wp-json\/wp\/v2\/jugador?post=142515"},{"taxonomy":"marca","embeddable":true,"href":"https:\/\/revolutionpadelstore.com\/en\/wp-json\/wp\/v2\/marca?post=142515"},{"taxonomy":"nivel-de-juego","embeddable":true,"href":"https:\/\/revolutionpadelstore.com\/en\/wp-json\/wp\/v2\/nivel-de-juego?post=142515"},{"taxonomy":"superficie","embeddable":true,"href":"https:\/\/revolutionpadelstore.com\/en\/wp-json\/wp\/v2\/superficie?post=142515"},{"taxonomy":"tipo-de-juego","embeddable":true,"href":"https:\/\/revolutionpadelstore.com\/en\/wp-json\/wp\/v2\/tipo-de-juego?post=142515"},{"taxonomy":"product_brand","embeddable":true,"href":"https:\/\/revolutionpadelstore.com\/en\/wp-json\/wp\/v2\/product_brand?post=142515"},{"taxonomy":"product_cat","embeddable":true,"href":"https:\/\/revolutionpadelstore.com\/en\/wp-json\/wp\/v2\/product_cat?post=142515"},{"taxonomy":"product_tag","embeddable":true,"href":"https:\/\/revolutionpadelstore.com\/en\/wp-json\/wp\/v2\/product_tag?post=142515"}],"curies":[{"name":"wp","href":"https:\/\/api.w.org\/{rel}","templated":true}]}}