{"id":142454,"date":"2024-12-05T12:12:25","date_gmt":"2024-12-05T11:12:25","guid":{"rendered":"https:\/\/revolutionpadelstore.com\/?post_type=product&#038;p=142454"},"modified":"2026-04-27T14:00:36","modified_gmt":"2026-04-27T12:00:36","slug":"siux-pegasus-revolution-2-pro-2","status":"publish","type":"product","link":"https:\/\/revolutionpadelstore.com\/en\/siux-pegasus-revolution-2-pro-2\/","title":{"rendered":"SIUX PEGASUS REVOLUTION 2 PRO"},"content":{"rendered":"<p><H2> <strong> siux pegasus revolution 2: a high performance hybrid shovel <\/strong> <\/ h2><br \/>\nThe <strong> siux pegasus revolution 2 <\/strong> is an innovative and designed pattern of pattern specifically for advanced players and professionals who seek to maximize their performance on the track. Its design stands out for combining elegance with a higher power.<\/p>\n<p>This hybrid shovel has a <strong> medium balance <\/strong>, which gives it great versatility in the game. With a weight of between 355 and 375 grams, it offers an excellent combination of precision and power in each blow, adapting perfectly to the needs of the most demanding players.<br \/>\n<H2> <strong> average hard touch for balanced control and power <\/strong> <\/ h2><br \/>\nThe nucleus of <strong> high quality Eva rubber <\/strong> guarantees an ideal mixture of elasticity and firmness, providing the perfect balance between control and power. Faces manufactured with <strong> 24k x-carbon <\/strong> offer a half-tough touch that optimizes performance in each blow. Your <strong> 12k <\/strong> tubular adds resistance and durability, ensuring a high level of performance for a long period of time.<br \/>\n<H2> <strong> advanced technology for better performance <\/strong> <\/ h2><br \/>\nMade with top quality materials, the shovel looks a bright black finish with violet details in the frame and heart, giving it a modern and sophisticated touch. In addition, the <strong> dual pr grip <\/strong> ensures a firm and comfortable grip even in the most intense moments of the party. On the other hand, the <strong> shockout dampeners <\/strong> incorporated help minimize vibrations, increasing comfort and control.<br \/>\n<H2> <strong> a shovel for the most demanding players <\/strong> <\/ h2><br \/>\nIn short, the <strong> siux pegasus revolution 2 <\/strong> is a shovel designed for those who seek excellence on the track. Its balance between control and power, together with its construction in premium materials and its attractive design, make it an outstanding option for players who aspire to higher performance in each game.<\/p>\n<h2><strong>Siux Pegasus Revolution 2: una pala h\u00edbrida de alto rendimiento<\/strong><\/p>\n","protected":false},"excerpt":{"rendered":"<p>Siux pegasus revolution 2, premium quality paddle shovel of the Pro Series range. Hybrid shovel for advanced or professional medium-tact players with 24K X-Carbon carbon.<\/p>\n","protected":false},"featured_media":154968,"comment_status":"open","ping_status":"closed","template":"","meta":{"_acf_changed":false,"_joinchat":[]},"acabado":[1083],"balance":[1143],"dureza":[1163],"forma":[1178],"jugador":[1193,1203],"marca":[1308],"nivel-de-juego":[1338],"superficie":[1358],"tipo-de-juego":[1388],"product_brand":[],"product_cat":[303],"product_tag":[],"class_list":{"0":"post-142454","1":"product","2":"type-product","3":"status-publish","4":"has-post-thumbnail","6":"acabado-brightness","7":"balance-medium","8":"dureza-dura-en","9":"forma-hibrida-en","10":"jugador-hombre-en","11":"jugador-multipurpose","12":"marca-siux-en","13":"superficie-lisa-en","14":"tipo-de-juego-multipurpose","15":"product_cat-palas","17":"first","18":"instock","19":"sale","20":"taxable","21":"shipping-taxable","22":"purchasable","23":"product-type-simple"},"acf":[],"yoast_head":"<!-- This site is optimized with the Yoast SEO plugin v27.5 - https:\/\/yoast.com\/product\/yoast-seo-wordpress\/ -->\n<title>SIUX PEGASUS REVOLUTION 2 PRO - Revolution Padel Store<\/title>\n<meta name=\"description\" content=\"La Siux Pegasus Revolution 2 es una pala de p\u00e1del innovadora y dise\u00f1ada espec\u00edficamente para jugadores avanzados y profesionales que buscan maximizar su desempe\u00f1o en la pista. Su dise\u00f1o destaca por combinar elegancia con una potencia superior.\" \/>\n<meta name=\"robots\" content=\"index, follow, max-snippet:-1, max-image-preview:large, max-video-preview:-1\" \/>\n<link rel=\"canonical\" href=\"https:\/\/revolutionpadelstore.com\/en\/siux-pegasus-revolution-2-pro-2\/\" \/>\n<meta property=\"og:locale\" content=\"en_US\" \/>\n<meta property=\"og:type\" content=\"article\" \/>\n<meta property=\"og:title\" content=\"SIUX PEGASUS REVOLUTION 2 PRO - Revolution Padel Store\" \/>\n<meta property=\"og:description\" content=\"La Siux Pegasus Revolution 2 es una pala de p\u00e1del innovadora y dise\u00f1ada espec\u00edficamente para jugadores avanzados y profesionales que buscan maximizar su desempe\u00f1o en la pista. Su dise\u00f1o destaca por combinar elegancia con una potencia superior.\" \/>\n<meta property=\"og:url\" content=\"https:\/\/revolutionpadelstore.com\/en\/siux-pegasus-revolution-2-pro-2\/\" \/>\n<meta property=\"og:site_name\" content=\"Revolution Padel Store\" \/>\n<meta property=\"article:modified_time\" content=\"2026-04-27T12:00:36+00:00\" \/>\n<meta property=\"og:image\" content=\"https:\/\/revolutionpadelstore.com\/wp-content\/uploads\/2024\/12\/109481_siux_pegasus_revolution_2_1500x1500_vista1_c90d.webp\" \/>\n\t<meta property=\"og:image:width\" content=\"1500\" \/>\n\t<meta property=\"og:image:height\" content=\"1500\" \/>\n\t<meta property=\"og:image:type\" content=\"image\/webp\" \/>\n<meta name=\"twitter:card\" content=\"summary_large_image\" \/>\n<meta name=\"twitter:label1\" content=\"Est. reading time\" \/>\n\t<meta name=\"twitter:data1\" content=\"1 minute\" \/>\n<script type=\"application\/ld+json\" class=\"yoast-schema-graph\">{\"@context\":\"https:\\\/\\\/schema.org\",\"@graph\":[{\"@type\":\"WebPage\",\"@id\":\"https:\\\/\\\/revolutionpadelstore.com\\\/en\\\/siux-pegasus-revolution-2-pro-2\\\/\",\"url\":\"https:\\\/\\\/revolutionpadelstore.com\\\/en\\\/siux-pegasus-revolution-2-pro-2\\\/\",\"name\":\"SIUX PEGASUS REVOLUTION 2 PRO - Revolution Padel Store\",\"isPartOf\":{\"@id\":\"https:\\\/\\\/revolutionpadelstore.com\\\/en\\\/#website\"},\"primaryImageOfPage\":{\"@id\":\"https:\\\/\\\/revolutionpadelstore.com\\\/en\\\/siux-pegasus-revolution-2-pro-2\\\/#primaryimage\"},\"image\":{\"@id\":\"https:\\\/\\\/revolutionpadelstore.com\\\/en\\\/siux-pegasus-revolution-2-pro-2\\\/#primaryimage\"},\"thumbnailUrl\":\"https:\\\/\\\/revolutionpadelstore.com\\\/wp-content\\\/uploads\\\/2024\\\/12\\\/109481_siux_pegasus_revolution_2_1500x1500_vista1_c90d.webp\",\"datePublished\":\"2024-12-05T11:12:25+00:00\",\"dateModified\":\"2026-04-27T12:00:36+00:00\",\"description\":\"La Siux Pegasus Revolution 2 es una pala de p\u00e1del innovadora y dise\u00f1ada espec\u00edficamente para jugadores avanzados y profesionales que buscan maximizar su desempe\u00f1o en la pista. Su dise\u00f1o destaca por combinar elegancia con una potencia superior.\",\"breadcrumb\":{\"@id\":\"https:\\\/\\\/revolutionpadelstore.com\\\/en\\\/siux-pegasus-revolution-2-pro-2\\\/#breadcrumb\"},\"inLanguage\":\"en-US\",\"potentialAction\":[{\"@type\":\"ReadAction\",\"target\":[\"https:\\\/\\\/revolutionpadelstore.com\\\/en\\\/siux-pegasus-revolution-2-pro-2\\\/\"]}]},{\"@type\":\"ImageObject\",\"inLanguage\":\"en-US\",\"@id\":\"https:\\\/\\\/revolutionpadelstore.com\\\/en\\\/siux-pegasus-revolution-2-pro-2\\\/#primaryimage\",\"url\":\"https:\\\/\\\/revolutionpadelstore.com\\\/wp-content\\\/uploads\\\/2024\\\/12\\\/109481_siux_pegasus_revolution_2_1500x1500_vista1_c90d.webp\",\"contentUrl\":\"https:\\\/\\\/revolutionpadelstore.com\\\/wp-content\\\/uploads\\\/2024\\\/12\\\/109481_siux_pegasus_revolution_2_1500x1500_vista1_c90d.webp\",\"width\":1500,\"height\":1500},{\"@type\":\"BreadcrumbList\",\"@id\":\"https:\\\/\\\/revolutionpadelstore.com\\\/en\\\/siux-pegasus-revolution-2-pro-2\\\/#breadcrumb\",\"itemListElement\":[{\"@type\":\"ListItem\",\"position\":1,\"name\":\"Portada\",\"item\":\"https:\\\/\\\/revolutionpadelstore.com\\\/en\\\/\"},{\"@type\":\"ListItem\",\"position\":2,\"name\":\"Shop\",\"item\":\"https:\\\/\\\/revolutionpadelstore.com\\\/en\\\/shop\\\/\"},{\"@type\":\"ListItem\",\"position\":3,\"name\":\"SIUX PEGASUS REVOLUTION 2 PRO\"}]},{\"@type\":\"WebSite\",\"@id\":\"https:\\\/\\\/revolutionpadelstore.com\\\/en\\\/#website\",\"url\":\"https:\\\/\\\/revolutionpadelstore.com\\\/en\\\/\",\"name\":\"Revolution Padel Store\",\"description\":\"\",\"publisher\":{\"@id\":\"https:\\\/\\\/revolutionpadelstore.com\\\/en\\\/#organization\"},\"potentialAction\":[{\"@type\":\"SearchAction\",\"target\":{\"@type\":\"EntryPoint\",\"urlTemplate\":\"https:\\\/\\\/revolutionpadelstore.com\\\/en\\\/?s={search_term_string}\"},\"query-input\":{\"@type\":\"PropertyValueSpecification\",\"valueRequired\":true,\"valueName\":\"search_term_string\"}}],\"inLanguage\":\"en-US\"},{\"@type\":\"Organization\",\"@id\":\"https:\\\/\\\/revolutionpadelstore.com\\\/en\\\/#organization\",\"name\":\"Revolution Padel Store\",\"url\":\"https:\\\/\\\/revolutionpadelstore.com\\\/en\\\/\",\"logo\":{\"@type\":\"ImageObject\",\"inLanguage\":\"en-US\",\"@id\":\"https:\\\/\\\/revolutionpadelstore.com\\\/en\\\/#\\\/schema\\\/logo\\\/image\\\/\",\"url\":\"https:\\\/\\\/revolutionpadelstore.com\\\/wp-content\\\/uploads\\\/2026\\\/02\\\/revolution-padel-store.jpg\",\"contentUrl\":\"https:\\\/\\\/revolutionpadelstore.com\\\/wp-content\\\/uploads\\\/2026\\\/02\\\/revolution-padel-store.jpg\",\"width\":2000,\"height\":2000,\"caption\":\"Revolution Padel Store\"},\"image\":{\"@id\":\"https:\\\/\\\/revolutionpadelstore.com\\\/en\\\/#\\\/schema\\\/logo\\\/image\\\/\"},\"sameAs\":[\"https:\\\/\\\/www.instagram.com\\\/revolutionpadelstore\\\/\"]}]}<\/script>\n<!-- \/ Yoast SEO plugin. -->","yoast_head_json":{"title":"SIUX PEGASUS REVOLUTION 2 PRO - Revolution Padel Store","description":"La Siux Pegasus Revolution 2 es una pala de p\u00e1del innovadora y dise\u00f1ada espec\u00edficamente para jugadores avanzados y profesionales que buscan maximizar su desempe\u00f1o en la pista. Su dise\u00f1o destaca por combinar elegancia con una potencia superior.","robots":{"index":"index","follow":"follow","max-snippet":"max-snippet:-1","max-image-preview":"max-image-preview:large","max-video-preview":"max-video-preview:-1"},"canonical":"https:\/\/revolutionpadelstore.com\/en\/siux-pegasus-revolution-2-pro-2\/","og_locale":"en_US","og_type":"article","og_title":"SIUX PEGASUS REVOLUTION 2 PRO - Revolution Padel Store","og_description":"La Siux Pegasus Revolution 2 es una pala de p\u00e1del innovadora y dise\u00f1ada espec\u00edficamente para jugadores avanzados y profesionales que buscan maximizar su desempe\u00f1o en la pista. Su dise\u00f1o destaca por combinar elegancia con una potencia superior.","og_url":"https:\/\/revolutionpadelstore.com\/en\/siux-pegasus-revolution-2-pro-2\/","og_site_name":"Revolution Padel Store","article_modified_time":"2026-04-27T12:00:36+00:00","og_image":[{"width":1500,"height":1500,"url":"https:\/\/revolutionpadelstore.com\/wp-content\/uploads\/2024\/12\/109481_siux_pegasus_revolution_2_1500x1500_vista1_c90d.webp","type":"image\/webp"}],"twitter_card":"summary_large_image","twitter_misc":{"Est. reading time":"1 minute"},"schema":{"@context":"https:\/\/schema.org","@graph":[{"@type":"WebPage","@id":"https:\/\/revolutionpadelstore.com\/en\/siux-pegasus-revolution-2-pro-2\/","url":"https:\/\/revolutionpadelstore.com\/en\/siux-pegasus-revolution-2-pro-2\/","name":"SIUX PEGASUS REVOLUTION 2 PRO - Revolution Padel Store","isPartOf":{"@id":"https:\/\/revolutionpadelstore.com\/en\/#website"},"primaryImageOfPage":{"@id":"https:\/\/revolutionpadelstore.com\/en\/siux-pegasus-revolution-2-pro-2\/#primaryimage"},"image":{"@id":"https:\/\/revolutionpadelstore.com\/en\/siux-pegasus-revolution-2-pro-2\/#primaryimage"},"thumbnailUrl":"https:\/\/revolutionpadelstore.com\/wp-content\/uploads\/2024\/12\/109481_siux_pegasus_revolution_2_1500x1500_vista1_c90d.webp","datePublished":"2024-12-05T11:12:25+00:00","dateModified":"2026-04-27T12:00:36+00:00","description":"La Siux Pegasus Revolution 2 es una pala de p\u00e1del innovadora y dise\u00f1ada espec\u00edficamente para jugadores avanzados y profesionales que buscan maximizar su desempe\u00f1o en la pista. Su dise\u00f1o destaca por combinar elegancia con una potencia superior.","breadcrumb":{"@id":"https:\/\/revolutionpadelstore.com\/en\/siux-pegasus-revolution-2-pro-2\/#breadcrumb"},"inLanguage":"en-US","potentialAction":[{"@type":"ReadAction","target":["https:\/\/revolutionpadelstore.com\/en\/siux-pegasus-revolution-2-pro-2\/"]}]},{"@type":"ImageObject","inLanguage":"en-US","@id":"https:\/\/revolutionpadelstore.com\/en\/siux-pegasus-revolution-2-pro-2\/#primaryimage","url":"https:\/\/revolutionpadelstore.com\/wp-content\/uploads\/2024\/12\/109481_siux_pegasus_revolution_2_1500x1500_vista1_c90d.webp","contentUrl":"https:\/\/revolutionpadelstore.com\/wp-content\/uploads\/2024\/12\/109481_siux_pegasus_revolution_2_1500x1500_vista1_c90d.webp","width":1500,"height":1500},{"@type":"BreadcrumbList","@id":"https:\/\/revolutionpadelstore.com\/en\/siux-pegasus-revolution-2-pro-2\/#breadcrumb","itemListElement":[{"@type":"ListItem","position":1,"name":"Portada","item":"https:\/\/revolutionpadelstore.com\/en\/"},{"@type":"ListItem","position":2,"name":"Shop","item":"https:\/\/revolutionpadelstore.com\/en\/shop\/"},{"@type":"ListItem","position":3,"name":"SIUX PEGASUS REVOLUTION 2 PRO"}]},{"@type":"WebSite","@id":"https:\/\/revolutionpadelstore.com\/en\/#website","url":"https:\/\/revolutionpadelstore.com\/en\/","name":"Revolution Padel Store","description":"","publisher":{"@id":"https:\/\/revolutionpadelstore.com\/en\/#organization"},"potentialAction":[{"@type":"SearchAction","target":{"@type":"EntryPoint","urlTemplate":"https:\/\/revolutionpadelstore.com\/en\/?s={search_term_string}"},"query-input":{"@type":"PropertyValueSpecification","valueRequired":true,"valueName":"search_term_string"}}],"inLanguage":"en-US"},{"@type":"Organization","@id":"https:\/\/revolutionpadelstore.com\/en\/#organization","name":"Revolution Padel Store","url":"https:\/\/revolutionpadelstore.com\/en\/","logo":{"@type":"ImageObject","inLanguage":"en-US","@id":"https:\/\/revolutionpadelstore.com\/en\/#\/schema\/logo\/image\/","url":"https:\/\/revolutionpadelstore.com\/wp-content\/uploads\/2026\/02\/revolution-padel-store.jpg","contentUrl":"https:\/\/revolutionpadelstore.com\/wp-content\/uploads\/2026\/02\/revolution-padel-store.jpg","width":2000,"height":2000,"caption":"Revolution Padel Store"},"image":{"@id":"https:\/\/revolutionpadelstore.com\/en\/#\/schema\/logo\/image\/"},"sameAs":["https:\/\/www.instagram.com\/revolutionpadelstore\/"]}]}},"_links":{"self":[{"href":"https:\/\/revolutionpadelstore.com\/en\/wp-json\/wp\/v2\/product\/142454","targetHints":{"allow":["GET"]}}],"collection":[{"href":"https:\/\/revolutionpadelstore.com\/en\/wp-json\/wp\/v2\/product"}],"about":[{"href":"https:\/\/revolutionpadelstore.com\/en\/wp-json\/wp\/v2\/types\/product"}],"replies":[{"embeddable":true,"href":"https:\/\/revolutionpadelstore.com\/en\/wp-json\/wp\/v2\/comments?post=142454"}],"wp:featuredmedia":[{"embeddable":true,"href":"https:\/\/revolutionpadelstore.com\/en\/wp-json\/wp\/v2\/media\/154968"}],"wp:attachment":[{"href":"https:\/\/revolutionpadelstore.com\/en\/wp-json\/wp\/v2\/media?parent=142454"}],"wp:term":[{"taxonomy":"acabado","embeddable":true,"href":"https:\/\/revolutionpadelstore.com\/en\/wp-json\/wp\/v2\/acabado?post=142454"},{"taxonomy":"balance","embeddable":true,"href":"https:\/\/revolutionpadelstore.com\/en\/wp-json\/wp\/v2\/balance?post=142454"},{"taxonomy":"dureza","embeddable":true,"href":"https:\/\/revolutionpadelstore.com\/en\/wp-json\/wp\/v2\/dureza?post=142454"},{"taxonomy":"forma","embeddable":true,"href":"https:\/\/revolutionpadelstore.com\/en\/wp-json\/wp\/v2\/forma?post=142454"},{"taxonomy":"jugador","embeddable":true,"href":"https:\/\/revolutionpadelstore.com\/en\/wp-json\/wp\/v2\/jugador?post=142454"},{"taxonomy":"marca","embeddable":true,"href":"https:\/\/revolutionpadelstore.com\/en\/wp-json\/wp\/v2\/marca?post=142454"},{"taxonomy":"nivel-de-juego","embeddable":true,"href":"https:\/\/revolutionpadelstore.com\/en\/wp-json\/wp\/v2\/nivel-de-juego?post=142454"},{"taxonomy":"superficie","embeddable":true,"href":"https:\/\/revolutionpadelstore.com\/en\/wp-json\/wp\/v2\/superficie?post=142454"},{"taxonomy":"tipo-de-juego","embeddable":true,"href":"https:\/\/revolutionpadelstore.com\/en\/wp-json\/wp\/v2\/tipo-de-juego?post=142454"},{"taxonomy":"product_brand","embeddable":true,"href":"https:\/\/revolutionpadelstore.com\/en\/wp-json\/wp\/v2\/product_brand?post=142454"},{"taxonomy":"product_cat","embeddable":true,"href":"https:\/\/revolutionpadelstore.com\/en\/wp-json\/wp\/v2\/product_cat?post=142454"},{"taxonomy":"product_tag","embeddable":true,"href":"https:\/\/revolutionpadelstore.com\/en\/wp-json\/wp\/v2\/product_tag?post=142454"}],"curies":[{"name":"wp","href":"https:\/\/api.w.org\/{rel}","templated":true}]}}