{"id":142289,"date":"2024-12-04T23:01:58","date_gmt":"2024-12-04T22:01:58","guid":{"rendered":"https:\/\/revolutionpadelstore.com\/joma-spin-men-2402-blanco-amarillo\/"},"modified":"2026-04-08T09:45:17","modified_gmt":"2026-04-08T07:45:17","slug":"joma-spin-men-2402-blanco-amarillo-2","status":"publish","type":"product","link":"https:\/\/revolutionpadelstore.com\/en\/joma-spin-men-2402-blanco-amarillo-2\/","title":{"rendered":"JOMA SPIN MEN 2402 BLANCO AMARILLO"},"content":{"rendered":"<p>Explore the <strong> Joma Spin Men 2402 White Yellow 2024 <\/strong>, meticulously designed with the collaboration of professional paddle players to offer you a professional level shoes. Perfect for media and competition training, these shoes are the ideal choice for medium-high weight players looking for an unprecedented combination of performance and comfort.<\/p>\n<p>With a wide last, the shoes offer an exceptional adjustment, while the upper part, a mixture of light and breathable materials with VTS technology, guarantees freshness and comfort throughout the game. The innovative Flexshield technology and the Full Dual Dual Pulsor damping system are joined to provide stability, protection and a dynamic response at each step.<br \/>\n<H3 CLASS=\"ZONADEPADEL\"> Characteristics of the Joma Spin Men 2402 White Yellow Shoes <\/ h3><\/p>\n<ul>\n<li> VTS technology for optimal breathability, keeping your foot fresh and dry. <\/li>\n<li> Flexshield protection for a perfect combination of lightness, adjustment and stability. <\/li>\n<li> Dual dual pulse damping, with dense phylon for stability and reactive ball for an agile response. <\/li>\n<li> Exo Counter for superior protection against external impacts. <\/li>\n<li> Rubber dadability sole, designed to resist abrasion and guarantee durability. <\/li>\n<li> It belongs to the Padel Footwear Collection Joma 2024. <\/li>\n<\/ul>\n<h3> <span class=\"zonadepadel\"> Who is it directed?<br \/>\nThe Joma Spin Men 2402 shoes are aimed at medium to high paddle players, especially those of medium-high weight who value both comfort and performance. With a wide last, they are perfect for those who seek a higher adjustment and support for intense game sessions.<\/p>\n<h3> <span class=\"zonadepadel\"> Why will you like?<br \/>\nYou will love these shoes for their innovative design that does not compromise comfort for performance. The combination of technologies such as VTS and Full Dual Pulsor will provide you with an unparalleled game experience, allowing you to move with freedom and security on the track.<strong>zapatillas Joma Spin Men 2402 white yellow 2024<\/strong><\/p>\n","protected":false},"excerpt":{"rendered":"<p>Raise your game with the Joma Spin Men 2402 shoes in white and yellow. Innovative design, comfort and durability for paddle<\/p>\n","protected":false},"featured_media":142241,"comment_status":"open","ping_status":"closed","template":"","meta":{"_acf_changed":false,"_joinchat":[]},"acabado":[],"balance":[],"dureza":[],"forma":[],"jugador":[1193],"marca":[1228],"nivel-de-juego":[],"superficie":[],"tipo-de-juego":[],"product_brand":[],"product_cat":[829],"product_tag":[],"class_list":{"0":"post-142289","1":"product","2":"type-product","3":"status-publish","4":"has-post-thumbnail","6":"jugador-hombre-en","7":"marca-joma-en","8":"product_cat-sneakers","10":"first","11":"outofstock","12":"sale","13":"taxable","14":"shipping-taxable","15":"purchasable","16":"product-type-variable"},"acf":[],"yoast_head":"<!-- This site is optimized with the Yoast SEO plugin v27.4 - https:\/\/yoast.com\/product\/yoast-seo-wordpress\/ -->\n<title>JOMA SPIN MEN 2402 BLANCO AMARILLO - Revolution Padel Store<\/title>\n<meta name=\"description\" content=\"Explora las\u00a0zapatillas Joma Spin Men 2402 white yellow 2024, dise\u00f1adas meticulosamente con la colaboraci\u00f3n de jugadores profesionales de p\u00e1del para ofrecerte un calzado de nivel profesional. Perfectas para entrenamientos medios y competiciones, estas zapatillas son la elecci\u00f3n ideal para jugadores de peso medio-alto que buscan una combinaci\u00f3n sin precedentes de rendimiento y comodidad.\" \/>\n<meta name=\"robots\" content=\"index, follow, max-snippet:-1, max-image-preview:large, max-video-preview:-1\" \/>\n<link rel=\"canonical\" href=\"https:\/\/revolutionpadelstore.com\/en\/joma-spin-men-2402-blanco-amarillo-2\/\" \/>\n<meta property=\"og:locale\" content=\"en_US\" \/>\n<meta property=\"og:type\" content=\"article\" \/>\n<meta property=\"og:title\" content=\"JOMA SPIN MEN 2402 BLANCO AMARILLO - Revolution Padel Store\" \/>\n<meta property=\"og:description\" content=\"Explora las\u00a0zapatillas Joma Spin Men 2402 white yellow 2024, dise\u00f1adas meticulosamente con la colaboraci\u00f3n de jugadores profesionales de p\u00e1del para ofrecerte un calzado de nivel profesional. Perfectas para entrenamientos medios y competiciones, estas zapatillas son la elecci\u00f3n ideal para jugadores de peso medio-alto que buscan una combinaci\u00f3n sin precedentes de rendimiento y comodidad.\" \/>\n<meta property=\"og:url\" content=\"https:\/\/revolutionpadelstore.com\/en\/joma-spin-men-2402-blanco-amarillo-2\/\" \/>\n<meta property=\"og:site_name\" content=\"Revolution Padel Store\" \/>\n<meta property=\"article:modified_time\" content=\"2026-04-08T07:45:17+00:00\" \/>\n<meta property=\"og:image\" content=\"https:\/\/revolutionpadelstore.com\/wp-content\/uploads\/2024\/12\/56.png\" \/>\n\t<meta property=\"og:image:width\" content=\"1500\" \/>\n\t<meta property=\"og:image:height\" content=\"1500\" \/>\n\t<meta property=\"og:image:type\" content=\"image\/png\" \/>\n<meta name=\"twitter:card\" content=\"summary_large_image\" \/>\n<meta name=\"twitter:label1\" content=\"Est. reading time\" \/>\n\t<meta name=\"twitter:data1\" content=\"2 minutes\" \/>\n<script type=\"application\/ld+json\" class=\"yoast-schema-graph\">{\"@context\":\"https:\\\/\\\/schema.org\",\"@graph\":[{\"@type\":\"WebPage\",\"@id\":\"https:\\\/\\\/revolutionpadelstore.com\\\/en\\\/joma-spin-men-2402-blanco-amarillo-2\\\/\",\"url\":\"https:\\\/\\\/revolutionpadelstore.com\\\/en\\\/joma-spin-men-2402-blanco-amarillo-2\\\/\",\"name\":\"JOMA SPIN MEN 2402 BLANCO AMARILLO - Revolution Padel Store\",\"isPartOf\":{\"@id\":\"https:\\\/\\\/revolutionpadelstore.com\\\/en\\\/#website\"},\"primaryImageOfPage\":{\"@id\":\"https:\\\/\\\/revolutionpadelstore.com\\\/en\\\/joma-spin-men-2402-blanco-amarillo-2\\\/#primaryimage\"},\"image\":{\"@id\":\"https:\\\/\\\/revolutionpadelstore.com\\\/en\\\/joma-spin-men-2402-blanco-amarillo-2\\\/#primaryimage\"},\"thumbnailUrl\":\"https:\\\/\\\/revolutionpadelstore.com\\\/wp-content\\\/uploads\\\/2024\\\/12\\\/56.png\",\"datePublished\":\"2024-12-04T22:01:58+00:00\",\"dateModified\":\"2026-04-08T07:45:17+00:00\",\"description\":\"Explora las\u00a0zapatillas Joma Spin Men 2402 white yellow 2024, dise\u00f1adas meticulosamente con la colaboraci\u00f3n de jugadores profesionales de p\u00e1del para ofrecerte un calzado de nivel profesional. Perfectas para entrenamientos medios y competiciones, estas zapatillas son la elecci\u00f3n ideal para jugadores de peso medio-alto que buscan una combinaci\u00f3n sin precedentes de rendimiento y comodidad.\",\"breadcrumb\":{\"@id\":\"https:\\\/\\\/revolutionpadelstore.com\\\/en\\\/joma-spin-men-2402-blanco-amarillo-2\\\/#breadcrumb\"},\"inLanguage\":\"en-US\",\"potentialAction\":[{\"@type\":\"ReadAction\",\"target\":[\"https:\\\/\\\/revolutionpadelstore.com\\\/en\\\/joma-spin-men-2402-blanco-amarillo-2\\\/\"]}]},{\"@type\":\"ImageObject\",\"inLanguage\":\"en-US\",\"@id\":\"https:\\\/\\\/revolutionpadelstore.com\\\/en\\\/joma-spin-men-2402-blanco-amarillo-2\\\/#primaryimage\",\"url\":\"https:\\\/\\\/revolutionpadelstore.com\\\/wp-content\\\/uploads\\\/2024\\\/12\\\/56.png\",\"contentUrl\":\"https:\\\/\\\/revolutionpadelstore.com\\\/wp-content\\\/uploads\\\/2024\\\/12\\\/56.png\",\"width\":1500,\"height\":1500},{\"@type\":\"BreadcrumbList\",\"@id\":\"https:\\\/\\\/revolutionpadelstore.com\\\/en\\\/joma-spin-men-2402-blanco-amarillo-2\\\/#breadcrumb\",\"itemListElement\":[{\"@type\":\"ListItem\",\"position\":1,\"name\":\"Portada\",\"item\":\"https:\\\/\\\/revolutionpadelstore.com\\\/en\\\/\"},{\"@type\":\"ListItem\",\"position\":2,\"name\":\"Shop\",\"item\":\"https:\\\/\\\/revolutionpadelstore.com\\\/en\\\/shop\\\/\"},{\"@type\":\"ListItem\",\"position\":3,\"name\":\"JOMA SPIN MEN 2402 BLANCO AMARILLO\"}]},{\"@type\":\"WebSite\",\"@id\":\"https:\\\/\\\/revolutionpadelstore.com\\\/en\\\/#website\",\"url\":\"https:\\\/\\\/revolutionpadelstore.com\\\/en\\\/\",\"name\":\"Revolution Padel Store\",\"description\":\"\",\"publisher\":{\"@id\":\"https:\\\/\\\/revolutionpadelstore.com\\\/en\\\/#organization\"},\"potentialAction\":[{\"@type\":\"SearchAction\",\"target\":{\"@type\":\"EntryPoint\",\"urlTemplate\":\"https:\\\/\\\/revolutionpadelstore.com\\\/en\\\/?s={search_term_string}\"},\"query-input\":{\"@type\":\"PropertyValueSpecification\",\"valueRequired\":true,\"valueName\":\"search_term_string\"}}],\"inLanguage\":\"en-US\"},{\"@type\":\"Organization\",\"@id\":\"https:\\\/\\\/revolutionpadelstore.com\\\/en\\\/#organization\",\"name\":\"Revolution Padel Store\",\"url\":\"https:\\\/\\\/revolutionpadelstore.com\\\/en\\\/\",\"logo\":{\"@type\":\"ImageObject\",\"inLanguage\":\"en-US\",\"@id\":\"https:\\\/\\\/revolutionpadelstore.com\\\/en\\\/#\\\/schema\\\/logo\\\/image\\\/\",\"url\":\"https:\\\/\\\/revolutionpadelstore.com\\\/wp-content\\\/uploads\\\/2026\\\/02\\\/revolution-padel-store.jpg\",\"contentUrl\":\"https:\\\/\\\/revolutionpadelstore.com\\\/wp-content\\\/uploads\\\/2026\\\/02\\\/revolution-padel-store.jpg\",\"width\":2000,\"height\":2000,\"caption\":\"Revolution Padel Store\"},\"image\":{\"@id\":\"https:\\\/\\\/revolutionpadelstore.com\\\/en\\\/#\\\/schema\\\/logo\\\/image\\\/\"},\"sameAs\":[\"https:\\\/\\\/www.instagram.com\\\/revolutionpadelstore\\\/\"]}]}<\/script>\n<!-- \/ Yoast SEO plugin. -->","yoast_head_json":{"title":"JOMA SPIN MEN 2402 BLANCO AMARILLO - Revolution Padel Store","description":"Explora las\u00a0zapatillas Joma Spin Men 2402 white yellow 2024, dise\u00f1adas meticulosamente con la colaboraci\u00f3n de jugadores profesionales de p\u00e1del para ofrecerte un calzado de nivel profesional. Perfectas para entrenamientos medios y competiciones, estas zapatillas son la elecci\u00f3n ideal para jugadores de peso medio-alto que buscan una combinaci\u00f3n sin precedentes de rendimiento y comodidad.","robots":{"index":"index","follow":"follow","max-snippet":"max-snippet:-1","max-image-preview":"max-image-preview:large","max-video-preview":"max-video-preview:-1"},"canonical":"https:\/\/revolutionpadelstore.com\/en\/joma-spin-men-2402-blanco-amarillo-2\/","og_locale":"en_US","og_type":"article","og_title":"JOMA SPIN MEN 2402 BLANCO AMARILLO - Revolution Padel Store","og_description":"Explora las\u00a0zapatillas Joma Spin Men 2402 white yellow 2024, dise\u00f1adas meticulosamente con la colaboraci\u00f3n de jugadores profesionales de p\u00e1del para ofrecerte un calzado de nivel profesional. Perfectas para entrenamientos medios y competiciones, estas zapatillas son la elecci\u00f3n ideal para jugadores de peso medio-alto que buscan una combinaci\u00f3n sin precedentes de rendimiento y comodidad.","og_url":"https:\/\/revolutionpadelstore.com\/en\/joma-spin-men-2402-blanco-amarillo-2\/","og_site_name":"Revolution Padel Store","article_modified_time":"2026-04-08T07:45:17+00:00","og_image":[{"width":1500,"height":1500,"url":"https:\/\/revolutionpadelstore.com\/wp-content\/uploads\/2024\/12\/56.png","type":"image\/png"}],"twitter_card":"summary_large_image","twitter_misc":{"Est. reading time":"2 minutes"},"schema":{"@context":"https:\/\/schema.org","@graph":[{"@type":"WebPage","@id":"https:\/\/revolutionpadelstore.com\/en\/joma-spin-men-2402-blanco-amarillo-2\/","url":"https:\/\/revolutionpadelstore.com\/en\/joma-spin-men-2402-blanco-amarillo-2\/","name":"JOMA SPIN MEN 2402 BLANCO AMARILLO - Revolution Padel Store","isPartOf":{"@id":"https:\/\/revolutionpadelstore.com\/en\/#website"},"primaryImageOfPage":{"@id":"https:\/\/revolutionpadelstore.com\/en\/joma-spin-men-2402-blanco-amarillo-2\/#primaryimage"},"image":{"@id":"https:\/\/revolutionpadelstore.com\/en\/joma-spin-men-2402-blanco-amarillo-2\/#primaryimage"},"thumbnailUrl":"https:\/\/revolutionpadelstore.com\/wp-content\/uploads\/2024\/12\/56.png","datePublished":"2024-12-04T22:01:58+00:00","dateModified":"2026-04-08T07:45:17+00:00","description":"Explora las\u00a0zapatillas Joma Spin Men 2402 white yellow 2024, dise\u00f1adas meticulosamente con la colaboraci\u00f3n de jugadores profesionales de p\u00e1del para ofrecerte un calzado de nivel profesional. Perfectas para entrenamientos medios y competiciones, estas zapatillas son la elecci\u00f3n ideal para jugadores de peso medio-alto que buscan una combinaci\u00f3n sin precedentes de rendimiento y comodidad.","breadcrumb":{"@id":"https:\/\/revolutionpadelstore.com\/en\/joma-spin-men-2402-blanco-amarillo-2\/#breadcrumb"},"inLanguage":"en-US","potentialAction":[{"@type":"ReadAction","target":["https:\/\/revolutionpadelstore.com\/en\/joma-spin-men-2402-blanco-amarillo-2\/"]}]},{"@type":"ImageObject","inLanguage":"en-US","@id":"https:\/\/revolutionpadelstore.com\/en\/joma-spin-men-2402-blanco-amarillo-2\/#primaryimage","url":"https:\/\/revolutionpadelstore.com\/wp-content\/uploads\/2024\/12\/56.png","contentUrl":"https:\/\/revolutionpadelstore.com\/wp-content\/uploads\/2024\/12\/56.png","width":1500,"height":1500},{"@type":"BreadcrumbList","@id":"https:\/\/revolutionpadelstore.com\/en\/joma-spin-men-2402-blanco-amarillo-2\/#breadcrumb","itemListElement":[{"@type":"ListItem","position":1,"name":"Portada","item":"https:\/\/revolutionpadelstore.com\/en\/"},{"@type":"ListItem","position":2,"name":"Shop","item":"https:\/\/revolutionpadelstore.com\/en\/shop\/"},{"@type":"ListItem","position":3,"name":"JOMA SPIN MEN 2402 BLANCO AMARILLO"}]},{"@type":"WebSite","@id":"https:\/\/revolutionpadelstore.com\/en\/#website","url":"https:\/\/revolutionpadelstore.com\/en\/","name":"Revolution Padel Store","description":"","publisher":{"@id":"https:\/\/revolutionpadelstore.com\/en\/#organization"},"potentialAction":[{"@type":"SearchAction","target":{"@type":"EntryPoint","urlTemplate":"https:\/\/revolutionpadelstore.com\/en\/?s={search_term_string}"},"query-input":{"@type":"PropertyValueSpecification","valueRequired":true,"valueName":"search_term_string"}}],"inLanguage":"en-US"},{"@type":"Organization","@id":"https:\/\/revolutionpadelstore.com\/en\/#organization","name":"Revolution Padel Store","url":"https:\/\/revolutionpadelstore.com\/en\/","logo":{"@type":"ImageObject","inLanguage":"en-US","@id":"https:\/\/revolutionpadelstore.com\/en\/#\/schema\/logo\/image\/","url":"https:\/\/revolutionpadelstore.com\/wp-content\/uploads\/2026\/02\/revolution-padel-store.jpg","contentUrl":"https:\/\/revolutionpadelstore.com\/wp-content\/uploads\/2026\/02\/revolution-padel-store.jpg","width":2000,"height":2000,"caption":"Revolution Padel Store"},"image":{"@id":"https:\/\/revolutionpadelstore.com\/en\/#\/schema\/logo\/image\/"},"sameAs":["https:\/\/www.instagram.com\/revolutionpadelstore\/"]}]}},"_links":{"self":[{"href":"https:\/\/revolutionpadelstore.com\/en\/wp-json\/wp\/v2\/product\/142289","targetHints":{"allow":["GET"]}}],"collection":[{"href":"https:\/\/revolutionpadelstore.com\/en\/wp-json\/wp\/v2\/product"}],"about":[{"href":"https:\/\/revolutionpadelstore.com\/en\/wp-json\/wp\/v2\/types\/product"}],"replies":[{"embeddable":true,"href":"https:\/\/revolutionpadelstore.com\/en\/wp-json\/wp\/v2\/comments?post=142289"}],"wp:featuredmedia":[{"embeddable":true,"href":"https:\/\/revolutionpadelstore.com\/en\/wp-json\/wp\/v2\/media\/142241"}],"wp:attachment":[{"href":"https:\/\/revolutionpadelstore.com\/en\/wp-json\/wp\/v2\/media?parent=142289"}],"wp:term":[{"taxonomy":"acabado","embeddable":true,"href":"https:\/\/revolutionpadelstore.com\/en\/wp-json\/wp\/v2\/acabado?post=142289"},{"taxonomy":"balance","embeddable":true,"href":"https:\/\/revolutionpadelstore.com\/en\/wp-json\/wp\/v2\/balance?post=142289"},{"taxonomy":"dureza","embeddable":true,"href":"https:\/\/revolutionpadelstore.com\/en\/wp-json\/wp\/v2\/dureza?post=142289"},{"taxonomy":"forma","embeddable":true,"href":"https:\/\/revolutionpadelstore.com\/en\/wp-json\/wp\/v2\/forma?post=142289"},{"taxonomy":"jugador","embeddable":true,"href":"https:\/\/revolutionpadelstore.com\/en\/wp-json\/wp\/v2\/jugador?post=142289"},{"taxonomy":"marca","embeddable":true,"href":"https:\/\/revolutionpadelstore.com\/en\/wp-json\/wp\/v2\/marca?post=142289"},{"taxonomy":"nivel-de-juego","embeddable":true,"href":"https:\/\/revolutionpadelstore.com\/en\/wp-json\/wp\/v2\/nivel-de-juego?post=142289"},{"taxonomy":"superficie","embeddable":true,"href":"https:\/\/revolutionpadelstore.com\/en\/wp-json\/wp\/v2\/superficie?post=142289"},{"taxonomy":"tipo-de-juego","embeddable":true,"href":"https:\/\/revolutionpadelstore.com\/en\/wp-json\/wp\/v2\/tipo-de-juego?post=142289"},{"taxonomy":"product_brand","embeddable":true,"href":"https:\/\/revolutionpadelstore.com\/en\/wp-json\/wp\/v2\/product_brand?post=142289"},{"taxonomy":"product_cat","embeddable":true,"href":"https:\/\/revolutionpadelstore.com\/en\/wp-json\/wp\/v2\/product_cat?post=142289"},{"taxonomy":"product_tag","embeddable":true,"href":"https:\/\/revolutionpadelstore.com\/en\/wp-json\/wp\/v2\/product_tag?post=142289"}],"curies":[{"name":"wp","href":"https:\/\/api.w.org\/{rel}","templated":true}]}}