{"id":142254,"date":"2024-12-04T22:44:37","date_gmt":"2024-12-04T21:44:37","guid":{"rendered":"https:\/\/revolutionpadelstore.com\/joma-master-1000-lady-24-clay-mujer-blanco\/"},"modified":"2026-04-01T06:30:32","modified_gmt":"2026-04-01T04:30:32","slug":"joma-master-1000-lady-24-clay-mujer-blanco-2","status":"publish","type":"product","link":"https:\/\/revolutionpadelstore.com\/en\/joma-master-1000-lady-24-clay-mujer-blanco-2\/","title":{"rendered":"JOMA MASTER 1000 LADY 24 CLAY MUJER BLANCO"},"content":{"rendered":"<p>Tennis shoes in whipped and paddle ground. Recommended woman model for low frequency training (2-3 days per week). These shoes provide very good cushioning, protection and comfort.<\/p>\n<p>The cut of these paddle shoes is designed to provide the best ventilation, adjustment and comfort. It consists mainly of synthetic material PU flexible and resistant with perforations of the VTS system located in strategic areas to allow sweat ventilation. Part of the ankle and tongue in nylon padded to improve in adjustment and support, in addition to the perfect fit cordonera.<\/p>\n<p>The midsole is built with light and flexible phylon that absorbs the impacts, with greater height on the side applying the protection technology<\/p>\n<p>The spike or Clay durability rubber sole is conceived to play on whipped land or on paddle tennis. It provides the necessary grip on slippery surfaces since it expels the sand of the sole. It has an excellent traction when you start moving, you stop or change direction. You can slide down the track without difficulties.<\/p>\n","protected":false},"excerpt":{"rendered":"<p>Tennis shoes in whipped and paddle ground. Recommended woman model for low frequency training (2-3 days per week). These shoes provide very good cushioning, protection and comfort.<\/p>\n","protected":false},"featured_media":142247,"comment_status":"open","ping_status":"closed","template":"","meta":{"_acf_changed":false,"_joinchat":[]},"acabado":[],"balance":[],"dureza":[],"forma":[],"jugador":[1198],"marca":[1228],"nivel-de-juego":[],"superficie":[],"tipo-de-juego":[],"product_brand":[],"product_cat":[829],"product_tag":[],"class_list":{"0":"post-142254","1":"product","2":"type-product","3":"status-publish","4":"has-post-thumbnail","6":"jugador-woman","7":"marca-joma-en","8":"product_cat-sneakers","10":"first","11":"outofstock","12":"sale","13":"taxable","14":"shipping-taxable","15":"purchasable","16":"product-type-variable"},"acf":[],"yoast_head":"<!-- This site is optimized with the Yoast SEO plugin v27.3 - https:\/\/yoast.com\/product\/yoast-seo-wordpress\/ -->\n<title>JOMA MASTER 1000 LADY 24 CLAY MUJER BLANCO - Revolution Padel Store<\/title>\n<meta name=\"description\" content=\"Zapatillas de tenis en tierra batida y p\u00e1del. Modelo de mujer recomendado para entrenamientos de baja frecuencia (2-3 d\u00edas por semana). Estas zapatillas aportan muy buena amortiguaci\u00f3n, protecci\u00f3n y comodidad.\" \/>\n<meta name=\"robots\" content=\"index, follow, max-snippet:-1, max-image-preview:large, max-video-preview:-1\" \/>\n<link rel=\"canonical\" href=\"https:\/\/revolutionpadelstore.com\/en\/joma-master-1000-lady-24-clay-mujer-blanco-2\/\" \/>\n<meta property=\"og:locale\" content=\"en_US\" \/>\n<meta property=\"og:type\" content=\"article\" \/>\n<meta property=\"og:title\" content=\"JOMA MASTER 1000 LADY 24 CLAY MUJER BLANCO - Revolution Padel Store\" \/>\n<meta property=\"og:description\" content=\"Zapatillas de tenis en tierra batida y p\u00e1del. Modelo de mujer recomendado para entrenamientos de baja frecuencia (2-3 d\u00edas por semana). Estas zapatillas aportan muy buena amortiguaci\u00f3n, protecci\u00f3n y comodidad.\" \/>\n<meta property=\"og:url\" content=\"https:\/\/revolutionpadelstore.com\/en\/joma-master-1000-lady-24-clay-mujer-blanco-2\/\" \/>\n<meta property=\"og:site_name\" content=\"Revolution Padel Store\" \/>\n<meta property=\"article:modified_time\" content=\"2026-04-01T04:30:32+00:00\" \/>\n<meta property=\"og:image\" content=\"https:\/\/revolutionpadelstore.com\/wp-content\/uploads\/2024\/12\/57.png\" \/>\n\t<meta property=\"og:image:width\" content=\"1500\" \/>\n\t<meta property=\"og:image:height\" content=\"1500\" \/>\n\t<meta property=\"og:image:type\" content=\"image\/png\" \/>\n<meta name=\"twitter:card\" content=\"summary_large_image\" \/>\n<meta name=\"twitter:label1\" content=\"Est. reading time\" \/>\n\t<meta name=\"twitter:data1\" content=\"1 minute\" \/>\n<script type=\"application\/ld+json\" class=\"yoast-schema-graph\">{\"@context\":\"https:\\\/\\\/schema.org\",\"@graph\":[{\"@type\":\"WebPage\",\"@id\":\"https:\\\/\\\/revolutionpadelstore.com\\\/en\\\/joma-master-1000-lady-24-clay-mujer-blanco-2\\\/\",\"url\":\"https:\\\/\\\/revolutionpadelstore.com\\\/en\\\/joma-master-1000-lady-24-clay-mujer-blanco-2\\\/\",\"name\":\"JOMA MASTER 1000 LADY 24 CLAY MUJER BLANCO - Revolution Padel Store\",\"isPartOf\":{\"@id\":\"https:\\\/\\\/revolutionpadelstore.com\\\/en\\\/#website\"},\"primaryImageOfPage\":{\"@id\":\"https:\\\/\\\/revolutionpadelstore.com\\\/en\\\/joma-master-1000-lady-24-clay-mujer-blanco-2\\\/#primaryimage\"},\"image\":{\"@id\":\"https:\\\/\\\/revolutionpadelstore.com\\\/en\\\/joma-master-1000-lady-24-clay-mujer-blanco-2\\\/#primaryimage\"},\"thumbnailUrl\":\"https:\\\/\\\/revolutionpadelstore.com\\\/wp-content\\\/uploads\\\/2024\\\/12\\\/57.png\",\"datePublished\":\"2024-12-04T21:44:37+00:00\",\"dateModified\":\"2026-04-01T04:30:32+00:00\",\"description\":\"Zapatillas de tenis en tierra batida y p\u00e1del. Modelo de mujer recomendado para entrenamientos de baja frecuencia (2-3 d\u00edas por semana). Estas zapatillas aportan muy buena amortiguaci\u00f3n, protecci\u00f3n y comodidad.\",\"breadcrumb\":{\"@id\":\"https:\\\/\\\/revolutionpadelstore.com\\\/en\\\/joma-master-1000-lady-24-clay-mujer-blanco-2\\\/#breadcrumb\"},\"inLanguage\":\"en-US\",\"potentialAction\":[{\"@type\":\"ReadAction\",\"target\":[\"https:\\\/\\\/revolutionpadelstore.com\\\/en\\\/joma-master-1000-lady-24-clay-mujer-blanco-2\\\/\"]}]},{\"@type\":\"ImageObject\",\"inLanguage\":\"en-US\",\"@id\":\"https:\\\/\\\/revolutionpadelstore.com\\\/en\\\/joma-master-1000-lady-24-clay-mujer-blanco-2\\\/#primaryimage\",\"url\":\"https:\\\/\\\/revolutionpadelstore.com\\\/wp-content\\\/uploads\\\/2024\\\/12\\\/57.png\",\"contentUrl\":\"https:\\\/\\\/revolutionpadelstore.com\\\/wp-content\\\/uploads\\\/2024\\\/12\\\/57.png\",\"width\":1500,\"height\":1500},{\"@type\":\"BreadcrumbList\",\"@id\":\"https:\\\/\\\/revolutionpadelstore.com\\\/en\\\/joma-master-1000-lady-24-clay-mujer-blanco-2\\\/#breadcrumb\",\"itemListElement\":[{\"@type\":\"ListItem\",\"position\":1,\"name\":\"Portada\",\"item\":\"https:\\\/\\\/revolutionpadelstore.com\\\/en\\\/\"},{\"@type\":\"ListItem\",\"position\":2,\"name\":\"Shop\",\"item\":\"https:\\\/\\\/revolutionpadelstore.com\\\/en\\\/shop\\\/\"},{\"@type\":\"ListItem\",\"position\":3,\"name\":\"JOMA MASTER 1000 LADY 24 CLAY MUJER BLANCO\"}]},{\"@type\":\"WebSite\",\"@id\":\"https:\\\/\\\/revolutionpadelstore.com\\\/en\\\/#website\",\"url\":\"https:\\\/\\\/revolutionpadelstore.com\\\/en\\\/\",\"name\":\"Revolution Padel Store\",\"description\":\"\",\"publisher\":{\"@id\":\"https:\\\/\\\/revolutionpadelstore.com\\\/en\\\/#organization\"},\"potentialAction\":[{\"@type\":\"SearchAction\",\"target\":{\"@type\":\"EntryPoint\",\"urlTemplate\":\"https:\\\/\\\/revolutionpadelstore.com\\\/en\\\/?s={search_term_string}\"},\"query-input\":{\"@type\":\"PropertyValueSpecification\",\"valueRequired\":true,\"valueName\":\"search_term_string\"}}],\"inLanguage\":\"en-US\"},{\"@type\":\"Organization\",\"@id\":\"https:\\\/\\\/revolutionpadelstore.com\\\/en\\\/#organization\",\"name\":\"Revolution Padel Store\",\"url\":\"https:\\\/\\\/revolutionpadelstore.com\\\/en\\\/\",\"logo\":{\"@type\":\"ImageObject\",\"inLanguage\":\"en-US\",\"@id\":\"https:\\\/\\\/revolutionpadelstore.com\\\/en\\\/#\\\/schema\\\/logo\\\/image\\\/\",\"url\":\"https:\\\/\\\/revolutionpadelstore.com\\\/wp-content\\\/uploads\\\/2026\\\/02\\\/revolution-padel-store.jpg\",\"contentUrl\":\"https:\\\/\\\/revolutionpadelstore.com\\\/wp-content\\\/uploads\\\/2026\\\/02\\\/revolution-padel-store.jpg\",\"width\":2000,\"height\":2000,\"caption\":\"Revolution Padel Store\"},\"image\":{\"@id\":\"https:\\\/\\\/revolutionpadelstore.com\\\/en\\\/#\\\/schema\\\/logo\\\/image\\\/\"},\"sameAs\":[\"https:\\\/\\\/www.instagram.com\\\/revolutionpadelstore\\\/\"]}]}<\/script>\n<!-- \/ Yoast SEO plugin. -->","yoast_head_json":{"title":"JOMA MASTER 1000 LADY 24 CLAY MUJER BLANCO - Revolution Padel Store","description":"Zapatillas de tenis en tierra batida y p\u00e1del. Modelo de mujer recomendado para entrenamientos de baja frecuencia (2-3 d\u00edas por semana). Estas zapatillas aportan muy buena amortiguaci\u00f3n, protecci\u00f3n y comodidad.","robots":{"index":"index","follow":"follow","max-snippet":"max-snippet:-1","max-image-preview":"max-image-preview:large","max-video-preview":"max-video-preview:-1"},"canonical":"https:\/\/revolutionpadelstore.com\/en\/joma-master-1000-lady-24-clay-mujer-blanco-2\/","og_locale":"en_US","og_type":"article","og_title":"JOMA MASTER 1000 LADY 24 CLAY MUJER BLANCO - Revolution Padel Store","og_description":"Zapatillas de tenis en tierra batida y p\u00e1del. Modelo de mujer recomendado para entrenamientos de baja frecuencia (2-3 d\u00edas por semana). Estas zapatillas aportan muy buena amortiguaci\u00f3n, protecci\u00f3n y comodidad.","og_url":"https:\/\/revolutionpadelstore.com\/en\/joma-master-1000-lady-24-clay-mujer-blanco-2\/","og_site_name":"Revolution Padel Store","article_modified_time":"2026-04-01T04:30:32+00:00","og_image":[{"width":1500,"height":1500,"url":"https:\/\/revolutionpadelstore.com\/wp-content\/uploads\/2024\/12\/57.png","type":"image\/png"}],"twitter_card":"summary_large_image","twitter_misc":{"Est. reading time":"1 minute"},"schema":{"@context":"https:\/\/schema.org","@graph":[{"@type":"WebPage","@id":"https:\/\/revolutionpadelstore.com\/en\/joma-master-1000-lady-24-clay-mujer-blanco-2\/","url":"https:\/\/revolutionpadelstore.com\/en\/joma-master-1000-lady-24-clay-mujer-blanco-2\/","name":"JOMA MASTER 1000 LADY 24 CLAY MUJER BLANCO - Revolution Padel Store","isPartOf":{"@id":"https:\/\/revolutionpadelstore.com\/en\/#website"},"primaryImageOfPage":{"@id":"https:\/\/revolutionpadelstore.com\/en\/joma-master-1000-lady-24-clay-mujer-blanco-2\/#primaryimage"},"image":{"@id":"https:\/\/revolutionpadelstore.com\/en\/joma-master-1000-lady-24-clay-mujer-blanco-2\/#primaryimage"},"thumbnailUrl":"https:\/\/revolutionpadelstore.com\/wp-content\/uploads\/2024\/12\/57.png","datePublished":"2024-12-04T21:44:37+00:00","dateModified":"2026-04-01T04:30:32+00:00","description":"Zapatillas de tenis en tierra batida y p\u00e1del. Modelo de mujer recomendado para entrenamientos de baja frecuencia (2-3 d\u00edas por semana). Estas zapatillas aportan muy buena amortiguaci\u00f3n, protecci\u00f3n y comodidad.","breadcrumb":{"@id":"https:\/\/revolutionpadelstore.com\/en\/joma-master-1000-lady-24-clay-mujer-blanco-2\/#breadcrumb"},"inLanguage":"en-US","potentialAction":[{"@type":"ReadAction","target":["https:\/\/revolutionpadelstore.com\/en\/joma-master-1000-lady-24-clay-mujer-blanco-2\/"]}]},{"@type":"ImageObject","inLanguage":"en-US","@id":"https:\/\/revolutionpadelstore.com\/en\/joma-master-1000-lady-24-clay-mujer-blanco-2\/#primaryimage","url":"https:\/\/revolutionpadelstore.com\/wp-content\/uploads\/2024\/12\/57.png","contentUrl":"https:\/\/revolutionpadelstore.com\/wp-content\/uploads\/2024\/12\/57.png","width":1500,"height":1500},{"@type":"BreadcrumbList","@id":"https:\/\/revolutionpadelstore.com\/en\/joma-master-1000-lady-24-clay-mujer-blanco-2\/#breadcrumb","itemListElement":[{"@type":"ListItem","position":1,"name":"Portada","item":"https:\/\/revolutionpadelstore.com\/en\/"},{"@type":"ListItem","position":2,"name":"Shop","item":"https:\/\/revolutionpadelstore.com\/en\/shop\/"},{"@type":"ListItem","position":3,"name":"JOMA MASTER 1000 LADY 24 CLAY MUJER BLANCO"}]},{"@type":"WebSite","@id":"https:\/\/revolutionpadelstore.com\/en\/#website","url":"https:\/\/revolutionpadelstore.com\/en\/","name":"Revolution Padel Store","description":"","publisher":{"@id":"https:\/\/revolutionpadelstore.com\/en\/#organization"},"potentialAction":[{"@type":"SearchAction","target":{"@type":"EntryPoint","urlTemplate":"https:\/\/revolutionpadelstore.com\/en\/?s={search_term_string}"},"query-input":{"@type":"PropertyValueSpecification","valueRequired":true,"valueName":"search_term_string"}}],"inLanguage":"en-US"},{"@type":"Organization","@id":"https:\/\/revolutionpadelstore.com\/en\/#organization","name":"Revolution Padel Store","url":"https:\/\/revolutionpadelstore.com\/en\/","logo":{"@type":"ImageObject","inLanguage":"en-US","@id":"https:\/\/revolutionpadelstore.com\/en\/#\/schema\/logo\/image\/","url":"https:\/\/revolutionpadelstore.com\/wp-content\/uploads\/2026\/02\/revolution-padel-store.jpg","contentUrl":"https:\/\/revolutionpadelstore.com\/wp-content\/uploads\/2026\/02\/revolution-padel-store.jpg","width":2000,"height":2000,"caption":"Revolution Padel Store"},"image":{"@id":"https:\/\/revolutionpadelstore.com\/en\/#\/schema\/logo\/image\/"},"sameAs":["https:\/\/www.instagram.com\/revolutionpadelstore\/"]}]}},"_links":{"self":[{"href":"https:\/\/revolutionpadelstore.com\/en\/wp-json\/wp\/v2\/product\/142254","targetHints":{"allow":["GET"]}}],"collection":[{"href":"https:\/\/revolutionpadelstore.com\/en\/wp-json\/wp\/v2\/product"}],"about":[{"href":"https:\/\/revolutionpadelstore.com\/en\/wp-json\/wp\/v2\/types\/product"}],"replies":[{"embeddable":true,"href":"https:\/\/revolutionpadelstore.com\/en\/wp-json\/wp\/v2\/comments?post=142254"}],"wp:featuredmedia":[{"embeddable":true,"href":"https:\/\/revolutionpadelstore.com\/en\/wp-json\/wp\/v2\/media\/142247"}],"wp:attachment":[{"href":"https:\/\/revolutionpadelstore.com\/en\/wp-json\/wp\/v2\/media?parent=142254"}],"wp:term":[{"taxonomy":"acabado","embeddable":true,"href":"https:\/\/revolutionpadelstore.com\/en\/wp-json\/wp\/v2\/acabado?post=142254"},{"taxonomy":"balance","embeddable":true,"href":"https:\/\/revolutionpadelstore.com\/en\/wp-json\/wp\/v2\/balance?post=142254"},{"taxonomy":"dureza","embeddable":true,"href":"https:\/\/revolutionpadelstore.com\/en\/wp-json\/wp\/v2\/dureza?post=142254"},{"taxonomy":"forma","embeddable":true,"href":"https:\/\/revolutionpadelstore.com\/en\/wp-json\/wp\/v2\/forma?post=142254"},{"taxonomy":"jugador","embeddable":true,"href":"https:\/\/revolutionpadelstore.com\/en\/wp-json\/wp\/v2\/jugador?post=142254"},{"taxonomy":"marca","embeddable":true,"href":"https:\/\/revolutionpadelstore.com\/en\/wp-json\/wp\/v2\/marca?post=142254"},{"taxonomy":"nivel-de-juego","embeddable":true,"href":"https:\/\/revolutionpadelstore.com\/en\/wp-json\/wp\/v2\/nivel-de-juego?post=142254"},{"taxonomy":"superficie","embeddable":true,"href":"https:\/\/revolutionpadelstore.com\/en\/wp-json\/wp\/v2\/superficie?post=142254"},{"taxonomy":"tipo-de-juego","embeddable":true,"href":"https:\/\/revolutionpadelstore.com\/en\/wp-json\/wp\/v2\/tipo-de-juego?post=142254"},{"taxonomy":"product_brand","embeddable":true,"href":"https:\/\/revolutionpadelstore.com\/en\/wp-json\/wp\/v2\/product_brand?post=142254"},{"taxonomy":"product_cat","embeddable":true,"href":"https:\/\/revolutionpadelstore.com\/en\/wp-json\/wp\/v2\/product_cat?post=142254"},{"taxonomy":"product_tag","embeddable":true,"href":"https:\/\/revolutionpadelstore.com\/en\/wp-json\/wp\/v2\/product_tag?post=142254"}],"curies":[{"name":"wp","href":"https:\/\/api.w.org\/{rel}","templated":true}]}}