{"id":13100,"date":"2024-04-22T15:25:55","date_gmt":"2024-04-22T13:25:55","guid":{"rendered":"https:\/\/revolutionpadelstore.com\/joma-t-smash-2301-negro-tsmas2301p\/"},"modified":"2025-09-20T14:01:05","modified_gmt":"2025-09-20T12:01:05","slug":"joma-t-smash-2301-negro-tsmas2301p","status":"publish","type":"product","link":"https:\/\/revolutionpadelstore.com\/en\/joma-t-smash-2301-negro-tsmas2301p\/","title":{"rendered":"JOMA T.SMASH 2301 NEGRO TSMAS2301P"},"content":{"rendered":"<p>At Revolution Padel Store you will find the best options to improve your padel game, and the Joma T.Smash 2301 shoes are one of them. With its advanced technology and exceptional design, these shoes are designed to provide optimal performance on the court. With their black color and modern style, they are ideal for padel players with a medium to thin physical build who seek excellence in responsiveness and cushioning. In addition, its wide fit guarantees greater comfort during your practices and competitions.<\/p>\n<p>The Joma T.Smash 2301 sneakers are made with a light and flexible fabric, adorned with VTS perforations that improve sweat ventilation. This will keep you cool and dry during your most intense matches. Its design is designed to provide the greatest comfort and stability in every movement, allowing you to focus on your game without worrying about your footwear.<\/p>\n<p>Don&#8217;t miss the opportunity to try these incredible shoes at Revolution Padel Store. With their quality and advanced technology, they will be your best ally on the court. Get the Joma T.Smash 2301 shoes and take your game to the next level!<\/p>\n","protected":false},"excerpt":{"rendered":"<p>Discover the Joma T.Smash 2301 shoes in black, designed for optimal performance and greater comfort in padel.<\/p>\n","protected":false},"featured_media":8056,"comment_status":"closed","ping_status":"closed","template":"","meta":{"_acf_changed":false,"_joinchat":[]},"acabado":[],"balance":[],"dureza":[],"forma":[],"jugador":[1193],"marca":[1228],"nivel-de-juego":[1338,1343,1348],"superficie":[],"tipo-de-juego":[1373,1378],"product_brand":[],"product_cat":[410],"product_tag":[],"class_list":{"0":"post-13100","1":"product","2":"type-product","3":"status-publish","4":"has-post-thumbnail","6":"jugador-hombre-en","7":"marca-joma-en","8":"tipo-de-juego-control-en","9":"tipo-de-juego-potencia-en","10":"product_cat-mens-sneakers","12":"first","13":"onbackorder","14":"sale","15":"taxable","16":"shipping-taxable","17":"purchasable","18":"product-type-variable"},"acf":[],"yoast_head":"<!-- This site is optimized with the Yoast SEO plugin v27.4 - https:\/\/yoast.com\/product\/yoast-seo-wordpress\/ -->\n<title>JOMA T.SMASH 2301 NEGRO TSMAS2301P - Revolution Padel Store<\/title>\n<meta name=\"description\" content=\"Descubre las zapatillas Joma T.Smash 2301 en color negro, dise\u00f1adas para un rendimiento \u00f3ptimo y mayor comodidad en p\u00e1del.\" \/>\n<meta name=\"robots\" content=\"index, follow, max-snippet:-1, max-image-preview:large, max-video-preview:-1\" \/>\n<link rel=\"canonical\" href=\"https:\/\/revolutionpadelstore.com\/en\/joma-t-smash-2301-negro-tsmas2301p\/\" \/>\n<meta property=\"og:locale\" content=\"en_US\" \/>\n<meta property=\"og:type\" content=\"article\" \/>\n<meta property=\"og:title\" content=\"JOMA T.SMASH 2301 NEGRO TSMAS2301P - Revolution Padel Store\" \/>\n<meta property=\"og:description\" content=\"Descubre las zapatillas Joma T.Smash 2301 en color negro, dise\u00f1adas para un rendimiento \u00f3ptimo y mayor comodidad en p\u00e1del.\" \/>\n<meta property=\"og:url\" content=\"https:\/\/revolutionpadelstore.com\/en\/joma-t-smash-2301-negro-tsmas2301p\/\" \/>\n<meta property=\"og:site_name\" content=\"Revolution Padel Store\" \/>\n<meta property=\"article:modified_time\" content=\"2025-09-20T12:01:05+00:00\" \/>\n<meta property=\"og:image\" content=\"https:\/\/revolutionpadelstore.com\/wp-content\/uploads\/2024\/04\/C-106566-P-0.png\" \/>\n\t<meta property=\"og:image:width\" content=\"1500\" \/>\n\t<meta property=\"og:image:height\" content=\"1500\" \/>\n\t<meta property=\"og:image:type\" content=\"image\/png\" \/>\n<meta name=\"twitter:card\" content=\"summary_large_image\" \/>\n<meta name=\"twitter:label1\" content=\"Est. reading time\" \/>\n\t<meta name=\"twitter:data1\" content=\"2 minutes\" \/>\n<script type=\"application\/ld+json\" class=\"yoast-schema-graph\">{\"@context\":\"https:\\\/\\\/schema.org\",\"@graph\":[{\"@type\":\"WebPage\",\"@id\":\"https:\\\/\\\/revolutionpadelstore.com\\\/en\\\/joma-t-smash-2301-negro-tsmas2301p\\\/\",\"url\":\"https:\\\/\\\/revolutionpadelstore.com\\\/en\\\/joma-t-smash-2301-negro-tsmas2301p\\\/\",\"name\":\"JOMA T.SMASH 2301 NEGRO TSMAS2301P - Revolution Padel Store\",\"isPartOf\":{\"@id\":\"https:\\\/\\\/revolutionpadelstore.com\\\/en\\\/#website\"},\"primaryImageOfPage\":{\"@id\":\"https:\\\/\\\/revolutionpadelstore.com\\\/en\\\/joma-t-smash-2301-negro-tsmas2301p\\\/#primaryimage\"},\"image\":{\"@id\":\"https:\\\/\\\/revolutionpadelstore.com\\\/en\\\/joma-t-smash-2301-negro-tsmas2301p\\\/#primaryimage\"},\"thumbnailUrl\":\"https:\\\/\\\/revolutionpadelstore.com\\\/wp-content\\\/uploads\\\/2024\\\/04\\\/C-106566-P-0.png\",\"datePublished\":\"2024-04-22T13:25:55+00:00\",\"dateModified\":\"2025-09-20T12:01:05+00:00\",\"description\":\"Descubre las zapatillas Joma T.Smash 2301 en color negro, dise\u00f1adas para un rendimiento \u00f3ptimo y mayor comodidad en p\u00e1del.\",\"breadcrumb\":{\"@id\":\"https:\\\/\\\/revolutionpadelstore.com\\\/en\\\/joma-t-smash-2301-negro-tsmas2301p\\\/#breadcrumb\"},\"inLanguage\":\"en-US\",\"potentialAction\":[{\"@type\":\"ReadAction\",\"target\":[\"https:\\\/\\\/revolutionpadelstore.com\\\/en\\\/joma-t-smash-2301-negro-tsmas2301p\\\/\"]}]},{\"@type\":\"ImageObject\",\"inLanguage\":\"en-US\",\"@id\":\"https:\\\/\\\/revolutionpadelstore.com\\\/en\\\/joma-t-smash-2301-negro-tsmas2301p\\\/#primaryimage\",\"url\":\"https:\\\/\\\/revolutionpadelstore.com\\\/wp-content\\\/uploads\\\/2024\\\/04\\\/C-106566-P-0.png\",\"contentUrl\":\"https:\\\/\\\/revolutionpadelstore.com\\\/wp-content\\\/uploads\\\/2024\\\/04\\\/C-106566-P-0.png\",\"width\":1500,\"height\":1500},{\"@type\":\"BreadcrumbList\",\"@id\":\"https:\\\/\\\/revolutionpadelstore.com\\\/en\\\/joma-t-smash-2301-negro-tsmas2301p\\\/#breadcrumb\",\"itemListElement\":[{\"@type\":\"ListItem\",\"position\":1,\"name\":\"Portada\",\"item\":\"https:\\\/\\\/revolutionpadelstore.com\\\/en\\\/\"},{\"@type\":\"ListItem\",\"position\":2,\"name\":\"Shop\",\"item\":\"https:\\\/\\\/revolutionpadelstore.com\\\/en\\\/shop\\\/\"},{\"@type\":\"ListItem\",\"position\":3,\"name\":\"JOMA T.SMASH 2301 NEGRO TSMAS2301P\"}]},{\"@type\":\"WebSite\",\"@id\":\"https:\\\/\\\/revolutionpadelstore.com\\\/en\\\/#website\",\"url\":\"https:\\\/\\\/revolutionpadelstore.com\\\/en\\\/\",\"name\":\"Revolution Padel Store\",\"description\":\"\",\"publisher\":{\"@id\":\"https:\\\/\\\/revolutionpadelstore.com\\\/en\\\/#organization\"},\"potentialAction\":[{\"@type\":\"SearchAction\",\"target\":{\"@type\":\"EntryPoint\",\"urlTemplate\":\"https:\\\/\\\/revolutionpadelstore.com\\\/en\\\/?s={search_term_string}\"},\"query-input\":{\"@type\":\"PropertyValueSpecification\",\"valueRequired\":true,\"valueName\":\"search_term_string\"}}],\"inLanguage\":\"en-US\"},{\"@type\":\"Organization\",\"@id\":\"https:\\\/\\\/revolutionpadelstore.com\\\/en\\\/#organization\",\"name\":\"Revolution Padel Store\",\"url\":\"https:\\\/\\\/revolutionpadelstore.com\\\/en\\\/\",\"logo\":{\"@type\":\"ImageObject\",\"inLanguage\":\"en-US\",\"@id\":\"https:\\\/\\\/revolutionpadelstore.com\\\/en\\\/#\\\/schema\\\/logo\\\/image\\\/\",\"url\":\"https:\\\/\\\/revolutionpadelstore.com\\\/wp-content\\\/uploads\\\/2026\\\/02\\\/revolution-padel-store.jpg\",\"contentUrl\":\"https:\\\/\\\/revolutionpadelstore.com\\\/wp-content\\\/uploads\\\/2026\\\/02\\\/revolution-padel-store.jpg\",\"width\":2000,\"height\":2000,\"caption\":\"Revolution Padel Store\"},\"image\":{\"@id\":\"https:\\\/\\\/revolutionpadelstore.com\\\/en\\\/#\\\/schema\\\/logo\\\/image\\\/\"},\"sameAs\":[\"https:\\\/\\\/www.instagram.com\\\/revolutionpadelstore\\\/\"]}]}<\/script>\n<!-- \/ Yoast SEO plugin. -->","yoast_head_json":{"title":"JOMA T.SMASH 2301 NEGRO TSMAS2301P - Revolution Padel Store","description":"Descubre las zapatillas Joma T.Smash 2301 en color negro, dise\u00f1adas para un rendimiento \u00f3ptimo y mayor comodidad en p\u00e1del.","robots":{"index":"index","follow":"follow","max-snippet":"max-snippet:-1","max-image-preview":"max-image-preview:large","max-video-preview":"max-video-preview:-1"},"canonical":"https:\/\/revolutionpadelstore.com\/en\/joma-t-smash-2301-negro-tsmas2301p\/","og_locale":"en_US","og_type":"article","og_title":"JOMA T.SMASH 2301 NEGRO TSMAS2301P - Revolution Padel Store","og_description":"Descubre las zapatillas Joma T.Smash 2301 en color negro, dise\u00f1adas para un rendimiento \u00f3ptimo y mayor comodidad en p\u00e1del.","og_url":"https:\/\/revolutionpadelstore.com\/en\/joma-t-smash-2301-negro-tsmas2301p\/","og_site_name":"Revolution Padel Store","article_modified_time":"2025-09-20T12:01:05+00:00","og_image":[{"width":1500,"height":1500,"url":"https:\/\/revolutionpadelstore.com\/wp-content\/uploads\/2024\/04\/C-106566-P-0.png","type":"image\/png"}],"twitter_card":"summary_large_image","twitter_misc":{"Est. reading time":"2 minutes"},"schema":{"@context":"https:\/\/schema.org","@graph":[{"@type":"WebPage","@id":"https:\/\/revolutionpadelstore.com\/en\/joma-t-smash-2301-negro-tsmas2301p\/","url":"https:\/\/revolutionpadelstore.com\/en\/joma-t-smash-2301-negro-tsmas2301p\/","name":"JOMA T.SMASH 2301 NEGRO TSMAS2301P - Revolution Padel Store","isPartOf":{"@id":"https:\/\/revolutionpadelstore.com\/en\/#website"},"primaryImageOfPage":{"@id":"https:\/\/revolutionpadelstore.com\/en\/joma-t-smash-2301-negro-tsmas2301p\/#primaryimage"},"image":{"@id":"https:\/\/revolutionpadelstore.com\/en\/joma-t-smash-2301-negro-tsmas2301p\/#primaryimage"},"thumbnailUrl":"https:\/\/revolutionpadelstore.com\/wp-content\/uploads\/2024\/04\/C-106566-P-0.png","datePublished":"2024-04-22T13:25:55+00:00","dateModified":"2025-09-20T12:01:05+00:00","description":"Descubre las zapatillas Joma T.Smash 2301 en color negro, dise\u00f1adas para un rendimiento \u00f3ptimo y mayor comodidad en p\u00e1del.","breadcrumb":{"@id":"https:\/\/revolutionpadelstore.com\/en\/joma-t-smash-2301-negro-tsmas2301p\/#breadcrumb"},"inLanguage":"en-US","potentialAction":[{"@type":"ReadAction","target":["https:\/\/revolutionpadelstore.com\/en\/joma-t-smash-2301-negro-tsmas2301p\/"]}]},{"@type":"ImageObject","inLanguage":"en-US","@id":"https:\/\/revolutionpadelstore.com\/en\/joma-t-smash-2301-negro-tsmas2301p\/#primaryimage","url":"https:\/\/revolutionpadelstore.com\/wp-content\/uploads\/2024\/04\/C-106566-P-0.png","contentUrl":"https:\/\/revolutionpadelstore.com\/wp-content\/uploads\/2024\/04\/C-106566-P-0.png","width":1500,"height":1500},{"@type":"BreadcrumbList","@id":"https:\/\/revolutionpadelstore.com\/en\/joma-t-smash-2301-negro-tsmas2301p\/#breadcrumb","itemListElement":[{"@type":"ListItem","position":1,"name":"Portada","item":"https:\/\/revolutionpadelstore.com\/en\/"},{"@type":"ListItem","position":2,"name":"Shop","item":"https:\/\/revolutionpadelstore.com\/en\/shop\/"},{"@type":"ListItem","position":3,"name":"JOMA T.SMASH 2301 NEGRO TSMAS2301P"}]},{"@type":"WebSite","@id":"https:\/\/revolutionpadelstore.com\/en\/#website","url":"https:\/\/revolutionpadelstore.com\/en\/","name":"Revolution Padel Store","description":"","publisher":{"@id":"https:\/\/revolutionpadelstore.com\/en\/#organization"},"potentialAction":[{"@type":"SearchAction","target":{"@type":"EntryPoint","urlTemplate":"https:\/\/revolutionpadelstore.com\/en\/?s={search_term_string}"},"query-input":{"@type":"PropertyValueSpecification","valueRequired":true,"valueName":"search_term_string"}}],"inLanguage":"en-US"},{"@type":"Organization","@id":"https:\/\/revolutionpadelstore.com\/en\/#organization","name":"Revolution Padel Store","url":"https:\/\/revolutionpadelstore.com\/en\/","logo":{"@type":"ImageObject","inLanguage":"en-US","@id":"https:\/\/revolutionpadelstore.com\/en\/#\/schema\/logo\/image\/","url":"https:\/\/revolutionpadelstore.com\/wp-content\/uploads\/2026\/02\/revolution-padel-store.jpg","contentUrl":"https:\/\/revolutionpadelstore.com\/wp-content\/uploads\/2026\/02\/revolution-padel-store.jpg","width":2000,"height":2000,"caption":"Revolution Padel Store"},"image":{"@id":"https:\/\/revolutionpadelstore.com\/en\/#\/schema\/logo\/image\/"},"sameAs":["https:\/\/www.instagram.com\/revolutionpadelstore\/"]}]}},"_links":{"self":[{"href":"https:\/\/revolutionpadelstore.com\/en\/wp-json\/wp\/v2\/product\/13100","targetHints":{"allow":["GET"]}}],"collection":[{"href":"https:\/\/revolutionpadelstore.com\/en\/wp-json\/wp\/v2\/product"}],"about":[{"href":"https:\/\/revolutionpadelstore.com\/en\/wp-json\/wp\/v2\/types\/product"}],"replies":[{"embeddable":true,"href":"https:\/\/revolutionpadelstore.com\/en\/wp-json\/wp\/v2\/comments?post=13100"}],"wp:featuredmedia":[{"embeddable":true,"href":"https:\/\/revolutionpadelstore.com\/en\/wp-json\/wp\/v2\/media\/8056"}],"wp:attachment":[{"href":"https:\/\/revolutionpadelstore.com\/en\/wp-json\/wp\/v2\/media?parent=13100"}],"wp:term":[{"taxonomy":"acabado","embeddable":true,"href":"https:\/\/revolutionpadelstore.com\/en\/wp-json\/wp\/v2\/acabado?post=13100"},{"taxonomy":"balance","embeddable":true,"href":"https:\/\/revolutionpadelstore.com\/en\/wp-json\/wp\/v2\/balance?post=13100"},{"taxonomy":"dureza","embeddable":true,"href":"https:\/\/revolutionpadelstore.com\/en\/wp-json\/wp\/v2\/dureza?post=13100"},{"taxonomy":"forma","embeddable":true,"href":"https:\/\/revolutionpadelstore.com\/en\/wp-json\/wp\/v2\/forma?post=13100"},{"taxonomy":"jugador","embeddable":true,"href":"https:\/\/revolutionpadelstore.com\/en\/wp-json\/wp\/v2\/jugador?post=13100"},{"taxonomy":"marca","embeddable":true,"href":"https:\/\/revolutionpadelstore.com\/en\/wp-json\/wp\/v2\/marca?post=13100"},{"taxonomy":"nivel-de-juego","embeddable":true,"href":"https:\/\/revolutionpadelstore.com\/en\/wp-json\/wp\/v2\/nivel-de-juego?post=13100"},{"taxonomy":"superficie","embeddable":true,"href":"https:\/\/revolutionpadelstore.com\/en\/wp-json\/wp\/v2\/superficie?post=13100"},{"taxonomy":"tipo-de-juego","embeddable":true,"href":"https:\/\/revolutionpadelstore.com\/en\/wp-json\/wp\/v2\/tipo-de-juego?post=13100"},{"taxonomy":"product_brand","embeddable":true,"href":"https:\/\/revolutionpadelstore.com\/en\/wp-json\/wp\/v2\/product_brand?post=13100"},{"taxonomy":"product_cat","embeddable":true,"href":"https:\/\/revolutionpadelstore.com\/en\/wp-json\/wp\/v2\/product_cat?post=13100"},{"taxonomy":"product_tag","embeddable":true,"href":"https:\/\/revolutionpadelstore.com\/en\/wp-json\/wp\/v2\/product_tag?post=13100"}],"curies":[{"name":"wp","href":"https:\/\/api.w.org\/{rel}","templated":true}]}}