{"id":130009,"date":"2024-11-28T20:45:56","date_gmt":"2024-11-28T19:45:56","guid":{"rendered":"https:\/\/revolutionpadelstore.com\/asics-gel-resolution-9-clay-rosa-mujer\/"},"modified":"2026-04-08T09:55:09","modified_gmt":"2026-04-08T07:55:09","slug":"asics-gel-resolution-9-clay-rosa-mujer-2","status":"publish","type":"product","link":"https:\/\/revolutionpadelstore.com\/en\/asics-gel-resolution-9-clay-rosa-mujer-2\/","title":{"rendered":"ASICS GEL RESOLUTION 9 CLAY ROSA MUJER"},"content":{"rendered":"<p><H2> ASICS GEL-RESOLUTION 9 CLAY WOMAN ROS<br \/>\nAsics Clay 9 Clay Gel Sneakers are designed for active women looking for comfortable, light and excellent support, stability and damping. This model is designed to offer soft, fast and stable transitions, allowing to cover the entire track easily.<\/p>\n<p>The sole, complete and with a pattern of spikes, improves grip and avoids the accumulation of sand, which optimizes traction. It is ideal for beaten and paddle ground tracks, and is made of ahaplus rubber, a durable material that increases wear resistance and maintains lightness.<\/p>\n<p>Among the technologies of the resolution 9 Clay of Asics are:<\/p>\n<p style=\"padding-left: 40px\"> <strong> -Dynawrap <\/strong>, which provides firm and comfortable support in lateral displacements, improving stability.<br \/>\n<P> <strong> -Dynafit <\/strong> at the top, which guarantees a perfect adjustment to the foot. <\/p>\n<p style=\"padding-left: 40px\"> <strong> -pguard <\/strong> on the toe, which reinforces vulnerable areas and increases durability by resisting wear due to abrasion.<\/p>\n<p style=\"padding-left: 40px\"> <strong> -Dynawall <\/strong>, which improves stability in lateral movements and facilitates rapid displacements from the bottom of the track.<\/p>\n<p style=\"padding-left: 40px\"> <strong> -the gel P&gt;<\/p>\n","protected":false},"excerpt":{"rendered":"<p>Padel shoes for women with spike sole made of rubber Aharplus for greater wear resistance and movements agility. Shock absorbed and soft transitions.<\/p>\n","protected":false},"featured_media":129980,"comment_status":"open","ping_status":"closed","template":"","meta":{"_acf_changed":false,"_joinchat":[]},"acabado":[],"balance":[],"dureza":[],"forma":[],"jugador":[1198],"marca":[1328],"nivel-de-juego":[],"superficie":[],"tipo-de-juego":[],"product_brand":[],"product_cat":[829],"product_tag":[],"class_list":{"0":"post-130009","1":"product","2":"type-product","3":"status-publish","4":"has-post-thumbnail","6":"jugador-woman","7":"marca-asics-en","8":"product_cat-sneakers","10":"first","11":"outofstock","12":"sale","13":"taxable","14":"shipping-taxable","15":"purchasable","16":"product-type-variable"},"acf":[],"yoast_head":"<!-- This site is optimized with the Yoast SEO plugin v27.4 - https:\/\/yoast.com\/product\/yoast-seo-wordpress\/ -->\n<title>ASICS GEL RESOLUTION 9 CLAY ROSA MUJER - Revolution Padel Store<\/title>\n<meta name=\"description\" content=\"Las zapatillas Gel Resolution 9 Clay de Asics est\u00e1n dise\u00f1adas para mujeres activas que buscan un calzado c\u00f3modo, ligero y con excelente sujeci\u00f3n, estabilidad y amortiguaci\u00f3n. Este modelo est\u00e1 pensado para ofrecer transiciones suaves, r\u00e1pidas y estables, permitiendo cubrir toda la pista con facilidad.\" \/>\n<meta name=\"robots\" content=\"index, follow, max-snippet:-1, max-image-preview:large, max-video-preview:-1\" \/>\n<link rel=\"canonical\" href=\"https:\/\/revolutionpadelstore.com\/en\/asics-gel-resolution-9-clay-rosa-mujer-2\/\" \/>\n<meta property=\"og:locale\" content=\"en_US\" \/>\n<meta property=\"og:type\" content=\"article\" \/>\n<meta property=\"og:title\" content=\"ASICS GEL RESOLUTION 9 CLAY ROSA MUJER - Revolution Padel Store\" \/>\n<meta property=\"og:description\" content=\"Las zapatillas Gel Resolution 9 Clay de Asics est\u00e1n dise\u00f1adas para mujeres activas que buscan un calzado c\u00f3modo, ligero y con excelente sujeci\u00f3n, estabilidad y amortiguaci\u00f3n. Este modelo est\u00e1 pensado para ofrecer transiciones suaves, r\u00e1pidas y estables, permitiendo cubrir toda la pista con facilidad.\" \/>\n<meta property=\"og:url\" content=\"https:\/\/revolutionpadelstore.com\/en\/asics-gel-resolution-9-clay-rosa-mujer-2\/\" \/>\n<meta property=\"og:site_name\" content=\"Revolution Padel Store\" \/>\n<meta property=\"article:modified_time\" content=\"2026-04-08T07:55:09+00:00\" \/>\n<meta property=\"og:image\" content=\"https:\/\/revolutionpadelstore.com\/wp-content\/uploads\/2024\/11\/112831_zapatillas_asics_gel_resolution_9_clay_1042a224_701_mujer_1500x1500_1_ff29.webp\" \/>\n\t<meta property=\"og:image:width\" content=\"1500\" \/>\n\t<meta property=\"og:image:height\" content=\"1500\" \/>\n\t<meta property=\"og:image:type\" content=\"image\/webp\" \/>\n<meta name=\"twitter:card\" content=\"summary_large_image\" \/>\n<meta name=\"twitter:label1\" content=\"Est. reading time\" \/>\n\t<meta name=\"twitter:data1\" content=\"2 minutes\" \/>\n<script type=\"application\/ld+json\" class=\"yoast-schema-graph\">{\"@context\":\"https:\\\/\\\/schema.org\",\"@graph\":[{\"@type\":\"WebPage\",\"@id\":\"https:\\\/\\\/revolutionpadelstore.com\\\/en\\\/asics-gel-resolution-9-clay-rosa-mujer-2\\\/\",\"url\":\"https:\\\/\\\/revolutionpadelstore.com\\\/en\\\/asics-gel-resolution-9-clay-rosa-mujer-2\\\/\",\"name\":\"ASICS GEL RESOLUTION 9 CLAY ROSA MUJER - Revolution Padel Store\",\"isPartOf\":{\"@id\":\"https:\\\/\\\/revolutionpadelstore.com\\\/en\\\/#website\"},\"primaryImageOfPage\":{\"@id\":\"https:\\\/\\\/revolutionpadelstore.com\\\/en\\\/asics-gel-resolution-9-clay-rosa-mujer-2\\\/#primaryimage\"},\"image\":{\"@id\":\"https:\\\/\\\/revolutionpadelstore.com\\\/en\\\/asics-gel-resolution-9-clay-rosa-mujer-2\\\/#primaryimage\"},\"thumbnailUrl\":\"https:\\\/\\\/revolutionpadelstore.com\\\/wp-content\\\/uploads\\\/2024\\\/11\\\/112831_zapatillas_asics_gel_resolution_9_clay_1042a224_701_mujer_1500x1500_1_ff29.webp\",\"datePublished\":\"2024-11-28T19:45:56+00:00\",\"dateModified\":\"2026-04-08T07:55:09+00:00\",\"description\":\"Las zapatillas Gel Resolution 9 Clay de Asics est\u00e1n dise\u00f1adas para mujeres activas que buscan un calzado c\u00f3modo, ligero y con excelente sujeci\u00f3n, estabilidad y amortiguaci\u00f3n. Este modelo est\u00e1 pensado para ofrecer transiciones suaves, r\u00e1pidas y estables, permitiendo cubrir toda la pista con facilidad.\",\"breadcrumb\":{\"@id\":\"https:\\\/\\\/revolutionpadelstore.com\\\/en\\\/asics-gel-resolution-9-clay-rosa-mujer-2\\\/#breadcrumb\"},\"inLanguage\":\"en-US\",\"potentialAction\":[{\"@type\":\"ReadAction\",\"target\":[\"https:\\\/\\\/revolutionpadelstore.com\\\/en\\\/asics-gel-resolution-9-clay-rosa-mujer-2\\\/\"]}]},{\"@type\":\"ImageObject\",\"inLanguage\":\"en-US\",\"@id\":\"https:\\\/\\\/revolutionpadelstore.com\\\/en\\\/asics-gel-resolution-9-clay-rosa-mujer-2\\\/#primaryimage\",\"url\":\"https:\\\/\\\/revolutionpadelstore.com\\\/wp-content\\\/uploads\\\/2024\\\/11\\\/112831_zapatillas_asics_gel_resolution_9_clay_1042a224_701_mujer_1500x1500_1_ff29.webp\",\"contentUrl\":\"https:\\\/\\\/revolutionpadelstore.com\\\/wp-content\\\/uploads\\\/2024\\\/11\\\/112831_zapatillas_asics_gel_resolution_9_clay_1042a224_701_mujer_1500x1500_1_ff29.webp\",\"width\":1500,\"height\":1500},{\"@type\":\"BreadcrumbList\",\"@id\":\"https:\\\/\\\/revolutionpadelstore.com\\\/en\\\/asics-gel-resolution-9-clay-rosa-mujer-2\\\/#breadcrumb\",\"itemListElement\":[{\"@type\":\"ListItem\",\"position\":1,\"name\":\"Portada\",\"item\":\"https:\\\/\\\/revolutionpadelstore.com\\\/en\\\/\"},{\"@type\":\"ListItem\",\"position\":2,\"name\":\"Shop\",\"item\":\"https:\\\/\\\/revolutionpadelstore.com\\\/en\\\/shop\\\/\"},{\"@type\":\"ListItem\",\"position\":3,\"name\":\"ASICS GEL RESOLUTION 9 CLAY ROSA MUJER\"}]},{\"@type\":\"WebSite\",\"@id\":\"https:\\\/\\\/revolutionpadelstore.com\\\/en\\\/#website\",\"url\":\"https:\\\/\\\/revolutionpadelstore.com\\\/en\\\/\",\"name\":\"Revolution Padel Store\",\"description\":\"\",\"publisher\":{\"@id\":\"https:\\\/\\\/revolutionpadelstore.com\\\/en\\\/#organization\"},\"potentialAction\":[{\"@type\":\"SearchAction\",\"target\":{\"@type\":\"EntryPoint\",\"urlTemplate\":\"https:\\\/\\\/revolutionpadelstore.com\\\/en\\\/?s={search_term_string}\"},\"query-input\":{\"@type\":\"PropertyValueSpecification\",\"valueRequired\":true,\"valueName\":\"search_term_string\"}}],\"inLanguage\":\"en-US\"},{\"@type\":\"Organization\",\"@id\":\"https:\\\/\\\/revolutionpadelstore.com\\\/en\\\/#organization\",\"name\":\"Revolution Padel Store\",\"url\":\"https:\\\/\\\/revolutionpadelstore.com\\\/en\\\/\",\"logo\":{\"@type\":\"ImageObject\",\"inLanguage\":\"en-US\",\"@id\":\"https:\\\/\\\/revolutionpadelstore.com\\\/en\\\/#\\\/schema\\\/logo\\\/image\\\/\",\"url\":\"https:\\\/\\\/revolutionpadelstore.com\\\/wp-content\\\/uploads\\\/2026\\\/02\\\/revolution-padel-store.jpg\",\"contentUrl\":\"https:\\\/\\\/revolutionpadelstore.com\\\/wp-content\\\/uploads\\\/2026\\\/02\\\/revolution-padel-store.jpg\",\"width\":2000,\"height\":2000,\"caption\":\"Revolution Padel Store\"},\"image\":{\"@id\":\"https:\\\/\\\/revolutionpadelstore.com\\\/en\\\/#\\\/schema\\\/logo\\\/image\\\/\"},\"sameAs\":[\"https:\\\/\\\/www.instagram.com\\\/revolutionpadelstore\\\/\"]}]}<\/script>\n<!-- \/ Yoast SEO plugin. -->","yoast_head_json":{"title":"ASICS GEL RESOLUTION 9 CLAY ROSA MUJER - Revolution Padel Store","description":"Las zapatillas Gel Resolution 9 Clay de Asics est\u00e1n dise\u00f1adas para mujeres activas que buscan un calzado c\u00f3modo, ligero y con excelente sujeci\u00f3n, estabilidad y amortiguaci\u00f3n. Este modelo est\u00e1 pensado para ofrecer transiciones suaves, r\u00e1pidas y estables, permitiendo cubrir toda la pista con facilidad.","robots":{"index":"index","follow":"follow","max-snippet":"max-snippet:-1","max-image-preview":"max-image-preview:large","max-video-preview":"max-video-preview:-1"},"canonical":"https:\/\/revolutionpadelstore.com\/en\/asics-gel-resolution-9-clay-rosa-mujer-2\/","og_locale":"en_US","og_type":"article","og_title":"ASICS GEL RESOLUTION 9 CLAY ROSA MUJER - Revolution Padel Store","og_description":"Las zapatillas Gel Resolution 9 Clay de Asics est\u00e1n dise\u00f1adas para mujeres activas que buscan un calzado c\u00f3modo, ligero y con excelente sujeci\u00f3n, estabilidad y amortiguaci\u00f3n. Este modelo est\u00e1 pensado para ofrecer transiciones suaves, r\u00e1pidas y estables, permitiendo cubrir toda la pista con facilidad.","og_url":"https:\/\/revolutionpadelstore.com\/en\/asics-gel-resolution-9-clay-rosa-mujer-2\/","og_site_name":"Revolution Padel Store","article_modified_time":"2026-04-08T07:55:09+00:00","og_image":[{"width":1500,"height":1500,"url":"https:\/\/revolutionpadelstore.com\/wp-content\/uploads\/2024\/11\/112831_zapatillas_asics_gel_resolution_9_clay_1042a224_701_mujer_1500x1500_1_ff29.webp","type":"image\/webp"}],"twitter_card":"summary_large_image","twitter_misc":{"Est. reading time":"2 minutes"},"schema":{"@context":"https:\/\/schema.org","@graph":[{"@type":"WebPage","@id":"https:\/\/revolutionpadelstore.com\/en\/asics-gel-resolution-9-clay-rosa-mujer-2\/","url":"https:\/\/revolutionpadelstore.com\/en\/asics-gel-resolution-9-clay-rosa-mujer-2\/","name":"ASICS GEL RESOLUTION 9 CLAY ROSA MUJER - Revolution Padel Store","isPartOf":{"@id":"https:\/\/revolutionpadelstore.com\/en\/#website"},"primaryImageOfPage":{"@id":"https:\/\/revolutionpadelstore.com\/en\/asics-gel-resolution-9-clay-rosa-mujer-2\/#primaryimage"},"image":{"@id":"https:\/\/revolutionpadelstore.com\/en\/asics-gel-resolution-9-clay-rosa-mujer-2\/#primaryimage"},"thumbnailUrl":"https:\/\/revolutionpadelstore.com\/wp-content\/uploads\/2024\/11\/112831_zapatillas_asics_gel_resolution_9_clay_1042a224_701_mujer_1500x1500_1_ff29.webp","datePublished":"2024-11-28T19:45:56+00:00","dateModified":"2026-04-08T07:55:09+00:00","description":"Las zapatillas Gel Resolution 9 Clay de Asics est\u00e1n dise\u00f1adas para mujeres activas que buscan un calzado c\u00f3modo, ligero y con excelente sujeci\u00f3n, estabilidad y amortiguaci\u00f3n. Este modelo est\u00e1 pensado para ofrecer transiciones suaves, r\u00e1pidas y estables, permitiendo cubrir toda la pista con facilidad.","breadcrumb":{"@id":"https:\/\/revolutionpadelstore.com\/en\/asics-gel-resolution-9-clay-rosa-mujer-2\/#breadcrumb"},"inLanguage":"en-US","potentialAction":[{"@type":"ReadAction","target":["https:\/\/revolutionpadelstore.com\/en\/asics-gel-resolution-9-clay-rosa-mujer-2\/"]}]},{"@type":"ImageObject","inLanguage":"en-US","@id":"https:\/\/revolutionpadelstore.com\/en\/asics-gel-resolution-9-clay-rosa-mujer-2\/#primaryimage","url":"https:\/\/revolutionpadelstore.com\/wp-content\/uploads\/2024\/11\/112831_zapatillas_asics_gel_resolution_9_clay_1042a224_701_mujer_1500x1500_1_ff29.webp","contentUrl":"https:\/\/revolutionpadelstore.com\/wp-content\/uploads\/2024\/11\/112831_zapatillas_asics_gel_resolution_9_clay_1042a224_701_mujer_1500x1500_1_ff29.webp","width":1500,"height":1500},{"@type":"BreadcrumbList","@id":"https:\/\/revolutionpadelstore.com\/en\/asics-gel-resolution-9-clay-rosa-mujer-2\/#breadcrumb","itemListElement":[{"@type":"ListItem","position":1,"name":"Portada","item":"https:\/\/revolutionpadelstore.com\/en\/"},{"@type":"ListItem","position":2,"name":"Shop","item":"https:\/\/revolutionpadelstore.com\/en\/shop\/"},{"@type":"ListItem","position":3,"name":"ASICS GEL RESOLUTION 9 CLAY ROSA MUJER"}]},{"@type":"WebSite","@id":"https:\/\/revolutionpadelstore.com\/en\/#website","url":"https:\/\/revolutionpadelstore.com\/en\/","name":"Revolution Padel Store","description":"","publisher":{"@id":"https:\/\/revolutionpadelstore.com\/en\/#organization"},"potentialAction":[{"@type":"SearchAction","target":{"@type":"EntryPoint","urlTemplate":"https:\/\/revolutionpadelstore.com\/en\/?s={search_term_string}"},"query-input":{"@type":"PropertyValueSpecification","valueRequired":true,"valueName":"search_term_string"}}],"inLanguage":"en-US"},{"@type":"Organization","@id":"https:\/\/revolutionpadelstore.com\/en\/#organization","name":"Revolution Padel Store","url":"https:\/\/revolutionpadelstore.com\/en\/","logo":{"@type":"ImageObject","inLanguage":"en-US","@id":"https:\/\/revolutionpadelstore.com\/en\/#\/schema\/logo\/image\/","url":"https:\/\/revolutionpadelstore.com\/wp-content\/uploads\/2026\/02\/revolution-padel-store.jpg","contentUrl":"https:\/\/revolutionpadelstore.com\/wp-content\/uploads\/2026\/02\/revolution-padel-store.jpg","width":2000,"height":2000,"caption":"Revolution Padel Store"},"image":{"@id":"https:\/\/revolutionpadelstore.com\/en\/#\/schema\/logo\/image\/"},"sameAs":["https:\/\/www.instagram.com\/revolutionpadelstore\/"]}]}},"_links":{"self":[{"href":"https:\/\/revolutionpadelstore.com\/en\/wp-json\/wp\/v2\/product\/130009","targetHints":{"allow":["GET"]}}],"collection":[{"href":"https:\/\/revolutionpadelstore.com\/en\/wp-json\/wp\/v2\/product"}],"about":[{"href":"https:\/\/revolutionpadelstore.com\/en\/wp-json\/wp\/v2\/types\/product"}],"replies":[{"embeddable":true,"href":"https:\/\/revolutionpadelstore.com\/en\/wp-json\/wp\/v2\/comments?post=130009"}],"wp:featuredmedia":[{"embeddable":true,"href":"https:\/\/revolutionpadelstore.com\/en\/wp-json\/wp\/v2\/media\/129980"}],"wp:attachment":[{"href":"https:\/\/revolutionpadelstore.com\/en\/wp-json\/wp\/v2\/media?parent=130009"}],"wp:term":[{"taxonomy":"acabado","embeddable":true,"href":"https:\/\/revolutionpadelstore.com\/en\/wp-json\/wp\/v2\/acabado?post=130009"},{"taxonomy":"balance","embeddable":true,"href":"https:\/\/revolutionpadelstore.com\/en\/wp-json\/wp\/v2\/balance?post=130009"},{"taxonomy":"dureza","embeddable":true,"href":"https:\/\/revolutionpadelstore.com\/en\/wp-json\/wp\/v2\/dureza?post=130009"},{"taxonomy":"forma","embeddable":true,"href":"https:\/\/revolutionpadelstore.com\/en\/wp-json\/wp\/v2\/forma?post=130009"},{"taxonomy":"jugador","embeddable":true,"href":"https:\/\/revolutionpadelstore.com\/en\/wp-json\/wp\/v2\/jugador?post=130009"},{"taxonomy":"marca","embeddable":true,"href":"https:\/\/revolutionpadelstore.com\/en\/wp-json\/wp\/v2\/marca?post=130009"},{"taxonomy":"nivel-de-juego","embeddable":true,"href":"https:\/\/revolutionpadelstore.com\/en\/wp-json\/wp\/v2\/nivel-de-juego?post=130009"},{"taxonomy":"superficie","embeddable":true,"href":"https:\/\/revolutionpadelstore.com\/en\/wp-json\/wp\/v2\/superficie?post=130009"},{"taxonomy":"tipo-de-juego","embeddable":true,"href":"https:\/\/revolutionpadelstore.com\/en\/wp-json\/wp\/v2\/tipo-de-juego?post=130009"},{"taxonomy":"product_brand","embeddable":true,"href":"https:\/\/revolutionpadelstore.com\/en\/wp-json\/wp\/v2\/product_brand?post=130009"},{"taxonomy":"product_cat","embeddable":true,"href":"https:\/\/revolutionpadelstore.com\/en\/wp-json\/wp\/v2\/product_cat?post=130009"},{"taxonomy":"product_tag","embeddable":true,"href":"https:\/\/revolutionpadelstore.com\/en\/wp-json\/wp\/v2\/product_tag?post=130009"}],"curies":[{"name":"wp","href":"https:\/\/api.w.org\/{rel}","templated":true}]}}