{"id":129931,"date":"2024-11-28T20:38:45","date_gmt":"2024-11-28T19:38:45","guid":{"rendered":"https:\/\/revolutionpadelstore.com\/asics-gel-resolution-9-padel\/"},"modified":"2026-04-08T09:56:44","modified_gmt":"2026-04-08T07:56:44","slug":"asics-gel-resolution-9-padel-6","status":"publish","type":"product","link":"https:\/\/revolutionpadelstore.com\/en\/asics-gel-resolution-9-padel-6\/","title":{"rendered":"ASICS GEL RESOLUTION 9 PADEL"},"content":{"rendered":"<p><H2> ASICS GEL-RESOLUTION 9 Women&#8217;s Padel, good grip and versatility <\/ h2><br \/>\nThe Gel Resolution 9 Padel Asics Padel Sneakers in Malva are specially designed for women athletes looking for agility, freedom of movement and excellent cushioning in each play. They are ideal for players who prefer to control the game from the bottom of the track, offering great stability and comfort.<\/p>\n<p>The sole has a party design that provides great stability in the landings and is made with Aharplus rubber, a highly dragging material, which increases the durability of footwear. Its mixed pattern ensures a perfect grip on different surfaces, while rotation points favor softer, stable and safe turns.<\/p>\n<p>Thanks to advanced technologies, Gel Resolution 9 Padel offer outstanding performance in all types of surfaces. Dynawall technology in the midsole improves stability in lateral movements, which allows you to cover both sides of the track easily. In addition, Dynawrap technology reinforces the eyelets, providing greater support in rapid transitions, while the Pguard improves the durability of the toe and heel. The upper, flexible part thanks to Dynafit, and Gel technology in the midsole, ensure an exceptional impact absorption and softer and comfortable footsteps.<\/p>\n<h2>Asics Gel-Resolution 9 Padel Mujer, buen agarre y versatilidad<\/h2>\n","protected":false},"excerpt":{"rendered":"<p>Padel shoes for Women Asics Gel Resolution 9 Padel Malva with mixed sole and rotation points for soft and stable turns. Improved traction on various surfaces.<\/p>\n","protected":false},"featured_media":129902,"comment_status":"open","ping_status":"closed","template":"","meta":{"_acf_changed":false,"_joinchat":[]},"acabado":[],"balance":[],"dureza":[],"forma":[],"jugador":[1198],"marca":[1328],"nivel-de-juego":[],"superficie":[],"tipo-de-juego":[],"product_brand":[],"product_cat":[829],"product_tag":[],"class_list":{"0":"post-129931","1":"product","2":"type-product","3":"status-publish","4":"has-post-thumbnail","6":"jugador-woman","7":"marca-asics-en","8":"product_cat-sneakers","10":"first","11":"outofstock","12":"sale","13":"taxable","14":"shipping-taxable","15":"purchasable","16":"product-type-variable"},"acf":[],"yoast_head":"<!-- This site is optimized with the Yoast SEO plugin v27.4 - https:\/\/yoast.com\/product\/yoast-seo-wordpress\/ -->\n<title>ASICS GEL RESOLUTION 9 PADEL - Revolution Padel Store<\/title>\n<meta name=\"description\" content=\"Las zapatillas de p\u00e1del Gel Resolution 9 Padel de Asics en color malva est\u00e1n dise\u00f1adas especialmente para mujeres deportistas que buscan agilidad, libertad de movimiento y una excelente amortiguaci\u00f3n en cada jugada. Son ideales para jugadoras que prefieren controlar el juego desde el fondo de la pista, ofreciendo una gran estabilidad y confort.\" \/>\n<meta name=\"robots\" content=\"index, follow, max-snippet:-1, max-image-preview:large, max-video-preview:-1\" \/>\n<link rel=\"canonical\" href=\"https:\/\/revolutionpadelstore.com\/en\/asics-gel-resolution-9-padel-6\/\" \/>\n<meta property=\"og:locale\" content=\"en_US\" \/>\n<meta property=\"og:type\" content=\"article\" \/>\n<meta property=\"og:title\" content=\"ASICS GEL RESOLUTION 9 PADEL - Revolution Padel Store\" \/>\n<meta property=\"og:description\" content=\"Las zapatillas de p\u00e1del Gel Resolution 9 Padel de Asics en color malva est\u00e1n dise\u00f1adas especialmente para mujeres deportistas que buscan agilidad, libertad de movimiento y una excelente amortiguaci\u00f3n en cada jugada. Son ideales para jugadoras que prefieren controlar el juego desde el fondo de la pista, ofreciendo una gran estabilidad y confort.\" \/>\n<meta property=\"og:url\" content=\"https:\/\/revolutionpadelstore.com\/en\/asics-gel-resolution-9-padel-6\/\" \/>\n<meta property=\"og:site_name\" content=\"Revolution Padel Store\" \/>\n<meta property=\"article:modified_time\" content=\"2026-04-08T07:56:44+00:00\" \/>\n<meta property=\"og:image\" content=\"https:\/\/revolutionpadelstore.com\/wp-content\/uploads\/2024\/11\/112836_zapatillas_asics_gel_resolution_9_padel_1042a245_500_mujer_1500x1500_1_7688.webp\" \/>\n\t<meta property=\"og:image:width\" content=\"1500\" \/>\n\t<meta property=\"og:image:height\" content=\"1500\" \/>\n\t<meta property=\"og:image:type\" content=\"image\/webp\" \/>\n<meta name=\"twitter:card\" content=\"summary_large_image\" \/>\n<meta name=\"twitter:label1\" content=\"Est. reading time\" \/>\n\t<meta name=\"twitter:data1\" content=\"2 minutes\" \/>\n<script type=\"application\/ld+json\" class=\"yoast-schema-graph\">{\"@context\":\"https:\\\/\\\/schema.org\",\"@graph\":[{\"@type\":\"WebPage\",\"@id\":\"https:\\\/\\\/revolutionpadelstore.com\\\/en\\\/asics-gel-resolution-9-padel-6\\\/\",\"url\":\"https:\\\/\\\/revolutionpadelstore.com\\\/en\\\/asics-gel-resolution-9-padel-6\\\/\",\"name\":\"ASICS GEL RESOLUTION 9 PADEL - Revolution Padel Store\",\"isPartOf\":{\"@id\":\"https:\\\/\\\/revolutionpadelstore.com\\\/en\\\/#website\"},\"primaryImageOfPage\":{\"@id\":\"https:\\\/\\\/revolutionpadelstore.com\\\/en\\\/asics-gel-resolution-9-padel-6\\\/#primaryimage\"},\"image\":{\"@id\":\"https:\\\/\\\/revolutionpadelstore.com\\\/en\\\/asics-gel-resolution-9-padel-6\\\/#primaryimage\"},\"thumbnailUrl\":\"https:\\\/\\\/revolutionpadelstore.com\\\/wp-content\\\/uploads\\\/2024\\\/11\\\/112836_zapatillas_asics_gel_resolution_9_padel_1042a245_500_mujer_1500x1500_1_7688.webp\",\"datePublished\":\"2024-11-28T19:38:45+00:00\",\"dateModified\":\"2026-04-08T07:56:44+00:00\",\"description\":\"Las zapatillas de p\u00e1del Gel Resolution 9 Padel de Asics en color malva est\u00e1n dise\u00f1adas especialmente para mujeres deportistas que buscan agilidad, libertad de movimiento y una excelente amortiguaci\u00f3n en cada jugada. Son ideales para jugadoras que prefieren controlar el juego desde el fondo de la pista, ofreciendo una gran estabilidad y confort.\",\"breadcrumb\":{\"@id\":\"https:\\\/\\\/revolutionpadelstore.com\\\/en\\\/asics-gel-resolution-9-padel-6\\\/#breadcrumb\"},\"inLanguage\":\"en-US\",\"potentialAction\":[{\"@type\":\"ReadAction\",\"target\":[\"https:\\\/\\\/revolutionpadelstore.com\\\/en\\\/asics-gel-resolution-9-padel-6\\\/\"]}]},{\"@type\":\"ImageObject\",\"inLanguage\":\"en-US\",\"@id\":\"https:\\\/\\\/revolutionpadelstore.com\\\/en\\\/asics-gel-resolution-9-padel-6\\\/#primaryimage\",\"url\":\"https:\\\/\\\/revolutionpadelstore.com\\\/wp-content\\\/uploads\\\/2024\\\/11\\\/112836_zapatillas_asics_gel_resolution_9_padel_1042a245_500_mujer_1500x1500_1_7688.webp\",\"contentUrl\":\"https:\\\/\\\/revolutionpadelstore.com\\\/wp-content\\\/uploads\\\/2024\\\/11\\\/112836_zapatillas_asics_gel_resolution_9_padel_1042a245_500_mujer_1500x1500_1_7688.webp\",\"width\":1500,\"height\":1500},{\"@type\":\"BreadcrumbList\",\"@id\":\"https:\\\/\\\/revolutionpadelstore.com\\\/en\\\/asics-gel-resolution-9-padel-6\\\/#breadcrumb\",\"itemListElement\":[{\"@type\":\"ListItem\",\"position\":1,\"name\":\"Portada\",\"item\":\"https:\\\/\\\/revolutionpadelstore.com\\\/en\\\/\"},{\"@type\":\"ListItem\",\"position\":2,\"name\":\"Shop\",\"item\":\"https:\\\/\\\/revolutionpadelstore.com\\\/en\\\/shop\\\/\"},{\"@type\":\"ListItem\",\"position\":3,\"name\":\"ASICS GEL RESOLUTION 9 PADEL\"}]},{\"@type\":\"WebSite\",\"@id\":\"https:\\\/\\\/revolutionpadelstore.com\\\/en\\\/#website\",\"url\":\"https:\\\/\\\/revolutionpadelstore.com\\\/en\\\/\",\"name\":\"Revolution Padel Store\",\"description\":\"\",\"publisher\":{\"@id\":\"https:\\\/\\\/revolutionpadelstore.com\\\/en\\\/#organization\"},\"potentialAction\":[{\"@type\":\"SearchAction\",\"target\":{\"@type\":\"EntryPoint\",\"urlTemplate\":\"https:\\\/\\\/revolutionpadelstore.com\\\/en\\\/?s={search_term_string}\"},\"query-input\":{\"@type\":\"PropertyValueSpecification\",\"valueRequired\":true,\"valueName\":\"search_term_string\"}}],\"inLanguage\":\"en-US\"},{\"@type\":\"Organization\",\"@id\":\"https:\\\/\\\/revolutionpadelstore.com\\\/en\\\/#organization\",\"name\":\"Revolution Padel Store\",\"url\":\"https:\\\/\\\/revolutionpadelstore.com\\\/en\\\/\",\"logo\":{\"@type\":\"ImageObject\",\"inLanguage\":\"en-US\",\"@id\":\"https:\\\/\\\/revolutionpadelstore.com\\\/en\\\/#\\\/schema\\\/logo\\\/image\\\/\",\"url\":\"https:\\\/\\\/revolutionpadelstore.com\\\/wp-content\\\/uploads\\\/2026\\\/02\\\/revolution-padel-store.jpg\",\"contentUrl\":\"https:\\\/\\\/revolutionpadelstore.com\\\/wp-content\\\/uploads\\\/2026\\\/02\\\/revolution-padel-store.jpg\",\"width\":2000,\"height\":2000,\"caption\":\"Revolution Padel Store\"},\"image\":{\"@id\":\"https:\\\/\\\/revolutionpadelstore.com\\\/en\\\/#\\\/schema\\\/logo\\\/image\\\/\"},\"sameAs\":[\"https:\\\/\\\/www.instagram.com\\\/revolutionpadelstore\\\/\"]}]}<\/script>\n<!-- \/ Yoast SEO plugin. -->","yoast_head_json":{"title":"ASICS GEL RESOLUTION 9 PADEL - Revolution Padel Store","description":"Las zapatillas de p\u00e1del Gel Resolution 9 Padel de Asics en color malva est\u00e1n dise\u00f1adas especialmente para mujeres deportistas que buscan agilidad, libertad de movimiento y una excelente amortiguaci\u00f3n en cada jugada. Son ideales para jugadoras que prefieren controlar el juego desde el fondo de la pista, ofreciendo una gran estabilidad y confort.","robots":{"index":"index","follow":"follow","max-snippet":"max-snippet:-1","max-image-preview":"max-image-preview:large","max-video-preview":"max-video-preview:-1"},"canonical":"https:\/\/revolutionpadelstore.com\/en\/asics-gel-resolution-9-padel-6\/","og_locale":"en_US","og_type":"article","og_title":"ASICS GEL RESOLUTION 9 PADEL - Revolution Padel Store","og_description":"Las zapatillas de p\u00e1del Gel Resolution 9 Padel de Asics en color malva est\u00e1n dise\u00f1adas especialmente para mujeres deportistas que buscan agilidad, libertad de movimiento y una excelente amortiguaci\u00f3n en cada jugada. Son ideales para jugadoras que prefieren controlar el juego desde el fondo de la pista, ofreciendo una gran estabilidad y confort.","og_url":"https:\/\/revolutionpadelstore.com\/en\/asics-gel-resolution-9-padel-6\/","og_site_name":"Revolution Padel Store","article_modified_time":"2026-04-08T07:56:44+00:00","og_image":[{"width":1500,"height":1500,"url":"https:\/\/revolutionpadelstore.com\/wp-content\/uploads\/2024\/11\/112836_zapatillas_asics_gel_resolution_9_padel_1042a245_500_mujer_1500x1500_1_7688.webp","type":"image\/webp"}],"twitter_card":"summary_large_image","twitter_misc":{"Est. reading time":"2 minutes"},"schema":{"@context":"https:\/\/schema.org","@graph":[{"@type":"WebPage","@id":"https:\/\/revolutionpadelstore.com\/en\/asics-gel-resolution-9-padel-6\/","url":"https:\/\/revolutionpadelstore.com\/en\/asics-gel-resolution-9-padel-6\/","name":"ASICS GEL RESOLUTION 9 PADEL - Revolution Padel Store","isPartOf":{"@id":"https:\/\/revolutionpadelstore.com\/en\/#website"},"primaryImageOfPage":{"@id":"https:\/\/revolutionpadelstore.com\/en\/asics-gel-resolution-9-padel-6\/#primaryimage"},"image":{"@id":"https:\/\/revolutionpadelstore.com\/en\/asics-gel-resolution-9-padel-6\/#primaryimage"},"thumbnailUrl":"https:\/\/revolutionpadelstore.com\/wp-content\/uploads\/2024\/11\/112836_zapatillas_asics_gel_resolution_9_padel_1042a245_500_mujer_1500x1500_1_7688.webp","datePublished":"2024-11-28T19:38:45+00:00","dateModified":"2026-04-08T07:56:44+00:00","description":"Las zapatillas de p\u00e1del Gel Resolution 9 Padel de Asics en color malva est\u00e1n dise\u00f1adas especialmente para mujeres deportistas que buscan agilidad, libertad de movimiento y una excelente amortiguaci\u00f3n en cada jugada. Son ideales para jugadoras que prefieren controlar el juego desde el fondo de la pista, ofreciendo una gran estabilidad y confort.","breadcrumb":{"@id":"https:\/\/revolutionpadelstore.com\/en\/asics-gel-resolution-9-padel-6\/#breadcrumb"},"inLanguage":"en-US","potentialAction":[{"@type":"ReadAction","target":["https:\/\/revolutionpadelstore.com\/en\/asics-gel-resolution-9-padel-6\/"]}]},{"@type":"ImageObject","inLanguage":"en-US","@id":"https:\/\/revolutionpadelstore.com\/en\/asics-gel-resolution-9-padel-6\/#primaryimage","url":"https:\/\/revolutionpadelstore.com\/wp-content\/uploads\/2024\/11\/112836_zapatillas_asics_gel_resolution_9_padel_1042a245_500_mujer_1500x1500_1_7688.webp","contentUrl":"https:\/\/revolutionpadelstore.com\/wp-content\/uploads\/2024\/11\/112836_zapatillas_asics_gel_resolution_9_padel_1042a245_500_mujer_1500x1500_1_7688.webp","width":1500,"height":1500},{"@type":"BreadcrumbList","@id":"https:\/\/revolutionpadelstore.com\/en\/asics-gel-resolution-9-padel-6\/#breadcrumb","itemListElement":[{"@type":"ListItem","position":1,"name":"Portada","item":"https:\/\/revolutionpadelstore.com\/en\/"},{"@type":"ListItem","position":2,"name":"Shop","item":"https:\/\/revolutionpadelstore.com\/en\/shop\/"},{"@type":"ListItem","position":3,"name":"ASICS GEL RESOLUTION 9 PADEL"}]},{"@type":"WebSite","@id":"https:\/\/revolutionpadelstore.com\/en\/#website","url":"https:\/\/revolutionpadelstore.com\/en\/","name":"Revolution Padel Store","description":"","publisher":{"@id":"https:\/\/revolutionpadelstore.com\/en\/#organization"},"potentialAction":[{"@type":"SearchAction","target":{"@type":"EntryPoint","urlTemplate":"https:\/\/revolutionpadelstore.com\/en\/?s={search_term_string}"},"query-input":{"@type":"PropertyValueSpecification","valueRequired":true,"valueName":"search_term_string"}}],"inLanguage":"en-US"},{"@type":"Organization","@id":"https:\/\/revolutionpadelstore.com\/en\/#organization","name":"Revolution Padel Store","url":"https:\/\/revolutionpadelstore.com\/en\/","logo":{"@type":"ImageObject","inLanguage":"en-US","@id":"https:\/\/revolutionpadelstore.com\/en\/#\/schema\/logo\/image\/","url":"https:\/\/revolutionpadelstore.com\/wp-content\/uploads\/2026\/02\/revolution-padel-store.jpg","contentUrl":"https:\/\/revolutionpadelstore.com\/wp-content\/uploads\/2026\/02\/revolution-padel-store.jpg","width":2000,"height":2000,"caption":"Revolution Padel Store"},"image":{"@id":"https:\/\/revolutionpadelstore.com\/en\/#\/schema\/logo\/image\/"},"sameAs":["https:\/\/www.instagram.com\/revolutionpadelstore\/"]}]}},"_links":{"self":[{"href":"https:\/\/revolutionpadelstore.com\/en\/wp-json\/wp\/v2\/product\/129931","targetHints":{"allow":["GET"]}}],"collection":[{"href":"https:\/\/revolutionpadelstore.com\/en\/wp-json\/wp\/v2\/product"}],"about":[{"href":"https:\/\/revolutionpadelstore.com\/en\/wp-json\/wp\/v2\/types\/product"}],"replies":[{"embeddable":true,"href":"https:\/\/revolutionpadelstore.com\/en\/wp-json\/wp\/v2\/comments?post=129931"}],"wp:featuredmedia":[{"embeddable":true,"href":"https:\/\/revolutionpadelstore.com\/en\/wp-json\/wp\/v2\/media\/129902"}],"wp:attachment":[{"href":"https:\/\/revolutionpadelstore.com\/en\/wp-json\/wp\/v2\/media?parent=129931"}],"wp:term":[{"taxonomy":"acabado","embeddable":true,"href":"https:\/\/revolutionpadelstore.com\/en\/wp-json\/wp\/v2\/acabado?post=129931"},{"taxonomy":"balance","embeddable":true,"href":"https:\/\/revolutionpadelstore.com\/en\/wp-json\/wp\/v2\/balance?post=129931"},{"taxonomy":"dureza","embeddable":true,"href":"https:\/\/revolutionpadelstore.com\/en\/wp-json\/wp\/v2\/dureza?post=129931"},{"taxonomy":"forma","embeddable":true,"href":"https:\/\/revolutionpadelstore.com\/en\/wp-json\/wp\/v2\/forma?post=129931"},{"taxonomy":"jugador","embeddable":true,"href":"https:\/\/revolutionpadelstore.com\/en\/wp-json\/wp\/v2\/jugador?post=129931"},{"taxonomy":"marca","embeddable":true,"href":"https:\/\/revolutionpadelstore.com\/en\/wp-json\/wp\/v2\/marca?post=129931"},{"taxonomy":"nivel-de-juego","embeddable":true,"href":"https:\/\/revolutionpadelstore.com\/en\/wp-json\/wp\/v2\/nivel-de-juego?post=129931"},{"taxonomy":"superficie","embeddable":true,"href":"https:\/\/revolutionpadelstore.com\/en\/wp-json\/wp\/v2\/superficie?post=129931"},{"taxonomy":"tipo-de-juego","embeddable":true,"href":"https:\/\/revolutionpadelstore.com\/en\/wp-json\/wp\/v2\/tipo-de-juego?post=129931"},{"taxonomy":"product_brand","embeddable":true,"href":"https:\/\/revolutionpadelstore.com\/en\/wp-json\/wp\/v2\/product_brand?post=129931"},{"taxonomy":"product_cat","embeddable":true,"href":"https:\/\/revolutionpadelstore.com\/en\/wp-json\/wp\/v2\/product_cat?post=129931"},{"taxonomy":"product_tag","embeddable":true,"href":"https:\/\/revolutionpadelstore.com\/en\/wp-json\/wp\/v2\/product_tag?post=129931"}],"curies":[{"name":"wp","href":"https:\/\/api.w.org\/{rel}","templated":true}]}}