{"id":129462,"date":"2024-11-27T08:18:24","date_gmt":"2024-11-27T07:18:24","guid":{"rendered":"https:\/\/revolutionpadelstore.com\/par-munequera-adidas-larga-negro\/"},"modified":"2026-04-08T10:02:25","modified_gmt":"2026-04-08T08:02:25","slug":"par-munequera-adidas-larga-negro-2","status":"publish","type":"product","link":"https:\/\/revolutionpadelstore.com\/en\/par-munequera-adidas-larga-negro-2\/","title":{"rendered":"PAR MU\u00d1EQUERA ADIDAS LARGA NEGRO"},"content":{"rendered":"<p><H2> PAR ADIDAS LONG BLACK MACHINE <\/H2><br \/>\nThe <strong> long dolls of adidas in black color <\/strong> are designed to offer comfort and performance. They are made with 74% recycled polyester, 23% cotton and 3% elastan, ensuring a soft and flexible adjustment. Their ability to absorb sweat makes them an ideal accessory during training or intense activities.<\/p>\n<p>The Adidas logo, white embroidery, stands out on the dark background, adding an elegant and distinctive touch. These dolls are perfect for both sports and to complement your look with elegant and distinctive slope<\/p>\n<h2>Par Mu\u00f1equera Adidas Larga Negro<\/h2>\n","protected":false},"excerpt":{"rendered":"<p>Long black dolls in black, manufactured with recycled polyester, cotton and elastan, offering comfort, sweat absorption and a design with the white embroidery logo.<\/p>\n","protected":false},"featured_media":129439,"comment_status":"open","ping_status":"closed","template":"","meta":{"_acf_changed":false,"_joinchat":[]},"acabado":[],"balance":[],"dureza":[],"forma":[],"jugador":[],"marca":[1233],"nivel-de-juego":[],"superficie":[],"tipo-de-juego":[],"product_brand":[],"product_cat":[562],"product_tag":[],"class_list":{"0":"post-129462","1":"product","2":"type-product","3":"status-publish","4":"has-post-thumbnail","6":"marca-adidas-en","7":"product_cat-accessories","9":"first","10":"instock","11":"sale","12":"taxable","13":"shipping-taxable","14":"purchasable","15":"product-type-simple"},"acf":[],"yoast_head":"<!-- This site is optimized with the Yoast SEO plugin v27.4 - https:\/\/yoast.com\/product\/yoast-seo-wordpress\/ -->\n<title>PAR MU\u00d1EQUERA ADIDAS LARGA NEGRO - Revolution Padel Store<\/title>\n<meta name=\"description\" content=\"Las\u00a0mu\u00f1equeras largas de Adidas en color negro\u00a0est\u00e1n dise\u00f1adas para ofrecer comodidad y rendimiento. Est\u00e1n hechas con un 74% de poli\u00e9ster reciclado, 23% de algod\u00f3n y 3% de elast\u00e1n, lo que asegura un ajuste suave y flexible. Su capacidad para absorber el sudor las convierte en un accesorio ideal durante entrenamientos o actividades intensas.\" \/>\n<meta name=\"robots\" content=\"index, follow, max-snippet:-1, max-image-preview:large, max-video-preview:-1\" \/>\n<link rel=\"canonical\" href=\"https:\/\/revolutionpadelstore.com\/en\/par-munequera-adidas-larga-negro-2\/\" \/>\n<meta property=\"og:locale\" content=\"en_US\" \/>\n<meta property=\"og:type\" content=\"article\" \/>\n<meta property=\"og:title\" content=\"PAR MU\u00d1EQUERA ADIDAS LARGA NEGRO - Revolution Padel Store\" \/>\n<meta property=\"og:description\" content=\"Las\u00a0mu\u00f1equeras largas de Adidas en color negro\u00a0est\u00e1n dise\u00f1adas para ofrecer comodidad y rendimiento. Est\u00e1n hechas con un 74% de poli\u00e9ster reciclado, 23% de algod\u00f3n y 3% de elast\u00e1n, lo que asegura un ajuste suave y flexible. Su capacidad para absorber el sudor las convierte en un accesorio ideal durante entrenamientos o actividades intensas.\" \/>\n<meta property=\"og:url\" content=\"https:\/\/revolutionpadelstore.com\/en\/par-munequera-adidas-larga-negro-2\/\" \/>\n<meta property=\"og:site_name\" content=\"Revolution Padel Store\" \/>\n<meta property=\"article:modified_time\" content=\"2026-04-08T08:02:25+00:00\" \/>\n<meta property=\"og:image\" content=\"https:\/\/revolutionpadelstore.com\/wp-content\/uploads\/2024\/11\/32352_par_munequera_adidas_l_aa4wc1s42_1500x1500_1_9439.webp\" \/>\n\t<meta property=\"og:image:width\" content=\"1500\" \/>\n\t<meta property=\"og:image:height\" content=\"1500\" \/>\n\t<meta property=\"og:image:type\" content=\"image\/webp\" \/>\n<meta name=\"twitter:card\" content=\"summary_large_image\" \/>\n<meta name=\"twitter:label1\" content=\"Est. reading time\" \/>\n\t<meta name=\"twitter:data1\" content=\"1 minute\" \/>\n<script type=\"application\/ld+json\" class=\"yoast-schema-graph\">{\"@context\":\"https:\\\/\\\/schema.org\",\"@graph\":[{\"@type\":\"WebPage\",\"@id\":\"https:\\\/\\\/revolutionpadelstore.com\\\/en\\\/par-munequera-adidas-larga-negro-2\\\/\",\"url\":\"https:\\\/\\\/revolutionpadelstore.com\\\/en\\\/par-munequera-adidas-larga-negro-2\\\/\",\"name\":\"PAR MU\u00d1EQUERA ADIDAS LARGA NEGRO - Revolution Padel Store\",\"isPartOf\":{\"@id\":\"https:\\\/\\\/revolutionpadelstore.com\\\/en\\\/#website\"},\"primaryImageOfPage\":{\"@id\":\"https:\\\/\\\/revolutionpadelstore.com\\\/en\\\/par-munequera-adidas-larga-negro-2\\\/#primaryimage\"},\"image\":{\"@id\":\"https:\\\/\\\/revolutionpadelstore.com\\\/en\\\/par-munequera-adidas-larga-negro-2\\\/#primaryimage\"},\"thumbnailUrl\":\"https:\\\/\\\/revolutionpadelstore.com\\\/wp-content\\\/uploads\\\/2024\\\/11\\\/32352_par_munequera_adidas_l_aa4wc1s42_1500x1500_1_9439.webp\",\"datePublished\":\"2024-11-27T07:18:24+00:00\",\"dateModified\":\"2026-04-08T08:02:25+00:00\",\"description\":\"Las\u00a0mu\u00f1equeras largas de Adidas en color negro\u00a0est\u00e1n dise\u00f1adas para ofrecer comodidad y rendimiento. Est\u00e1n hechas con un 74% de poli\u00e9ster reciclado, 23% de algod\u00f3n y 3% de elast\u00e1n, lo que asegura un ajuste suave y flexible. Su capacidad para absorber el sudor las convierte en un accesorio ideal durante entrenamientos o actividades intensas.\",\"breadcrumb\":{\"@id\":\"https:\\\/\\\/revolutionpadelstore.com\\\/en\\\/par-munequera-adidas-larga-negro-2\\\/#breadcrumb\"},\"inLanguage\":\"en-US\",\"potentialAction\":[{\"@type\":\"ReadAction\",\"target\":[\"https:\\\/\\\/revolutionpadelstore.com\\\/en\\\/par-munequera-adidas-larga-negro-2\\\/\"]}]},{\"@type\":\"ImageObject\",\"inLanguage\":\"en-US\",\"@id\":\"https:\\\/\\\/revolutionpadelstore.com\\\/en\\\/par-munequera-adidas-larga-negro-2\\\/#primaryimage\",\"url\":\"https:\\\/\\\/revolutionpadelstore.com\\\/wp-content\\\/uploads\\\/2024\\\/11\\\/32352_par_munequera_adidas_l_aa4wc1s42_1500x1500_1_9439.webp\",\"contentUrl\":\"https:\\\/\\\/revolutionpadelstore.com\\\/wp-content\\\/uploads\\\/2024\\\/11\\\/32352_par_munequera_adidas_l_aa4wc1s42_1500x1500_1_9439.webp\",\"width\":1500,\"height\":1500},{\"@type\":\"BreadcrumbList\",\"@id\":\"https:\\\/\\\/revolutionpadelstore.com\\\/en\\\/par-munequera-adidas-larga-negro-2\\\/#breadcrumb\",\"itemListElement\":[{\"@type\":\"ListItem\",\"position\":1,\"name\":\"Portada\",\"item\":\"https:\\\/\\\/revolutionpadelstore.com\\\/en\\\/\"},{\"@type\":\"ListItem\",\"position\":2,\"name\":\"Shop\",\"item\":\"https:\\\/\\\/revolutionpadelstore.com\\\/en\\\/shop\\\/\"},{\"@type\":\"ListItem\",\"position\":3,\"name\":\"PAR MU\u00d1EQUERA ADIDAS LARGA NEGRO\"}]},{\"@type\":\"WebSite\",\"@id\":\"https:\\\/\\\/revolutionpadelstore.com\\\/en\\\/#website\",\"url\":\"https:\\\/\\\/revolutionpadelstore.com\\\/en\\\/\",\"name\":\"Revolution Padel Store\",\"description\":\"\",\"publisher\":{\"@id\":\"https:\\\/\\\/revolutionpadelstore.com\\\/en\\\/#organization\"},\"potentialAction\":[{\"@type\":\"SearchAction\",\"target\":{\"@type\":\"EntryPoint\",\"urlTemplate\":\"https:\\\/\\\/revolutionpadelstore.com\\\/en\\\/?s={search_term_string}\"},\"query-input\":{\"@type\":\"PropertyValueSpecification\",\"valueRequired\":true,\"valueName\":\"search_term_string\"}}],\"inLanguage\":\"en-US\"},{\"@type\":\"Organization\",\"@id\":\"https:\\\/\\\/revolutionpadelstore.com\\\/en\\\/#organization\",\"name\":\"Revolution Padel Store\",\"url\":\"https:\\\/\\\/revolutionpadelstore.com\\\/en\\\/\",\"logo\":{\"@type\":\"ImageObject\",\"inLanguage\":\"en-US\",\"@id\":\"https:\\\/\\\/revolutionpadelstore.com\\\/en\\\/#\\\/schema\\\/logo\\\/image\\\/\",\"url\":\"https:\\\/\\\/revolutionpadelstore.com\\\/wp-content\\\/uploads\\\/2026\\\/02\\\/revolution-padel-store.jpg\",\"contentUrl\":\"https:\\\/\\\/revolutionpadelstore.com\\\/wp-content\\\/uploads\\\/2026\\\/02\\\/revolution-padel-store.jpg\",\"width\":2000,\"height\":2000,\"caption\":\"Revolution Padel Store\"},\"image\":{\"@id\":\"https:\\\/\\\/revolutionpadelstore.com\\\/en\\\/#\\\/schema\\\/logo\\\/image\\\/\"},\"sameAs\":[\"https:\\\/\\\/www.instagram.com\\\/revolutionpadelstore\\\/\"]}]}<\/script>\n<!-- \/ Yoast SEO plugin. -->","yoast_head_json":{"title":"PAR MU\u00d1EQUERA ADIDAS LARGA NEGRO - Revolution Padel Store","description":"Las\u00a0mu\u00f1equeras largas de Adidas en color negro\u00a0est\u00e1n dise\u00f1adas para ofrecer comodidad y rendimiento. Est\u00e1n hechas con un 74% de poli\u00e9ster reciclado, 23% de algod\u00f3n y 3% de elast\u00e1n, lo que asegura un ajuste suave y flexible. Su capacidad para absorber el sudor las convierte en un accesorio ideal durante entrenamientos o actividades intensas.","robots":{"index":"index","follow":"follow","max-snippet":"max-snippet:-1","max-image-preview":"max-image-preview:large","max-video-preview":"max-video-preview:-1"},"canonical":"https:\/\/revolutionpadelstore.com\/en\/par-munequera-adidas-larga-negro-2\/","og_locale":"en_US","og_type":"article","og_title":"PAR MU\u00d1EQUERA ADIDAS LARGA NEGRO - Revolution Padel Store","og_description":"Las\u00a0mu\u00f1equeras largas de Adidas en color negro\u00a0est\u00e1n dise\u00f1adas para ofrecer comodidad y rendimiento. Est\u00e1n hechas con un 74% de poli\u00e9ster reciclado, 23% de algod\u00f3n y 3% de elast\u00e1n, lo que asegura un ajuste suave y flexible. Su capacidad para absorber el sudor las convierte en un accesorio ideal durante entrenamientos o actividades intensas.","og_url":"https:\/\/revolutionpadelstore.com\/en\/par-munequera-adidas-larga-negro-2\/","og_site_name":"Revolution Padel Store","article_modified_time":"2026-04-08T08:02:25+00:00","og_image":[{"width":1500,"height":1500,"url":"https:\/\/revolutionpadelstore.com\/wp-content\/uploads\/2024\/11\/32352_par_munequera_adidas_l_aa4wc1s42_1500x1500_1_9439.webp","type":"image\/webp"}],"twitter_card":"summary_large_image","twitter_misc":{"Est. reading time":"1 minute"},"schema":{"@context":"https:\/\/schema.org","@graph":[{"@type":"WebPage","@id":"https:\/\/revolutionpadelstore.com\/en\/par-munequera-adidas-larga-negro-2\/","url":"https:\/\/revolutionpadelstore.com\/en\/par-munequera-adidas-larga-negro-2\/","name":"PAR MU\u00d1EQUERA ADIDAS LARGA NEGRO - Revolution Padel Store","isPartOf":{"@id":"https:\/\/revolutionpadelstore.com\/en\/#website"},"primaryImageOfPage":{"@id":"https:\/\/revolutionpadelstore.com\/en\/par-munequera-adidas-larga-negro-2\/#primaryimage"},"image":{"@id":"https:\/\/revolutionpadelstore.com\/en\/par-munequera-adidas-larga-negro-2\/#primaryimage"},"thumbnailUrl":"https:\/\/revolutionpadelstore.com\/wp-content\/uploads\/2024\/11\/32352_par_munequera_adidas_l_aa4wc1s42_1500x1500_1_9439.webp","datePublished":"2024-11-27T07:18:24+00:00","dateModified":"2026-04-08T08:02:25+00:00","description":"Las\u00a0mu\u00f1equeras largas de Adidas en color negro\u00a0est\u00e1n dise\u00f1adas para ofrecer comodidad y rendimiento. Est\u00e1n hechas con un 74% de poli\u00e9ster reciclado, 23% de algod\u00f3n y 3% de elast\u00e1n, lo que asegura un ajuste suave y flexible. Su capacidad para absorber el sudor las convierte en un accesorio ideal durante entrenamientos o actividades intensas.","breadcrumb":{"@id":"https:\/\/revolutionpadelstore.com\/en\/par-munequera-adidas-larga-negro-2\/#breadcrumb"},"inLanguage":"en-US","potentialAction":[{"@type":"ReadAction","target":["https:\/\/revolutionpadelstore.com\/en\/par-munequera-adidas-larga-negro-2\/"]}]},{"@type":"ImageObject","inLanguage":"en-US","@id":"https:\/\/revolutionpadelstore.com\/en\/par-munequera-adidas-larga-negro-2\/#primaryimage","url":"https:\/\/revolutionpadelstore.com\/wp-content\/uploads\/2024\/11\/32352_par_munequera_adidas_l_aa4wc1s42_1500x1500_1_9439.webp","contentUrl":"https:\/\/revolutionpadelstore.com\/wp-content\/uploads\/2024\/11\/32352_par_munequera_adidas_l_aa4wc1s42_1500x1500_1_9439.webp","width":1500,"height":1500},{"@type":"BreadcrumbList","@id":"https:\/\/revolutionpadelstore.com\/en\/par-munequera-adidas-larga-negro-2\/#breadcrumb","itemListElement":[{"@type":"ListItem","position":1,"name":"Portada","item":"https:\/\/revolutionpadelstore.com\/en\/"},{"@type":"ListItem","position":2,"name":"Shop","item":"https:\/\/revolutionpadelstore.com\/en\/shop\/"},{"@type":"ListItem","position":3,"name":"PAR MU\u00d1EQUERA ADIDAS LARGA NEGRO"}]},{"@type":"WebSite","@id":"https:\/\/revolutionpadelstore.com\/en\/#website","url":"https:\/\/revolutionpadelstore.com\/en\/","name":"Revolution Padel Store","description":"","publisher":{"@id":"https:\/\/revolutionpadelstore.com\/en\/#organization"},"potentialAction":[{"@type":"SearchAction","target":{"@type":"EntryPoint","urlTemplate":"https:\/\/revolutionpadelstore.com\/en\/?s={search_term_string}"},"query-input":{"@type":"PropertyValueSpecification","valueRequired":true,"valueName":"search_term_string"}}],"inLanguage":"en-US"},{"@type":"Organization","@id":"https:\/\/revolutionpadelstore.com\/en\/#organization","name":"Revolution Padel Store","url":"https:\/\/revolutionpadelstore.com\/en\/","logo":{"@type":"ImageObject","inLanguage":"en-US","@id":"https:\/\/revolutionpadelstore.com\/en\/#\/schema\/logo\/image\/","url":"https:\/\/revolutionpadelstore.com\/wp-content\/uploads\/2026\/02\/revolution-padel-store.jpg","contentUrl":"https:\/\/revolutionpadelstore.com\/wp-content\/uploads\/2026\/02\/revolution-padel-store.jpg","width":2000,"height":2000,"caption":"Revolution Padel Store"},"image":{"@id":"https:\/\/revolutionpadelstore.com\/en\/#\/schema\/logo\/image\/"},"sameAs":["https:\/\/www.instagram.com\/revolutionpadelstore\/"]}]}},"_links":{"self":[{"href":"https:\/\/revolutionpadelstore.com\/en\/wp-json\/wp\/v2\/product\/129462","targetHints":{"allow":["GET"]}}],"collection":[{"href":"https:\/\/revolutionpadelstore.com\/en\/wp-json\/wp\/v2\/product"}],"about":[{"href":"https:\/\/revolutionpadelstore.com\/en\/wp-json\/wp\/v2\/types\/product"}],"replies":[{"embeddable":true,"href":"https:\/\/revolutionpadelstore.com\/en\/wp-json\/wp\/v2\/comments?post=129462"}],"wp:featuredmedia":[{"embeddable":true,"href":"https:\/\/revolutionpadelstore.com\/en\/wp-json\/wp\/v2\/media\/129439"}],"wp:attachment":[{"href":"https:\/\/revolutionpadelstore.com\/en\/wp-json\/wp\/v2\/media?parent=129462"}],"wp:term":[{"taxonomy":"acabado","embeddable":true,"href":"https:\/\/revolutionpadelstore.com\/en\/wp-json\/wp\/v2\/acabado?post=129462"},{"taxonomy":"balance","embeddable":true,"href":"https:\/\/revolutionpadelstore.com\/en\/wp-json\/wp\/v2\/balance?post=129462"},{"taxonomy":"dureza","embeddable":true,"href":"https:\/\/revolutionpadelstore.com\/en\/wp-json\/wp\/v2\/dureza?post=129462"},{"taxonomy":"forma","embeddable":true,"href":"https:\/\/revolutionpadelstore.com\/en\/wp-json\/wp\/v2\/forma?post=129462"},{"taxonomy":"jugador","embeddable":true,"href":"https:\/\/revolutionpadelstore.com\/en\/wp-json\/wp\/v2\/jugador?post=129462"},{"taxonomy":"marca","embeddable":true,"href":"https:\/\/revolutionpadelstore.com\/en\/wp-json\/wp\/v2\/marca?post=129462"},{"taxonomy":"nivel-de-juego","embeddable":true,"href":"https:\/\/revolutionpadelstore.com\/en\/wp-json\/wp\/v2\/nivel-de-juego?post=129462"},{"taxonomy":"superficie","embeddable":true,"href":"https:\/\/revolutionpadelstore.com\/en\/wp-json\/wp\/v2\/superficie?post=129462"},{"taxonomy":"tipo-de-juego","embeddable":true,"href":"https:\/\/revolutionpadelstore.com\/en\/wp-json\/wp\/v2\/tipo-de-juego?post=129462"},{"taxonomy":"product_brand","embeddable":true,"href":"https:\/\/revolutionpadelstore.com\/en\/wp-json\/wp\/v2\/product_brand?post=129462"},{"taxonomy":"product_cat","embeddable":true,"href":"https:\/\/revolutionpadelstore.com\/en\/wp-json\/wp\/v2\/product_cat?post=129462"},{"taxonomy":"product_tag","embeddable":true,"href":"https:\/\/revolutionpadelstore.com\/en\/wp-json\/wp\/v2\/product_tag?post=129462"}],"curies":[{"name":"wp","href":"https:\/\/api.w.org\/{rel}","templated":true}]}}