{"id":12945,"date":"2024-04-22T15:25:57","date_gmt":"2024-04-22T13:25:57","guid":{"rendered":"https:\/\/revolutionpadelstore.com\/joma-t-smash-2308-tsmas2308p-naranja-fluor\/"},"modified":"2026-04-08T11:28:23","modified_gmt":"2026-04-08T09:28:23","slug":"joma-t-smash-2308-tsmas2308p-naranja-fluor-2","status":"publish","type":"product","link":"https:\/\/revolutionpadelstore.com\/en\/joma-t-smash-2308-tsmas2308p-naranja-fluor-2\/","title":{"rendered":"JOMA T.SMASH 2308 TSMAS2308P NARANJA FL\u00daOR"},"content":{"rendered":"<p>Discover at Revolution Padel Store the incredible Joma T.Smash 2308 Fluor Orange padel shoes, designed with high quality and resistant materials to provide you with optimal performance on the court. Made with nylon and microfiber, these sneakers guarantee exceptional durability. In addition, its DURABILITY technology in the sole and the FULL DUAL PULSOR system in the midsole offer greater resistance to wear and optimal cushioning in every movement.<\/p>\n<p>But that&#8217;s not all, the Joma T.Smash 2308 shoes also have the STABILIS system, which prevents inappropriate movements in the foot, and the VTS system that guarantees adequate ventilation for your feet. And for greater protection and comfort, its EXO COUNTER buttress and REACTIVE BALL material give you excellent impact absorption with each step.<\/p>\n<p>Don&#8217;t wait any longer and buy the Joma T.Smash 2308 Fluor Orange padel shoes with advanced technologies at Revolution Padel Store, your trusted store for everything related to padel. Experience more comfortable and safer play with these incredible shoes. Get them now!<\/p>\n","protected":false},"excerpt":{"rendered":"<p>Discover the Joma T.Smash 2308 Fluorescent Orange padel shoes at Revolution Padel Store, with advanced technologies for greater durability and comfort.<\/p>\n","protected":false},"featured_media":33789,"comment_status":"closed","ping_status":"closed","template":"","meta":{"_acf_changed":false,"_joinchat":[]},"acabado":[],"balance":[],"dureza":[],"forma":[],"jugador":[1193],"marca":[1228],"nivel-de-juego":[1338,1343,1348],"superficie":[],"tipo-de-juego":[1373,1378],"product_brand":[],"product_cat":[410],"product_tag":[],"class_list":{"0":"post-12945","1":"product","2":"type-product","3":"status-publish","4":"has-post-thumbnail","6":"jugador-hombre-en","7":"marca-joma-en","8":"tipo-de-juego-control-en","9":"tipo-de-juego-potencia-en","10":"product_cat-mens-sneakers","12":"first","13":"instock","14":"sale","15":"taxable","16":"shipping-taxable","17":"purchasable","18":"product-type-variable","19":"has-default-attributes"},"acf":[],"yoast_head":"<!-- This site is optimized with the Yoast SEO plugin v27.4 - https:\/\/yoast.com\/product\/yoast-seo-wordpress\/ -->\n<title>JOMA T.SMASH 2308 TSMAS2308P NARANJA FL\u00daOR - Revolution Padel Store<\/title>\n<meta name=\"description\" content=\"Descubre las zapatillas de p\u00e1del Joma T.Smash 2308 Naranja Fl\u00faor en Revolution Padel Store, con tecnolog\u00edas avanzadas para mayor durabilidad y comodidad.\" \/>\n<meta name=\"robots\" content=\"index, follow, max-snippet:-1, max-image-preview:large, max-video-preview:-1\" \/>\n<link rel=\"canonical\" href=\"https:\/\/revolutionpadelstore.com\/en\/joma-t-smash-2308-tsmas2308p-naranja-fluor-2\/\" \/>\n<meta property=\"og:locale\" content=\"en_US\" \/>\n<meta property=\"og:type\" content=\"article\" \/>\n<meta property=\"og:title\" content=\"JOMA T.SMASH 2308 TSMAS2308P NARANJA FL\u00daOR - Revolution Padel Store\" \/>\n<meta property=\"og:description\" content=\"Descubre las zapatillas de p\u00e1del Joma T.Smash 2308 Naranja Fl\u00faor en Revolution Padel Store, con tecnolog\u00edas avanzadas para mayor durabilidad y comodidad.\" \/>\n<meta property=\"og:url\" content=\"https:\/\/revolutionpadelstore.com\/en\/joma-t-smash-2308-tsmas2308p-naranja-fluor-2\/\" \/>\n<meta property=\"og:site_name\" content=\"Revolution Padel Store\" \/>\n<meta property=\"article:modified_time\" content=\"2026-04-08T09:28:23+00:00\" \/>\n<meta property=\"og:image\" content=\"https:\/\/revolutionpadelstore.com\/wp-content\/uploads\/2024\/04\/C-106569-P-0-4.jpg\" \/>\n\t<meta property=\"og:image:width\" content=\"1500\" \/>\n\t<meta property=\"og:image:height\" content=\"1500\" \/>\n\t<meta property=\"og:image:type\" content=\"image\/png\" \/>\n<meta name=\"twitter:card\" content=\"summary_large_image\" \/>\n<meta name=\"twitter:label1\" content=\"Est. reading time\" \/>\n\t<meta name=\"twitter:data1\" content=\"2 minutes\" \/>\n<script type=\"application\/ld+json\" class=\"yoast-schema-graph\">{\"@context\":\"https:\\\/\\\/schema.org\",\"@graph\":[{\"@type\":\"WebPage\",\"@id\":\"https:\\\/\\\/revolutionpadelstore.com\\\/en\\\/joma-t-smash-2308-tsmas2308p-naranja-fluor-2\\\/\",\"url\":\"https:\\\/\\\/revolutionpadelstore.com\\\/en\\\/joma-t-smash-2308-tsmas2308p-naranja-fluor-2\\\/\",\"name\":\"JOMA T.SMASH 2308 TSMAS2308P NARANJA FL\u00daOR - Revolution Padel Store\",\"isPartOf\":{\"@id\":\"https:\\\/\\\/revolutionpadelstore.com\\\/en\\\/#website\"},\"primaryImageOfPage\":{\"@id\":\"https:\\\/\\\/revolutionpadelstore.com\\\/en\\\/joma-t-smash-2308-tsmas2308p-naranja-fluor-2\\\/#primaryimage\"},\"image\":{\"@id\":\"https:\\\/\\\/revolutionpadelstore.com\\\/en\\\/joma-t-smash-2308-tsmas2308p-naranja-fluor-2\\\/#primaryimage\"},\"thumbnailUrl\":\"https:\\\/\\\/revolutionpadelstore.com\\\/wp-content\\\/uploads\\\/2024\\\/04\\\/C-106569-P-0-4.jpg\",\"datePublished\":\"2024-04-22T13:25:57+00:00\",\"dateModified\":\"2026-04-08T09:28:23+00:00\",\"description\":\"Descubre las zapatillas de p\u00e1del Joma T.Smash 2308 Naranja Fl\u00faor en Revolution Padel Store, con tecnolog\u00edas avanzadas para mayor durabilidad y comodidad.\",\"breadcrumb\":{\"@id\":\"https:\\\/\\\/revolutionpadelstore.com\\\/en\\\/joma-t-smash-2308-tsmas2308p-naranja-fluor-2\\\/#breadcrumb\"},\"inLanguage\":\"en-US\",\"potentialAction\":[{\"@type\":\"ReadAction\",\"target\":[\"https:\\\/\\\/revolutionpadelstore.com\\\/en\\\/joma-t-smash-2308-tsmas2308p-naranja-fluor-2\\\/\"]}]},{\"@type\":\"ImageObject\",\"inLanguage\":\"en-US\",\"@id\":\"https:\\\/\\\/revolutionpadelstore.com\\\/en\\\/joma-t-smash-2308-tsmas2308p-naranja-fluor-2\\\/#primaryimage\",\"url\":\"https:\\\/\\\/revolutionpadelstore.com\\\/wp-content\\\/uploads\\\/2024\\\/04\\\/C-106569-P-0-4.jpg\",\"contentUrl\":\"https:\\\/\\\/revolutionpadelstore.com\\\/wp-content\\\/uploads\\\/2024\\\/04\\\/C-106569-P-0-4.jpg\",\"width\":1500,\"height\":1500},{\"@type\":\"BreadcrumbList\",\"@id\":\"https:\\\/\\\/revolutionpadelstore.com\\\/en\\\/joma-t-smash-2308-tsmas2308p-naranja-fluor-2\\\/#breadcrumb\",\"itemListElement\":[{\"@type\":\"ListItem\",\"position\":1,\"name\":\"Portada\",\"item\":\"https:\\\/\\\/revolutionpadelstore.com\\\/en\\\/\"},{\"@type\":\"ListItem\",\"position\":2,\"name\":\"Shop\",\"item\":\"https:\\\/\\\/revolutionpadelstore.com\\\/en\\\/shop\\\/\"},{\"@type\":\"ListItem\",\"position\":3,\"name\":\"JOMA T.SMASH 2308 TSMAS2308P NARANJA FL\u00daOR\"}]},{\"@type\":\"WebSite\",\"@id\":\"https:\\\/\\\/revolutionpadelstore.com\\\/en\\\/#website\",\"url\":\"https:\\\/\\\/revolutionpadelstore.com\\\/en\\\/\",\"name\":\"Revolution Padel Store\",\"description\":\"\",\"publisher\":{\"@id\":\"https:\\\/\\\/revolutionpadelstore.com\\\/en\\\/#organization\"},\"potentialAction\":[{\"@type\":\"SearchAction\",\"target\":{\"@type\":\"EntryPoint\",\"urlTemplate\":\"https:\\\/\\\/revolutionpadelstore.com\\\/en\\\/?s={search_term_string}\"},\"query-input\":{\"@type\":\"PropertyValueSpecification\",\"valueRequired\":true,\"valueName\":\"search_term_string\"}}],\"inLanguage\":\"en-US\"},{\"@type\":\"Organization\",\"@id\":\"https:\\\/\\\/revolutionpadelstore.com\\\/en\\\/#organization\",\"name\":\"Revolution Padel Store\",\"url\":\"https:\\\/\\\/revolutionpadelstore.com\\\/en\\\/\",\"logo\":{\"@type\":\"ImageObject\",\"inLanguage\":\"en-US\",\"@id\":\"https:\\\/\\\/revolutionpadelstore.com\\\/en\\\/#\\\/schema\\\/logo\\\/image\\\/\",\"url\":\"https:\\\/\\\/revolutionpadelstore.com\\\/wp-content\\\/uploads\\\/2026\\\/02\\\/revolution-padel-store.jpg\",\"contentUrl\":\"https:\\\/\\\/revolutionpadelstore.com\\\/wp-content\\\/uploads\\\/2026\\\/02\\\/revolution-padel-store.jpg\",\"width\":2000,\"height\":2000,\"caption\":\"Revolution Padel Store\"},\"image\":{\"@id\":\"https:\\\/\\\/revolutionpadelstore.com\\\/en\\\/#\\\/schema\\\/logo\\\/image\\\/\"},\"sameAs\":[\"https:\\\/\\\/www.instagram.com\\\/revolutionpadelstore\\\/\"]}]}<\/script>\n<!-- \/ Yoast SEO plugin. -->","yoast_head_json":{"title":"JOMA T.SMASH 2308 TSMAS2308P NARANJA FL\u00daOR - Revolution Padel Store","description":"Descubre las zapatillas de p\u00e1del Joma T.Smash 2308 Naranja Fl\u00faor en Revolution Padel Store, con tecnolog\u00edas avanzadas para mayor durabilidad y comodidad.","robots":{"index":"index","follow":"follow","max-snippet":"max-snippet:-1","max-image-preview":"max-image-preview:large","max-video-preview":"max-video-preview:-1"},"canonical":"https:\/\/revolutionpadelstore.com\/en\/joma-t-smash-2308-tsmas2308p-naranja-fluor-2\/","og_locale":"en_US","og_type":"article","og_title":"JOMA T.SMASH 2308 TSMAS2308P NARANJA FL\u00daOR - Revolution Padel Store","og_description":"Descubre las zapatillas de p\u00e1del Joma T.Smash 2308 Naranja Fl\u00faor en Revolution Padel Store, con tecnolog\u00edas avanzadas para mayor durabilidad y comodidad.","og_url":"https:\/\/revolutionpadelstore.com\/en\/joma-t-smash-2308-tsmas2308p-naranja-fluor-2\/","og_site_name":"Revolution Padel Store","article_modified_time":"2026-04-08T09:28:23+00:00","og_image":[{"width":1500,"height":1500,"url":"https:\/\/revolutionpadelstore.com\/wp-content\/uploads\/2024\/04\/C-106569-P-0-4.jpg","type":"image\/png"}],"twitter_card":"summary_large_image","twitter_misc":{"Est. reading time":"2 minutes"},"schema":{"@context":"https:\/\/schema.org","@graph":[{"@type":"WebPage","@id":"https:\/\/revolutionpadelstore.com\/en\/joma-t-smash-2308-tsmas2308p-naranja-fluor-2\/","url":"https:\/\/revolutionpadelstore.com\/en\/joma-t-smash-2308-tsmas2308p-naranja-fluor-2\/","name":"JOMA T.SMASH 2308 TSMAS2308P NARANJA FL\u00daOR - Revolution Padel Store","isPartOf":{"@id":"https:\/\/revolutionpadelstore.com\/en\/#website"},"primaryImageOfPage":{"@id":"https:\/\/revolutionpadelstore.com\/en\/joma-t-smash-2308-tsmas2308p-naranja-fluor-2\/#primaryimage"},"image":{"@id":"https:\/\/revolutionpadelstore.com\/en\/joma-t-smash-2308-tsmas2308p-naranja-fluor-2\/#primaryimage"},"thumbnailUrl":"https:\/\/revolutionpadelstore.com\/wp-content\/uploads\/2024\/04\/C-106569-P-0-4.jpg","datePublished":"2024-04-22T13:25:57+00:00","dateModified":"2026-04-08T09:28:23+00:00","description":"Descubre las zapatillas de p\u00e1del Joma T.Smash 2308 Naranja Fl\u00faor en Revolution Padel Store, con tecnolog\u00edas avanzadas para mayor durabilidad y comodidad.","breadcrumb":{"@id":"https:\/\/revolutionpadelstore.com\/en\/joma-t-smash-2308-tsmas2308p-naranja-fluor-2\/#breadcrumb"},"inLanguage":"en-US","potentialAction":[{"@type":"ReadAction","target":["https:\/\/revolutionpadelstore.com\/en\/joma-t-smash-2308-tsmas2308p-naranja-fluor-2\/"]}]},{"@type":"ImageObject","inLanguage":"en-US","@id":"https:\/\/revolutionpadelstore.com\/en\/joma-t-smash-2308-tsmas2308p-naranja-fluor-2\/#primaryimage","url":"https:\/\/revolutionpadelstore.com\/wp-content\/uploads\/2024\/04\/C-106569-P-0-4.jpg","contentUrl":"https:\/\/revolutionpadelstore.com\/wp-content\/uploads\/2024\/04\/C-106569-P-0-4.jpg","width":1500,"height":1500},{"@type":"BreadcrumbList","@id":"https:\/\/revolutionpadelstore.com\/en\/joma-t-smash-2308-tsmas2308p-naranja-fluor-2\/#breadcrumb","itemListElement":[{"@type":"ListItem","position":1,"name":"Portada","item":"https:\/\/revolutionpadelstore.com\/en\/"},{"@type":"ListItem","position":2,"name":"Shop","item":"https:\/\/revolutionpadelstore.com\/en\/shop\/"},{"@type":"ListItem","position":3,"name":"JOMA T.SMASH 2308 TSMAS2308P NARANJA FL\u00daOR"}]},{"@type":"WebSite","@id":"https:\/\/revolutionpadelstore.com\/en\/#website","url":"https:\/\/revolutionpadelstore.com\/en\/","name":"Revolution Padel Store","description":"","publisher":{"@id":"https:\/\/revolutionpadelstore.com\/en\/#organization"},"potentialAction":[{"@type":"SearchAction","target":{"@type":"EntryPoint","urlTemplate":"https:\/\/revolutionpadelstore.com\/en\/?s={search_term_string}"},"query-input":{"@type":"PropertyValueSpecification","valueRequired":true,"valueName":"search_term_string"}}],"inLanguage":"en-US"},{"@type":"Organization","@id":"https:\/\/revolutionpadelstore.com\/en\/#organization","name":"Revolution Padel Store","url":"https:\/\/revolutionpadelstore.com\/en\/","logo":{"@type":"ImageObject","inLanguage":"en-US","@id":"https:\/\/revolutionpadelstore.com\/en\/#\/schema\/logo\/image\/","url":"https:\/\/revolutionpadelstore.com\/wp-content\/uploads\/2026\/02\/revolution-padel-store.jpg","contentUrl":"https:\/\/revolutionpadelstore.com\/wp-content\/uploads\/2026\/02\/revolution-padel-store.jpg","width":2000,"height":2000,"caption":"Revolution Padel Store"},"image":{"@id":"https:\/\/revolutionpadelstore.com\/en\/#\/schema\/logo\/image\/"},"sameAs":["https:\/\/www.instagram.com\/revolutionpadelstore\/"]}]}},"_links":{"self":[{"href":"https:\/\/revolutionpadelstore.com\/en\/wp-json\/wp\/v2\/product\/12945","targetHints":{"allow":["GET"]}}],"collection":[{"href":"https:\/\/revolutionpadelstore.com\/en\/wp-json\/wp\/v2\/product"}],"about":[{"href":"https:\/\/revolutionpadelstore.com\/en\/wp-json\/wp\/v2\/types\/product"}],"replies":[{"embeddable":true,"href":"https:\/\/revolutionpadelstore.com\/en\/wp-json\/wp\/v2\/comments?post=12945"}],"wp:featuredmedia":[{"embeddable":true,"href":"https:\/\/revolutionpadelstore.com\/en\/wp-json\/wp\/v2\/media\/33789"}],"wp:attachment":[{"href":"https:\/\/revolutionpadelstore.com\/en\/wp-json\/wp\/v2\/media?parent=12945"}],"wp:term":[{"taxonomy":"acabado","embeddable":true,"href":"https:\/\/revolutionpadelstore.com\/en\/wp-json\/wp\/v2\/acabado?post=12945"},{"taxonomy":"balance","embeddable":true,"href":"https:\/\/revolutionpadelstore.com\/en\/wp-json\/wp\/v2\/balance?post=12945"},{"taxonomy":"dureza","embeddable":true,"href":"https:\/\/revolutionpadelstore.com\/en\/wp-json\/wp\/v2\/dureza?post=12945"},{"taxonomy":"forma","embeddable":true,"href":"https:\/\/revolutionpadelstore.com\/en\/wp-json\/wp\/v2\/forma?post=12945"},{"taxonomy":"jugador","embeddable":true,"href":"https:\/\/revolutionpadelstore.com\/en\/wp-json\/wp\/v2\/jugador?post=12945"},{"taxonomy":"marca","embeddable":true,"href":"https:\/\/revolutionpadelstore.com\/en\/wp-json\/wp\/v2\/marca?post=12945"},{"taxonomy":"nivel-de-juego","embeddable":true,"href":"https:\/\/revolutionpadelstore.com\/en\/wp-json\/wp\/v2\/nivel-de-juego?post=12945"},{"taxonomy":"superficie","embeddable":true,"href":"https:\/\/revolutionpadelstore.com\/en\/wp-json\/wp\/v2\/superficie?post=12945"},{"taxonomy":"tipo-de-juego","embeddable":true,"href":"https:\/\/revolutionpadelstore.com\/en\/wp-json\/wp\/v2\/tipo-de-juego?post=12945"},{"taxonomy":"product_brand","embeddable":true,"href":"https:\/\/revolutionpadelstore.com\/en\/wp-json\/wp\/v2\/product_brand?post=12945"},{"taxonomy":"product_cat","embeddable":true,"href":"https:\/\/revolutionpadelstore.com\/en\/wp-json\/wp\/v2\/product_cat?post=12945"},{"taxonomy":"product_tag","embeddable":true,"href":"https:\/\/revolutionpadelstore.com\/en\/wp-json\/wp\/v2\/product_tag?post=12945"}],"curies":[{"name":"wp","href":"https:\/\/api.w.org\/{rel}","templated":true}]}}