{"id":129408,"date":"2024-11-27T07:56:52","date_gmt":"2024-11-27T06:56:52","guid":{"rendered":"https:\/\/revolutionpadelstore.com\/paletero-adidas-multigame-3-3-black\/"},"modified":"2026-04-08T10:03:39","modified_gmt":"2026-04-08T08:03:39","slug":"paletero-adidas-multigame-3-3-black-2","status":"publish","type":"product","link":"https:\/\/revolutionpadelstore.com\/en\/paletero-adidas-multigame-3-3-black-2\/","title":{"rendered":"PALETERO ADIDAS MULTIGAME 3.3 BLACK"},"content":{"rendered":"<h2> adidas paletero multigame 3.3 black, comfortable transport <\/ h2><br \/>\nThe <strong> paletero adidas multigame 3.3 in black <\/strong> is the ideal option for those paddle players who look for the maximum comfort in their way to the track, since it incorporates <strong> padded mesh straps and adjustable handles <\/Strong>. It includes the firm of the <strong> player Ale Gal\u00e1n <\/strong>, which adds exclusivity to this <strong> adidas accessory. <\/strong><\/p>\n<p>It is made with <strong> 100%polyester tissue <\/strong>, a light and durable material, which <strong> resists of wear effectively and repels the water <\/strong>, which protects the inside of the backpack and increases The useful life. In addition, it has dimensions of <strong> 56 cm x 35 cm x 29 cm <\/strong> with capacity for 58 l. Its design, in black and red, is powerful and daring.<\/p>\n<h2> carries everything necessary <\/ h2><br \/>\nAs for capacity, this <strong> adidas paletero <\/strong> allows you clothes. While the <strong> two lateral pockets with thermal insulation <\/strong> have enough space for two blades in each, that is, a total of four shovels.<\/p>\n<p>In addition, it incorporates other <strong> two narrow side pockets <\/strong> to store ball boats or water bottles with a perfect adjustment, as well as a <strong> independent compartment for footwear <\/strong>, manufactured with a mesh panel which favors optimal ventilation and breathability.<\/p>\n<h2>Paletero Adidas Multigame 3.3 Black, transporte c\u00f3modo<\/h2>\n","protected":false},"excerpt":{"rendered":"<p>Paletero Adidas Multigame 3.3 Black, signed by Ale Gal\u00e1n, facilitates the comfortable transport of your equipment thanks to its great storage capacity. 100%polyester.<\/p>\n","protected":false},"featured_media":129378,"comment_status":"open","ping_status":"closed","template":"","meta":{"_acf_changed":false,"_joinchat":[]},"acabado":[],"balance":[],"dureza":[],"forma":[],"jugador":[],"marca":[1233],"nivel-de-juego":[],"superficie":[],"tipo-de-juego":[],"product_brand":[],"product_cat":[322],"product_tag":[],"class_list":{"0":"post-129408","1":"product","2":"type-product","3":"status-publish","4":"has-post-thumbnail","6":"marca-adidas-en","7":"product_cat-bags","9":"first","10":"outofstock","11":"taxable","12":"shipping-taxable","13":"purchasable","14":"product-type-simple"},"acf":[],"yoast_head":"<!-- This site is optimized with the Yoast SEO plugin v27.4 - https:\/\/yoast.com\/product\/yoast-seo-wordpress\/ -->\n<title>PALETERO ADIDAS MULTIGAME 3.3 BLACK - Revolution Padel Store<\/title>\n<meta name=\"description\" content=\"El Paletero Adidas Multigame 3.3 en color negro es la opci\u00f3n ideal para aquellos jugadores de p\u00e1del que busquen el m\u00e1ximo confort en su camino a la pista, ya que incorpora correas de malla acolchadas y asas ajustables. Incluye la firma del jugador Ale Gal\u00e1n, lo que suma exclusividad a este accesorio Adidas.\" \/>\n<meta name=\"robots\" content=\"index, follow, max-snippet:-1, max-image-preview:large, max-video-preview:-1\" \/>\n<link rel=\"canonical\" href=\"https:\/\/revolutionpadelstore.com\/en\/paletero-adidas-multigame-3-3-black-2\/\" \/>\n<meta property=\"og:locale\" content=\"en_US\" \/>\n<meta property=\"og:type\" content=\"article\" \/>\n<meta property=\"og:title\" content=\"PALETERO ADIDAS MULTIGAME 3.3 BLACK - Revolution Padel Store\" \/>\n<meta property=\"og:description\" content=\"El Paletero Adidas Multigame 3.3 en color negro es la opci\u00f3n ideal para aquellos jugadores de p\u00e1del que busquen el m\u00e1ximo confort en su camino a la pista, ya que incorpora correas de malla acolchadas y asas ajustables. Incluye la firma del jugador Ale Gal\u00e1n, lo que suma exclusividad a este accesorio Adidas.\" \/>\n<meta property=\"og:url\" content=\"https:\/\/revolutionpadelstore.com\/en\/paletero-adidas-multigame-3-3-black-2\/\" \/>\n<meta property=\"og:site_name\" content=\"Revolution Padel Store\" \/>\n<meta property=\"article:modified_time\" content=\"2026-04-08T08:03:39+00:00\" \/>\n<meta property=\"og:image\" content=\"https:\/\/revolutionpadelstore.com\/wp-content\/uploads\/2024\/11\/110155_padel_webs_padel_y_grupo_paletero_adidas_racketbag_multigame_3_3_black_a_14e4.webp\" \/>\n\t<meta property=\"og:image:width\" content=\"1500\" \/>\n\t<meta property=\"og:image:height\" content=\"1500\" \/>\n\t<meta property=\"og:image:type\" content=\"image\/webp\" \/>\n<meta name=\"twitter:card\" content=\"summary_large_image\" \/>\n<meta name=\"twitter:label1\" content=\"Est. reading time\" \/>\n\t<meta name=\"twitter:data1\" content=\"2 minutes\" \/>\n<script type=\"application\/ld+json\" class=\"yoast-schema-graph\">{\"@context\":\"https:\\\/\\\/schema.org\",\"@graph\":[{\"@type\":\"WebPage\",\"@id\":\"https:\\\/\\\/revolutionpadelstore.com\\\/en\\\/paletero-adidas-multigame-3-3-black-2\\\/\",\"url\":\"https:\\\/\\\/revolutionpadelstore.com\\\/en\\\/paletero-adidas-multigame-3-3-black-2\\\/\",\"name\":\"PALETERO ADIDAS MULTIGAME 3.3 BLACK - Revolution Padel Store\",\"isPartOf\":{\"@id\":\"https:\\\/\\\/revolutionpadelstore.com\\\/en\\\/#website\"},\"primaryImageOfPage\":{\"@id\":\"https:\\\/\\\/revolutionpadelstore.com\\\/en\\\/paletero-adidas-multigame-3-3-black-2\\\/#primaryimage\"},\"image\":{\"@id\":\"https:\\\/\\\/revolutionpadelstore.com\\\/en\\\/paletero-adidas-multigame-3-3-black-2\\\/#primaryimage\"},\"thumbnailUrl\":\"https:\\\/\\\/revolutionpadelstore.com\\\/wp-content\\\/uploads\\\/2024\\\/11\\\/110155_padel_webs_padel_y_grupo_paletero_adidas_racketbag_multigame_3_3_black_a_14e4.webp\",\"datePublished\":\"2024-11-27T06:56:52+00:00\",\"dateModified\":\"2026-04-08T08:03:39+00:00\",\"description\":\"El Paletero Adidas Multigame 3.3 en color negro es la opci\u00f3n ideal para aquellos jugadores de p\u00e1del que busquen el m\u00e1ximo confort en su camino a la pista, ya que incorpora correas de malla acolchadas y asas ajustables. Incluye la firma del jugador Ale Gal\u00e1n, lo que suma exclusividad a este accesorio Adidas.\",\"breadcrumb\":{\"@id\":\"https:\\\/\\\/revolutionpadelstore.com\\\/en\\\/paletero-adidas-multigame-3-3-black-2\\\/#breadcrumb\"},\"inLanguage\":\"en-US\",\"potentialAction\":[{\"@type\":\"ReadAction\",\"target\":[\"https:\\\/\\\/revolutionpadelstore.com\\\/en\\\/paletero-adidas-multigame-3-3-black-2\\\/\"]}]},{\"@type\":\"ImageObject\",\"inLanguage\":\"en-US\",\"@id\":\"https:\\\/\\\/revolutionpadelstore.com\\\/en\\\/paletero-adidas-multigame-3-3-black-2\\\/#primaryimage\",\"url\":\"https:\\\/\\\/revolutionpadelstore.com\\\/wp-content\\\/uploads\\\/2024\\\/11\\\/110155_padel_webs_padel_y_grupo_paletero_adidas_racketbag_multigame_3_3_black_a_14e4.webp\",\"contentUrl\":\"https:\\\/\\\/revolutionpadelstore.com\\\/wp-content\\\/uploads\\\/2024\\\/11\\\/110155_padel_webs_padel_y_grupo_paletero_adidas_racketbag_multigame_3_3_black_a_14e4.webp\",\"width\":1500,\"height\":1500},{\"@type\":\"BreadcrumbList\",\"@id\":\"https:\\\/\\\/revolutionpadelstore.com\\\/en\\\/paletero-adidas-multigame-3-3-black-2\\\/#breadcrumb\",\"itemListElement\":[{\"@type\":\"ListItem\",\"position\":1,\"name\":\"Portada\",\"item\":\"https:\\\/\\\/revolutionpadelstore.com\\\/en\\\/\"},{\"@type\":\"ListItem\",\"position\":2,\"name\":\"Shop\",\"item\":\"https:\\\/\\\/revolutionpadelstore.com\\\/en\\\/shop\\\/\"},{\"@type\":\"ListItem\",\"position\":3,\"name\":\"PALETERO ADIDAS MULTIGAME 3.3 BLACK\"}]},{\"@type\":\"WebSite\",\"@id\":\"https:\\\/\\\/revolutionpadelstore.com\\\/en\\\/#website\",\"url\":\"https:\\\/\\\/revolutionpadelstore.com\\\/en\\\/\",\"name\":\"Revolution Padel Store\",\"description\":\"\",\"publisher\":{\"@id\":\"https:\\\/\\\/revolutionpadelstore.com\\\/en\\\/#organization\"},\"potentialAction\":[{\"@type\":\"SearchAction\",\"target\":{\"@type\":\"EntryPoint\",\"urlTemplate\":\"https:\\\/\\\/revolutionpadelstore.com\\\/en\\\/?s={search_term_string}\"},\"query-input\":{\"@type\":\"PropertyValueSpecification\",\"valueRequired\":true,\"valueName\":\"search_term_string\"}}],\"inLanguage\":\"en-US\"},{\"@type\":\"Organization\",\"@id\":\"https:\\\/\\\/revolutionpadelstore.com\\\/en\\\/#organization\",\"name\":\"Revolution Padel Store\",\"url\":\"https:\\\/\\\/revolutionpadelstore.com\\\/en\\\/\",\"logo\":{\"@type\":\"ImageObject\",\"inLanguage\":\"en-US\",\"@id\":\"https:\\\/\\\/revolutionpadelstore.com\\\/en\\\/#\\\/schema\\\/logo\\\/image\\\/\",\"url\":\"https:\\\/\\\/revolutionpadelstore.com\\\/wp-content\\\/uploads\\\/2026\\\/02\\\/revolution-padel-store.jpg\",\"contentUrl\":\"https:\\\/\\\/revolutionpadelstore.com\\\/wp-content\\\/uploads\\\/2026\\\/02\\\/revolution-padel-store.jpg\",\"width\":2000,\"height\":2000,\"caption\":\"Revolution Padel Store\"},\"image\":{\"@id\":\"https:\\\/\\\/revolutionpadelstore.com\\\/en\\\/#\\\/schema\\\/logo\\\/image\\\/\"},\"sameAs\":[\"https:\\\/\\\/www.instagram.com\\\/revolutionpadelstore\\\/\"]}]}<\/script>\n<!-- \/ Yoast SEO plugin. -->","yoast_head_json":{"title":"PALETERO ADIDAS MULTIGAME 3.3 BLACK - Revolution Padel Store","description":"El Paletero Adidas Multigame 3.3 en color negro es la opci\u00f3n ideal para aquellos jugadores de p\u00e1del que busquen el m\u00e1ximo confort en su camino a la pista, ya que incorpora correas de malla acolchadas y asas ajustables. Incluye la firma del jugador Ale Gal\u00e1n, lo que suma exclusividad a este accesorio Adidas.","robots":{"index":"index","follow":"follow","max-snippet":"max-snippet:-1","max-image-preview":"max-image-preview:large","max-video-preview":"max-video-preview:-1"},"canonical":"https:\/\/revolutionpadelstore.com\/en\/paletero-adidas-multigame-3-3-black-2\/","og_locale":"en_US","og_type":"article","og_title":"PALETERO ADIDAS MULTIGAME 3.3 BLACK - Revolution Padel Store","og_description":"El Paletero Adidas Multigame 3.3 en color negro es la opci\u00f3n ideal para aquellos jugadores de p\u00e1del que busquen el m\u00e1ximo confort en su camino a la pista, ya que incorpora correas de malla acolchadas y asas ajustables. Incluye la firma del jugador Ale Gal\u00e1n, lo que suma exclusividad a este accesorio Adidas.","og_url":"https:\/\/revolutionpadelstore.com\/en\/paletero-adidas-multigame-3-3-black-2\/","og_site_name":"Revolution Padel Store","article_modified_time":"2026-04-08T08:03:39+00:00","og_image":[{"width":1500,"height":1500,"url":"https:\/\/revolutionpadelstore.com\/wp-content\/uploads\/2024\/11\/110155_padel_webs_padel_y_grupo_paletero_adidas_racketbag_multigame_3_3_black_a_14e4.webp","type":"image\/webp"}],"twitter_card":"summary_large_image","twitter_misc":{"Est. reading time":"2 minutes"},"schema":{"@context":"https:\/\/schema.org","@graph":[{"@type":"WebPage","@id":"https:\/\/revolutionpadelstore.com\/en\/paletero-adidas-multigame-3-3-black-2\/","url":"https:\/\/revolutionpadelstore.com\/en\/paletero-adidas-multigame-3-3-black-2\/","name":"PALETERO ADIDAS MULTIGAME 3.3 BLACK - Revolution Padel Store","isPartOf":{"@id":"https:\/\/revolutionpadelstore.com\/en\/#website"},"primaryImageOfPage":{"@id":"https:\/\/revolutionpadelstore.com\/en\/paletero-adidas-multigame-3-3-black-2\/#primaryimage"},"image":{"@id":"https:\/\/revolutionpadelstore.com\/en\/paletero-adidas-multigame-3-3-black-2\/#primaryimage"},"thumbnailUrl":"https:\/\/revolutionpadelstore.com\/wp-content\/uploads\/2024\/11\/110155_padel_webs_padel_y_grupo_paletero_adidas_racketbag_multigame_3_3_black_a_14e4.webp","datePublished":"2024-11-27T06:56:52+00:00","dateModified":"2026-04-08T08:03:39+00:00","description":"El Paletero Adidas Multigame 3.3 en color negro es la opci\u00f3n ideal para aquellos jugadores de p\u00e1del que busquen el m\u00e1ximo confort en su camino a la pista, ya que incorpora correas de malla acolchadas y asas ajustables. Incluye la firma del jugador Ale Gal\u00e1n, lo que suma exclusividad a este accesorio Adidas.","breadcrumb":{"@id":"https:\/\/revolutionpadelstore.com\/en\/paletero-adidas-multigame-3-3-black-2\/#breadcrumb"},"inLanguage":"en-US","potentialAction":[{"@type":"ReadAction","target":["https:\/\/revolutionpadelstore.com\/en\/paletero-adidas-multigame-3-3-black-2\/"]}]},{"@type":"ImageObject","inLanguage":"en-US","@id":"https:\/\/revolutionpadelstore.com\/en\/paletero-adidas-multigame-3-3-black-2\/#primaryimage","url":"https:\/\/revolutionpadelstore.com\/wp-content\/uploads\/2024\/11\/110155_padel_webs_padel_y_grupo_paletero_adidas_racketbag_multigame_3_3_black_a_14e4.webp","contentUrl":"https:\/\/revolutionpadelstore.com\/wp-content\/uploads\/2024\/11\/110155_padel_webs_padel_y_grupo_paletero_adidas_racketbag_multigame_3_3_black_a_14e4.webp","width":1500,"height":1500},{"@type":"BreadcrumbList","@id":"https:\/\/revolutionpadelstore.com\/en\/paletero-adidas-multigame-3-3-black-2\/#breadcrumb","itemListElement":[{"@type":"ListItem","position":1,"name":"Portada","item":"https:\/\/revolutionpadelstore.com\/en\/"},{"@type":"ListItem","position":2,"name":"Shop","item":"https:\/\/revolutionpadelstore.com\/en\/shop\/"},{"@type":"ListItem","position":3,"name":"PALETERO ADIDAS MULTIGAME 3.3 BLACK"}]},{"@type":"WebSite","@id":"https:\/\/revolutionpadelstore.com\/en\/#website","url":"https:\/\/revolutionpadelstore.com\/en\/","name":"Revolution Padel Store","description":"","publisher":{"@id":"https:\/\/revolutionpadelstore.com\/en\/#organization"},"potentialAction":[{"@type":"SearchAction","target":{"@type":"EntryPoint","urlTemplate":"https:\/\/revolutionpadelstore.com\/en\/?s={search_term_string}"},"query-input":{"@type":"PropertyValueSpecification","valueRequired":true,"valueName":"search_term_string"}}],"inLanguage":"en-US"},{"@type":"Organization","@id":"https:\/\/revolutionpadelstore.com\/en\/#organization","name":"Revolution Padel Store","url":"https:\/\/revolutionpadelstore.com\/en\/","logo":{"@type":"ImageObject","inLanguage":"en-US","@id":"https:\/\/revolutionpadelstore.com\/en\/#\/schema\/logo\/image\/","url":"https:\/\/revolutionpadelstore.com\/wp-content\/uploads\/2026\/02\/revolution-padel-store.jpg","contentUrl":"https:\/\/revolutionpadelstore.com\/wp-content\/uploads\/2026\/02\/revolution-padel-store.jpg","width":2000,"height":2000,"caption":"Revolution Padel Store"},"image":{"@id":"https:\/\/revolutionpadelstore.com\/en\/#\/schema\/logo\/image\/"},"sameAs":["https:\/\/www.instagram.com\/revolutionpadelstore\/"]}]}},"_links":{"self":[{"href":"https:\/\/revolutionpadelstore.com\/en\/wp-json\/wp\/v2\/product\/129408","targetHints":{"allow":["GET"]}}],"collection":[{"href":"https:\/\/revolutionpadelstore.com\/en\/wp-json\/wp\/v2\/product"}],"about":[{"href":"https:\/\/revolutionpadelstore.com\/en\/wp-json\/wp\/v2\/types\/product"}],"replies":[{"embeddable":true,"href":"https:\/\/revolutionpadelstore.com\/en\/wp-json\/wp\/v2\/comments?post=129408"}],"wp:featuredmedia":[{"embeddable":true,"href":"https:\/\/revolutionpadelstore.com\/en\/wp-json\/wp\/v2\/media\/129378"}],"wp:attachment":[{"href":"https:\/\/revolutionpadelstore.com\/en\/wp-json\/wp\/v2\/media?parent=129408"}],"wp:term":[{"taxonomy":"acabado","embeddable":true,"href":"https:\/\/revolutionpadelstore.com\/en\/wp-json\/wp\/v2\/acabado?post=129408"},{"taxonomy":"balance","embeddable":true,"href":"https:\/\/revolutionpadelstore.com\/en\/wp-json\/wp\/v2\/balance?post=129408"},{"taxonomy":"dureza","embeddable":true,"href":"https:\/\/revolutionpadelstore.com\/en\/wp-json\/wp\/v2\/dureza?post=129408"},{"taxonomy":"forma","embeddable":true,"href":"https:\/\/revolutionpadelstore.com\/en\/wp-json\/wp\/v2\/forma?post=129408"},{"taxonomy":"jugador","embeddable":true,"href":"https:\/\/revolutionpadelstore.com\/en\/wp-json\/wp\/v2\/jugador?post=129408"},{"taxonomy":"marca","embeddable":true,"href":"https:\/\/revolutionpadelstore.com\/en\/wp-json\/wp\/v2\/marca?post=129408"},{"taxonomy":"nivel-de-juego","embeddable":true,"href":"https:\/\/revolutionpadelstore.com\/en\/wp-json\/wp\/v2\/nivel-de-juego?post=129408"},{"taxonomy":"superficie","embeddable":true,"href":"https:\/\/revolutionpadelstore.com\/en\/wp-json\/wp\/v2\/superficie?post=129408"},{"taxonomy":"tipo-de-juego","embeddable":true,"href":"https:\/\/revolutionpadelstore.com\/en\/wp-json\/wp\/v2\/tipo-de-juego?post=129408"},{"taxonomy":"product_brand","embeddable":true,"href":"https:\/\/revolutionpadelstore.com\/en\/wp-json\/wp\/v2\/product_brand?post=129408"},{"taxonomy":"product_cat","embeddable":true,"href":"https:\/\/revolutionpadelstore.com\/en\/wp-json\/wp\/v2\/product_cat?post=129408"},{"taxonomy":"product_tag","embeddable":true,"href":"https:\/\/revolutionpadelstore.com\/en\/wp-json\/wp\/v2\/product_tag?post=129408"}],"curies":[{"name":"wp","href":"https:\/\/api.w.org\/{rel}","templated":true}]}}