{"id":129365,"date":"2024-11-27T00:08:18","date_gmt":"2024-11-26T23:08:18","guid":{"rendered":"https:\/\/revolutionpadelstore.com\/paletero-bullpadel-alejandra-salazar-flow-bpp-25006-aguamarina\/"},"modified":"2026-04-08T10:04:04","modified_gmt":"2026-04-08T08:04:04","slug":"paletero-bullpadel-alejandra-salazar-flow-bpp-25006-072-aguamarina-2","status":"publish","type":"product","link":"https:\/\/revolutionpadelstore.com\/en\/paletero-bullpadel-alejandra-salazar-flow-bpp-25006-072-aguamarina-2\/","title":{"rendered":"PALETERO BULLPADEL ALEJANDRA SALAZAR FLOW BPP-25006 072 Aguamarina"},"content":{"rendered":"<h2> Paletero Bullpadel Alejandra Salazar Flow BPP-25006 Aguamarina <\/ h2><br \/>\nThe Paletero Bullpadel Alejandra Salazar Flow BPP-25006 is the perfect complement to paddle lovers looking for style, functionality and comfort.<\/p>\n<p>Designed with the collaboration of the professional player Alejandra Salazar, this paletero combines an attractive design with technical characteristics designed to meet the needs of the most demanding players.<br \/>\n<H2> MAIN CHARACTERISTICS: <\/H2><br \/>\n<strong> main compartment <\/strong>: broad and easily accessible, ideal to carry everything necessary for your matches and training. This compartment is designed to store clothes, towels, accessories and other personal objects.<\/p>\n<p><strong> two thermal compartments <\/strong>: specially designed to transport and protect up to four paddle blades, these compartments incorporate the <strong> thermal protection <\/strong> technology, which maintains the optimal temperature of the blades, protecting them from the thermal changes and prolonging its durability.<\/p>\n<p><strong> independent and ventilated compartment <\/strong>: A separate space, perfect for store footwear or used clothes. Thanks to its ventilation system, it prevents the accumulation of odors and maintains your organized and fresh belongings.<\/p>\n<p><strong> lateral pocket with exterior bellows <\/strong>: An additional pocket with bellows for greater capacity, ideal to store small accessories such as keys, wallet, mobile phone or spare grip, allowing rapid access to the most essential objects.<br \/>\n<H2> Design and comfort: <\/h2>\n<p><strong> unique style <\/strong>: This paletero presents a modern and elegant design, faithful to Alejandra Salazar&#8217;s style, standing out for its attractive combination of colors and high quality finishes.<\/p>\n<p><strong> padded handles <\/strong>: It comes with adjustable and padded straps that allow it to be used as a backpack, providing comfort and ease to transport it.<\/p>\n<p><strong> durability <\/strong>: Made with resistant and high quality materials, this paletero is designed to resist the intensive use of paddle players.<\/p>\n<p>The <strong> Paletero Bullpadel Alejandra Salazar Flow BPP-25006 <\/strong> not only stands out for its sophisticated design, but also for its functionality and organization. It is perfect for those players who seek to transport their team safely and comfortably, always maintaining the style both on and off the track. An essential accessory for any passionate paddle player!<\/p>\n<h2>Paletero Bullpadel Alejandra Salazar Flow BPP-25006 Aguamarina<\/h2>\n","protected":false},"excerpt":{"rendered":"<p>Paletero Bullpadel Alejandra Salazar Flow BPP-25006 Aguamarina The Paletero Bullpadel Alejandra Salazar Flow BPP-25006 is the perfect complement to paddle lovers looking for style, functionality and comfort. Designed with the collaboration of the professional player Alejandra Salazar, this paletero combines an attractive design with technical characteristics designed to meet the needs of the most demanding [&hellip;]<\/p>\n","protected":false},"featured_media":129336,"comment_status":"open","ping_status":"closed","template":"","meta":{"_acf_changed":false,"_joinchat":[]},"acabado":[],"balance":[],"dureza":[],"forma":[],"jugador":[],"marca":[1258],"nivel-de-juego":[],"superficie":[],"tipo-de-juego":[],"product_brand":[],"product_cat":[322],"product_tag":[],"class_list":{"0":"post-129365","1":"product","2":"type-product","3":"status-publish","4":"has-post-thumbnail","6":"marca-bullpadel-en","7":"product_cat-bags","9":"first","10":"outofstock","11":"sale","12":"taxable","13":"shipping-taxable","14":"purchasable","15":"product-type-simple"},"acf":[],"yoast_head":"<!-- This site is optimized with the Yoast SEO plugin v27.4 - https:\/\/yoast.com\/product\/yoast-seo-wordpress\/ -->\n<title>PALETERO BULLPADEL ALEJANDRA SALAZAR FLOW BPP-25006 072 Aguamarina - Revolution Padel Store<\/title>\n<meta name=\"description\" content=\"El Paletero Bullpadel Alejandra Salazar Flow BPP-25006 es el complemento perfecto para los amantes del p\u00e1del que buscan estilo, funcionalidad y comodidad.Dise\u00f1ado con la colaboraci\u00f3n de la jugadora profesional Alejandra Salazar, este paletero combina un dise\u00f1o atractivo con caracter\u00edsticas t\u00e9cnicas pensadas para satisfacer las necesidades de los jugadores mas exigentes.\" \/>\n<meta name=\"robots\" content=\"index, follow, max-snippet:-1, max-image-preview:large, max-video-preview:-1\" \/>\n<link rel=\"canonical\" href=\"https:\/\/revolutionpadelstore.com\/en\/paletero-bullpadel-alejandra-salazar-flow-bpp-25006-072-aguamarina-2\/\" \/>\n<meta property=\"og:locale\" content=\"en_US\" \/>\n<meta property=\"og:type\" content=\"article\" \/>\n<meta property=\"og:title\" content=\"PALETERO BULLPADEL ALEJANDRA SALAZAR FLOW BPP-25006 072 Aguamarina - Revolution Padel Store\" \/>\n<meta property=\"og:description\" content=\"El Paletero Bullpadel Alejandra Salazar Flow BPP-25006 es el complemento perfecto para los amantes del p\u00e1del que buscan estilo, funcionalidad y comodidad.Dise\u00f1ado con la colaboraci\u00f3n de la jugadora profesional Alejandra Salazar, este paletero combina un dise\u00f1o atractivo con caracter\u00edsticas t\u00e9cnicas pensadas para satisfacer las necesidades de los jugadores mas exigentes.\" \/>\n<meta property=\"og:url\" content=\"https:\/\/revolutionpadelstore.com\/en\/paletero-bullpadel-alejandra-salazar-flow-bpp-25006-072-aguamarina-2\/\" \/>\n<meta property=\"og:site_name\" content=\"Revolution Padel Store\" \/>\n<meta property=\"article:modified_time\" content=\"2026-04-08T08:04:04+00:00\" \/>\n<meta property=\"og:image\" content=\"https:\/\/revolutionpadelstore.com\/wp-content\/uploads\/2024\/11\/paletero-bullpadel-alejandra-salazar-flow-bpp-25006-aguamarina-1100x1100-1.webp\" \/>\n\t<meta property=\"og:image:width\" content=\"1100\" \/>\n\t<meta property=\"og:image:height\" content=\"1100\" \/>\n\t<meta property=\"og:image:type\" content=\"image\/webp\" \/>\n<meta name=\"twitter:card\" content=\"summary_large_image\" \/>\n<meta name=\"twitter:label1\" content=\"Est. reading time\" \/>\n\t<meta name=\"twitter:data1\" content=\"2 minutes\" \/>\n<script type=\"application\/ld+json\" class=\"yoast-schema-graph\">{\"@context\":\"https:\\\/\\\/schema.org\",\"@graph\":[{\"@type\":\"WebPage\",\"@id\":\"https:\\\/\\\/revolutionpadelstore.com\\\/en\\\/paletero-bullpadel-alejandra-salazar-flow-bpp-25006-072-aguamarina-2\\\/\",\"url\":\"https:\\\/\\\/revolutionpadelstore.com\\\/en\\\/paletero-bullpadel-alejandra-salazar-flow-bpp-25006-072-aguamarina-2\\\/\",\"name\":\"PALETERO BULLPADEL ALEJANDRA SALAZAR FLOW BPP-25006 072 Aguamarina - Revolution Padel Store\",\"isPartOf\":{\"@id\":\"https:\\\/\\\/revolutionpadelstore.com\\\/en\\\/#website\"},\"primaryImageOfPage\":{\"@id\":\"https:\\\/\\\/revolutionpadelstore.com\\\/en\\\/paletero-bullpadel-alejandra-salazar-flow-bpp-25006-072-aguamarina-2\\\/#primaryimage\"},\"image\":{\"@id\":\"https:\\\/\\\/revolutionpadelstore.com\\\/en\\\/paletero-bullpadel-alejandra-salazar-flow-bpp-25006-072-aguamarina-2\\\/#primaryimage\"},\"thumbnailUrl\":\"https:\\\/\\\/revolutionpadelstore.com\\\/wp-content\\\/uploads\\\/2024\\\/11\\\/paletero-bullpadel-alejandra-salazar-flow-bpp-25006-aguamarina-1100x1100-1.webp\",\"datePublished\":\"2024-11-26T23:08:18+00:00\",\"dateModified\":\"2026-04-08T08:04:04+00:00\",\"description\":\"El Paletero Bullpadel Alejandra Salazar Flow BPP-25006 es el complemento perfecto para los amantes del p\u00e1del que buscan estilo, funcionalidad y comodidad.Dise\u00f1ado con la colaboraci\u00f3n de la jugadora profesional Alejandra Salazar, este paletero combina un dise\u00f1o atractivo con caracter\u00edsticas t\u00e9cnicas pensadas para satisfacer las necesidades de los jugadores mas exigentes.\",\"breadcrumb\":{\"@id\":\"https:\\\/\\\/revolutionpadelstore.com\\\/en\\\/paletero-bullpadel-alejandra-salazar-flow-bpp-25006-072-aguamarina-2\\\/#breadcrumb\"},\"inLanguage\":\"en-US\",\"potentialAction\":[{\"@type\":\"ReadAction\",\"target\":[\"https:\\\/\\\/revolutionpadelstore.com\\\/en\\\/paletero-bullpadel-alejandra-salazar-flow-bpp-25006-072-aguamarina-2\\\/\"]}]},{\"@type\":\"ImageObject\",\"inLanguage\":\"en-US\",\"@id\":\"https:\\\/\\\/revolutionpadelstore.com\\\/en\\\/paletero-bullpadel-alejandra-salazar-flow-bpp-25006-072-aguamarina-2\\\/#primaryimage\",\"url\":\"https:\\\/\\\/revolutionpadelstore.com\\\/wp-content\\\/uploads\\\/2024\\\/11\\\/paletero-bullpadel-alejandra-salazar-flow-bpp-25006-aguamarina-1100x1100-1.webp\",\"contentUrl\":\"https:\\\/\\\/revolutionpadelstore.com\\\/wp-content\\\/uploads\\\/2024\\\/11\\\/paletero-bullpadel-alejandra-salazar-flow-bpp-25006-aguamarina-1100x1100-1.webp\",\"width\":1100,\"height\":1100},{\"@type\":\"BreadcrumbList\",\"@id\":\"https:\\\/\\\/revolutionpadelstore.com\\\/en\\\/paletero-bullpadel-alejandra-salazar-flow-bpp-25006-072-aguamarina-2\\\/#breadcrumb\",\"itemListElement\":[{\"@type\":\"ListItem\",\"position\":1,\"name\":\"Portada\",\"item\":\"https:\\\/\\\/revolutionpadelstore.com\\\/en\\\/\"},{\"@type\":\"ListItem\",\"position\":2,\"name\":\"Shop\",\"item\":\"https:\\\/\\\/revolutionpadelstore.com\\\/en\\\/shop\\\/\"},{\"@type\":\"ListItem\",\"position\":3,\"name\":\"PALETERO BULLPADEL ALEJANDRA SALAZAR FLOW BPP-25006 072 Aguamarina\"}]},{\"@type\":\"WebSite\",\"@id\":\"https:\\\/\\\/revolutionpadelstore.com\\\/en\\\/#website\",\"url\":\"https:\\\/\\\/revolutionpadelstore.com\\\/en\\\/\",\"name\":\"Revolution Padel Store\",\"description\":\"\",\"publisher\":{\"@id\":\"https:\\\/\\\/revolutionpadelstore.com\\\/en\\\/#organization\"},\"potentialAction\":[{\"@type\":\"SearchAction\",\"target\":{\"@type\":\"EntryPoint\",\"urlTemplate\":\"https:\\\/\\\/revolutionpadelstore.com\\\/en\\\/?s={search_term_string}\"},\"query-input\":{\"@type\":\"PropertyValueSpecification\",\"valueRequired\":true,\"valueName\":\"search_term_string\"}}],\"inLanguage\":\"en-US\"},{\"@type\":\"Organization\",\"@id\":\"https:\\\/\\\/revolutionpadelstore.com\\\/en\\\/#organization\",\"name\":\"Revolution Padel Store\",\"url\":\"https:\\\/\\\/revolutionpadelstore.com\\\/en\\\/\",\"logo\":{\"@type\":\"ImageObject\",\"inLanguage\":\"en-US\",\"@id\":\"https:\\\/\\\/revolutionpadelstore.com\\\/en\\\/#\\\/schema\\\/logo\\\/image\\\/\",\"url\":\"https:\\\/\\\/revolutionpadelstore.com\\\/wp-content\\\/uploads\\\/2026\\\/02\\\/revolution-padel-store.jpg\",\"contentUrl\":\"https:\\\/\\\/revolutionpadelstore.com\\\/wp-content\\\/uploads\\\/2026\\\/02\\\/revolution-padel-store.jpg\",\"width\":2000,\"height\":2000,\"caption\":\"Revolution Padel Store\"},\"image\":{\"@id\":\"https:\\\/\\\/revolutionpadelstore.com\\\/en\\\/#\\\/schema\\\/logo\\\/image\\\/\"},\"sameAs\":[\"https:\\\/\\\/www.instagram.com\\\/revolutionpadelstore\\\/\"]}]}<\/script>\n<!-- \/ Yoast SEO plugin. -->","yoast_head_json":{"title":"PALETERO BULLPADEL ALEJANDRA SALAZAR FLOW BPP-25006 072 Aguamarina - Revolution Padel Store","description":"El Paletero Bullpadel Alejandra Salazar Flow BPP-25006 es el complemento perfecto para los amantes del p\u00e1del que buscan estilo, funcionalidad y comodidad.Dise\u00f1ado con la colaboraci\u00f3n de la jugadora profesional Alejandra Salazar, este paletero combina un dise\u00f1o atractivo con caracter\u00edsticas t\u00e9cnicas pensadas para satisfacer las necesidades de los jugadores mas exigentes.","robots":{"index":"index","follow":"follow","max-snippet":"max-snippet:-1","max-image-preview":"max-image-preview:large","max-video-preview":"max-video-preview:-1"},"canonical":"https:\/\/revolutionpadelstore.com\/en\/paletero-bullpadel-alejandra-salazar-flow-bpp-25006-072-aguamarina-2\/","og_locale":"en_US","og_type":"article","og_title":"PALETERO BULLPADEL ALEJANDRA SALAZAR FLOW BPP-25006 072 Aguamarina - Revolution Padel Store","og_description":"El Paletero Bullpadel Alejandra Salazar Flow BPP-25006 es el complemento perfecto para los amantes del p\u00e1del que buscan estilo, funcionalidad y comodidad.Dise\u00f1ado con la colaboraci\u00f3n de la jugadora profesional Alejandra Salazar, este paletero combina un dise\u00f1o atractivo con caracter\u00edsticas t\u00e9cnicas pensadas para satisfacer las necesidades de los jugadores mas exigentes.","og_url":"https:\/\/revolutionpadelstore.com\/en\/paletero-bullpadel-alejandra-salazar-flow-bpp-25006-072-aguamarina-2\/","og_site_name":"Revolution Padel Store","article_modified_time":"2026-04-08T08:04:04+00:00","og_image":[{"width":1100,"height":1100,"url":"https:\/\/revolutionpadelstore.com\/wp-content\/uploads\/2024\/11\/paletero-bullpadel-alejandra-salazar-flow-bpp-25006-aguamarina-1100x1100-1.webp","type":"image\/webp"}],"twitter_card":"summary_large_image","twitter_misc":{"Est. reading time":"2 minutes"},"schema":{"@context":"https:\/\/schema.org","@graph":[{"@type":"WebPage","@id":"https:\/\/revolutionpadelstore.com\/en\/paletero-bullpadel-alejandra-salazar-flow-bpp-25006-072-aguamarina-2\/","url":"https:\/\/revolutionpadelstore.com\/en\/paletero-bullpadel-alejandra-salazar-flow-bpp-25006-072-aguamarina-2\/","name":"PALETERO BULLPADEL ALEJANDRA SALAZAR FLOW BPP-25006 072 Aguamarina - Revolution Padel Store","isPartOf":{"@id":"https:\/\/revolutionpadelstore.com\/en\/#website"},"primaryImageOfPage":{"@id":"https:\/\/revolutionpadelstore.com\/en\/paletero-bullpadel-alejandra-salazar-flow-bpp-25006-072-aguamarina-2\/#primaryimage"},"image":{"@id":"https:\/\/revolutionpadelstore.com\/en\/paletero-bullpadel-alejandra-salazar-flow-bpp-25006-072-aguamarina-2\/#primaryimage"},"thumbnailUrl":"https:\/\/revolutionpadelstore.com\/wp-content\/uploads\/2024\/11\/paletero-bullpadel-alejandra-salazar-flow-bpp-25006-aguamarina-1100x1100-1.webp","datePublished":"2024-11-26T23:08:18+00:00","dateModified":"2026-04-08T08:04:04+00:00","description":"El Paletero Bullpadel Alejandra Salazar Flow BPP-25006 es el complemento perfecto para los amantes del p\u00e1del que buscan estilo, funcionalidad y comodidad.Dise\u00f1ado con la colaboraci\u00f3n de la jugadora profesional Alejandra Salazar, este paletero combina un dise\u00f1o atractivo con caracter\u00edsticas t\u00e9cnicas pensadas para satisfacer las necesidades de los jugadores mas exigentes.","breadcrumb":{"@id":"https:\/\/revolutionpadelstore.com\/en\/paletero-bullpadel-alejandra-salazar-flow-bpp-25006-072-aguamarina-2\/#breadcrumb"},"inLanguage":"en-US","potentialAction":[{"@type":"ReadAction","target":["https:\/\/revolutionpadelstore.com\/en\/paletero-bullpadel-alejandra-salazar-flow-bpp-25006-072-aguamarina-2\/"]}]},{"@type":"ImageObject","inLanguage":"en-US","@id":"https:\/\/revolutionpadelstore.com\/en\/paletero-bullpadel-alejandra-salazar-flow-bpp-25006-072-aguamarina-2\/#primaryimage","url":"https:\/\/revolutionpadelstore.com\/wp-content\/uploads\/2024\/11\/paletero-bullpadel-alejandra-salazar-flow-bpp-25006-aguamarina-1100x1100-1.webp","contentUrl":"https:\/\/revolutionpadelstore.com\/wp-content\/uploads\/2024\/11\/paletero-bullpadel-alejandra-salazar-flow-bpp-25006-aguamarina-1100x1100-1.webp","width":1100,"height":1100},{"@type":"BreadcrumbList","@id":"https:\/\/revolutionpadelstore.com\/en\/paletero-bullpadel-alejandra-salazar-flow-bpp-25006-072-aguamarina-2\/#breadcrumb","itemListElement":[{"@type":"ListItem","position":1,"name":"Portada","item":"https:\/\/revolutionpadelstore.com\/en\/"},{"@type":"ListItem","position":2,"name":"Shop","item":"https:\/\/revolutionpadelstore.com\/en\/shop\/"},{"@type":"ListItem","position":3,"name":"PALETERO BULLPADEL ALEJANDRA SALAZAR FLOW BPP-25006 072 Aguamarina"}]},{"@type":"WebSite","@id":"https:\/\/revolutionpadelstore.com\/en\/#website","url":"https:\/\/revolutionpadelstore.com\/en\/","name":"Revolution Padel Store","description":"","publisher":{"@id":"https:\/\/revolutionpadelstore.com\/en\/#organization"},"potentialAction":[{"@type":"SearchAction","target":{"@type":"EntryPoint","urlTemplate":"https:\/\/revolutionpadelstore.com\/en\/?s={search_term_string}"},"query-input":{"@type":"PropertyValueSpecification","valueRequired":true,"valueName":"search_term_string"}}],"inLanguage":"en-US"},{"@type":"Organization","@id":"https:\/\/revolutionpadelstore.com\/en\/#organization","name":"Revolution Padel Store","url":"https:\/\/revolutionpadelstore.com\/en\/","logo":{"@type":"ImageObject","inLanguage":"en-US","@id":"https:\/\/revolutionpadelstore.com\/en\/#\/schema\/logo\/image\/","url":"https:\/\/revolutionpadelstore.com\/wp-content\/uploads\/2026\/02\/revolution-padel-store.jpg","contentUrl":"https:\/\/revolutionpadelstore.com\/wp-content\/uploads\/2026\/02\/revolution-padel-store.jpg","width":2000,"height":2000,"caption":"Revolution Padel Store"},"image":{"@id":"https:\/\/revolutionpadelstore.com\/en\/#\/schema\/logo\/image\/"},"sameAs":["https:\/\/www.instagram.com\/revolutionpadelstore\/"]}]}},"_links":{"self":[{"href":"https:\/\/revolutionpadelstore.com\/en\/wp-json\/wp\/v2\/product\/129365","targetHints":{"allow":["GET"]}}],"collection":[{"href":"https:\/\/revolutionpadelstore.com\/en\/wp-json\/wp\/v2\/product"}],"about":[{"href":"https:\/\/revolutionpadelstore.com\/en\/wp-json\/wp\/v2\/types\/product"}],"replies":[{"embeddable":true,"href":"https:\/\/revolutionpadelstore.com\/en\/wp-json\/wp\/v2\/comments?post=129365"}],"wp:featuredmedia":[{"embeddable":true,"href":"https:\/\/revolutionpadelstore.com\/en\/wp-json\/wp\/v2\/media\/129336"}],"wp:attachment":[{"href":"https:\/\/revolutionpadelstore.com\/en\/wp-json\/wp\/v2\/media?parent=129365"}],"wp:term":[{"taxonomy":"acabado","embeddable":true,"href":"https:\/\/revolutionpadelstore.com\/en\/wp-json\/wp\/v2\/acabado?post=129365"},{"taxonomy":"balance","embeddable":true,"href":"https:\/\/revolutionpadelstore.com\/en\/wp-json\/wp\/v2\/balance?post=129365"},{"taxonomy":"dureza","embeddable":true,"href":"https:\/\/revolutionpadelstore.com\/en\/wp-json\/wp\/v2\/dureza?post=129365"},{"taxonomy":"forma","embeddable":true,"href":"https:\/\/revolutionpadelstore.com\/en\/wp-json\/wp\/v2\/forma?post=129365"},{"taxonomy":"jugador","embeddable":true,"href":"https:\/\/revolutionpadelstore.com\/en\/wp-json\/wp\/v2\/jugador?post=129365"},{"taxonomy":"marca","embeddable":true,"href":"https:\/\/revolutionpadelstore.com\/en\/wp-json\/wp\/v2\/marca?post=129365"},{"taxonomy":"nivel-de-juego","embeddable":true,"href":"https:\/\/revolutionpadelstore.com\/en\/wp-json\/wp\/v2\/nivel-de-juego?post=129365"},{"taxonomy":"superficie","embeddable":true,"href":"https:\/\/revolutionpadelstore.com\/en\/wp-json\/wp\/v2\/superficie?post=129365"},{"taxonomy":"tipo-de-juego","embeddable":true,"href":"https:\/\/revolutionpadelstore.com\/en\/wp-json\/wp\/v2\/tipo-de-juego?post=129365"},{"taxonomy":"product_brand","embeddable":true,"href":"https:\/\/revolutionpadelstore.com\/en\/wp-json\/wp\/v2\/product_brand?post=129365"},{"taxonomy":"product_cat","embeddable":true,"href":"https:\/\/revolutionpadelstore.com\/en\/wp-json\/wp\/v2\/product_cat?post=129365"},{"taxonomy":"product_tag","embeddable":true,"href":"https:\/\/revolutionpadelstore.com\/en\/wp-json\/wp\/v2\/product_tag?post=129365"}],"curies":[{"name":"wp","href":"https:\/\/api.w.org\/{rel}","templated":true}]}}