{"id":129327,"date":"2024-11-26T23:55:50","date_gmt":"2024-11-26T22:55:50","guid":{"rendered":"https:\/\/revolutionpadelstore.com\/129302\/"},"modified":"2026-04-08T10:04:31","modified_gmt":"2026-04-08T08:04:31","slug":"mochila-bullpadel-bpm25021-pearl-012-blanco-mujer-2","status":"publish","type":"product","link":"https:\/\/revolutionpadelstore.com\/en\/mochila-bullpadel-bpm25021-pearl-012-blanco-mujer-2\/","title":{"rendered":"MOCHILA BULLPADEL BPM25021 PEARL 012 BLANCO MUJER"},"content":{"rendered":"<h2> Bullpadel BPM25021 Pearl White Women<br \/>\nThe <strong> Bullpadel BPM25021 pearl bullpadel <\/strong> in white, created under the exclusive firm of the player Bea Gonz\u00e1lez, is the perfect mix of style and practicality for the most demanding players. With an elegant design in white and blue tones, this backpack is designed to offer a safe and organized way to transport your entire sports team.<\/p>\n<p>It has a thermal compartment, reinforced and padded, ideal to protect your shovel or even a laptop. In addition, its wide main compartment offers enough space for clothing, towels and other sports accessories. Your front pocket with bellows allows you to quickly and comfortably access your essential objects.<br \/>\n<H2> <strong> comfort and functionality <\/strong> <\/ h2><br \/>\nThe <strong> bullpadel <\/strong> backpack for women is equipped with adjustable side straps that allow you to modify its volume according to what you need to carry at every moment, always offering the maximum comfort and versatility. In addition, it has two lateral elastic pockets, ideal for water bottles or small accessories.<\/p>\n<p>Designed for dynamic women who want to stand out both on and off the track, the backpack <strong> bullpadel pearl <\/strong> offers exceptional quality and adapts perfectly to the needs of day to day or your training. With its resistant structure and its design inspired by Bea Gonz\u00e1lez&#8217;s game, it becomes an essential accessory for those who seek the perfect balance between style, functionality and performance.<\/p>\n<h2>Mochila Bullpadel BPM25021 Pearl Blanco Mujer<\/h2>\n","protected":false},"excerpt":{"rendered":"<p>Bullpadel BPM25021 pearl white for women, with reinforced and padded compartment for a paddle shovel. With adjustable straps and elastic pockets. With the firm of Bea Gonz\u00e1lez.<\/p>\n","protected":false},"featured_media":129304,"comment_status":"open","ping_status":"closed","template":"","meta":{"_acf_changed":false,"_joinchat":[]},"acabado":[],"balance":[],"dureza":[],"forma":[],"jugador":[],"marca":[1258],"nivel-de-juego":[],"superficie":[],"tipo-de-juego":[],"product_brand":[],"product_cat":[322],"product_tag":[],"class_list":{"0":"post-129327","1":"product","2":"type-product","3":"status-publish","4":"has-post-thumbnail","6":"marca-bullpadel-en","7":"product_cat-bags","9":"first","10":"outofstock","11":"sale","12":"taxable","13":"shipping-taxable","14":"purchasable","15":"product-type-simple"},"acf":[],"yoast_head":"<!-- This site is optimized with the Yoast SEO plugin v27.4 - https:\/\/yoast.com\/product\/yoast-seo-wordpress\/ -->\n<title>MOCHILA BULLPADEL BPM25021 PEARL 012 BLANCO MUJER - Revolution Padel Store<\/title>\n<meta name=\"description\" content=\"La Mochila Bullpadel BPM25021 Pearl en color blanco, dise\u00f1ada con la firma exclusiva de la jugadora Bea Gonz\u00e1lez, es la combinaci\u00f3n perfecta de estilo y funcionalidad para las jugadoras m\u00e1s exigentes. Este modelo tiene un dise\u00f1o elegante en blanco y azul, pensado para facilitar el transporte de todo tu equipo deportivo de manera segura y organizada.\" \/>\n<meta name=\"robots\" content=\"index, follow, max-snippet:-1, max-image-preview:large, max-video-preview:-1\" \/>\n<link rel=\"canonical\" href=\"https:\/\/revolutionpadelstore.com\/en\/mochila-bullpadel-bpm25021-pearl-012-blanco-mujer-2\/\" \/>\n<meta property=\"og:locale\" content=\"en_US\" \/>\n<meta property=\"og:type\" content=\"article\" \/>\n<meta property=\"og:title\" content=\"MOCHILA BULLPADEL BPM25021 PEARL 012 BLANCO MUJER - Revolution Padel Store\" \/>\n<meta property=\"og:description\" content=\"La Mochila Bullpadel BPM25021 Pearl en color blanco, dise\u00f1ada con la firma exclusiva de la jugadora Bea Gonz\u00e1lez, es la combinaci\u00f3n perfecta de estilo y funcionalidad para las jugadoras m\u00e1s exigentes. Este modelo tiene un dise\u00f1o elegante en blanco y azul, pensado para facilitar el transporte de todo tu equipo deportivo de manera segura y organizada.\" \/>\n<meta property=\"og:url\" content=\"https:\/\/revolutionpadelstore.com\/en\/mochila-bullpadel-bpm25021-pearl-012-blanco-mujer-2\/\" \/>\n<meta property=\"og:site_name\" content=\"Revolution Padel Store\" \/>\n<meta property=\"article:modified_time\" content=\"2026-04-08T08:04:31+00:00\" \/>\n<meta property=\"og:image\" content=\"https:\/\/revolutionpadelstore.com\/wp-content\/uploads\/2024\/11\/113790-mochila-bullpadel-bpm25021-pearl-474977-mujer-1500x1500-1.webp\" \/>\n\t<meta property=\"og:image:width\" content=\"1500\" \/>\n\t<meta property=\"og:image:height\" content=\"1500\" \/>\n\t<meta property=\"og:image:type\" content=\"image\/webp\" \/>\n<meta name=\"twitter:card\" content=\"summary_large_image\" \/>\n<meta name=\"twitter:label1\" content=\"Est. reading time\" \/>\n\t<meta name=\"twitter:data1\" content=\"2 minutes\" \/>\n<script type=\"application\/ld+json\" class=\"yoast-schema-graph\">{\"@context\":\"https:\\\/\\\/schema.org\",\"@graph\":[{\"@type\":\"WebPage\",\"@id\":\"https:\\\/\\\/revolutionpadelstore.com\\\/en\\\/mochila-bullpadel-bpm25021-pearl-012-blanco-mujer-2\\\/\",\"url\":\"https:\\\/\\\/revolutionpadelstore.com\\\/en\\\/mochila-bullpadel-bpm25021-pearl-012-blanco-mujer-2\\\/\",\"name\":\"MOCHILA BULLPADEL BPM25021 PEARL 012 BLANCO MUJER - Revolution Padel Store\",\"isPartOf\":{\"@id\":\"https:\\\/\\\/revolutionpadelstore.com\\\/en\\\/#website\"},\"primaryImageOfPage\":{\"@id\":\"https:\\\/\\\/revolutionpadelstore.com\\\/en\\\/mochila-bullpadel-bpm25021-pearl-012-blanco-mujer-2\\\/#primaryimage\"},\"image\":{\"@id\":\"https:\\\/\\\/revolutionpadelstore.com\\\/en\\\/mochila-bullpadel-bpm25021-pearl-012-blanco-mujer-2\\\/#primaryimage\"},\"thumbnailUrl\":\"https:\\\/\\\/revolutionpadelstore.com\\\/wp-content\\\/uploads\\\/2024\\\/11\\\/113790-mochila-bullpadel-bpm25021-pearl-474977-mujer-1500x1500-1.webp\",\"datePublished\":\"2024-11-26T22:55:50+00:00\",\"dateModified\":\"2026-04-08T08:04:31+00:00\",\"description\":\"La Mochila Bullpadel BPM25021 Pearl en color blanco, dise\u00f1ada con la firma exclusiva de la jugadora Bea Gonz\u00e1lez, es la combinaci\u00f3n perfecta de estilo y funcionalidad para las jugadoras m\u00e1s exigentes. Este modelo tiene un dise\u00f1o elegante en blanco y azul, pensado para facilitar el transporte de todo tu equipo deportivo de manera segura y organizada.\",\"breadcrumb\":{\"@id\":\"https:\\\/\\\/revolutionpadelstore.com\\\/en\\\/mochila-bullpadel-bpm25021-pearl-012-blanco-mujer-2\\\/#breadcrumb\"},\"inLanguage\":\"en-US\",\"potentialAction\":[{\"@type\":\"ReadAction\",\"target\":[\"https:\\\/\\\/revolutionpadelstore.com\\\/en\\\/mochila-bullpadel-bpm25021-pearl-012-blanco-mujer-2\\\/\"]}]},{\"@type\":\"ImageObject\",\"inLanguage\":\"en-US\",\"@id\":\"https:\\\/\\\/revolutionpadelstore.com\\\/en\\\/mochila-bullpadel-bpm25021-pearl-012-blanco-mujer-2\\\/#primaryimage\",\"url\":\"https:\\\/\\\/revolutionpadelstore.com\\\/wp-content\\\/uploads\\\/2024\\\/11\\\/113790-mochila-bullpadel-bpm25021-pearl-474977-mujer-1500x1500-1.webp\",\"contentUrl\":\"https:\\\/\\\/revolutionpadelstore.com\\\/wp-content\\\/uploads\\\/2024\\\/11\\\/113790-mochila-bullpadel-bpm25021-pearl-474977-mujer-1500x1500-1.webp\",\"width\":1500,\"height\":1500},{\"@type\":\"BreadcrumbList\",\"@id\":\"https:\\\/\\\/revolutionpadelstore.com\\\/en\\\/mochila-bullpadel-bpm25021-pearl-012-blanco-mujer-2\\\/#breadcrumb\",\"itemListElement\":[{\"@type\":\"ListItem\",\"position\":1,\"name\":\"Portada\",\"item\":\"https:\\\/\\\/revolutionpadelstore.com\\\/en\\\/\"},{\"@type\":\"ListItem\",\"position\":2,\"name\":\"Shop\",\"item\":\"https:\\\/\\\/revolutionpadelstore.com\\\/en\\\/shop\\\/\"},{\"@type\":\"ListItem\",\"position\":3,\"name\":\"MOCHILA BULLPADEL BPM25021 PEARL 012 BLANCO MUJER\"}]},{\"@type\":\"WebSite\",\"@id\":\"https:\\\/\\\/revolutionpadelstore.com\\\/en\\\/#website\",\"url\":\"https:\\\/\\\/revolutionpadelstore.com\\\/en\\\/\",\"name\":\"Revolution Padel Store\",\"description\":\"\",\"publisher\":{\"@id\":\"https:\\\/\\\/revolutionpadelstore.com\\\/en\\\/#organization\"},\"potentialAction\":[{\"@type\":\"SearchAction\",\"target\":{\"@type\":\"EntryPoint\",\"urlTemplate\":\"https:\\\/\\\/revolutionpadelstore.com\\\/en\\\/?s={search_term_string}\"},\"query-input\":{\"@type\":\"PropertyValueSpecification\",\"valueRequired\":true,\"valueName\":\"search_term_string\"}}],\"inLanguage\":\"en-US\"},{\"@type\":\"Organization\",\"@id\":\"https:\\\/\\\/revolutionpadelstore.com\\\/en\\\/#organization\",\"name\":\"Revolution Padel Store\",\"url\":\"https:\\\/\\\/revolutionpadelstore.com\\\/en\\\/\",\"logo\":{\"@type\":\"ImageObject\",\"inLanguage\":\"en-US\",\"@id\":\"https:\\\/\\\/revolutionpadelstore.com\\\/en\\\/#\\\/schema\\\/logo\\\/image\\\/\",\"url\":\"https:\\\/\\\/revolutionpadelstore.com\\\/wp-content\\\/uploads\\\/2026\\\/02\\\/revolution-padel-store.jpg\",\"contentUrl\":\"https:\\\/\\\/revolutionpadelstore.com\\\/wp-content\\\/uploads\\\/2026\\\/02\\\/revolution-padel-store.jpg\",\"width\":2000,\"height\":2000,\"caption\":\"Revolution Padel Store\"},\"image\":{\"@id\":\"https:\\\/\\\/revolutionpadelstore.com\\\/en\\\/#\\\/schema\\\/logo\\\/image\\\/\"},\"sameAs\":[\"https:\\\/\\\/www.instagram.com\\\/revolutionpadelstore\\\/\"]}]}<\/script>\n<!-- \/ Yoast SEO plugin. -->","yoast_head_json":{"title":"MOCHILA BULLPADEL BPM25021 PEARL 012 BLANCO MUJER - Revolution Padel Store","description":"La Mochila Bullpadel BPM25021 Pearl en color blanco, dise\u00f1ada con la firma exclusiva de la jugadora Bea Gonz\u00e1lez, es la combinaci\u00f3n perfecta de estilo y funcionalidad para las jugadoras m\u00e1s exigentes. Este modelo tiene un dise\u00f1o elegante en blanco y azul, pensado para facilitar el transporte de todo tu equipo deportivo de manera segura y organizada.","robots":{"index":"index","follow":"follow","max-snippet":"max-snippet:-1","max-image-preview":"max-image-preview:large","max-video-preview":"max-video-preview:-1"},"canonical":"https:\/\/revolutionpadelstore.com\/en\/mochila-bullpadel-bpm25021-pearl-012-blanco-mujer-2\/","og_locale":"en_US","og_type":"article","og_title":"MOCHILA BULLPADEL BPM25021 PEARL 012 BLANCO MUJER - Revolution Padel Store","og_description":"La Mochila Bullpadel BPM25021 Pearl en color blanco, dise\u00f1ada con la firma exclusiva de la jugadora Bea Gonz\u00e1lez, es la combinaci\u00f3n perfecta de estilo y funcionalidad para las jugadoras m\u00e1s exigentes. Este modelo tiene un dise\u00f1o elegante en blanco y azul, pensado para facilitar el transporte de todo tu equipo deportivo de manera segura y organizada.","og_url":"https:\/\/revolutionpadelstore.com\/en\/mochila-bullpadel-bpm25021-pearl-012-blanco-mujer-2\/","og_site_name":"Revolution Padel Store","article_modified_time":"2026-04-08T08:04:31+00:00","og_image":[{"width":1500,"height":1500,"url":"https:\/\/revolutionpadelstore.com\/wp-content\/uploads\/2024\/11\/113790-mochila-bullpadel-bpm25021-pearl-474977-mujer-1500x1500-1.webp","type":"image\/webp"}],"twitter_card":"summary_large_image","twitter_misc":{"Est. reading time":"2 minutes"},"schema":{"@context":"https:\/\/schema.org","@graph":[{"@type":"WebPage","@id":"https:\/\/revolutionpadelstore.com\/en\/mochila-bullpadel-bpm25021-pearl-012-blanco-mujer-2\/","url":"https:\/\/revolutionpadelstore.com\/en\/mochila-bullpadel-bpm25021-pearl-012-blanco-mujer-2\/","name":"MOCHILA BULLPADEL BPM25021 PEARL 012 BLANCO MUJER - Revolution Padel Store","isPartOf":{"@id":"https:\/\/revolutionpadelstore.com\/en\/#website"},"primaryImageOfPage":{"@id":"https:\/\/revolutionpadelstore.com\/en\/mochila-bullpadel-bpm25021-pearl-012-blanco-mujer-2\/#primaryimage"},"image":{"@id":"https:\/\/revolutionpadelstore.com\/en\/mochila-bullpadel-bpm25021-pearl-012-blanco-mujer-2\/#primaryimage"},"thumbnailUrl":"https:\/\/revolutionpadelstore.com\/wp-content\/uploads\/2024\/11\/113790-mochila-bullpadel-bpm25021-pearl-474977-mujer-1500x1500-1.webp","datePublished":"2024-11-26T22:55:50+00:00","dateModified":"2026-04-08T08:04:31+00:00","description":"La Mochila Bullpadel BPM25021 Pearl en color blanco, dise\u00f1ada con la firma exclusiva de la jugadora Bea Gonz\u00e1lez, es la combinaci\u00f3n perfecta de estilo y funcionalidad para las jugadoras m\u00e1s exigentes. Este modelo tiene un dise\u00f1o elegante en blanco y azul, pensado para facilitar el transporte de todo tu equipo deportivo de manera segura y organizada.","breadcrumb":{"@id":"https:\/\/revolutionpadelstore.com\/en\/mochila-bullpadel-bpm25021-pearl-012-blanco-mujer-2\/#breadcrumb"},"inLanguage":"en-US","potentialAction":[{"@type":"ReadAction","target":["https:\/\/revolutionpadelstore.com\/en\/mochila-bullpadel-bpm25021-pearl-012-blanco-mujer-2\/"]}]},{"@type":"ImageObject","inLanguage":"en-US","@id":"https:\/\/revolutionpadelstore.com\/en\/mochila-bullpadel-bpm25021-pearl-012-blanco-mujer-2\/#primaryimage","url":"https:\/\/revolutionpadelstore.com\/wp-content\/uploads\/2024\/11\/113790-mochila-bullpadel-bpm25021-pearl-474977-mujer-1500x1500-1.webp","contentUrl":"https:\/\/revolutionpadelstore.com\/wp-content\/uploads\/2024\/11\/113790-mochila-bullpadel-bpm25021-pearl-474977-mujer-1500x1500-1.webp","width":1500,"height":1500},{"@type":"BreadcrumbList","@id":"https:\/\/revolutionpadelstore.com\/en\/mochila-bullpadel-bpm25021-pearl-012-blanco-mujer-2\/#breadcrumb","itemListElement":[{"@type":"ListItem","position":1,"name":"Portada","item":"https:\/\/revolutionpadelstore.com\/en\/"},{"@type":"ListItem","position":2,"name":"Shop","item":"https:\/\/revolutionpadelstore.com\/en\/shop\/"},{"@type":"ListItem","position":3,"name":"MOCHILA BULLPADEL BPM25021 PEARL 012 BLANCO MUJER"}]},{"@type":"WebSite","@id":"https:\/\/revolutionpadelstore.com\/en\/#website","url":"https:\/\/revolutionpadelstore.com\/en\/","name":"Revolution Padel Store","description":"","publisher":{"@id":"https:\/\/revolutionpadelstore.com\/en\/#organization"},"potentialAction":[{"@type":"SearchAction","target":{"@type":"EntryPoint","urlTemplate":"https:\/\/revolutionpadelstore.com\/en\/?s={search_term_string}"},"query-input":{"@type":"PropertyValueSpecification","valueRequired":true,"valueName":"search_term_string"}}],"inLanguage":"en-US"},{"@type":"Organization","@id":"https:\/\/revolutionpadelstore.com\/en\/#organization","name":"Revolution Padel Store","url":"https:\/\/revolutionpadelstore.com\/en\/","logo":{"@type":"ImageObject","inLanguage":"en-US","@id":"https:\/\/revolutionpadelstore.com\/en\/#\/schema\/logo\/image\/","url":"https:\/\/revolutionpadelstore.com\/wp-content\/uploads\/2026\/02\/revolution-padel-store.jpg","contentUrl":"https:\/\/revolutionpadelstore.com\/wp-content\/uploads\/2026\/02\/revolution-padel-store.jpg","width":2000,"height":2000,"caption":"Revolution Padel Store"},"image":{"@id":"https:\/\/revolutionpadelstore.com\/en\/#\/schema\/logo\/image\/"},"sameAs":["https:\/\/www.instagram.com\/revolutionpadelstore\/"]}]}},"_links":{"self":[{"href":"https:\/\/revolutionpadelstore.com\/en\/wp-json\/wp\/v2\/product\/129327","targetHints":{"allow":["GET"]}}],"collection":[{"href":"https:\/\/revolutionpadelstore.com\/en\/wp-json\/wp\/v2\/product"}],"about":[{"href":"https:\/\/revolutionpadelstore.com\/en\/wp-json\/wp\/v2\/types\/product"}],"replies":[{"embeddable":true,"href":"https:\/\/revolutionpadelstore.com\/en\/wp-json\/wp\/v2\/comments?post=129327"}],"wp:featuredmedia":[{"embeddable":true,"href":"https:\/\/revolutionpadelstore.com\/en\/wp-json\/wp\/v2\/media\/129304"}],"wp:attachment":[{"href":"https:\/\/revolutionpadelstore.com\/en\/wp-json\/wp\/v2\/media?parent=129327"}],"wp:term":[{"taxonomy":"acabado","embeddable":true,"href":"https:\/\/revolutionpadelstore.com\/en\/wp-json\/wp\/v2\/acabado?post=129327"},{"taxonomy":"balance","embeddable":true,"href":"https:\/\/revolutionpadelstore.com\/en\/wp-json\/wp\/v2\/balance?post=129327"},{"taxonomy":"dureza","embeddable":true,"href":"https:\/\/revolutionpadelstore.com\/en\/wp-json\/wp\/v2\/dureza?post=129327"},{"taxonomy":"forma","embeddable":true,"href":"https:\/\/revolutionpadelstore.com\/en\/wp-json\/wp\/v2\/forma?post=129327"},{"taxonomy":"jugador","embeddable":true,"href":"https:\/\/revolutionpadelstore.com\/en\/wp-json\/wp\/v2\/jugador?post=129327"},{"taxonomy":"marca","embeddable":true,"href":"https:\/\/revolutionpadelstore.com\/en\/wp-json\/wp\/v2\/marca?post=129327"},{"taxonomy":"nivel-de-juego","embeddable":true,"href":"https:\/\/revolutionpadelstore.com\/en\/wp-json\/wp\/v2\/nivel-de-juego?post=129327"},{"taxonomy":"superficie","embeddable":true,"href":"https:\/\/revolutionpadelstore.com\/en\/wp-json\/wp\/v2\/superficie?post=129327"},{"taxonomy":"tipo-de-juego","embeddable":true,"href":"https:\/\/revolutionpadelstore.com\/en\/wp-json\/wp\/v2\/tipo-de-juego?post=129327"},{"taxonomy":"product_brand","embeddable":true,"href":"https:\/\/revolutionpadelstore.com\/en\/wp-json\/wp\/v2\/product_brand?post=129327"},{"taxonomy":"product_cat","embeddable":true,"href":"https:\/\/revolutionpadelstore.com\/en\/wp-json\/wp\/v2\/product_cat?post=129327"},{"taxonomy":"product_tag","embeddable":true,"href":"https:\/\/revolutionpadelstore.com\/en\/wp-json\/wp\/v2\/product_tag?post=129327"}],"curies":[{"name":"wp","href":"https:\/\/api.w.org\/{rel}","templated":true}]}}