{"id":129209,"date":"2024-11-26T13:53:26","date_gmt":"2024-11-26T12:53:26","guid":{"rendered":"https:\/\/revolutionpadelstore.com\/camiseta-head-arturo-coello-2025\/"},"modified":"2026-04-08T10:05:24","modified_gmt":"2026-04-08T08:05:24","slug":"camiseta-head-arturo-coello-2025-2","status":"publish","type":"product","link":"https:\/\/revolutionpadelstore.com\/en\/camiseta-head-arturo-coello-2025-2\/","title":{"rendered":"CAMISETA HEAD ARTURO COELLO 2025"},"content":{"rendered":"<p><H2> <strong> style and performance in the T-Shirt Performance <\/strong> <\/ h2><br \/>\nThe T-Shirt Performance T-shirt for Men, inspired by Arturo Coello&#8217;s style, merges Premium design and advanced technology. Made of 100%polyester jacquard fabric, it includes the logos of its sponsors and is designed to stay fresh during the most demanding matches. Its body mapping technology in strategic areas and Moisture Transfer Microfiber technology provide a refreshing effect and accelerate the material drying process.<\/p>\n<p>To ensure comfort and freedom of movement, the shirt has side openings that facilitate a range of movement without restrictions. In addition, it presents a Jacquard mesh necklace, a strap on the neck with the Head logo, Ragl\u00e1n sleeves for greater flexibility and the emblematic Head Wishbone logo.<\/p>\n<p><strong> product details: <\/strong><\/p>\n<p style=\"padding-left: 40px\">-material: jacquard polyester tissue 100%<\/p>\n<p style=\"padding-left: 40px\">-Technology: Microfibra Moisture Transfer for fast drying and freshness <\/p>\n<p style=\"padding-left: 40px\">-necklace: flat tissue jacquard mesh <\/p>\n<p style=\"padding-left: 40px\">-ventilation: body-mapping technology in key areas <\/p>\n<p style=\"padding-left: 40px\">-neck tape: with the heading brand <\/p>\n<p style=\"padding-left: 40px\">-sleeves: ragl\u00e1n for more freedom of movement <\/p>\n<p>-Side openings: for unrestricted mobility <\/p>\n<p style=\"padding-left: 40px\">-gender: man <\/p>\n<p style=\"padding-left: 40px\">-color: white <\/p>\n","protected":false},"excerpt":{"rendered":"<p>style and performance in the T-Shirt Performance The T-Shirt Performance T-shirt for Men, inspired by Arturo Coello&#8217;s style, merges Premium design and advanced technology. Made of 100%polyester jacquard fabric, it includes the logos of its sponsors and is designed to stay fresh during the most demanding matches. Its body mapping technology in strategic areas and [&hellip;]<\/p>\n","protected":false},"featured_media":129220,"comment_status":"open","ping_status":"closed","template":"","meta":{"_acf_changed":false,"_joinchat":[]},"acabado":[],"balance":[],"dureza":[],"forma":[],"jugador":[1193],"marca":[1223],"nivel-de-juego":[],"superficie":[],"tipo-de-juego":[],"product_brand":[],"product_cat":[351],"product_tag":[],"class_list":{"0":"post-129209","1":"product","2":"type-product","3":"status-publish","4":"has-post-thumbnail","6":"jugador-hombre-en","7":"marca-head-en","8":"product_cat-ropa-en","10":"first","11":"outofstock","12":"sale","13":"taxable","14":"shipping-taxable","15":"purchasable","16":"product-type-variable"},"acf":[],"yoast_head":"<!-- This site is optimized with the Yoast SEO plugin v27.4 - https:\/\/yoast.com\/product\/yoast-seo-wordpress\/ -->\n<title>CAMISETA HEAD ARTURO COELLO 2025 - Revolution Padel Store<\/title>\n<meta name=\"description\" content=\"La camiseta PERFORMANCE T-SHIRT para hombre, inspirada en el estilo de Arturo Coello, fusiona dise\u00f1o premium y tecnolog\u00eda avanzada. Elaborada en tejido jacquard de poli\u00e9ster 100%, incluye los logos de sus patrocinadores y est\u00e1 pensada para mantenerte fresco durante los partidos m\u00e1s exigentes. Su tecnolog\u00eda de mapeo corporal en zonas estrat\u00e9gicas y la tecnolog\u00eda Moisture Transfer Microfiber de HEAD proporcionan un efecto refrescante y aceleran el proceso de secado del material.\" \/>\n<meta name=\"robots\" content=\"index, follow, max-snippet:-1, max-image-preview:large, max-video-preview:-1\" \/>\n<link rel=\"canonical\" href=\"https:\/\/revolutionpadelstore.com\/en\/camiseta-head-arturo-coello-2025-2\/\" \/>\n<meta property=\"og:locale\" content=\"en_US\" \/>\n<meta property=\"og:type\" content=\"article\" \/>\n<meta property=\"og:title\" content=\"CAMISETA HEAD ARTURO COELLO 2025 - Revolution Padel Store\" \/>\n<meta property=\"og:description\" content=\"La camiseta PERFORMANCE T-SHIRT para hombre, inspirada en el estilo de Arturo Coello, fusiona dise\u00f1o premium y tecnolog\u00eda avanzada. Elaborada en tejido jacquard de poli\u00e9ster 100%, incluye los logos de sus patrocinadores y est\u00e1 pensada para mantenerte fresco durante los partidos m\u00e1s exigentes. Su tecnolog\u00eda de mapeo corporal en zonas estrat\u00e9gicas y la tecnolog\u00eda Moisture Transfer Microfiber de HEAD proporcionan un efecto refrescante y aceleran el proceso de secado del material.\" \/>\n<meta property=\"og:url\" content=\"https:\/\/revolutionpadelstore.com\/en\/camiseta-head-arturo-coello-2025-2\/\" \/>\n<meta property=\"og:site_name\" content=\"Revolution Padel Store\" \/>\n<meta property=\"article:modified_time\" content=\"2026-04-08T08:05:24+00:00\" \/>\n<meta property=\"og:image\" content=\"https:\/\/revolutionpadelstore.com\/wp-content\/uploads\/2024\/11\/camiseta-Coello-2025.png\" \/>\n\t<meta property=\"og:image:width\" content=\"1500\" \/>\n\t<meta property=\"og:image:height\" content=\"1500\" \/>\n\t<meta property=\"og:image:type\" content=\"image\/png\" \/>\n<meta name=\"twitter:card\" content=\"summary_large_image\" \/>\n<meta name=\"twitter:label1\" content=\"Est. reading time\" \/>\n\t<meta name=\"twitter:data1\" content=\"2 minutes\" \/>\n<script type=\"application\/ld+json\" class=\"yoast-schema-graph\">{\"@context\":\"https:\\\/\\\/schema.org\",\"@graph\":[{\"@type\":\"WebPage\",\"@id\":\"https:\\\/\\\/revolutionpadelstore.com\\\/en\\\/camiseta-head-arturo-coello-2025-2\\\/\",\"url\":\"https:\\\/\\\/revolutionpadelstore.com\\\/en\\\/camiseta-head-arturo-coello-2025-2\\\/\",\"name\":\"CAMISETA HEAD ARTURO COELLO 2025 - Revolution Padel Store\",\"isPartOf\":{\"@id\":\"https:\\\/\\\/revolutionpadelstore.com\\\/en\\\/#website\"},\"primaryImageOfPage\":{\"@id\":\"https:\\\/\\\/revolutionpadelstore.com\\\/en\\\/camiseta-head-arturo-coello-2025-2\\\/#primaryimage\"},\"image\":{\"@id\":\"https:\\\/\\\/revolutionpadelstore.com\\\/en\\\/camiseta-head-arturo-coello-2025-2\\\/#primaryimage\"},\"thumbnailUrl\":\"https:\\\/\\\/revolutionpadelstore.com\\\/wp-content\\\/uploads\\\/2024\\\/11\\\/camiseta-Coello-2025.png\",\"datePublished\":\"2024-11-26T12:53:26+00:00\",\"dateModified\":\"2026-04-08T08:05:24+00:00\",\"description\":\"La camiseta PERFORMANCE T-SHIRT para hombre, inspirada en el estilo de Arturo Coello, fusiona dise\u00f1o premium y tecnolog\u00eda avanzada. Elaborada en tejido jacquard de poli\u00e9ster 100%, incluye los logos de sus patrocinadores y est\u00e1 pensada para mantenerte fresco durante los partidos m\u00e1s exigentes. Su tecnolog\u00eda de mapeo corporal en zonas estrat\u00e9gicas y la tecnolog\u00eda Moisture Transfer Microfiber de HEAD proporcionan un efecto refrescante y aceleran el proceso de secado del material.\",\"breadcrumb\":{\"@id\":\"https:\\\/\\\/revolutionpadelstore.com\\\/en\\\/camiseta-head-arturo-coello-2025-2\\\/#breadcrumb\"},\"inLanguage\":\"en-US\",\"potentialAction\":[{\"@type\":\"ReadAction\",\"target\":[\"https:\\\/\\\/revolutionpadelstore.com\\\/en\\\/camiseta-head-arturo-coello-2025-2\\\/\"]}]},{\"@type\":\"ImageObject\",\"inLanguage\":\"en-US\",\"@id\":\"https:\\\/\\\/revolutionpadelstore.com\\\/en\\\/camiseta-head-arturo-coello-2025-2\\\/#primaryimage\",\"url\":\"https:\\\/\\\/revolutionpadelstore.com\\\/wp-content\\\/uploads\\\/2024\\\/11\\\/camiseta-Coello-2025.png\",\"contentUrl\":\"https:\\\/\\\/revolutionpadelstore.com\\\/wp-content\\\/uploads\\\/2024\\\/11\\\/camiseta-Coello-2025.png\",\"width\":1500,\"height\":1500},{\"@type\":\"BreadcrumbList\",\"@id\":\"https:\\\/\\\/revolutionpadelstore.com\\\/en\\\/camiseta-head-arturo-coello-2025-2\\\/#breadcrumb\",\"itemListElement\":[{\"@type\":\"ListItem\",\"position\":1,\"name\":\"Portada\",\"item\":\"https:\\\/\\\/revolutionpadelstore.com\\\/en\\\/\"},{\"@type\":\"ListItem\",\"position\":2,\"name\":\"Shop\",\"item\":\"https:\\\/\\\/revolutionpadelstore.com\\\/en\\\/shop\\\/\"},{\"@type\":\"ListItem\",\"position\":3,\"name\":\"CAMISETA HEAD ARTURO COELLO 2025\"}]},{\"@type\":\"WebSite\",\"@id\":\"https:\\\/\\\/revolutionpadelstore.com\\\/en\\\/#website\",\"url\":\"https:\\\/\\\/revolutionpadelstore.com\\\/en\\\/\",\"name\":\"Revolution Padel Store\",\"description\":\"\",\"publisher\":{\"@id\":\"https:\\\/\\\/revolutionpadelstore.com\\\/en\\\/#organization\"},\"potentialAction\":[{\"@type\":\"SearchAction\",\"target\":{\"@type\":\"EntryPoint\",\"urlTemplate\":\"https:\\\/\\\/revolutionpadelstore.com\\\/en\\\/?s={search_term_string}\"},\"query-input\":{\"@type\":\"PropertyValueSpecification\",\"valueRequired\":true,\"valueName\":\"search_term_string\"}}],\"inLanguage\":\"en-US\"},{\"@type\":\"Organization\",\"@id\":\"https:\\\/\\\/revolutionpadelstore.com\\\/en\\\/#organization\",\"name\":\"Revolution Padel Store\",\"url\":\"https:\\\/\\\/revolutionpadelstore.com\\\/en\\\/\",\"logo\":{\"@type\":\"ImageObject\",\"inLanguage\":\"en-US\",\"@id\":\"https:\\\/\\\/revolutionpadelstore.com\\\/en\\\/#\\\/schema\\\/logo\\\/image\\\/\",\"url\":\"https:\\\/\\\/revolutionpadelstore.com\\\/wp-content\\\/uploads\\\/2026\\\/02\\\/revolution-padel-store.jpg\",\"contentUrl\":\"https:\\\/\\\/revolutionpadelstore.com\\\/wp-content\\\/uploads\\\/2026\\\/02\\\/revolution-padel-store.jpg\",\"width\":2000,\"height\":2000,\"caption\":\"Revolution Padel Store\"},\"image\":{\"@id\":\"https:\\\/\\\/revolutionpadelstore.com\\\/en\\\/#\\\/schema\\\/logo\\\/image\\\/\"},\"sameAs\":[\"https:\\\/\\\/www.instagram.com\\\/revolutionpadelstore\\\/\"]}]}<\/script>\n<!-- \/ Yoast SEO plugin. -->","yoast_head_json":{"title":"CAMISETA HEAD ARTURO COELLO 2025 - Revolution Padel Store","description":"La camiseta PERFORMANCE T-SHIRT para hombre, inspirada en el estilo de Arturo Coello, fusiona dise\u00f1o premium y tecnolog\u00eda avanzada. Elaborada en tejido jacquard de poli\u00e9ster 100%, incluye los logos de sus patrocinadores y est\u00e1 pensada para mantenerte fresco durante los partidos m\u00e1s exigentes. Su tecnolog\u00eda de mapeo corporal en zonas estrat\u00e9gicas y la tecnolog\u00eda Moisture Transfer Microfiber de HEAD proporcionan un efecto refrescante y aceleran el proceso de secado del material.","robots":{"index":"index","follow":"follow","max-snippet":"max-snippet:-1","max-image-preview":"max-image-preview:large","max-video-preview":"max-video-preview:-1"},"canonical":"https:\/\/revolutionpadelstore.com\/en\/camiseta-head-arturo-coello-2025-2\/","og_locale":"en_US","og_type":"article","og_title":"CAMISETA HEAD ARTURO COELLO 2025 - Revolution Padel Store","og_description":"La camiseta PERFORMANCE T-SHIRT para hombre, inspirada en el estilo de Arturo Coello, fusiona dise\u00f1o premium y tecnolog\u00eda avanzada. Elaborada en tejido jacquard de poli\u00e9ster 100%, incluye los logos de sus patrocinadores y est\u00e1 pensada para mantenerte fresco durante los partidos m\u00e1s exigentes. Su tecnolog\u00eda de mapeo corporal en zonas estrat\u00e9gicas y la tecnolog\u00eda Moisture Transfer Microfiber de HEAD proporcionan un efecto refrescante y aceleran el proceso de secado del material.","og_url":"https:\/\/revolutionpadelstore.com\/en\/camiseta-head-arturo-coello-2025-2\/","og_site_name":"Revolution Padel Store","article_modified_time":"2026-04-08T08:05:24+00:00","og_image":[{"width":1500,"height":1500,"url":"https:\/\/revolutionpadelstore.com\/wp-content\/uploads\/2024\/11\/camiseta-Coello-2025.png","type":"image\/png"}],"twitter_card":"summary_large_image","twitter_misc":{"Est. reading time":"2 minutes"},"schema":{"@context":"https:\/\/schema.org","@graph":[{"@type":"WebPage","@id":"https:\/\/revolutionpadelstore.com\/en\/camiseta-head-arturo-coello-2025-2\/","url":"https:\/\/revolutionpadelstore.com\/en\/camiseta-head-arturo-coello-2025-2\/","name":"CAMISETA HEAD ARTURO COELLO 2025 - Revolution Padel Store","isPartOf":{"@id":"https:\/\/revolutionpadelstore.com\/en\/#website"},"primaryImageOfPage":{"@id":"https:\/\/revolutionpadelstore.com\/en\/camiseta-head-arturo-coello-2025-2\/#primaryimage"},"image":{"@id":"https:\/\/revolutionpadelstore.com\/en\/camiseta-head-arturo-coello-2025-2\/#primaryimage"},"thumbnailUrl":"https:\/\/revolutionpadelstore.com\/wp-content\/uploads\/2024\/11\/camiseta-Coello-2025.png","datePublished":"2024-11-26T12:53:26+00:00","dateModified":"2026-04-08T08:05:24+00:00","description":"La camiseta PERFORMANCE T-SHIRT para hombre, inspirada en el estilo de Arturo Coello, fusiona dise\u00f1o premium y tecnolog\u00eda avanzada. Elaborada en tejido jacquard de poli\u00e9ster 100%, incluye los logos de sus patrocinadores y est\u00e1 pensada para mantenerte fresco durante los partidos m\u00e1s exigentes. Su tecnolog\u00eda de mapeo corporal en zonas estrat\u00e9gicas y la tecnolog\u00eda Moisture Transfer Microfiber de HEAD proporcionan un efecto refrescante y aceleran el proceso de secado del material.","breadcrumb":{"@id":"https:\/\/revolutionpadelstore.com\/en\/camiseta-head-arturo-coello-2025-2\/#breadcrumb"},"inLanguage":"en-US","potentialAction":[{"@type":"ReadAction","target":["https:\/\/revolutionpadelstore.com\/en\/camiseta-head-arturo-coello-2025-2\/"]}]},{"@type":"ImageObject","inLanguage":"en-US","@id":"https:\/\/revolutionpadelstore.com\/en\/camiseta-head-arturo-coello-2025-2\/#primaryimage","url":"https:\/\/revolutionpadelstore.com\/wp-content\/uploads\/2024\/11\/camiseta-Coello-2025.png","contentUrl":"https:\/\/revolutionpadelstore.com\/wp-content\/uploads\/2024\/11\/camiseta-Coello-2025.png","width":1500,"height":1500},{"@type":"BreadcrumbList","@id":"https:\/\/revolutionpadelstore.com\/en\/camiseta-head-arturo-coello-2025-2\/#breadcrumb","itemListElement":[{"@type":"ListItem","position":1,"name":"Portada","item":"https:\/\/revolutionpadelstore.com\/en\/"},{"@type":"ListItem","position":2,"name":"Shop","item":"https:\/\/revolutionpadelstore.com\/en\/shop\/"},{"@type":"ListItem","position":3,"name":"CAMISETA HEAD ARTURO COELLO 2025"}]},{"@type":"WebSite","@id":"https:\/\/revolutionpadelstore.com\/en\/#website","url":"https:\/\/revolutionpadelstore.com\/en\/","name":"Revolution Padel Store","description":"","publisher":{"@id":"https:\/\/revolutionpadelstore.com\/en\/#organization"},"potentialAction":[{"@type":"SearchAction","target":{"@type":"EntryPoint","urlTemplate":"https:\/\/revolutionpadelstore.com\/en\/?s={search_term_string}"},"query-input":{"@type":"PropertyValueSpecification","valueRequired":true,"valueName":"search_term_string"}}],"inLanguage":"en-US"},{"@type":"Organization","@id":"https:\/\/revolutionpadelstore.com\/en\/#organization","name":"Revolution Padel Store","url":"https:\/\/revolutionpadelstore.com\/en\/","logo":{"@type":"ImageObject","inLanguage":"en-US","@id":"https:\/\/revolutionpadelstore.com\/en\/#\/schema\/logo\/image\/","url":"https:\/\/revolutionpadelstore.com\/wp-content\/uploads\/2026\/02\/revolution-padel-store.jpg","contentUrl":"https:\/\/revolutionpadelstore.com\/wp-content\/uploads\/2026\/02\/revolution-padel-store.jpg","width":2000,"height":2000,"caption":"Revolution Padel Store"},"image":{"@id":"https:\/\/revolutionpadelstore.com\/en\/#\/schema\/logo\/image\/"},"sameAs":["https:\/\/www.instagram.com\/revolutionpadelstore\/"]}]}},"_links":{"self":[{"href":"https:\/\/revolutionpadelstore.com\/en\/wp-json\/wp\/v2\/product\/129209","targetHints":{"allow":["GET"]}}],"collection":[{"href":"https:\/\/revolutionpadelstore.com\/en\/wp-json\/wp\/v2\/product"}],"about":[{"href":"https:\/\/revolutionpadelstore.com\/en\/wp-json\/wp\/v2\/types\/product"}],"replies":[{"embeddable":true,"href":"https:\/\/revolutionpadelstore.com\/en\/wp-json\/wp\/v2\/comments?post=129209"}],"wp:featuredmedia":[{"embeddable":true,"href":"https:\/\/revolutionpadelstore.com\/en\/wp-json\/wp\/v2\/media\/129220"}],"wp:attachment":[{"href":"https:\/\/revolutionpadelstore.com\/en\/wp-json\/wp\/v2\/media?parent=129209"}],"wp:term":[{"taxonomy":"acabado","embeddable":true,"href":"https:\/\/revolutionpadelstore.com\/en\/wp-json\/wp\/v2\/acabado?post=129209"},{"taxonomy":"balance","embeddable":true,"href":"https:\/\/revolutionpadelstore.com\/en\/wp-json\/wp\/v2\/balance?post=129209"},{"taxonomy":"dureza","embeddable":true,"href":"https:\/\/revolutionpadelstore.com\/en\/wp-json\/wp\/v2\/dureza?post=129209"},{"taxonomy":"forma","embeddable":true,"href":"https:\/\/revolutionpadelstore.com\/en\/wp-json\/wp\/v2\/forma?post=129209"},{"taxonomy":"jugador","embeddable":true,"href":"https:\/\/revolutionpadelstore.com\/en\/wp-json\/wp\/v2\/jugador?post=129209"},{"taxonomy":"marca","embeddable":true,"href":"https:\/\/revolutionpadelstore.com\/en\/wp-json\/wp\/v2\/marca?post=129209"},{"taxonomy":"nivel-de-juego","embeddable":true,"href":"https:\/\/revolutionpadelstore.com\/en\/wp-json\/wp\/v2\/nivel-de-juego?post=129209"},{"taxonomy":"superficie","embeddable":true,"href":"https:\/\/revolutionpadelstore.com\/en\/wp-json\/wp\/v2\/superficie?post=129209"},{"taxonomy":"tipo-de-juego","embeddable":true,"href":"https:\/\/revolutionpadelstore.com\/en\/wp-json\/wp\/v2\/tipo-de-juego?post=129209"},{"taxonomy":"product_brand","embeddable":true,"href":"https:\/\/revolutionpadelstore.com\/en\/wp-json\/wp\/v2\/product_brand?post=129209"},{"taxonomy":"product_cat","embeddable":true,"href":"https:\/\/revolutionpadelstore.com\/en\/wp-json\/wp\/v2\/product_cat?post=129209"},{"taxonomy":"product_tag","embeddable":true,"href":"https:\/\/revolutionpadelstore.com\/en\/wp-json\/wp\/v2\/product_tag?post=129209"}],"curies":[{"name":"wp","href":"https:\/\/api.w.org\/{rel}","templated":true}]}}