{"id":129190,"date":"2024-11-26T08:41:42","date_gmt":"2024-11-26T07:41:42","guid":{"rendered":"https:\/\/revolutionpadelstore.com\/mochila-bullpadel-bpm25022-xplo\/"},"modified":"2026-04-08T10:06:40","modified_gmt":"2026-04-08T08:06:40","slug":"mochila-bullpadel-bpm25022-xplo-005-2","status":"publish","type":"product","link":"https:\/\/revolutionpadelstore.com\/en\/mochila-bullpadel-bpm25022-xplo-005-2\/","title":{"rendered":"MOCHILA BULLPADEL BPM25022 XPLO 005"},"content":{"rendered":"<h2> Bullpadel Black Backpack Black<br \/>\nThe Bullpadel Black Black Backpack BPM-25022 is the perfect option for those who seek protection, comfort and style on their way to the paddle track. Designed thinking about the performance of Mart\u00edn Di Nenno, this backpack offers a modern and practical design for athletes.<\/p>\n<p>With a thermos-refroving and padded compartment, it offers excellent protection for your most valuable objects, such as paddle blade or laptop, making sure they are always in perfect condition. In addition, it has a spacious main compartment where you can store your entire team, including clothes, towel and accessories such as overgrips. It also has an easily accessible front pocket for your personal objects, such as mobile or keys.<\/p>\n<p>For rapid and convenient access during the game, the backpack includes two elastic lateral pockets, ideal to wear a bottle of water or a ball boat. The design includes the signature of Mart\u00edn Di Nenno, which adds a special touch of authenticity.<\/p>\n<p>The side straps allow to adjust the volume of the backpack, providing greater comfort and adaptability according to the load you carry. With this model, you not only get a functional backpack, but also a style accessory, perfect for paddle lovers who appreciate quality and design. Take with you the essence of a champion with this backpack designed to offer you performance and comfort.<\/p>\n<h2>Mochila Bullpadel XPLO Negro<\/h2>\n","protected":false},"excerpt":{"rendered":"<p>The Bullpadel Black Backpack includes a thermos reinforced compartment for your paddle blade, as well as a main space to carry everything you need comfortable thanks to its adjustable straps.<\/p>\n","protected":false},"featured_media":129167,"comment_status":"open","ping_status":"closed","template":"","meta":{"_acf_changed":false,"_joinchat":[]},"acabado":[],"balance":[],"dureza":[],"forma":[],"jugador":[],"marca":[1258],"nivel-de-juego":[],"superficie":[],"tipo-de-juego":[],"product_brand":[],"product_cat":[322],"product_tag":[],"class_list":{"0":"post-129190","1":"product","2":"type-product","3":"status-publish","4":"has-post-thumbnail","6":"marca-bullpadel-en","7":"product_cat-bags","9":"first","10":"outofstock","11":"sale","12":"taxable","13":"shipping-taxable","14":"purchasable","15":"product-type-simple"},"acf":[],"yoast_head":"<!-- This site is optimized with the Yoast SEO plugin v27.4 - https:\/\/yoast.com\/product\/yoast-seo-wordpress\/ -->\n<title>MOCHILA BULLPADEL BPM25022 XPLO 005 - Revolution Padel Store<\/title>\n<meta name=\"description\" content=\"Con un compartimento termo reforzado y acolchado, protege tus pertenencias m\u00e1s importantes con eficacia, ya sea una pala de p\u00e1del o un port\u00e1til, manteni\u00e9ndolos seguros y en perfecto estado en todo momento. Esta mochila deportiva de Bullpadel ofrece un amplio compartimento principal para llevar todo tu equipamiento, incluyendo ropa, toalla o accesorios como overgrips. Cuenta, tambi\u00e9n, con un bolsillo en la parte frontal de f\u00e1cil acceso para guardar tus objetos personales como el m\u00f3vil o las llaves.\" \/>\n<meta name=\"robots\" content=\"index, follow, max-snippet:-1, max-image-preview:large, max-video-preview:-1\" \/>\n<link rel=\"canonical\" href=\"https:\/\/revolutionpadelstore.com\/en\/mochila-bullpadel-bpm25022-xplo-005-2\/\" \/>\n<meta property=\"og:locale\" content=\"en_US\" \/>\n<meta property=\"og:type\" content=\"article\" \/>\n<meta property=\"og:title\" content=\"MOCHILA BULLPADEL BPM25022 XPLO 005 - Revolution Padel Store\" \/>\n<meta property=\"og:description\" content=\"Con un compartimento termo reforzado y acolchado, protege tus pertenencias m\u00e1s importantes con eficacia, ya sea una pala de p\u00e1del o un port\u00e1til, manteni\u00e9ndolos seguros y en perfecto estado en todo momento. Esta mochila deportiva de Bullpadel ofrece un amplio compartimento principal para llevar todo tu equipamiento, incluyendo ropa, toalla o accesorios como overgrips. Cuenta, tambi\u00e9n, con un bolsillo en la parte frontal de f\u00e1cil acceso para guardar tus objetos personales como el m\u00f3vil o las llaves.\" \/>\n<meta property=\"og:url\" content=\"https:\/\/revolutionpadelstore.com\/en\/mochila-bullpadel-bpm25022-xplo-005-2\/\" \/>\n<meta property=\"og:site_name\" content=\"Revolution Padel Store\" \/>\n<meta property=\"article:modified_time\" content=\"2026-04-08T08:06:40+00:00\" \/>\n<meta property=\"og:image\" content=\"https:\/\/revolutionpadelstore.com\/wp-content\/uploads\/2024\/11\/113792-mochila-bullpadel-bpm25022-xplo-4481681500x1500-1.webp\" \/>\n\t<meta property=\"og:image:width\" content=\"1500\" \/>\n\t<meta property=\"og:image:height\" content=\"1500\" \/>\n\t<meta property=\"og:image:type\" content=\"image\/webp\" \/>\n<meta name=\"twitter:card\" content=\"summary_large_image\" \/>\n<meta name=\"twitter:label1\" content=\"Est. reading time\" \/>\n\t<meta name=\"twitter:data1\" content=\"2 minutes\" \/>\n<script type=\"application\/ld+json\" class=\"yoast-schema-graph\">{\"@context\":\"https:\\\/\\\/schema.org\",\"@graph\":[{\"@type\":\"WebPage\",\"@id\":\"https:\\\/\\\/revolutionpadelstore.com\\\/en\\\/mochila-bullpadel-bpm25022-xplo-005-2\\\/\",\"url\":\"https:\\\/\\\/revolutionpadelstore.com\\\/en\\\/mochila-bullpadel-bpm25022-xplo-005-2\\\/\",\"name\":\"MOCHILA BULLPADEL BPM25022 XPLO 005 - Revolution Padel Store\",\"isPartOf\":{\"@id\":\"https:\\\/\\\/revolutionpadelstore.com\\\/en\\\/#website\"},\"primaryImageOfPage\":{\"@id\":\"https:\\\/\\\/revolutionpadelstore.com\\\/en\\\/mochila-bullpadel-bpm25022-xplo-005-2\\\/#primaryimage\"},\"image\":{\"@id\":\"https:\\\/\\\/revolutionpadelstore.com\\\/en\\\/mochila-bullpadel-bpm25022-xplo-005-2\\\/#primaryimage\"},\"thumbnailUrl\":\"https:\\\/\\\/revolutionpadelstore.com\\\/wp-content\\\/uploads\\\/2024\\\/11\\\/113792-mochila-bullpadel-bpm25022-xplo-4481681500x1500-1.webp\",\"datePublished\":\"2024-11-26T07:41:42+00:00\",\"dateModified\":\"2026-04-08T08:06:40+00:00\",\"description\":\"Con un compartimento termo reforzado y acolchado, protege tus pertenencias m\u00e1s importantes con eficacia, ya sea una pala de p\u00e1del o un port\u00e1til, manteni\u00e9ndolos seguros y en perfecto estado en todo momento. Esta mochila deportiva de Bullpadel ofrece un amplio compartimento principal para llevar todo tu equipamiento, incluyendo ropa, toalla o accesorios como overgrips. Cuenta, tambi\u00e9n, con un bolsillo en la parte frontal de f\u00e1cil acceso para guardar tus objetos personales como el m\u00f3vil o las llaves.\",\"breadcrumb\":{\"@id\":\"https:\\\/\\\/revolutionpadelstore.com\\\/en\\\/mochila-bullpadel-bpm25022-xplo-005-2\\\/#breadcrumb\"},\"inLanguage\":\"en-US\",\"potentialAction\":[{\"@type\":\"ReadAction\",\"target\":[\"https:\\\/\\\/revolutionpadelstore.com\\\/en\\\/mochila-bullpadel-bpm25022-xplo-005-2\\\/\"]}]},{\"@type\":\"ImageObject\",\"inLanguage\":\"en-US\",\"@id\":\"https:\\\/\\\/revolutionpadelstore.com\\\/en\\\/mochila-bullpadel-bpm25022-xplo-005-2\\\/#primaryimage\",\"url\":\"https:\\\/\\\/revolutionpadelstore.com\\\/wp-content\\\/uploads\\\/2024\\\/11\\\/113792-mochila-bullpadel-bpm25022-xplo-4481681500x1500-1.webp\",\"contentUrl\":\"https:\\\/\\\/revolutionpadelstore.com\\\/wp-content\\\/uploads\\\/2024\\\/11\\\/113792-mochila-bullpadel-bpm25022-xplo-4481681500x1500-1.webp\",\"width\":1500,\"height\":1500},{\"@type\":\"BreadcrumbList\",\"@id\":\"https:\\\/\\\/revolutionpadelstore.com\\\/en\\\/mochila-bullpadel-bpm25022-xplo-005-2\\\/#breadcrumb\",\"itemListElement\":[{\"@type\":\"ListItem\",\"position\":1,\"name\":\"Portada\",\"item\":\"https:\\\/\\\/revolutionpadelstore.com\\\/en\\\/\"},{\"@type\":\"ListItem\",\"position\":2,\"name\":\"Shop\",\"item\":\"https:\\\/\\\/revolutionpadelstore.com\\\/en\\\/shop\\\/\"},{\"@type\":\"ListItem\",\"position\":3,\"name\":\"MOCHILA BULLPADEL BPM25022 XPLO 005\"}]},{\"@type\":\"WebSite\",\"@id\":\"https:\\\/\\\/revolutionpadelstore.com\\\/en\\\/#website\",\"url\":\"https:\\\/\\\/revolutionpadelstore.com\\\/en\\\/\",\"name\":\"Revolution Padel Store\",\"description\":\"\",\"publisher\":{\"@id\":\"https:\\\/\\\/revolutionpadelstore.com\\\/en\\\/#organization\"},\"potentialAction\":[{\"@type\":\"SearchAction\",\"target\":{\"@type\":\"EntryPoint\",\"urlTemplate\":\"https:\\\/\\\/revolutionpadelstore.com\\\/en\\\/?s={search_term_string}\"},\"query-input\":{\"@type\":\"PropertyValueSpecification\",\"valueRequired\":true,\"valueName\":\"search_term_string\"}}],\"inLanguage\":\"en-US\"},{\"@type\":\"Organization\",\"@id\":\"https:\\\/\\\/revolutionpadelstore.com\\\/en\\\/#organization\",\"name\":\"Revolution Padel Store\",\"url\":\"https:\\\/\\\/revolutionpadelstore.com\\\/en\\\/\",\"logo\":{\"@type\":\"ImageObject\",\"inLanguage\":\"en-US\",\"@id\":\"https:\\\/\\\/revolutionpadelstore.com\\\/en\\\/#\\\/schema\\\/logo\\\/image\\\/\",\"url\":\"https:\\\/\\\/revolutionpadelstore.com\\\/wp-content\\\/uploads\\\/2026\\\/02\\\/revolution-padel-store.jpg\",\"contentUrl\":\"https:\\\/\\\/revolutionpadelstore.com\\\/wp-content\\\/uploads\\\/2026\\\/02\\\/revolution-padel-store.jpg\",\"width\":2000,\"height\":2000,\"caption\":\"Revolution Padel Store\"},\"image\":{\"@id\":\"https:\\\/\\\/revolutionpadelstore.com\\\/en\\\/#\\\/schema\\\/logo\\\/image\\\/\"},\"sameAs\":[\"https:\\\/\\\/www.instagram.com\\\/revolutionpadelstore\\\/\"]}]}<\/script>\n<!-- \/ Yoast SEO plugin. -->","yoast_head_json":{"title":"MOCHILA BULLPADEL BPM25022 XPLO 005 - Revolution Padel Store","description":"Con un compartimento termo reforzado y acolchado, protege tus pertenencias m\u00e1s importantes con eficacia, ya sea una pala de p\u00e1del o un port\u00e1til, manteni\u00e9ndolos seguros y en perfecto estado en todo momento. Esta mochila deportiva de Bullpadel ofrece un amplio compartimento principal para llevar todo tu equipamiento, incluyendo ropa, toalla o accesorios como overgrips. Cuenta, tambi\u00e9n, con un bolsillo en la parte frontal de f\u00e1cil acceso para guardar tus objetos personales como el m\u00f3vil o las llaves.","robots":{"index":"index","follow":"follow","max-snippet":"max-snippet:-1","max-image-preview":"max-image-preview:large","max-video-preview":"max-video-preview:-1"},"canonical":"https:\/\/revolutionpadelstore.com\/en\/mochila-bullpadel-bpm25022-xplo-005-2\/","og_locale":"en_US","og_type":"article","og_title":"MOCHILA BULLPADEL BPM25022 XPLO 005 - Revolution Padel Store","og_description":"Con un compartimento termo reforzado y acolchado, protege tus pertenencias m\u00e1s importantes con eficacia, ya sea una pala de p\u00e1del o un port\u00e1til, manteni\u00e9ndolos seguros y en perfecto estado en todo momento. Esta mochila deportiva de Bullpadel ofrece un amplio compartimento principal para llevar todo tu equipamiento, incluyendo ropa, toalla o accesorios como overgrips. Cuenta, tambi\u00e9n, con un bolsillo en la parte frontal de f\u00e1cil acceso para guardar tus objetos personales como el m\u00f3vil o las llaves.","og_url":"https:\/\/revolutionpadelstore.com\/en\/mochila-bullpadel-bpm25022-xplo-005-2\/","og_site_name":"Revolution Padel Store","article_modified_time":"2026-04-08T08:06:40+00:00","og_image":[{"width":1500,"height":1500,"url":"https:\/\/revolutionpadelstore.com\/wp-content\/uploads\/2024\/11\/113792-mochila-bullpadel-bpm25022-xplo-4481681500x1500-1.webp","type":"image\/webp"}],"twitter_card":"summary_large_image","twitter_misc":{"Est. reading time":"2 minutes"},"schema":{"@context":"https:\/\/schema.org","@graph":[{"@type":"WebPage","@id":"https:\/\/revolutionpadelstore.com\/en\/mochila-bullpadel-bpm25022-xplo-005-2\/","url":"https:\/\/revolutionpadelstore.com\/en\/mochila-bullpadel-bpm25022-xplo-005-2\/","name":"MOCHILA BULLPADEL BPM25022 XPLO 005 - Revolution Padel Store","isPartOf":{"@id":"https:\/\/revolutionpadelstore.com\/en\/#website"},"primaryImageOfPage":{"@id":"https:\/\/revolutionpadelstore.com\/en\/mochila-bullpadel-bpm25022-xplo-005-2\/#primaryimage"},"image":{"@id":"https:\/\/revolutionpadelstore.com\/en\/mochila-bullpadel-bpm25022-xplo-005-2\/#primaryimage"},"thumbnailUrl":"https:\/\/revolutionpadelstore.com\/wp-content\/uploads\/2024\/11\/113792-mochila-bullpadel-bpm25022-xplo-4481681500x1500-1.webp","datePublished":"2024-11-26T07:41:42+00:00","dateModified":"2026-04-08T08:06:40+00:00","description":"Con un compartimento termo reforzado y acolchado, protege tus pertenencias m\u00e1s importantes con eficacia, ya sea una pala de p\u00e1del o un port\u00e1til, manteni\u00e9ndolos seguros y en perfecto estado en todo momento. Esta mochila deportiva de Bullpadel ofrece un amplio compartimento principal para llevar todo tu equipamiento, incluyendo ropa, toalla o accesorios como overgrips. Cuenta, tambi\u00e9n, con un bolsillo en la parte frontal de f\u00e1cil acceso para guardar tus objetos personales como el m\u00f3vil o las llaves.","breadcrumb":{"@id":"https:\/\/revolutionpadelstore.com\/en\/mochila-bullpadel-bpm25022-xplo-005-2\/#breadcrumb"},"inLanguage":"en-US","potentialAction":[{"@type":"ReadAction","target":["https:\/\/revolutionpadelstore.com\/en\/mochila-bullpadel-bpm25022-xplo-005-2\/"]}]},{"@type":"ImageObject","inLanguage":"en-US","@id":"https:\/\/revolutionpadelstore.com\/en\/mochila-bullpadel-bpm25022-xplo-005-2\/#primaryimage","url":"https:\/\/revolutionpadelstore.com\/wp-content\/uploads\/2024\/11\/113792-mochila-bullpadel-bpm25022-xplo-4481681500x1500-1.webp","contentUrl":"https:\/\/revolutionpadelstore.com\/wp-content\/uploads\/2024\/11\/113792-mochila-bullpadel-bpm25022-xplo-4481681500x1500-1.webp","width":1500,"height":1500},{"@type":"BreadcrumbList","@id":"https:\/\/revolutionpadelstore.com\/en\/mochila-bullpadel-bpm25022-xplo-005-2\/#breadcrumb","itemListElement":[{"@type":"ListItem","position":1,"name":"Portada","item":"https:\/\/revolutionpadelstore.com\/en\/"},{"@type":"ListItem","position":2,"name":"Shop","item":"https:\/\/revolutionpadelstore.com\/en\/shop\/"},{"@type":"ListItem","position":3,"name":"MOCHILA BULLPADEL BPM25022 XPLO 005"}]},{"@type":"WebSite","@id":"https:\/\/revolutionpadelstore.com\/en\/#website","url":"https:\/\/revolutionpadelstore.com\/en\/","name":"Revolution Padel Store","description":"","publisher":{"@id":"https:\/\/revolutionpadelstore.com\/en\/#organization"},"potentialAction":[{"@type":"SearchAction","target":{"@type":"EntryPoint","urlTemplate":"https:\/\/revolutionpadelstore.com\/en\/?s={search_term_string}"},"query-input":{"@type":"PropertyValueSpecification","valueRequired":true,"valueName":"search_term_string"}}],"inLanguage":"en-US"},{"@type":"Organization","@id":"https:\/\/revolutionpadelstore.com\/en\/#organization","name":"Revolution Padel Store","url":"https:\/\/revolutionpadelstore.com\/en\/","logo":{"@type":"ImageObject","inLanguage":"en-US","@id":"https:\/\/revolutionpadelstore.com\/en\/#\/schema\/logo\/image\/","url":"https:\/\/revolutionpadelstore.com\/wp-content\/uploads\/2026\/02\/revolution-padel-store.jpg","contentUrl":"https:\/\/revolutionpadelstore.com\/wp-content\/uploads\/2026\/02\/revolution-padel-store.jpg","width":2000,"height":2000,"caption":"Revolution Padel Store"},"image":{"@id":"https:\/\/revolutionpadelstore.com\/en\/#\/schema\/logo\/image\/"},"sameAs":["https:\/\/www.instagram.com\/revolutionpadelstore\/"]}]}},"_links":{"self":[{"href":"https:\/\/revolutionpadelstore.com\/en\/wp-json\/wp\/v2\/product\/129190","targetHints":{"allow":["GET"]}}],"collection":[{"href":"https:\/\/revolutionpadelstore.com\/en\/wp-json\/wp\/v2\/product"}],"about":[{"href":"https:\/\/revolutionpadelstore.com\/en\/wp-json\/wp\/v2\/types\/product"}],"replies":[{"embeddable":true,"href":"https:\/\/revolutionpadelstore.com\/en\/wp-json\/wp\/v2\/comments?post=129190"}],"wp:featuredmedia":[{"embeddable":true,"href":"https:\/\/revolutionpadelstore.com\/en\/wp-json\/wp\/v2\/media\/129167"}],"wp:attachment":[{"href":"https:\/\/revolutionpadelstore.com\/en\/wp-json\/wp\/v2\/media?parent=129190"}],"wp:term":[{"taxonomy":"acabado","embeddable":true,"href":"https:\/\/revolutionpadelstore.com\/en\/wp-json\/wp\/v2\/acabado?post=129190"},{"taxonomy":"balance","embeddable":true,"href":"https:\/\/revolutionpadelstore.com\/en\/wp-json\/wp\/v2\/balance?post=129190"},{"taxonomy":"dureza","embeddable":true,"href":"https:\/\/revolutionpadelstore.com\/en\/wp-json\/wp\/v2\/dureza?post=129190"},{"taxonomy":"forma","embeddable":true,"href":"https:\/\/revolutionpadelstore.com\/en\/wp-json\/wp\/v2\/forma?post=129190"},{"taxonomy":"jugador","embeddable":true,"href":"https:\/\/revolutionpadelstore.com\/en\/wp-json\/wp\/v2\/jugador?post=129190"},{"taxonomy":"marca","embeddable":true,"href":"https:\/\/revolutionpadelstore.com\/en\/wp-json\/wp\/v2\/marca?post=129190"},{"taxonomy":"nivel-de-juego","embeddable":true,"href":"https:\/\/revolutionpadelstore.com\/en\/wp-json\/wp\/v2\/nivel-de-juego?post=129190"},{"taxonomy":"superficie","embeddable":true,"href":"https:\/\/revolutionpadelstore.com\/en\/wp-json\/wp\/v2\/superficie?post=129190"},{"taxonomy":"tipo-de-juego","embeddable":true,"href":"https:\/\/revolutionpadelstore.com\/en\/wp-json\/wp\/v2\/tipo-de-juego?post=129190"},{"taxonomy":"product_brand","embeddable":true,"href":"https:\/\/revolutionpadelstore.com\/en\/wp-json\/wp\/v2\/product_brand?post=129190"},{"taxonomy":"product_cat","embeddable":true,"href":"https:\/\/revolutionpadelstore.com\/en\/wp-json\/wp\/v2\/product_cat?post=129190"},{"taxonomy":"product_tag","embeddable":true,"href":"https:\/\/revolutionpadelstore.com\/en\/wp-json\/wp\/v2\/product_tag?post=129190"}],"curies":[{"name":"wp","href":"https:\/\/api.w.org\/{rel}","templated":true}]}}