{"id":129086,"date":"2024-11-25T23:59:17","date_gmt":"2024-11-25T22:59:17","guid":{"rendered":"https:\/\/revolutionpadelstore.com\/mochila-bullpadel-bpm25001-hack-blanco\/"},"modified":"2026-04-13T14:00:05","modified_gmt":"2026-04-13T12:00:05","slug":"mochila-bullpadel-bpm25001-hack-blanco-2","status":"publish","type":"product","link":"https:\/\/revolutionpadelstore.com\/en\/mochila-bullpadel-bpm25001-hack-blanco-2\/","title":{"rendered":"MOCHILA BULLPADEL BPM25001 HACK BLANCO"},"content":{"rendered":"<h2> Bullpadel BPM25001 White Hack of Paquito Navarro<br \/>\nThe Bullpadel BPM25001 Technical Backpack Black and Black Hack is the perfect option for paddle players looking for a combination of functionality and style. Created to complement Paquito Navarro Hack 04, it has a broad main compartment where you can save everything you need. In addition, it has a thermal compartment reinforced with space for two blades, protecting them from possible damage and temperature variations.<\/p>\n<p>Its intelligent design includes an ventilated and separate compartment, ideal for storing clothes and footwear without worrying about bad odors. A prominent detail is padded pocket, designed to carry laptops or tablets safely and practical. It also has a perfect side pocket to transport the ball boat.<\/p>\n<p>The comfort is guaranteed thanks to its back with FOAM, which provides ventilation and support for the back, especially useful during long periods of use. The pectoral strap ensures a perfect adjustment, avoiding uncomfortable movements while you move.<\/p>\n<p>With its black and white design and the Bullpadel logo on the front, this backpack has a modern and elegant touch, ideal for those who seek performance without renouncing style. If you need a comfortable, practice and sophisticated design, this is the perfect option to carry your paddle accessories with confidence.<\/p>\n<h2>Mochila Bullpadel Bpm25001 Hack Blanco de Paquito Navarro<\/h2>\n","protected":false},"excerpt":{"rendered":"<p>Bullpadel BPM25001 White Hack with thermos, ventilated and padded compartments. Ergonomic black and white design with frontal logo. Perfect to transport shovels, clothing and devices with comfort and style.<\/p>\n","protected":false},"featured_media":129063,"comment_status":"open","ping_status":"closed","template":"","meta":{"_acf_changed":false,"_joinchat":[]},"acabado":[],"balance":[],"dureza":[],"forma":[],"jugador":[],"marca":[1258],"nivel-de-juego":[],"superficie":[],"tipo-de-juego":[],"product_brand":[],"product_cat":[322],"product_tag":[],"class_list":{"0":"post-129086","1":"product","2":"type-product","3":"status-publish","4":"has-post-thumbnail","6":"marca-bullpadel-en","7":"product_cat-bags","9":"first","10":"instock","11":"sale","12":"taxable","13":"shipping-taxable","14":"purchasable","15":"product-type-simple"},"acf":[],"yoast_head":"<!-- This site is optimized with the Yoast SEO plugin v27.4 - https:\/\/yoast.com\/product\/yoast-seo-wordpress\/ -->\n<title>MOCHILA BULLPADEL BPM25001 HACK BLANCO - Revolution Padel Store<\/title>\n<meta name=\"description\" content=\"La mochila t\u00e9cnica Bullpadel BPM25001 Hack Blanca y Negra es una excelente elecci\u00f3n para jugadores de p\u00e1del que buscan funcionalidad y estilo. Dise\u00f1ada para complementar la pala Hack 04 de Paquito Navarro, cuenta con un compartimento principal amplio donde puedes guardar todo lo que necesites. Adem\u00e1s, incluye un compartimento thermo reforzado con capacidad para dos palas, protegi\u00e9ndolas de cambios t\u00e9rmicos y posibles da\u00f1os. Su dise\u00f1o inteligente tambi\u00e9n incorpora un espacio separado y ventilado, ideal para transportar ropa y calzado sin preocuparte por los malos olores.\" \/>\n<meta name=\"robots\" content=\"index, follow, max-snippet:-1, max-image-preview:large, max-video-preview:-1\" \/>\n<link rel=\"canonical\" href=\"https:\/\/revolutionpadelstore.com\/en\/mochila-bullpadel-bpm25001-hack-blanco-2\/\" \/>\n<meta property=\"og:locale\" content=\"en_US\" \/>\n<meta property=\"og:type\" content=\"article\" \/>\n<meta property=\"og:title\" content=\"MOCHILA BULLPADEL BPM25001 HACK BLANCO - Revolution Padel Store\" \/>\n<meta property=\"og:description\" content=\"La mochila t\u00e9cnica Bullpadel BPM25001 Hack Blanca y Negra es una excelente elecci\u00f3n para jugadores de p\u00e1del que buscan funcionalidad y estilo. Dise\u00f1ada para complementar la pala Hack 04 de Paquito Navarro, cuenta con un compartimento principal amplio donde puedes guardar todo lo que necesites. Adem\u00e1s, incluye un compartimento thermo reforzado con capacidad para dos palas, protegi\u00e9ndolas de cambios t\u00e9rmicos y posibles da\u00f1os. Su dise\u00f1o inteligente tambi\u00e9n incorpora un espacio separado y ventilado, ideal para transportar ropa y calzado sin preocuparte por los malos olores.\" \/>\n<meta property=\"og:url\" content=\"https:\/\/revolutionpadelstore.com\/en\/mochila-bullpadel-bpm25001-hack-blanco-2\/\" \/>\n<meta property=\"og:site_name\" content=\"Revolution Padel Store\" \/>\n<meta property=\"article:modified_time\" content=\"2026-04-13T12:00:05+00:00\" \/>\n<meta property=\"og:image\" content=\"https:\/\/revolutionpadelstore.com\/wp-content\/uploads\/2024\/11\/113782-mochila-bullpadel-bpm25001-hack-448164-1500x1500-1.webp\" \/>\n\t<meta property=\"og:image:width\" content=\"1500\" \/>\n\t<meta property=\"og:image:height\" content=\"1500\" \/>\n\t<meta property=\"og:image:type\" content=\"image\/webp\" \/>\n<meta name=\"twitter:card\" content=\"summary_large_image\" \/>\n<meta name=\"twitter:label1\" content=\"Est. reading time\" \/>\n\t<meta name=\"twitter:data1\" content=\"2 minutes\" \/>\n<script type=\"application\/ld+json\" class=\"yoast-schema-graph\">{\"@context\":\"https:\\\/\\\/schema.org\",\"@graph\":[{\"@type\":\"WebPage\",\"@id\":\"https:\\\/\\\/revolutionpadelstore.com\\\/en\\\/mochila-bullpadel-bpm25001-hack-blanco-2\\\/\",\"url\":\"https:\\\/\\\/revolutionpadelstore.com\\\/en\\\/mochila-bullpadel-bpm25001-hack-blanco-2\\\/\",\"name\":\"MOCHILA BULLPADEL BPM25001 HACK BLANCO - Revolution Padel Store\",\"isPartOf\":{\"@id\":\"https:\\\/\\\/revolutionpadelstore.com\\\/en\\\/#website\"},\"primaryImageOfPage\":{\"@id\":\"https:\\\/\\\/revolutionpadelstore.com\\\/en\\\/mochila-bullpadel-bpm25001-hack-blanco-2\\\/#primaryimage\"},\"image\":{\"@id\":\"https:\\\/\\\/revolutionpadelstore.com\\\/en\\\/mochila-bullpadel-bpm25001-hack-blanco-2\\\/#primaryimage\"},\"thumbnailUrl\":\"https:\\\/\\\/revolutionpadelstore.com\\\/wp-content\\\/uploads\\\/2024\\\/11\\\/113782-mochila-bullpadel-bpm25001-hack-448164-1500x1500-1.webp\",\"datePublished\":\"2024-11-25T22:59:17+00:00\",\"dateModified\":\"2026-04-13T12:00:05+00:00\",\"description\":\"La mochila t\u00e9cnica Bullpadel BPM25001 Hack Blanca y Negra es una excelente elecci\u00f3n para jugadores de p\u00e1del que buscan funcionalidad y estilo. Dise\u00f1ada para complementar la pala Hack 04 de Paquito Navarro, cuenta con un compartimento principal amplio donde puedes guardar todo lo que necesites. Adem\u00e1s, incluye un compartimento thermo reforzado con capacidad para dos palas, protegi\u00e9ndolas de cambios t\u00e9rmicos y posibles da\u00f1os. Su dise\u00f1o inteligente tambi\u00e9n incorpora un espacio separado y ventilado, ideal para transportar ropa y calzado sin preocuparte por los malos olores.\",\"breadcrumb\":{\"@id\":\"https:\\\/\\\/revolutionpadelstore.com\\\/en\\\/mochila-bullpadel-bpm25001-hack-blanco-2\\\/#breadcrumb\"},\"inLanguage\":\"en-US\",\"potentialAction\":[{\"@type\":\"ReadAction\",\"target\":[\"https:\\\/\\\/revolutionpadelstore.com\\\/en\\\/mochila-bullpadel-bpm25001-hack-blanco-2\\\/\"]}]},{\"@type\":\"ImageObject\",\"inLanguage\":\"en-US\",\"@id\":\"https:\\\/\\\/revolutionpadelstore.com\\\/en\\\/mochila-bullpadel-bpm25001-hack-blanco-2\\\/#primaryimage\",\"url\":\"https:\\\/\\\/revolutionpadelstore.com\\\/wp-content\\\/uploads\\\/2024\\\/11\\\/113782-mochila-bullpadel-bpm25001-hack-448164-1500x1500-1.webp\",\"contentUrl\":\"https:\\\/\\\/revolutionpadelstore.com\\\/wp-content\\\/uploads\\\/2024\\\/11\\\/113782-mochila-bullpadel-bpm25001-hack-448164-1500x1500-1.webp\",\"width\":1500,\"height\":1500},{\"@type\":\"BreadcrumbList\",\"@id\":\"https:\\\/\\\/revolutionpadelstore.com\\\/en\\\/mochila-bullpadel-bpm25001-hack-blanco-2\\\/#breadcrumb\",\"itemListElement\":[{\"@type\":\"ListItem\",\"position\":1,\"name\":\"Portada\",\"item\":\"https:\\\/\\\/revolutionpadelstore.com\\\/en\\\/\"},{\"@type\":\"ListItem\",\"position\":2,\"name\":\"Shop\",\"item\":\"https:\\\/\\\/revolutionpadelstore.com\\\/en\\\/shop\\\/\"},{\"@type\":\"ListItem\",\"position\":3,\"name\":\"MOCHILA BULLPADEL BPM25001 HACK BLANCO\"}]},{\"@type\":\"WebSite\",\"@id\":\"https:\\\/\\\/revolutionpadelstore.com\\\/en\\\/#website\",\"url\":\"https:\\\/\\\/revolutionpadelstore.com\\\/en\\\/\",\"name\":\"Revolution Padel Store\",\"description\":\"\",\"publisher\":{\"@id\":\"https:\\\/\\\/revolutionpadelstore.com\\\/en\\\/#organization\"},\"potentialAction\":[{\"@type\":\"SearchAction\",\"target\":{\"@type\":\"EntryPoint\",\"urlTemplate\":\"https:\\\/\\\/revolutionpadelstore.com\\\/en\\\/?s={search_term_string}\"},\"query-input\":{\"@type\":\"PropertyValueSpecification\",\"valueRequired\":true,\"valueName\":\"search_term_string\"}}],\"inLanguage\":\"en-US\"},{\"@type\":\"Organization\",\"@id\":\"https:\\\/\\\/revolutionpadelstore.com\\\/en\\\/#organization\",\"name\":\"Revolution Padel Store\",\"url\":\"https:\\\/\\\/revolutionpadelstore.com\\\/en\\\/\",\"logo\":{\"@type\":\"ImageObject\",\"inLanguage\":\"en-US\",\"@id\":\"https:\\\/\\\/revolutionpadelstore.com\\\/en\\\/#\\\/schema\\\/logo\\\/image\\\/\",\"url\":\"https:\\\/\\\/revolutionpadelstore.com\\\/wp-content\\\/uploads\\\/2026\\\/02\\\/revolution-padel-store.jpg\",\"contentUrl\":\"https:\\\/\\\/revolutionpadelstore.com\\\/wp-content\\\/uploads\\\/2026\\\/02\\\/revolution-padel-store.jpg\",\"width\":2000,\"height\":2000,\"caption\":\"Revolution Padel Store\"},\"image\":{\"@id\":\"https:\\\/\\\/revolutionpadelstore.com\\\/en\\\/#\\\/schema\\\/logo\\\/image\\\/\"},\"sameAs\":[\"https:\\\/\\\/www.instagram.com\\\/revolutionpadelstore\\\/\"]}]}<\/script>\n<!-- \/ Yoast SEO plugin. -->","yoast_head_json":{"title":"MOCHILA BULLPADEL BPM25001 HACK BLANCO - Revolution Padel Store","description":"La mochila t\u00e9cnica Bullpadel BPM25001 Hack Blanca y Negra es una excelente elecci\u00f3n para jugadores de p\u00e1del que buscan funcionalidad y estilo. Dise\u00f1ada para complementar la pala Hack 04 de Paquito Navarro, cuenta con un compartimento principal amplio donde puedes guardar todo lo que necesites. Adem\u00e1s, incluye un compartimento thermo reforzado con capacidad para dos palas, protegi\u00e9ndolas de cambios t\u00e9rmicos y posibles da\u00f1os. Su dise\u00f1o inteligente tambi\u00e9n incorpora un espacio separado y ventilado, ideal para transportar ropa y calzado sin preocuparte por los malos olores.","robots":{"index":"index","follow":"follow","max-snippet":"max-snippet:-1","max-image-preview":"max-image-preview:large","max-video-preview":"max-video-preview:-1"},"canonical":"https:\/\/revolutionpadelstore.com\/en\/mochila-bullpadel-bpm25001-hack-blanco-2\/","og_locale":"en_US","og_type":"article","og_title":"MOCHILA BULLPADEL BPM25001 HACK BLANCO - Revolution Padel Store","og_description":"La mochila t\u00e9cnica Bullpadel BPM25001 Hack Blanca y Negra es una excelente elecci\u00f3n para jugadores de p\u00e1del que buscan funcionalidad y estilo. Dise\u00f1ada para complementar la pala Hack 04 de Paquito Navarro, cuenta con un compartimento principal amplio donde puedes guardar todo lo que necesites. Adem\u00e1s, incluye un compartimento thermo reforzado con capacidad para dos palas, protegi\u00e9ndolas de cambios t\u00e9rmicos y posibles da\u00f1os. Su dise\u00f1o inteligente tambi\u00e9n incorpora un espacio separado y ventilado, ideal para transportar ropa y calzado sin preocuparte por los malos olores.","og_url":"https:\/\/revolutionpadelstore.com\/en\/mochila-bullpadel-bpm25001-hack-blanco-2\/","og_site_name":"Revolution Padel Store","article_modified_time":"2026-04-13T12:00:05+00:00","og_image":[{"width":1500,"height":1500,"url":"https:\/\/revolutionpadelstore.com\/wp-content\/uploads\/2024\/11\/113782-mochila-bullpadel-bpm25001-hack-448164-1500x1500-1.webp","type":"image\/webp"}],"twitter_card":"summary_large_image","twitter_misc":{"Est. reading time":"2 minutes"},"schema":{"@context":"https:\/\/schema.org","@graph":[{"@type":"WebPage","@id":"https:\/\/revolutionpadelstore.com\/en\/mochila-bullpadel-bpm25001-hack-blanco-2\/","url":"https:\/\/revolutionpadelstore.com\/en\/mochila-bullpadel-bpm25001-hack-blanco-2\/","name":"MOCHILA BULLPADEL BPM25001 HACK BLANCO - Revolution Padel Store","isPartOf":{"@id":"https:\/\/revolutionpadelstore.com\/en\/#website"},"primaryImageOfPage":{"@id":"https:\/\/revolutionpadelstore.com\/en\/mochila-bullpadel-bpm25001-hack-blanco-2\/#primaryimage"},"image":{"@id":"https:\/\/revolutionpadelstore.com\/en\/mochila-bullpadel-bpm25001-hack-blanco-2\/#primaryimage"},"thumbnailUrl":"https:\/\/revolutionpadelstore.com\/wp-content\/uploads\/2024\/11\/113782-mochila-bullpadel-bpm25001-hack-448164-1500x1500-1.webp","datePublished":"2024-11-25T22:59:17+00:00","dateModified":"2026-04-13T12:00:05+00:00","description":"La mochila t\u00e9cnica Bullpadel BPM25001 Hack Blanca y Negra es una excelente elecci\u00f3n para jugadores de p\u00e1del que buscan funcionalidad y estilo. Dise\u00f1ada para complementar la pala Hack 04 de Paquito Navarro, cuenta con un compartimento principal amplio donde puedes guardar todo lo que necesites. Adem\u00e1s, incluye un compartimento thermo reforzado con capacidad para dos palas, protegi\u00e9ndolas de cambios t\u00e9rmicos y posibles da\u00f1os. Su dise\u00f1o inteligente tambi\u00e9n incorpora un espacio separado y ventilado, ideal para transportar ropa y calzado sin preocuparte por los malos olores.","breadcrumb":{"@id":"https:\/\/revolutionpadelstore.com\/en\/mochila-bullpadel-bpm25001-hack-blanco-2\/#breadcrumb"},"inLanguage":"en-US","potentialAction":[{"@type":"ReadAction","target":["https:\/\/revolutionpadelstore.com\/en\/mochila-bullpadel-bpm25001-hack-blanco-2\/"]}]},{"@type":"ImageObject","inLanguage":"en-US","@id":"https:\/\/revolutionpadelstore.com\/en\/mochila-bullpadel-bpm25001-hack-blanco-2\/#primaryimage","url":"https:\/\/revolutionpadelstore.com\/wp-content\/uploads\/2024\/11\/113782-mochila-bullpadel-bpm25001-hack-448164-1500x1500-1.webp","contentUrl":"https:\/\/revolutionpadelstore.com\/wp-content\/uploads\/2024\/11\/113782-mochila-bullpadel-bpm25001-hack-448164-1500x1500-1.webp","width":1500,"height":1500},{"@type":"BreadcrumbList","@id":"https:\/\/revolutionpadelstore.com\/en\/mochila-bullpadel-bpm25001-hack-blanco-2\/#breadcrumb","itemListElement":[{"@type":"ListItem","position":1,"name":"Portada","item":"https:\/\/revolutionpadelstore.com\/en\/"},{"@type":"ListItem","position":2,"name":"Shop","item":"https:\/\/revolutionpadelstore.com\/en\/shop\/"},{"@type":"ListItem","position":3,"name":"MOCHILA BULLPADEL BPM25001 HACK BLANCO"}]},{"@type":"WebSite","@id":"https:\/\/revolutionpadelstore.com\/en\/#website","url":"https:\/\/revolutionpadelstore.com\/en\/","name":"Revolution Padel Store","description":"","publisher":{"@id":"https:\/\/revolutionpadelstore.com\/en\/#organization"},"potentialAction":[{"@type":"SearchAction","target":{"@type":"EntryPoint","urlTemplate":"https:\/\/revolutionpadelstore.com\/en\/?s={search_term_string}"},"query-input":{"@type":"PropertyValueSpecification","valueRequired":true,"valueName":"search_term_string"}}],"inLanguage":"en-US"},{"@type":"Organization","@id":"https:\/\/revolutionpadelstore.com\/en\/#organization","name":"Revolution Padel Store","url":"https:\/\/revolutionpadelstore.com\/en\/","logo":{"@type":"ImageObject","inLanguage":"en-US","@id":"https:\/\/revolutionpadelstore.com\/en\/#\/schema\/logo\/image\/","url":"https:\/\/revolutionpadelstore.com\/wp-content\/uploads\/2026\/02\/revolution-padel-store.jpg","contentUrl":"https:\/\/revolutionpadelstore.com\/wp-content\/uploads\/2026\/02\/revolution-padel-store.jpg","width":2000,"height":2000,"caption":"Revolution Padel Store"},"image":{"@id":"https:\/\/revolutionpadelstore.com\/en\/#\/schema\/logo\/image\/"},"sameAs":["https:\/\/www.instagram.com\/revolutionpadelstore\/"]}]}},"_links":{"self":[{"href":"https:\/\/revolutionpadelstore.com\/en\/wp-json\/wp\/v2\/product\/129086","targetHints":{"allow":["GET"]}}],"collection":[{"href":"https:\/\/revolutionpadelstore.com\/en\/wp-json\/wp\/v2\/product"}],"about":[{"href":"https:\/\/revolutionpadelstore.com\/en\/wp-json\/wp\/v2\/types\/product"}],"replies":[{"embeddable":true,"href":"https:\/\/revolutionpadelstore.com\/en\/wp-json\/wp\/v2\/comments?post=129086"}],"wp:featuredmedia":[{"embeddable":true,"href":"https:\/\/revolutionpadelstore.com\/en\/wp-json\/wp\/v2\/media\/129063"}],"wp:attachment":[{"href":"https:\/\/revolutionpadelstore.com\/en\/wp-json\/wp\/v2\/media?parent=129086"}],"wp:term":[{"taxonomy":"acabado","embeddable":true,"href":"https:\/\/revolutionpadelstore.com\/en\/wp-json\/wp\/v2\/acabado?post=129086"},{"taxonomy":"balance","embeddable":true,"href":"https:\/\/revolutionpadelstore.com\/en\/wp-json\/wp\/v2\/balance?post=129086"},{"taxonomy":"dureza","embeddable":true,"href":"https:\/\/revolutionpadelstore.com\/en\/wp-json\/wp\/v2\/dureza?post=129086"},{"taxonomy":"forma","embeddable":true,"href":"https:\/\/revolutionpadelstore.com\/en\/wp-json\/wp\/v2\/forma?post=129086"},{"taxonomy":"jugador","embeddable":true,"href":"https:\/\/revolutionpadelstore.com\/en\/wp-json\/wp\/v2\/jugador?post=129086"},{"taxonomy":"marca","embeddable":true,"href":"https:\/\/revolutionpadelstore.com\/en\/wp-json\/wp\/v2\/marca?post=129086"},{"taxonomy":"nivel-de-juego","embeddable":true,"href":"https:\/\/revolutionpadelstore.com\/en\/wp-json\/wp\/v2\/nivel-de-juego?post=129086"},{"taxonomy":"superficie","embeddable":true,"href":"https:\/\/revolutionpadelstore.com\/en\/wp-json\/wp\/v2\/superficie?post=129086"},{"taxonomy":"tipo-de-juego","embeddable":true,"href":"https:\/\/revolutionpadelstore.com\/en\/wp-json\/wp\/v2\/tipo-de-juego?post=129086"},{"taxonomy":"product_brand","embeddable":true,"href":"https:\/\/revolutionpadelstore.com\/en\/wp-json\/wp\/v2\/product_brand?post=129086"},{"taxonomy":"product_cat","embeddable":true,"href":"https:\/\/revolutionpadelstore.com\/en\/wp-json\/wp\/v2\/product_cat?post=129086"},{"taxonomy":"product_tag","embeddable":true,"href":"https:\/\/revolutionpadelstore.com\/en\/wp-json\/wp\/v2\/product_tag?post=129086"}],"curies":[{"name":"wp","href":"https:\/\/api.w.org\/{rel}","templated":true}]}}