{"id":128984,"date":"2024-11-20T00:29:24","date_gmt":"2024-11-19T23:29:24","guid":{"rendered":"https:\/\/revolutionpadelstore.com\/mochila-nox-luxury-open-series-negro-rojo\/"},"modified":"2026-04-08T10:16:14","modified_gmt":"2026-04-08T08:16:14","slug":"mochila-nox-luxury-open-series-negro-rojo-2","status":"publish","type":"product","link":"https:\/\/revolutionpadelstore.com\/en\/mochila-nox-luxury-open-series-negro-rojo-2\/","title":{"rendered":"MOCHILA NOX LUXURY OPEN SERIES NEGRO ROJO"},"content":{"rendered":"<p><H2> NOX Luxury Backpack Open SERIES BLACK RED <\/H2><br \/>\nThe Nox Luxury Open Backpack series in black and red is the ideal option for those who seek to combine style and functionality in a single accessory. Made with high quality technical materials, this backpack stands out for its resistance and lightness, offering comfort for both daily use and training. Its design has an ample storage space, with two main compartments: one perfect for a shovel or one computer and one to save your sports equipment and accessories.<\/p>\n<p>Includes an independent front compartment with ventilation system, designed to keep the footwear fresh and separated from the rest of your belongings. In addition, additional pockets in the front and side are ideal for saving personal objects such as mobile, keys or bottles.<\/p>\n<p>The straps and backrest are ergonomically designed with filling to guarantee comfortable adjustment and allow optimal air circulation. With dimensions of 500 x 330 x 200 mm and a capacity of 30 liters, this backpack adapts to all your needs, ensuring that you can carry everything essential in an organized way, with a touch of elegance and modernity.<\/p>\n<h2>Mochila Nox Luxury Open Series Negro Rojo<\/h2>\n","protected":false},"excerpt":{"rendered":"<p>The Nox Luxury Open Backpack series in black and red combines modern design, advanced technical materials and versatile compartments, ideal for daily and sports use.<\/p>\n","protected":false},"featured_media":116100,"comment_status":"open","ping_status":"closed","template":"","meta":{"_acf_changed":false,"_joinchat":[]},"acabado":[],"balance":[],"dureza":[],"forma":[],"jugador":[],"marca":[1263],"nivel-de-juego":[],"superficie":[],"tipo-de-juego":[],"product_brand":[],"product_cat":[322],"product_tag":[],"class_list":{"0":"post-128984","1":"product","2":"type-product","3":"status-publish","4":"has-post-thumbnail","6":"marca-nox-en","7":"product_cat-bags","9":"first","10":"outofstock","11":"sale","12":"taxable","13":"shipping-taxable","14":"purchasable","15":"product-type-simple"},"acf":[],"yoast_head":"<!-- This site is optimized with the Yoast SEO plugin v27.4 - https:\/\/yoast.com\/product\/yoast-seo-wordpress\/ -->\n<title>MOCHILA NOX LUXURY OPEN SERIES NEGRO ROJO - Revolution Padel Store<\/title>\n<meta name=\"description\" content=\"La Mochila Nox Luxury Open Series en negro y rojo es la elecci\u00f3n perfecta para quienes buscan estilo y funcionalidad en un solo accesorio. Confeccionada con textiles de alta tecnolog\u00eda, esta mochila se destaca por su resistencia y ligereza, lo que permite un uso c\u00f3modo tanto en el d\u00eda a d\u00eda como en entrenamientos. Su dise\u00f1o ofrece un amplio espacio con dos compartimentos principales: uno ideal para una pala o un ordenador, y otro para llevar tu equipaci\u00f3n deportiva y accesorios.\" \/>\n<meta name=\"robots\" content=\"index, follow, max-snippet:-1, max-image-preview:large, max-video-preview:-1\" \/>\n<link rel=\"canonical\" href=\"https:\/\/revolutionpadelstore.com\/en\/mochila-nox-luxury-open-series-negro-rojo-2\/\" \/>\n<meta property=\"og:locale\" content=\"en_US\" \/>\n<meta property=\"og:type\" content=\"article\" \/>\n<meta property=\"og:title\" content=\"MOCHILA NOX LUXURY OPEN SERIES NEGRO ROJO - Revolution Padel Store\" \/>\n<meta property=\"og:description\" content=\"La Mochila Nox Luxury Open Series en negro y rojo es la elecci\u00f3n perfecta para quienes buscan estilo y funcionalidad en un solo accesorio. Confeccionada con textiles de alta tecnolog\u00eda, esta mochila se destaca por su resistencia y ligereza, lo que permite un uso c\u00f3modo tanto en el d\u00eda a d\u00eda como en entrenamientos. Su dise\u00f1o ofrece un amplio espacio con dos compartimentos principales: uno ideal para una pala o un ordenador, y otro para llevar tu equipaci\u00f3n deportiva y accesorios.\" \/>\n<meta property=\"og:url\" content=\"https:\/\/revolutionpadelstore.com\/en\/mochila-nox-luxury-open-series-negro-rojo-2\/\" \/>\n<meta property=\"og:site_name\" content=\"Revolution Padel Store\" \/>\n<meta property=\"article:modified_time\" content=\"2026-04-08T08:16:14+00:00\" \/>\n<meta property=\"og:image\" content=\"https:\/\/revolutionpadelstore.com\/wp-content\/uploads\/2024\/11\/113147_mochila_nox_luxury_open_series_mocopenblre_1500x1500_1_ee47.webp\" \/>\n\t<meta property=\"og:image:width\" content=\"1500\" \/>\n\t<meta property=\"og:image:height\" content=\"1500\" \/>\n\t<meta property=\"og:image:type\" content=\"image\/webp\" \/>\n<meta name=\"twitter:card\" content=\"summary_large_image\" \/>\n<meta name=\"twitter:label1\" content=\"Est. reading time\" \/>\n\t<meta name=\"twitter:data1\" content=\"1 minute\" \/>\n<script type=\"application\/ld+json\" class=\"yoast-schema-graph\">{\"@context\":\"https:\\\/\\\/schema.org\",\"@graph\":[{\"@type\":\"WebPage\",\"@id\":\"https:\\\/\\\/revolutionpadelstore.com\\\/en\\\/mochila-nox-luxury-open-series-negro-rojo-2\\\/\",\"url\":\"https:\\\/\\\/revolutionpadelstore.com\\\/en\\\/mochila-nox-luxury-open-series-negro-rojo-2\\\/\",\"name\":\"MOCHILA NOX LUXURY OPEN SERIES NEGRO ROJO - Revolution Padel Store\",\"isPartOf\":{\"@id\":\"https:\\\/\\\/revolutionpadelstore.com\\\/en\\\/#website\"},\"primaryImageOfPage\":{\"@id\":\"https:\\\/\\\/revolutionpadelstore.com\\\/en\\\/mochila-nox-luxury-open-series-negro-rojo-2\\\/#primaryimage\"},\"image\":{\"@id\":\"https:\\\/\\\/revolutionpadelstore.com\\\/en\\\/mochila-nox-luxury-open-series-negro-rojo-2\\\/#primaryimage\"},\"thumbnailUrl\":\"https:\\\/\\\/revolutionpadelstore.com\\\/wp-content\\\/uploads\\\/2024\\\/11\\\/113147_mochila_nox_luxury_open_series_mocopenblre_1500x1500_1_ee47.webp\",\"datePublished\":\"2024-11-19T23:29:24+00:00\",\"dateModified\":\"2026-04-08T08:16:14+00:00\",\"description\":\"La Mochila Nox Luxury Open Series en negro y rojo es la elecci\u00f3n perfecta para quienes buscan estilo y funcionalidad en un solo accesorio. Confeccionada con textiles de alta tecnolog\u00eda, esta mochila se destaca por su resistencia y ligereza, lo que permite un uso c\u00f3modo tanto en el d\u00eda a d\u00eda como en entrenamientos. Su dise\u00f1o ofrece un amplio espacio con dos compartimentos principales: uno ideal para una pala o un ordenador, y otro para llevar tu equipaci\u00f3n deportiva y accesorios.\",\"breadcrumb\":{\"@id\":\"https:\\\/\\\/revolutionpadelstore.com\\\/en\\\/mochila-nox-luxury-open-series-negro-rojo-2\\\/#breadcrumb\"},\"inLanguage\":\"en-US\",\"potentialAction\":[{\"@type\":\"ReadAction\",\"target\":[\"https:\\\/\\\/revolutionpadelstore.com\\\/en\\\/mochila-nox-luxury-open-series-negro-rojo-2\\\/\"]}]},{\"@type\":\"ImageObject\",\"inLanguage\":\"en-US\",\"@id\":\"https:\\\/\\\/revolutionpadelstore.com\\\/en\\\/mochila-nox-luxury-open-series-negro-rojo-2\\\/#primaryimage\",\"url\":\"https:\\\/\\\/revolutionpadelstore.com\\\/wp-content\\\/uploads\\\/2024\\\/11\\\/113147_mochila_nox_luxury_open_series_mocopenblre_1500x1500_1_ee47.webp\",\"contentUrl\":\"https:\\\/\\\/revolutionpadelstore.com\\\/wp-content\\\/uploads\\\/2024\\\/11\\\/113147_mochila_nox_luxury_open_series_mocopenblre_1500x1500_1_ee47.webp\",\"width\":1500,\"height\":1500},{\"@type\":\"BreadcrumbList\",\"@id\":\"https:\\\/\\\/revolutionpadelstore.com\\\/en\\\/mochila-nox-luxury-open-series-negro-rojo-2\\\/#breadcrumb\",\"itemListElement\":[{\"@type\":\"ListItem\",\"position\":1,\"name\":\"Portada\",\"item\":\"https:\\\/\\\/revolutionpadelstore.com\\\/en\\\/\"},{\"@type\":\"ListItem\",\"position\":2,\"name\":\"Shop\",\"item\":\"https:\\\/\\\/revolutionpadelstore.com\\\/en\\\/shop\\\/\"},{\"@type\":\"ListItem\",\"position\":3,\"name\":\"MOCHILA NOX LUXURY OPEN SERIES NEGRO ROJO\"}]},{\"@type\":\"WebSite\",\"@id\":\"https:\\\/\\\/revolutionpadelstore.com\\\/en\\\/#website\",\"url\":\"https:\\\/\\\/revolutionpadelstore.com\\\/en\\\/\",\"name\":\"Revolution Padel Store\",\"description\":\"\",\"publisher\":{\"@id\":\"https:\\\/\\\/revolutionpadelstore.com\\\/en\\\/#organization\"},\"potentialAction\":[{\"@type\":\"SearchAction\",\"target\":{\"@type\":\"EntryPoint\",\"urlTemplate\":\"https:\\\/\\\/revolutionpadelstore.com\\\/en\\\/?s={search_term_string}\"},\"query-input\":{\"@type\":\"PropertyValueSpecification\",\"valueRequired\":true,\"valueName\":\"search_term_string\"}}],\"inLanguage\":\"en-US\"},{\"@type\":\"Organization\",\"@id\":\"https:\\\/\\\/revolutionpadelstore.com\\\/en\\\/#organization\",\"name\":\"Revolution Padel Store\",\"url\":\"https:\\\/\\\/revolutionpadelstore.com\\\/en\\\/\",\"logo\":{\"@type\":\"ImageObject\",\"inLanguage\":\"en-US\",\"@id\":\"https:\\\/\\\/revolutionpadelstore.com\\\/en\\\/#\\\/schema\\\/logo\\\/image\\\/\",\"url\":\"https:\\\/\\\/revolutionpadelstore.com\\\/wp-content\\\/uploads\\\/2026\\\/02\\\/revolution-padel-store.jpg\",\"contentUrl\":\"https:\\\/\\\/revolutionpadelstore.com\\\/wp-content\\\/uploads\\\/2026\\\/02\\\/revolution-padel-store.jpg\",\"width\":2000,\"height\":2000,\"caption\":\"Revolution Padel Store\"},\"image\":{\"@id\":\"https:\\\/\\\/revolutionpadelstore.com\\\/en\\\/#\\\/schema\\\/logo\\\/image\\\/\"},\"sameAs\":[\"https:\\\/\\\/www.instagram.com\\\/revolutionpadelstore\\\/\"]}]}<\/script>\n<!-- \/ Yoast SEO plugin. -->","yoast_head_json":{"title":"MOCHILA NOX LUXURY OPEN SERIES NEGRO ROJO - Revolution Padel Store","description":"La Mochila Nox Luxury Open Series en negro y rojo es la elecci\u00f3n perfecta para quienes buscan estilo y funcionalidad en un solo accesorio. Confeccionada con textiles de alta tecnolog\u00eda, esta mochila se destaca por su resistencia y ligereza, lo que permite un uso c\u00f3modo tanto en el d\u00eda a d\u00eda como en entrenamientos. Su dise\u00f1o ofrece un amplio espacio con dos compartimentos principales: uno ideal para una pala o un ordenador, y otro para llevar tu equipaci\u00f3n deportiva y accesorios.","robots":{"index":"index","follow":"follow","max-snippet":"max-snippet:-1","max-image-preview":"max-image-preview:large","max-video-preview":"max-video-preview:-1"},"canonical":"https:\/\/revolutionpadelstore.com\/en\/mochila-nox-luxury-open-series-negro-rojo-2\/","og_locale":"en_US","og_type":"article","og_title":"MOCHILA NOX LUXURY OPEN SERIES NEGRO ROJO - Revolution Padel Store","og_description":"La Mochila Nox Luxury Open Series en negro y rojo es la elecci\u00f3n perfecta para quienes buscan estilo y funcionalidad en un solo accesorio. Confeccionada con textiles de alta tecnolog\u00eda, esta mochila se destaca por su resistencia y ligereza, lo que permite un uso c\u00f3modo tanto en el d\u00eda a d\u00eda como en entrenamientos. Su dise\u00f1o ofrece un amplio espacio con dos compartimentos principales: uno ideal para una pala o un ordenador, y otro para llevar tu equipaci\u00f3n deportiva y accesorios.","og_url":"https:\/\/revolutionpadelstore.com\/en\/mochila-nox-luxury-open-series-negro-rojo-2\/","og_site_name":"Revolution Padel Store","article_modified_time":"2026-04-08T08:16:14+00:00","og_image":[{"width":1500,"height":1500,"url":"https:\/\/revolutionpadelstore.com\/wp-content\/uploads\/2024\/11\/113147_mochila_nox_luxury_open_series_mocopenblre_1500x1500_1_ee47.webp","type":"image\/webp"}],"twitter_card":"summary_large_image","twitter_misc":{"Est. reading time":"1 minute"},"schema":{"@context":"https:\/\/schema.org","@graph":[{"@type":"WebPage","@id":"https:\/\/revolutionpadelstore.com\/en\/mochila-nox-luxury-open-series-negro-rojo-2\/","url":"https:\/\/revolutionpadelstore.com\/en\/mochila-nox-luxury-open-series-negro-rojo-2\/","name":"MOCHILA NOX LUXURY OPEN SERIES NEGRO ROJO - Revolution Padel Store","isPartOf":{"@id":"https:\/\/revolutionpadelstore.com\/en\/#website"},"primaryImageOfPage":{"@id":"https:\/\/revolutionpadelstore.com\/en\/mochila-nox-luxury-open-series-negro-rojo-2\/#primaryimage"},"image":{"@id":"https:\/\/revolutionpadelstore.com\/en\/mochila-nox-luxury-open-series-negro-rojo-2\/#primaryimage"},"thumbnailUrl":"https:\/\/revolutionpadelstore.com\/wp-content\/uploads\/2024\/11\/113147_mochila_nox_luxury_open_series_mocopenblre_1500x1500_1_ee47.webp","datePublished":"2024-11-19T23:29:24+00:00","dateModified":"2026-04-08T08:16:14+00:00","description":"La Mochila Nox Luxury Open Series en negro y rojo es la elecci\u00f3n perfecta para quienes buscan estilo y funcionalidad en un solo accesorio. Confeccionada con textiles de alta tecnolog\u00eda, esta mochila se destaca por su resistencia y ligereza, lo que permite un uso c\u00f3modo tanto en el d\u00eda a d\u00eda como en entrenamientos. Su dise\u00f1o ofrece un amplio espacio con dos compartimentos principales: uno ideal para una pala o un ordenador, y otro para llevar tu equipaci\u00f3n deportiva y accesorios.","breadcrumb":{"@id":"https:\/\/revolutionpadelstore.com\/en\/mochila-nox-luxury-open-series-negro-rojo-2\/#breadcrumb"},"inLanguage":"en-US","potentialAction":[{"@type":"ReadAction","target":["https:\/\/revolutionpadelstore.com\/en\/mochila-nox-luxury-open-series-negro-rojo-2\/"]}]},{"@type":"ImageObject","inLanguage":"en-US","@id":"https:\/\/revolutionpadelstore.com\/en\/mochila-nox-luxury-open-series-negro-rojo-2\/#primaryimage","url":"https:\/\/revolutionpadelstore.com\/wp-content\/uploads\/2024\/11\/113147_mochila_nox_luxury_open_series_mocopenblre_1500x1500_1_ee47.webp","contentUrl":"https:\/\/revolutionpadelstore.com\/wp-content\/uploads\/2024\/11\/113147_mochila_nox_luxury_open_series_mocopenblre_1500x1500_1_ee47.webp","width":1500,"height":1500},{"@type":"BreadcrumbList","@id":"https:\/\/revolutionpadelstore.com\/en\/mochila-nox-luxury-open-series-negro-rojo-2\/#breadcrumb","itemListElement":[{"@type":"ListItem","position":1,"name":"Portada","item":"https:\/\/revolutionpadelstore.com\/en\/"},{"@type":"ListItem","position":2,"name":"Shop","item":"https:\/\/revolutionpadelstore.com\/en\/shop\/"},{"@type":"ListItem","position":3,"name":"MOCHILA NOX LUXURY OPEN SERIES NEGRO ROJO"}]},{"@type":"WebSite","@id":"https:\/\/revolutionpadelstore.com\/en\/#website","url":"https:\/\/revolutionpadelstore.com\/en\/","name":"Revolution Padel Store","description":"","publisher":{"@id":"https:\/\/revolutionpadelstore.com\/en\/#organization"},"potentialAction":[{"@type":"SearchAction","target":{"@type":"EntryPoint","urlTemplate":"https:\/\/revolutionpadelstore.com\/en\/?s={search_term_string}"},"query-input":{"@type":"PropertyValueSpecification","valueRequired":true,"valueName":"search_term_string"}}],"inLanguage":"en-US"},{"@type":"Organization","@id":"https:\/\/revolutionpadelstore.com\/en\/#organization","name":"Revolution Padel Store","url":"https:\/\/revolutionpadelstore.com\/en\/","logo":{"@type":"ImageObject","inLanguage":"en-US","@id":"https:\/\/revolutionpadelstore.com\/en\/#\/schema\/logo\/image\/","url":"https:\/\/revolutionpadelstore.com\/wp-content\/uploads\/2026\/02\/revolution-padel-store.jpg","contentUrl":"https:\/\/revolutionpadelstore.com\/wp-content\/uploads\/2026\/02\/revolution-padel-store.jpg","width":2000,"height":2000,"caption":"Revolution Padel Store"},"image":{"@id":"https:\/\/revolutionpadelstore.com\/en\/#\/schema\/logo\/image\/"},"sameAs":["https:\/\/www.instagram.com\/revolutionpadelstore\/"]}]}},"_links":{"self":[{"href":"https:\/\/revolutionpadelstore.com\/en\/wp-json\/wp\/v2\/product\/128984","targetHints":{"allow":["GET"]}}],"collection":[{"href":"https:\/\/revolutionpadelstore.com\/en\/wp-json\/wp\/v2\/product"}],"about":[{"href":"https:\/\/revolutionpadelstore.com\/en\/wp-json\/wp\/v2\/types\/product"}],"replies":[{"embeddable":true,"href":"https:\/\/revolutionpadelstore.com\/en\/wp-json\/wp\/v2\/comments?post=128984"}],"wp:featuredmedia":[{"embeddable":true,"href":"https:\/\/revolutionpadelstore.com\/en\/wp-json\/wp\/v2\/media\/116100"}],"wp:attachment":[{"href":"https:\/\/revolutionpadelstore.com\/en\/wp-json\/wp\/v2\/media?parent=128984"}],"wp:term":[{"taxonomy":"acabado","embeddable":true,"href":"https:\/\/revolutionpadelstore.com\/en\/wp-json\/wp\/v2\/acabado?post=128984"},{"taxonomy":"balance","embeddable":true,"href":"https:\/\/revolutionpadelstore.com\/en\/wp-json\/wp\/v2\/balance?post=128984"},{"taxonomy":"dureza","embeddable":true,"href":"https:\/\/revolutionpadelstore.com\/en\/wp-json\/wp\/v2\/dureza?post=128984"},{"taxonomy":"forma","embeddable":true,"href":"https:\/\/revolutionpadelstore.com\/en\/wp-json\/wp\/v2\/forma?post=128984"},{"taxonomy":"jugador","embeddable":true,"href":"https:\/\/revolutionpadelstore.com\/en\/wp-json\/wp\/v2\/jugador?post=128984"},{"taxonomy":"marca","embeddable":true,"href":"https:\/\/revolutionpadelstore.com\/en\/wp-json\/wp\/v2\/marca?post=128984"},{"taxonomy":"nivel-de-juego","embeddable":true,"href":"https:\/\/revolutionpadelstore.com\/en\/wp-json\/wp\/v2\/nivel-de-juego?post=128984"},{"taxonomy":"superficie","embeddable":true,"href":"https:\/\/revolutionpadelstore.com\/en\/wp-json\/wp\/v2\/superficie?post=128984"},{"taxonomy":"tipo-de-juego","embeddable":true,"href":"https:\/\/revolutionpadelstore.com\/en\/wp-json\/wp\/v2\/tipo-de-juego?post=128984"},{"taxonomy":"product_brand","embeddable":true,"href":"https:\/\/revolutionpadelstore.com\/en\/wp-json\/wp\/v2\/product_brand?post=128984"},{"taxonomy":"product_cat","embeddable":true,"href":"https:\/\/revolutionpadelstore.com\/en\/wp-json\/wp\/v2\/product_cat?post=128984"},{"taxonomy":"product_tag","embeddable":true,"href":"https:\/\/revolutionpadelstore.com\/en\/wp-json\/wp\/v2\/product_tag?post=128984"}],"curies":[{"name":"wp","href":"https:\/\/api.w.org\/{rel}","templated":true}]}}