{"id":128979,"date":"2024-11-19T19:39:46","date_gmt":"2024-11-19T18:39:46","guid":{"rendered":"https:\/\/revolutionpadelstore.com\/mochila-nox-luxury-master-series\/"},"modified":"2026-04-01T07:00:06","modified_gmt":"2026-04-01T05:00:06","slug":"mochila-nox-luxury-master-series-2","status":"publish","type":"product","link":"https:\/\/revolutionpadelstore.com\/en\/mochila-nox-luxury-master-series-2\/","title":{"rendered":"MOCHILA NOX LUXURY MASTER SERIES"},"content":{"rendered":"<h2> Nox Luxury Master Series Backpack<br \/>\nDiscover the <strong> Nox Luxury Master Series Backpack <\/strong>, the best option for paddle players looking for a perfect combination of style and functionality. Manufactured with technical materials of <strong> high quality and advanced textiles <\/strong>, this backpack offers exceptional durability and incomparable comfort. With its design in elegant <strong> black and white <\/strong>, it is ideal for both day to day and your training.<\/p>\n<p>Nox Luxury Master Series backpack is not only resistant, but is also incredibly light, which facilitates transport without compromising load capacity. Your <strong> main compartment with rigid surface <\/strong> offers maximum protection for your shovel or laptop, while a <strong> second compartment allows you to store up to two additional shovels <\/strong>, equipment and accessories. In addition, it has a <strong> independent space <\/strong> on the front for the <strong> footwear <\/strong>, designed with an airing system that keeps your fresh shoes.<\/p>\n<p>The organization is key, and this backpack does not disappoint: multiple front and lateral compartments allow you to carry your personal objects, such as mobile, glasses, wallet, keys, or bottle. Its <strong> padded straps and backs provide an ergonomic adjustment <\/strong>, optimizing the grip and air circulation. With a <strong> 30 liter capacity <\/strong> and measures of 500 x 330 x 200 mm, the nox luxury master series is the ideal partner to raise your game and style.<\/p>\n<h2>Mochila Nox Luxury Master Series<\/h2>\n","protected":false},"excerpt":{"rendered":"<p><b> <span style=\"color: black\"> The nox luxury Master series combines elegance and functionality with 30L capacity, ergonomic compartments and superior durability.  <\/b> <\/b> <\/b><\/p>\n","protected":false},"featured_media":115925,"comment_status":"open","ping_status":"closed","template":"","meta":{"_acf_changed":false,"_joinchat":[]},"acabado":[],"balance":[],"dureza":[],"forma":[],"jugador":[],"marca":[1263],"nivel-de-juego":[],"superficie":[],"tipo-de-juego":[],"product_brand":[],"product_cat":[322],"product_tag":[],"class_list":{"0":"post-128979","1":"product","2":"type-product","3":"status-publish","4":"has-post-thumbnail","6":"marca-nox-en","7":"product_cat-bags","9":"first","10":"outofstock","11":"sale","12":"taxable","13":"shipping-taxable","14":"purchasable","15":"product-type-simple"},"acf":[],"yoast_head":"<!-- This site is optimized with the Yoast SEO plugin v27.3 - https:\/\/yoast.com\/product\/yoast-seo-wordpress\/ -->\n<title>MOCHILA NOX LUXURY MASTER SERIES - Revolution Padel Store<\/title>\n<meta name=\"description\" content=\"Descubre la\u00a0Mochila Nox Luxury Master Series, la mejor opci\u00f3n para los jugadores de p\u00e1del que buscan una combinaci\u00f3n perfecta de estilo y funcionalidad. Fabricada con materiales t\u00e9cnicos de\u00a0alta calidad y textiles avanzados, esta mochila ofrece una durabilidad excepcional y una comodidad incomparable. Con su dise\u00f1o en elegante\u00a0color negro y blanco, es ideal tanto para el d\u00eda a d\u00eda como para tus entrenamientos.\" \/>\n<meta name=\"robots\" content=\"index, follow, max-snippet:-1, max-image-preview:large, max-video-preview:-1\" \/>\n<link rel=\"canonical\" href=\"https:\/\/revolutionpadelstore.com\/en\/mochila-nox-luxury-master-series-2\/\" \/>\n<meta property=\"og:locale\" content=\"en_US\" \/>\n<meta property=\"og:type\" content=\"article\" \/>\n<meta property=\"og:title\" content=\"MOCHILA NOX LUXURY MASTER SERIES - Revolution Padel Store\" \/>\n<meta property=\"og:description\" content=\"Descubre la\u00a0Mochila Nox Luxury Master Series, la mejor opci\u00f3n para los jugadores de p\u00e1del que buscan una combinaci\u00f3n perfecta de estilo y funcionalidad. Fabricada con materiales t\u00e9cnicos de\u00a0alta calidad y textiles avanzados, esta mochila ofrece una durabilidad excepcional y una comodidad incomparable. Con su dise\u00f1o en elegante\u00a0color negro y blanco, es ideal tanto para el d\u00eda a d\u00eda como para tus entrenamientos.\" \/>\n<meta property=\"og:url\" content=\"https:\/\/revolutionpadelstore.com\/en\/mochila-nox-luxury-master-series-2\/\" \/>\n<meta property=\"og:site_name\" content=\"Revolution Padel Store\" \/>\n<meta property=\"article:modified_time\" content=\"2026-04-01T05:00:06+00:00\" \/>\n<meta property=\"og:image\" content=\"https:\/\/revolutionpadelstore.com\/wp-content\/uploads\/2024\/11\/imagen-1-113145-d250d55b-34100-NORMAL.jpg\" \/>\n\t<meta property=\"og:image:width\" content=\"480\" \/>\n\t<meta property=\"og:image:height\" content=\"600\" \/>\n\t<meta property=\"og:image:type\" content=\"image\/jpeg\" \/>\n<meta name=\"twitter:card\" content=\"summary_large_image\" \/>\n<meta name=\"twitter:label1\" content=\"Est. reading time\" \/>\n\t<meta name=\"twitter:data1\" content=\"1 minute\" \/>\n<script type=\"application\/ld+json\" class=\"yoast-schema-graph\">{\"@context\":\"https:\\\/\\\/schema.org\",\"@graph\":[{\"@type\":\"WebPage\",\"@id\":\"https:\\\/\\\/revolutionpadelstore.com\\\/en\\\/mochila-nox-luxury-master-series-2\\\/\",\"url\":\"https:\\\/\\\/revolutionpadelstore.com\\\/en\\\/mochila-nox-luxury-master-series-2\\\/\",\"name\":\"MOCHILA NOX LUXURY MASTER SERIES - Revolution Padel Store\",\"isPartOf\":{\"@id\":\"https:\\\/\\\/revolutionpadelstore.com\\\/en\\\/#website\"},\"primaryImageOfPage\":{\"@id\":\"https:\\\/\\\/revolutionpadelstore.com\\\/en\\\/mochila-nox-luxury-master-series-2\\\/#primaryimage\"},\"image\":{\"@id\":\"https:\\\/\\\/revolutionpadelstore.com\\\/en\\\/mochila-nox-luxury-master-series-2\\\/#primaryimage\"},\"thumbnailUrl\":\"https:\\\/\\\/revolutionpadelstore.com\\\/wp-content\\\/uploads\\\/2024\\\/11\\\/imagen-1-113145-d250d55b-34100-NORMAL.jpg\",\"datePublished\":\"2024-11-19T18:39:46+00:00\",\"dateModified\":\"2026-04-01T05:00:06+00:00\",\"description\":\"Descubre la\u00a0Mochila Nox Luxury Master Series, la mejor opci\u00f3n para los jugadores de p\u00e1del que buscan una combinaci\u00f3n perfecta de estilo y funcionalidad. Fabricada con materiales t\u00e9cnicos de\u00a0alta calidad y textiles avanzados, esta mochila ofrece una durabilidad excepcional y una comodidad incomparable. Con su dise\u00f1o en elegante\u00a0color negro y blanco, es ideal tanto para el d\u00eda a d\u00eda como para tus entrenamientos.\",\"breadcrumb\":{\"@id\":\"https:\\\/\\\/revolutionpadelstore.com\\\/en\\\/mochila-nox-luxury-master-series-2\\\/#breadcrumb\"},\"inLanguage\":\"en-US\",\"potentialAction\":[{\"@type\":\"ReadAction\",\"target\":[\"https:\\\/\\\/revolutionpadelstore.com\\\/en\\\/mochila-nox-luxury-master-series-2\\\/\"]}]},{\"@type\":\"ImageObject\",\"inLanguage\":\"en-US\",\"@id\":\"https:\\\/\\\/revolutionpadelstore.com\\\/en\\\/mochila-nox-luxury-master-series-2\\\/#primaryimage\",\"url\":\"https:\\\/\\\/revolutionpadelstore.com\\\/wp-content\\\/uploads\\\/2024\\\/11\\\/imagen-1-113145-d250d55b-34100-NORMAL.jpg\",\"contentUrl\":\"https:\\\/\\\/revolutionpadelstore.com\\\/wp-content\\\/uploads\\\/2024\\\/11\\\/imagen-1-113145-d250d55b-34100-NORMAL.jpg\",\"width\":480,\"height\":600},{\"@type\":\"BreadcrumbList\",\"@id\":\"https:\\\/\\\/revolutionpadelstore.com\\\/en\\\/mochila-nox-luxury-master-series-2\\\/#breadcrumb\",\"itemListElement\":[{\"@type\":\"ListItem\",\"position\":1,\"name\":\"Portada\",\"item\":\"https:\\\/\\\/revolutionpadelstore.com\\\/en\\\/\"},{\"@type\":\"ListItem\",\"position\":2,\"name\":\"Shop\",\"item\":\"https:\\\/\\\/revolutionpadelstore.com\\\/en\\\/shop\\\/\"},{\"@type\":\"ListItem\",\"position\":3,\"name\":\"MOCHILA NOX LUXURY MASTER SERIES\"}]},{\"@type\":\"WebSite\",\"@id\":\"https:\\\/\\\/revolutionpadelstore.com\\\/en\\\/#website\",\"url\":\"https:\\\/\\\/revolutionpadelstore.com\\\/en\\\/\",\"name\":\"Revolution Padel Store\",\"description\":\"\",\"publisher\":{\"@id\":\"https:\\\/\\\/revolutionpadelstore.com\\\/en\\\/#organization\"},\"potentialAction\":[{\"@type\":\"SearchAction\",\"target\":{\"@type\":\"EntryPoint\",\"urlTemplate\":\"https:\\\/\\\/revolutionpadelstore.com\\\/en\\\/?s={search_term_string}\"},\"query-input\":{\"@type\":\"PropertyValueSpecification\",\"valueRequired\":true,\"valueName\":\"search_term_string\"}}],\"inLanguage\":\"en-US\"},{\"@type\":\"Organization\",\"@id\":\"https:\\\/\\\/revolutionpadelstore.com\\\/en\\\/#organization\",\"name\":\"Revolution Padel Store\",\"url\":\"https:\\\/\\\/revolutionpadelstore.com\\\/en\\\/\",\"logo\":{\"@type\":\"ImageObject\",\"inLanguage\":\"en-US\",\"@id\":\"https:\\\/\\\/revolutionpadelstore.com\\\/en\\\/#\\\/schema\\\/logo\\\/image\\\/\",\"url\":\"https:\\\/\\\/revolutionpadelstore.com\\\/wp-content\\\/uploads\\\/2026\\\/02\\\/revolution-padel-store.jpg\",\"contentUrl\":\"https:\\\/\\\/revolutionpadelstore.com\\\/wp-content\\\/uploads\\\/2026\\\/02\\\/revolution-padel-store.jpg\",\"width\":2000,\"height\":2000,\"caption\":\"Revolution Padel Store\"},\"image\":{\"@id\":\"https:\\\/\\\/revolutionpadelstore.com\\\/en\\\/#\\\/schema\\\/logo\\\/image\\\/\"},\"sameAs\":[\"https:\\\/\\\/www.instagram.com\\\/revolutionpadelstore\\\/\"]}]}<\/script>\n<!-- \/ Yoast SEO plugin. -->","yoast_head_json":{"title":"MOCHILA NOX LUXURY MASTER SERIES - Revolution Padel Store","description":"Descubre la\u00a0Mochila Nox Luxury Master Series, la mejor opci\u00f3n para los jugadores de p\u00e1del que buscan una combinaci\u00f3n perfecta de estilo y funcionalidad. Fabricada con materiales t\u00e9cnicos de\u00a0alta calidad y textiles avanzados, esta mochila ofrece una durabilidad excepcional y una comodidad incomparable. Con su dise\u00f1o en elegante\u00a0color negro y blanco, es ideal tanto para el d\u00eda a d\u00eda como para tus entrenamientos.","robots":{"index":"index","follow":"follow","max-snippet":"max-snippet:-1","max-image-preview":"max-image-preview:large","max-video-preview":"max-video-preview:-1"},"canonical":"https:\/\/revolutionpadelstore.com\/en\/mochila-nox-luxury-master-series-2\/","og_locale":"en_US","og_type":"article","og_title":"MOCHILA NOX LUXURY MASTER SERIES - Revolution Padel Store","og_description":"Descubre la\u00a0Mochila Nox Luxury Master Series, la mejor opci\u00f3n para los jugadores de p\u00e1del que buscan una combinaci\u00f3n perfecta de estilo y funcionalidad. Fabricada con materiales t\u00e9cnicos de\u00a0alta calidad y textiles avanzados, esta mochila ofrece una durabilidad excepcional y una comodidad incomparable. Con su dise\u00f1o en elegante\u00a0color negro y blanco, es ideal tanto para el d\u00eda a d\u00eda como para tus entrenamientos.","og_url":"https:\/\/revolutionpadelstore.com\/en\/mochila-nox-luxury-master-series-2\/","og_site_name":"Revolution Padel Store","article_modified_time":"2026-04-01T05:00:06+00:00","og_image":[{"width":480,"height":600,"url":"https:\/\/revolutionpadelstore.com\/wp-content\/uploads\/2024\/11\/imagen-1-113145-d250d55b-34100-NORMAL.jpg","type":"image\/jpeg"}],"twitter_card":"summary_large_image","twitter_misc":{"Est. reading time":"1 minute"},"schema":{"@context":"https:\/\/schema.org","@graph":[{"@type":"WebPage","@id":"https:\/\/revolutionpadelstore.com\/en\/mochila-nox-luxury-master-series-2\/","url":"https:\/\/revolutionpadelstore.com\/en\/mochila-nox-luxury-master-series-2\/","name":"MOCHILA NOX LUXURY MASTER SERIES - Revolution Padel Store","isPartOf":{"@id":"https:\/\/revolutionpadelstore.com\/en\/#website"},"primaryImageOfPage":{"@id":"https:\/\/revolutionpadelstore.com\/en\/mochila-nox-luxury-master-series-2\/#primaryimage"},"image":{"@id":"https:\/\/revolutionpadelstore.com\/en\/mochila-nox-luxury-master-series-2\/#primaryimage"},"thumbnailUrl":"https:\/\/revolutionpadelstore.com\/wp-content\/uploads\/2024\/11\/imagen-1-113145-d250d55b-34100-NORMAL.jpg","datePublished":"2024-11-19T18:39:46+00:00","dateModified":"2026-04-01T05:00:06+00:00","description":"Descubre la\u00a0Mochila Nox Luxury Master Series, la mejor opci\u00f3n para los jugadores de p\u00e1del que buscan una combinaci\u00f3n perfecta de estilo y funcionalidad. Fabricada con materiales t\u00e9cnicos de\u00a0alta calidad y textiles avanzados, esta mochila ofrece una durabilidad excepcional y una comodidad incomparable. Con su dise\u00f1o en elegante\u00a0color negro y blanco, es ideal tanto para el d\u00eda a d\u00eda como para tus entrenamientos.","breadcrumb":{"@id":"https:\/\/revolutionpadelstore.com\/en\/mochila-nox-luxury-master-series-2\/#breadcrumb"},"inLanguage":"en-US","potentialAction":[{"@type":"ReadAction","target":["https:\/\/revolutionpadelstore.com\/en\/mochila-nox-luxury-master-series-2\/"]}]},{"@type":"ImageObject","inLanguage":"en-US","@id":"https:\/\/revolutionpadelstore.com\/en\/mochila-nox-luxury-master-series-2\/#primaryimage","url":"https:\/\/revolutionpadelstore.com\/wp-content\/uploads\/2024\/11\/imagen-1-113145-d250d55b-34100-NORMAL.jpg","contentUrl":"https:\/\/revolutionpadelstore.com\/wp-content\/uploads\/2024\/11\/imagen-1-113145-d250d55b-34100-NORMAL.jpg","width":480,"height":600},{"@type":"BreadcrumbList","@id":"https:\/\/revolutionpadelstore.com\/en\/mochila-nox-luxury-master-series-2\/#breadcrumb","itemListElement":[{"@type":"ListItem","position":1,"name":"Portada","item":"https:\/\/revolutionpadelstore.com\/en\/"},{"@type":"ListItem","position":2,"name":"Shop","item":"https:\/\/revolutionpadelstore.com\/en\/shop\/"},{"@type":"ListItem","position":3,"name":"MOCHILA NOX LUXURY MASTER SERIES"}]},{"@type":"WebSite","@id":"https:\/\/revolutionpadelstore.com\/en\/#website","url":"https:\/\/revolutionpadelstore.com\/en\/","name":"Revolution Padel Store","description":"","publisher":{"@id":"https:\/\/revolutionpadelstore.com\/en\/#organization"},"potentialAction":[{"@type":"SearchAction","target":{"@type":"EntryPoint","urlTemplate":"https:\/\/revolutionpadelstore.com\/en\/?s={search_term_string}"},"query-input":{"@type":"PropertyValueSpecification","valueRequired":true,"valueName":"search_term_string"}}],"inLanguage":"en-US"},{"@type":"Organization","@id":"https:\/\/revolutionpadelstore.com\/en\/#organization","name":"Revolution Padel Store","url":"https:\/\/revolutionpadelstore.com\/en\/","logo":{"@type":"ImageObject","inLanguage":"en-US","@id":"https:\/\/revolutionpadelstore.com\/en\/#\/schema\/logo\/image\/","url":"https:\/\/revolutionpadelstore.com\/wp-content\/uploads\/2026\/02\/revolution-padel-store.jpg","contentUrl":"https:\/\/revolutionpadelstore.com\/wp-content\/uploads\/2026\/02\/revolution-padel-store.jpg","width":2000,"height":2000,"caption":"Revolution Padel Store"},"image":{"@id":"https:\/\/revolutionpadelstore.com\/en\/#\/schema\/logo\/image\/"},"sameAs":["https:\/\/www.instagram.com\/revolutionpadelstore\/"]}]}},"_links":{"self":[{"href":"https:\/\/revolutionpadelstore.com\/en\/wp-json\/wp\/v2\/product\/128979","targetHints":{"allow":["GET"]}}],"collection":[{"href":"https:\/\/revolutionpadelstore.com\/en\/wp-json\/wp\/v2\/product"}],"about":[{"href":"https:\/\/revolutionpadelstore.com\/en\/wp-json\/wp\/v2\/types\/product"}],"replies":[{"embeddable":true,"href":"https:\/\/revolutionpadelstore.com\/en\/wp-json\/wp\/v2\/comments?post=128979"}],"wp:featuredmedia":[{"embeddable":true,"href":"https:\/\/revolutionpadelstore.com\/en\/wp-json\/wp\/v2\/media\/115925"}],"wp:attachment":[{"href":"https:\/\/revolutionpadelstore.com\/en\/wp-json\/wp\/v2\/media?parent=128979"}],"wp:term":[{"taxonomy":"acabado","embeddable":true,"href":"https:\/\/revolutionpadelstore.com\/en\/wp-json\/wp\/v2\/acabado?post=128979"},{"taxonomy":"balance","embeddable":true,"href":"https:\/\/revolutionpadelstore.com\/en\/wp-json\/wp\/v2\/balance?post=128979"},{"taxonomy":"dureza","embeddable":true,"href":"https:\/\/revolutionpadelstore.com\/en\/wp-json\/wp\/v2\/dureza?post=128979"},{"taxonomy":"forma","embeddable":true,"href":"https:\/\/revolutionpadelstore.com\/en\/wp-json\/wp\/v2\/forma?post=128979"},{"taxonomy":"jugador","embeddable":true,"href":"https:\/\/revolutionpadelstore.com\/en\/wp-json\/wp\/v2\/jugador?post=128979"},{"taxonomy":"marca","embeddable":true,"href":"https:\/\/revolutionpadelstore.com\/en\/wp-json\/wp\/v2\/marca?post=128979"},{"taxonomy":"nivel-de-juego","embeddable":true,"href":"https:\/\/revolutionpadelstore.com\/en\/wp-json\/wp\/v2\/nivel-de-juego?post=128979"},{"taxonomy":"superficie","embeddable":true,"href":"https:\/\/revolutionpadelstore.com\/en\/wp-json\/wp\/v2\/superficie?post=128979"},{"taxonomy":"tipo-de-juego","embeddable":true,"href":"https:\/\/revolutionpadelstore.com\/en\/wp-json\/wp\/v2\/tipo-de-juego?post=128979"},{"taxonomy":"product_brand","embeddable":true,"href":"https:\/\/revolutionpadelstore.com\/en\/wp-json\/wp\/v2\/product_brand?post=128979"},{"taxonomy":"product_cat","embeddable":true,"href":"https:\/\/revolutionpadelstore.com\/en\/wp-json\/wp\/v2\/product_cat?post=128979"},{"taxonomy":"product_tag","embeddable":true,"href":"https:\/\/revolutionpadelstore.com\/en\/wp-json\/wp\/v2\/product_tag?post=128979"}],"curies":[{"name":"wp","href":"https:\/\/api.w.org\/{rel}","templated":true}]}}