{"id":128974,"date":"2024-11-21T08:29:41","date_gmt":"2024-11-21T07:29:41","guid":{"rendered":"https:\/\/revolutionpadelstore.com\/paletero-nox-at10-xxl-negro-rojo\/"},"modified":"2026-04-08T10:14:57","modified_gmt":"2026-04-08T08:14:57","slug":"paletero-nox-at10-xxl-negro-rojo-2","status":"publish","type":"product","link":"https:\/\/revolutionpadelstore.com\/en\/paletero-nox-at10-xxl-negro-rojo-2\/","title":{"rendered":"PALETERO NOX AT10 XXL NEGRO ROJO"},"content":{"rendered":"<h2> paletero nox at10 xxl, powerful design <\/ h2><br \/>\nWith the new <strong> at10 xxl paletero of Nox <\/strong> you will stand out on your way to the track thanks to its powerful design and great storage capacity, which will allow you to carry everything you need to succeed on the pitch. This model has been specifically designed for the player <strong> Agust\u00edn Tapia <\/strong> in black with red details.<\/p>\n<p>With measures of <strong> 70x30x45 cm <\/strong> and a <strong> capacity of 90 liters <\/strong>, you can take your whole team comfortably and organized to each game or paddle training. It has a <strong> main ergonomic handle <\/strong> and a rigid base, so it guarantees safe and comfortable transport. It allows the possibility of removing the handles for an alternative form of transport.<\/p>\n<h2> Large dimensions <\/h2>\n<p>On the other hand, this <strong> nox paletero for men <\/strong> incorporates a wide main compartment with a lateral opening that facilitates rapid and easy access to the interior. It has a capacity to take to <strong> 5 paddle blades <\/strong> and other elements such as clothing or paddle accessories.<\/p>\n<p>In addition, it includes a <strong> thermal compartment <\/strong> with <em> nox thermotech technology water bottle or a four ball boat. On the side we find some pockets for personal objects and a side compartment with ventilation system and a dirty clothing bag<\/p>\n<h2>Paletero Nox AT10 XXL, dise\u00f1o potente<\/h2>\n","protected":false},"excerpt":{"rendered":"<p>Paletero Nox at10 XXL in black and red for men, with capacity for 5 blades in its main compartment and for 3 blades in its thermal compartment with Nox Thermotch.<\/p>\n","protected":false},"featured_media":124699,"comment_status":"open","ping_status":"closed","template":"","meta":{"_acf_changed":false,"_joinchat":[]},"acabado":[],"balance":[],"dureza":[],"forma":[],"jugador":[],"marca":[1263],"nivel-de-juego":[],"superficie":[],"tipo-de-juego":[],"product_brand":[],"product_cat":[322],"product_tag":[],"class_list":{"0":"post-128974","1":"product","2":"type-product","3":"status-publish","4":"has-post-thumbnail","6":"marca-nox-en","7":"product_cat-bags","9":"first","10":"outofstock","11":"sale","12":"taxable","13":"shipping-taxable","14":"purchasable","15":"product-type-simple"},"acf":[],"yoast_head":"<!-- This site is optimized with the Yoast SEO plugin v27.4 - https:\/\/yoast.com\/product\/yoast-seo-wordpress\/ -->\n<title>PALETERO NOX AT10 XXL NEGRO ROJO - Revolution Padel Store<\/title>\n<meta name=\"description\" content=\"Con el nuevo paletero AT10 XXL de Nox destacar\u00e1s en tu camino a la pista gracias a su dise\u00f1o potente y gran capacidad de almacenaje, que te permitir\u00e1 llevar todo lo necesario para triunfar en el terreno de juego. Este modelo ha sido espec\u00edficamente dise\u00f1ado para el jugador Agust\u00edn Tapia en color negro con detalles en rojo.\" \/>\n<meta name=\"robots\" content=\"index, follow, max-snippet:-1, max-image-preview:large, max-video-preview:-1\" \/>\n<link rel=\"canonical\" href=\"https:\/\/revolutionpadelstore.com\/en\/paletero-nox-at10-xxl-negro-rojo-2\/\" \/>\n<meta property=\"og:locale\" content=\"en_US\" \/>\n<meta property=\"og:type\" content=\"article\" \/>\n<meta property=\"og:title\" content=\"PALETERO NOX AT10 XXL NEGRO ROJO - Revolution Padel Store\" \/>\n<meta property=\"og:description\" content=\"Con el nuevo paletero AT10 XXL de Nox destacar\u00e1s en tu camino a la pista gracias a su dise\u00f1o potente y gran capacidad de almacenaje, que te permitir\u00e1 llevar todo lo necesario para triunfar en el terreno de juego. Este modelo ha sido espec\u00edficamente dise\u00f1ado para el jugador Agust\u00edn Tapia en color negro con detalles en rojo.\" \/>\n<meta property=\"og:url\" content=\"https:\/\/revolutionpadelstore.com\/en\/paletero-nox-at10-xxl-negro-rojo-2\/\" \/>\n<meta property=\"og:site_name\" content=\"Revolution Padel Store\" \/>\n<meta property=\"article:modified_time\" content=\"2026-04-08T08:14:57+00:00\" \/>\n<meta property=\"og:image\" content=\"https:\/\/revolutionpadelstore.com\/wp-content\/uploads\/2024\/11\/113156_paletero_nox_at10_xxl_bpat10xxl24_1500x1500_1_4665.webp\" \/>\n\t<meta property=\"og:image:width\" content=\"1500\" \/>\n\t<meta property=\"og:image:height\" content=\"1500\" \/>\n\t<meta property=\"og:image:type\" content=\"image\/webp\" \/>\n<meta name=\"twitter:card\" content=\"summary_large_image\" \/>\n<meta name=\"twitter:label1\" content=\"Est. reading time\" \/>\n\t<meta name=\"twitter:data1\" content=\"1 minute\" \/>\n<script type=\"application\/ld+json\" class=\"yoast-schema-graph\">{\"@context\":\"https:\\\/\\\/schema.org\",\"@graph\":[{\"@type\":\"WebPage\",\"@id\":\"https:\\\/\\\/revolutionpadelstore.com\\\/en\\\/paletero-nox-at10-xxl-negro-rojo-2\\\/\",\"url\":\"https:\\\/\\\/revolutionpadelstore.com\\\/en\\\/paletero-nox-at10-xxl-negro-rojo-2\\\/\",\"name\":\"PALETERO NOX AT10 XXL NEGRO ROJO - Revolution Padel Store\",\"isPartOf\":{\"@id\":\"https:\\\/\\\/revolutionpadelstore.com\\\/en\\\/#website\"},\"primaryImageOfPage\":{\"@id\":\"https:\\\/\\\/revolutionpadelstore.com\\\/en\\\/paletero-nox-at10-xxl-negro-rojo-2\\\/#primaryimage\"},\"image\":{\"@id\":\"https:\\\/\\\/revolutionpadelstore.com\\\/en\\\/paletero-nox-at10-xxl-negro-rojo-2\\\/#primaryimage\"},\"thumbnailUrl\":\"https:\\\/\\\/revolutionpadelstore.com\\\/wp-content\\\/uploads\\\/2024\\\/11\\\/113156_paletero_nox_at10_xxl_bpat10xxl24_1500x1500_1_4665.webp\",\"datePublished\":\"2024-11-21T07:29:41+00:00\",\"dateModified\":\"2026-04-08T08:14:57+00:00\",\"description\":\"Con el nuevo paletero AT10 XXL de Nox destacar\u00e1s en tu camino a la pista gracias a su dise\u00f1o potente y gran capacidad de almacenaje, que te permitir\u00e1 llevar todo lo necesario para triunfar en el terreno de juego. Este modelo ha sido espec\u00edficamente dise\u00f1ado para el jugador Agust\u00edn Tapia en color negro con detalles en rojo.\",\"breadcrumb\":{\"@id\":\"https:\\\/\\\/revolutionpadelstore.com\\\/en\\\/paletero-nox-at10-xxl-negro-rojo-2\\\/#breadcrumb\"},\"inLanguage\":\"en-US\",\"potentialAction\":[{\"@type\":\"ReadAction\",\"target\":[\"https:\\\/\\\/revolutionpadelstore.com\\\/en\\\/paletero-nox-at10-xxl-negro-rojo-2\\\/\"]}]},{\"@type\":\"ImageObject\",\"inLanguage\":\"en-US\",\"@id\":\"https:\\\/\\\/revolutionpadelstore.com\\\/en\\\/paletero-nox-at10-xxl-negro-rojo-2\\\/#primaryimage\",\"url\":\"https:\\\/\\\/revolutionpadelstore.com\\\/wp-content\\\/uploads\\\/2024\\\/11\\\/113156_paletero_nox_at10_xxl_bpat10xxl24_1500x1500_1_4665.webp\",\"contentUrl\":\"https:\\\/\\\/revolutionpadelstore.com\\\/wp-content\\\/uploads\\\/2024\\\/11\\\/113156_paletero_nox_at10_xxl_bpat10xxl24_1500x1500_1_4665.webp\",\"width\":1500,\"height\":1500},{\"@type\":\"BreadcrumbList\",\"@id\":\"https:\\\/\\\/revolutionpadelstore.com\\\/en\\\/paletero-nox-at10-xxl-negro-rojo-2\\\/#breadcrumb\",\"itemListElement\":[{\"@type\":\"ListItem\",\"position\":1,\"name\":\"Portada\",\"item\":\"https:\\\/\\\/revolutionpadelstore.com\\\/en\\\/\"},{\"@type\":\"ListItem\",\"position\":2,\"name\":\"Shop\",\"item\":\"https:\\\/\\\/revolutionpadelstore.com\\\/en\\\/shop\\\/\"},{\"@type\":\"ListItem\",\"position\":3,\"name\":\"PALETERO NOX AT10 XXL NEGRO ROJO\"}]},{\"@type\":\"WebSite\",\"@id\":\"https:\\\/\\\/revolutionpadelstore.com\\\/en\\\/#website\",\"url\":\"https:\\\/\\\/revolutionpadelstore.com\\\/en\\\/\",\"name\":\"Revolution Padel Store\",\"description\":\"\",\"publisher\":{\"@id\":\"https:\\\/\\\/revolutionpadelstore.com\\\/en\\\/#organization\"},\"potentialAction\":[{\"@type\":\"SearchAction\",\"target\":{\"@type\":\"EntryPoint\",\"urlTemplate\":\"https:\\\/\\\/revolutionpadelstore.com\\\/en\\\/?s={search_term_string}\"},\"query-input\":{\"@type\":\"PropertyValueSpecification\",\"valueRequired\":true,\"valueName\":\"search_term_string\"}}],\"inLanguage\":\"en-US\"},{\"@type\":\"Organization\",\"@id\":\"https:\\\/\\\/revolutionpadelstore.com\\\/en\\\/#organization\",\"name\":\"Revolution Padel Store\",\"url\":\"https:\\\/\\\/revolutionpadelstore.com\\\/en\\\/\",\"logo\":{\"@type\":\"ImageObject\",\"inLanguage\":\"en-US\",\"@id\":\"https:\\\/\\\/revolutionpadelstore.com\\\/en\\\/#\\\/schema\\\/logo\\\/image\\\/\",\"url\":\"https:\\\/\\\/revolutionpadelstore.com\\\/wp-content\\\/uploads\\\/2026\\\/02\\\/revolution-padel-store.jpg\",\"contentUrl\":\"https:\\\/\\\/revolutionpadelstore.com\\\/wp-content\\\/uploads\\\/2026\\\/02\\\/revolution-padel-store.jpg\",\"width\":2000,\"height\":2000,\"caption\":\"Revolution Padel Store\"},\"image\":{\"@id\":\"https:\\\/\\\/revolutionpadelstore.com\\\/en\\\/#\\\/schema\\\/logo\\\/image\\\/\"},\"sameAs\":[\"https:\\\/\\\/www.instagram.com\\\/revolutionpadelstore\\\/\"]}]}<\/script>\n<!-- \/ Yoast SEO plugin. -->","yoast_head_json":{"title":"PALETERO NOX AT10 XXL NEGRO ROJO - Revolution Padel Store","description":"Con el nuevo paletero AT10 XXL de Nox destacar\u00e1s en tu camino a la pista gracias a su dise\u00f1o potente y gran capacidad de almacenaje, que te permitir\u00e1 llevar todo lo necesario para triunfar en el terreno de juego. Este modelo ha sido espec\u00edficamente dise\u00f1ado para el jugador Agust\u00edn Tapia en color negro con detalles en rojo.","robots":{"index":"index","follow":"follow","max-snippet":"max-snippet:-1","max-image-preview":"max-image-preview:large","max-video-preview":"max-video-preview:-1"},"canonical":"https:\/\/revolutionpadelstore.com\/en\/paletero-nox-at10-xxl-negro-rojo-2\/","og_locale":"en_US","og_type":"article","og_title":"PALETERO NOX AT10 XXL NEGRO ROJO - Revolution Padel Store","og_description":"Con el nuevo paletero AT10 XXL de Nox destacar\u00e1s en tu camino a la pista gracias a su dise\u00f1o potente y gran capacidad de almacenaje, que te permitir\u00e1 llevar todo lo necesario para triunfar en el terreno de juego. Este modelo ha sido espec\u00edficamente dise\u00f1ado para el jugador Agust\u00edn Tapia en color negro con detalles en rojo.","og_url":"https:\/\/revolutionpadelstore.com\/en\/paletero-nox-at10-xxl-negro-rojo-2\/","og_site_name":"Revolution Padel Store","article_modified_time":"2026-04-08T08:14:57+00:00","og_image":[{"width":1500,"height":1500,"url":"https:\/\/revolutionpadelstore.com\/wp-content\/uploads\/2024\/11\/113156_paletero_nox_at10_xxl_bpat10xxl24_1500x1500_1_4665.webp","type":"image\/webp"}],"twitter_card":"summary_large_image","twitter_misc":{"Est. reading time":"1 minute"},"schema":{"@context":"https:\/\/schema.org","@graph":[{"@type":"WebPage","@id":"https:\/\/revolutionpadelstore.com\/en\/paletero-nox-at10-xxl-negro-rojo-2\/","url":"https:\/\/revolutionpadelstore.com\/en\/paletero-nox-at10-xxl-negro-rojo-2\/","name":"PALETERO NOX AT10 XXL NEGRO ROJO - Revolution Padel Store","isPartOf":{"@id":"https:\/\/revolutionpadelstore.com\/en\/#website"},"primaryImageOfPage":{"@id":"https:\/\/revolutionpadelstore.com\/en\/paletero-nox-at10-xxl-negro-rojo-2\/#primaryimage"},"image":{"@id":"https:\/\/revolutionpadelstore.com\/en\/paletero-nox-at10-xxl-negro-rojo-2\/#primaryimage"},"thumbnailUrl":"https:\/\/revolutionpadelstore.com\/wp-content\/uploads\/2024\/11\/113156_paletero_nox_at10_xxl_bpat10xxl24_1500x1500_1_4665.webp","datePublished":"2024-11-21T07:29:41+00:00","dateModified":"2026-04-08T08:14:57+00:00","description":"Con el nuevo paletero AT10 XXL de Nox destacar\u00e1s en tu camino a la pista gracias a su dise\u00f1o potente y gran capacidad de almacenaje, que te permitir\u00e1 llevar todo lo necesario para triunfar en el terreno de juego. Este modelo ha sido espec\u00edficamente dise\u00f1ado para el jugador Agust\u00edn Tapia en color negro con detalles en rojo.","breadcrumb":{"@id":"https:\/\/revolutionpadelstore.com\/en\/paletero-nox-at10-xxl-negro-rojo-2\/#breadcrumb"},"inLanguage":"en-US","potentialAction":[{"@type":"ReadAction","target":["https:\/\/revolutionpadelstore.com\/en\/paletero-nox-at10-xxl-negro-rojo-2\/"]}]},{"@type":"ImageObject","inLanguage":"en-US","@id":"https:\/\/revolutionpadelstore.com\/en\/paletero-nox-at10-xxl-negro-rojo-2\/#primaryimage","url":"https:\/\/revolutionpadelstore.com\/wp-content\/uploads\/2024\/11\/113156_paletero_nox_at10_xxl_bpat10xxl24_1500x1500_1_4665.webp","contentUrl":"https:\/\/revolutionpadelstore.com\/wp-content\/uploads\/2024\/11\/113156_paletero_nox_at10_xxl_bpat10xxl24_1500x1500_1_4665.webp","width":1500,"height":1500},{"@type":"BreadcrumbList","@id":"https:\/\/revolutionpadelstore.com\/en\/paletero-nox-at10-xxl-negro-rojo-2\/#breadcrumb","itemListElement":[{"@type":"ListItem","position":1,"name":"Portada","item":"https:\/\/revolutionpadelstore.com\/en\/"},{"@type":"ListItem","position":2,"name":"Shop","item":"https:\/\/revolutionpadelstore.com\/en\/shop\/"},{"@type":"ListItem","position":3,"name":"PALETERO NOX AT10 XXL NEGRO ROJO"}]},{"@type":"WebSite","@id":"https:\/\/revolutionpadelstore.com\/en\/#website","url":"https:\/\/revolutionpadelstore.com\/en\/","name":"Revolution Padel Store","description":"","publisher":{"@id":"https:\/\/revolutionpadelstore.com\/en\/#organization"},"potentialAction":[{"@type":"SearchAction","target":{"@type":"EntryPoint","urlTemplate":"https:\/\/revolutionpadelstore.com\/en\/?s={search_term_string}"},"query-input":{"@type":"PropertyValueSpecification","valueRequired":true,"valueName":"search_term_string"}}],"inLanguage":"en-US"},{"@type":"Organization","@id":"https:\/\/revolutionpadelstore.com\/en\/#organization","name":"Revolution Padel Store","url":"https:\/\/revolutionpadelstore.com\/en\/","logo":{"@type":"ImageObject","inLanguage":"en-US","@id":"https:\/\/revolutionpadelstore.com\/en\/#\/schema\/logo\/image\/","url":"https:\/\/revolutionpadelstore.com\/wp-content\/uploads\/2026\/02\/revolution-padel-store.jpg","contentUrl":"https:\/\/revolutionpadelstore.com\/wp-content\/uploads\/2026\/02\/revolution-padel-store.jpg","width":2000,"height":2000,"caption":"Revolution Padel Store"},"image":{"@id":"https:\/\/revolutionpadelstore.com\/en\/#\/schema\/logo\/image\/"},"sameAs":["https:\/\/www.instagram.com\/revolutionpadelstore\/"]}]}},"_links":{"self":[{"href":"https:\/\/revolutionpadelstore.com\/en\/wp-json\/wp\/v2\/product\/128974","targetHints":{"allow":["GET"]}}],"collection":[{"href":"https:\/\/revolutionpadelstore.com\/en\/wp-json\/wp\/v2\/product"}],"about":[{"href":"https:\/\/revolutionpadelstore.com\/en\/wp-json\/wp\/v2\/types\/product"}],"replies":[{"embeddable":true,"href":"https:\/\/revolutionpadelstore.com\/en\/wp-json\/wp\/v2\/comments?post=128974"}],"wp:featuredmedia":[{"embeddable":true,"href":"https:\/\/revolutionpadelstore.com\/en\/wp-json\/wp\/v2\/media\/124699"}],"wp:attachment":[{"href":"https:\/\/revolutionpadelstore.com\/en\/wp-json\/wp\/v2\/media?parent=128974"}],"wp:term":[{"taxonomy":"acabado","embeddable":true,"href":"https:\/\/revolutionpadelstore.com\/en\/wp-json\/wp\/v2\/acabado?post=128974"},{"taxonomy":"balance","embeddable":true,"href":"https:\/\/revolutionpadelstore.com\/en\/wp-json\/wp\/v2\/balance?post=128974"},{"taxonomy":"dureza","embeddable":true,"href":"https:\/\/revolutionpadelstore.com\/en\/wp-json\/wp\/v2\/dureza?post=128974"},{"taxonomy":"forma","embeddable":true,"href":"https:\/\/revolutionpadelstore.com\/en\/wp-json\/wp\/v2\/forma?post=128974"},{"taxonomy":"jugador","embeddable":true,"href":"https:\/\/revolutionpadelstore.com\/en\/wp-json\/wp\/v2\/jugador?post=128974"},{"taxonomy":"marca","embeddable":true,"href":"https:\/\/revolutionpadelstore.com\/en\/wp-json\/wp\/v2\/marca?post=128974"},{"taxonomy":"nivel-de-juego","embeddable":true,"href":"https:\/\/revolutionpadelstore.com\/en\/wp-json\/wp\/v2\/nivel-de-juego?post=128974"},{"taxonomy":"superficie","embeddable":true,"href":"https:\/\/revolutionpadelstore.com\/en\/wp-json\/wp\/v2\/superficie?post=128974"},{"taxonomy":"tipo-de-juego","embeddable":true,"href":"https:\/\/revolutionpadelstore.com\/en\/wp-json\/wp\/v2\/tipo-de-juego?post=128974"},{"taxonomy":"product_brand","embeddable":true,"href":"https:\/\/revolutionpadelstore.com\/en\/wp-json\/wp\/v2\/product_brand?post=128974"},{"taxonomy":"product_cat","embeddable":true,"href":"https:\/\/revolutionpadelstore.com\/en\/wp-json\/wp\/v2\/product_cat?post=128974"},{"taxonomy":"product_tag","embeddable":true,"href":"https:\/\/revolutionpadelstore.com\/en\/wp-json\/wp\/v2\/product_tag?post=128974"}],"curies":[{"name":"wp","href":"https:\/\/api.w.org\/{rel}","templated":true}]}}