{"id":128452,"date":"2024-11-25T01:30:23","date_gmt":"2024-11-25T00:30:23","guid":{"rendered":"https:\/\/revolutionpadelstore.com\/mochila-bullpadel-bpm25007-vertex-beige-2\/"},"modified":"2026-04-08T10:08:38","modified_gmt":"2026-04-08T08:08:38","slug":"mochila-bullpadel-bpm25007-vertex-beige-2","status":"publish","type":"product","link":"https:\/\/revolutionpadelstore.com\/en\/mochila-bullpadel-bpm25007-vertex-beige-2\/","title":{"rendered":"MOCHILA BULLPADEL BPM25007 VERTEX BEIGE"},"content":{"rendered":"<div class=\"product info detailed\">\n<div class=\"product data items Mage-Tabs-Disabled\" Role=\"Tablist\">\n<div id=\"product.info.escription.tab\" class=\"data item content\" Role=\"tabanel\" aria-labelledby=\"tab-label-product.info.description.tab\" data-work=\"content\">\n<div class=\"product attribute description\">\n<div class=\"value\">\n<h2> Bullpadel Backpack vertex bpm25007 beige <\/ h2><br \/>\nThe <strong> bullpadel vertex beige backpack <\/strong> is designed to accompany you in each party or training and provide you with total comfort and modern style. This model includes a wide main compartment where you can save your paddle equipment and other essential accessories. In addition, its <strong> thermo reinforced <\/strong> compartment protects up to two blades from extreme temperatures, guaranteeing optimal performance.<\/p>\n<p>For those looking for organization, this <strong> Bullpadel Backpack <\/strong> offers a ventilated space for clothes and footwear, keeping your entire equipment clean, tidy and free of bad smells. In addition, it has a padded pocket designed to transport portable, tablets or other electronic elements, so it is ideal for those who seek ideal performance both in day to day and sport.<\/p>\n<h3> Ergonomic and comfortable transport <\/ h3><br \/>\nThe back with ergonomic design includes foam pieces that provide maximum ventilation and exceptional comfort during transport. Your <strong> adjustable strap <\/strong> in the chest ensures that the backpack remains stable during movement, providing a <strong> firm adjustment <\/strong> to the body.<\/p>\n<p>It also incorporates a pocket on the side designed to wear a ball boat or a bottle of water, so that you always have the essential. With its technical and practical design, the <strong> bullpadel <\/strong> <\/strong> bulls A combination between performance and organization in its day to day.<\/p>\n<p><\/ div><br \/>\n<\/ div><br \/>\n<\/ div><br \/>\n<\/ div><br \/>\n<\/ div><\/p>\n<div class=\"cn_content cn_content_type_inline id-3cafe87b-c408-4a41-a07b-5ce73610c176\">\n<div class=\"CN_SECTION ID-3E602945-AD00-4FE4-8997-4A35B19FCE1D\">\n<div class=\"CN_BLOCK ID-ACB030BE-85B3-48EC-BE0B-1858AF56E3E3\">\n<div class=\"cn_cell ID-D207F408-5E76-4C36-937D-1FAA7859DB7E\">\n<div class=\"CN_ELEMENT CN_HTML ID-EAAF6066-CFE3-49A1-860A-053DE7FADB29\">\n<\/ div><br \/>\n<\/ div><br \/>\n<\/ div><br \/>\n<\/ div><\/p>\n","protected":false},"excerpt":{"rendered":"<p>With the Bullpadel BPM 25007 Beige backpack you can carry everything you need with you thanks to its great storage and simple and comfortable transport capacity.<\/p>\n","protected":false},"featured_media":124749,"comment_status":"open","ping_status":"closed","template":"","meta":{"_acf_changed":false,"_joinchat":[]},"acabado":[],"balance":[],"dureza":[],"forma":[],"jugador":[],"marca":[1258],"nivel-de-juego":[],"superficie":[],"tipo-de-juego":[],"product_brand":[],"product_cat":[322],"product_tag":[],"class_list":{"0":"post-128452","1":"product","2":"type-product","3":"status-publish","4":"has-post-thumbnail","6":"marca-bullpadel-en","7":"product_cat-bags","9":"first","10":"outofstock","11":"sale","12":"taxable","13":"shipping-taxable","14":"purchasable","15":"product-type-simple"},"acf":[],"yoast_head":"<!-- This site is optimized with the Yoast SEO plugin v27.4 - https:\/\/yoast.com\/product\/yoast-seo-wordpress\/ -->\n<title>MOCHILA BULLPADEL BPM25007 VERTEX BEIGE - Revolution Padel Store<\/title>\n<meta name=\"description\" content=\"La mochila Bullpadel Vertex Beige est\u00e1 pensada para acompa\u00f1arte en cada partido o entrenamiento y brindarte total comodidad y estilo moderno. Este modelo incluye un amplio compartimento principal donde puedes guardar tu equipo de p\u00e1del y otros accesorios esenciales. Adem\u00e1s, su compartimento thermo reforzado protege hasta dos palas de las temperaturas extremas, garantizando un \u00f3ptimo rendimiento.\" \/>\n<meta name=\"robots\" content=\"index, follow, max-snippet:-1, max-image-preview:large, max-video-preview:-1\" \/>\n<link rel=\"canonical\" href=\"https:\/\/revolutionpadelstore.com\/en\/mochila-bullpadel-bpm25007-vertex-beige-2\/\" \/>\n<meta property=\"og:locale\" content=\"en_US\" \/>\n<meta property=\"og:type\" content=\"article\" \/>\n<meta property=\"og:title\" content=\"MOCHILA BULLPADEL BPM25007 VERTEX BEIGE - Revolution Padel Store\" \/>\n<meta property=\"og:description\" content=\"La mochila Bullpadel Vertex Beige est\u00e1 pensada para acompa\u00f1arte en cada partido o entrenamiento y brindarte total comodidad y estilo moderno. Este modelo incluye un amplio compartimento principal donde puedes guardar tu equipo de p\u00e1del y otros accesorios esenciales. Adem\u00e1s, su compartimento thermo reforzado protege hasta dos palas de las temperaturas extremas, garantizando un \u00f3ptimo rendimiento.\" \/>\n<meta property=\"og:url\" content=\"https:\/\/revolutionpadelstore.com\/en\/mochila-bullpadel-bpm25007-vertex-beige-2\/\" \/>\n<meta property=\"og:site_name\" content=\"Revolution Padel Store\" \/>\n<meta property=\"article:modified_time\" content=\"2026-04-08T08:08:38+00:00\" \/>\n<meta property=\"og:image\" content=\"https:\/\/revolutionpadelstore.com\/wp-content\/uploads\/2024\/11\/113788-mochila-bullpadel-bpm25007-vertex-448166-1500x1500-1.webp\" \/>\n\t<meta property=\"og:image:width\" content=\"1500\" \/>\n\t<meta property=\"og:image:height\" content=\"1500\" \/>\n\t<meta property=\"og:image:type\" content=\"image\/webp\" \/>\n<meta name=\"twitter:card\" content=\"summary_large_image\" \/>\n<meta name=\"twitter:label1\" content=\"Est. reading time\" \/>\n\t<meta name=\"twitter:data1\" content=\"2 minutes\" \/>\n<script type=\"application\/ld+json\" class=\"yoast-schema-graph\">{\"@context\":\"https:\\\/\\\/schema.org\",\"@graph\":[{\"@type\":\"WebPage\",\"@id\":\"https:\\\/\\\/revolutionpadelstore.com\\\/en\\\/mochila-bullpadel-bpm25007-vertex-beige-2\\\/\",\"url\":\"https:\\\/\\\/revolutionpadelstore.com\\\/en\\\/mochila-bullpadel-bpm25007-vertex-beige-2\\\/\",\"name\":\"MOCHILA BULLPADEL BPM25007 VERTEX BEIGE - Revolution Padel Store\",\"isPartOf\":{\"@id\":\"https:\\\/\\\/revolutionpadelstore.com\\\/en\\\/#website\"},\"primaryImageOfPage\":{\"@id\":\"https:\\\/\\\/revolutionpadelstore.com\\\/en\\\/mochila-bullpadel-bpm25007-vertex-beige-2\\\/#primaryimage\"},\"image\":{\"@id\":\"https:\\\/\\\/revolutionpadelstore.com\\\/en\\\/mochila-bullpadel-bpm25007-vertex-beige-2\\\/#primaryimage\"},\"thumbnailUrl\":\"https:\\\/\\\/revolutionpadelstore.com\\\/wp-content\\\/uploads\\\/2024\\\/11\\\/113788-mochila-bullpadel-bpm25007-vertex-448166-1500x1500-1.webp\",\"datePublished\":\"2024-11-25T00:30:23+00:00\",\"dateModified\":\"2026-04-08T08:08:38+00:00\",\"description\":\"La mochila Bullpadel Vertex Beige est\u00e1 pensada para acompa\u00f1arte en cada partido o entrenamiento y brindarte total comodidad y estilo moderno. Este modelo incluye un amplio compartimento principal donde puedes guardar tu equipo de p\u00e1del y otros accesorios esenciales. Adem\u00e1s, su compartimento thermo reforzado protege hasta dos palas de las temperaturas extremas, garantizando un \u00f3ptimo rendimiento.\",\"breadcrumb\":{\"@id\":\"https:\\\/\\\/revolutionpadelstore.com\\\/en\\\/mochila-bullpadel-bpm25007-vertex-beige-2\\\/#breadcrumb\"},\"inLanguage\":\"en-US\",\"potentialAction\":[{\"@type\":\"ReadAction\",\"target\":[\"https:\\\/\\\/revolutionpadelstore.com\\\/en\\\/mochila-bullpadel-bpm25007-vertex-beige-2\\\/\"]}]},{\"@type\":\"ImageObject\",\"inLanguage\":\"en-US\",\"@id\":\"https:\\\/\\\/revolutionpadelstore.com\\\/en\\\/mochila-bullpadel-bpm25007-vertex-beige-2\\\/#primaryimage\",\"url\":\"https:\\\/\\\/revolutionpadelstore.com\\\/wp-content\\\/uploads\\\/2024\\\/11\\\/113788-mochila-bullpadel-bpm25007-vertex-448166-1500x1500-1.webp\",\"contentUrl\":\"https:\\\/\\\/revolutionpadelstore.com\\\/wp-content\\\/uploads\\\/2024\\\/11\\\/113788-mochila-bullpadel-bpm25007-vertex-448166-1500x1500-1.webp\",\"width\":1500,\"height\":1500},{\"@type\":\"BreadcrumbList\",\"@id\":\"https:\\\/\\\/revolutionpadelstore.com\\\/en\\\/mochila-bullpadel-bpm25007-vertex-beige-2\\\/#breadcrumb\",\"itemListElement\":[{\"@type\":\"ListItem\",\"position\":1,\"name\":\"Portada\",\"item\":\"https:\\\/\\\/revolutionpadelstore.com\\\/en\\\/\"},{\"@type\":\"ListItem\",\"position\":2,\"name\":\"Shop\",\"item\":\"https:\\\/\\\/revolutionpadelstore.com\\\/en\\\/shop\\\/\"},{\"@type\":\"ListItem\",\"position\":3,\"name\":\"MOCHILA BULLPADEL BPM25007 VERTEX BEIGE\"}]},{\"@type\":\"WebSite\",\"@id\":\"https:\\\/\\\/revolutionpadelstore.com\\\/en\\\/#website\",\"url\":\"https:\\\/\\\/revolutionpadelstore.com\\\/en\\\/\",\"name\":\"Revolution Padel Store\",\"description\":\"\",\"publisher\":{\"@id\":\"https:\\\/\\\/revolutionpadelstore.com\\\/en\\\/#organization\"},\"potentialAction\":[{\"@type\":\"SearchAction\",\"target\":{\"@type\":\"EntryPoint\",\"urlTemplate\":\"https:\\\/\\\/revolutionpadelstore.com\\\/en\\\/?s={search_term_string}\"},\"query-input\":{\"@type\":\"PropertyValueSpecification\",\"valueRequired\":true,\"valueName\":\"search_term_string\"}}],\"inLanguage\":\"en-US\"},{\"@type\":\"Organization\",\"@id\":\"https:\\\/\\\/revolutionpadelstore.com\\\/en\\\/#organization\",\"name\":\"Revolution Padel Store\",\"url\":\"https:\\\/\\\/revolutionpadelstore.com\\\/en\\\/\",\"logo\":{\"@type\":\"ImageObject\",\"inLanguage\":\"en-US\",\"@id\":\"https:\\\/\\\/revolutionpadelstore.com\\\/en\\\/#\\\/schema\\\/logo\\\/image\\\/\",\"url\":\"https:\\\/\\\/revolutionpadelstore.com\\\/wp-content\\\/uploads\\\/2026\\\/02\\\/revolution-padel-store.jpg\",\"contentUrl\":\"https:\\\/\\\/revolutionpadelstore.com\\\/wp-content\\\/uploads\\\/2026\\\/02\\\/revolution-padel-store.jpg\",\"width\":2000,\"height\":2000,\"caption\":\"Revolution Padel Store\"},\"image\":{\"@id\":\"https:\\\/\\\/revolutionpadelstore.com\\\/en\\\/#\\\/schema\\\/logo\\\/image\\\/\"},\"sameAs\":[\"https:\\\/\\\/www.instagram.com\\\/revolutionpadelstore\\\/\"]}]}<\/script>\n<!-- \/ Yoast SEO plugin. -->","yoast_head_json":{"title":"MOCHILA BULLPADEL BPM25007 VERTEX BEIGE - Revolution Padel Store","description":"La mochila Bullpadel Vertex Beige est\u00e1 pensada para acompa\u00f1arte en cada partido o entrenamiento y brindarte total comodidad y estilo moderno. Este modelo incluye un amplio compartimento principal donde puedes guardar tu equipo de p\u00e1del y otros accesorios esenciales. Adem\u00e1s, su compartimento thermo reforzado protege hasta dos palas de las temperaturas extremas, garantizando un \u00f3ptimo rendimiento.","robots":{"index":"index","follow":"follow","max-snippet":"max-snippet:-1","max-image-preview":"max-image-preview:large","max-video-preview":"max-video-preview:-1"},"canonical":"https:\/\/revolutionpadelstore.com\/en\/mochila-bullpadel-bpm25007-vertex-beige-2\/","og_locale":"en_US","og_type":"article","og_title":"MOCHILA BULLPADEL BPM25007 VERTEX BEIGE - Revolution Padel Store","og_description":"La mochila Bullpadel Vertex Beige est\u00e1 pensada para acompa\u00f1arte en cada partido o entrenamiento y brindarte total comodidad y estilo moderno. Este modelo incluye un amplio compartimento principal donde puedes guardar tu equipo de p\u00e1del y otros accesorios esenciales. Adem\u00e1s, su compartimento thermo reforzado protege hasta dos palas de las temperaturas extremas, garantizando un \u00f3ptimo rendimiento.","og_url":"https:\/\/revolutionpadelstore.com\/en\/mochila-bullpadel-bpm25007-vertex-beige-2\/","og_site_name":"Revolution Padel Store","article_modified_time":"2026-04-08T08:08:38+00:00","og_image":[{"width":1500,"height":1500,"url":"https:\/\/revolutionpadelstore.com\/wp-content\/uploads\/2024\/11\/113788-mochila-bullpadel-bpm25007-vertex-448166-1500x1500-1.webp","type":"image\/webp"}],"twitter_card":"summary_large_image","twitter_misc":{"Est. reading time":"2 minutes"},"schema":{"@context":"https:\/\/schema.org","@graph":[{"@type":"WebPage","@id":"https:\/\/revolutionpadelstore.com\/en\/mochila-bullpadel-bpm25007-vertex-beige-2\/","url":"https:\/\/revolutionpadelstore.com\/en\/mochila-bullpadel-bpm25007-vertex-beige-2\/","name":"MOCHILA BULLPADEL BPM25007 VERTEX BEIGE - Revolution Padel Store","isPartOf":{"@id":"https:\/\/revolutionpadelstore.com\/en\/#website"},"primaryImageOfPage":{"@id":"https:\/\/revolutionpadelstore.com\/en\/mochila-bullpadel-bpm25007-vertex-beige-2\/#primaryimage"},"image":{"@id":"https:\/\/revolutionpadelstore.com\/en\/mochila-bullpadel-bpm25007-vertex-beige-2\/#primaryimage"},"thumbnailUrl":"https:\/\/revolutionpadelstore.com\/wp-content\/uploads\/2024\/11\/113788-mochila-bullpadel-bpm25007-vertex-448166-1500x1500-1.webp","datePublished":"2024-11-25T00:30:23+00:00","dateModified":"2026-04-08T08:08:38+00:00","description":"La mochila Bullpadel Vertex Beige est\u00e1 pensada para acompa\u00f1arte en cada partido o entrenamiento y brindarte total comodidad y estilo moderno. Este modelo incluye un amplio compartimento principal donde puedes guardar tu equipo de p\u00e1del y otros accesorios esenciales. Adem\u00e1s, su compartimento thermo reforzado protege hasta dos palas de las temperaturas extremas, garantizando un \u00f3ptimo rendimiento.","breadcrumb":{"@id":"https:\/\/revolutionpadelstore.com\/en\/mochila-bullpadel-bpm25007-vertex-beige-2\/#breadcrumb"},"inLanguage":"en-US","potentialAction":[{"@type":"ReadAction","target":["https:\/\/revolutionpadelstore.com\/en\/mochila-bullpadel-bpm25007-vertex-beige-2\/"]}]},{"@type":"ImageObject","inLanguage":"en-US","@id":"https:\/\/revolutionpadelstore.com\/en\/mochila-bullpadel-bpm25007-vertex-beige-2\/#primaryimage","url":"https:\/\/revolutionpadelstore.com\/wp-content\/uploads\/2024\/11\/113788-mochila-bullpadel-bpm25007-vertex-448166-1500x1500-1.webp","contentUrl":"https:\/\/revolutionpadelstore.com\/wp-content\/uploads\/2024\/11\/113788-mochila-bullpadel-bpm25007-vertex-448166-1500x1500-1.webp","width":1500,"height":1500},{"@type":"BreadcrumbList","@id":"https:\/\/revolutionpadelstore.com\/en\/mochila-bullpadel-bpm25007-vertex-beige-2\/#breadcrumb","itemListElement":[{"@type":"ListItem","position":1,"name":"Portada","item":"https:\/\/revolutionpadelstore.com\/en\/"},{"@type":"ListItem","position":2,"name":"Shop","item":"https:\/\/revolutionpadelstore.com\/en\/shop\/"},{"@type":"ListItem","position":3,"name":"MOCHILA BULLPADEL BPM25007 VERTEX BEIGE"}]},{"@type":"WebSite","@id":"https:\/\/revolutionpadelstore.com\/en\/#website","url":"https:\/\/revolutionpadelstore.com\/en\/","name":"Revolution Padel Store","description":"","publisher":{"@id":"https:\/\/revolutionpadelstore.com\/en\/#organization"},"potentialAction":[{"@type":"SearchAction","target":{"@type":"EntryPoint","urlTemplate":"https:\/\/revolutionpadelstore.com\/en\/?s={search_term_string}"},"query-input":{"@type":"PropertyValueSpecification","valueRequired":true,"valueName":"search_term_string"}}],"inLanguage":"en-US"},{"@type":"Organization","@id":"https:\/\/revolutionpadelstore.com\/en\/#organization","name":"Revolution Padel Store","url":"https:\/\/revolutionpadelstore.com\/en\/","logo":{"@type":"ImageObject","inLanguage":"en-US","@id":"https:\/\/revolutionpadelstore.com\/en\/#\/schema\/logo\/image\/","url":"https:\/\/revolutionpadelstore.com\/wp-content\/uploads\/2026\/02\/revolution-padel-store.jpg","contentUrl":"https:\/\/revolutionpadelstore.com\/wp-content\/uploads\/2026\/02\/revolution-padel-store.jpg","width":2000,"height":2000,"caption":"Revolution Padel Store"},"image":{"@id":"https:\/\/revolutionpadelstore.com\/en\/#\/schema\/logo\/image\/"},"sameAs":["https:\/\/www.instagram.com\/revolutionpadelstore\/"]}]}},"_links":{"self":[{"href":"https:\/\/revolutionpadelstore.com\/en\/wp-json\/wp\/v2\/product\/128452","targetHints":{"allow":["GET"]}}],"collection":[{"href":"https:\/\/revolutionpadelstore.com\/en\/wp-json\/wp\/v2\/product"}],"about":[{"href":"https:\/\/revolutionpadelstore.com\/en\/wp-json\/wp\/v2\/types\/product"}],"replies":[{"embeddable":true,"href":"https:\/\/revolutionpadelstore.com\/en\/wp-json\/wp\/v2\/comments?post=128452"}],"wp:featuredmedia":[{"embeddable":true,"href":"https:\/\/revolutionpadelstore.com\/en\/wp-json\/wp\/v2\/media\/124749"}],"wp:attachment":[{"href":"https:\/\/revolutionpadelstore.com\/en\/wp-json\/wp\/v2\/media?parent=128452"}],"wp:term":[{"taxonomy":"acabado","embeddable":true,"href":"https:\/\/revolutionpadelstore.com\/en\/wp-json\/wp\/v2\/acabado?post=128452"},{"taxonomy":"balance","embeddable":true,"href":"https:\/\/revolutionpadelstore.com\/en\/wp-json\/wp\/v2\/balance?post=128452"},{"taxonomy":"dureza","embeddable":true,"href":"https:\/\/revolutionpadelstore.com\/en\/wp-json\/wp\/v2\/dureza?post=128452"},{"taxonomy":"forma","embeddable":true,"href":"https:\/\/revolutionpadelstore.com\/en\/wp-json\/wp\/v2\/forma?post=128452"},{"taxonomy":"jugador","embeddable":true,"href":"https:\/\/revolutionpadelstore.com\/en\/wp-json\/wp\/v2\/jugador?post=128452"},{"taxonomy":"marca","embeddable":true,"href":"https:\/\/revolutionpadelstore.com\/en\/wp-json\/wp\/v2\/marca?post=128452"},{"taxonomy":"nivel-de-juego","embeddable":true,"href":"https:\/\/revolutionpadelstore.com\/en\/wp-json\/wp\/v2\/nivel-de-juego?post=128452"},{"taxonomy":"superficie","embeddable":true,"href":"https:\/\/revolutionpadelstore.com\/en\/wp-json\/wp\/v2\/superficie?post=128452"},{"taxonomy":"tipo-de-juego","embeddable":true,"href":"https:\/\/revolutionpadelstore.com\/en\/wp-json\/wp\/v2\/tipo-de-juego?post=128452"},{"taxonomy":"product_brand","embeddable":true,"href":"https:\/\/revolutionpadelstore.com\/en\/wp-json\/wp\/v2\/product_brand?post=128452"},{"taxonomy":"product_cat","embeddable":true,"href":"https:\/\/revolutionpadelstore.com\/en\/wp-json\/wp\/v2\/product_cat?post=128452"},{"taxonomy":"product_tag","embeddable":true,"href":"https:\/\/revolutionpadelstore.com\/en\/wp-json\/wp\/v2\/product_tag?post=128452"}],"curies":[{"name":"wp","href":"https:\/\/api.w.org\/{rel}","templated":true}]}}