{"id":128446,"date":"2024-11-21T10:17:02","date_gmt":"2024-11-21T09:17:02","guid":{"rendered":"https:\/\/revolutionpadelstore.com\/mochila-bullpadel-bpm25007-vertex-negro\/"},"modified":"2026-04-08T10:13:40","modified_gmt":"2026-04-08T08:13:40","slug":"mochila-bullpadel-bpm25007-vertex-005-negro-2","status":"publish","type":"product","link":"https:\/\/revolutionpadelstore.com\/en\/mochila-bullpadel-bpm25007-vertex-005-negro-2\/","title":{"rendered":"MOCHILA BULLPADEL BPM25007 VERTEX 005 NEGRO"},"content":{"rendered":"<h2> Bullpadel BPM25007 Black Backpack <\/ h2><br \/>\nThe Bullpadel Vertex technical backpack in black has been designed to meet the demands of the most advanced players, offering a combination of functionality, durability and an innovative design. Its main capacity of large capacity allows transporting everything necessary for your training or matches, while its reinforced Thermo compartment is intended to save and protect up to two paddle blades, protecting them from temperature changes.<br \/>\n<H3> <strong> efficient organization <\/strong> <\/ h3><br \/>\nFor a better organization, it includes a separate space with a ventilation system for footwear, which prevents the accumulation of bad odors. In addition, it has a padded pocket that guarantees the safety and protection of electronic devices such as tablets or laptops.<\/p>\n<p>With an ergonomic design on the back, it has FOAM rubber pieces that improve ventilation and provide exceptional comfort, even in long journeys, thanks to its excellent cushioning. The adjustable pectoral strap ensures a firm and comfortable adjustment, allowing freedom of movement and stability.<\/p>\n<p>On one of its sides, it has an additional additional pocket to wear a ball of balls or small accessories. This bullpadel vertex backpack is not only the perfect complement to the Bullpadel Vertex 04 shovel, but also stands out for its style, resistance and practicality, making it an essential accessory for any paddle player.<\/p>\n<h2>Mochila Bullpadel BPM25007 Negro<\/h2>\n","protected":false},"excerpt":{"rendered":"<p>Bullpadel Backpack VERTEX BPM25007 in black color, with compartment with ventilation for footwear and space with thermmo reinforced with capacity for two blades. Comfortable and safe transport thanks to its adjustable straps.<\/p>\n","protected":false},"featured_media":124817,"comment_status":"open","ping_status":"closed","template":"","meta":{"_acf_changed":false,"_joinchat":[]},"acabado":[],"balance":[],"dureza":[],"forma":[],"jugador":[],"marca":[1258],"nivel-de-juego":[],"superficie":[],"tipo-de-juego":[],"product_brand":[],"product_cat":[322],"product_tag":[],"class_list":{"0":"post-128446","1":"product","2":"type-product","3":"status-publish","4":"has-post-thumbnail","6":"marca-bullpadel-en","7":"product_cat-bags","9":"first","10":"outofstock","11":"sale","12":"taxable","13":"shipping-taxable","14":"purchasable","15":"product-type-simple"},"acf":[],"yoast_head":"<!-- This site is optimized with the Yoast SEO plugin v27.4 - https:\/\/yoast.com\/product\/yoast-seo-wordpress\/ -->\n<title>MOCHILA BULLPADEL BPM25007 VERTEX 005 NEGRO - Revolution Padel Store<\/title>\n<meta name=\"description\" content=\"La mochila t\u00e9cnica Bullpadel Vertex en color negro ha sido dise\u00f1ada espec\u00edficamente para satisfacer las necesidades de los jugadores m\u00e1s exigentes, ofreciendo funcionalidad, durabilidad y un dise\u00f1o innovador. Con un compartimento principal amplio, esta mochila deportiva para hombre permite transportar todo lo necesario para tus entrenamientos o partidos. Adem\u00e1s, incluye un compartimento con thermo reforzado, con capacidad de guardar y proteger hasta dos palas de p\u00e1del de los cambios bruscos de temperatura.\" \/>\n<meta name=\"robots\" content=\"index, follow, max-snippet:-1, max-image-preview:large, max-video-preview:-1\" \/>\n<link rel=\"canonical\" href=\"https:\/\/revolutionpadelstore.com\/en\/mochila-bullpadel-bpm25007-vertex-005-negro-2\/\" \/>\n<meta property=\"og:locale\" content=\"en_US\" \/>\n<meta property=\"og:type\" content=\"article\" \/>\n<meta property=\"og:title\" content=\"MOCHILA BULLPADEL BPM25007 VERTEX 005 NEGRO - Revolution Padel Store\" \/>\n<meta property=\"og:description\" content=\"La mochila t\u00e9cnica Bullpadel Vertex en color negro ha sido dise\u00f1ada espec\u00edficamente para satisfacer las necesidades de los jugadores m\u00e1s exigentes, ofreciendo funcionalidad, durabilidad y un dise\u00f1o innovador. Con un compartimento principal amplio, esta mochila deportiva para hombre permite transportar todo lo necesario para tus entrenamientos o partidos. Adem\u00e1s, incluye un compartimento con thermo reforzado, con capacidad de guardar y proteger hasta dos palas de p\u00e1del de los cambios bruscos de temperatura.\" \/>\n<meta property=\"og:url\" content=\"https:\/\/revolutionpadelstore.com\/en\/mochila-bullpadel-bpm25007-vertex-005-negro-2\/\" \/>\n<meta property=\"og:site_name\" content=\"Revolution Padel Store\" \/>\n<meta property=\"article:modified_time\" content=\"2026-04-08T08:13:40+00:00\" \/>\n<meta property=\"og:image\" content=\"https:\/\/revolutionpadelstore.com\/wp-content\/uploads\/2024\/11\/113787-mochila-bullpadel-bpm25007-vertex-448165-1500x1500-1.webp\" \/>\n\t<meta property=\"og:image:width\" content=\"1500\" \/>\n\t<meta property=\"og:image:height\" content=\"1500\" \/>\n\t<meta property=\"og:image:type\" content=\"image\/webp\" \/>\n<meta name=\"twitter:card\" content=\"summary_large_image\" \/>\n<meta name=\"twitter:label1\" content=\"Est. reading time\" \/>\n\t<meta name=\"twitter:data1\" content=\"2 minutes\" \/>\n<script type=\"application\/ld+json\" class=\"yoast-schema-graph\">{\"@context\":\"https:\\\/\\\/schema.org\",\"@graph\":[{\"@type\":\"WebPage\",\"@id\":\"https:\\\/\\\/revolutionpadelstore.com\\\/en\\\/mochila-bullpadel-bpm25007-vertex-005-negro-2\\\/\",\"url\":\"https:\\\/\\\/revolutionpadelstore.com\\\/en\\\/mochila-bullpadel-bpm25007-vertex-005-negro-2\\\/\",\"name\":\"MOCHILA BULLPADEL BPM25007 VERTEX 005 NEGRO - Revolution Padel Store\",\"isPartOf\":{\"@id\":\"https:\\\/\\\/revolutionpadelstore.com\\\/en\\\/#website\"},\"primaryImageOfPage\":{\"@id\":\"https:\\\/\\\/revolutionpadelstore.com\\\/en\\\/mochila-bullpadel-bpm25007-vertex-005-negro-2\\\/#primaryimage\"},\"image\":{\"@id\":\"https:\\\/\\\/revolutionpadelstore.com\\\/en\\\/mochila-bullpadel-bpm25007-vertex-005-negro-2\\\/#primaryimage\"},\"thumbnailUrl\":\"https:\\\/\\\/revolutionpadelstore.com\\\/wp-content\\\/uploads\\\/2024\\\/11\\\/113787-mochila-bullpadel-bpm25007-vertex-448165-1500x1500-1.webp\",\"datePublished\":\"2024-11-21T09:17:02+00:00\",\"dateModified\":\"2026-04-08T08:13:40+00:00\",\"description\":\"La mochila t\u00e9cnica Bullpadel Vertex en color negro ha sido dise\u00f1ada espec\u00edficamente para satisfacer las necesidades de los jugadores m\u00e1s exigentes, ofreciendo funcionalidad, durabilidad y un dise\u00f1o innovador. Con un compartimento principal amplio, esta mochila deportiva para hombre permite transportar todo lo necesario para tus entrenamientos o partidos. Adem\u00e1s, incluye un compartimento con thermo reforzado, con capacidad de guardar y proteger hasta dos palas de p\u00e1del de los cambios bruscos de temperatura.\",\"breadcrumb\":{\"@id\":\"https:\\\/\\\/revolutionpadelstore.com\\\/en\\\/mochila-bullpadel-bpm25007-vertex-005-negro-2\\\/#breadcrumb\"},\"inLanguage\":\"en-US\",\"potentialAction\":[{\"@type\":\"ReadAction\",\"target\":[\"https:\\\/\\\/revolutionpadelstore.com\\\/en\\\/mochila-bullpadel-bpm25007-vertex-005-negro-2\\\/\"]}]},{\"@type\":\"ImageObject\",\"inLanguage\":\"en-US\",\"@id\":\"https:\\\/\\\/revolutionpadelstore.com\\\/en\\\/mochila-bullpadel-bpm25007-vertex-005-negro-2\\\/#primaryimage\",\"url\":\"https:\\\/\\\/revolutionpadelstore.com\\\/wp-content\\\/uploads\\\/2024\\\/11\\\/113787-mochila-bullpadel-bpm25007-vertex-448165-1500x1500-1.webp\",\"contentUrl\":\"https:\\\/\\\/revolutionpadelstore.com\\\/wp-content\\\/uploads\\\/2024\\\/11\\\/113787-mochila-bullpadel-bpm25007-vertex-448165-1500x1500-1.webp\",\"width\":1500,\"height\":1500},{\"@type\":\"BreadcrumbList\",\"@id\":\"https:\\\/\\\/revolutionpadelstore.com\\\/en\\\/mochila-bullpadel-bpm25007-vertex-005-negro-2\\\/#breadcrumb\",\"itemListElement\":[{\"@type\":\"ListItem\",\"position\":1,\"name\":\"Portada\",\"item\":\"https:\\\/\\\/revolutionpadelstore.com\\\/en\\\/\"},{\"@type\":\"ListItem\",\"position\":2,\"name\":\"Shop\",\"item\":\"https:\\\/\\\/revolutionpadelstore.com\\\/en\\\/shop\\\/\"},{\"@type\":\"ListItem\",\"position\":3,\"name\":\"MOCHILA BULLPADEL BPM25007 VERTEX 005 NEGRO\"}]},{\"@type\":\"WebSite\",\"@id\":\"https:\\\/\\\/revolutionpadelstore.com\\\/en\\\/#website\",\"url\":\"https:\\\/\\\/revolutionpadelstore.com\\\/en\\\/\",\"name\":\"Revolution Padel Store\",\"description\":\"\",\"publisher\":{\"@id\":\"https:\\\/\\\/revolutionpadelstore.com\\\/en\\\/#organization\"},\"potentialAction\":[{\"@type\":\"SearchAction\",\"target\":{\"@type\":\"EntryPoint\",\"urlTemplate\":\"https:\\\/\\\/revolutionpadelstore.com\\\/en\\\/?s={search_term_string}\"},\"query-input\":{\"@type\":\"PropertyValueSpecification\",\"valueRequired\":true,\"valueName\":\"search_term_string\"}}],\"inLanguage\":\"en-US\"},{\"@type\":\"Organization\",\"@id\":\"https:\\\/\\\/revolutionpadelstore.com\\\/en\\\/#organization\",\"name\":\"Revolution Padel Store\",\"url\":\"https:\\\/\\\/revolutionpadelstore.com\\\/en\\\/\",\"logo\":{\"@type\":\"ImageObject\",\"inLanguage\":\"en-US\",\"@id\":\"https:\\\/\\\/revolutionpadelstore.com\\\/en\\\/#\\\/schema\\\/logo\\\/image\\\/\",\"url\":\"https:\\\/\\\/revolutionpadelstore.com\\\/wp-content\\\/uploads\\\/2026\\\/02\\\/revolution-padel-store.jpg\",\"contentUrl\":\"https:\\\/\\\/revolutionpadelstore.com\\\/wp-content\\\/uploads\\\/2026\\\/02\\\/revolution-padel-store.jpg\",\"width\":2000,\"height\":2000,\"caption\":\"Revolution Padel Store\"},\"image\":{\"@id\":\"https:\\\/\\\/revolutionpadelstore.com\\\/en\\\/#\\\/schema\\\/logo\\\/image\\\/\"},\"sameAs\":[\"https:\\\/\\\/www.instagram.com\\\/revolutionpadelstore\\\/\"]}]}<\/script>\n<!-- \/ Yoast SEO plugin. -->","yoast_head_json":{"title":"MOCHILA BULLPADEL BPM25007 VERTEX 005 NEGRO - Revolution Padel Store","description":"La mochila t\u00e9cnica Bullpadel Vertex en color negro ha sido dise\u00f1ada espec\u00edficamente para satisfacer las necesidades de los jugadores m\u00e1s exigentes, ofreciendo funcionalidad, durabilidad y un dise\u00f1o innovador. Con un compartimento principal amplio, esta mochila deportiva para hombre permite transportar todo lo necesario para tus entrenamientos o partidos. Adem\u00e1s, incluye un compartimento con thermo reforzado, con capacidad de guardar y proteger hasta dos palas de p\u00e1del de los cambios bruscos de temperatura.","robots":{"index":"index","follow":"follow","max-snippet":"max-snippet:-1","max-image-preview":"max-image-preview:large","max-video-preview":"max-video-preview:-1"},"canonical":"https:\/\/revolutionpadelstore.com\/en\/mochila-bullpadel-bpm25007-vertex-005-negro-2\/","og_locale":"en_US","og_type":"article","og_title":"MOCHILA BULLPADEL BPM25007 VERTEX 005 NEGRO - Revolution Padel Store","og_description":"La mochila t\u00e9cnica Bullpadel Vertex en color negro ha sido dise\u00f1ada espec\u00edficamente para satisfacer las necesidades de los jugadores m\u00e1s exigentes, ofreciendo funcionalidad, durabilidad y un dise\u00f1o innovador. Con un compartimento principal amplio, esta mochila deportiva para hombre permite transportar todo lo necesario para tus entrenamientos o partidos. Adem\u00e1s, incluye un compartimento con thermo reforzado, con capacidad de guardar y proteger hasta dos palas de p\u00e1del de los cambios bruscos de temperatura.","og_url":"https:\/\/revolutionpadelstore.com\/en\/mochila-bullpadel-bpm25007-vertex-005-negro-2\/","og_site_name":"Revolution Padel Store","article_modified_time":"2026-04-08T08:13:40+00:00","og_image":[{"width":1500,"height":1500,"url":"https:\/\/revolutionpadelstore.com\/wp-content\/uploads\/2024\/11\/113787-mochila-bullpadel-bpm25007-vertex-448165-1500x1500-1.webp","type":"image\/webp"}],"twitter_card":"summary_large_image","twitter_misc":{"Est. reading time":"2 minutes"},"schema":{"@context":"https:\/\/schema.org","@graph":[{"@type":"WebPage","@id":"https:\/\/revolutionpadelstore.com\/en\/mochila-bullpadel-bpm25007-vertex-005-negro-2\/","url":"https:\/\/revolutionpadelstore.com\/en\/mochila-bullpadel-bpm25007-vertex-005-negro-2\/","name":"MOCHILA BULLPADEL BPM25007 VERTEX 005 NEGRO - Revolution Padel Store","isPartOf":{"@id":"https:\/\/revolutionpadelstore.com\/en\/#website"},"primaryImageOfPage":{"@id":"https:\/\/revolutionpadelstore.com\/en\/mochila-bullpadel-bpm25007-vertex-005-negro-2\/#primaryimage"},"image":{"@id":"https:\/\/revolutionpadelstore.com\/en\/mochila-bullpadel-bpm25007-vertex-005-negro-2\/#primaryimage"},"thumbnailUrl":"https:\/\/revolutionpadelstore.com\/wp-content\/uploads\/2024\/11\/113787-mochila-bullpadel-bpm25007-vertex-448165-1500x1500-1.webp","datePublished":"2024-11-21T09:17:02+00:00","dateModified":"2026-04-08T08:13:40+00:00","description":"La mochila t\u00e9cnica Bullpadel Vertex en color negro ha sido dise\u00f1ada espec\u00edficamente para satisfacer las necesidades de los jugadores m\u00e1s exigentes, ofreciendo funcionalidad, durabilidad y un dise\u00f1o innovador. Con un compartimento principal amplio, esta mochila deportiva para hombre permite transportar todo lo necesario para tus entrenamientos o partidos. Adem\u00e1s, incluye un compartimento con thermo reforzado, con capacidad de guardar y proteger hasta dos palas de p\u00e1del de los cambios bruscos de temperatura.","breadcrumb":{"@id":"https:\/\/revolutionpadelstore.com\/en\/mochila-bullpadel-bpm25007-vertex-005-negro-2\/#breadcrumb"},"inLanguage":"en-US","potentialAction":[{"@type":"ReadAction","target":["https:\/\/revolutionpadelstore.com\/en\/mochila-bullpadel-bpm25007-vertex-005-negro-2\/"]}]},{"@type":"ImageObject","inLanguage":"en-US","@id":"https:\/\/revolutionpadelstore.com\/en\/mochila-bullpadel-bpm25007-vertex-005-negro-2\/#primaryimage","url":"https:\/\/revolutionpadelstore.com\/wp-content\/uploads\/2024\/11\/113787-mochila-bullpadel-bpm25007-vertex-448165-1500x1500-1.webp","contentUrl":"https:\/\/revolutionpadelstore.com\/wp-content\/uploads\/2024\/11\/113787-mochila-bullpadel-bpm25007-vertex-448165-1500x1500-1.webp","width":1500,"height":1500},{"@type":"BreadcrumbList","@id":"https:\/\/revolutionpadelstore.com\/en\/mochila-bullpadel-bpm25007-vertex-005-negro-2\/#breadcrumb","itemListElement":[{"@type":"ListItem","position":1,"name":"Portada","item":"https:\/\/revolutionpadelstore.com\/en\/"},{"@type":"ListItem","position":2,"name":"Shop","item":"https:\/\/revolutionpadelstore.com\/en\/shop\/"},{"@type":"ListItem","position":3,"name":"MOCHILA BULLPADEL BPM25007 VERTEX 005 NEGRO"}]},{"@type":"WebSite","@id":"https:\/\/revolutionpadelstore.com\/en\/#website","url":"https:\/\/revolutionpadelstore.com\/en\/","name":"Revolution Padel Store","description":"","publisher":{"@id":"https:\/\/revolutionpadelstore.com\/en\/#organization"},"potentialAction":[{"@type":"SearchAction","target":{"@type":"EntryPoint","urlTemplate":"https:\/\/revolutionpadelstore.com\/en\/?s={search_term_string}"},"query-input":{"@type":"PropertyValueSpecification","valueRequired":true,"valueName":"search_term_string"}}],"inLanguage":"en-US"},{"@type":"Organization","@id":"https:\/\/revolutionpadelstore.com\/en\/#organization","name":"Revolution Padel Store","url":"https:\/\/revolutionpadelstore.com\/en\/","logo":{"@type":"ImageObject","inLanguage":"en-US","@id":"https:\/\/revolutionpadelstore.com\/en\/#\/schema\/logo\/image\/","url":"https:\/\/revolutionpadelstore.com\/wp-content\/uploads\/2026\/02\/revolution-padel-store.jpg","contentUrl":"https:\/\/revolutionpadelstore.com\/wp-content\/uploads\/2026\/02\/revolution-padel-store.jpg","width":2000,"height":2000,"caption":"Revolution Padel Store"},"image":{"@id":"https:\/\/revolutionpadelstore.com\/en\/#\/schema\/logo\/image\/"},"sameAs":["https:\/\/www.instagram.com\/revolutionpadelstore\/"]}]}},"_links":{"self":[{"href":"https:\/\/revolutionpadelstore.com\/en\/wp-json\/wp\/v2\/product\/128446","targetHints":{"allow":["GET"]}}],"collection":[{"href":"https:\/\/revolutionpadelstore.com\/en\/wp-json\/wp\/v2\/product"}],"about":[{"href":"https:\/\/revolutionpadelstore.com\/en\/wp-json\/wp\/v2\/types\/product"}],"replies":[{"embeddable":true,"href":"https:\/\/revolutionpadelstore.com\/en\/wp-json\/wp\/v2\/comments?post=128446"}],"wp:featuredmedia":[{"embeddable":true,"href":"https:\/\/revolutionpadelstore.com\/en\/wp-json\/wp\/v2\/media\/124817"}],"wp:attachment":[{"href":"https:\/\/revolutionpadelstore.com\/en\/wp-json\/wp\/v2\/media?parent=128446"}],"wp:term":[{"taxonomy":"acabado","embeddable":true,"href":"https:\/\/revolutionpadelstore.com\/en\/wp-json\/wp\/v2\/acabado?post=128446"},{"taxonomy":"balance","embeddable":true,"href":"https:\/\/revolutionpadelstore.com\/en\/wp-json\/wp\/v2\/balance?post=128446"},{"taxonomy":"dureza","embeddable":true,"href":"https:\/\/revolutionpadelstore.com\/en\/wp-json\/wp\/v2\/dureza?post=128446"},{"taxonomy":"forma","embeddable":true,"href":"https:\/\/revolutionpadelstore.com\/en\/wp-json\/wp\/v2\/forma?post=128446"},{"taxonomy":"jugador","embeddable":true,"href":"https:\/\/revolutionpadelstore.com\/en\/wp-json\/wp\/v2\/jugador?post=128446"},{"taxonomy":"marca","embeddable":true,"href":"https:\/\/revolutionpadelstore.com\/en\/wp-json\/wp\/v2\/marca?post=128446"},{"taxonomy":"nivel-de-juego","embeddable":true,"href":"https:\/\/revolutionpadelstore.com\/en\/wp-json\/wp\/v2\/nivel-de-juego?post=128446"},{"taxonomy":"superficie","embeddable":true,"href":"https:\/\/revolutionpadelstore.com\/en\/wp-json\/wp\/v2\/superficie?post=128446"},{"taxonomy":"tipo-de-juego","embeddable":true,"href":"https:\/\/revolutionpadelstore.com\/en\/wp-json\/wp\/v2\/tipo-de-juego?post=128446"},{"taxonomy":"product_brand","embeddable":true,"href":"https:\/\/revolutionpadelstore.com\/en\/wp-json\/wp\/v2\/product_brand?post=128446"},{"taxonomy":"product_cat","embeddable":true,"href":"https:\/\/revolutionpadelstore.com\/en\/wp-json\/wp\/v2\/product_cat?post=128446"},{"taxonomy":"product_tag","embeddable":true,"href":"https:\/\/revolutionpadelstore.com\/en\/wp-json\/wp\/v2\/product_tag?post=128446"}],"curies":[{"name":"wp","href":"https:\/\/api.w.org\/{rel}","templated":true}]}}