{"id":127414,"date":"2024-11-21T10:10:26","date_gmt":"2024-11-21T09:10:26","guid":{"rendered":"https:\/\/revolutionpadelstore.com\/paletero-bullpadel-bpp25021-pearl-blanco-mujer\/"},"modified":"2026-04-01T06:56:08","modified_gmt":"2026-04-01T04:56:08","slug":"paletero-bullpadel-bpp25021-pearl-blanco-mujer-2","status":"publish","type":"product","link":"https:\/\/revolutionpadelstore.com\/en\/paletero-bullpadel-bpp25021-pearl-blanco-mujer-2\/","title":{"rendered":"PALETERO BULLPADEL BPP25021 PEARL BLANCO MUJER"},"content":{"rendered":"<h2> Paletero Bullpadel BPP25021 Pearl White Women <\/ h2><br \/>\nThe Bullpadel Pearl paletero in white has been created in collaboration with the player Bea Gonz\u00e1lez, combining high quality, functionality and durability. This model is light but spacious, offering a practical solution to transport everything you need for your training and paddle training.<\/p>\n<p>Made of 1680D polyester fabric, it stands out for its resistance and longevity. Its dimensions of 60x30x40 cm make it a compact accessory and with sufficient capacity to organize and protect your equipment. Its wide main compartment is designed to store clothes, towels and other accessories in an orderly manner. In addition, it has two compartments with thermmo technology, capable of hosting up to four blades, ensuring maximum protection against temperature changes.<\/p>\n<p>Designed for comfortable and efficient transport, it includes an ventilated and separate compartment to store dirty shoes or clothing, keeping the rest of your equipment clean and free of bad odors. It also has a practical side pocket for rapid access to essential elements such as a bottle of water or a ball boat. With the firm of Bea Gonz\u00e1lez, the Bullpadel Pearl paletero for women not only offers you great functionality, but also a touch of distinction both on and off the track.<\/p>\n<h2>Paletero Bullpadel BPP25021 Pearl Blanco Mujer<\/h2>\n","protected":false},"excerpt":{"rendered":"<p>Paletero Bullpadel BPP25021 Pearl White Woman, perfect for keeping your entire sports team in an organized, clean and safe way. Capacity for 4 shovels in its two Thermo compartments. Ventilated space for footwear.<\/p>\n","protected":false},"featured_media":124786,"comment_status":"open","ping_status":"closed","template":"","meta":{"_acf_changed":false,"_joinchat":[]},"acabado":[],"balance":[],"dureza":[],"forma":[],"jugador":[],"marca":[1258],"nivel-de-juego":[],"superficie":[],"tipo-de-juego":[],"product_brand":[],"product_cat":[322],"product_tag":[],"class_list":{"0":"post-127414","1":"product","2":"type-product","3":"status-publish","4":"has-post-thumbnail","6":"marca-bullpadel-en","7":"product_cat-bags","9":"first","10":"outofstock","11":"sale","12":"taxable","13":"shipping-taxable","14":"purchasable","15":"product-type-simple"},"acf":[],"yoast_head":"<!-- This site is optimized with the Yoast SEO plugin v27.3 - https:\/\/yoast.com\/product\/yoast-seo-wordpress\/ -->\n<title>PALETERO BULLPADEL BPP25021 PEARL BLANCO MUJER - Revolution Padel Store<\/title>\n<meta name=\"description\" content=\"El paletero Bullpadel Pearl en color blanco ha sido dise\u00f1ado en colaboraci\u00f3n con la jugadora Bea Gonz\u00e1lez, por lo que es un modelo de gran calidad, funcionalidad y durabilidad que combina ligereza y capacidad, ofreciendo una soluci\u00f3n pr\u00e1ctica para transportar todo lo necesario para triunfar en tus partidos o entrenamientos de p\u00e1del\" \/>\n<meta name=\"robots\" content=\"index, follow, max-snippet:-1, max-image-preview:large, max-video-preview:-1\" \/>\n<link rel=\"canonical\" href=\"https:\/\/revolutionpadelstore.com\/en\/paletero-bullpadel-bpp25021-pearl-blanco-mujer-2\/\" \/>\n<meta property=\"og:locale\" content=\"en_US\" \/>\n<meta property=\"og:type\" content=\"article\" \/>\n<meta property=\"og:title\" content=\"PALETERO BULLPADEL BPP25021 PEARL BLANCO MUJER - Revolution Padel Store\" \/>\n<meta property=\"og:description\" content=\"El paletero Bullpadel Pearl en color blanco ha sido dise\u00f1ado en colaboraci\u00f3n con la jugadora Bea Gonz\u00e1lez, por lo que es un modelo de gran calidad, funcionalidad y durabilidad que combina ligereza y capacidad, ofreciendo una soluci\u00f3n pr\u00e1ctica para transportar todo lo necesario para triunfar en tus partidos o entrenamientos de p\u00e1del\" \/>\n<meta property=\"og:url\" content=\"https:\/\/revolutionpadelstore.com\/en\/paletero-bullpadel-bpp25021-pearl-blanco-mujer-2\/\" \/>\n<meta property=\"og:site_name\" content=\"Revolution Padel Store\" \/>\n<meta property=\"article:modified_time\" content=\"2026-04-01T04:56:08+00:00\" \/>\n<meta property=\"og:image\" content=\"https:\/\/revolutionpadelstore.com\/wp-content\/uploads\/2024\/11\/113821-paletero-bullpadel-bpp25021-pearl-474976-mujer-1500x1500-1.webp\" \/>\n\t<meta property=\"og:image:width\" content=\"1500\" \/>\n\t<meta property=\"og:image:height\" content=\"1500\" \/>\n\t<meta property=\"og:image:type\" content=\"image\/webp\" \/>\n<meta name=\"twitter:card\" content=\"summary_large_image\" \/>\n<meta name=\"twitter:label1\" content=\"Est. reading time\" \/>\n\t<meta name=\"twitter:data1\" content=\"1 minute\" \/>\n<script type=\"application\/ld+json\" class=\"yoast-schema-graph\">{\"@context\":\"https:\\\/\\\/schema.org\",\"@graph\":[{\"@type\":\"WebPage\",\"@id\":\"https:\\\/\\\/revolutionpadelstore.com\\\/en\\\/paletero-bullpadel-bpp25021-pearl-blanco-mujer-2\\\/\",\"url\":\"https:\\\/\\\/revolutionpadelstore.com\\\/en\\\/paletero-bullpadel-bpp25021-pearl-blanco-mujer-2\\\/\",\"name\":\"PALETERO BULLPADEL BPP25021 PEARL BLANCO MUJER - Revolution Padel Store\",\"isPartOf\":{\"@id\":\"https:\\\/\\\/revolutionpadelstore.com\\\/en\\\/#website\"},\"primaryImageOfPage\":{\"@id\":\"https:\\\/\\\/revolutionpadelstore.com\\\/en\\\/paletero-bullpadel-bpp25021-pearl-blanco-mujer-2\\\/#primaryimage\"},\"image\":{\"@id\":\"https:\\\/\\\/revolutionpadelstore.com\\\/en\\\/paletero-bullpadel-bpp25021-pearl-blanco-mujer-2\\\/#primaryimage\"},\"thumbnailUrl\":\"https:\\\/\\\/revolutionpadelstore.com\\\/wp-content\\\/uploads\\\/2024\\\/11\\\/113821-paletero-bullpadel-bpp25021-pearl-474976-mujer-1500x1500-1.webp\",\"datePublished\":\"2024-11-21T09:10:26+00:00\",\"dateModified\":\"2026-04-01T04:56:08+00:00\",\"description\":\"El paletero Bullpadel Pearl en color blanco ha sido dise\u00f1ado en colaboraci\u00f3n con la jugadora Bea Gonz\u00e1lez, por lo que es un modelo de gran calidad, funcionalidad y durabilidad que combina ligereza y capacidad, ofreciendo una soluci\u00f3n pr\u00e1ctica para transportar todo lo necesario para triunfar en tus partidos o entrenamientos de p\u00e1del\",\"breadcrumb\":{\"@id\":\"https:\\\/\\\/revolutionpadelstore.com\\\/en\\\/paletero-bullpadel-bpp25021-pearl-blanco-mujer-2\\\/#breadcrumb\"},\"inLanguage\":\"en-US\",\"potentialAction\":[{\"@type\":\"ReadAction\",\"target\":[\"https:\\\/\\\/revolutionpadelstore.com\\\/en\\\/paletero-bullpadel-bpp25021-pearl-blanco-mujer-2\\\/\"]}]},{\"@type\":\"ImageObject\",\"inLanguage\":\"en-US\",\"@id\":\"https:\\\/\\\/revolutionpadelstore.com\\\/en\\\/paletero-bullpadel-bpp25021-pearl-blanco-mujer-2\\\/#primaryimage\",\"url\":\"https:\\\/\\\/revolutionpadelstore.com\\\/wp-content\\\/uploads\\\/2024\\\/11\\\/113821-paletero-bullpadel-bpp25021-pearl-474976-mujer-1500x1500-1.webp\",\"contentUrl\":\"https:\\\/\\\/revolutionpadelstore.com\\\/wp-content\\\/uploads\\\/2024\\\/11\\\/113821-paletero-bullpadel-bpp25021-pearl-474976-mujer-1500x1500-1.webp\",\"width\":1500,\"height\":1500},{\"@type\":\"BreadcrumbList\",\"@id\":\"https:\\\/\\\/revolutionpadelstore.com\\\/en\\\/paletero-bullpadel-bpp25021-pearl-blanco-mujer-2\\\/#breadcrumb\",\"itemListElement\":[{\"@type\":\"ListItem\",\"position\":1,\"name\":\"Portada\",\"item\":\"https:\\\/\\\/revolutionpadelstore.com\\\/en\\\/\"},{\"@type\":\"ListItem\",\"position\":2,\"name\":\"Shop\",\"item\":\"https:\\\/\\\/revolutionpadelstore.com\\\/en\\\/shop\\\/\"},{\"@type\":\"ListItem\",\"position\":3,\"name\":\"PALETERO BULLPADEL BPP25021 PEARL BLANCO MUJER\"}]},{\"@type\":\"WebSite\",\"@id\":\"https:\\\/\\\/revolutionpadelstore.com\\\/en\\\/#website\",\"url\":\"https:\\\/\\\/revolutionpadelstore.com\\\/en\\\/\",\"name\":\"Revolution Padel Store\",\"description\":\"\",\"publisher\":{\"@id\":\"https:\\\/\\\/revolutionpadelstore.com\\\/en\\\/#organization\"},\"potentialAction\":[{\"@type\":\"SearchAction\",\"target\":{\"@type\":\"EntryPoint\",\"urlTemplate\":\"https:\\\/\\\/revolutionpadelstore.com\\\/en\\\/?s={search_term_string}\"},\"query-input\":{\"@type\":\"PropertyValueSpecification\",\"valueRequired\":true,\"valueName\":\"search_term_string\"}}],\"inLanguage\":\"en-US\"},{\"@type\":\"Organization\",\"@id\":\"https:\\\/\\\/revolutionpadelstore.com\\\/en\\\/#organization\",\"name\":\"Revolution Padel Store\",\"url\":\"https:\\\/\\\/revolutionpadelstore.com\\\/en\\\/\",\"logo\":{\"@type\":\"ImageObject\",\"inLanguage\":\"en-US\",\"@id\":\"https:\\\/\\\/revolutionpadelstore.com\\\/en\\\/#\\\/schema\\\/logo\\\/image\\\/\",\"url\":\"https:\\\/\\\/revolutionpadelstore.com\\\/wp-content\\\/uploads\\\/2026\\\/02\\\/revolution-padel-store.jpg\",\"contentUrl\":\"https:\\\/\\\/revolutionpadelstore.com\\\/wp-content\\\/uploads\\\/2026\\\/02\\\/revolution-padel-store.jpg\",\"width\":2000,\"height\":2000,\"caption\":\"Revolution Padel Store\"},\"image\":{\"@id\":\"https:\\\/\\\/revolutionpadelstore.com\\\/en\\\/#\\\/schema\\\/logo\\\/image\\\/\"},\"sameAs\":[\"https:\\\/\\\/www.instagram.com\\\/revolutionpadelstore\\\/\"]}]}<\/script>\n<!-- \/ Yoast SEO plugin. -->","yoast_head_json":{"title":"PALETERO BULLPADEL BPP25021 PEARL BLANCO MUJER - Revolution Padel Store","description":"El paletero Bullpadel Pearl en color blanco ha sido dise\u00f1ado en colaboraci\u00f3n con la jugadora Bea Gonz\u00e1lez, por lo que es un modelo de gran calidad, funcionalidad y durabilidad que combina ligereza y capacidad, ofreciendo una soluci\u00f3n pr\u00e1ctica para transportar todo lo necesario para triunfar en tus partidos o entrenamientos de p\u00e1del","robots":{"index":"index","follow":"follow","max-snippet":"max-snippet:-1","max-image-preview":"max-image-preview:large","max-video-preview":"max-video-preview:-1"},"canonical":"https:\/\/revolutionpadelstore.com\/en\/paletero-bullpadel-bpp25021-pearl-blanco-mujer-2\/","og_locale":"en_US","og_type":"article","og_title":"PALETERO BULLPADEL BPP25021 PEARL BLANCO MUJER - Revolution Padel Store","og_description":"El paletero Bullpadel Pearl en color blanco ha sido dise\u00f1ado en colaboraci\u00f3n con la jugadora Bea Gonz\u00e1lez, por lo que es un modelo de gran calidad, funcionalidad y durabilidad que combina ligereza y capacidad, ofreciendo una soluci\u00f3n pr\u00e1ctica para transportar todo lo necesario para triunfar en tus partidos o entrenamientos de p\u00e1del","og_url":"https:\/\/revolutionpadelstore.com\/en\/paletero-bullpadel-bpp25021-pearl-blanco-mujer-2\/","og_site_name":"Revolution Padel Store","article_modified_time":"2026-04-01T04:56:08+00:00","og_image":[{"width":1500,"height":1500,"url":"https:\/\/revolutionpadelstore.com\/wp-content\/uploads\/2024\/11\/113821-paletero-bullpadel-bpp25021-pearl-474976-mujer-1500x1500-1.webp","type":"image\/webp"}],"twitter_card":"summary_large_image","twitter_misc":{"Est. reading time":"1 minute"},"schema":{"@context":"https:\/\/schema.org","@graph":[{"@type":"WebPage","@id":"https:\/\/revolutionpadelstore.com\/en\/paletero-bullpadel-bpp25021-pearl-blanco-mujer-2\/","url":"https:\/\/revolutionpadelstore.com\/en\/paletero-bullpadel-bpp25021-pearl-blanco-mujer-2\/","name":"PALETERO BULLPADEL BPP25021 PEARL BLANCO MUJER - Revolution Padel Store","isPartOf":{"@id":"https:\/\/revolutionpadelstore.com\/en\/#website"},"primaryImageOfPage":{"@id":"https:\/\/revolutionpadelstore.com\/en\/paletero-bullpadel-bpp25021-pearl-blanco-mujer-2\/#primaryimage"},"image":{"@id":"https:\/\/revolutionpadelstore.com\/en\/paletero-bullpadel-bpp25021-pearl-blanco-mujer-2\/#primaryimage"},"thumbnailUrl":"https:\/\/revolutionpadelstore.com\/wp-content\/uploads\/2024\/11\/113821-paletero-bullpadel-bpp25021-pearl-474976-mujer-1500x1500-1.webp","datePublished":"2024-11-21T09:10:26+00:00","dateModified":"2026-04-01T04:56:08+00:00","description":"El paletero Bullpadel Pearl en color blanco ha sido dise\u00f1ado en colaboraci\u00f3n con la jugadora Bea Gonz\u00e1lez, por lo que es un modelo de gran calidad, funcionalidad y durabilidad que combina ligereza y capacidad, ofreciendo una soluci\u00f3n pr\u00e1ctica para transportar todo lo necesario para triunfar en tus partidos o entrenamientos de p\u00e1del","breadcrumb":{"@id":"https:\/\/revolutionpadelstore.com\/en\/paletero-bullpadel-bpp25021-pearl-blanco-mujer-2\/#breadcrumb"},"inLanguage":"en-US","potentialAction":[{"@type":"ReadAction","target":["https:\/\/revolutionpadelstore.com\/en\/paletero-bullpadel-bpp25021-pearl-blanco-mujer-2\/"]}]},{"@type":"ImageObject","inLanguage":"en-US","@id":"https:\/\/revolutionpadelstore.com\/en\/paletero-bullpadel-bpp25021-pearl-blanco-mujer-2\/#primaryimage","url":"https:\/\/revolutionpadelstore.com\/wp-content\/uploads\/2024\/11\/113821-paletero-bullpadel-bpp25021-pearl-474976-mujer-1500x1500-1.webp","contentUrl":"https:\/\/revolutionpadelstore.com\/wp-content\/uploads\/2024\/11\/113821-paletero-bullpadel-bpp25021-pearl-474976-mujer-1500x1500-1.webp","width":1500,"height":1500},{"@type":"BreadcrumbList","@id":"https:\/\/revolutionpadelstore.com\/en\/paletero-bullpadel-bpp25021-pearl-blanco-mujer-2\/#breadcrumb","itemListElement":[{"@type":"ListItem","position":1,"name":"Portada","item":"https:\/\/revolutionpadelstore.com\/en\/"},{"@type":"ListItem","position":2,"name":"Shop","item":"https:\/\/revolutionpadelstore.com\/en\/shop\/"},{"@type":"ListItem","position":3,"name":"PALETERO BULLPADEL BPP25021 PEARL BLANCO MUJER"}]},{"@type":"WebSite","@id":"https:\/\/revolutionpadelstore.com\/en\/#website","url":"https:\/\/revolutionpadelstore.com\/en\/","name":"Revolution Padel Store","description":"","publisher":{"@id":"https:\/\/revolutionpadelstore.com\/en\/#organization"},"potentialAction":[{"@type":"SearchAction","target":{"@type":"EntryPoint","urlTemplate":"https:\/\/revolutionpadelstore.com\/en\/?s={search_term_string}"},"query-input":{"@type":"PropertyValueSpecification","valueRequired":true,"valueName":"search_term_string"}}],"inLanguage":"en-US"},{"@type":"Organization","@id":"https:\/\/revolutionpadelstore.com\/en\/#organization","name":"Revolution Padel Store","url":"https:\/\/revolutionpadelstore.com\/en\/","logo":{"@type":"ImageObject","inLanguage":"en-US","@id":"https:\/\/revolutionpadelstore.com\/en\/#\/schema\/logo\/image\/","url":"https:\/\/revolutionpadelstore.com\/wp-content\/uploads\/2026\/02\/revolution-padel-store.jpg","contentUrl":"https:\/\/revolutionpadelstore.com\/wp-content\/uploads\/2026\/02\/revolution-padel-store.jpg","width":2000,"height":2000,"caption":"Revolution Padel Store"},"image":{"@id":"https:\/\/revolutionpadelstore.com\/en\/#\/schema\/logo\/image\/"},"sameAs":["https:\/\/www.instagram.com\/revolutionpadelstore\/"]}]}},"_links":{"self":[{"href":"https:\/\/revolutionpadelstore.com\/en\/wp-json\/wp\/v2\/product\/127414","targetHints":{"allow":["GET"]}}],"collection":[{"href":"https:\/\/revolutionpadelstore.com\/en\/wp-json\/wp\/v2\/product"}],"about":[{"href":"https:\/\/revolutionpadelstore.com\/en\/wp-json\/wp\/v2\/types\/product"}],"replies":[{"embeddable":true,"href":"https:\/\/revolutionpadelstore.com\/en\/wp-json\/wp\/v2\/comments?post=127414"}],"wp:featuredmedia":[{"embeddable":true,"href":"https:\/\/revolutionpadelstore.com\/en\/wp-json\/wp\/v2\/media\/124786"}],"wp:attachment":[{"href":"https:\/\/revolutionpadelstore.com\/en\/wp-json\/wp\/v2\/media?parent=127414"}],"wp:term":[{"taxonomy":"acabado","embeddable":true,"href":"https:\/\/revolutionpadelstore.com\/en\/wp-json\/wp\/v2\/acabado?post=127414"},{"taxonomy":"balance","embeddable":true,"href":"https:\/\/revolutionpadelstore.com\/en\/wp-json\/wp\/v2\/balance?post=127414"},{"taxonomy":"dureza","embeddable":true,"href":"https:\/\/revolutionpadelstore.com\/en\/wp-json\/wp\/v2\/dureza?post=127414"},{"taxonomy":"forma","embeddable":true,"href":"https:\/\/revolutionpadelstore.com\/en\/wp-json\/wp\/v2\/forma?post=127414"},{"taxonomy":"jugador","embeddable":true,"href":"https:\/\/revolutionpadelstore.com\/en\/wp-json\/wp\/v2\/jugador?post=127414"},{"taxonomy":"marca","embeddable":true,"href":"https:\/\/revolutionpadelstore.com\/en\/wp-json\/wp\/v2\/marca?post=127414"},{"taxonomy":"nivel-de-juego","embeddable":true,"href":"https:\/\/revolutionpadelstore.com\/en\/wp-json\/wp\/v2\/nivel-de-juego?post=127414"},{"taxonomy":"superficie","embeddable":true,"href":"https:\/\/revolutionpadelstore.com\/en\/wp-json\/wp\/v2\/superficie?post=127414"},{"taxonomy":"tipo-de-juego","embeddable":true,"href":"https:\/\/revolutionpadelstore.com\/en\/wp-json\/wp\/v2\/tipo-de-juego?post=127414"},{"taxonomy":"product_brand","embeddable":true,"href":"https:\/\/revolutionpadelstore.com\/en\/wp-json\/wp\/v2\/product_brand?post=127414"},{"taxonomy":"product_cat","embeddable":true,"href":"https:\/\/revolutionpadelstore.com\/en\/wp-json\/wp\/v2\/product_cat?post=127414"},{"taxonomy":"product_tag","embeddable":true,"href":"https:\/\/revolutionpadelstore.com\/en\/wp-json\/wp\/v2\/product_tag?post=127414"}],"curies":[{"name":"wp","href":"https:\/\/api.w.org\/{rel}","templated":true}]}}