{"id":127333,"date":"2024-11-19T23:57:07","date_gmt":"2024-11-19T22:57:07","guid":{"rendered":"https:\/\/revolutionpadelstore.com\/paletero-bullpadel-bpp25020-neuron\/"},"modified":"2026-04-08T10:17:52","modified_gmt":"2026-04-08T08:17:52","slug":"paletero-bullpadel-bpp25020-neuron-2","status":"publish","type":"product","link":"https:\/\/revolutionpadelstore.com\/en\/paletero-bullpadel-bpp25020-neuron-2\/","title":{"rendered":"PALETERO BULLPADEL BPP25020 NEURON"},"content":{"rendered":"<p><H2> Paletero Bullpadel Neuron BPP25020 Black <\/ h2><br \/>\nThe Bullpadel Paletero Neuron BPP25020 in black color, created in collaboration with the player Fede Chingotto, is the perfect accessory to accompany the Bullpadel Neuron shovel. This model for men stands out for its lightness, functionality and exclusive design with the signature of the player, designed to meet the demands of the athletes most committed to their equipment.<\/p>\n<p>As for its capacity, it has a wide main compartment that allows you to efficiently organize clothing, towels or accessories. In addition, it has two compartments with thermos technology, ideal to store up to four paddle blades, protecting them from sudden temperature changes. It also includes an ventilated and separate space for dirty footwear or clothes, guaranteeing a correct organization and avoiding bad odors or moisture that affect the rest of your belongings.<br \/>\n<H3> Protection and ease of transport <\/ h3><br \/>\nOutside, the paletero has a practical side pocket with bellows, which provides an additional space to store fast access objects such as bottles, towels or balls. Made with high quality materials, this bullpadel paletero is resistant, durable and light, which makes it a comfortable option for your matches or training.<\/p>\n<p>Ideal for those looking for an accessory that combines performance, order and style, the Bullpadel Neuron paletero is the perfect choice to stand out on the track with the support of a professional design endorsed by Fede Chingotto.<\/p>\n<h2>Paletero Bullpadel Neuron BPP25020 Negro<\/h2>\n","protected":false},"excerpt":{"rendered":"<p>The Bullpadel Neuron paletero in black offers you an optimal combination of capacity, durability and ease of transport thanks to its thermo compartment and ventilated space for footwear. Created in collaboration with Chingotto.<\/p>\n","protected":false},"featured_media":115945,"comment_status":"open","ping_status":"closed","template":"","meta":{"_acf_changed":false,"_joinchat":[]},"acabado":[],"balance":[],"dureza":[],"forma":[],"jugador":[],"marca":[1258],"nivel-de-juego":[],"superficie":[],"tipo-de-juego":[],"product_brand":[],"product_cat":[322],"product_tag":[],"class_list":{"0":"post-127333","1":"product","2":"type-product","3":"status-publish","4":"has-post-thumbnail","6":"marca-bullpadel-en","7":"product_cat-bags","9":"first","10":"instock","11":"sale","12":"taxable","13":"shipping-taxable","14":"purchasable","15":"product-type-simple"},"acf":[],"yoast_head":"<!-- This site is optimized with the Yoast SEO plugin v27.4 - https:\/\/yoast.com\/product\/yoast-seo-wordpress\/ -->\n<title>PALETERO BULLPADEL BPP25020 NEURON - Revolution Padel Store<\/title>\n<meta name=\"description\" content=\"El paletero Neuron de Bullpadel en color negro, dise\u00f1ado en colaboraci\u00f3n con el jugador Fede Chingotto, es el complemento ideal para la pala Bullpadel Neuron. Este paletero para hombre combina ligereza, practicidad y un dise\u00f1o exclusivo con la firma del jugador, pensado para satisfacer las necesidades de los jugadores de p\u00e1del m\u00e1s exigentes con su equipamiento deportivo.\" \/>\n<meta name=\"robots\" content=\"index, follow, max-snippet:-1, max-image-preview:large, max-video-preview:-1\" \/>\n<link rel=\"canonical\" href=\"https:\/\/revolutionpadelstore.com\/en\/paletero-bullpadel-bpp25020-neuron-2\/\" \/>\n<meta property=\"og:locale\" content=\"en_US\" \/>\n<meta property=\"og:type\" content=\"article\" \/>\n<meta property=\"og:title\" content=\"PALETERO BULLPADEL BPP25020 NEURON - Revolution Padel Store\" \/>\n<meta property=\"og:description\" content=\"El paletero Neuron de Bullpadel en color negro, dise\u00f1ado en colaboraci\u00f3n con el jugador Fede Chingotto, es el complemento ideal para la pala Bullpadel Neuron. Este paletero para hombre combina ligereza, practicidad y un dise\u00f1o exclusivo con la firma del jugador, pensado para satisfacer las necesidades de los jugadores de p\u00e1del m\u00e1s exigentes con su equipamiento deportivo.\" \/>\n<meta property=\"og:url\" content=\"https:\/\/revolutionpadelstore.com\/en\/paletero-bullpadel-bpp25020-neuron-2\/\" \/>\n<meta property=\"og:site_name\" content=\"Revolution Padel Store\" \/>\n<meta property=\"article:modified_time\" content=\"2026-04-08T08:17:52+00:00\" \/>\n<meta property=\"og:image\" content=\"https:\/\/revolutionpadelstore.com\/wp-content\/uploads\/2024\/11\/113820-paletero-bullpadel-bpp25020-neuron-448148-1500x1500-1.webp\" \/>\n\t<meta property=\"og:image:width\" content=\"1500\" \/>\n\t<meta property=\"og:image:height\" content=\"1500\" \/>\n\t<meta property=\"og:image:type\" content=\"image\/webp\" \/>\n<meta name=\"twitter:card\" content=\"summary_large_image\" \/>\n<meta name=\"twitter:label1\" content=\"Est. reading time\" \/>\n\t<meta name=\"twitter:data1\" content=\"1 minute\" \/>\n<script type=\"application\/ld+json\" class=\"yoast-schema-graph\">{\"@context\":\"https:\\\/\\\/schema.org\",\"@graph\":[{\"@type\":\"WebPage\",\"@id\":\"https:\\\/\\\/revolutionpadelstore.com\\\/en\\\/paletero-bullpadel-bpp25020-neuron-2\\\/\",\"url\":\"https:\\\/\\\/revolutionpadelstore.com\\\/en\\\/paletero-bullpadel-bpp25020-neuron-2\\\/\",\"name\":\"PALETERO BULLPADEL BPP25020 NEURON - Revolution Padel Store\",\"isPartOf\":{\"@id\":\"https:\\\/\\\/revolutionpadelstore.com\\\/en\\\/#website\"},\"primaryImageOfPage\":{\"@id\":\"https:\\\/\\\/revolutionpadelstore.com\\\/en\\\/paletero-bullpadel-bpp25020-neuron-2\\\/#primaryimage\"},\"image\":{\"@id\":\"https:\\\/\\\/revolutionpadelstore.com\\\/en\\\/paletero-bullpadel-bpp25020-neuron-2\\\/#primaryimage\"},\"thumbnailUrl\":\"https:\\\/\\\/revolutionpadelstore.com\\\/wp-content\\\/uploads\\\/2024\\\/11\\\/113820-paletero-bullpadel-bpp25020-neuron-448148-1500x1500-1.webp\",\"datePublished\":\"2024-11-19T22:57:07+00:00\",\"dateModified\":\"2026-04-08T08:17:52+00:00\",\"description\":\"El paletero Neuron de Bullpadel en color negro, dise\u00f1ado en colaboraci\u00f3n con el jugador Fede Chingotto, es el complemento ideal para la pala Bullpadel Neuron. Este paletero para hombre combina ligereza, practicidad y un dise\u00f1o exclusivo con la firma del jugador, pensado para satisfacer las necesidades de los jugadores de p\u00e1del m\u00e1s exigentes con su equipamiento deportivo.\",\"breadcrumb\":{\"@id\":\"https:\\\/\\\/revolutionpadelstore.com\\\/en\\\/paletero-bullpadel-bpp25020-neuron-2\\\/#breadcrumb\"},\"inLanguage\":\"en-US\",\"potentialAction\":[{\"@type\":\"ReadAction\",\"target\":[\"https:\\\/\\\/revolutionpadelstore.com\\\/en\\\/paletero-bullpadel-bpp25020-neuron-2\\\/\"]}]},{\"@type\":\"ImageObject\",\"inLanguage\":\"en-US\",\"@id\":\"https:\\\/\\\/revolutionpadelstore.com\\\/en\\\/paletero-bullpadel-bpp25020-neuron-2\\\/#primaryimage\",\"url\":\"https:\\\/\\\/revolutionpadelstore.com\\\/wp-content\\\/uploads\\\/2024\\\/11\\\/113820-paletero-bullpadel-bpp25020-neuron-448148-1500x1500-1.webp\",\"contentUrl\":\"https:\\\/\\\/revolutionpadelstore.com\\\/wp-content\\\/uploads\\\/2024\\\/11\\\/113820-paletero-bullpadel-bpp25020-neuron-448148-1500x1500-1.webp\",\"width\":1500,\"height\":1500},{\"@type\":\"BreadcrumbList\",\"@id\":\"https:\\\/\\\/revolutionpadelstore.com\\\/en\\\/paletero-bullpadel-bpp25020-neuron-2\\\/#breadcrumb\",\"itemListElement\":[{\"@type\":\"ListItem\",\"position\":1,\"name\":\"Portada\",\"item\":\"https:\\\/\\\/revolutionpadelstore.com\\\/en\\\/\"},{\"@type\":\"ListItem\",\"position\":2,\"name\":\"Shop\",\"item\":\"https:\\\/\\\/revolutionpadelstore.com\\\/en\\\/shop\\\/\"},{\"@type\":\"ListItem\",\"position\":3,\"name\":\"PALETERO BULLPADEL BPP25020 NEURON\"}]},{\"@type\":\"WebSite\",\"@id\":\"https:\\\/\\\/revolutionpadelstore.com\\\/en\\\/#website\",\"url\":\"https:\\\/\\\/revolutionpadelstore.com\\\/en\\\/\",\"name\":\"Revolution Padel Store\",\"description\":\"\",\"publisher\":{\"@id\":\"https:\\\/\\\/revolutionpadelstore.com\\\/en\\\/#organization\"},\"potentialAction\":[{\"@type\":\"SearchAction\",\"target\":{\"@type\":\"EntryPoint\",\"urlTemplate\":\"https:\\\/\\\/revolutionpadelstore.com\\\/en\\\/?s={search_term_string}\"},\"query-input\":{\"@type\":\"PropertyValueSpecification\",\"valueRequired\":true,\"valueName\":\"search_term_string\"}}],\"inLanguage\":\"en-US\"},{\"@type\":\"Organization\",\"@id\":\"https:\\\/\\\/revolutionpadelstore.com\\\/en\\\/#organization\",\"name\":\"Revolution Padel Store\",\"url\":\"https:\\\/\\\/revolutionpadelstore.com\\\/en\\\/\",\"logo\":{\"@type\":\"ImageObject\",\"inLanguage\":\"en-US\",\"@id\":\"https:\\\/\\\/revolutionpadelstore.com\\\/en\\\/#\\\/schema\\\/logo\\\/image\\\/\",\"url\":\"https:\\\/\\\/revolutionpadelstore.com\\\/wp-content\\\/uploads\\\/2026\\\/02\\\/revolution-padel-store.jpg\",\"contentUrl\":\"https:\\\/\\\/revolutionpadelstore.com\\\/wp-content\\\/uploads\\\/2026\\\/02\\\/revolution-padel-store.jpg\",\"width\":2000,\"height\":2000,\"caption\":\"Revolution Padel Store\"},\"image\":{\"@id\":\"https:\\\/\\\/revolutionpadelstore.com\\\/en\\\/#\\\/schema\\\/logo\\\/image\\\/\"},\"sameAs\":[\"https:\\\/\\\/www.instagram.com\\\/revolutionpadelstore\\\/\"]}]}<\/script>\n<!-- \/ Yoast SEO plugin. -->","yoast_head_json":{"title":"PALETERO BULLPADEL BPP25020 NEURON - Revolution Padel Store","description":"El paletero Neuron de Bullpadel en color negro, dise\u00f1ado en colaboraci\u00f3n con el jugador Fede Chingotto, es el complemento ideal para la pala Bullpadel Neuron. Este paletero para hombre combina ligereza, practicidad y un dise\u00f1o exclusivo con la firma del jugador, pensado para satisfacer las necesidades de los jugadores de p\u00e1del m\u00e1s exigentes con su equipamiento deportivo.","robots":{"index":"index","follow":"follow","max-snippet":"max-snippet:-1","max-image-preview":"max-image-preview:large","max-video-preview":"max-video-preview:-1"},"canonical":"https:\/\/revolutionpadelstore.com\/en\/paletero-bullpadel-bpp25020-neuron-2\/","og_locale":"en_US","og_type":"article","og_title":"PALETERO BULLPADEL BPP25020 NEURON - Revolution Padel Store","og_description":"El paletero Neuron de Bullpadel en color negro, dise\u00f1ado en colaboraci\u00f3n con el jugador Fede Chingotto, es el complemento ideal para la pala Bullpadel Neuron. Este paletero para hombre combina ligereza, practicidad y un dise\u00f1o exclusivo con la firma del jugador, pensado para satisfacer las necesidades de los jugadores de p\u00e1del m\u00e1s exigentes con su equipamiento deportivo.","og_url":"https:\/\/revolutionpadelstore.com\/en\/paletero-bullpadel-bpp25020-neuron-2\/","og_site_name":"Revolution Padel Store","article_modified_time":"2026-04-08T08:17:52+00:00","og_image":[{"width":1500,"height":1500,"url":"https:\/\/revolutionpadelstore.com\/wp-content\/uploads\/2024\/11\/113820-paletero-bullpadel-bpp25020-neuron-448148-1500x1500-1.webp","type":"image\/webp"}],"twitter_card":"summary_large_image","twitter_misc":{"Est. reading time":"1 minute"},"schema":{"@context":"https:\/\/schema.org","@graph":[{"@type":"WebPage","@id":"https:\/\/revolutionpadelstore.com\/en\/paletero-bullpadel-bpp25020-neuron-2\/","url":"https:\/\/revolutionpadelstore.com\/en\/paletero-bullpadel-bpp25020-neuron-2\/","name":"PALETERO BULLPADEL BPP25020 NEURON - Revolution Padel Store","isPartOf":{"@id":"https:\/\/revolutionpadelstore.com\/en\/#website"},"primaryImageOfPage":{"@id":"https:\/\/revolutionpadelstore.com\/en\/paletero-bullpadel-bpp25020-neuron-2\/#primaryimage"},"image":{"@id":"https:\/\/revolutionpadelstore.com\/en\/paletero-bullpadel-bpp25020-neuron-2\/#primaryimage"},"thumbnailUrl":"https:\/\/revolutionpadelstore.com\/wp-content\/uploads\/2024\/11\/113820-paletero-bullpadel-bpp25020-neuron-448148-1500x1500-1.webp","datePublished":"2024-11-19T22:57:07+00:00","dateModified":"2026-04-08T08:17:52+00:00","description":"El paletero Neuron de Bullpadel en color negro, dise\u00f1ado en colaboraci\u00f3n con el jugador Fede Chingotto, es el complemento ideal para la pala Bullpadel Neuron. Este paletero para hombre combina ligereza, practicidad y un dise\u00f1o exclusivo con la firma del jugador, pensado para satisfacer las necesidades de los jugadores de p\u00e1del m\u00e1s exigentes con su equipamiento deportivo.","breadcrumb":{"@id":"https:\/\/revolutionpadelstore.com\/en\/paletero-bullpadel-bpp25020-neuron-2\/#breadcrumb"},"inLanguage":"en-US","potentialAction":[{"@type":"ReadAction","target":["https:\/\/revolutionpadelstore.com\/en\/paletero-bullpadel-bpp25020-neuron-2\/"]}]},{"@type":"ImageObject","inLanguage":"en-US","@id":"https:\/\/revolutionpadelstore.com\/en\/paletero-bullpadel-bpp25020-neuron-2\/#primaryimage","url":"https:\/\/revolutionpadelstore.com\/wp-content\/uploads\/2024\/11\/113820-paletero-bullpadel-bpp25020-neuron-448148-1500x1500-1.webp","contentUrl":"https:\/\/revolutionpadelstore.com\/wp-content\/uploads\/2024\/11\/113820-paletero-bullpadel-bpp25020-neuron-448148-1500x1500-1.webp","width":1500,"height":1500},{"@type":"BreadcrumbList","@id":"https:\/\/revolutionpadelstore.com\/en\/paletero-bullpadel-bpp25020-neuron-2\/#breadcrumb","itemListElement":[{"@type":"ListItem","position":1,"name":"Portada","item":"https:\/\/revolutionpadelstore.com\/en\/"},{"@type":"ListItem","position":2,"name":"Shop","item":"https:\/\/revolutionpadelstore.com\/en\/shop\/"},{"@type":"ListItem","position":3,"name":"PALETERO BULLPADEL BPP25020 NEURON"}]},{"@type":"WebSite","@id":"https:\/\/revolutionpadelstore.com\/en\/#website","url":"https:\/\/revolutionpadelstore.com\/en\/","name":"Revolution Padel Store","description":"","publisher":{"@id":"https:\/\/revolutionpadelstore.com\/en\/#organization"},"potentialAction":[{"@type":"SearchAction","target":{"@type":"EntryPoint","urlTemplate":"https:\/\/revolutionpadelstore.com\/en\/?s={search_term_string}"},"query-input":{"@type":"PropertyValueSpecification","valueRequired":true,"valueName":"search_term_string"}}],"inLanguage":"en-US"},{"@type":"Organization","@id":"https:\/\/revolutionpadelstore.com\/en\/#organization","name":"Revolution Padel Store","url":"https:\/\/revolutionpadelstore.com\/en\/","logo":{"@type":"ImageObject","inLanguage":"en-US","@id":"https:\/\/revolutionpadelstore.com\/en\/#\/schema\/logo\/image\/","url":"https:\/\/revolutionpadelstore.com\/wp-content\/uploads\/2026\/02\/revolution-padel-store.jpg","contentUrl":"https:\/\/revolutionpadelstore.com\/wp-content\/uploads\/2026\/02\/revolution-padel-store.jpg","width":2000,"height":2000,"caption":"Revolution Padel Store"},"image":{"@id":"https:\/\/revolutionpadelstore.com\/en\/#\/schema\/logo\/image\/"},"sameAs":["https:\/\/www.instagram.com\/revolutionpadelstore\/"]}]}},"_links":{"self":[{"href":"https:\/\/revolutionpadelstore.com\/en\/wp-json\/wp\/v2\/product\/127333","targetHints":{"allow":["GET"]}}],"collection":[{"href":"https:\/\/revolutionpadelstore.com\/en\/wp-json\/wp\/v2\/product"}],"about":[{"href":"https:\/\/revolutionpadelstore.com\/en\/wp-json\/wp\/v2\/types\/product"}],"replies":[{"embeddable":true,"href":"https:\/\/revolutionpadelstore.com\/en\/wp-json\/wp\/v2\/comments?post=127333"}],"wp:featuredmedia":[{"embeddable":true,"href":"https:\/\/revolutionpadelstore.com\/en\/wp-json\/wp\/v2\/media\/115945"}],"wp:attachment":[{"href":"https:\/\/revolutionpadelstore.com\/en\/wp-json\/wp\/v2\/media?parent=127333"}],"wp:term":[{"taxonomy":"acabado","embeddable":true,"href":"https:\/\/revolutionpadelstore.com\/en\/wp-json\/wp\/v2\/acabado?post=127333"},{"taxonomy":"balance","embeddable":true,"href":"https:\/\/revolutionpadelstore.com\/en\/wp-json\/wp\/v2\/balance?post=127333"},{"taxonomy":"dureza","embeddable":true,"href":"https:\/\/revolutionpadelstore.com\/en\/wp-json\/wp\/v2\/dureza?post=127333"},{"taxonomy":"forma","embeddable":true,"href":"https:\/\/revolutionpadelstore.com\/en\/wp-json\/wp\/v2\/forma?post=127333"},{"taxonomy":"jugador","embeddable":true,"href":"https:\/\/revolutionpadelstore.com\/en\/wp-json\/wp\/v2\/jugador?post=127333"},{"taxonomy":"marca","embeddable":true,"href":"https:\/\/revolutionpadelstore.com\/en\/wp-json\/wp\/v2\/marca?post=127333"},{"taxonomy":"nivel-de-juego","embeddable":true,"href":"https:\/\/revolutionpadelstore.com\/en\/wp-json\/wp\/v2\/nivel-de-juego?post=127333"},{"taxonomy":"superficie","embeddable":true,"href":"https:\/\/revolutionpadelstore.com\/en\/wp-json\/wp\/v2\/superficie?post=127333"},{"taxonomy":"tipo-de-juego","embeddable":true,"href":"https:\/\/revolutionpadelstore.com\/en\/wp-json\/wp\/v2\/tipo-de-juego?post=127333"},{"taxonomy":"product_brand","embeddable":true,"href":"https:\/\/revolutionpadelstore.com\/en\/wp-json\/wp\/v2\/product_brand?post=127333"},{"taxonomy":"product_cat","embeddable":true,"href":"https:\/\/revolutionpadelstore.com\/en\/wp-json\/wp\/v2\/product_cat?post=127333"},{"taxonomy":"product_tag","embeddable":true,"href":"https:\/\/revolutionpadelstore.com\/en\/wp-json\/wp\/v2\/product_tag?post=127333"}],"curies":[{"name":"wp","href":"https:\/\/api.w.org\/{rel}","templated":true}]}}