{"id":126103,"date":"2024-11-22T08:08:30","date_gmt":"2024-11-22T07:08:30","guid":{"rendered":"https:\/\/revolutionpadelstore.com\/pack-bullpadel-vertex04-martin-di-nenno-2024\/"},"modified":"2026-04-01T06:54:47","modified_gmt":"2026-04-01T04:54:47","slug":"pack-bullpadel-vertex04-martin-di-nenno-2024","status":"publish","type":"product","link":"https:\/\/revolutionpadelstore.com\/en\/pack-bullpadel-vertex04-martin-di-nenno-2024\/","title":{"rendered":"PACK BULLPADEL VERTEX04 MART\u00cdN DI NENNO 2024"},"content":{"rendered":"<p><strong> bullpadel pack VERTEX 04 MART\u00cdN DI NENNO 2024 <\/strong><\/p>\n<p>The Bullpadel Vertex 04 Man Nenno 2024 is the ideal option for advanced or professionals looking for a complete and high quality set to maximize their performance in each game. This pack includes the vertex 04 shovel, a backpack, a ball boat and an overgrip blister.<\/p>\n<p><strong> Padel blade vertex 04 Comfort <\/strong><\/p>\n<p>This pack includes the outstanding vertex 04 Comfort blade, especially designed for players looking for power in their game. With a diamond format and a high balance, along with a weight of between 360 and 370 grams, it offers a powerful and controlled glue. The planes of the blade are manufactured in Fibrix, a combination of X-Glass and Carbon, which ensures great durability and impact resistance.<\/p>\n<p>The multieva nucleus, composed of two layers of different densities, provides a perfect balance between control and power in each blow. The Topspin surface, with rough texture, allows to execute effects with high precision. In addition, its customweight system allows you to adjust the balance of the shovel according to the player&#8217;s preferences. The 100% carbon carbontube frame and Curvatik technology guarantee resistance to torsions and stability, while the heart vertex minimizes vibrations for a more comfortable blow.<\/p>\n<p><strong> Paletero Bullpadel Backpack by Mart\u00edn Di Nenno <\/strong><\/p>\n<p>This pack also includes an elegant Black Polypiel backpack with red details and the blank Bullpadel logo. The backpack is spacious and functional, with a wide main compartment, a thermal compartment to store up to two blades and an ventilated shame compartment, designed to maintain greater hygiene. It also has a padded pocket for the laptop and a Foam backup for comfort when transporting it.<\/p>\n<p><strong> Blister Overgrips of Bullpadel and Ball Bottle <\/strong><\/p>\n<p>This pack is completed with three overgrips bullpadel black microperforated, very absorbent and that improve the grip of the shovel, in addition to a Bullpadel Next Ball boat, approved by the International Paddle Federation. These balls are manufactured with a mixture of natural and synthetic plush, which guarantees excellent speed and durability.<strong>Pack Bullpadel Vertex 04 Mart\u00edn Di Nenno 2024<\/strong><\/p>\n","protected":false},"excerpt":{"rendered":"<p>Bullpadel Pack Vertex 04 Mart\u00edn Di Nenno 2024 with professional shovel, practical backpack and official high quality balls. Perfect for advanced game.<\/p>\n","protected":false},"featured_media":124906,"comment_status":"open","ping_status":"closed","template":"","meta":{"_acf_changed":false,"_joinchat":[]},"acabado":[1108],"balance":[1138],"dureza":[1158],"forma":[1173],"jugador":[1193,1203],"marca":[1258],"nivel-de-juego":[1338],"superficie":[1363],"tipo-de-juego":[1378],"product_brand":[],"product_cat":[303],"product_tag":[],"class_list":{"0":"post-126103","1":"product","2":"type-product","3":"status-publish","4":"has-post-thumbnail","6":"acabado-rugoso-en","7":"balance-alto-en","8":"dureza-media-en","9":"forma-diamante-en","10":"jugador-hombre-en","11":"jugador-multipurpose","12":"marca-bullpadel-en","13":"superficie-rugosa-en","14":"tipo-de-juego-potencia-en","15":"product_cat-palas","17":"first","18":"instock","19":"sale","20":"taxable","21":"shipping-taxable","22":"purchasable","23":"product-type-simple"},"acf":[],"yoast_head":"<!-- This site is optimized with the Yoast SEO plugin v27.3 - https:\/\/yoast.com\/product\/yoast-seo-wordpress\/ -->\n<title>PACK BULLPADEL VERTEX04 MART\u00cdN DI NENNO 2024 - Revolution Padel Store<\/title>\n<meta name=\"description\" content=\"El Pack Bullpadel Vertex 04 Mant\u00edn Di Nenno 2024 es la opci\u00f3n ideal para jugadores de p\u00e1del avanzados o profesionales que buscan un set completo y de alta calidad para rendir al m\u00e1ximo en cada partido. Pack de pala Vertex, una mochila, un bote de pelotas y un bl\u00edster de overgrips.\" \/>\n<meta name=\"robots\" content=\"index, follow, max-snippet:-1, max-image-preview:large, max-video-preview:-1\" \/>\n<link rel=\"canonical\" href=\"https:\/\/revolutionpadelstore.com\/en\/pack-bullpadel-vertex04-martin-di-nenno-2024\/\" \/>\n<meta property=\"og:locale\" content=\"en_US\" \/>\n<meta property=\"og:type\" content=\"article\" \/>\n<meta property=\"og:title\" content=\"PACK BULLPADEL VERTEX04 MART\u00cdN DI NENNO 2024 - Revolution Padel Store\" \/>\n<meta property=\"og:description\" content=\"El Pack Bullpadel Vertex 04 Mant\u00edn Di Nenno 2024 es la opci\u00f3n ideal para jugadores de p\u00e1del avanzados o profesionales que buscan un set completo y de alta calidad para rendir al m\u00e1ximo en cada partido. Pack de pala Vertex, una mochila, un bote de pelotas y un bl\u00edster de overgrips.\" \/>\n<meta property=\"og:url\" content=\"https:\/\/revolutionpadelstore.com\/en\/pack-bullpadel-vertex04-martin-di-nenno-2024\/\" \/>\n<meta property=\"og:site_name\" content=\"Revolution Padel Store\" \/>\n<meta property=\"article:modified_time\" content=\"2026-04-01T04:54:47+00:00\" \/>\n<meta property=\"og:image\" content=\"https:\/\/revolutionpadelstore.com\/wp-content\/uploads\/2024\/11\/113006-pack-bullpadel-vertex04-man-448209-1500x1500-1.webp\" \/>\n\t<meta property=\"og:image:width\" content=\"1500\" \/>\n\t<meta property=\"og:image:height\" content=\"1500\" \/>\n\t<meta property=\"og:image:type\" content=\"image\/webp\" \/>\n<meta name=\"twitter:card\" content=\"summary_large_image\" \/>\n<meta name=\"twitter:label1\" content=\"Est. reading time\" \/>\n\t<meta name=\"twitter:data1\" content=\"2 minutes\" \/>\n<script type=\"application\/ld+json\" class=\"yoast-schema-graph\">{\"@context\":\"https:\\\/\\\/schema.org\",\"@graph\":[{\"@type\":\"WebPage\",\"@id\":\"https:\\\/\\\/revolutionpadelstore.com\\\/en\\\/pack-bullpadel-vertex04-martin-di-nenno-2024\\\/\",\"url\":\"https:\\\/\\\/revolutionpadelstore.com\\\/en\\\/pack-bullpadel-vertex04-martin-di-nenno-2024\\\/\",\"name\":\"PACK BULLPADEL VERTEX04 MART\u00cdN DI NENNO 2024 - Revolution Padel Store\",\"isPartOf\":{\"@id\":\"https:\\\/\\\/revolutionpadelstore.com\\\/en\\\/#website\"},\"primaryImageOfPage\":{\"@id\":\"https:\\\/\\\/revolutionpadelstore.com\\\/en\\\/pack-bullpadel-vertex04-martin-di-nenno-2024\\\/#primaryimage\"},\"image\":{\"@id\":\"https:\\\/\\\/revolutionpadelstore.com\\\/en\\\/pack-bullpadel-vertex04-martin-di-nenno-2024\\\/#primaryimage\"},\"thumbnailUrl\":\"https:\\\/\\\/revolutionpadelstore.com\\\/wp-content\\\/uploads\\\/2024\\\/11\\\/113006-pack-bullpadel-vertex04-man-448209-1500x1500-1.webp\",\"datePublished\":\"2024-11-22T07:08:30+00:00\",\"dateModified\":\"2026-04-01T04:54:47+00:00\",\"description\":\"El Pack Bullpadel Vertex 04 Mant\u00edn Di Nenno 2024 es la opci\u00f3n ideal para jugadores de p\u00e1del avanzados o profesionales que buscan un set completo y de alta calidad para rendir al m\u00e1ximo en cada partido. Pack de pala Vertex, una mochila, un bote de pelotas y un bl\u00edster de overgrips.\",\"breadcrumb\":{\"@id\":\"https:\\\/\\\/revolutionpadelstore.com\\\/en\\\/pack-bullpadel-vertex04-martin-di-nenno-2024\\\/#breadcrumb\"},\"inLanguage\":\"en-US\",\"potentialAction\":[{\"@type\":\"ReadAction\",\"target\":[\"https:\\\/\\\/revolutionpadelstore.com\\\/en\\\/pack-bullpadel-vertex04-martin-di-nenno-2024\\\/\"]}]},{\"@type\":\"ImageObject\",\"inLanguage\":\"en-US\",\"@id\":\"https:\\\/\\\/revolutionpadelstore.com\\\/en\\\/pack-bullpadel-vertex04-martin-di-nenno-2024\\\/#primaryimage\",\"url\":\"https:\\\/\\\/revolutionpadelstore.com\\\/wp-content\\\/uploads\\\/2024\\\/11\\\/113006-pack-bullpadel-vertex04-man-448209-1500x1500-1.webp\",\"contentUrl\":\"https:\\\/\\\/revolutionpadelstore.com\\\/wp-content\\\/uploads\\\/2024\\\/11\\\/113006-pack-bullpadel-vertex04-man-448209-1500x1500-1.webp\",\"width\":1500,\"height\":1500},{\"@type\":\"BreadcrumbList\",\"@id\":\"https:\\\/\\\/revolutionpadelstore.com\\\/en\\\/pack-bullpadel-vertex04-martin-di-nenno-2024\\\/#breadcrumb\",\"itemListElement\":[{\"@type\":\"ListItem\",\"position\":1,\"name\":\"Portada\",\"item\":\"https:\\\/\\\/revolutionpadelstore.com\\\/en\\\/\"},{\"@type\":\"ListItem\",\"position\":2,\"name\":\"Shop\",\"item\":\"https:\\\/\\\/revolutionpadelstore.com\\\/en\\\/shop\\\/\"},{\"@type\":\"ListItem\",\"position\":3,\"name\":\"PACK BULLPADEL VERTEX04 MART\u00cdN DI NENNO 2024\"}]},{\"@type\":\"WebSite\",\"@id\":\"https:\\\/\\\/revolutionpadelstore.com\\\/en\\\/#website\",\"url\":\"https:\\\/\\\/revolutionpadelstore.com\\\/en\\\/\",\"name\":\"Revolution Padel Store\",\"description\":\"\",\"publisher\":{\"@id\":\"https:\\\/\\\/revolutionpadelstore.com\\\/en\\\/#organization\"},\"potentialAction\":[{\"@type\":\"SearchAction\",\"target\":{\"@type\":\"EntryPoint\",\"urlTemplate\":\"https:\\\/\\\/revolutionpadelstore.com\\\/en\\\/?s={search_term_string}\"},\"query-input\":{\"@type\":\"PropertyValueSpecification\",\"valueRequired\":true,\"valueName\":\"search_term_string\"}}],\"inLanguage\":\"en-US\"},{\"@type\":\"Organization\",\"@id\":\"https:\\\/\\\/revolutionpadelstore.com\\\/en\\\/#organization\",\"name\":\"Revolution Padel Store\",\"url\":\"https:\\\/\\\/revolutionpadelstore.com\\\/en\\\/\",\"logo\":{\"@type\":\"ImageObject\",\"inLanguage\":\"en-US\",\"@id\":\"https:\\\/\\\/revolutionpadelstore.com\\\/en\\\/#\\\/schema\\\/logo\\\/image\\\/\",\"url\":\"https:\\\/\\\/revolutionpadelstore.com\\\/wp-content\\\/uploads\\\/2026\\\/02\\\/revolution-padel-store.jpg\",\"contentUrl\":\"https:\\\/\\\/revolutionpadelstore.com\\\/wp-content\\\/uploads\\\/2026\\\/02\\\/revolution-padel-store.jpg\",\"width\":2000,\"height\":2000,\"caption\":\"Revolution Padel Store\"},\"image\":{\"@id\":\"https:\\\/\\\/revolutionpadelstore.com\\\/en\\\/#\\\/schema\\\/logo\\\/image\\\/\"},\"sameAs\":[\"https:\\\/\\\/www.instagram.com\\\/revolutionpadelstore\\\/\"]}]}<\/script>\n<!-- \/ Yoast SEO plugin. -->","yoast_head_json":{"title":"PACK BULLPADEL VERTEX04 MART\u00cdN DI NENNO 2024 - Revolution Padel Store","description":"El Pack Bullpadel Vertex 04 Mant\u00edn Di Nenno 2024 es la opci\u00f3n ideal para jugadores de p\u00e1del avanzados o profesionales que buscan un set completo y de alta calidad para rendir al m\u00e1ximo en cada partido. Pack de pala Vertex, una mochila, un bote de pelotas y un bl\u00edster de overgrips.","robots":{"index":"index","follow":"follow","max-snippet":"max-snippet:-1","max-image-preview":"max-image-preview:large","max-video-preview":"max-video-preview:-1"},"canonical":"https:\/\/revolutionpadelstore.com\/en\/pack-bullpadel-vertex04-martin-di-nenno-2024\/","og_locale":"en_US","og_type":"article","og_title":"PACK BULLPADEL VERTEX04 MART\u00cdN DI NENNO 2024 - Revolution Padel Store","og_description":"El Pack Bullpadel Vertex 04 Mant\u00edn Di Nenno 2024 es la opci\u00f3n ideal para jugadores de p\u00e1del avanzados o profesionales que buscan un set completo y de alta calidad para rendir al m\u00e1ximo en cada partido. Pack de pala Vertex, una mochila, un bote de pelotas y un bl\u00edster de overgrips.","og_url":"https:\/\/revolutionpadelstore.com\/en\/pack-bullpadel-vertex04-martin-di-nenno-2024\/","og_site_name":"Revolution Padel Store","article_modified_time":"2026-04-01T04:54:47+00:00","og_image":[{"width":1500,"height":1500,"url":"https:\/\/revolutionpadelstore.com\/wp-content\/uploads\/2024\/11\/113006-pack-bullpadel-vertex04-man-448209-1500x1500-1.webp","type":"image\/webp"}],"twitter_card":"summary_large_image","twitter_misc":{"Est. reading time":"2 minutes"},"schema":{"@context":"https:\/\/schema.org","@graph":[{"@type":"WebPage","@id":"https:\/\/revolutionpadelstore.com\/en\/pack-bullpadel-vertex04-martin-di-nenno-2024\/","url":"https:\/\/revolutionpadelstore.com\/en\/pack-bullpadel-vertex04-martin-di-nenno-2024\/","name":"PACK BULLPADEL VERTEX04 MART\u00cdN DI NENNO 2024 - Revolution Padel Store","isPartOf":{"@id":"https:\/\/revolutionpadelstore.com\/en\/#website"},"primaryImageOfPage":{"@id":"https:\/\/revolutionpadelstore.com\/en\/pack-bullpadel-vertex04-martin-di-nenno-2024\/#primaryimage"},"image":{"@id":"https:\/\/revolutionpadelstore.com\/en\/pack-bullpadel-vertex04-martin-di-nenno-2024\/#primaryimage"},"thumbnailUrl":"https:\/\/revolutionpadelstore.com\/wp-content\/uploads\/2024\/11\/113006-pack-bullpadel-vertex04-man-448209-1500x1500-1.webp","datePublished":"2024-11-22T07:08:30+00:00","dateModified":"2026-04-01T04:54:47+00:00","description":"El Pack Bullpadel Vertex 04 Mant\u00edn Di Nenno 2024 es la opci\u00f3n ideal para jugadores de p\u00e1del avanzados o profesionales que buscan un set completo y de alta calidad para rendir al m\u00e1ximo en cada partido. Pack de pala Vertex, una mochila, un bote de pelotas y un bl\u00edster de overgrips.","breadcrumb":{"@id":"https:\/\/revolutionpadelstore.com\/en\/pack-bullpadel-vertex04-martin-di-nenno-2024\/#breadcrumb"},"inLanguage":"en-US","potentialAction":[{"@type":"ReadAction","target":["https:\/\/revolutionpadelstore.com\/en\/pack-bullpadel-vertex04-martin-di-nenno-2024\/"]}]},{"@type":"ImageObject","inLanguage":"en-US","@id":"https:\/\/revolutionpadelstore.com\/en\/pack-bullpadel-vertex04-martin-di-nenno-2024\/#primaryimage","url":"https:\/\/revolutionpadelstore.com\/wp-content\/uploads\/2024\/11\/113006-pack-bullpadel-vertex04-man-448209-1500x1500-1.webp","contentUrl":"https:\/\/revolutionpadelstore.com\/wp-content\/uploads\/2024\/11\/113006-pack-bullpadel-vertex04-man-448209-1500x1500-1.webp","width":1500,"height":1500},{"@type":"BreadcrumbList","@id":"https:\/\/revolutionpadelstore.com\/en\/pack-bullpadel-vertex04-martin-di-nenno-2024\/#breadcrumb","itemListElement":[{"@type":"ListItem","position":1,"name":"Portada","item":"https:\/\/revolutionpadelstore.com\/en\/"},{"@type":"ListItem","position":2,"name":"Shop","item":"https:\/\/revolutionpadelstore.com\/en\/shop\/"},{"@type":"ListItem","position":3,"name":"PACK BULLPADEL VERTEX04 MART\u00cdN DI NENNO 2024"}]},{"@type":"WebSite","@id":"https:\/\/revolutionpadelstore.com\/en\/#website","url":"https:\/\/revolutionpadelstore.com\/en\/","name":"Revolution Padel Store","description":"","publisher":{"@id":"https:\/\/revolutionpadelstore.com\/en\/#organization"},"potentialAction":[{"@type":"SearchAction","target":{"@type":"EntryPoint","urlTemplate":"https:\/\/revolutionpadelstore.com\/en\/?s={search_term_string}"},"query-input":{"@type":"PropertyValueSpecification","valueRequired":true,"valueName":"search_term_string"}}],"inLanguage":"en-US"},{"@type":"Organization","@id":"https:\/\/revolutionpadelstore.com\/en\/#organization","name":"Revolution Padel Store","url":"https:\/\/revolutionpadelstore.com\/en\/","logo":{"@type":"ImageObject","inLanguage":"en-US","@id":"https:\/\/revolutionpadelstore.com\/en\/#\/schema\/logo\/image\/","url":"https:\/\/revolutionpadelstore.com\/wp-content\/uploads\/2026\/02\/revolution-padel-store.jpg","contentUrl":"https:\/\/revolutionpadelstore.com\/wp-content\/uploads\/2026\/02\/revolution-padel-store.jpg","width":2000,"height":2000,"caption":"Revolution Padel Store"},"image":{"@id":"https:\/\/revolutionpadelstore.com\/en\/#\/schema\/logo\/image\/"},"sameAs":["https:\/\/www.instagram.com\/revolutionpadelstore\/"]}]}},"_links":{"self":[{"href":"https:\/\/revolutionpadelstore.com\/en\/wp-json\/wp\/v2\/product\/126103","targetHints":{"allow":["GET"]}}],"collection":[{"href":"https:\/\/revolutionpadelstore.com\/en\/wp-json\/wp\/v2\/product"}],"about":[{"href":"https:\/\/revolutionpadelstore.com\/en\/wp-json\/wp\/v2\/types\/product"}],"replies":[{"embeddable":true,"href":"https:\/\/revolutionpadelstore.com\/en\/wp-json\/wp\/v2\/comments?post=126103"}],"wp:featuredmedia":[{"embeddable":true,"href":"https:\/\/revolutionpadelstore.com\/en\/wp-json\/wp\/v2\/media\/124906"}],"wp:attachment":[{"href":"https:\/\/revolutionpadelstore.com\/en\/wp-json\/wp\/v2\/media?parent=126103"}],"wp:term":[{"taxonomy":"acabado","embeddable":true,"href":"https:\/\/revolutionpadelstore.com\/en\/wp-json\/wp\/v2\/acabado?post=126103"},{"taxonomy":"balance","embeddable":true,"href":"https:\/\/revolutionpadelstore.com\/en\/wp-json\/wp\/v2\/balance?post=126103"},{"taxonomy":"dureza","embeddable":true,"href":"https:\/\/revolutionpadelstore.com\/en\/wp-json\/wp\/v2\/dureza?post=126103"},{"taxonomy":"forma","embeddable":true,"href":"https:\/\/revolutionpadelstore.com\/en\/wp-json\/wp\/v2\/forma?post=126103"},{"taxonomy":"jugador","embeddable":true,"href":"https:\/\/revolutionpadelstore.com\/en\/wp-json\/wp\/v2\/jugador?post=126103"},{"taxonomy":"marca","embeddable":true,"href":"https:\/\/revolutionpadelstore.com\/en\/wp-json\/wp\/v2\/marca?post=126103"},{"taxonomy":"nivel-de-juego","embeddable":true,"href":"https:\/\/revolutionpadelstore.com\/en\/wp-json\/wp\/v2\/nivel-de-juego?post=126103"},{"taxonomy":"superficie","embeddable":true,"href":"https:\/\/revolutionpadelstore.com\/en\/wp-json\/wp\/v2\/superficie?post=126103"},{"taxonomy":"tipo-de-juego","embeddable":true,"href":"https:\/\/revolutionpadelstore.com\/en\/wp-json\/wp\/v2\/tipo-de-juego?post=126103"},{"taxonomy":"product_brand","embeddable":true,"href":"https:\/\/revolutionpadelstore.com\/en\/wp-json\/wp\/v2\/product_brand?post=126103"},{"taxonomy":"product_cat","embeddable":true,"href":"https:\/\/revolutionpadelstore.com\/en\/wp-json\/wp\/v2\/product_cat?post=126103"},{"taxonomy":"product_tag","embeddable":true,"href":"https:\/\/revolutionpadelstore.com\/en\/wp-json\/wp\/v2\/product_tag?post=126103"}],"curies":[{"name":"wp","href":"https:\/\/api.w.org\/{rel}","templated":true}]}}