{"id":125473,"date":"2024-11-21T08:41:28","date_gmt":"2024-11-21T07:41:28","guid":{"rendered":"https:\/\/revolutionpadelstore.com\/mochila-siux-fusion-negro-rojo\/"},"modified":"2026-04-08T10:14:33","modified_gmt":"2026-04-08T08:14:33","slug":"mochila-siux-fusion-negro-rojo-2","status":"publish","type":"product","link":"https:\/\/revolutionpadelstore.com\/en\/mochila-siux-fusion-negro-rojo-2\/","title":{"rendered":"MOCHILA SIUX FUSION NEGRO ROJO"},"content":{"rendered":"<p><strong> Why will you love the siux paddle for paddle for?<br \/>\nThe SIux backpack is made in polyester, a material that is characterized by its ease of cleanliness and great resistance, both to weight and at different temperatures. This ensures that your paddle blades and other accessories remain in excellent condition. In addition, it offers safe transport thanks to its functional design. It has several internal compartments and external pockets, which allows you to organize everything efficiently.<\/p>\n<p><strong> Who is the Siux paddle backpack? <\/strong><br \/>\nIt is designed for players, whether professionals or amateurs, who prefer to bring only the essentials for their matches. It is suitable for both men and women. Although its size is compact, it has two large internal compartments that allow paddle blades and other objects, such as clothing, shoes, balls and more.<\/p>\n<p><strong> design and colors <\/strong><br \/>\nThe Siux backpack has a rectangular design and is available in black and red colors, with red stripes on the front and logo of the brand in the same color. In addition to the two internal compartments, it includes two side mesh external pockets, ideal for small objects such as mobile, keys or a bottle of water.<\/p>\n<p>It has two black padded handles, which guarantees comfortable transport, avoiding discomfort on the shoulders. The blades can be stored vertically inside.<\/p>\n<p><strong> technical characteristics of the siux paddle backpack<\/p>\n<p>-In attractive design in black and red.<\/p>\n<p>-The high quality materials, manufactured in polyester fabric.<\/p>\n<p>-SoSasy for more comfort.<\/p>\n<p>-Worral mesh backs for small objects.<\/p>\n<p>-Compact and spacious at the same time.<strong>\u00bfPor qu\u00e9 te encantar\u00e1 la mochila de p\u00e1del Siux?<\/strong><\/p>\n","protected":false},"excerpt":{"rendered":"<p>The <strong> siux paddle backpack <\/strong> in black and red colors is a compact, practical and light model, to keep everything necessary for practices or paddle games.<strong>mochila de p\u00e1del Siux<\/strong><\/p>\n","protected":false},"featured_media":124742,"comment_status":"open","ping_status":"closed","template":"","meta":{"_acf_changed":false,"_joinchat":[]},"acabado":[],"balance":[],"dureza":[],"forma":[],"jugador":[],"marca":[1308],"nivel-de-juego":[],"superficie":[],"tipo-de-juego":[],"product_brand":[],"product_cat":[322],"product_tag":[],"class_list":{"0":"post-125473","1":"product","2":"type-product","3":"status-publish","4":"has-post-thumbnail","6":"marca-siux-en","7":"product_cat-bags","9":"first","10":"outofstock","11":"taxable","12":"shipping-taxable","13":"purchasable","14":"product-type-simple"},"acf":[],"yoast_head":"<!-- This site is optimized with the Yoast SEO plugin v27.4 - https:\/\/yoast.com\/product\/yoast-seo-wordpress\/ -->\n<title>MOCHILA SIUX FUSION NEGRO ROJO - Revolution Padel Store<\/title>\n<meta name=\"description\" content=\"La mochila de p\u00e1del Siux est\u00e1 fabricada en tela de poli\u00e9ster, es de f\u00e1cil limpieza y resistente al peso y a diferentes temperaturas. Esto permite que se puedan conservar bien las palas de p\u00e1del y los dem\u00e1s accesorios. Adem\u00e1s, permite transportarlos de forma segura. La mochila de p\u00e1del tiene varios compartimentos internos y bolsillos externos para tener todo en orden.\" \/>\n<meta name=\"robots\" content=\"index, follow, max-snippet:-1, max-image-preview:large, max-video-preview:-1\" \/>\n<link rel=\"canonical\" href=\"https:\/\/revolutionpadelstore.com\/en\/mochila-siux-fusion-negro-rojo-2\/\" \/>\n<meta property=\"og:locale\" content=\"en_US\" \/>\n<meta property=\"og:type\" content=\"article\" \/>\n<meta property=\"og:title\" content=\"MOCHILA SIUX FUSION NEGRO ROJO - Revolution Padel Store\" \/>\n<meta property=\"og:description\" content=\"La mochila de p\u00e1del Siux est\u00e1 fabricada en tela de poli\u00e9ster, es de f\u00e1cil limpieza y resistente al peso y a diferentes temperaturas. Esto permite que se puedan conservar bien las palas de p\u00e1del y los dem\u00e1s accesorios. Adem\u00e1s, permite transportarlos de forma segura. La mochila de p\u00e1del tiene varios compartimentos internos y bolsillos externos para tener todo en orden.\" \/>\n<meta property=\"og:url\" content=\"https:\/\/revolutionpadelstore.com\/en\/mochila-siux-fusion-negro-rojo-2\/\" \/>\n<meta property=\"og:site_name\" content=\"Revolution Padel Store\" \/>\n<meta property=\"article:modified_time\" content=\"2026-04-08T08:14:33+00:00\" \/>\n<meta property=\"og:image\" content=\"https:\/\/revolutionpadelstore.com\/wp-content\/uploads\/2024\/11\/SIUX_FUSION_RED_1000_1000_a9e5.webp\" \/>\n\t<meta property=\"og:image:width\" content=\"1000\" \/>\n\t<meta property=\"og:image:height\" content=\"1000\" \/>\n\t<meta property=\"og:image:type\" content=\"image\/webp\" \/>\n<meta name=\"twitter:card\" content=\"summary_large_image\" \/>\n<meta name=\"twitter:label1\" content=\"Est. reading time\" \/>\n\t<meta name=\"twitter:data1\" content=\"1 minute\" \/>\n<script type=\"application\/ld+json\" class=\"yoast-schema-graph\">{\"@context\":\"https:\\\/\\\/schema.org\",\"@graph\":[{\"@type\":\"WebPage\",\"@id\":\"https:\\\/\\\/revolutionpadelstore.com\\\/en\\\/mochila-siux-fusion-negro-rojo-2\\\/\",\"url\":\"https:\\\/\\\/revolutionpadelstore.com\\\/en\\\/mochila-siux-fusion-negro-rojo-2\\\/\",\"name\":\"MOCHILA SIUX FUSION NEGRO ROJO - Revolution Padel Store\",\"isPartOf\":{\"@id\":\"https:\\\/\\\/revolutionpadelstore.com\\\/en\\\/#website\"},\"primaryImageOfPage\":{\"@id\":\"https:\\\/\\\/revolutionpadelstore.com\\\/en\\\/mochila-siux-fusion-negro-rojo-2\\\/#primaryimage\"},\"image\":{\"@id\":\"https:\\\/\\\/revolutionpadelstore.com\\\/en\\\/mochila-siux-fusion-negro-rojo-2\\\/#primaryimage\"},\"thumbnailUrl\":\"https:\\\/\\\/revolutionpadelstore.com\\\/wp-content\\\/uploads\\\/2024\\\/11\\\/SIUX_FUSION_RED_1000_1000_a9e5.webp\",\"datePublished\":\"2024-11-21T07:41:28+00:00\",\"dateModified\":\"2026-04-08T08:14:33+00:00\",\"description\":\"La mochila de p\u00e1del Siux est\u00e1 fabricada en tela de poli\u00e9ster, es de f\u00e1cil limpieza y resistente al peso y a diferentes temperaturas. Esto permite que se puedan conservar bien las palas de p\u00e1del y los dem\u00e1s accesorios. Adem\u00e1s, permite transportarlos de forma segura. La mochila de p\u00e1del tiene varios compartimentos internos y bolsillos externos para tener todo en orden.\",\"breadcrumb\":{\"@id\":\"https:\\\/\\\/revolutionpadelstore.com\\\/en\\\/mochila-siux-fusion-negro-rojo-2\\\/#breadcrumb\"},\"inLanguage\":\"en-US\",\"potentialAction\":[{\"@type\":\"ReadAction\",\"target\":[\"https:\\\/\\\/revolutionpadelstore.com\\\/en\\\/mochila-siux-fusion-negro-rojo-2\\\/\"]}]},{\"@type\":\"ImageObject\",\"inLanguage\":\"en-US\",\"@id\":\"https:\\\/\\\/revolutionpadelstore.com\\\/en\\\/mochila-siux-fusion-negro-rojo-2\\\/#primaryimage\",\"url\":\"https:\\\/\\\/revolutionpadelstore.com\\\/wp-content\\\/uploads\\\/2024\\\/11\\\/SIUX_FUSION_RED_1000_1000_a9e5.webp\",\"contentUrl\":\"https:\\\/\\\/revolutionpadelstore.com\\\/wp-content\\\/uploads\\\/2024\\\/11\\\/SIUX_FUSION_RED_1000_1000_a9e5.webp\",\"width\":1000,\"height\":1000},{\"@type\":\"BreadcrumbList\",\"@id\":\"https:\\\/\\\/revolutionpadelstore.com\\\/en\\\/mochila-siux-fusion-negro-rojo-2\\\/#breadcrumb\",\"itemListElement\":[{\"@type\":\"ListItem\",\"position\":1,\"name\":\"Portada\",\"item\":\"https:\\\/\\\/revolutionpadelstore.com\\\/en\\\/\"},{\"@type\":\"ListItem\",\"position\":2,\"name\":\"Shop\",\"item\":\"https:\\\/\\\/revolutionpadelstore.com\\\/en\\\/shop\\\/\"},{\"@type\":\"ListItem\",\"position\":3,\"name\":\"MOCHILA SIUX FUSION NEGRO ROJO\"}]},{\"@type\":\"WebSite\",\"@id\":\"https:\\\/\\\/revolutionpadelstore.com\\\/en\\\/#website\",\"url\":\"https:\\\/\\\/revolutionpadelstore.com\\\/en\\\/\",\"name\":\"Revolution Padel Store\",\"description\":\"\",\"publisher\":{\"@id\":\"https:\\\/\\\/revolutionpadelstore.com\\\/en\\\/#organization\"},\"potentialAction\":[{\"@type\":\"SearchAction\",\"target\":{\"@type\":\"EntryPoint\",\"urlTemplate\":\"https:\\\/\\\/revolutionpadelstore.com\\\/en\\\/?s={search_term_string}\"},\"query-input\":{\"@type\":\"PropertyValueSpecification\",\"valueRequired\":true,\"valueName\":\"search_term_string\"}}],\"inLanguage\":\"en-US\"},{\"@type\":\"Organization\",\"@id\":\"https:\\\/\\\/revolutionpadelstore.com\\\/en\\\/#organization\",\"name\":\"Revolution Padel Store\",\"url\":\"https:\\\/\\\/revolutionpadelstore.com\\\/en\\\/\",\"logo\":{\"@type\":\"ImageObject\",\"inLanguage\":\"en-US\",\"@id\":\"https:\\\/\\\/revolutionpadelstore.com\\\/en\\\/#\\\/schema\\\/logo\\\/image\\\/\",\"url\":\"https:\\\/\\\/revolutionpadelstore.com\\\/wp-content\\\/uploads\\\/2026\\\/02\\\/revolution-padel-store.jpg\",\"contentUrl\":\"https:\\\/\\\/revolutionpadelstore.com\\\/wp-content\\\/uploads\\\/2026\\\/02\\\/revolution-padel-store.jpg\",\"width\":2000,\"height\":2000,\"caption\":\"Revolution Padel Store\"},\"image\":{\"@id\":\"https:\\\/\\\/revolutionpadelstore.com\\\/en\\\/#\\\/schema\\\/logo\\\/image\\\/\"},\"sameAs\":[\"https:\\\/\\\/www.instagram.com\\\/revolutionpadelstore\\\/\"]}]}<\/script>\n<!-- \/ Yoast SEO plugin. -->","yoast_head_json":{"title":"MOCHILA SIUX FUSION NEGRO ROJO - Revolution Padel Store","description":"La mochila de p\u00e1del Siux est\u00e1 fabricada en tela de poli\u00e9ster, es de f\u00e1cil limpieza y resistente al peso y a diferentes temperaturas. Esto permite que se puedan conservar bien las palas de p\u00e1del y los dem\u00e1s accesorios. Adem\u00e1s, permite transportarlos de forma segura. La mochila de p\u00e1del tiene varios compartimentos internos y bolsillos externos para tener todo en orden.","robots":{"index":"index","follow":"follow","max-snippet":"max-snippet:-1","max-image-preview":"max-image-preview:large","max-video-preview":"max-video-preview:-1"},"canonical":"https:\/\/revolutionpadelstore.com\/en\/mochila-siux-fusion-negro-rojo-2\/","og_locale":"en_US","og_type":"article","og_title":"MOCHILA SIUX FUSION NEGRO ROJO - Revolution Padel Store","og_description":"La mochila de p\u00e1del Siux est\u00e1 fabricada en tela de poli\u00e9ster, es de f\u00e1cil limpieza y resistente al peso y a diferentes temperaturas. Esto permite que se puedan conservar bien las palas de p\u00e1del y los dem\u00e1s accesorios. Adem\u00e1s, permite transportarlos de forma segura. La mochila de p\u00e1del tiene varios compartimentos internos y bolsillos externos para tener todo en orden.","og_url":"https:\/\/revolutionpadelstore.com\/en\/mochila-siux-fusion-negro-rojo-2\/","og_site_name":"Revolution Padel Store","article_modified_time":"2026-04-08T08:14:33+00:00","og_image":[{"width":1000,"height":1000,"url":"https:\/\/revolutionpadelstore.com\/wp-content\/uploads\/2024\/11\/SIUX_FUSION_RED_1000_1000_a9e5.webp","type":"image\/webp"}],"twitter_card":"summary_large_image","twitter_misc":{"Est. reading time":"1 minute"},"schema":{"@context":"https:\/\/schema.org","@graph":[{"@type":"WebPage","@id":"https:\/\/revolutionpadelstore.com\/en\/mochila-siux-fusion-negro-rojo-2\/","url":"https:\/\/revolutionpadelstore.com\/en\/mochila-siux-fusion-negro-rojo-2\/","name":"MOCHILA SIUX FUSION NEGRO ROJO - Revolution Padel Store","isPartOf":{"@id":"https:\/\/revolutionpadelstore.com\/en\/#website"},"primaryImageOfPage":{"@id":"https:\/\/revolutionpadelstore.com\/en\/mochila-siux-fusion-negro-rojo-2\/#primaryimage"},"image":{"@id":"https:\/\/revolutionpadelstore.com\/en\/mochila-siux-fusion-negro-rojo-2\/#primaryimage"},"thumbnailUrl":"https:\/\/revolutionpadelstore.com\/wp-content\/uploads\/2024\/11\/SIUX_FUSION_RED_1000_1000_a9e5.webp","datePublished":"2024-11-21T07:41:28+00:00","dateModified":"2026-04-08T08:14:33+00:00","description":"La mochila de p\u00e1del Siux est\u00e1 fabricada en tela de poli\u00e9ster, es de f\u00e1cil limpieza y resistente al peso y a diferentes temperaturas. Esto permite que se puedan conservar bien las palas de p\u00e1del y los dem\u00e1s accesorios. Adem\u00e1s, permite transportarlos de forma segura. La mochila de p\u00e1del tiene varios compartimentos internos y bolsillos externos para tener todo en orden.","breadcrumb":{"@id":"https:\/\/revolutionpadelstore.com\/en\/mochila-siux-fusion-negro-rojo-2\/#breadcrumb"},"inLanguage":"en-US","potentialAction":[{"@type":"ReadAction","target":["https:\/\/revolutionpadelstore.com\/en\/mochila-siux-fusion-negro-rojo-2\/"]}]},{"@type":"ImageObject","inLanguage":"en-US","@id":"https:\/\/revolutionpadelstore.com\/en\/mochila-siux-fusion-negro-rojo-2\/#primaryimage","url":"https:\/\/revolutionpadelstore.com\/wp-content\/uploads\/2024\/11\/SIUX_FUSION_RED_1000_1000_a9e5.webp","contentUrl":"https:\/\/revolutionpadelstore.com\/wp-content\/uploads\/2024\/11\/SIUX_FUSION_RED_1000_1000_a9e5.webp","width":1000,"height":1000},{"@type":"BreadcrumbList","@id":"https:\/\/revolutionpadelstore.com\/en\/mochila-siux-fusion-negro-rojo-2\/#breadcrumb","itemListElement":[{"@type":"ListItem","position":1,"name":"Portada","item":"https:\/\/revolutionpadelstore.com\/en\/"},{"@type":"ListItem","position":2,"name":"Shop","item":"https:\/\/revolutionpadelstore.com\/en\/shop\/"},{"@type":"ListItem","position":3,"name":"MOCHILA SIUX FUSION NEGRO ROJO"}]},{"@type":"WebSite","@id":"https:\/\/revolutionpadelstore.com\/en\/#website","url":"https:\/\/revolutionpadelstore.com\/en\/","name":"Revolution Padel Store","description":"","publisher":{"@id":"https:\/\/revolutionpadelstore.com\/en\/#organization"},"potentialAction":[{"@type":"SearchAction","target":{"@type":"EntryPoint","urlTemplate":"https:\/\/revolutionpadelstore.com\/en\/?s={search_term_string}"},"query-input":{"@type":"PropertyValueSpecification","valueRequired":true,"valueName":"search_term_string"}}],"inLanguage":"en-US"},{"@type":"Organization","@id":"https:\/\/revolutionpadelstore.com\/en\/#organization","name":"Revolution Padel Store","url":"https:\/\/revolutionpadelstore.com\/en\/","logo":{"@type":"ImageObject","inLanguage":"en-US","@id":"https:\/\/revolutionpadelstore.com\/en\/#\/schema\/logo\/image\/","url":"https:\/\/revolutionpadelstore.com\/wp-content\/uploads\/2026\/02\/revolution-padel-store.jpg","contentUrl":"https:\/\/revolutionpadelstore.com\/wp-content\/uploads\/2026\/02\/revolution-padel-store.jpg","width":2000,"height":2000,"caption":"Revolution Padel Store"},"image":{"@id":"https:\/\/revolutionpadelstore.com\/en\/#\/schema\/logo\/image\/"},"sameAs":["https:\/\/www.instagram.com\/revolutionpadelstore\/"]}]}},"_links":{"self":[{"href":"https:\/\/revolutionpadelstore.com\/en\/wp-json\/wp\/v2\/product\/125473","targetHints":{"allow":["GET"]}}],"collection":[{"href":"https:\/\/revolutionpadelstore.com\/en\/wp-json\/wp\/v2\/product"}],"about":[{"href":"https:\/\/revolutionpadelstore.com\/en\/wp-json\/wp\/v2\/types\/product"}],"replies":[{"embeddable":true,"href":"https:\/\/revolutionpadelstore.com\/en\/wp-json\/wp\/v2\/comments?post=125473"}],"wp:featuredmedia":[{"embeddable":true,"href":"https:\/\/revolutionpadelstore.com\/en\/wp-json\/wp\/v2\/media\/124742"}],"wp:attachment":[{"href":"https:\/\/revolutionpadelstore.com\/en\/wp-json\/wp\/v2\/media?parent=125473"}],"wp:term":[{"taxonomy":"acabado","embeddable":true,"href":"https:\/\/revolutionpadelstore.com\/en\/wp-json\/wp\/v2\/acabado?post=125473"},{"taxonomy":"balance","embeddable":true,"href":"https:\/\/revolutionpadelstore.com\/en\/wp-json\/wp\/v2\/balance?post=125473"},{"taxonomy":"dureza","embeddable":true,"href":"https:\/\/revolutionpadelstore.com\/en\/wp-json\/wp\/v2\/dureza?post=125473"},{"taxonomy":"forma","embeddable":true,"href":"https:\/\/revolutionpadelstore.com\/en\/wp-json\/wp\/v2\/forma?post=125473"},{"taxonomy":"jugador","embeddable":true,"href":"https:\/\/revolutionpadelstore.com\/en\/wp-json\/wp\/v2\/jugador?post=125473"},{"taxonomy":"marca","embeddable":true,"href":"https:\/\/revolutionpadelstore.com\/en\/wp-json\/wp\/v2\/marca?post=125473"},{"taxonomy":"nivel-de-juego","embeddable":true,"href":"https:\/\/revolutionpadelstore.com\/en\/wp-json\/wp\/v2\/nivel-de-juego?post=125473"},{"taxonomy":"superficie","embeddable":true,"href":"https:\/\/revolutionpadelstore.com\/en\/wp-json\/wp\/v2\/superficie?post=125473"},{"taxonomy":"tipo-de-juego","embeddable":true,"href":"https:\/\/revolutionpadelstore.com\/en\/wp-json\/wp\/v2\/tipo-de-juego?post=125473"},{"taxonomy":"product_brand","embeddable":true,"href":"https:\/\/revolutionpadelstore.com\/en\/wp-json\/wp\/v2\/product_brand?post=125473"},{"taxonomy":"product_cat","embeddable":true,"href":"https:\/\/revolutionpadelstore.com\/en\/wp-json\/wp\/v2\/product_cat?post=125473"},{"taxonomy":"product_tag","embeddable":true,"href":"https:\/\/revolutionpadelstore.com\/en\/wp-json\/wp\/v2\/product_tag?post=125473"}],"curies":[{"name":"wp","href":"https:\/\/api.w.org\/{rel}","templated":true}]}}