{"id":125468,"date":"2024-11-22T08:17:30","date_gmt":"2024-11-22T07:17:30","guid":{"rendered":"https:\/\/revolutionpadelstore.com\/kombat-osorno\/"},"modified":"2026-04-01T06:54:21","modified_gmt":"2026-04-01T04:54:21","slug":"kombat-osorno","status":"publish","type":"product","link":"https:\/\/revolutionpadelstore.com\/en\/kombat-osorno\/","title":{"rendered":"KOMBAT OSORNO"},"content":{"rendered":"<p><strong> Kombat Osorno, tear shovel collection 2025 <\/strong><br \/>\nThe Kombat Osorno is designed for those who seek a perfect balance between power and comfort in their game. Inspired by the majesty of the Osorno volcano in Chile, this shovel has a tear -shaped design that offers outstanding performance both in control and ball out. Its double density Eva rubber core provides a soft and precise sensation in each blow, allowing agile and exact movements. If you need a shovel that combines comfort with explosive performance, the Kombat Osorno is the ideal option to bring your game to new heights.<\/p>\n<p><strong> Kombat Osorno for versatile players <\/strong><br \/>\nThe Kombat Osorno is the perfect choice for players looking for a shovel that offers comfort and excellent ball outlet without giving up the power. Its double density Eva rubber core is ideal for those who wish to generate speed in their blows, always maintaining exceptional control. With a middle balance, this shovel adapts to different game styles, facilitating both attacks and defenses. You are already an advanced or intermediate level player, the Kombat Osorno will allow you to improve your performance on the court, offering you a comfortable and efficient game experience.<\/p>\n<p><strong> Kombat Osorno in Revolution Padel Store <\/strong><\/p>\n<p>Do not wait any longer to improve your game with the <strong> Kombat Osorno <\/strong>. Its innovative design will allow you to generate quick and precise blows without losing control. Get yours and experience the difference in your training and matches!<strong>Kombat Osorno, pala de l\u00e1grima Colecci\u00f3n 2025<\/strong><\/p>\n","protected":false},"excerpt":{"rendered":"<p>The Kombat Osorno offers a balance between control and power, ideal for players looking for comfort and a large ball outlet in each blow.<\/p>\n","protected":false},"featured_media":124918,"comment_status":"open","ping_status":"closed","template":"","meta":{"_acf_changed":false,"_joinchat":[]},"acabado":[1093],"balance":[1143],"dureza":[1153],"forma":[1188],"jugador":[1193,1203],"marca":[1701],"nivel-de-juego":[1338],"superficie":[1363],"tipo-de-juego":[1388],"product_brand":[],"product_cat":[303],"product_tag":[],"class_list":{"0":"post-125468","1":"product","2":"type-product","3":"status-publish","4":"has-post-thumbnail","6":"acabado-relieve-3d-en","7":"balance-medium","8":"dureza-blanda-en","9":"forma-lagrima-en","10":"jugador-hombre-en","11":"jugador-multipurpose","12":"marca-kombat-en","13":"superficie-rugosa-en","14":"tipo-de-juego-multipurpose","15":"product_cat-palas","17":"first","18":"instock","19":"taxable","20":"shipping-taxable","21":"purchasable","22":"product-type-simple"},"acf":[],"yoast_head":"<!-- This site is optimized with the Yoast SEO plugin v27.3 - https:\/\/yoast.com\/product\/yoast-seo-wordpress\/ -->\n<title>KOMBAT OSORNO - Revolution Padel Store<\/title>\n<meta name=\"description\" content=\"La Kombat Osorno est\u00e1 pensada para quienes buscan un equilibrio perfecto entre potencia y confort en su juego. Inspirada en la majestuosidad del volc\u00e1n Osorno en Chile, esta pala tiene un dise\u00f1o en forma de l\u00e1grima que ofrece un rendimiento sobresaliente tanto en control como en salida de bola\" \/>\n<meta name=\"robots\" content=\"index, follow, max-snippet:-1, max-image-preview:large, max-video-preview:-1\" \/>\n<link rel=\"canonical\" href=\"https:\/\/revolutionpadelstore.com\/en\/kombat-osorno\/\" \/>\n<meta property=\"og:locale\" content=\"en_US\" \/>\n<meta property=\"og:type\" content=\"article\" \/>\n<meta property=\"og:title\" content=\"KOMBAT OSORNO - Revolution Padel Store\" \/>\n<meta property=\"og:description\" content=\"La Kombat Osorno est\u00e1 pensada para quienes buscan un equilibrio perfecto entre potencia y confort en su juego. Inspirada en la majestuosidad del volc\u00e1n Osorno en Chile, esta pala tiene un dise\u00f1o en forma de l\u00e1grima que ofrece un rendimiento sobresaliente tanto en control como en salida de bola\" \/>\n<meta property=\"og:url\" content=\"https:\/\/revolutionpadelstore.com\/en\/kombat-osorno\/\" \/>\n<meta property=\"og:site_name\" content=\"Revolution Padel Store\" \/>\n<meta property=\"article:modified_time\" content=\"2026-04-01T04:54:21+00:00\" \/>\n<meta property=\"og:image\" content=\"https:\/\/revolutionpadelstore.com\/wp-content\/uploads\/2024\/11\/115025_pala_kombat_osorno_1500x1500_1_66f0.webp\" \/>\n\t<meta property=\"og:image:width\" content=\"1500\" \/>\n\t<meta property=\"og:image:height\" content=\"1500\" \/>\n\t<meta property=\"og:image:type\" content=\"image\/webp\" \/>\n<meta name=\"twitter:card\" content=\"summary_large_image\" \/>\n<meta name=\"twitter:label1\" content=\"Est. reading time\" \/>\n\t<meta name=\"twitter:data1\" content=\"2 minutes\" \/>\n<script type=\"application\/ld+json\" class=\"yoast-schema-graph\">{\"@context\":\"https:\\\/\\\/schema.org\",\"@graph\":[{\"@type\":\"WebPage\",\"@id\":\"https:\\\/\\\/revolutionpadelstore.com\\\/en\\\/kombat-osorno\\\/\",\"url\":\"https:\\\/\\\/revolutionpadelstore.com\\\/en\\\/kombat-osorno\\\/\",\"name\":\"KOMBAT OSORNO - Revolution Padel Store\",\"isPartOf\":{\"@id\":\"https:\\\/\\\/revolutionpadelstore.com\\\/en\\\/#website\"},\"primaryImageOfPage\":{\"@id\":\"https:\\\/\\\/revolutionpadelstore.com\\\/en\\\/kombat-osorno\\\/#primaryimage\"},\"image\":{\"@id\":\"https:\\\/\\\/revolutionpadelstore.com\\\/en\\\/kombat-osorno\\\/#primaryimage\"},\"thumbnailUrl\":\"https:\\\/\\\/revolutionpadelstore.com\\\/wp-content\\\/uploads\\\/2024\\\/11\\\/115025_pala_kombat_osorno_1500x1500_1_66f0.webp\",\"datePublished\":\"2024-11-22T07:17:30+00:00\",\"dateModified\":\"2026-04-01T04:54:21+00:00\",\"description\":\"La Kombat Osorno est\u00e1 pensada para quienes buscan un equilibrio perfecto entre potencia y confort en su juego. Inspirada en la majestuosidad del volc\u00e1n Osorno en Chile, esta pala tiene un dise\u00f1o en forma de l\u00e1grima que ofrece un rendimiento sobresaliente tanto en control como en salida de bola\",\"breadcrumb\":{\"@id\":\"https:\\\/\\\/revolutionpadelstore.com\\\/en\\\/kombat-osorno\\\/#breadcrumb\"},\"inLanguage\":\"en-US\",\"potentialAction\":[{\"@type\":\"ReadAction\",\"target\":[\"https:\\\/\\\/revolutionpadelstore.com\\\/en\\\/kombat-osorno\\\/\"]}]},{\"@type\":\"ImageObject\",\"inLanguage\":\"en-US\",\"@id\":\"https:\\\/\\\/revolutionpadelstore.com\\\/en\\\/kombat-osorno\\\/#primaryimage\",\"url\":\"https:\\\/\\\/revolutionpadelstore.com\\\/wp-content\\\/uploads\\\/2024\\\/11\\\/115025_pala_kombat_osorno_1500x1500_1_66f0.webp\",\"contentUrl\":\"https:\\\/\\\/revolutionpadelstore.com\\\/wp-content\\\/uploads\\\/2024\\\/11\\\/115025_pala_kombat_osorno_1500x1500_1_66f0.webp\",\"width\":1500,\"height\":1500},{\"@type\":\"BreadcrumbList\",\"@id\":\"https:\\\/\\\/revolutionpadelstore.com\\\/en\\\/kombat-osorno\\\/#breadcrumb\",\"itemListElement\":[{\"@type\":\"ListItem\",\"position\":1,\"name\":\"Portada\",\"item\":\"https:\\\/\\\/revolutionpadelstore.com\\\/en\\\/\"},{\"@type\":\"ListItem\",\"position\":2,\"name\":\"Shop\",\"item\":\"https:\\\/\\\/revolutionpadelstore.com\\\/en\\\/shop\\\/\"},{\"@type\":\"ListItem\",\"position\":3,\"name\":\"KOMBAT OSORNO\"}]},{\"@type\":\"WebSite\",\"@id\":\"https:\\\/\\\/revolutionpadelstore.com\\\/en\\\/#website\",\"url\":\"https:\\\/\\\/revolutionpadelstore.com\\\/en\\\/\",\"name\":\"Revolution Padel Store\",\"description\":\"\",\"publisher\":{\"@id\":\"https:\\\/\\\/revolutionpadelstore.com\\\/en\\\/#organization\"},\"potentialAction\":[{\"@type\":\"SearchAction\",\"target\":{\"@type\":\"EntryPoint\",\"urlTemplate\":\"https:\\\/\\\/revolutionpadelstore.com\\\/en\\\/?s={search_term_string}\"},\"query-input\":{\"@type\":\"PropertyValueSpecification\",\"valueRequired\":true,\"valueName\":\"search_term_string\"}}],\"inLanguage\":\"en-US\"},{\"@type\":\"Organization\",\"@id\":\"https:\\\/\\\/revolutionpadelstore.com\\\/en\\\/#organization\",\"name\":\"Revolution Padel Store\",\"url\":\"https:\\\/\\\/revolutionpadelstore.com\\\/en\\\/\",\"logo\":{\"@type\":\"ImageObject\",\"inLanguage\":\"en-US\",\"@id\":\"https:\\\/\\\/revolutionpadelstore.com\\\/en\\\/#\\\/schema\\\/logo\\\/image\\\/\",\"url\":\"https:\\\/\\\/revolutionpadelstore.com\\\/wp-content\\\/uploads\\\/2026\\\/02\\\/revolution-padel-store.jpg\",\"contentUrl\":\"https:\\\/\\\/revolutionpadelstore.com\\\/wp-content\\\/uploads\\\/2026\\\/02\\\/revolution-padel-store.jpg\",\"width\":2000,\"height\":2000,\"caption\":\"Revolution Padel Store\"},\"image\":{\"@id\":\"https:\\\/\\\/revolutionpadelstore.com\\\/en\\\/#\\\/schema\\\/logo\\\/image\\\/\"},\"sameAs\":[\"https:\\\/\\\/www.instagram.com\\\/revolutionpadelstore\\\/\"]}]}<\/script>\n<!-- \/ Yoast SEO plugin. -->","yoast_head_json":{"title":"KOMBAT OSORNO - Revolution Padel Store","description":"La Kombat Osorno est\u00e1 pensada para quienes buscan un equilibrio perfecto entre potencia y confort en su juego. Inspirada en la majestuosidad del volc\u00e1n Osorno en Chile, esta pala tiene un dise\u00f1o en forma de l\u00e1grima que ofrece un rendimiento sobresaliente tanto en control como en salida de bola","robots":{"index":"index","follow":"follow","max-snippet":"max-snippet:-1","max-image-preview":"max-image-preview:large","max-video-preview":"max-video-preview:-1"},"canonical":"https:\/\/revolutionpadelstore.com\/en\/kombat-osorno\/","og_locale":"en_US","og_type":"article","og_title":"KOMBAT OSORNO - Revolution Padel Store","og_description":"La Kombat Osorno est\u00e1 pensada para quienes buscan un equilibrio perfecto entre potencia y confort en su juego. Inspirada en la majestuosidad del volc\u00e1n Osorno en Chile, esta pala tiene un dise\u00f1o en forma de l\u00e1grima que ofrece un rendimiento sobresaliente tanto en control como en salida de bola","og_url":"https:\/\/revolutionpadelstore.com\/en\/kombat-osorno\/","og_site_name":"Revolution Padel Store","article_modified_time":"2026-04-01T04:54:21+00:00","og_image":[{"width":1500,"height":1500,"url":"https:\/\/revolutionpadelstore.com\/wp-content\/uploads\/2024\/11\/115025_pala_kombat_osorno_1500x1500_1_66f0.webp","type":"image\/webp"}],"twitter_card":"summary_large_image","twitter_misc":{"Est. reading time":"2 minutes"},"schema":{"@context":"https:\/\/schema.org","@graph":[{"@type":"WebPage","@id":"https:\/\/revolutionpadelstore.com\/en\/kombat-osorno\/","url":"https:\/\/revolutionpadelstore.com\/en\/kombat-osorno\/","name":"KOMBAT OSORNO - Revolution Padel Store","isPartOf":{"@id":"https:\/\/revolutionpadelstore.com\/en\/#website"},"primaryImageOfPage":{"@id":"https:\/\/revolutionpadelstore.com\/en\/kombat-osorno\/#primaryimage"},"image":{"@id":"https:\/\/revolutionpadelstore.com\/en\/kombat-osorno\/#primaryimage"},"thumbnailUrl":"https:\/\/revolutionpadelstore.com\/wp-content\/uploads\/2024\/11\/115025_pala_kombat_osorno_1500x1500_1_66f0.webp","datePublished":"2024-11-22T07:17:30+00:00","dateModified":"2026-04-01T04:54:21+00:00","description":"La Kombat Osorno est\u00e1 pensada para quienes buscan un equilibrio perfecto entre potencia y confort en su juego. Inspirada en la majestuosidad del volc\u00e1n Osorno en Chile, esta pala tiene un dise\u00f1o en forma de l\u00e1grima que ofrece un rendimiento sobresaliente tanto en control como en salida de bola","breadcrumb":{"@id":"https:\/\/revolutionpadelstore.com\/en\/kombat-osorno\/#breadcrumb"},"inLanguage":"en-US","potentialAction":[{"@type":"ReadAction","target":["https:\/\/revolutionpadelstore.com\/en\/kombat-osorno\/"]}]},{"@type":"ImageObject","inLanguage":"en-US","@id":"https:\/\/revolutionpadelstore.com\/en\/kombat-osorno\/#primaryimage","url":"https:\/\/revolutionpadelstore.com\/wp-content\/uploads\/2024\/11\/115025_pala_kombat_osorno_1500x1500_1_66f0.webp","contentUrl":"https:\/\/revolutionpadelstore.com\/wp-content\/uploads\/2024\/11\/115025_pala_kombat_osorno_1500x1500_1_66f0.webp","width":1500,"height":1500},{"@type":"BreadcrumbList","@id":"https:\/\/revolutionpadelstore.com\/en\/kombat-osorno\/#breadcrumb","itemListElement":[{"@type":"ListItem","position":1,"name":"Portada","item":"https:\/\/revolutionpadelstore.com\/en\/"},{"@type":"ListItem","position":2,"name":"Shop","item":"https:\/\/revolutionpadelstore.com\/en\/shop\/"},{"@type":"ListItem","position":3,"name":"KOMBAT OSORNO"}]},{"@type":"WebSite","@id":"https:\/\/revolutionpadelstore.com\/en\/#website","url":"https:\/\/revolutionpadelstore.com\/en\/","name":"Revolution Padel Store","description":"","publisher":{"@id":"https:\/\/revolutionpadelstore.com\/en\/#organization"},"potentialAction":[{"@type":"SearchAction","target":{"@type":"EntryPoint","urlTemplate":"https:\/\/revolutionpadelstore.com\/en\/?s={search_term_string}"},"query-input":{"@type":"PropertyValueSpecification","valueRequired":true,"valueName":"search_term_string"}}],"inLanguage":"en-US"},{"@type":"Organization","@id":"https:\/\/revolutionpadelstore.com\/en\/#organization","name":"Revolution Padel Store","url":"https:\/\/revolutionpadelstore.com\/en\/","logo":{"@type":"ImageObject","inLanguage":"en-US","@id":"https:\/\/revolutionpadelstore.com\/en\/#\/schema\/logo\/image\/","url":"https:\/\/revolutionpadelstore.com\/wp-content\/uploads\/2026\/02\/revolution-padel-store.jpg","contentUrl":"https:\/\/revolutionpadelstore.com\/wp-content\/uploads\/2026\/02\/revolution-padel-store.jpg","width":2000,"height":2000,"caption":"Revolution Padel Store"},"image":{"@id":"https:\/\/revolutionpadelstore.com\/en\/#\/schema\/logo\/image\/"},"sameAs":["https:\/\/www.instagram.com\/revolutionpadelstore\/"]}]}},"_links":{"self":[{"href":"https:\/\/revolutionpadelstore.com\/en\/wp-json\/wp\/v2\/product\/125468","targetHints":{"allow":["GET"]}}],"collection":[{"href":"https:\/\/revolutionpadelstore.com\/en\/wp-json\/wp\/v2\/product"}],"about":[{"href":"https:\/\/revolutionpadelstore.com\/en\/wp-json\/wp\/v2\/types\/product"}],"replies":[{"embeddable":true,"href":"https:\/\/revolutionpadelstore.com\/en\/wp-json\/wp\/v2\/comments?post=125468"}],"wp:featuredmedia":[{"embeddable":true,"href":"https:\/\/revolutionpadelstore.com\/en\/wp-json\/wp\/v2\/media\/124918"}],"wp:attachment":[{"href":"https:\/\/revolutionpadelstore.com\/en\/wp-json\/wp\/v2\/media?parent=125468"}],"wp:term":[{"taxonomy":"acabado","embeddable":true,"href":"https:\/\/revolutionpadelstore.com\/en\/wp-json\/wp\/v2\/acabado?post=125468"},{"taxonomy":"balance","embeddable":true,"href":"https:\/\/revolutionpadelstore.com\/en\/wp-json\/wp\/v2\/balance?post=125468"},{"taxonomy":"dureza","embeddable":true,"href":"https:\/\/revolutionpadelstore.com\/en\/wp-json\/wp\/v2\/dureza?post=125468"},{"taxonomy":"forma","embeddable":true,"href":"https:\/\/revolutionpadelstore.com\/en\/wp-json\/wp\/v2\/forma?post=125468"},{"taxonomy":"jugador","embeddable":true,"href":"https:\/\/revolutionpadelstore.com\/en\/wp-json\/wp\/v2\/jugador?post=125468"},{"taxonomy":"marca","embeddable":true,"href":"https:\/\/revolutionpadelstore.com\/en\/wp-json\/wp\/v2\/marca?post=125468"},{"taxonomy":"nivel-de-juego","embeddable":true,"href":"https:\/\/revolutionpadelstore.com\/en\/wp-json\/wp\/v2\/nivel-de-juego?post=125468"},{"taxonomy":"superficie","embeddable":true,"href":"https:\/\/revolutionpadelstore.com\/en\/wp-json\/wp\/v2\/superficie?post=125468"},{"taxonomy":"tipo-de-juego","embeddable":true,"href":"https:\/\/revolutionpadelstore.com\/en\/wp-json\/wp\/v2\/tipo-de-juego?post=125468"},{"taxonomy":"product_brand","embeddable":true,"href":"https:\/\/revolutionpadelstore.com\/en\/wp-json\/wp\/v2\/product_brand?post=125468"},{"taxonomy":"product_cat","embeddable":true,"href":"https:\/\/revolutionpadelstore.com\/en\/wp-json\/wp\/v2\/product_cat?post=125468"},{"taxonomy":"product_tag","embeddable":true,"href":"https:\/\/revolutionpadelstore.com\/en\/wp-json\/wp\/v2\/product_tag?post=125468"}],"curies":[{"name":"wp","href":"https:\/\/api.w.org\/{rel}","templated":true}]}}