{"id":125463,"date":"2024-11-22T08:29:02","date_gmt":"2024-11-22T07:29:02","guid":{"rendered":"https:\/\/revolutionpadelstore.com\/kombat-fuji\/"},"modified":"2026-04-01T06:53:56","modified_gmt":"2026-04-01T04:53:56","slug":"kombat-fuji-2","status":"publish","type":"product","link":"https:\/\/revolutionpadelstore.com\/en\/kombat-fuji-2\/","title":{"rendered":"KOMBAT FUJI"},"content":{"rendered":"<p><H2> <strong> Kombat Fuji, maximum versatility <\/strong> <\/ h2><br \/>\nKombat&#8217;s Fuji paddle shovel is the model preferred by Manu Mart\u00edn within the Vulcano collection, thanks to its exceptional characteristics and its robust construction, which guarantees superior performance on the track. Its design is inspired by the majesty of Mount Fuji.<\/p>\n<p>With a tear -shaped mold, middle balance and a centered sweet point, the Fuji Kombat stands out for its versatility and ability to adapt to any game situation. The middle balance distributes the weight in a balanced way, while the sweet point in the center allows to obtain the best performance in a wide variety of blows.<br \/>\n<H2> <strong> Pala Fuji, ideal for demanding players <\/strong> <\/ h2><br \/>\nThis shovel has been specifically designed for paddle players who are looking for greater versatility in their game and wish to print more effects on the ball, which allows them to run a wider range of blows. It is perfect for demanding players looking for a balance between control and power, offering an exceptional ball outlet.<br \/>\n<H2> <strong> Kombat Fuji Shovel Characteristics <\/strong> <\/ h2><br \/>\n<strong>-Black Eva Eva Nougen Nightness Nightness <\/strong>: It provides a precise feeling and an excellent ball outlet.<\/p>\n<p><strong> -Barco Carbon Fiber Tubular 100%<\/strong>: Improves durability thanks to its great wear resistance.<\/p>\n<p><strong>-Carbon plans 18k Aluminized <\/strong>: They provide flexibility and improved control.<\/p>\n<p><strong> -Superficie rugosa <\/strong>: Allows a greater grip of the ball, which makes it easier to hit it with greater effect.<br \/>\n&lt;In<br \/>\nDo not miss the opportunity to reach your maximum level on the track with the Kombat Fuji, the most balanced tear shovel in the Kombat Vulcan collection. With 18K carbon plans and Black Eva nucleus, this shovel offers exceptional performance at all times.<\/p>\n<h2><strong>Kombat Fuji, m\u00e1xima versatilidad<\/strong><\/p>\n","protected":false},"excerpt":{"rendered":"<p>Kombat Fuji, tear shovel with intermediate balance for players who need extra versatility to improve their performance on the track. Black Eva nucleus and rough carbon planes 18K.<\/p>\n","protected":false},"featured_media":124949,"comment_status":"open","ping_status":"closed","template":"","meta":{"_acf_changed":false,"_joinchat":[]},"acabado":[1083,1088,1093],"balance":[1143],"dureza":[1158],"forma":[1188],"jugador":[1193,1203],"marca":[1701],"nivel-de-juego":[1338,1343],"superficie":[1363],"tipo-de-juego":[1388],"product_brand":[],"product_cat":[303],"product_tag":[],"class_list":{"0":"post-125463","1":"product","2":"type-product","3":"status-publish","4":"has-post-thumbnail","6":"acabado-brightness","7":"acabado-mate-en","8":"acabado-relieve-3d-en","9":"balance-medium","10":"dureza-media-en","11":"forma-lagrima-en","12":"jugador-hombre-en","13":"jugador-multipurpose","14":"marca-kombat-en","15":"superficie-rugosa-en","16":"tipo-de-juego-multipurpose","17":"product_cat-palas","19":"first","20":"instock","21":"taxable","22":"shipping-taxable","23":"purchasable","24":"product-type-simple"},"acf":[],"yoast_head":"<!-- This site is optimized with the Yoast SEO plugin v27.3 - https:\/\/yoast.com\/product\/yoast-seo-wordpress\/ -->\n<title>KOMBAT FUJI - Revolution Padel Store<\/title>\n<meta name=\"description\" content=\"La pala de p\u00e1del Fuji de Kombat es el modelo favorito de Manu Mart\u00edn de la colecci\u00f3n Vulcano por sus incre\u00edbles prestaciones y construcci\u00f3n robusta, que la convierten en una opci\u00f3n que garantiza un gran rendimiento en el terreno de juego. Inspirada en la majestuosidad del monte Fuji.\" \/>\n<meta name=\"robots\" content=\"index, follow, max-snippet:-1, max-image-preview:large, max-video-preview:-1\" \/>\n<link rel=\"canonical\" href=\"https:\/\/revolutionpadelstore.com\/en\/kombat-fuji-2\/\" \/>\n<meta property=\"og:locale\" content=\"en_US\" \/>\n<meta property=\"og:type\" content=\"article\" \/>\n<meta property=\"og:title\" content=\"KOMBAT FUJI - Revolution Padel Store\" \/>\n<meta property=\"og:description\" content=\"La pala de p\u00e1del Fuji de Kombat es el modelo favorito de Manu Mart\u00edn de la colecci\u00f3n Vulcano por sus incre\u00edbles prestaciones y construcci\u00f3n robusta, que la convierten en una opci\u00f3n que garantiza un gran rendimiento en el terreno de juego. Inspirada en la majestuosidad del monte Fuji.\" \/>\n<meta property=\"og:url\" content=\"https:\/\/revolutionpadelstore.com\/en\/kombat-fuji-2\/\" \/>\n<meta property=\"og:site_name\" content=\"Revolution Padel Store\" \/>\n<meta property=\"article:modified_time\" content=\"2026-04-01T04:53:56+00:00\" \/>\n<meta property=\"og:image\" content=\"https:\/\/revolutionpadelstore.com\/wp-content\/uploads\/2024\/11\/115022_pala_kombat_fuji_1500x1500_1_b0e5.webp\" \/>\n\t<meta property=\"og:image:width\" content=\"1500\" \/>\n\t<meta property=\"og:image:height\" content=\"1500\" \/>\n\t<meta property=\"og:image:type\" content=\"image\/webp\" \/>\n<meta name=\"twitter:card\" content=\"summary_large_image\" \/>\n<meta name=\"twitter:label1\" content=\"Est. reading time\" \/>\n\t<meta name=\"twitter:data1\" content=\"2 minutes\" \/>\n<script type=\"application\/ld+json\" class=\"yoast-schema-graph\">{\"@context\":\"https:\\\/\\\/schema.org\",\"@graph\":[{\"@type\":\"WebPage\",\"@id\":\"https:\\\/\\\/revolutionpadelstore.com\\\/en\\\/kombat-fuji-2\\\/\",\"url\":\"https:\\\/\\\/revolutionpadelstore.com\\\/en\\\/kombat-fuji-2\\\/\",\"name\":\"KOMBAT FUJI - Revolution Padel Store\",\"isPartOf\":{\"@id\":\"https:\\\/\\\/revolutionpadelstore.com\\\/en\\\/#website\"},\"primaryImageOfPage\":{\"@id\":\"https:\\\/\\\/revolutionpadelstore.com\\\/en\\\/kombat-fuji-2\\\/#primaryimage\"},\"image\":{\"@id\":\"https:\\\/\\\/revolutionpadelstore.com\\\/en\\\/kombat-fuji-2\\\/#primaryimage\"},\"thumbnailUrl\":\"https:\\\/\\\/revolutionpadelstore.com\\\/wp-content\\\/uploads\\\/2024\\\/11\\\/115022_pala_kombat_fuji_1500x1500_1_b0e5.webp\",\"datePublished\":\"2024-11-22T07:29:02+00:00\",\"dateModified\":\"2026-04-01T04:53:56+00:00\",\"description\":\"La pala de p\u00e1del Fuji de Kombat es el modelo favorito de Manu Mart\u00edn de la colecci\u00f3n Vulcano por sus incre\u00edbles prestaciones y construcci\u00f3n robusta, que la convierten en una opci\u00f3n que garantiza un gran rendimiento en el terreno de juego. Inspirada en la majestuosidad del monte Fuji.\",\"breadcrumb\":{\"@id\":\"https:\\\/\\\/revolutionpadelstore.com\\\/en\\\/kombat-fuji-2\\\/#breadcrumb\"},\"inLanguage\":\"en-US\",\"potentialAction\":[{\"@type\":\"ReadAction\",\"target\":[\"https:\\\/\\\/revolutionpadelstore.com\\\/en\\\/kombat-fuji-2\\\/\"]}]},{\"@type\":\"ImageObject\",\"inLanguage\":\"en-US\",\"@id\":\"https:\\\/\\\/revolutionpadelstore.com\\\/en\\\/kombat-fuji-2\\\/#primaryimage\",\"url\":\"https:\\\/\\\/revolutionpadelstore.com\\\/wp-content\\\/uploads\\\/2024\\\/11\\\/115022_pala_kombat_fuji_1500x1500_1_b0e5.webp\",\"contentUrl\":\"https:\\\/\\\/revolutionpadelstore.com\\\/wp-content\\\/uploads\\\/2024\\\/11\\\/115022_pala_kombat_fuji_1500x1500_1_b0e5.webp\",\"width\":1500,\"height\":1500},{\"@type\":\"BreadcrumbList\",\"@id\":\"https:\\\/\\\/revolutionpadelstore.com\\\/en\\\/kombat-fuji-2\\\/#breadcrumb\",\"itemListElement\":[{\"@type\":\"ListItem\",\"position\":1,\"name\":\"Portada\",\"item\":\"https:\\\/\\\/revolutionpadelstore.com\\\/en\\\/\"},{\"@type\":\"ListItem\",\"position\":2,\"name\":\"Shop\",\"item\":\"https:\\\/\\\/revolutionpadelstore.com\\\/en\\\/shop\\\/\"},{\"@type\":\"ListItem\",\"position\":3,\"name\":\"KOMBAT FUJI\"}]},{\"@type\":\"WebSite\",\"@id\":\"https:\\\/\\\/revolutionpadelstore.com\\\/en\\\/#website\",\"url\":\"https:\\\/\\\/revolutionpadelstore.com\\\/en\\\/\",\"name\":\"Revolution Padel Store\",\"description\":\"\",\"publisher\":{\"@id\":\"https:\\\/\\\/revolutionpadelstore.com\\\/en\\\/#organization\"},\"potentialAction\":[{\"@type\":\"SearchAction\",\"target\":{\"@type\":\"EntryPoint\",\"urlTemplate\":\"https:\\\/\\\/revolutionpadelstore.com\\\/en\\\/?s={search_term_string}\"},\"query-input\":{\"@type\":\"PropertyValueSpecification\",\"valueRequired\":true,\"valueName\":\"search_term_string\"}}],\"inLanguage\":\"en-US\"},{\"@type\":\"Organization\",\"@id\":\"https:\\\/\\\/revolutionpadelstore.com\\\/en\\\/#organization\",\"name\":\"Revolution Padel Store\",\"url\":\"https:\\\/\\\/revolutionpadelstore.com\\\/en\\\/\",\"logo\":{\"@type\":\"ImageObject\",\"inLanguage\":\"en-US\",\"@id\":\"https:\\\/\\\/revolutionpadelstore.com\\\/en\\\/#\\\/schema\\\/logo\\\/image\\\/\",\"url\":\"https:\\\/\\\/revolutionpadelstore.com\\\/wp-content\\\/uploads\\\/2026\\\/02\\\/revolution-padel-store.jpg\",\"contentUrl\":\"https:\\\/\\\/revolutionpadelstore.com\\\/wp-content\\\/uploads\\\/2026\\\/02\\\/revolution-padel-store.jpg\",\"width\":2000,\"height\":2000,\"caption\":\"Revolution Padel Store\"},\"image\":{\"@id\":\"https:\\\/\\\/revolutionpadelstore.com\\\/en\\\/#\\\/schema\\\/logo\\\/image\\\/\"},\"sameAs\":[\"https:\\\/\\\/www.instagram.com\\\/revolutionpadelstore\\\/\"]}]}<\/script>\n<!-- \/ Yoast SEO plugin. -->","yoast_head_json":{"title":"KOMBAT FUJI - Revolution Padel Store","description":"La pala de p\u00e1del Fuji de Kombat es el modelo favorito de Manu Mart\u00edn de la colecci\u00f3n Vulcano por sus incre\u00edbles prestaciones y construcci\u00f3n robusta, que la convierten en una opci\u00f3n que garantiza un gran rendimiento en el terreno de juego. Inspirada en la majestuosidad del monte Fuji.","robots":{"index":"index","follow":"follow","max-snippet":"max-snippet:-1","max-image-preview":"max-image-preview:large","max-video-preview":"max-video-preview:-1"},"canonical":"https:\/\/revolutionpadelstore.com\/en\/kombat-fuji-2\/","og_locale":"en_US","og_type":"article","og_title":"KOMBAT FUJI - Revolution Padel Store","og_description":"La pala de p\u00e1del Fuji de Kombat es el modelo favorito de Manu Mart\u00edn de la colecci\u00f3n Vulcano por sus incre\u00edbles prestaciones y construcci\u00f3n robusta, que la convierten en una opci\u00f3n que garantiza un gran rendimiento en el terreno de juego. Inspirada en la majestuosidad del monte Fuji.","og_url":"https:\/\/revolutionpadelstore.com\/en\/kombat-fuji-2\/","og_site_name":"Revolution Padel Store","article_modified_time":"2026-04-01T04:53:56+00:00","og_image":[{"width":1500,"height":1500,"url":"https:\/\/revolutionpadelstore.com\/wp-content\/uploads\/2024\/11\/115022_pala_kombat_fuji_1500x1500_1_b0e5.webp","type":"image\/webp"}],"twitter_card":"summary_large_image","twitter_misc":{"Est. reading time":"2 minutes"},"schema":{"@context":"https:\/\/schema.org","@graph":[{"@type":"WebPage","@id":"https:\/\/revolutionpadelstore.com\/en\/kombat-fuji-2\/","url":"https:\/\/revolutionpadelstore.com\/en\/kombat-fuji-2\/","name":"KOMBAT FUJI - Revolution Padel Store","isPartOf":{"@id":"https:\/\/revolutionpadelstore.com\/en\/#website"},"primaryImageOfPage":{"@id":"https:\/\/revolutionpadelstore.com\/en\/kombat-fuji-2\/#primaryimage"},"image":{"@id":"https:\/\/revolutionpadelstore.com\/en\/kombat-fuji-2\/#primaryimage"},"thumbnailUrl":"https:\/\/revolutionpadelstore.com\/wp-content\/uploads\/2024\/11\/115022_pala_kombat_fuji_1500x1500_1_b0e5.webp","datePublished":"2024-11-22T07:29:02+00:00","dateModified":"2026-04-01T04:53:56+00:00","description":"La pala de p\u00e1del Fuji de Kombat es el modelo favorito de Manu Mart\u00edn de la colecci\u00f3n Vulcano por sus incre\u00edbles prestaciones y construcci\u00f3n robusta, que la convierten en una opci\u00f3n que garantiza un gran rendimiento en el terreno de juego. Inspirada en la majestuosidad del monte Fuji.","breadcrumb":{"@id":"https:\/\/revolutionpadelstore.com\/en\/kombat-fuji-2\/#breadcrumb"},"inLanguage":"en-US","potentialAction":[{"@type":"ReadAction","target":["https:\/\/revolutionpadelstore.com\/en\/kombat-fuji-2\/"]}]},{"@type":"ImageObject","inLanguage":"en-US","@id":"https:\/\/revolutionpadelstore.com\/en\/kombat-fuji-2\/#primaryimage","url":"https:\/\/revolutionpadelstore.com\/wp-content\/uploads\/2024\/11\/115022_pala_kombat_fuji_1500x1500_1_b0e5.webp","contentUrl":"https:\/\/revolutionpadelstore.com\/wp-content\/uploads\/2024\/11\/115022_pala_kombat_fuji_1500x1500_1_b0e5.webp","width":1500,"height":1500},{"@type":"BreadcrumbList","@id":"https:\/\/revolutionpadelstore.com\/en\/kombat-fuji-2\/#breadcrumb","itemListElement":[{"@type":"ListItem","position":1,"name":"Portada","item":"https:\/\/revolutionpadelstore.com\/en\/"},{"@type":"ListItem","position":2,"name":"Shop","item":"https:\/\/revolutionpadelstore.com\/en\/shop\/"},{"@type":"ListItem","position":3,"name":"KOMBAT FUJI"}]},{"@type":"WebSite","@id":"https:\/\/revolutionpadelstore.com\/en\/#website","url":"https:\/\/revolutionpadelstore.com\/en\/","name":"Revolution Padel Store","description":"","publisher":{"@id":"https:\/\/revolutionpadelstore.com\/en\/#organization"},"potentialAction":[{"@type":"SearchAction","target":{"@type":"EntryPoint","urlTemplate":"https:\/\/revolutionpadelstore.com\/en\/?s={search_term_string}"},"query-input":{"@type":"PropertyValueSpecification","valueRequired":true,"valueName":"search_term_string"}}],"inLanguage":"en-US"},{"@type":"Organization","@id":"https:\/\/revolutionpadelstore.com\/en\/#organization","name":"Revolution Padel Store","url":"https:\/\/revolutionpadelstore.com\/en\/","logo":{"@type":"ImageObject","inLanguage":"en-US","@id":"https:\/\/revolutionpadelstore.com\/en\/#\/schema\/logo\/image\/","url":"https:\/\/revolutionpadelstore.com\/wp-content\/uploads\/2026\/02\/revolution-padel-store.jpg","contentUrl":"https:\/\/revolutionpadelstore.com\/wp-content\/uploads\/2026\/02\/revolution-padel-store.jpg","width":2000,"height":2000,"caption":"Revolution Padel Store"},"image":{"@id":"https:\/\/revolutionpadelstore.com\/en\/#\/schema\/logo\/image\/"},"sameAs":["https:\/\/www.instagram.com\/revolutionpadelstore\/"]}]}},"_links":{"self":[{"href":"https:\/\/revolutionpadelstore.com\/en\/wp-json\/wp\/v2\/product\/125463","targetHints":{"allow":["GET"]}}],"collection":[{"href":"https:\/\/revolutionpadelstore.com\/en\/wp-json\/wp\/v2\/product"}],"about":[{"href":"https:\/\/revolutionpadelstore.com\/en\/wp-json\/wp\/v2\/types\/product"}],"replies":[{"embeddable":true,"href":"https:\/\/revolutionpadelstore.com\/en\/wp-json\/wp\/v2\/comments?post=125463"}],"wp:featuredmedia":[{"embeddable":true,"href":"https:\/\/revolutionpadelstore.com\/en\/wp-json\/wp\/v2\/media\/124949"}],"wp:attachment":[{"href":"https:\/\/revolutionpadelstore.com\/en\/wp-json\/wp\/v2\/media?parent=125463"}],"wp:term":[{"taxonomy":"acabado","embeddable":true,"href":"https:\/\/revolutionpadelstore.com\/en\/wp-json\/wp\/v2\/acabado?post=125463"},{"taxonomy":"balance","embeddable":true,"href":"https:\/\/revolutionpadelstore.com\/en\/wp-json\/wp\/v2\/balance?post=125463"},{"taxonomy":"dureza","embeddable":true,"href":"https:\/\/revolutionpadelstore.com\/en\/wp-json\/wp\/v2\/dureza?post=125463"},{"taxonomy":"forma","embeddable":true,"href":"https:\/\/revolutionpadelstore.com\/en\/wp-json\/wp\/v2\/forma?post=125463"},{"taxonomy":"jugador","embeddable":true,"href":"https:\/\/revolutionpadelstore.com\/en\/wp-json\/wp\/v2\/jugador?post=125463"},{"taxonomy":"marca","embeddable":true,"href":"https:\/\/revolutionpadelstore.com\/en\/wp-json\/wp\/v2\/marca?post=125463"},{"taxonomy":"nivel-de-juego","embeddable":true,"href":"https:\/\/revolutionpadelstore.com\/en\/wp-json\/wp\/v2\/nivel-de-juego?post=125463"},{"taxonomy":"superficie","embeddable":true,"href":"https:\/\/revolutionpadelstore.com\/en\/wp-json\/wp\/v2\/superficie?post=125463"},{"taxonomy":"tipo-de-juego","embeddable":true,"href":"https:\/\/revolutionpadelstore.com\/en\/wp-json\/wp\/v2\/tipo-de-juego?post=125463"},{"taxonomy":"product_brand","embeddable":true,"href":"https:\/\/revolutionpadelstore.com\/en\/wp-json\/wp\/v2\/product_brand?post=125463"},{"taxonomy":"product_cat","embeddable":true,"href":"https:\/\/revolutionpadelstore.com\/en\/wp-json\/wp\/v2\/product_cat?post=125463"},{"taxonomy":"product_tag","embeddable":true,"href":"https:\/\/revolutionpadelstore.com\/en\/wp-json\/wp\/v2\/product_tag?post=125463"}],"curies":[{"name":"wp","href":"https:\/\/api.w.org\/{rel}","templated":true}]}}