{"id":125458,"date":"2024-11-23T00:58:34","date_gmt":"2024-11-22T23:58:34","guid":{"rendered":"https:\/\/revolutionpadelstore.com\/kombat-etna\/"},"modified":"2026-04-01T06:53:31","modified_gmt":"2026-04-01T04:53:31","slug":"kombat-etna","status":"publish","type":"product","link":"https:\/\/revolutionpadelstore.com\/en\/kombat-etna\/","title":{"rendered":"KOMBAT ETNA"},"content":{"rendered":"<p><strong> Kombat Etna 2025: maximum power <\/strong><\/p>\n<p>The Kombat Etna paddle blade, part of the Vulcano By Manu Mart\u00edn collection, has a diamond shape with a high balance and a sweet point oriented towards the upper part, which makes it a perfect option for players looking for extraordinary power In their blows. Dominate each point on the network with the strength and stability of your shots. Its design is inspired by the imposing energy of the ETNA volcano.<\/p>\n<p><strong> Pala Fuji: For ambitious players <\/strong><\/p>\n<p>The Fuji shovel is designed for offensive players who want to dominate each play near the network, seeking to increase the power and speed in their blows without losing control in the decentralized shots. It is the ideal option for ambitious players who seek to achieve their maximum performance on the court.<\/p>\n<p><strong> characteristics of the Kombat Etna <\/strong><\/p>\n<p>-12k carbon plans that provide a solid and fast response in each blow<\/p>\n<p>-Cars with rough finish for greater precision when hitting with effect<\/p>\n<p>-100%carbon fiber tubular marco, which gives it lightness and resistance<\/p>\n<p>-The Black Eva High Density Rubber Noun, ensuring excellent energy transfer and a firm touch<\/p>\n<p>-Diamond form with high balance for a powerful attack on the network<\/p>\n<p>-Sistema Sharp Hole, which extends the sweet point, offering greater precision when hitting<\/p>\n<p><strong> available at Revolution Padel Store <\/strong><\/p>\n<p>If you are a demanding player who seeks more power in offensive exchanges near the network, the Kombat Etna, with its diamond form and high balance, will provide you with an outstanding performance and a great ball outlet, improving your game quickly.<strong>Kombat Etna 2025: Potencia al m\u00e1ximo<\/strong><\/p>\n","protected":false},"excerpt":{"rendered":"<p>Kombat Etna 2025 of the Manu Mart\u00edn Vulcano collection. Diamond shovel with high balance ideal for printing effect and power in each blow. Designed for offensive players.<\/p>\n","protected":false},"featured_media":125034,"comment_status":"open","ping_status":"closed","template":"","meta":{"_acf_changed":false,"_joinchat":[]},"acabado":[1083,1088],"balance":[1138],"dureza":[1163],"forma":[1173],"jugador":[1193,1203],"marca":[1701],"nivel-de-juego":[1338],"superficie":[1363],"tipo-de-juego":[1378],"product_brand":[],"product_cat":[303],"product_tag":[],"class_list":{"0":"post-125458","1":"product","2":"type-product","3":"status-publish","4":"has-post-thumbnail","6":"acabado-brightness","7":"acabado-mate-en","8":"balance-alto-en","9":"dureza-dura-en","10":"forma-diamante-en","11":"jugador-hombre-en","12":"jugador-multipurpose","13":"marca-kombat-en","14":"superficie-rugosa-en","15":"tipo-de-juego-potencia-en","16":"product_cat-palas","18":"first","19":"instock","20":"taxable","21":"shipping-taxable","22":"purchasable","23":"product-type-simple"},"acf":[],"yoast_head":"<!-- This site is optimized with the Yoast SEO plugin v27.3 - https:\/\/yoast.com\/product\/yoast-seo-wordpress\/ -->\n<title>KOMBAT ETNA - Revolution Padel Store<\/title>\n<meta name=\"description\" content=\"La pala de p\u00e1del Kombat Etna, que pertenece a la colecci\u00f3n Vulcano by Manu Mart\u00edn, presenta una forma de diamante con un balance alto y punto dulce inclinado hacia la cabeza, por lo que es una opci\u00f3n que garantiza una espectacular potencia en el ataque. Podr\u00e1s dominar cada punto desde la red gracias a la magn\u00edfica potencia y solidez de tus golpes. Su dise\u00f1o se inspira en la incre\u00edble fuerza del volc\u00e1n Etna\" \/>\n<meta name=\"robots\" content=\"index, follow, max-snippet:-1, max-image-preview:large, max-video-preview:-1\" \/>\n<link rel=\"canonical\" href=\"https:\/\/revolutionpadelstore.com\/en\/kombat-etna\/\" \/>\n<meta property=\"og:locale\" content=\"en_US\" \/>\n<meta property=\"og:type\" content=\"article\" \/>\n<meta property=\"og:title\" content=\"KOMBAT ETNA - Revolution Padel Store\" \/>\n<meta property=\"og:description\" content=\"La pala de p\u00e1del Kombat Etna, que pertenece a la colecci\u00f3n Vulcano by Manu Mart\u00edn, presenta una forma de diamante con un balance alto y punto dulce inclinado hacia la cabeza, por lo que es una opci\u00f3n que garantiza una espectacular potencia en el ataque. Podr\u00e1s dominar cada punto desde la red gracias a la magn\u00edfica potencia y solidez de tus golpes. Su dise\u00f1o se inspira en la incre\u00edble fuerza del volc\u00e1n Etna\" \/>\n<meta property=\"og:url\" content=\"https:\/\/revolutionpadelstore.com\/en\/kombat-etna\/\" \/>\n<meta property=\"og:site_name\" content=\"Revolution Padel Store\" \/>\n<meta property=\"article:modified_time\" content=\"2026-04-01T04:53:31+00:00\" \/>\n<meta property=\"og:image\" content=\"https:\/\/revolutionpadelstore.com\/wp-content\/uploads\/2024\/11\/115021_pala_kombat_etna_1500x1500_1_fc5d.webp\" \/>\n\t<meta property=\"og:image:width\" content=\"1500\" \/>\n\t<meta property=\"og:image:height\" content=\"1500\" \/>\n\t<meta property=\"og:image:type\" content=\"image\/webp\" \/>\n<meta name=\"twitter:card\" content=\"summary_large_image\" \/>\n<meta name=\"twitter:label1\" content=\"Est. reading time\" \/>\n\t<meta name=\"twitter:data1\" content=\"2 minutes\" \/>\n<script type=\"application\/ld+json\" class=\"yoast-schema-graph\">{\"@context\":\"https:\\\/\\\/schema.org\",\"@graph\":[{\"@type\":\"WebPage\",\"@id\":\"https:\\\/\\\/revolutionpadelstore.com\\\/en\\\/kombat-etna\\\/\",\"url\":\"https:\\\/\\\/revolutionpadelstore.com\\\/en\\\/kombat-etna\\\/\",\"name\":\"KOMBAT ETNA - Revolution Padel Store\",\"isPartOf\":{\"@id\":\"https:\\\/\\\/revolutionpadelstore.com\\\/en\\\/#website\"},\"primaryImageOfPage\":{\"@id\":\"https:\\\/\\\/revolutionpadelstore.com\\\/en\\\/kombat-etna\\\/#primaryimage\"},\"image\":{\"@id\":\"https:\\\/\\\/revolutionpadelstore.com\\\/en\\\/kombat-etna\\\/#primaryimage\"},\"thumbnailUrl\":\"https:\\\/\\\/revolutionpadelstore.com\\\/wp-content\\\/uploads\\\/2024\\\/11\\\/115021_pala_kombat_etna_1500x1500_1_fc5d.webp\",\"datePublished\":\"2024-11-22T23:58:34+00:00\",\"dateModified\":\"2026-04-01T04:53:31+00:00\",\"description\":\"La pala de p\u00e1del Kombat Etna, que pertenece a la colecci\u00f3n Vulcano by Manu Mart\u00edn, presenta una forma de diamante con un balance alto y punto dulce inclinado hacia la cabeza, por lo que es una opci\u00f3n que garantiza una espectacular potencia en el ataque. Podr\u00e1s dominar cada punto desde la red gracias a la magn\u00edfica potencia y solidez de tus golpes. Su dise\u00f1o se inspira en la incre\u00edble fuerza del volc\u00e1n Etna\",\"breadcrumb\":{\"@id\":\"https:\\\/\\\/revolutionpadelstore.com\\\/en\\\/kombat-etna\\\/#breadcrumb\"},\"inLanguage\":\"en-US\",\"potentialAction\":[{\"@type\":\"ReadAction\",\"target\":[\"https:\\\/\\\/revolutionpadelstore.com\\\/en\\\/kombat-etna\\\/\"]}]},{\"@type\":\"ImageObject\",\"inLanguage\":\"en-US\",\"@id\":\"https:\\\/\\\/revolutionpadelstore.com\\\/en\\\/kombat-etna\\\/#primaryimage\",\"url\":\"https:\\\/\\\/revolutionpadelstore.com\\\/wp-content\\\/uploads\\\/2024\\\/11\\\/115021_pala_kombat_etna_1500x1500_1_fc5d.webp\",\"contentUrl\":\"https:\\\/\\\/revolutionpadelstore.com\\\/wp-content\\\/uploads\\\/2024\\\/11\\\/115021_pala_kombat_etna_1500x1500_1_fc5d.webp\",\"width\":1500,\"height\":1500},{\"@type\":\"BreadcrumbList\",\"@id\":\"https:\\\/\\\/revolutionpadelstore.com\\\/en\\\/kombat-etna\\\/#breadcrumb\",\"itemListElement\":[{\"@type\":\"ListItem\",\"position\":1,\"name\":\"Portada\",\"item\":\"https:\\\/\\\/revolutionpadelstore.com\\\/en\\\/\"},{\"@type\":\"ListItem\",\"position\":2,\"name\":\"Shop\",\"item\":\"https:\\\/\\\/revolutionpadelstore.com\\\/en\\\/shop\\\/\"},{\"@type\":\"ListItem\",\"position\":3,\"name\":\"KOMBAT ETNA\"}]},{\"@type\":\"WebSite\",\"@id\":\"https:\\\/\\\/revolutionpadelstore.com\\\/en\\\/#website\",\"url\":\"https:\\\/\\\/revolutionpadelstore.com\\\/en\\\/\",\"name\":\"Revolution Padel Store\",\"description\":\"\",\"publisher\":{\"@id\":\"https:\\\/\\\/revolutionpadelstore.com\\\/en\\\/#organization\"},\"potentialAction\":[{\"@type\":\"SearchAction\",\"target\":{\"@type\":\"EntryPoint\",\"urlTemplate\":\"https:\\\/\\\/revolutionpadelstore.com\\\/en\\\/?s={search_term_string}\"},\"query-input\":{\"@type\":\"PropertyValueSpecification\",\"valueRequired\":true,\"valueName\":\"search_term_string\"}}],\"inLanguage\":\"en-US\"},{\"@type\":\"Organization\",\"@id\":\"https:\\\/\\\/revolutionpadelstore.com\\\/en\\\/#organization\",\"name\":\"Revolution Padel Store\",\"url\":\"https:\\\/\\\/revolutionpadelstore.com\\\/en\\\/\",\"logo\":{\"@type\":\"ImageObject\",\"inLanguage\":\"en-US\",\"@id\":\"https:\\\/\\\/revolutionpadelstore.com\\\/en\\\/#\\\/schema\\\/logo\\\/image\\\/\",\"url\":\"https:\\\/\\\/revolutionpadelstore.com\\\/wp-content\\\/uploads\\\/2026\\\/02\\\/revolution-padel-store.jpg\",\"contentUrl\":\"https:\\\/\\\/revolutionpadelstore.com\\\/wp-content\\\/uploads\\\/2026\\\/02\\\/revolution-padel-store.jpg\",\"width\":2000,\"height\":2000,\"caption\":\"Revolution Padel Store\"},\"image\":{\"@id\":\"https:\\\/\\\/revolutionpadelstore.com\\\/en\\\/#\\\/schema\\\/logo\\\/image\\\/\"},\"sameAs\":[\"https:\\\/\\\/www.instagram.com\\\/revolutionpadelstore\\\/\"]}]}<\/script>\n<!-- \/ Yoast SEO plugin. -->","yoast_head_json":{"title":"KOMBAT ETNA - Revolution Padel Store","description":"La pala de p\u00e1del Kombat Etna, que pertenece a la colecci\u00f3n Vulcano by Manu Mart\u00edn, presenta una forma de diamante con un balance alto y punto dulce inclinado hacia la cabeza, por lo que es una opci\u00f3n que garantiza una espectacular potencia en el ataque. Podr\u00e1s dominar cada punto desde la red gracias a la magn\u00edfica potencia y solidez de tus golpes. Su dise\u00f1o se inspira en la incre\u00edble fuerza del volc\u00e1n Etna","robots":{"index":"index","follow":"follow","max-snippet":"max-snippet:-1","max-image-preview":"max-image-preview:large","max-video-preview":"max-video-preview:-1"},"canonical":"https:\/\/revolutionpadelstore.com\/en\/kombat-etna\/","og_locale":"en_US","og_type":"article","og_title":"KOMBAT ETNA - Revolution Padel Store","og_description":"La pala de p\u00e1del Kombat Etna, que pertenece a la colecci\u00f3n Vulcano by Manu Mart\u00edn, presenta una forma de diamante con un balance alto y punto dulce inclinado hacia la cabeza, por lo que es una opci\u00f3n que garantiza una espectacular potencia en el ataque. Podr\u00e1s dominar cada punto desde la red gracias a la magn\u00edfica potencia y solidez de tus golpes. Su dise\u00f1o se inspira en la incre\u00edble fuerza del volc\u00e1n Etna","og_url":"https:\/\/revolutionpadelstore.com\/en\/kombat-etna\/","og_site_name":"Revolution Padel Store","article_modified_time":"2026-04-01T04:53:31+00:00","og_image":[{"width":1500,"height":1500,"url":"https:\/\/revolutionpadelstore.com\/wp-content\/uploads\/2024\/11\/115021_pala_kombat_etna_1500x1500_1_fc5d.webp","type":"image\/webp"}],"twitter_card":"summary_large_image","twitter_misc":{"Est. reading time":"2 minutes"},"schema":{"@context":"https:\/\/schema.org","@graph":[{"@type":"WebPage","@id":"https:\/\/revolutionpadelstore.com\/en\/kombat-etna\/","url":"https:\/\/revolutionpadelstore.com\/en\/kombat-etna\/","name":"KOMBAT ETNA - Revolution Padel Store","isPartOf":{"@id":"https:\/\/revolutionpadelstore.com\/en\/#website"},"primaryImageOfPage":{"@id":"https:\/\/revolutionpadelstore.com\/en\/kombat-etna\/#primaryimage"},"image":{"@id":"https:\/\/revolutionpadelstore.com\/en\/kombat-etna\/#primaryimage"},"thumbnailUrl":"https:\/\/revolutionpadelstore.com\/wp-content\/uploads\/2024\/11\/115021_pala_kombat_etna_1500x1500_1_fc5d.webp","datePublished":"2024-11-22T23:58:34+00:00","dateModified":"2026-04-01T04:53:31+00:00","description":"La pala de p\u00e1del Kombat Etna, que pertenece a la colecci\u00f3n Vulcano by Manu Mart\u00edn, presenta una forma de diamante con un balance alto y punto dulce inclinado hacia la cabeza, por lo que es una opci\u00f3n que garantiza una espectacular potencia en el ataque. Podr\u00e1s dominar cada punto desde la red gracias a la magn\u00edfica potencia y solidez de tus golpes. Su dise\u00f1o se inspira en la incre\u00edble fuerza del volc\u00e1n Etna","breadcrumb":{"@id":"https:\/\/revolutionpadelstore.com\/en\/kombat-etna\/#breadcrumb"},"inLanguage":"en-US","potentialAction":[{"@type":"ReadAction","target":["https:\/\/revolutionpadelstore.com\/en\/kombat-etna\/"]}]},{"@type":"ImageObject","inLanguage":"en-US","@id":"https:\/\/revolutionpadelstore.com\/en\/kombat-etna\/#primaryimage","url":"https:\/\/revolutionpadelstore.com\/wp-content\/uploads\/2024\/11\/115021_pala_kombat_etna_1500x1500_1_fc5d.webp","contentUrl":"https:\/\/revolutionpadelstore.com\/wp-content\/uploads\/2024\/11\/115021_pala_kombat_etna_1500x1500_1_fc5d.webp","width":1500,"height":1500},{"@type":"BreadcrumbList","@id":"https:\/\/revolutionpadelstore.com\/en\/kombat-etna\/#breadcrumb","itemListElement":[{"@type":"ListItem","position":1,"name":"Portada","item":"https:\/\/revolutionpadelstore.com\/en\/"},{"@type":"ListItem","position":2,"name":"Shop","item":"https:\/\/revolutionpadelstore.com\/en\/shop\/"},{"@type":"ListItem","position":3,"name":"KOMBAT ETNA"}]},{"@type":"WebSite","@id":"https:\/\/revolutionpadelstore.com\/en\/#website","url":"https:\/\/revolutionpadelstore.com\/en\/","name":"Revolution Padel Store","description":"","publisher":{"@id":"https:\/\/revolutionpadelstore.com\/en\/#organization"},"potentialAction":[{"@type":"SearchAction","target":{"@type":"EntryPoint","urlTemplate":"https:\/\/revolutionpadelstore.com\/en\/?s={search_term_string}"},"query-input":{"@type":"PropertyValueSpecification","valueRequired":true,"valueName":"search_term_string"}}],"inLanguage":"en-US"},{"@type":"Organization","@id":"https:\/\/revolutionpadelstore.com\/en\/#organization","name":"Revolution Padel Store","url":"https:\/\/revolutionpadelstore.com\/en\/","logo":{"@type":"ImageObject","inLanguage":"en-US","@id":"https:\/\/revolutionpadelstore.com\/en\/#\/schema\/logo\/image\/","url":"https:\/\/revolutionpadelstore.com\/wp-content\/uploads\/2026\/02\/revolution-padel-store.jpg","contentUrl":"https:\/\/revolutionpadelstore.com\/wp-content\/uploads\/2026\/02\/revolution-padel-store.jpg","width":2000,"height":2000,"caption":"Revolution Padel Store"},"image":{"@id":"https:\/\/revolutionpadelstore.com\/en\/#\/schema\/logo\/image\/"},"sameAs":["https:\/\/www.instagram.com\/revolutionpadelstore\/"]}]}},"_links":{"self":[{"href":"https:\/\/revolutionpadelstore.com\/en\/wp-json\/wp\/v2\/product\/125458","targetHints":{"allow":["GET"]}}],"collection":[{"href":"https:\/\/revolutionpadelstore.com\/en\/wp-json\/wp\/v2\/product"}],"about":[{"href":"https:\/\/revolutionpadelstore.com\/en\/wp-json\/wp\/v2\/types\/product"}],"replies":[{"embeddable":true,"href":"https:\/\/revolutionpadelstore.com\/en\/wp-json\/wp\/v2\/comments?post=125458"}],"wp:featuredmedia":[{"embeddable":true,"href":"https:\/\/revolutionpadelstore.com\/en\/wp-json\/wp\/v2\/media\/125034"}],"wp:attachment":[{"href":"https:\/\/revolutionpadelstore.com\/en\/wp-json\/wp\/v2\/media?parent=125458"}],"wp:term":[{"taxonomy":"acabado","embeddable":true,"href":"https:\/\/revolutionpadelstore.com\/en\/wp-json\/wp\/v2\/acabado?post=125458"},{"taxonomy":"balance","embeddable":true,"href":"https:\/\/revolutionpadelstore.com\/en\/wp-json\/wp\/v2\/balance?post=125458"},{"taxonomy":"dureza","embeddable":true,"href":"https:\/\/revolutionpadelstore.com\/en\/wp-json\/wp\/v2\/dureza?post=125458"},{"taxonomy":"forma","embeddable":true,"href":"https:\/\/revolutionpadelstore.com\/en\/wp-json\/wp\/v2\/forma?post=125458"},{"taxonomy":"jugador","embeddable":true,"href":"https:\/\/revolutionpadelstore.com\/en\/wp-json\/wp\/v2\/jugador?post=125458"},{"taxonomy":"marca","embeddable":true,"href":"https:\/\/revolutionpadelstore.com\/en\/wp-json\/wp\/v2\/marca?post=125458"},{"taxonomy":"nivel-de-juego","embeddable":true,"href":"https:\/\/revolutionpadelstore.com\/en\/wp-json\/wp\/v2\/nivel-de-juego?post=125458"},{"taxonomy":"superficie","embeddable":true,"href":"https:\/\/revolutionpadelstore.com\/en\/wp-json\/wp\/v2\/superficie?post=125458"},{"taxonomy":"tipo-de-juego","embeddable":true,"href":"https:\/\/revolutionpadelstore.com\/en\/wp-json\/wp\/v2\/tipo-de-juego?post=125458"},{"taxonomy":"product_brand","embeddable":true,"href":"https:\/\/revolutionpadelstore.com\/en\/wp-json\/wp\/v2\/product_brand?post=125458"},{"taxonomy":"product_cat","embeddable":true,"href":"https:\/\/revolutionpadelstore.com\/en\/wp-json\/wp\/v2\/product_cat?post=125458"},{"taxonomy":"product_tag","embeddable":true,"href":"https:\/\/revolutionpadelstore.com\/en\/wp-json\/wp\/v2\/product_tag?post=125458"}],"curies":[{"name":"wp","href":"https:\/\/api.w.org\/{rel}","templated":true}]}}