{"id":125443,"date":"2024-11-23T11:23:50","date_gmt":"2024-11-23T10:23:50","guid":{"rendered":"https:\/\/revolutionpadelstore.com\/kombat-arenal-mujer\/"},"modified":"2026-04-01T06:52:23","modified_gmt":"2026-04-01T04:52:23","slug":"kombat-arenal-mujer-2","status":"publish","type":"product","link":"https:\/\/revolutionpadelstore.com\/en\/kombat-arenal-mujer-2\/","title":{"rendered":"KOMBAT ARENAL MUJER"},"content":{"rendered":"<p><H2> <strong> Kombat Arenal Woman 2025, power and precision <\/strong> <\/ h2><br \/>\nThe Arenal of Kombat, part of the Vulcano collection created in collaboration with Manu Mart\u00edn, is a model designed to offer an explosive power without sacrificing the necessary control to execute precise attacks. Its diamond shape, high balance and a sweet point located on the head of the blade ensure a large punch in each blow.<\/p>\n<p>With a light weight of 355 grams, this shovel stands out for its manageability without losing the characteristic power of the diamond mold. In addition, the Propuit System of Vibrations Propuit System helps minimize the impact on the joints and improves stability.<br \/>\n<H2> <strong> Pala Arenal, ideal for aggressive players <\/strong> <\/ h2><br \/>\nDesigned specifically for offensive players, Kombat Arenal 2025 for women adapts perfectly to players who seek to be more aggressive in their attacks near the network. It is the perfect model for those who want a more solid and stable sensation when hitting the ball.<\/p>\n<p>In addition, its rough surface will allow you to apply effects with total precision, easily surprising to your opponents.<\/p>\n<p><strong> characteristics and technologies of the Kombat Arenal shovel <\/strong><\/p>\n<p style=\"padding-left: 40px\">-lighter and lighter structure thanks to the 100% carbon fiber tubular frame. <\/p>\n<p style=\"padding-left: 40px\">-18k carbon plans with bright finish and matte, offering greater resistance. <\/p>\n<p style=\"padding-left: 40px\">-rough surface for a blow with effect. <\/p>\n<p><P style=\"padding-left: 40px\">-Black Eva rubber heart of medium hardness, which balances the touch and provides solidity in each impact.<\/p>\n<p>-Includes the <strong> Sharp Hole System <\/strong>, which expands the sweet point, allowing a more accurate hit.<br \/>\n<P style=\"padding-left: 40px\">-stability and firmness improved with the <strong> protuneed system <\/strong>, which reduces vibrations. <\/p>\n<\/p>\n<p><strong> buy at revolution padel store the shovel for women Kombat Arenal 2025 <\/strong><\/p>\n<p>Perfect for players seeking to dominate the network aggressively, this diamond and high -balance sheet offers high control and output of the upper ball, ensuring optimal performance in any game situation.<\/p>\n<h2><strong>Kombat Arenal Mujer 2025, potencia y precisi\u00f3n<\/strong><\/p>\n","protected":false},"excerpt":{"rendered":"<p>Diamond shovel with high balance for women Kombat Arenal for aggressive offensive plays. With rough planes made of 18K carbon and Black Eva rubber nucleus.<\/p>\n","protected":false},"featured_media":125130,"comment_status":"open","ping_status":"closed","template":"","meta":{"_acf_changed":false,"_joinchat":[]},"acabado":[1083,1088],"balance":[1138],"dureza":[1158],"forma":[1173],"jugador":[1198],"marca":[1701],"nivel-de-juego":[1338,1343],"superficie":[1363],"tipo-de-juego":[1378],"product_brand":[],"product_cat":[303],"product_tag":[],"class_list":{"0":"post-125443","1":"product","2":"type-product","3":"status-publish","4":"has-post-thumbnail","6":"acabado-brightness","7":"acabado-mate-en","8":"balance-alto-en","9":"dureza-media-en","10":"forma-diamante-en","11":"jugador-woman","12":"marca-kombat-en","13":"superficie-rugosa-en","14":"tipo-de-juego-potencia-en","15":"product_cat-palas","17":"first","18":"instock","19":"taxable","20":"shipping-taxable","21":"purchasable","22":"product-type-simple"},"acf":[],"yoast_head":"<!-- This site is optimized with the Yoast SEO plugin v27.3 - https:\/\/yoast.com\/product\/yoast-seo-wordpress\/ -->\n<title>KOMBAT ARENAL MUJER - Revolution Padel Store<\/title>\n<meta name=\"description\" content=\"La pala de p\u00e1del Arenal de Kombat es un modelo que pertenece a la colecci\u00f3n Vulcano dise\u00f1ada en colaboraci\u00f3n con Manu Mart\u00edn. Esta pala con forma de diamante, balance alto y punto dulce en la cabeza garantiza una potencia explosiva en cada golpe, sin perder un control sobresaliente para atacar con precisi\u00f3n.\" \/>\n<meta name=\"robots\" content=\"index, follow, max-snippet:-1, max-image-preview:large, max-video-preview:-1\" \/>\n<link rel=\"canonical\" href=\"https:\/\/revolutionpadelstore.com\/en\/kombat-arenal-mujer-2\/\" \/>\n<meta property=\"og:locale\" content=\"en_US\" \/>\n<meta property=\"og:type\" content=\"article\" \/>\n<meta property=\"og:title\" content=\"KOMBAT ARENAL MUJER - Revolution Padel Store\" \/>\n<meta property=\"og:description\" content=\"La pala de p\u00e1del Arenal de Kombat es un modelo que pertenece a la colecci\u00f3n Vulcano dise\u00f1ada en colaboraci\u00f3n con Manu Mart\u00edn. Esta pala con forma de diamante, balance alto y punto dulce en la cabeza garantiza una potencia explosiva en cada golpe, sin perder un control sobresaliente para atacar con precisi\u00f3n.\" \/>\n<meta property=\"og:url\" content=\"https:\/\/revolutionpadelstore.com\/en\/kombat-arenal-mujer-2\/\" \/>\n<meta property=\"og:site_name\" content=\"Revolution Padel Store\" \/>\n<meta property=\"article:modified_time\" content=\"2026-04-01T04:52:23+00:00\" \/>\n<meta property=\"og:image\" content=\"https:\/\/revolutionpadelstore.com\/wp-content\/uploads\/2024\/11\/115020_pala_kombat_arenal_1500x1500_1_141c-1.webp\" \/>\n\t<meta property=\"og:image:width\" content=\"1500\" \/>\n\t<meta property=\"og:image:height\" content=\"1500\" \/>\n\t<meta property=\"og:image:type\" content=\"image\/webp\" \/>\n<meta name=\"twitter:card\" content=\"summary_large_image\" \/>\n<meta name=\"twitter:label1\" content=\"Est. reading time\" \/>\n\t<meta name=\"twitter:data1\" content=\"2 minutes\" \/>\n<script type=\"application\/ld+json\" class=\"yoast-schema-graph\">{\"@context\":\"https:\\\/\\\/schema.org\",\"@graph\":[{\"@type\":\"WebPage\",\"@id\":\"https:\\\/\\\/revolutionpadelstore.com\\\/en\\\/kombat-arenal-mujer-2\\\/\",\"url\":\"https:\\\/\\\/revolutionpadelstore.com\\\/en\\\/kombat-arenal-mujer-2\\\/\",\"name\":\"KOMBAT ARENAL MUJER - Revolution Padel Store\",\"isPartOf\":{\"@id\":\"https:\\\/\\\/revolutionpadelstore.com\\\/en\\\/#website\"},\"primaryImageOfPage\":{\"@id\":\"https:\\\/\\\/revolutionpadelstore.com\\\/en\\\/kombat-arenal-mujer-2\\\/#primaryimage\"},\"image\":{\"@id\":\"https:\\\/\\\/revolutionpadelstore.com\\\/en\\\/kombat-arenal-mujer-2\\\/#primaryimage\"},\"thumbnailUrl\":\"https:\\\/\\\/revolutionpadelstore.com\\\/wp-content\\\/uploads\\\/2024\\\/11\\\/115020_pala_kombat_arenal_1500x1500_1_141c-1.webp\",\"datePublished\":\"2024-11-23T10:23:50+00:00\",\"dateModified\":\"2026-04-01T04:52:23+00:00\",\"description\":\"La pala de p\u00e1del Arenal de Kombat es un modelo que pertenece a la colecci\u00f3n Vulcano dise\u00f1ada en colaboraci\u00f3n con Manu Mart\u00edn. Esta pala con forma de diamante, balance alto y punto dulce en la cabeza garantiza una potencia explosiva en cada golpe, sin perder un control sobresaliente para atacar con precisi\u00f3n.\",\"breadcrumb\":{\"@id\":\"https:\\\/\\\/revolutionpadelstore.com\\\/en\\\/kombat-arenal-mujer-2\\\/#breadcrumb\"},\"inLanguage\":\"en-US\",\"potentialAction\":[{\"@type\":\"ReadAction\",\"target\":[\"https:\\\/\\\/revolutionpadelstore.com\\\/en\\\/kombat-arenal-mujer-2\\\/\"]}]},{\"@type\":\"ImageObject\",\"inLanguage\":\"en-US\",\"@id\":\"https:\\\/\\\/revolutionpadelstore.com\\\/en\\\/kombat-arenal-mujer-2\\\/#primaryimage\",\"url\":\"https:\\\/\\\/revolutionpadelstore.com\\\/wp-content\\\/uploads\\\/2024\\\/11\\\/115020_pala_kombat_arenal_1500x1500_1_141c-1.webp\",\"contentUrl\":\"https:\\\/\\\/revolutionpadelstore.com\\\/wp-content\\\/uploads\\\/2024\\\/11\\\/115020_pala_kombat_arenal_1500x1500_1_141c-1.webp\",\"width\":1500,\"height\":1500},{\"@type\":\"BreadcrumbList\",\"@id\":\"https:\\\/\\\/revolutionpadelstore.com\\\/en\\\/kombat-arenal-mujer-2\\\/#breadcrumb\",\"itemListElement\":[{\"@type\":\"ListItem\",\"position\":1,\"name\":\"Portada\",\"item\":\"https:\\\/\\\/revolutionpadelstore.com\\\/en\\\/\"},{\"@type\":\"ListItem\",\"position\":2,\"name\":\"Shop\",\"item\":\"https:\\\/\\\/revolutionpadelstore.com\\\/en\\\/shop\\\/\"},{\"@type\":\"ListItem\",\"position\":3,\"name\":\"KOMBAT ARENAL MUJER\"}]},{\"@type\":\"WebSite\",\"@id\":\"https:\\\/\\\/revolutionpadelstore.com\\\/en\\\/#website\",\"url\":\"https:\\\/\\\/revolutionpadelstore.com\\\/en\\\/\",\"name\":\"Revolution Padel Store\",\"description\":\"\",\"publisher\":{\"@id\":\"https:\\\/\\\/revolutionpadelstore.com\\\/en\\\/#organization\"},\"potentialAction\":[{\"@type\":\"SearchAction\",\"target\":{\"@type\":\"EntryPoint\",\"urlTemplate\":\"https:\\\/\\\/revolutionpadelstore.com\\\/en\\\/?s={search_term_string}\"},\"query-input\":{\"@type\":\"PropertyValueSpecification\",\"valueRequired\":true,\"valueName\":\"search_term_string\"}}],\"inLanguage\":\"en-US\"},{\"@type\":\"Organization\",\"@id\":\"https:\\\/\\\/revolutionpadelstore.com\\\/en\\\/#organization\",\"name\":\"Revolution Padel Store\",\"url\":\"https:\\\/\\\/revolutionpadelstore.com\\\/en\\\/\",\"logo\":{\"@type\":\"ImageObject\",\"inLanguage\":\"en-US\",\"@id\":\"https:\\\/\\\/revolutionpadelstore.com\\\/en\\\/#\\\/schema\\\/logo\\\/image\\\/\",\"url\":\"https:\\\/\\\/revolutionpadelstore.com\\\/wp-content\\\/uploads\\\/2026\\\/02\\\/revolution-padel-store.jpg\",\"contentUrl\":\"https:\\\/\\\/revolutionpadelstore.com\\\/wp-content\\\/uploads\\\/2026\\\/02\\\/revolution-padel-store.jpg\",\"width\":2000,\"height\":2000,\"caption\":\"Revolution Padel Store\"},\"image\":{\"@id\":\"https:\\\/\\\/revolutionpadelstore.com\\\/en\\\/#\\\/schema\\\/logo\\\/image\\\/\"},\"sameAs\":[\"https:\\\/\\\/www.instagram.com\\\/revolutionpadelstore\\\/\"]}]}<\/script>\n<!-- \/ Yoast SEO plugin. -->","yoast_head_json":{"title":"KOMBAT ARENAL MUJER - Revolution Padel Store","description":"La pala de p\u00e1del Arenal de Kombat es un modelo que pertenece a la colecci\u00f3n Vulcano dise\u00f1ada en colaboraci\u00f3n con Manu Mart\u00edn. Esta pala con forma de diamante, balance alto y punto dulce en la cabeza garantiza una potencia explosiva en cada golpe, sin perder un control sobresaliente para atacar con precisi\u00f3n.","robots":{"index":"index","follow":"follow","max-snippet":"max-snippet:-1","max-image-preview":"max-image-preview:large","max-video-preview":"max-video-preview:-1"},"canonical":"https:\/\/revolutionpadelstore.com\/en\/kombat-arenal-mujer-2\/","og_locale":"en_US","og_type":"article","og_title":"KOMBAT ARENAL MUJER - Revolution Padel Store","og_description":"La pala de p\u00e1del Arenal de Kombat es un modelo que pertenece a la colecci\u00f3n Vulcano dise\u00f1ada en colaboraci\u00f3n con Manu Mart\u00edn. Esta pala con forma de diamante, balance alto y punto dulce en la cabeza garantiza una potencia explosiva en cada golpe, sin perder un control sobresaliente para atacar con precisi\u00f3n.","og_url":"https:\/\/revolutionpadelstore.com\/en\/kombat-arenal-mujer-2\/","og_site_name":"Revolution Padel Store","article_modified_time":"2026-04-01T04:52:23+00:00","og_image":[{"width":1500,"height":1500,"url":"https:\/\/revolutionpadelstore.com\/wp-content\/uploads\/2024\/11\/115020_pala_kombat_arenal_1500x1500_1_141c-1.webp","type":"image\/webp"}],"twitter_card":"summary_large_image","twitter_misc":{"Est. reading time":"2 minutes"},"schema":{"@context":"https:\/\/schema.org","@graph":[{"@type":"WebPage","@id":"https:\/\/revolutionpadelstore.com\/en\/kombat-arenal-mujer-2\/","url":"https:\/\/revolutionpadelstore.com\/en\/kombat-arenal-mujer-2\/","name":"KOMBAT ARENAL MUJER - Revolution Padel Store","isPartOf":{"@id":"https:\/\/revolutionpadelstore.com\/en\/#website"},"primaryImageOfPage":{"@id":"https:\/\/revolutionpadelstore.com\/en\/kombat-arenal-mujer-2\/#primaryimage"},"image":{"@id":"https:\/\/revolutionpadelstore.com\/en\/kombat-arenal-mujer-2\/#primaryimage"},"thumbnailUrl":"https:\/\/revolutionpadelstore.com\/wp-content\/uploads\/2024\/11\/115020_pala_kombat_arenal_1500x1500_1_141c-1.webp","datePublished":"2024-11-23T10:23:50+00:00","dateModified":"2026-04-01T04:52:23+00:00","description":"La pala de p\u00e1del Arenal de Kombat es un modelo que pertenece a la colecci\u00f3n Vulcano dise\u00f1ada en colaboraci\u00f3n con Manu Mart\u00edn. Esta pala con forma de diamante, balance alto y punto dulce en la cabeza garantiza una potencia explosiva en cada golpe, sin perder un control sobresaliente para atacar con precisi\u00f3n.","breadcrumb":{"@id":"https:\/\/revolutionpadelstore.com\/en\/kombat-arenal-mujer-2\/#breadcrumb"},"inLanguage":"en-US","potentialAction":[{"@type":"ReadAction","target":["https:\/\/revolutionpadelstore.com\/en\/kombat-arenal-mujer-2\/"]}]},{"@type":"ImageObject","inLanguage":"en-US","@id":"https:\/\/revolutionpadelstore.com\/en\/kombat-arenal-mujer-2\/#primaryimage","url":"https:\/\/revolutionpadelstore.com\/wp-content\/uploads\/2024\/11\/115020_pala_kombat_arenal_1500x1500_1_141c-1.webp","contentUrl":"https:\/\/revolutionpadelstore.com\/wp-content\/uploads\/2024\/11\/115020_pala_kombat_arenal_1500x1500_1_141c-1.webp","width":1500,"height":1500},{"@type":"BreadcrumbList","@id":"https:\/\/revolutionpadelstore.com\/en\/kombat-arenal-mujer-2\/#breadcrumb","itemListElement":[{"@type":"ListItem","position":1,"name":"Portada","item":"https:\/\/revolutionpadelstore.com\/en\/"},{"@type":"ListItem","position":2,"name":"Shop","item":"https:\/\/revolutionpadelstore.com\/en\/shop\/"},{"@type":"ListItem","position":3,"name":"KOMBAT ARENAL MUJER"}]},{"@type":"WebSite","@id":"https:\/\/revolutionpadelstore.com\/en\/#website","url":"https:\/\/revolutionpadelstore.com\/en\/","name":"Revolution Padel Store","description":"","publisher":{"@id":"https:\/\/revolutionpadelstore.com\/en\/#organization"},"potentialAction":[{"@type":"SearchAction","target":{"@type":"EntryPoint","urlTemplate":"https:\/\/revolutionpadelstore.com\/en\/?s={search_term_string}"},"query-input":{"@type":"PropertyValueSpecification","valueRequired":true,"valueName":"search_term_string"}}],"inLanguage":"en-US"},{"@type":"Organization","@id":"https:\/\/revolutionpadelstore.com\/en\/#organization","name":"Revolution Padel Store","url":"https:\/\/revolutionpadelstore.com\/en\/","logo":{"@type":"ImageObject","inLanguage":"en-US","@id":"https:\/\/revolutionpadelstore.com\/en\/#\/schema\/logo\/image\/","url":"https:\/\/revolutionpadelstore.com\/wp-content\/uploads\/2026\/02\/revolution-padel-store.jpg","contentUrl":"https:\/\/revolutionpadelstore.com\/wp-content\/uploads\/2026\/02\/revolution-padel-store.jpg","width":2000,"height":2000,"caption":"Revolution Padel Store"},"image":{"@id":"https:\/\/revolutionpadelstore.com\/en\/#\/schema\/logo\/image\/"},"sameAs":["https:\/\/www.instagram.com\/revolutionpadelstore\/"]}]}},"_links":{"self":[{"href":"https:\/\/revolutionpadelstore.com\/en\/wp-json\/wp\/v2\/product\/125443","targetHints":{"allow":["GET"]}}],"collection":[{"href":"https:\/\/revolutionpadelstore.com\/en\/wp-json\/wp\/v2\/product"}],"about":[{"href":"https:\/\/revolutionpadelstore.com\/en\/wp-json\/wp\/v2\/types\/product"}],"replies":[{"embeddable":true,"href":"https:\/\/revolutionpadelstore.com\/en\/wp-json\/wp\/v2\/comments?post=125443"}],"wp:featuredmedia":[{"embeddable":true,"href":"https:\/\/revolutionpadelstore.com\/en\/wp-json\/wp\/v2\/media\/125130"}],"wp:attachment":[{"href":"https:\/\/revolutionpadelstore.com\/en\/wp-json\/wp\/v2\/media?parent=125443"}],"wp:term":[{"taxonomy":"acabado","embeddable":true,"href":"https:\/\/revolutionpadelstore.com\/en\/wp-json\/wp\/v2\/acabado?post=125443"},{"taxonomy":"balance","embeddable":true,"href":"https:\/\/revolutionpadelstore.com\/en\/wp-json\/wp\/v2\/balance?post=125443"},{"taxonomy":"dureza","embeddable":true,"href":"https:\/\/revolutionpadelstore.com\/en\/wp-json\/wp\/v2\/dureza?post=125443"},{"taxonomy":"forma","embeddable":true,"href":"https:\/\/revolutionpadelstore.com\/en\/wp-json\/wp\/v2\/forma?post=125443"},{"taxonomy":"jugador","embeddable":true,"href":"https:\/\/revolutionpadelstore.com\/en\/wp-json\/wp\/v2\/jugador?post=125443"},{"taxonomy":"marca","embeddable":true,"href":"https:\/\/revolutionpadelstore.com\/en\/wp-json\/wp\/v2\/marca?post=125443"},{"taxonomy":"nivel-de-juego","embeddable":true,"href":"https:\/\/revolutionpadelstore.com\/en\/wp-json\/wp\/v2\/nivel-de-juego?post=125443"},{"taxonomy":"superficie","embeddable":true,"href":"https:\/\/revolutionpadelstore.com\/en\/wp-json\/wp\/v2\/superficie?post=125443"},{"taxonomy":"tipo-de-juego","embeddable":true,"href":"https:\/\/revolutionpadelstore.com\/en\/wp-json\/wp\/v2\/tipo-de-juego?post=125443"},{"taxonomy":"product_brand","embeddable":true,"href":"https:\/\/revolutionpadelstore.com\/en\/wp-json\/wp\/v2\/product_brand?post=125443"},{"taxonomy":"product_cat","embeddable":true,"href":"https:\/\/revolutionpadelstore.com\/en\/wp-json\/wp\/v2\/product_cat?post=125443"},{"taxonomy":"product_tag","embeddable":true,"href":"https:\/\/revolutionpadelstore.com\/en\/wp-json\/wp\/v2\/product_tag?post=125443"}],"curies":[{"name":"wp","href":"https:\/\/api.w.org\/{rel}","templated":true}]}}