{"id":125226,"date":"2024-11-23T12:02:11","date_gmt":"2024-11-23T11:02:11","guid":{"rendered":"https:\/\/revolutionpadelstore.com\/kombat-galeras-mujer\/"},"modified":"2026-04-01T06:51:35","modified_gmt":"2026-04-01T04:51:35","slug":"kombat-galeras-mujer-2","status":"publish","type":"product","link":"https:\/\/revolutionpadelstore.com\/en\/kombat-galeras-mujer-2\/","title":{"rendered":"KOMBAT GALERAS MUJER"},"content":{"rendered":"<p>&lt;Il<br \/>\nInspired by the strength of the Galeras volcano, the Kombat galley paddle shovel is designed to offer extreme lightness, excellent manageability and high performance in each blow.<\/p>\n<p>With a tear form, middle balance and a centered sweet point, this shovel provides a perfect balance between control and power, making it a highly balanced option. The average sweet point ensures an outstanding ball outlet, while the intermediate balance distributes the weight uniform, improving manageability.<br \/>\n<H2> <strong> Pala Galeras, ideal for dynamic players <\/strong> <\/ h2><br \/>\nThe Kombat Galeras shovel has been thought for players looking for a light option, easy to handle and balanced. It is perfect for those who want a quick response and precise blows.<\/p>\n<p>This model is ideal for technical players seeking the best performance in each blow. Its rough finish on the plans allows to apply effects to the ball with greater precision, which will allow you to surprise your rivals and make a variety of blows.<br \/>\n<H2> <strong> characteristics of the Kombat Galeras shovel <\/strong> <\/ h2><\/p>\n<p style=\"padding-left: 40px\">-high hardness black Eva rubber nucleus, providing a firm touch and a good rebound. <\/p>\n<\/p>\n<p style=\"padding-left: 40px\">-18k carbon plans, offering a sensation of greater rigidity. <\/p>\n<p style=\"padding-left: 40px\">-rough surface on faces, allowing to print effects with greater precision. <\/p>\n<p style=\"padding-left: 40px\">-100% carbon fiber tubular frame, guaranteeing greater resistance and durability. <\/p>\n<p style=\"padding-left: 40px\">-355 grams light weight, which offers superior manageability and agility.<\/p>\n<p style=\"padding-left: 40px\">-anti-vibrations technology to achieve a stronger and more stable hit. <\/p>\n<p><H2> <strong> get the Kombat Galeras 2025 in Revolution Padel Store.<br \/>\nThe Kombat Galeras is a tear shovel with average balance for women, made of carbon and a hard rubber core Black Eva. It guarantees consistent blows and an explosive and precise game, ideal for players seeking versatility and performance in all game situations.<\/p>\n<h2><strong>Kombat Galeras Mujer 2025, explosividad y precisi\u00f3n<\/strong><\/p>\n","protected":false},"excerpt":{"rendered":"<p>Tear shovel and half Kombat Galeras 2025, designed to provide precision and explosiveness to demanding paddle players. With Rufo Carbon planes 18K and Black Eva nucleus.<\/p>\n","protected":false},"featured_media":125197,"comment_status":"open","ping_status":"closed","template":"","meta":{"_acf_changed":false,"_joinchat":[]},"acabado":[1083,1088],"balance":[1143],"dureza":[1163],"forma":[1188],"jugador":[1198],"marca":[1701],"nivel-de-juego":[1338,1343],"superficie":[1363],"tipo-de-juego":[1388],"product_brand":[],"product_cat":[303],"product_tag":[],"class_list":{"0":"post-125226","1":"product","2":"type-product","3":"status-publish","4":"has-post-thumbnail","6":"acabado-brightness","7":"acabado-mate-en","8":"balance-medium","9":"dureza-dura-en","10":"forma-lagrima-en","11":"jugador-woman","12":"marca-kombat-en","13":"superficie-rugosa-en","14":"tipo-de-juego-multipurpose","15":"product_cat-palas","17":"first","18":"instock","19":"taxable","20":"shipping-taxable","21":"purchasable","22":"product-type-simple"},"acf":[],"yoast_head":"<!-- This site is optimized with the Yoast SEO plugin v27.3 - https:\/\/yoast.com\/product\/yoast-seo-wordpress\/ -->\n<title>KOMBAT GALERAS MUJER - Revolution Padel Store<\/title>\n<meta name=\"description\" content=\"Dise\u00f1ada para brindar una extrema ligereza, f\u00e1cil manejabilidad y alto rendimiento en cada golpe, la pala de p\u00e1del Galeras de Kombat est\u00e1 inspirada en la fuerza del volc\u00e1n Galeras. Presenta una forma de l\u00e1grima, un balance medio y punto dulce centrado, por lo que concede un equilibrio superior entre control y potencia. Se considera una pala muy equilibrada. Gracias al punto dulce medio se consigue una salida de bola sobresaliente, mientras que el balance intermedio distribuye el peso uniformemente para una mejor manejabilidad.\" \/>\n<meta name=\"robots\" content=\"index, follow, max-snippet:-1, max-image-preview:large, max-video-preview:-1\" \/>\n<link rel=\"canonical\" href=\"https:\/\/revolutionpadelstore.com\/en\/kombat-galeras-mujer-2\/\" \/>\n<meta property=\"og:locale\" content=\"en_US\" \/>\n<meta property=\"og:type\" content=\"article\" \/>\n<meta property=\"og:title\" content=\"KOMBAT GALERAS MUJER - Revolution Padel Store\" \/>\n<meta property=\"og:description\" content=\"Dise\u00f1ada para brindar una extrema ligereza, f\u00e1cil manejabilidad y alto rendimiento en cada golpe, la pala de p\u00e1del Galeras de Kombat est\u00e1 inspirada en la fuerza del volc\u00e1n Galeras. Presenta una forma de l\u00e1grima, un balance medio y punto dulce centrado, por lo que concede un equilibrio superior entre control y potencia. Se considera una pala muy equilibrada. Gracias al punto dulce medio se consigue una salida de bola sobresaliente, mientras que el balance intermedio distribuye el peso uniformemente para una mejor manejabilidad.\" \/>\n<meta property=\"og:url\" content=\"https:\/\/revolutionpadelstore.com\/en\/kombat-galeras-mujer-2\/\" \/>\n<meta property=\"og:site_name\" content=\"Revolution Padel Store\" \/>\n<meta property=\"article:modified_time\" content=\"2026-04-01T04:51:35+00:00\" \/>\n<meta property=\"og:image\" content=\"https:\/\/revolutionpadelstore.com\/wp-content\/uploads\/2024\/11\/115023_pala_kombat_galeras_1500x1500_1_19bf.webp\" \/>\n\t<meta property=\"og:image:width\" content=\"1500\" \/>\n\t<meta property=\"og:image:height\" content=\"1500\" \/>\n\t<meta property=\"og:image:type\" content=\"image\/webp\" \/>\n<meta name=\"twitter:card\" content=\"summary_large_image\" \/>\n<meta name=\"twitter:label1\" content=\"Est. reading time\" \/>\n\t<meta name=\"twitter:data1\" content=\"2 minutes\" \/>\n<script type=\"application\/ld+json\" class=\"yoast-schema-graph\">{\"@context\":\"https:\\\/\\\/schema.org\",\"@graph\":[{\"@type\":\"WebPage\",\"@id\":\"https:\\\/\\\/revolutionpadelstore.com\\\/en\\\/kombat-galeras-mujer-2\\\/\",\"url\":\"https:\\\/\\\/revolutionpadelstore.com\\\/en\\\/kombat-galeras-mujer-2\\\/\",\"name\":\"KOMBAT GALERAS MUJER - Revolution Padel Store\",\"isPartOf\":{\"@id\":\"https:\\\/\\\/revolutionpadelstore.com\\\/en\\\/#website\"},\"primaryImageOfPage\":{\"@id\":\"https:\\\/\\\/revolutionpadelstore.com\\\/en\\\/kombat-galeras-mujer-2\\\/#primaryimage\"},\"image\":{\"@id\":\"https:\\\/\\\/revolutionpadelstore.com\\\/en\\\/kombat-galeras-mujer-2\\\/#primaryimage\"},\"thumbnailUrl\":\"https:\\\/\\\/revolutionpadelstore.com\\\/wp-content\\\/uploads\\\/2024\\\/11\\\/115023_pala_kombat_galeras_1500x1500_1_19bf.webp\",\"datePublished\":\"2024-11-23T11:02:11+00:00\",\"dateModified\":\"2026-04-01T04:51:35+00:00\",\"description\":\"Dise\u00f1ada para brindar una extrema ligereza, f\u00e1cil manejabilidad y alto rendimiento en cada golpe, la pala de p\u00e1del Galeras de Kombat est\u00e1 inspirada en la fuerza del volc\u00e1n Galeras. Presenta una forma de l\u00e1grima, un balance medio y punto dulce centrado, por lo que concede un equilibrio superior entre control y potencia. Se considera una pala muy equilibrada. Gracias al punto dulce medio se consigue una salida de bola sobresaliente, mientras que el balance intermedio distribuye el peso uniformemente para una mejor manejabilidad.\",\"breadcrumb\":{\"@id\":\"https:\\\/\\\/revolutionpadelstore.com\\\/en\\\/kombat-galeras-mujer-2\\\/#breadcrumb\"},\"inLanguage\":\"en-US\",\"potentialAction\":[{\"@type\":\"ReadAction\",\"target\":[\"https:\\\/\\\/revolutionpadelstore.com\\\/en\\\/kombat-galeras-mujer-2\\\/\"]}]},{\"@type\":\"ImageObject\",\"inLanguage\":\"en-US\",\"@id\":\"https:\\\/\\\/revolutionpadelstore.com\\\/en\\\/kombat-galeras-mujer-2\\\/#primaryimage\",\"url\":\"https:\\\/\\\/revolutionpadelstore.com\\\/wp-content\\\/uploads\\\/2024\\\/11\\\/115023_pala_kombat_galeras_1500x1500_1_19bf.webp\",\"contentUrl\":\"https:\\\/\\\/revolutionpadelstore.com\\\/wp-content\\\/uploads\\\/2024\\\/11\\\/115023_pala_kombat_galeras_1500x1500_1_19bf.webp\",\"width\":1500,\"height\":1500},{\"@type\":\"BreadcrumbList\",\"@id\":\"https:\\\/\\\/revolutionpadelstore.com\\\/en\\\/kombat-galeras-mujer-2\\\/#breadcrumb\",\"itemListElement\":[{\"@type\":\"ListItem\",\"position\":1,\"name\":\"Portada\",\"item\":\"https:\\\/\\\/revolutionpadelstore.com\\\/en\\\/\"},{\"@type\":\"ListItem\",\"position\":2,\"name\":\"Shop\",\"item\":\"https:\\\/\\\/revolutionpadelstore.com\\\/en\\\/shop\\\/\"},{\"@type\":\"ListItem\",\"position\":3,\"name\":\"KOMBAT GALERAS MUJER\"}]},{\"@type\":\"WebSite\",\"@id\":\"https:\\\/\\\/revolutionpadelstore.com\\\/en\\\/#website\",\"url\":\"https:\\\/\\\/revolutionpadelstore.com\\\/en\\\/\",\"name\":\"Revolution Padel Store\",\"description\":\"\",\"publisher\":{\"@id\":\"https:\\\/\\\/revolutionpadelstore.com\\\/en\\\/#organization\"},\"potentialAction\":[{\"@type\":\"SearchAction\",\"target\":{\"@type\":\"EntryPoint\",\"urlTemplate\":\"https:\\\/\\\/revolutionpadelstore.com\\\/en\\\/?s={search_term_string}\"},\"query-input\":{\"@type\":\"PropertyValueSpecification\",\"valueRequired\":true,\"valueName\":\"search_term_string\"}}],\"inLanguage\":\"en-US\"},{\"@type\":\"Organization\",\"@id\":\"https:\\\/\\\/revolutionpadelstore.com\\\/en\\\/#organization\",\"name\":\"Revolution Padel Store\",\"url\":\"https:\\\/\\\/revolutionpadelstore.com\\\/en\\\/\",\"logo\":{\"@type\":\"ImageObject\",\"inLanguage\":\"en-US\",\"@id\":\"https:\\\/\\\/revolutionpadelstore.com\\\/en\\\/#\\\/schema\\\/logo\\\/image\\\/\",\"url\":\"https:\\\/\\\/revolutionpadelstore.com\\\/wp-content\\\/uploads\\\/2026\\\/02\\\/revolution-padel-store.jpg\",\"contentUrl\":\"https:\\\/\\\/revolutionpadelstore.com\\\/wp-content\\\/uploads\\\/2026\\\/02\\\/revolution-padel-store.jpg\",\"width\":2000,\"height\":2000,\"caption\":\"Revolution Padel Store\"},\"image\":{\"@id\":\"https:\\\/\\\/revolutionpadelstore.com\\\/en\\\/#\\\/schema\\\/logo\\\/image\\\/\"},\"sameAs\":[\"https:\\\/\\\/www.instagram.com\\\/revolutionpadelstore\\\/\"]}]}<\/script>\n<!-- \/ Yoast SEO plugin. -->","yoast_head_json":{"title":"KOMBAT GALERAS MUJER - Revolution Padel Store","description":"Dise\u00f1ada para brindar una extrema ligereza, f\u00e1cil manejabilidad y alto rendimiento en cada golpe, la pala de p\u00e1del Galeras de Kombat est\u00e1 inspirada en la fuerza del volc\u00e1n Galeras. Presenta una forma de l\u00e1grima, un balance medio y punto dulce centrado, por lo que concede un equilibrio superior entre control y potencia. Se considera una pala muy equilibrada. Gracias al punto dulce medio se consigue una salida de bola sobresaliente, mientras que el balance intermedio distribuye el peso uniformemente para una mejor manejabilidad.","robots":{"index":"index","follow":"follow","max-snippet":"max-snippet:-1","max-image-preview":"max-image-preview:large","max-video-preview":"max-video-preview:-1"},"canonical":"https:\/\/revolutionpadelstore.com\/en\/kombat-galeras-mujer-2\/","og_locale":"en_US","og_type":"article","og_title":"KOMBAT GALERAS MUJER - Revolution Padel Store","og_description":"Dise\u00f1ada para brindar una extrema ligereza, f\u00e1cil manejabilidad y alto rendimiento en cada golpe, la pala de p\u00e1del Galeras de Kombat est\u00e1 inspirada en la fuerza del volc\u00e1n Galeras. Presenta una forma de l\u00e1grima, un balance medio y punto dulce centrado, por lo que concede un equilibrio superior entre control y potencia. Se considera una pala muy equilibrada. Gracias al punto dulce medio se consigue una salida de bola sobresaliente, mientras que el balance intermedio distribuye el peso uniformemente para una mejor manejabilidad.","og_url":"https:\/\/revolutionpadelstore.com\/en\/kombat-galeras-mujer-2\/","og_site_name":"Revolution Padel Store","article_modified_time":"2026-04-01T04:51:35+00:00","og_image":[{"width":1500,"height":1500,"url":"https:\/\/revolutionpadelstore.com\/wp-content\/uploads\/2024\/11\/115023_pala_kombat_galeras_1500x1500_1_19bf.webp","type":"image\/webp"}],"twitter_card":"summary_large_image","twitter_misc":{"Est. reading time":"2 minutes"},"schema":{"@context":"https:\/\/schema.org","@graph":[{"@type":"WebPage","@id":"https:\/\/revolutionpadelstore.com\/en\/kombat-galeras-mujer-2\/","url":"https:\/\/revolutionpadelstore.com\/en\/kombat-galeras-mujer-2\/","name":"KOMBAT GALERAS MUJER - Revolution Padel Store","isPartOf":{"@id":"https:\/\/revolutionpadelstore.com\/en\/#website"},"primaryImageOfPage":{"@id":"https:\/\/revolutionpadelstore.com\/en\/kombat-galeras-mujer-2\/#primaryimage"},"image":{"@id":"https:\/\/revolutionpadelstore.com\/en\/kombat-galeras-mujer-2\/#primaryimage"},"thumbnailUrl":"https:\/\/revolutionpadelstore.com\/wp-content\/uploads\/2024\/11\/115023_pala_kombat_galeras_1500x1500_1_19bf.webp","datePublished":"2024-11-23T11:02:11+00:00","dateModified":"2026-04-01T04:51:35+00:00","description":"Dise\u00f1ada para brindar una extrema ligereza, f\u00e1cil manejabilidad y alto rendimiento en cada golpe, la pala de p\u00e1del Galeras de Kombat est\u00e1 inspirada en la fuerza del volc\u00e1n Galeras. Presenta una forma de l\u00e1grima, un balance medio y punto dulce centrado, por lo que concede un equilibrio superior entre control y potencia. Se considera una pala muy equilibrada. Gracias al punto dulce medio se consigue una salida de bola sobresaliente, mientras que el balance intermedio distribuye el peso uniformemente para una mejor manejabilidad.","breadcrumb":{"@id":"https:\/\/revolutionpadelstore.com\/en\/kombat-galeras-mujer-2\/#breadcrumb"},"inLanguage":"en-US","potentialAction":[{"@type":"ReadAction","target":["https:\/\/revolutionpadelstore.com\/en\/kombat-galeras-mujer-2\/"]}]},{"@type":"ImageObject","inLanguage":"en-US","@id":"https:\/\/revolutionpadelstore.com\/en\/kombat-galeras-mujer-2\/#primaryimage","url":"https:\/\/revolutionpadelstore.com\/wp-content\/uploads\/2024\/11\/115023_pala_kombat_galeras_1500x1500_1_19bf.webp","contentUrl":"https:\/\/revolutionpadelstore.com\/wp-content\/uploads\/2024\/11\/115023_pala_kombat_galeras_1500x1500_1_19bf.webp","width":1500,"height":1500},{"@type":"BreadcrumbList","@id":"https:\/\/revolutionpadelstore.com\/en\/kombat-galeras-mujer-2\/#breadcrumb","itemListElement":[{"@type":"ListItem","position":1,"name":"Portada","item":"https:\/\/revolutionpadelstore.com\/en\/"},{"@type":"ListItem","position":2,"name":"Shop","item":"https:\/\/revolutionpadelstore.com\/en\/shop\/"},{"@type":"ListItem","position":3,"name":"KOMBAT GALERAS MUJER"}]},{"@type":"WebSite","@id":"https:\/\/revolutionpadelstore.com\/en\/#website","url":"https:\/\/revolutionpadelstore.com\/en\/","name":"Revolution Padel Store","description":"","publisher":{"@id":"https:\/\/revolutionpadelstore.com\/en\/#organization"},"potentialAction":[{"@type":"SearchAction","target":{"@type":"EntryPoint","urlTemplate":"https:\/\/revolutionpadelstore.com\/en\/?s={search_term_string}"},"query-input":{"@type":"PropertyValueSpecification","valueRequired":true,"valueName":"search_term_string"}}],"inLanguage":"en-US"},{"@type":"Organization","@id":"https:\/\/revolutionpadelstore.com\/en\/#organization","name":"Revolution Padel Store","url":"https:\/\/revolutionpadelstore.com\/en\/","logo":{"@type":"ImageObject","inLanguage":"en-US","@id":"https:\/\/revolutionpadelstore.com\/en\/#\/schema\/logo\/image\/","url":"https:\/\/revolutionpadelstore.com\/wp-content\/uploads\/2026\/02\/revolution-padel-store.jpg","contentUrl":"https:\/\/revolutionpadelstore.com\/wp-content\/uploads\/2026\/02\/revolution-padel-store.jpg","width":2000,"height":2000,"caption":"Revolution Padel Store"},"image":{"@id":"https:\/\/revolutionpadelstore.com\/en\/#\/schema\/logo\/image\/"},"sameAs":["https:\/\/www.instagram.com\/revolutionpadelstore\/"]}]}},"_links":{"self":[{"href":"https:\/\/revolutionpadelstore.com\/en\/wp-json\/wp\/v2\/product\/125226","targetHints":{"allow":["GET"]}}],"collection":[{"href":"https:\/\/revolutionpadelstore.com\/en\/wp-json\/wp\/v2\/product"}],"about":[{"href":"https:\/\/revolutionpadelstore.com\/en\/wp-json\/wp\/v2\/types\/product"}],"replies":[{"embeddable":true,"href":"https:\/\/revolutionpadelstore.com\/en\/wp-json\/wp\/v2\/comments?post=125226"}],"wp:featuredmedia":[{"embeddable":true,"href":"https:\/\/revolutionpadelstore.com\/en\/wp-json\/wp\/v2\/media\/125197"}],"wp:attachment":[{"href":"https:\/\/revolutionpadelstore.com\/en\/wp-json\/wp\/v2\/media?parent=125226"}],"wp:term":[{"taxonomy":"acabado","embeddable":true,"href":"https:\/\/revolutionpadelstore.com\/en\/wp-json\/wp\/v2\/acabado?post=125226"},{"taxonomy":"balance","embeddable":true,"href":"https:\/\/revolutionpadelstore.com\/en\/wp-json\/wp\/v2\/balance?post=125226"},{"taxonomy":"dureza","embeddable":true,"href":"https:\/\/revolutionpadelstore.com\/en\/wp-json\/wp\/v2\/dureza?post=125226"},{"taxonomy":"forma","embeddable":true,"href":"https:\/\/revolutionpadelstore.com\/en\/wp-json\/wp\/v2\/forma?post=125226"},{"taxonomy":"jugador","embeddable":true,"href":"https:\/\/revolutionpadelstore.com\/en\/wp-json\/wp\/v2\/jugador?post=125226"},{"taxonomy":"marca","embeddable":true,"href":"https:\/\/revolutionpadelstore.com\/en\/wp-json\/wp\/v2\/marca?post=125226"},{"taxonomy":"nivel-de-juego","embeddable":true,"href":"https:\/\/revolutionpadelstore.com\/en\/wp-json\/wp\/v2\/nivel-de-juego?post=125226"},{"taxonomy":"superficie","embeddable":true,"href":"https:\/\/revolutionpadelstore.com\/en\/wp-json\/wp\/v2\/superficie?post=125226"},{"taxonomy":"tipo-de-juego","embeddable":true,"href":"https:\/\/revolutionpadelstore.com\/en\/wp-json\/wp\/v2\/tipo-de-juego?post=125226"},{"taxonomy":"product_brand","embeddable":true,"href":"https:\/\/revolutionpadelstore.com\/en\/wp-json\/wp\/v2\/product_brand?post=125226"},{"taxonomy":"product_cat","embeddable":true,"href":"https:\/\/revolutionpadelstore.com\/en\/wp-json\/wp\/v2\/product_cat?post=125226"},{"taxonomy":"product_tag","embeddable":true,"href":"https:\/\/revolutionpadelstore.com\/en\/wp-json\/wp\/v2\/product_tag?post=125226"}],"curies":[{"name":"wp","href":"https:\/\/api.w.org\/{rel}","templated":true}]}}