{"id":125190,"date":"2024-11-23T11:51:43","date_gmt":"2024-11-23T10:51:43","guid":{"rendered":"https:\/\/revolutionpadelstore.com\/kombat-krakatoa\/"},"modified":"2026-04-01T06:52:00","modified_gmt":"2026-04-01T04:52:00","slug":"kombat-krakatoa","status":"publish","type":"product","link":"https:\/\/revolutionpadelstore.com\/en\/kombat-krakatoa\/","title":{"rendered":"KOMBAT KRAKATOA"},"content":{"rendered":"<h2> Kombat Krakatoa, Round Padel Pala<br \/>\nThe <strong> Kombat Krakatoa <\/strong> is a shovel of <strong> mold <\/strong> <strong> round <\/strong> which stands out within the Vulcano collection, inspired by the power and stability of the Krakatoa volcano. Designed to provide absolute control in each blow, this shovel combines precision and agility, offering a perfectly centered sweet area. With a balance oriented towards the handle, thanks to its innovative pattern of holes, the kombat krakatoa provides exceptionally comfortable handling. If you are looking for a shovel that offers precision at each point and stability in the game, the Krakatoa is designed for you.<\/p>\n<h2> Kombat Krakatoa for control players <\/ h2><br \/>\nThe <strong> Kombat Krakatoa <\/strong> is an idea <strong> l for players who value control <\/strong> on power. Perfect for those who are starting in the paddle or for amateur players who prefer a technical and precise approach. The shovel offers incomparable comfort, without sacrificing the necessary power at key moments of the game. Thanks to its Black Eva nucleus of medium hardness, it allows a balance between the soft touch and the rapid response, providing a great sensation in each blow. With a versatile design, it adapts to both new players and those who seek to perfect their style.<\/p>\n<h2> Kombat Krakatoa and its characteristics <\/ h2><\/p>\n<p style=\"padding-left: 40px\">-form: <strong> round <\/strong> with low balance. <\/p>\n<p><P> <strong> -nucole <\/strong>: Black <strong> eva <\/strong> of <strong> average hardness <\/strong>. <\/p>\n<p style=\"padding-left: 40px\">-tubular: 100% carbon fiber. <\/p>\n<p style=\"padding-left: 40px\">-plane: <strong> carbon 12k <\/strong> rough. <\/p>\n<p style=\"padding-left: 40px\">-finish: brightness\/mate <\/p>\n<p style=\"padding-left: 40px\">-power: 8\/10 <\/p>\n<p style=\"padding-left: 40px\">-control: 10\/10 <\/p>\n<p style=\"padding-left: 40px\">-ball output: 9\/10 <\/p>\n<p><H2> KOMBAT KRAKATOA AVAILABLE IN REVOLUTION PADEL STORE <\/H2><br \/>\nDo not miss the opportunity to take your game to the next level with the <strong> Kombat Krakatoa <\/strong>. Your superior design and control will help you master each point. Buy yours now and improve your precision on the track!<\/p>\n<h2>Kombat Krakatoa, pala de p\u00e1del redonda colecci\u00f3n 2025<\/h2>\n","protected":false},"excerpt":{"rendered":"<p>The Krakatoa Kombat offers superior control thanks to its round design and centered sweet zone, ideal for technical players that prioritize precision.<\/p>\n","protected":false},"featured_media":125161,"comment_status":"open","ping_status":"closed","template":"","meta":{"_acf_changed":false,"_joinchat":[]},"acabado":[1093],"balance":[1148],"dureza":[1158],"forma":[1183],"jugador":[1193,1203],"marca":[1701],"nivel-de-juego":[1338,1343],"superficie":[1363],"tipo-de-juego":[1373],"product_brand":[],"product_cat":[303],"product_tag":[],"class_list":{"0":"post-125190","1":"product","2":"type-product","3":"status-publish","4":"has-post-thumbnail","6":"acabado-relieve-3d-en","7":"balance-bajo-en","8":"dureza-media-en","9":"forma-redonda-en","10":"jugador-hombre-en","11":"jugador-multipurpose","12":"marca-kombat-en","13":"superficie-rugosa-en","14":"tipo-de-juego-control-en","15":"product_cat-palas","17":"first","18":"instock","19":"taxable","20":"shipping-taxable","21":"purchasable","22":"product-type-simple"},"acf":[],"yoast_head":"<!-- This site is optimized with the Yoast SEO plugin v27.3 - https:\/\/yoast.com\/product\/yoast-seo-wordpress\/ -->\n<title>KOMBAT KRAKATOA - Revolution Padel Store<\/title>\n<meta name=\"description\" content=\"La Kombat Krakatoa es una pala de molde redondo que destaca dentro de la colecci\u00f3n Vulcano, inspirada en la potencia y estabilidad del volc\u00e1n Krakatoa. Dise\u00f1ada para proporcionar un control absoluto en cada golpe, esta pala combina precisi\u00f3n y agilidad, ofreciendo una zona dulce perfectamente centrada. Con un balance orientado hacia la empu\u00f1adura, gracias a su innovador patr\u00f3n de agujeros, la Kombat Krakatoa proporciona un manejo excepcionalmente c\u00f3modo. Si buscas una pala que ofrezca precisi\u00f3n en cada punto y estabilidad en el juego, la Krakatoa est\u00e1 pensada para ti.\" \/>\n<meta name=\"robots\" content=\"index, follow, max-snippet:-1, max-image-preview:large, max-video-preview:-1\" \/>\n<link rel=\"canonical\" href=\"https:\/\/revolutionpadelstore.com\/en\/kombat-krakatoa\/\" \/>\n<meta property=\"og:locale\" content=\"en_US\" \/>\n<meta property=\"og:type\" content=\"article\" \/>\n<meta property=\"og:title\" content=\"KOMBAT KRAKATOA - Revolution Padel Store\" \/>\n<meta property=\"og:description\" content=\"La Kombat Krakatoa es una pala de molde redondo que destaca dentro de la colecci\u00f3n Vulcano, inspirada en la potencia y estabilidad del volc\u00e1n Krakatoa. Dise\u00f1ada para proporcionar un control absoluto en cada golpe, esta pala combina precisi\u00f3n y agilidad, ofreciendo una zona dulce perfectamente centrada. Con un balance orientado hacia la empu\u00f1adura, gracias a su innovador patr\u00f3n de agujeros, la Kombat Krakatoa proporciona un manejo excepcionalmente c\u00f3modo. Si buscas una pala que ofrezca precisi\u00f3n en cada punto y estabilidad en el juego, la Krakatoa est\u00e1 pensada para ti.\" \/>\n<meta property=\"og:url\" content=\"https:\/\/revolutionpadelstore.com\/en\/kombat-krakatoa\/\" \/>\n<meta property=\"og:site_name\" content=\"Revolution Padel Store\" \/>\n<meta property=\"article:modified_time\" content=\"2026-04-01T04:52:00+00:00\" \/>\n<meta property=\"og:image\" content=\"https:\/\/revolutionpadelstore.com\/wp-content\/uploads\/2024\/11\/115024_pala_kombat_krakatoa_1500x1500_1_7937.webp\" \/>\n\t<meta property=\"og:image:width\" content=\"1500\" \/>\n\t<meta property=\"og:image:height\" content=\"1500\" \/>\n\t<meta property=\"og:image:type\" content=\"image\/webp\" \/>\n<meta name=\"twitter:card\" content=\"summary_large_image\" \/>\n<meta name=\"twitter:label1\" content=\"Est. reading time\" \/>\n\t<meta name=\"twitter:data1\" content=\"2 minutes\" \/>\n<script type=\"application\/ld+json\" class=\"yoast-schema-graph\">{\"@context\":\"https:\\\/\\\/schema.org\",\"@graph\":[{\"@type\":\"WebPage\",\"@id\":\"https:\\\/\\\/revolutionpadelstore.com\\\/en\\\/kombat-krakatoa\\\/\",\"url\":\"https:\\\/\\\/revolutionpadelstore.com\\\/en\\\/kombat-krakatoa\\\/\",\"name\":\"KOMBAT KRAKATOA - Revolution Padel Store\",\"isPartOf\":{\"@id\":\"https:\\\/\\\/revolutionpadelstore.com\\\/en\\\/#website\"},\"primaryImageOfPage\":{\"@id\":\"https:\\\/\\\/revolutionpadelstore.com\\\/en\\\/kombat-krakatoa\\\/#primaryimage\"},\"image\":{\"@id\":\"https:\\\/\\\/revolutionpadelstore.com\\\/en\\\/kombat-krakatoa\\\/#primaryimage\"},\"thumbnailUrl\":\"https:\\\/\\\/revolutionpadelstore.com\\\/wp-content\\\/uploads\\\/2024\\\/11\\\/115024_pala_kombat_krakatoa_1500x1500_1_7937.webp\",\"datePublished\":\"2024-11-23T10:51:43+00:00\",\"dateModified\":\"2026-04-01T04:52:00+00:00\",\"description\":\"La Kombat Krakatoa es una pala de molde redondo que destaca dentro de la colecci\u00f3n Vulcano, inspirada en la potencia y estabilidad del volc\u00e1n Krakatoa. Dise\u00f1ada para proporcionar un control absoluto en cada golpe, esta pala combina precisi\u00f3n y agilidad, ofreciendo una zona dulce perfectamente centrada. Con un balance orientado hacia la empu\u00f1adura, gracias a su innovador patr\u00f3n de agujeros, la Kombat Krakatoa proporciona un manejo excepcionalmente c\u00f3modo. Si buscas una pala que ofrezca precisi\u00f3n en cada punto y estabilidad en el juego, la Krakatoa est\u00e1 pensada para ti.\",\"breadcrumb\":{\"@id\":\"https:\\\/\\\/revolutionpadelstore.com\\\/en\\\/kombat-krakatoa\\\/#breadcrumb\"},\"inLanguage\":\"en-US\",\"potentialAction\":[{\"@type\":\"ReadAction\",\"target\":[\"https:\\\/\\\/revolutionpadelstore.com\\\/en\\\/kombat-krakatoa\\\/\"]}]},{\"@type\":\"ImageObject\",\"inLanguage\":\"en-US\",\"@id\":\"https:\\\/\\\/revolutionpadelstore.com\\\/en\\\/kombat-krakatoa\\\/#primaryimage\",\"url\":\"https:\\\/\\\/revolutionpadelstore.com\\\/wp-content\\\/uploads\\\/2024\\\/11\\\/115024_pala_kombat_krakatoa_1500x1500_1_7937.webp\",\"contentUrl\":\"https:\\\/\\\/revolutionpadelstore.com\\\/wp-content\\\/uploads\\\/2024\\\/11\\\/115024_pala_kombat_krakatoa_1500x1500_1_7937.webp\",\"width\":1500,\"height\":1500},{\"@type\":\"BreadcrumbList\",\"@id\":\"https:\\\/\\\/revolutionpadelstore.com\\\/en\\\/kombat-krakatoa\\\/#breadcrumb\",\"itemListElement\":[{\"@type\":\"ListItem\",\"position\":1,\"name\":\"Portada\",\"item\":\"https:\\\/\\\/revolutionpadelstore.com\\\/en\\\/\"},{\"@type\":\"ListItem\",\"position\":2,\"name\":\"Shop\",\"item\":\"https:\\\/\\\/revolutionpadelstore.com\\\/en\\\/shop\\\/\"},{\"@type\":\"ListItem\",\"position\":3,\"name\":\"KOMBAT KRAKATOA\"}]},{\"@type\":\"WebSite\",\"@id\":\"https:\\\/\\\/revolutionpadelstore.com\\\/en\\\/#website\",\"url\":\"https:\\\/\\\/revolutionpadelstore.com\\\/en\\\/\",\"name\":\"Revolution Padel Store\",\"description\":\"\",\"publisher\":{\"@id\":\"https:\\\/\\\/revolutionpadelstore.com\\\/en\\\/#organization\"},\"potentialAction\":[{\"@type\":\"SearchAction\",\"target\":{\"@type\":\"EntryPoint\",\"urlTemplate\":\"https:\\\/\\\/revolutionpadelstore.com\\\/en\\\/?s={search_term_string}\"},\"query-input\":{\"@type\":\"PropertyValueSpecification\",\"valueRequired\":true,\"valueName\":\"search_term_string\"}}],\"inLanguage\":\"en-US\"},{\"@type\":\"Organization\",\"@id\":\"https:\\\/\\\/revolutionpadelstore.com\\\/en\\\/#organization\",\"name\":\"Revolution Padel Store\",\"url\":\"https:\\\/\\\/revolutionpadelstore.com\\\/en\\\/\",\"logo\":{\"@type\":\"ImageObject\",\"inLanguage\":\"en-US\",\"@id\":\"https:\\\/\\\/revolutionpadelstore.com\\\/en\\\/#\\\/schema\\\/logo\\\/image\\\/\",\"url\":\"https:\\\/\\\/revolutionpadelstore.com\\\/wp-content\\\/uploads\\\/2026\\\/02\\\/revolution-padel-store.jpg\",\"contentUrl\":\"https:\\\/\\\/revolutionpadelstore.com\\\/wp-content\\\/uploads\\\/2026\\\/02\\\/revolution-padel-store.jpg\",\"width\":2000,\"height\":2000,\"caption\":\"Revolution Padel Store\"},\"image\":{\"@id\":\"https:\\\/\\\/revolutionpadelstore.com\\\/en\\\/#\\\/schema\\\/logo\\\/image\\\/\"},\"sameAs\":[\"https:\\\/\\\/www.instagram.com\\\/revolutionpadelstore\\\/\"]}]}<\/script>\n<!-- \/ Yoast SEO plugin. -->","yoast_head_json":{"title":"KOMBAT KRAKATOA - Revolution Padel Store","description":"La Kombat Krakatoa es una pala de molde redondo que destaca dentro de la colecci\u00f3n Vulcano, inspirada en la potencia y estabilidad del volc\u00e1n Krakatoa. Dise\u00f1ada para proporcionar un control absoluto en cada golpe, esta pala combina precisi\u00f3n y agilidad, ofreciendo una zona dulce perfectamente centrada. Con un balance orientado hacia la empu\u00f1adura, gracias a su innovador patr\u00f3n de agujeros, la Kombat Krakatoa proporciona un manejo excepcionalmente c\u00f3modo. Si buscas una pala que ofrezca precisi\u00f3n en cada punto y estabilidad en el juego, la Krakatoa est\u00e1 pensada para ti.","robots":{"index":"index","follow":"follow","max-snippet":"max-snippet:-1","max-image-preview":"max-image-preview:large","max-video-preview":"max-video-preview:-1"},"canonical":"https:\/\/revolutionpadelstore.com\/en\/kombat-krakatoa\/","og_locale":"en_US","og_type":"article","og_title":"KOMBAT KRAKATOA - Revolution Padel Store","og_description":"La Kombat Krakatoa es una pala de molde redondo que destaca dentro de la colecci\u00f3n Vulcano, inspirada en la potencia y estabilidad del volc\u00e1n Krakatoa. Dise\u00f1ada para proporcionar un control absoluto en cada golpe, esta pala combina precisi\u00f3n y agilidad, ofreciendo una zona dulce perfectamente centrada. Con un balance orientado hacia la empu\u00f1adura, gracias a su innovador patr\u00f3n de agujeros, la Kombat Krakatoa proporciona un manejo excepcionalmente c\u00f3modo. Si buscas una pala que ofrezca precisi\u00f3n en cada punto y estabilidad en el juego, la Krakatoa est\u00e1 pensada para ti.","og_url":"https:\/\/revolutionpadelstore.com\/en\/kombat-krakatoa\/","og_site_name":"Revolution Padel Store","article_modified_time":"2026-04-01T04:52:00+00:00","og_image":[{"width":1500,"height":1500,"url":"https:\/\/revolutionpadelstore.com\/wp-content\/uploads\/2024\/11\/115024_pala_kombat_krakatoa_1500x1500_1_7937.webp","type":"image\/webp"}],"twitter_card":"summary_large_image","twitter_misc":{"Est. reading time":"2 minutes"},"schema":{"@context":"https:\/\/schema.org","@graph":[{"@type":"WebPage","@id":"https:\/\/revolutionpadelstore.com\/en\/kombat-krakatoa\/","url":"https:\/\/revolutionpadelstore.com\/en\/kombat-krakatoa\/","name":"KOMBAT KRAKATOA - Revolution Padel Store","isPartOf":{"@id":"https:\/\/revolutionpadelstore.com\/en\/#website"},"primaryImageOfPage":{"@id":"https:\/\/revolutionpadelstore.com\/en\/kombat-krakatoa\/#primaryimage"},"image":{"@id":"https:\/\/revolutionpadelstore.com\/en\/kombat-krakatoa\/#primaryimage"},"thumbnailUrl":"https:\/\/revolutionpadelstore.com\/wp-content\/uploads\/2024\/11\/115024_pala_kombat_krakatoa_1500x1500_1_7937.webp","datePublished":"2024-11-23T10:51:43+00:00","dateModified":"2026-04-01T04:52:00+00:00","description":"La Kombat Krakatoa es una pala de molde redondo que destaca dentro de la colecci\u00f3n Vulcano, inspirada en la potencia y estabilidad del volc\u00e1n Krakatoa. Dise\u00f1ada para proporcionar un control absoluto en cada golpe, esta pala combina precisi\u00f3n y agilidad, ofreciendo una zona dulce perfectamente centrada. Con un balance orientado hacia la empu\u00f1adura, gracias a su innovador patr\u00f3n de agujeros, la Kombat Krakatoa proporciona un manejo excepcionalmente c\u00f3modo. Si buscas una pala que ofrezca precisi\u00f3n en cada punto y estabilidad en el juego, la Krakatoa est\u00e1 pensada para ti.","breadcrumb":{"@id":"https:\/\/revolutionpadelstore.com\/en\/kombat-krakatoa\/#breadcrumb"},"inLanguage":"en-US","potentialAction":[{"@type":"ReadAction","target":["https:\/\/revolutionpadelstore.com\/en\/kombat-krakatoa\/"]}]},{"@type":"ImageObject","inLanguage":"en-US","@id":"https:\/\/revolutionpadelstore.com\/en\/kombat-krakatoa\/#primaryimage","url":"https:\/\/revolutionpadelstore.com\/wp-content\/uploads\/2024\/11\/115024_pala_kombat_krakatoa_1500x1500_1_7937.webp","contentUrl":"https:\/\/revolutionpadelstore.com\/wp-content\/uploads\/2024\/11\/115024_pala_kombat_krakatoa_1500x1500_1_7937.webp","width":1500,"height":1500},{"@type":"BreadcrumbList","@id":"https:\/\/revolutionpadelstore.com\/en\/kombat-krakatoa\/#breadcrumb","itemListElement":[{"@type":"ListItem","position":1,"name":"Portada","item":"https:\/\/revolutionpadelstore.com\/en\/"},{"@type":"ListItem","position":2,"name":"Shop","item":"https:\/\/revolutionpadelstore.com\/en\/shop\/"},{"@type":"ListItem","position":3,"name":"KOMBAT KRAKATOA"}]},{"@type":"WebSite","@id":"https:\/\/revolutionpadelstore.com\/en\/#website","url":"https:\/\/revolutionpadelstore.com\/en\/","name":"Revolution Padel Store","description":"","publisher":{"@id":"https:\/\/revolutionpadelstore.com\/en\/#organization"},"potentialAction":[{"@type":"SearchAction","target":{"@type":"EntryPoint","urlTemplate":"https:\/\/revolutionpadelstore.com\/en\/?s={search_term_string}"},"query-input":{"@type":"PropertyValueSpecification","valueRequired":true,"valueName":"search_term_string"}}],"inLanguage":"en-US"},{"@type":"Organization","@id":"https:\/\/revolutionpadelstore.com\/en\/#organization","name":"Revolution Padel Store","url":"https:\/\/revolutionpadelstore.com\/en\/","logo":{"@type":"ImageObject","inLanguage":"en-US","@id":"https:\/\/revolutionpadelstore.com\/en\/#\/schema\/logo\/image\/","url":"https:\/\/revolutionpadelstore.com\/wp-content\/uploads\/2026\/02\/revolution-padel-store.jpg","contentUrl":"https:\/\/revolutionpadelstore.com\/wp-content\/uploads\/2026\/02\/revolution-padel-store.jpg","width":2000,"height":2000,"caption":"Revolution Padel Store"},"image":{"@id":"https:\/\/revolutionpadelstore.com\/en\/#\/schema\/logo\/image\/"},"sameAs":["https:\/\/www.instagram.com\/revolutionpadelstore\/"]}]}},"_links":{"self":[{"href":"https:\/\/revolutionpadelstore.com\/en\/wp-json\/wp\/v2\/product\/125190","targetHints":{"allow":["GET"]}}],"collection":[{"href":"https:\/\/revolutionpadelstore.com\/en\/wp-json\/wp\/v2\/product"}],"about":[{"href":"https:\/\/revolutionpadelstore.com\/en\/wp-json\/wp\/v2\/types\/product"}],"replies":[{"embeddable":true,"href":"https:\/\/revolutionpadelstore.com\/en\/wp-json\/wp\/v2\/comments?post=125190"}],"wp:featuredmedia":[{"embeddable":true,"href":"https:\/\/revolutionpadelstore.com\/en\/wp-json\/wp\/v2\/media\/125161"}],"wp:attachment":[{"href":"https:\/\/revolutionpadelstore.com\/en\/wp-json\/wp\/v2\/media?parent=125190"}],"wp:term":[{"taxonomy":"acabado","embeddable":true,"href":"https:\/\/revolutionpadelstore.com\/en\/wp-json\/wp\/v2\/acabado?post=125190"},{"taxonomy":"balance","embeddable":true,"href":"https:\/\/revolutionpadelstore.com\/en\/wp-json\/wp\/v2\/balance?post=125190"},{"taxonomy":"dureza","embeddable":true,"href":"https:\/\/revolutionpadelstore.com\/en\/wp-json\/wp\/v2\/dureza?post=125190"},{"taxonomy":"forma","embeddable":true,"href":"https:\/\/revolutionpadelstore.com\/en\/wp-json\/wp\/v2\/forma?post=125190"},{"taxonomy":"jugador","embeddable":true,"href":"https:\/\/revolutionpadelstore.com\/en\/wp-json\/wp\/v2\/jugador?post=125190"},{"taxonomy":"marca","embeddable":true,"href":"https:\/\/revolutionpadelstore.com\/en\/wp-json\/wp\/v2\/marca?post=125190"},{"taxonomy":"nivel-de-juego","embeddable":true,"href":"https:\/\/revolutionpadelstore.com\/en\/wp-json\/wp\/v2\/nivel-de-juego?post=125190"},{"taxonomy":"superficie","embeddable":true,"href":"https:\/\/revolutionpadelstore.com\/en\/wp-json\/wp\/v2\/superficie?post=125190"},{"taxonomy":"tipo-de-juego","embeddable":true,"href":"https:\/\/revolutionpadelstore.com\/en\/wp-json\/wp\/v2\/tipo-de-juego?post=125190"},{"taxonomy":"product_brand","embeddable":true,"href":"https:\/\/revolutionpadelstore.com\/en\/wp-json\/wp\/v2\/product_brand?post=125190"},{"taxonomy":"product_cat","embeddable":true,"href":"https:\/\/revolutionpadelstore.com\/en\/wp-json\/wp\/v2\/product_cat?post=125190"},{"taxonomy":"product_tag","embeddable":true,"href":"https:\/\/revolutionpadelstore.com\/en\/wp-json\/wp\/v2\/product_tag?post=125190"}],"curies":[{"name":"wp","href":"https:\/\/api.w.org\/{rel}","templated":true}]}}